{"id":107399,"date":"2026-02-19T20:12:10","date_gmt":"2026-02-19T20:12:10","guid":{"rendered":"https:\/\/lovme.pt\/?post_type=product&p=107399"},"modified":"2026-02-20T04:01:26","modified_gmt":"2026-02-20T04:01:26","slug":"hot-spray-de-limpeza-bio-150-ml","status":"publish","type":"product","link":"https:\/\/lovme.pt\/index.php\/produto\/hot-spray-de-limpeza-bio-150-ml\/","title":{"rendered":"HOT &#8211; SPRAY DE LIMPEZA BIO 150 ML"},"content":{"rendered":"<div class=\"product-description\">\n<p>&#8220;Proteja seu corpo  limpe seus brinquedos!&#8221; Este spray de limpeza \u00e9 a solu\u00e7\u00e3o perfeita para limpar completamente brinquedos e bonecas er\u00f3ticas.<\/p>\n<p>Com este spray, voc\u00ea alcan\u00e7a os mais altos n\u00edveis de higiene e limpeza. Sua f\u00f3rmula balanceada garante o uso seguro em todos os materiais comuns. Este agente de limpeza biodegrad\u00e1vel e vegano proporciona uma limpeza suave e eficaz, cuidando da sua sa\u00fade e da durabilidade dos seus acess\u00f3rios \u00edntimos.<\/p>\n<p>Ideal para quem valoriza ingredientes naturais e produtos de higiene sustent\u00e1veis. Com esta solu\u00e7\u00e3o de limpeza de alta qualidade, voc\u00ea garante que seus acess\u00f3rios estejam sempre limpos e prontos para uso.<\/p>\n<p><strong><u>Aplica\u00e7\u00e3o:<\/u><\/strong> \u00c9 importante limpar bem seu brinquedo er\u00f3tico antes do primeiro uso. Ele limpa e conserva vibradores, bolas de prazer, bonecas, materiais como borracha, vidro, l\u00e1tex, silicone, metal e muito mais!<\/p>\n<p>Antes e depois de cada utiliza\u00e7\u00e3o: Limpe bem o seu brinquedo sexual e deixe a solu\u00e7\u00e3o agir por pelo menos 30 segundos. Em seguida, seque-o bem com uma toalha ou enx\u00e1gue abundantemente com \u00e1gua. 1 ml (1 dose) \u00e9 suficiente para cada 5 cm\u00b2 de \u00e1rea de aplica\u00e7\u00e3o.<\/p>\n<p><strong><u><span style=\"text-decoration: underline;\">CARACTER\u00cdSTICAS<\/span><\/u><\/strong><\/p>\n<ul>\n<li><strong>Compatibilidade universal:<\/strong> Seguro para uso em silicone, l\u00e1tex, vidro, metal e borracha.<\/li>\n<li><strong>F\u00f3rmula natural:<\/strong> Sem \u00e1lcool e enriquecida com extrato de semente de toranja.<\/li>\n<li><strong>Sustent\u00e1vel:<\/strong> Produto biodegrad\u00e1vel e 100% vegano.<\/li>\n<li><strong>Alta Higiene:<\/strong> Remove eficazmente os res\u00edduos e prolonga a vida \u00fatil dos produtos \u00edntimos.<\/li>\n<li><strong>Volume:<\/strong> 150ml \/ 5,1 fl.oz.<\/li>\n<\/ul>\n<p><strong><u>INGREDIENTES<\/u><\/strong><\/p>\n<p>\u00c1gua, Caprilil\/Capril Glucos\u00eddeo, \u00c1lcool Benz\u00edlico, Glicerina, \u00c1cido Benzoico, \u00c1cido S\u00f3rbico, Extrato de Semente de Citrus Paradisi (Toranja).<\/p>\n<\/div>\n","protected":false},"excerpt":{"rendered":"<p>HOT &#8211; SPRAY DE LIMPEZA BIO 150 ML<\/p>\n","protected":false},"featured_media":107400,"template":"","meta":{"_acf_changed":false},"product_brand":[],"product_cat":[49,55,88],"product_tag":[],"class_list":{"0":"post-107399","1":"product","2":"type-product","3":"status-publish","4":"has-post-thumbnail","6":"product_cat-cosmeticos","7":"product_cat-cuidado-de-brinquedos","8":"product_cat-novidades","9":"yith_product_brand-hot","11":"first","12":"instock","13":"taxable","14":"shipping-taxable","15":"purchasable","16":"product-type-simple"},"acf":[],"yoast_head":"<!-- This site is optimized with the Yoast SEO plugin v27.3 - https:\/\/yoast.com\/product\/yoast-seo-wordpress\/ -->\n<title>HOT - SPRAY DE LIMPEZA BIO 150 ML - Lovme<\/title>\n<meta name=\"robots\" content=\"index, follow, max-snippet:-1, max-image-preview:large, max-video-preview:-1\" \/>\n<link rel=\"canonical\" href=\"https:\/\/lovme.pt\/index.php\/produto\/hot-spray-de-limpeza-bio-150-ml\/\" \/>\n<meta property=\"og:locale\" content=\"pt_PT\" \/>\n<meta property=\"og:type\" content=\"article\" \/>\n<meta property=\"og:title\" content=\"HOT - SPRAY DE LIMPEZA BIO 150 ML - Lovme\" \/>\n<meta property=\"og:description\" content=\"HOT - SPRAY DE LIMPEZA BIO 150 ML\" \/>\n<meta property=\"og:url\" content=\"https:\/\/lovme.pt\/index.php\/produto\/hot-spray-de-limpeza-bio-150-ml\/\" \/>\n<meta property=\"og:site_name\" content=\"Lovme\" \/>\n<meta property=\"article:modified_time\" content=\"2026-02-20T04:01:26+00:00\" \/>\n<meta property=\"og:image\" content=\"https:\/\/erki24nd3ub.exactdn.com\/wp-content\/uploads\/dream\/img\/img_220635_ea97d8c96151ddab3ea4e15879f44f93_1.jpg?strip=all\" \/>\n\t<meta property=\"og:image:width\" content=\"900\" \/>\n\t<meta property=\"og:image:height\" content=\"900\" \/>\n\t<meta property=\"og:image:type\" content=\"image\/jpeg\" \/>\n<meta name=\"twitter:card\" content=\"summary_large_image\" \/>\n<meta name=\"twitter:label1\" content=\"Tempo estimado de leitura\" \/>\n\t<meta name=\"twitter:data1\" content=\"1 minuto\" \/>\n<script type=\"application\/ld+json\" class=\"yoast-schema-graph\">{\"@context\":\"https:\\\/\\\/schema.org\",\"@graph\":[{\"@type\":\"WebPage\",\"@id\":\"https:\\\/\\\/lovme.pt\\\/index.php\\\/produto\\\/hot-spray-de-limpeza-bio-150-ml\\\/\",\"url\":\"https:\\\/\\\/lovme.pt\\\/index.php\\\/produto\\\/hot-spray-de-limpeza-bio-150-ml\\\/\",\"name\":\"HOT - SPRAY DE LIMPEZA BIO 150 ML - Lovme\",\"isPartOf\":{\"@id\":\"https:\\\/\\\/lovme.pt\\\/#website\"},\"primaryImageOfPage\":{\"@id\":\"https:\\\/\\\/lovme.pt\\\/index.php\\\/produto\\\/hot-spray-de-limpeza-bio-150-ml\\\/#primaryimage\"},\"image\":{\"@id\":\"https:\\\/\\\/lovme.pt\\\/index.php\\\/produto\\\/hot-spray-de-limpeza-bio-150-ml\\\/#primaryimage\"},\"thumbnailUrl\":\"https:\\\/\\\/erki24nd3ub.exactdn.com\\\/wp-content\\\/uploads\\\/dream\\\/img\\\/img_220635_ea97d8c96151ddab3ea4e15879f44f93_1.jpg?strip=all\",\"datePublished\":\"2026-02-19T20:12:10+00:00\",\"dateModified\":\"2026-02-20T04:01:26+00:00\",\"breadcrumb\":{\"@id\":\"https:\\\/\\\/lovme.pt\\\/index.php\\\/produto\\\/hot-spray-de-limpeza-bio-150-ml\\\/#breadcrumb\"},\"inLanguage\":\"pt-PT\",\"potentialAction\":[{\"@type\":\"ReadAction\",\"target\":[\"https:\\\/\\\/lovme.pt\\\/index.php\\\/produto\\\/hot-spray-de-limpeza-bio-150-ml\\\/\"]}]},{\"@type\":\"ImageObject\",\"inLanguage\":\"pt-PT\",\"@id\":\"https:\\\/\\\/lovme.pt\\\/index.php\\\/produto\\\/hot-spray-de-limpeza-bio-150-ml\\\/#primaryimage\",\"url\":\"https:\\\/\\\/erki24nd3ub.exactdn.com\\\/wp-content\\\/uploads\\\/dream\\\/img\\\/img_220635_ea97d8c96151ddab3ea4e15879f44f93_1.jpg?strip=all\",\"contentUrl\":\"https:\\\/\\\/erki24nd3ub.exactdn.com\\\/wp-content\\\/uploads\\\/dream\\\/img\\\/img_220635_ea97d8c96151ddab3ea4e15879f44f93_1.jpg?strip=all\",\"width\":900,\"height\":900},{\"@type\":\"BreadcrumbList\",\"@id\":\"https:\\\/\\\/lovme.pt\\\/index.php\\\/produto\\\/hot-spray-de-limpeza-bio-150-ml\\\/#breadcrumb\",\"itemListElement\":[{\"@type\":\"ListItem\",\"position\":1,\"name\":\"In\u00edcio\",\"item\":\"https:\\\/\\\/lovme.pt\\\/\"},{\"@type\":\"ListItem\",\"position\":2,\"name\":\"Loja\",\"item\":\"https:\\\/\\\/lovme.pt\\\/index.php\\\/loja\\\/\"},{\"@type\":\"ListItem\",\"position\":3,\"name\":\"HOT &#8211; SPRAY DE LIMPEZA BIO 150 ML\"}]},{\"@type\":\"WebSite\",\"@id\":\"https:\\\/\\\/lovme.pt\\\/#website\",\"url\":\"https:\\\/\\\/lovme.pt\\\/\",\"name\":\"Lovme Loja Er\u00f3tica N\u00ba1 em Portugal\",\"description\":\"A melhor loja er\u00f3tica de Portugal.\",\"alternateName\":\"Loja Er\u00f3tica Lovme\",\"potentialAction\":[{\"@type\":\"SearchAction\",\"target\":{\"@type\":\"EntryPoint\",\"urlTemplate\":\"https:\\\/\\\/lovme.pt\\\/?s={search_term_string}\"},\"query-input\":{\"@type\":\"PropertyValueSpecification\",\"valueRequired\":true,\"valueName\":\"search_term_string\"}}],\"inLanguage\":\"pt-PT\"}]}<\/script>\n<!-- \/ Yoast SEO plugin. -->","yoast_head_json":{"title":"HOT - SPRAY DE LIMPEZA BIO 150 ML - Lovme","robots":{"index":"index","follow":"follow","max-snippet":"max-snippet:-1","max-image-preview":"max-image-preview:large","max-video-preview":"max-video-preview:-1"},"canonical":"https:\/\/lovme.pt\/index.php\/produto\/hot-spray-de-limpeza-bio-150-ml\/","og_locale":"pt_PT","og_type":"article","og_title":"HOT - SPRAY DE LIMPEZA BIO 150 ML - Lovme","og_description":"HOT - SPRAY DE LIMPEZA BIO 150 ML","og_url":"https:\/\/lovme.pt\/index.php\/produto\/hot-spray-de-limpeza-bio-150-ml\/","og_site_name":"Lovme","article_modified_time":"2026-02-20T04:01:26+00:00","og_image":[{"width":900,"height":900,"url":"https:\/\/erki24nd3ub.exactdn.com\/wp-content\/uploads\/dream\/img\/img_220635_ea97d8c96151ddab3ea4e15879f44f93_1.jpg?strip=all","type":"image\/jpeg"}],"twitter_card":"summary_large_image","twitter_misc":{"Tempo estimado de leitura":"1 minuto"},"schema":{"@context":"https:\/\/schema.org","@graph":[{"@type":"WebPage","@id":"https:\/\/lovme.pt\/index.php\/produto\/hot-spray-de-limpeza-bio-150-ml\/","url":"https:\/\/lovme.pt\/index.php\/produto\/hot-spray-de-limpeza-bio-150-ml\/","name":"HOT - SPRAY DE LIMPEZA BIO 150 ML - Lovme","isPartOf":{"@id":"https:\/\/lovme.pt\/#website"},"primaryImageOfPage":{"@id":"https:\/\/lovme.pt\/index.php\/produto\/hot-spray-de-limpeza-bio-150-ml\/#primaryimage"},"image":{"@id":"https:\/\/lovme.pt\/index.php\/produto\/hot-spray-de-limpeza-bio-150-ml\/#primaryimage"},"thumbnailUrl":"https:\/\/erki24nd3ub.exactdn.com\/wp-content\/uploads\/dream\/img\/img_220635_ea97d8c96151ddab3ea4e15879f44f93_1.jpg?strip=all","datePublished":"2026-02-19T20:12:10+00:00","dateModified":"2026-02-20T04:01:26+00:00","breadcrumb":{"@id":"https:\/\/lovme.pt\/index.php\/produto\/hot-spray-de-limpeza-bio-150-ml\/#breadcrumb"},"inLanguage":"pt-PT","potentialAction":[{"@type":"ReadAction","target":["https:\/\/lovme.pt\/index.php\/produto\/hot-spray-de-limpeza-bio-150-ml\/"]}]},{"@type":"ImageObject","inLanguage":"pt-PT","@id":"https:\/\/lovme.pt\/index.php\/produto\/hot-spray-de-limpeza-bio-150-ml\/#primaryimage","url":"https:\/\/erki24nd3ub.exactdn.com\/wp-content\/uploads\/dream\/img\/img_220635_ea97d8c96151ddab3ea4e15879f44f93_1.jpg?strip=all","contentUrl":"https:\/\/erki24nd3ub.exactdn.com\/wp-content\/uploads\/dream\/img\/img_220635_ea97d8c96151ddab3ea4e15879f44f93_1.jpg?strip=all","width":900,"height":900},{"@type":"BreadcrumbList","@id":"https:\/\/lovme.pt\/index.php\/produto\/hot-spray-de-limpeza-bio-150-ml\/#breadcrumb","itemListElement":[{"@type":"ListItem","position":1,"name":"In\u00edcio","item":"https:\/\/lovme.pt\/"},{"@type":"ListItem","position":2,"name":"Loja","item":"https:\/\/lovme.pt\/index.php\/loja\/"},{"@type":"ListItem","position":3,"name":"HOT &#8211; SPRAY DE LIMPEZA BIO 150 ML"}]},{"@type":"WebSite","@id":"https:\/\/lovme.pt\/#website","url":"https:\/\/lovme.pt\/","name":"Lovme Loja Er\u00f3tica N\u00ba1 em Portugal","description":"A melhor loja er\u00f3tica de Portugal.","alternateName":"Loja Er\u00f3tica Lovme","potentialAction":[{"@type":"SearchAction","target":{"@type":"EntryPoint","urlTemplate":"https:\/\/lovme.pt\/?s={search_term_string}"},"query-input":{"@type":"PropertyValueSpecification","valueRequired":true,"valueName":"search_term_string"}}],"inLanguage":"pt-PT"}]}},"_links":{"self":[{"href":"https:\/\/lovme.pt\/index.php\/wp-json\/wp\/v2\/product\/107399","targetHints":{"allow":["GET"]}}],"collection":[{"href":"https:\/\/lovme.pt\/index.php\/wp-json\/wp\/v2\/product"}],"about":[{"href":"https:\/\/lovme.pt\/index.php\/wp-json\/wp\/v2\/types\/product"}],"wp:featuredmedia":[{"embeddable":true,"href":"https:\/\/lovme.pt\/index.php\/wp-json\/wp\/v2\/media\/107400"}],"wp:attachment":[{"href":"https:\/\/lovme.pt\/index.php\/wp-json\/wp\/v2\/media?parent=107399"}],"wp:term":[{"taxonomy":"product_brand","embeddable":true,"href":"https:\/\/lovme.pt\/index.php\/wp-json\/wp\/v2\/product_brand?post=107399"},{"taxonomy":"product_cat","embeddable":true,"href":"https:\/\/lovme.pt\/index.php\/wp-json\/wp\/v2\/product_cat?post=107399"},{"taxonomy":"product_tag","embeddable":true,"href":"https:\/\/lovme.pt\/index.php\/wp-json\/wp\/v2\/product_tag?post=107399"}],"curies":[{"name":"wp","href":"https:\/\/api.w.org\/{rel}","templated":true}]}}