{"id":107384,"date":"2026-02-19T20:11:40","date_gmt":"2026-02-19T20:11:40","guid":{"rendered":"https:\/\/lovme.pt\/?post_type=product&p=107384"},"modified":"2026-02-20T04:01:25","modified_gmt":"2026-02-20T04:01:25","slug":"hot-anal-superglide-lubrificante-aquecedor-liquido-a-base-de-agua-100-ml","status":"publish","type":"product","link":"https:\/\/lovme.pt\/index.php\/produto\/hot-anal-superglide-lubrificante-aquecedor-liquido-a-base-de-agua-100-ml\/","title":{"rendered":"HOT &#8211; ANAL SUPERGLIDE LUBRIFICANTE AQUECEDOR L\u00cdQUIDO \u00c0 BASE DE \u00c1GUA 100 ML"},"content":{"rendered":"<div class=\"product-description\">\n<p>Prazer l\u00edquido!<\/p>\n<p>Experimente um lubrificante de alt\u00edssima qualidade com efeito aquecedor, especialmente desenvolvido para atender aos mais altos padr\u00f5es de intimidade. Sua f\u00f3rmula avan\u00e7ada proporciona uma suave sensa\u00e7\u00e3o t\u00e9rmica que aumenta a sensibilidade e o conforto.<\/p>\n<p><strong><u><span style=\"text-decoration: underline;\">CARACTER\u00cdSTICAS<\/span><\/u><\/strong><\/p>\n<ul>\n<li><strong>Efeito de aquecimento:<\/strong> Proporciona uma agrad\u00e1vel sensa\u00e7\u00e3o t\u00e9rmica para uma experi\u00eancia mais intensa.<\/li>\n<li><strong>Qualidade Premium:<\/strong> F\u00f3rmula de alta qualidade desenvolvida para um deslizamento superior e duradouro.<\/li>\n<li><strong>Textura suave:<\/strong> Perfeita para quem busca o m\u00e1ximo conforto em seus momentos mais \u00edntimos.<\/li>\n<li><strong>F\u00e1cil de limpar:<\/strong> F\u00f3rmula \u00e0 base de \u00e1gua que se remove facilmente sem deixar res\u00edduos pegajosos.<\/li>\n<\/ul>\n<p><strong><u>INGREDIENTES<\/u><\/strong><\/p>\n<p>\u00c1gua, Glicerina, Propilenoglicol, Bis-PEG-18 \u00c9ter Met\u00edlico Dimetil Silano, Goma Xantana, \u00c9ter But\u00edlico de Vanilil, Extrato da Folha de Rosmarinus Officinalis (Alecrim), P\u00f3 de Chondrus Crispus, Gluconato de S\u00f3dio, \u00c1cido C\u00edtrico, BHT, Benzoato de S\u00f3dio, Sorbato de Pot\u00e1ssio.<\/p>\n<\/div>\n","protected":false},"excerpt":{"rendered":"<p>HOT &#8211; ANAL SUPERGLIDE LUBRIFICANTE AQUECEDOR L\u00cdQUIDO \u00c0 BASE DE \u00c1GUA 100 ML<\/p>\n","protected":false},"featured_media":107385,"template":"","meta":{"_acf_changed":false},"product_brand":[],"product_cat":[49,53],"product_tag":[],"class_list":{"0":"post-107384","1":"product","2":"type-product","3":"status-publish","4":"has-post-thumbnail","6":"product_cat-cosmeticos","7":"product_cat-lubrificantes-intimos","8":"yith_product_brand-hot","10":"first","11":"instock","12":"taxable","13":"shipping-taxable","14":"purchasable","15":"product-type-simple"},"acf":[],"yoast_head":"<!-- This site is optimized with the Yoast SEO plugin v27.4 - https:\/\/yoast.com\/product\/yoast-seo-wordpress\/ -->\n<title>HOT - ANAL SUPERGLIDE LUBRIFICANTE AQUECEDOR L\u00cdQUIDO \u00c0 BASE DE \u00c1GUA 100 ML - Lovme<\/title>\n<meta name=\"robots\" content=\"index, follow, max-snippet:-1, max-image-preview:large, max-video-preview:-1\" \/>\n<link rel=\"canonical\" href=\"https:\/\/lovme.pt\/index.php\/produto\/hot-anal-superglide-lubrificante-aquecedor-liquido-a-base-de-agua-100-ml\/\" \/>\n<meta property=\"og:locale\" content=\"pt_PT\" \/>\n<meta property=\"og:type\" content=\"article\" \/>\n<meta property=\"og:title\" content=\"HOT - ANAL SUPERGLIDE LUBRIFICANTE AQUECEDOR L\u00cdQUIDO \u00c0 BASE DE \u00c1GUA 100 ML - Lovme\" \/>\n<meta property=\"og:description\" content=\"HOT - ANAL SUPERGLIDE LUBRIFICANTE AQUECEDOR L\u00cdQUIDO \u00c0 BASE DE \u00c1GUA 100 ML\" \/>\n<meta property=\"og:url\" content=\"https:\/\/lovme.pt\/index.php\/produto\/hot-anal-superglide-lubrificante-aquecedor-liquido-a-base-de-agua-100-ml\/\" \/>\n<meta property=\"og:site_name\" content=\"Lovme\" \/>\n<meta property=\"article:modified_time\" content=\"2026-02-20T04:01:25+00:00\" \/>\n<meta property=\"og:image\" content=\"https:\/\/erki24nd3ub.exactdn.com\/wp-content\/uploads\/dream\/img\/img_220633_1cde420709dd429e060b6a51d19680e9_1.jpg?strip=all\" \/>\n\t<meta property=\"og:image:width\" content=\"900\" \/>\n\t<meta property=\"og:image:height\" content=\"900\" \/>\n\t<meta property=\"og:image:type\" content=\"image\/jpeg\" \/>\n<meta name=\"twitter:card\" content=\"summary_large_image\" \/>\n<meta name=\"twitter:label1\" content=\"Tempo estimado de leitura\" \/>\n\t<meta name=\"twitter:data1\" content=\"1 minuto\" \/>\n<script type=\"application\/ld+json\" class=\"yoast-schema-graph\">{\"@context\":\"https:\\\/\\\/schema.org\",\"@graph\":[{\"@type\":\"WebPage\",\"@id\":\"https:\\\/\\\/lovme.pt\\\/index.php\\\/produto\\\/hot-anal-superglide-lubrificante-aquecedor-liquido-a-base-de-agua-100-ml\\\/\",\"url\":\"https:\\\/\\\/lovme.pt\\\/index.php\\\/produto\\\/hot-anal-superglide-lubrificante-aquecedor-liquido-a-base-de-agua-100-ml\\\/\",\"name\":\"HOT - ANAL SUPERGLIDE LUBRIFICANTE AQUECEDOR L\u00cdQUIDO \u00c0 BASE DE \u00c1GUA 100 ML - Lovme\",\"isPartOf\":{\"@id\":\"https:\\\/\\\/lovme.pt\\\/#website\"},\"primaryImageOfPage\":{\"@id\":\"https:\\\/\\\/lovme.pt\\\/index.php\\\/produto\\\/hot-anal-superglide-lubrificante-aquecedor-liquido-a-base-de-agua-100-ml\\\/#primaryimage\"},\"image\":{\"@id\":\"https:\\\/\\\/lovme.pt\\\/index.php\\\/produto\\\/hot-anal-superglide-lubrificante-aquecedor-liquido-a-base-de-agua-100-ml\\\/#primaryimage\"},\"thumbnailUrl\":\"https:\\\/\\\/erki24nd3ub.exactdn.com\\\/wp-content\\\/uploads\\\/dream\\\/img\\\/img_220633_1cde420709dd429e060b6a51d19680e9_1.jpg?strip=all\",\"datePublished\":\"2026-02-19T20:11:40+00:00\",\"dateModified\":\"2026-02-20T04:01:25+00:00\",\"breadcrumb\":{\"@id\":\"https:\\\/\\\/lovme.pt\\\/index.php\\\/produto\\\/hot-anal-superglide-lubrificante-aquecedor-liquido-a-base-de-agua-100-ml\\\/#breadcrumb\"},\"inLanguage\":\"pt-PT\",\"potentialAction\":[{\"@type\":\"ReadAction\",\"target\":[\"https:\\\/\\\/lovme.pt\\\/index.php\\\/produto\\\/hot-anal-superglide-lubrificante-aquecedor-liquido-a-base-de-agua-100-ml\\\/\"]}]},{\"@type\":\"ImageObject\",\"inLanguage\":\"pt-PT\",\"@id\":\"https:\\\/\\\/lovme.pt\\\/index.php\\\/produto\\\/hot-anal-superglide-lubrificante-aquecedor-liquido-a-base-de-agua-100-ml\\\/#primaryimage\",\"url\":\"https:\\\/\\\/erki24nd3ub.exactdn.com\\\/wp-content\\\/uploads\\\/dream\\\/img\\\/img_220633_1cde420709dd429e060b6a51d19680e9_1.jpg?strip=all\",\"contentUrl\":\"https:\\\/\\\/erki24nd3ub.exactdn.com\\\/wp-content\\\/uploads\\\/dream\\\/img\\\/img_220633_1cde420709dd429e060b6a51d19680e9_1.jpg?strip=all\",\"width\":900,\"height\":900},{\"@type\":\"BreadcrumbList\",\"@id\":\"https:\\\/\\\/lovme.pt\\\/index.php\\\/produto\\\/hot-anal-superglide-lubrificante-aquecedor-liquido-a-base-de-agua-100-ml\\\/#breadcrumb\",\"itemListElement\":[{\"@type\":\"ListItem\",\"position\":1,\"name\":\"In\u00edcio\",\"item\":\"https:\\\/\\\/lovme.pt\\\/\"},{\"@type\":\"ListItem\",\"position\":2,\"name\":\"Loja\",\"item\":\"https:\\\/\\\/lovme.pt\\\/index.php\\\/loja\\\/\"},{\"@type\":\"ListItem\",\"position\":3,\"name\":\"HOT &#8211; ANAL SUPERGLIDE LUBRIFICANTE AQUECEDOR L\u00cdQUIDO \u00c0 BASE DE \u00c1GUA 100 ML\"}]},{\"@type\":\"WebSite\",\"@id\":\"https:\\\/\\\/lovme.pt\\\/#website\",\"url\":\"https:\\\/\\\/lovme.pt\\\/\",\"name\":\"Lovme Loja Er\u00f3tica N\u00ba1 em Portugal\",\"description\":\"A melhor loja er\u00f3tica de Portugal.\",\"alternateName\":\"Loja Er\u00f3tica Lovme\",\"potentialAction\":[{\"@type\":\"SearchAction\",\"target\":{\"@type\":\"EntryPoint\",\"urlTemplate\":\"https:\\\/\\\/lovme.pt\\\/?s={search_term_string}\"},\"query-input\":{\"@type\":\"PropertyValueSpecification\",\"valueRequired\":true,\"valueName\":\"search_term_string\"}}],\"inLanguage\":\"pt-PT\"}]}<\/script>\n<!-- \/ Yoast SEO plugin. -->","yoast_head_json":{"title":"HOT - ANAL SUPERGLIDE LUBRIFICANTE AQUECEDOR L\u00cdQUIDO \u00c0 BASE DE \u00c1GUA 100 ML - Lovme","robots":{"index":"index","follow":"follow","max-snippet":"max-snippet:-1","max-image-preview":"max-image-preview:large","max-video-preview":"max-video-preview:-1"},"canonical":"https:\/\/lovme.pt\/index.php\/produto\/hot-anal-superglide-lubrificante-aquecedor-liquido-a-base-de-agua-100-ml\/","og_locale":"pt_PT","og_type":"article","og_title":"HOT - ANAL SUPERGLIDE LUBRIFICANTE AQUECEDOR L\u00cdQUIDO \u00c0 BASE DE \u00c1GUA 100 ML - Lovme","og_description":"HOT - ANAL SUPERGLIDE LUBRIFICANTE AQUECEDOR L\u00cdQUIDO \u00c0 BASE DE \u00c1GUA 100 ML","og_url":"https:\/\/lovme.pt\/index.php\/produto\/hot-anal-superglide-lubrificante-aquecedor-liquido-a-base-de-agua-100-ml\/","og_site_name":"Lovme","article_modified_time":"2026-02-20T04:01:25+00:00","og_image":[{"width":900,"height":900,"url":"https:\/\/erki24nd3ub.exactdn.com\/wp-content\/uploads\/dream\/img\/img_220633_1cde420709dd429e060b6a51d19680e9_1.jpg?strip=all","type":"image\/jpeg"}],"twitter_card":"summary_large_image","twitter_misc":{"Tempo estimado de leitura":"1 minuto"},"schema":{"@context":"https:\/\/schema.org","@graph":[{"@type":"WebPage","@id":"https:\/\/lovme.pt\/index.php\/produto\/hot-anal-superglide-lubrificante-aquecedor-liquido-a-base-de-agua-100-ml\/","url":"https:\/\/lovme.pt\/index.php\/produto\/hot-anal-superglide-lubrificante-aquecedor-liquido-a-base-de-agua-100-ml\/","name":"HOT - ANAL SUPERGLIDE LUBRIFICANTE AQUECEDOR L\u00cdQUIDO \u00c0 BASE DE \u00c1GUA 100 ML - Lovme","isPartOf":{"@id":"https:\/\/lovme.pt\/#website"},"primaryImageOfPage":{"@id":"https:\/\/lovme.pt\/index.php\/produto\/hot-anal-superglide-lubrificante-aquecedor-liquido-a-base-de-agua-100-ml\/#primaryimage"},"image":{"@id":"https:\/\/lovme.pt\/index.php\/produto\/hot-anal-superglide-lubrificante-aquecedor-liquido-a-base-de-agua-100-ml\/#primaryimage"},"thumbnailUrl":"https:\/\/erki24nd3ub.exactdn.com\/wp-content\/uploads\/dream\/img\/img_220633_1cde420709dd429e060b6a51d19680e9_1.jpg?strip=all","datePublished":"2026-02-19T20:11:40+00:00","dateModified":"2026-02-20T04:01:25+00:00","breadcrumb":{"@id":"https:\/\/lovme.pt\/index.php\/produto\/hot-anal-superglide-lubrificante-aquecedor-liquido-a-base-de-agua-100-ml\/#breadcrumb"},"inLanguage":"pt-PT","potentialAction":[{"@type":"ReadAction","target":["https:\/\/lovme.pt\/index.php\/produto\/hot-anal-superglide-lubrificante-aquecedor-liquido-a-base-de-agua-100-ml\/"]}]},{"@type":"ImageObject","inLanguage":"pt-PT","@id":"https:\/\/lovme.pt\/index.php\/produto\/hot-anal-superglide-lubrificante-aquecedor-liquido-a-base-de-agua-100-ml\/#primaryimage","url":"https:\/\/erki24nd3ub.exactdn.com\/wp-content\/uploads\/dream\/img\/img_220633_1cde420709dd429e060b6a51d19680e9_1.jpg?strip=all","contentUrl":"https:\/\/erki24nd3ub.exactdn.com\/wp-content\/uploads\/dream\/img\/img_220633_1cde420709dd429e060b6a51d19680e9_1.jpg?strip=all","width":900,"height":900},{"@type":"BreadcrumbList","@id":"https:\/\/lovme.pt\/index.php\/produto\/hot-anal-superglide-lubrificante-aquecedor-liquido-a-base-de-agua-100-ml\/#breadcrumb","itemListElement":[{"@type":"ListItem","position":1,"name":"In\u00edcio","item":"https:\/\/lovme.pt\/"},{"@type":"ListItem","position":2,"name":"Loja","item":"https:\/\/lovme.pt\/index.php\/loja\/"},{"@type":"ListItem","position":3,"name":"HOT &#8211; ANAL SUPERGLIDE LUBRIFICANTE AQUECEDOR L\u00cdQUIDO \u00c0 BASE DE \u00c1GUA 100 ML"}]},{"@type":"WebSite","@id":"https:\/\/lovme.pt\/#website","url":"https:\/\/lovme.pt\/","name":"Lovme Loja Er\u00f3tica N\u00ba1 em Portugal","description":"A melhor loja er\u00f3tica de Portugal.","alternateName":"Loja Er\u00f3tica Lovme","potentialAction":[{"@type":"SearchAction","target":{"@type":"EntryPoint","urlTemplate":"https:\/\/lovme.pt\/?s={search_term_string}"},"query-input":{"@type":"PropertyValueSpecification","valueRequired":true,"valueName":"search_term_string"}}],"inLanguage":"pt-PT"}]}},"_links":{"self":[{"href":"https:\/\/lovme.pt\/index.php\/wp-json\/wp\/v2\/product\/107384","targetHints":{"allow":["GET"]}}],"collection":[{"href":"https:\/\/lovme.pt\/index.php\/wp-json\/wp\/v2\/product"}],"about":[{"href":"https:\/\/lovme.pt\/index.php\/wp-json\/wp\/v2\/types\/product"}],"wp:featuredmedia":[{"embeddable":true,"href":"https:\/\/lovme.pt\/index.php\/wp-json\/wp\/v2\/media\/107385"}],"wp:attachment":[{"href":"https:\/\/lovme.pt\/index.php\/wp-json\/wp\/v2\/media?parent=107384"}],"wp:term":[{"taxonomy":"product_brand","embeddable":true,"href":"https:\/\/lovme.pt\/index.php\/wp-json\/wp\/v2\/product_brand?post=107384"},{"taxonomy":"product_cat","embeddable":true,"href":"https:\/\/lovme.pt\/index.php\/wp-json\/wp\/v2\/product_cat?post=107384"},{"taxonomy":"product_tag","embeddable":true,"href":"https:\/\/lovme.pt\/index.php\/wp-json\/wp\/v2\/product_tag?post=107384"}],"curies":[{"name":"wp","href":"https:\/\/api.w.org\/{rel}","templated":true}]}}