{"id":107372,"date":"2026-02-19T20:11:16","date_gmt":"2026-02-19T20:11:16","guid":{"rendered":"https:\/\/lovme.pt\/?post_type=product&p=107372"},"modified":"2026-02-20T04:01:24","modified_gmt":"2026-02-20T04:01:24","slug":"hot-creme-para-aumentar-o-bumbum-xxl-100-ml","status":"publish","type":"product","link":"https:\/\/lovme.pt\/index.php\/produto\/hot-creme-para-aumentar-o-bumbum-xxl-100-ml\/","title":{"rendered":"HOT &#8211; CREME PARA AUMENTAR O BUMBUM XXL 100 ML"},"content":{"rendered":"<div class=\"product-description\">\n<p>Descubra o poder transformador deste creme especializado, desenvolvido especificamente para estimular e real\u00e7ar a regi\u00e3o dos gl\u00fateos.<\/p>\n<p>Esta f\u00f3rmula exclusiva combina ingredientes ativos cuidadosamente selecionados que cuidam da sua pele com delicadeza. O creme \u00e9 perfeito para uso di\u00e1rio e integra-se facilmente \u00e0 sua rotina de beleza.<\/p>\n<p>Ao aplicar este creme regularmente, especialmente em combina\u00e7\u00e3o com exerc\u00edcios espec\u00edficos para os gl\u00fateos, voc\u00ea pode nutrir e melhorar intensamente a pele. Sua textura rica \u00e9 absorvida rapidamente, deixando uma sensa\u00e7\u00e3o agrad\u00e1vel na pele, sem res\u00edduos pegajosos ou oleosos.<\/p>\n<p>Experimente uma nova dimens\u00e3o de cuidados corporais e apoie a modelagem e firmeza naturais dos seus gl\u00fateos.<\/p>\n<p><strong><u>CARACTER\u00cdSTICAS<\/u><\/strong><\/p>\n<ul>\n<li><strong>Suporte Volumizador:<\/strong> Formulado para auxiliar na modelagem e firmeza natural dos gl\u00fateos.<\/li>\n<li><strong>Nutri\u00e7\u00e3o intensiva:<\/strong> Enriquecido com \u00f3leo de macad\u00e2mia e prote\u00ednas de soja para uma pele saud\u00e1vel.<\/li>\n<li><strong>Absor\u00e7\u00e3o r\u00e1pida:<\/strong> Textura rica, por\u00e9m n\u00e3o oleosa, que n\u00e3o deixa res\u00edduos.<\/li>\n<li><strong>Integra\u00e7\u00e3o di\u00e1ria:<\/strong> Complementa perfeitamente rotinas de exerc\u00edcios e massagens firmadoras.<\/li>\n<li><strong>Volume:<\/strong> 100ml \/ 3,4 fl.oz.<\/li>\n<\/ul>\n<p><strong><u>INGREDIENTES<\/u><\/strong><\/p>\n<p>\u00c1gua, Glicerina, Poliisobuteno Hidrogenado, Olivato de Cetearila, Olivato de Sorbitana, \u00d3leo de Semente de Macadamia Ternifolia, \u00c1lcool Benz\u00edlico, Chondrus Crispus (Carragenina), Perfume (Fragr\u00e2ncia), Goma Xantana, Prote\u00edna de Soja Hidrolisada, \u00c1cido Benzoico, Glicose, \u00c1cido S\u00f3rbico, Hidr\u00f3xido de S\u00f3dio, Fenoxietanol, Extrato da Raiz de Anemarrhena Asphodeloides.<\/p>\n<\/div>\n","protected":false},"excerpt":{"rendered":"<p>HOT &#8211; CREME PARA AUMENTAR O BUMBUM XXL 100 ML<\/p>\n","protected":false},"featured_media":107373,"template":"","meta":{"_acf_changed":false},"product_brand":[],"product_cat":[49,88,51],"product_tag":[],"class_list":{"0":"post-107372","1":"product","2":"type-product","3":"status-publish","4":"has-post-thumbnail","6":"product_cat-cosmeticos","7":"product_cat-novidades","8":"product_cat-oleos-de-massagem","9":"yith_product_brand-hot","11":"first","12":"instock","13":"taxable","14":"shipping-taxable","15":"purchasable","16":"product-type-simple"},"acf":[],"yoast_head":"<!-- This site is optimized with the Yoast SEO plugin v27.4 - https:\/\/yoast.com\/product\/yoast-seo-wordpress\/ -->\n<title>HOT - CREME PARA AUMENTAR O BUMBUM XXL 100 ML - Lovme<\/title>\n<meta name=\"robots\" content=\"index, follow, max-snippet:-1, max-image-preview:large, max-video-preview:-1\" \/>\n<link rel=\"canonical\" href=\"https:\/\/lovme.pt\/index.php\/produto\/hot-creme-para-aumentar-o-bumbum-xxl-100-ml\/\" \/>\n<meta property=\"og:locale\" content=\"pt_PT\" \/>\n<meta property=\"og:type\" content=\"article\" \/>\n<meta property=\"og:title\" content=\"HOT - CREME PARA AUMENTAR O BUMBUM XXL 100 ML - Lovme\" \/>\n<meta property=\"og:description\" content=\"HOT - CREME PARA AUMENTAR O BUMBUM XXL 100 ML\" \/>\n<meta property=\"og:url\" content=\"https:\/\/lovme.pt\/index.php\/produto\/hot-creme-para-aumentar-o-bumbum-xxl-100-ml\/\" \/>\n<meta property=\"og:site_name\" content=\"Lovme\" \/>\n<meta property=\"article:modified_time\" content=\"2026-02-20T04:01:24+00:00\" \/>\n<meta property=\"og:image\" content=\"https:\/\/erki24nd3ub.exactdn.com\/wp-content\/uploads\/dream\/img\/img_220675_f5fe858d4cba1bd548a1a5f34053daf5_1.jpg?strip=all\" \/>\n\t<meta property=\"og:image:width\" content=\"900\" \/>\n\t<meta property=\"og:image:height\" content=\"900\" \/>\n\t<meta property=\"og:image:type\" content=\"image\/jpeg\" \/>\n<meta name=\"twitter:card\" content=\"summary_large_image\" \/>\n<meta name=\"twitter:label1\" content=\"Tempo estimado de leitura\" \/>\n\t<meta name=\"twitter:data1\" content=\"1 minuto\" \/>\n<script type=\"application\/ld+json\" class=\"yoast-schema-graph\">{\"@context\":\"https:\\\/\\\/schema.org\",\"@graph\":[{\"@type\":\"WebPage\",\"@id\":\"https:\\\/\\\/lovme.pt\\\/index.php\\\/produto\\\/hot-creme-para-aumentar-o-bumbum-xxl-100-ml\\\/\",\"url\":\"https:\\\/\\\/lovme.pt\\\/index.php\\\/produto\\\/hot-creme-para-aumentar-o-bumbum-xxl-100-ml\\\/\",\"name\":\"HOT - CREME PARA AUMENTAR O BUMBUM XXL 100 ML - Lovme\",\"isPartOf\":{\"@id\":\"https:\\\/\\\/lovme.pt\\\/#website\"},\"primaryImageOfPage\":{\"@id\":\"https:\\\/\\\/lovme.pt\\\/index.php\\\/produto\\\/hot-creme-para-aumentar-o-bumbum-xxl-100-ml\\\/#primaryimage\"},\"image\":{\"@id\":\"https:\\\/\\\/lovme.pt\\\/index.php\\\/produto\\\/hot-creme-para-aumentar-o-bumbum-xxl-100-ml\\\/#primaryimage\"},\"thumbnailUrl\":\"https:\\\/\\\/erki24nd3ub.exactdn.com\\\/wp-content\\\/uploads\\\/dream\\\/img\\\/img_220675_f5fe858d4cba1bd548a1a5f34053daf5_1.jpg?strip=all\",\"datePublished\":\"2026-02-19T20:11:16+00:00\",\"dateModified\":\"2026-02-20T04:01:24+00:00\",\"breadcrumb\":{\"@id\":\"https:\\\/\\\/lovme.pt\\\/index.php\\\/produto\\\/hot-creme-para-aumentar-o-bumbum-xxl-100-ml\\\/#breadcrumb\"},\"inLanguage\":\"pt-PT\",\"potentialAction\":[{\"@type\":\"ReadAction\",\"target\":[\"https:\\\/\\\/lovme.pt\\\/index.php\\\/produto\\\/hot-creme-para-aumentar-o-bumbum-xxl-100-ml\\\/\"]}]},{\"@type\":\"ImageObject\",\"inLanguage\":\"pt-PT\",\"@id\":\"https:\\\/\\\/lovme.pt\\\/index.php\\\/produto\\\/hot-creme-para-aumentar-o-bumbum-xxl-100-ml\\\/#primaryimage\",\"url\":\"https:\\\/\\\/erki24nd3ub.exactdn.com\\\/wp-content\\\/uploads\\\/dream\\\/img\\\/img_220675_f5fe858d4cba1bd548a1a5f34053daf5_1.jpg?strip=all\",\"contentUrl\":\"https:\\\/\\\/erki24nd3ub.exactdn.com\\\/wp-content\\\/uploads\\\/dream\\\/img\\\/img_220675_f5fe858d4cba1bd548a1a5f34053daf5_1.jpg?strip=all\",\"width\":900,\"height\":900},{\"@type\":\"BreadcrumbList\",\"@id\":\"https:\\\/\\\/lovme.pt\\\/index.php\\\/produto\\\/hot-creme-para-aumentar-o-bumbum-xxl-100-ml\\\/#breadcrumb\",\"itemListElement\":[{\"@type\":\"ListItem\",\"position\":1,\"name\":\"In\u00edcio\",\"item\":\"https:\\\/\\\/lovme.pt\\\/\"},{\"@type\":\"ListItem\",\"position\":2,\"name\":\"Loja\",\"item\":\"https:\\\/\\\/lovme.pt\\\/index.php\\\/loja\\\/\"},{\"@type\":\"ListItem\",\"position\":3,\"name\":\"HOT &#8211; CREME PARA AUMENTAR O BUMBUM XXL 100 ML\"}]},{\"@type\":\"WebSite\",\"@id\":\"https:\\\/\\\/lovme.pt\\\/#website\",\"url\":\"https:\\\/\\\/lovme.pt\\\/\",\"name\":\"Lovme Loja Er\u00f3tica N\u00ba1 em Portugal\",\"description\":\"A melhor loja er\u00f3tica de Portugal.\",\"alternateName\":\"Loja Er\u00f3tica Lovme\",\"potentialAction\":[{\"@type\":\"SearchAction\",\"target\":{\"@type\":\"EntryPoint\",\"urlTemplate\":\"https:\\\/\\\/lovme.pt\\\/?s={search_term_string}\"},\"query-input\":{\"@type\":\"PropertyValueSpecification\",\"valueRequired\":true,\"valueName\":\"search_term_string\"}}],\"inLanguage\":\"pt-PT\"}]}<\/script>\n<!-- \/ Yoast SEO plugin. -->","yoast_head_json":{"title":"HOT - CREME PARA AUMENTAR O BUMBUM XXL 100 ML - Lovme","robots":{"index":"index","follow":"follow","max-snippet":"max-snippet:-1","max-image-preview":"max-image-preview:large","max-video-preview":"max-video-preview:-1"},"canonical":"https:\/\/lovme.pt\/index.php\/produto\/hot-creme-para-aumentar-o-bumbum-xxl-100-ml\/","og_locale":"pt_PT","og_type":"article","og_title":"HOT - CREME PARA AUMENTAR O BUMBUM XXL 100 ML - Lovme","og_description":"HOT - CREME PARA AUMENTAR O BUMBUM XXL 100 ML","og_url":"https:\/\/lovme.pt\/index.php\/produto\/hot-creme-para-aumentar-o-bumbum-xxl-100-ml\/","og_site_name":"Lovme","article_modified_time":"2026-02-20T04:01:24+00:00","og_image":[{"width":900,"height":900,"url":"https:\/\/erki24nd3ub.exactdn.com\/wp-content\/uploads\/dream\/img\/img_220675_f5fe858d4cba1bd548a1a5f34053daf5_1.jpg?strip=all","type":"image\/jpeg"}],"twitter_card":"summary_large_image","twitter_misc":{"Tempo estimado de leitura":"1 minuto"},"schema":{"@context":"https:\/\/schema.org","@graph":[{"@type":"WebPage","@id":"https:\/\/lovme.pt\/index.php\/produto\/hot-creme-para-aumentar-o-bumbum-xxl-100-ml\/","url":"https:\/\/lovme.pt\/index.php\/produto\/hot-creme-para-aumentar-o-bumbum-xxl-100-ml\/","name":"HOT - CREME PARA AUMENTAR O BUMBUM XXL 100 ML - Lovme","isPartOf":{"@id":"https:\/\/lovme.pt\/#website"},"primaryImageOfPage":{"@id":"https:\/\/lovme.pt\/index.php\/produto\/hot-creme-para-aumentar-o-bumbum-xxl-100-ml\/#primaryimage"},"image":{"@id":"https:\/\/lovme.pt\/index.php\/produto\/hot-creme-para-aumentar-o-bumbum-xxl-100-ml\/#primaryimage"},"thumbnailUrl":"https:\/\/erki24nd3ub.exactdn.com\/wp-content\/uploads\/dream\/img\/img_220675_f5fe858d4cba1bd548a1a5f34053daf5_1.jpg?strip=all","datePublished":"2026-02-19T20:11:16+00:00","dateModified":"2026-02-20T04:01:24+00:00","breadcrumb":{"@id":"https:\/\/lovme.pt\/index.php\/produto\/hot-creme-para-aumentar-o-bumbum-xxl-100-ml\/#breadcrumb"},"inLanguage":"pt-PT","potentialAction":[{"@type":"ReadAction","target":["https:\/\/lovme.pt\/index.php\/produto\/hot-creme-para-aumentar-o-bumbum-xxl-100-ml\/"]}]},{"@type":"ImageObject","inLanguage":"pt-PT","@id":"https:\/\/lovme.pt\/index.php\/produto\/hot-creme-para-aumentar-o-bumbum-xxl-100-ml\/#primaryimage","url":"https:\/\/erki24nd3ub.exactdn.com\/wp-content\/uploads\/dream\/img\/img_220675_f5fe858d4cba1bd548a1a5f34053daf5_1.jpg?strip=all","contentUrl":"https:\/\/erki24nd3ub.exactdn.com\/wp-content\/uploads\/dream\/img\/img_220675_f5fe858d4cba1bd548a1a5f34053daf5_1.jpg?strip=all","width":900,"height":900},{"@type":"BreadcrumbList","@id":"https:\/\/lovme.pt\/index.php\/produto\/hot-creme-para-aumentar-o-bumbum-xxl-100-ml\/#breadcrumb","itemListElement":[{"@type":"ListItem","position":1,"name":"In\u00edcio","item":"https:\/\/lovme.pt\/"},{"@type":"ListItem","position":2,"name":"Loja","item":"https:\/\/lovme.pt\/index.php\/loja\/"},{"@type":"ListItem","position":3,"name":"HOT &#8211; CREME PARA AUMENTAR O BUMBUM XXL 100 ML"}]},{"@type":"WebSite","@id":"https:\/\/lovme.pt\/#website","url":"https:\/\/lovme.pt\/","name":"Lovme Loja Er\u00f3tica N\u00ba1 em Portugal","description":"A melhor loja er\u00f3tica de Portugal.","alternateName":"Loja Er\u00f3tica Lovme","potentialAction":[{"@type":"SearchAction","target":{"@type":"EntryPoint","urlTemplate":"https:\/\/lovme.pt\/?s={search_term_string}"},"query-input":{"@type":"PropertyValueSpecification","valueRequired":true,"valueName":"search_term_string"}}],"inLanguage":"pt-PT"}]}},"_links":{"self":[{"href":"https:\/\/lovme.pt\/index.php\/wp-json\/wp\/v2\/product\/107372","targetHints":{"allow":["GET"]}}],"collection":[{"href":"https:\/\/lovme.pt\/index.php\/wp-json\/wp\/v2\/product"}],"about":[{"href":"https:\/\/lovme.pt\/index.php\/wp-json\/wp\/v2\/types\/product"}],"wp:featuredmedia":[{"embeddable":true,"href":"https:\/\/lovme.pt\/index.php\/wp-json\/wp\/v2\/media\/107373"}],"wp:attachment":[{"href":"https:\/\/lovme.pt\/index.php\/wp-json\/wp\/v2\/media?parent=107372"}],"wp:term":[{"taxonomy":"product_brand","embeddable":true,"href":"https:\/\/lovme.pt\/index.php\/wp-json\/wp\/v2\/product_brand?post=107372"},{"taxonomy":"product_cat","embeddable":true,"href":"https:\/\/lovme.pt\/index.php\/wp-json\/wp\/v2\/product_cat?post=107372"},{"taxonomy":"product_tag","embeddable":true,"href":"https:\/\/lovme.pt\/index.php\/wp-json\/wp\/v2\/product_tag?post=107372"}],"curies":[{"name":"wp","href":"https:\/\/api.w.org\/{rel}","templated":true}]}}