{"id":107332,"date":"2026-02-19T20:10:13","date_gmt":"2026-02-19T20:10:13","guid":{"rendered":"https:\/\/lovme.pt\/?post_type=product&p=107332"},"modified":"2026-02-20T04:01:23","modified_gmt":"2026-02-20T04:01:23","slug":"hot-rhino-long-power-cream-30-ml","status":"publish","type":"product","link":"https:\/\/lovme.pt\/index.php\/produto\/hot-rhino-long-power-cream-30-ml\/","title":{"rendered":"HOT &#8211; RHINO LONG POWER CREAM 30 ML"},"content":{"rendered":"<div class=\"product-description\">\n<p>Descubra um creme retardante excepcional para homens, baseado em uma antiga f\u00f3rmula chinesa que tem sido usada h\u00e1 s\u00e9culos para melhorar o desempenho sexual.<\/p>\n<p>Este creme especial cont\u00e9m ginkgo, conhecido por suas propriedades que melhoram a circula\u00e7\u00e3o e fortalecem o corpo, contribuindo para um maior controle e resist\u00eancia. Aplicar o creme antes da rela\u00e7\u00e3o sexual permite que voc\u00ea aproveite seus efeitos duradouros, oferecendo a oportunidade de prolongar a intimidade e recuperar a total confian\u00e7a e o controle sobre suas sensa\u00e7\u00f5es.<\/p>\n<p>Elaborado com ingredientes de alta qualidade, \u00e9 absorvido de forma eficiente para proporcionar um efeito confi\u00e1vel, garantindo que seus momentos mais \u00edntimos sejam t\u00e3o gratificantes e prolongados quanto voc\u00ea desejar.<\/p>\n<p><strong><u>CARACTER\u00cdSTICAS<\/u><\/strong><\/p>\n<ul>\n<li><strong>F\u00f3rmula ancestral chinesa:<\/strong> Mistura de ervas testada pelo tempo para o controle da ejacula\u00e7\u00e3o.<\/li>\n<li><strong>Com infus\u00e3o de Ginkgo:<\/strong> Favorece a melhora da circula\u00e7\u00e3o sangu\u00ednea e aumenta a resist\u00eancia durante a rela\u00e7\u00e3o sexual.<\/li>\n<li><strong>Aumento da resist\u00eancia:<\/strong> Desenvolvido especificamente para ajudar a retardar a ejacula\u00e7\u00e3o e aumentar a autoconfian\u00e7a.<\/li>\n<li><strong>Textura nutritiva:<\/strong> Formulada com \u00f3leo de jojoba e aloe vera para cuidar da pele sens\u00edvel.<\/li>\n<li><strong>Volume:<\/strong> 30ml \/ 1,0 fl.oz.<\/li>\n<\/ul>\n<p><strong><u>INGREDIENTES<\/u><\/strong><\/p>\n<p>\u00c1gua, palmitato de isopropila, laureth-9, suco de folha de Aloe barbadensis em p\u00f3, estearato de poligliceril-3, \u00e1lcool cetoestear\u00edlico, estearato de glicerila, glicerina, estearoil lactilato de s\u00f3dio, dimeticona, propilenoglicol, \u00f3leo de semente de Simmondsia chinensis (jojoba), pantenol, extrato de raiz de Panax ginseng, extrato de folha de Ginkgo biloba, fenoxietanol, hexilenoglicol, acetato de tocoferila, goma xantana, alanto\u00edna, etilhexilglicerina, mentol, \u00e1cido c\u00edtrico, frutose, glicose, dextrina, \u00e1cido l\u00e1tico, sacarose, ureia, sorbato de pot\u00e1ssio, benzoato de s\u00f3dio, alanina, \u00e1cido asp\u00e1rtico, \u00e1cido glut\u00e2mico.<\/p>\n<\/div>\n","protected":false},"excerpt":{"rendered":"<p>HOT &#8211; RHINO LONG POWER CREAM 30 ML<\/p>\n","protected":false},"featured_media":107333,"template":"","meta":{"_acf_changed":false},"product_brand":[],"product_cat":[49,52,88],"product_tag":[],"class_list":{"0":"post-107332","1":"product","2":"type-product","3":"status-publish","4":"has-post-thumbnail","6":"product_cat-cosmeticos","7":"product_cat-estimulantes","8":"product_cat-novidades","9":"yith_product_brand-hot","11":"first","12":"instock","13":"taxable","14":"shipping-taxable","15":"purchasable","16":"product-type-simple"},"acf":[],"yoast_head":"<!-- This site is optimized with the Yoast SEO plugin v27.4 - https:\/\/yoast.com\/product\/yoast-seo-wordpress\/ -->\n<title>HOT - RHINO LONG POWER CREAM 30 ML - Lovme<\/title>\n<meta name=\"robots\" content=\"index, follow, max-snippet:-1, max-image-preview:large, max-video-preview:-1\" \/>\n<link rel=\"canonical\" href=\"https:\/\/lovme.pt\/index.php\/produto\/hot-rhino-long-power-cream-30-ml\/\" \/>\n<meta property=\"og:locale\" content=\"pt_PT\" \/>\n<meta property=\"og:type\" content=\"article\" \/>\n<meta property=\"og:title\" content=\"HOT - RHINO LONG POWER CREAM 30 ML - Lovme\" \/>\n<meta property=\"og:description\" content=\"HOT - RHINO LONG POWER CREAM 30 ML\" \/>\n<meta property=\"og:url\" content=\"https:\/\/lovme.pt\/index.php\/produto\/hot-rhino-long-power-cream-30-ml\/\" \/>\n<meta property=\"og:site_name\" content=\"Lovme\" \/>\n<meta property=\"article:modified_time\" content=\"2026-02-20T04:01:23+00:00\" \/>\n<meta property=\"og:image\" content=\"https:\/\/erki24nd3ub.exactdn.com\/wp-content\/uploads\/dream\/img\/img_220786_2b4f283edfc03f0d46e4192a6e7460bc_1.jpg?strip=all\" \/>\n\t<meta property=\"og:image:width\" content=\"900\" \/>\n\t<meta property=\"og:image:height\" content=\"900\" \/>\n\t<meta property=\"og:image:type\" content=\"image\/jpeg\" \/>\n<meta name=\"twitter:card\" content=\"summary_large_image\" \/>\n<meta name=\"twitter:label1\" content=\"Tempo estimado de leitura\" \/>\n\t<meta name=\"twitter:data1\" content=\"1 minuto\" \/>\n<script type=\"application\/ld+json\" class=\"yoast-schema-graph\">{\"@context\":\"https:\\\/\\\/schema.org\",\"@graph\":[{\"@type\":\"WebPage\",\"@id\":\"https:\\\/\\\/lovme.pt\\\/index.php\\\/produto\\\/hot-rhino-long-power-cream-30-ml\\\/\",\"url\":\"https:\\\/\\\/lovme.pt\\\/index.php\\\/produto\\\/hot-rhino-long-power-cream-30-ml\\\/\",\"name\":\"HOT - RHINO LONG POWER CREAM 30 ML - Lovme\",\"isPartOf\":{\"@id\":\"https:\\\/\\\/lovme.pt\\\/#website\"},\"primaryImageOfPage\":{\"@id\":\"https:\\\/\\\/lovme.pt\\\/index.php\\\/produto\\\/hot-rhino-long-power-cream-30-ml\\\/#primaryimage\"},\"image\":{\"@id\":\"https:\\\/\\\/lovme.pt\\\/index.php\\\/produto\\\/hot-rhino-long-power-cream-30-ml\\\/#primaryimage\"},\"thumbnailUrl\":\"https:\\\/\\\/erki24nd3ub.exactdn.com\\\/wp-content\\\/uploads\\\/dream\\\/img\\\/img_220786_2b4f283edfc03f0d46e4192a6e7460bc_1.jpg?strip=all\",\"datePublished\":\"2026-02-19T20:10:13+00:00\",\"dateModified\":\"2026-02-20T04:01:23+00:00\",\"breadcrumb\":{\"@id\":\"https:\\\/\\\/lovme.pt\\\/index.php\\\/produto\\\/hot-rhino-long-power-cream-30-ml\\\/#breadcrumb\"},\"inLanguage\":\"pt-PT\",\"potentialAction\":[{\"@type\":\"ReadAction\",\"target\":[\"https:\\\/\\\/lovme.pt\\\/index.php\\\/produto\\\/hot-rhino-long-power-cream-30-ml\\\/\"]}]},{\"@type\":\"ImageObject\",\"inLanguage\":\"pt-PT\",\"@id\":\"https:\\\/\\\/lovme.pt\\\/index.php\\\/produto\\\/hot-rhino-long-power-cream-30-ml\\\/#primaryimage\",\"url\":\"https:\\\/\\\/erki24nd3ub.exactdn.com\\\/wp-content\\\/uploads\\\/dream\\\/img\\\/img_220786_2b4f283edfc03f0d46e4192a6e7460bc_1.jpg?strip=all\",\"contentUrl\":\"https:\\\/\\\/erki24nd3ub.exactdn.com\\\/wp-content\\\/uploads\\\/dream\\\/img\\\/img_220786_2b4f283edfc03f0d46e4192a6e7460bc_1.jpg?strip=all\",\"width\":900,\"height\":900},{\"@type\":\"BreadcrumbList\",\"@id\":\"https:\\\/\\\/lovme.pt\\\/index.php\\\/produto\\\/hot-rhino-long-power-cream-30-ml\\\/#breadcrumb\",\"itemListElement\":[{\"@type\":\"ListItem\",\"position\":1,\"name\":\"In\u00edcio\",\"item\":\"https:\\\/\\\/lovme.pt\\\/\"},{\"@type\":\"ListItem\",\"position\":2,\"name\":\"Loja\",\"item\":\"https:\\\/\\\/lovme.pt\\\/index.php\\\/loja\\\/\"},{\"@type\":\"ListItem\",\"position\":3,\"name\":\"HOT &#8211; RHINO LONG POWER CREAM 30 ML\"}]},{\"@type\":\"WebSite\",\"@id\":\"https:\\\/\\\/lovme.pt\\\/#website\",\"url\":\"https:\\\/\\\/lovme.pt\\\/\",\"name\":\"Lovme Loja Er\u00f3tica N\u00ba1 em Portugal\",\"description\":\"A melhor loja er\u00f3tica de Portugal.\",\"alternateName\":\"Loja Er\u00f3tica Lovme\",\"potentialAction\":[{\"@type\":\"SearchAction\",\"target\":{\"@type\":\"EntryPoint\",\"urlTemplate\":\"https:\\\/\\\/lovme.pt\\\/?s={search_term_string}\"},\"query-input\":{\"@type\":\"PropertyValueSpecification\",\"valueRequired\":true,\"valueName\":\"search_term_string\"}}],\"inLanguage\":\"pt-PT\"}]}<\/script>\n<!-- \/ Yoast SEO plugin. -->","yoast_head_json":{"title":"HOT - RHINO LONG POWER CREAM 30 ML - Lovme","robots":{"index":"index","follow":"follow","max-snippet":"max-snippet:-1","max-image-preview":"max-image-preview:large","max-video-preview":"max-video-preview:-1"},"canonical":"https:\/\/lovme.pt\/index.php\/produto\/hot-rhino-long-power-cream-30-ml\/","og_locale":"pt_PT","og_type":"article","og_title":"HOT - RHINO LONG POWER CREAM 30 ML - Lovme","og_description":"HOT - RHINO LONG POWER CREAM 30 ML","og_url":"https:\/\/lovme.pt\/index.php\/produto\/hot-rhino-long-power-cream-30-ml\/","og_site_name":"Lovme","article_modified_time":"2026-02-20T04:01:23+00:00","og_image":[{"width":900,"height":900,"url":"https:\/\/erki24nd3ub.exactdn.com\/wp-content\/uploads\/dream\/img\/img_220786_2b4f283edfc03f0d46e4192a6e7460bc_1.jpg?strip=all","type":"image\/jpeg"}],"twitter_card":"summary_large_image","twitter_misc":{"Tempo estimado de leitura":"1 minuto"},"schema":{"@context":"https:\/\/schema.org","@graph":[{"@type":"WebPage","@id":"https:\/\/lovme.pt\/index.php\/produto\/hot-rhino-long-power-cream-30-ml\/","url":"https:\/\/lovme.pt\/index.php\/produto\/hot-rhino-long-power-cream-30-ml\/","name":"HOT - RHINO LONG POWER CREAM 30 ML - Lovme","isPartOf":{"@id":"https:\/\/lovme.pt\/#website"},"primaryImageOfPage":{"@id":"https:\/\/lovme.pt\/index.php\/produto\/hot-rhino-long-power-cream-30-ml\/#primaryimage"},"image":{"@id":"https:\/\/lovme.pt\/index.php\/produto\/hot-rhino-long-power-cream-30-ml\/#primaryimage"},"thumbnailUrl":"https:\/\/erki24nd3ub.exactdn.com\/wp-content\/uploads\/dream\/img\/img_220786_2b4f283edfc03f0d46e4192a6e7460bc_1.jpg?strip=all","datePublished":"2026-02-19T20:10:13+00:00","dateModified":"2026-02-20T04:01:23+00:00","breadcrumb":{"@id":"https:\/\/lovme.pt\/index.php\/produto\/hot-rhino-long-power-cream-30-ml\/#breadcrumb"},"inLanguage":"pt-PT","potentialAction":[{"@type":"ReadAction","target":["https:\/\/lovme.pt\/index.php\/produto\/hot-rhino-long-power-cream-30-ml\/"]}]},{"@type":"ImageObject","inLanguage":"pt-PT","@id":"https:\/\/lovme.pt\/index.php\/produto\/hot-rhino-long-power-cream-30-ml\/#primaryimage","url":"https:\/\/erki24nd3ub.exactdn.com\/wp-content\/uploads\/dream\/img\/img_220786_2b4f283edfc03f0d46e4192a6e7460bc_1.jpg?strip=all","contentUrl":"https:\/\/erki24nd3ub.exactdn.com\/wp-content\/uploads\/dream\/img\/img_220786_2b4f283edfc03f0d46e4192a6e7460bc_1.jpg?strip=all","width":900,"height":900},{"@type":"BreadcrumbList","@id":"https:\/\/lovme.pt\/index.php\/produto\/hot-rhino-long-power-cream-30-ml\/#breadcrumb","itemListElement":[{"@type":"ListItem","position":1,"name":"In\u00edcio","item":"https:\/\/lovme.pt\/"},{"@type":"ListItem","position":2,"name":"Loja","item":"https:\/\/lovme.pt\/index.php\/loja\/"},{"@type":"ListItem","position":3,"name":"HOT &#8211; RHINO LONG POWER CREAM 30 ML"}]},{"@type":"WebSite","@id":"https:\/\/lovme.pt\/#website","url":"https:\/\/lovme.pt\/","name":"Lovme Loja Er\u00f3tica N\u00ba1 em Portugal","description":"A melhor loja er\u00f3tica de Portugal.","alternateName":"Loja Er\u00f3tica Lovme","potentialAction":[{"@type":"SearchAction","target":{"@type":"EntryPoint","urlTemplate":"https:\/\/lovme.pt\/?s={search_term_string}"},"query-input":{"@type":"PropertyValueSpecification","valueRequired":true,"valueName":"search_term_string"}}],"inLanguage":"pt-PT"}]}},"_links":{"self":[{"href":"https:\/\/lovme.pt\/index.php\/wp-json\/wp\/v2\/product\/107332","targetHints":{"allow":["GET"]}}],"collection":[{"href":"https:\/\/lovme.pt\/index.php\/wp-json\/wp\/v2\/product"}],"about":[{"href":"https:\/\/lovme.pt\/index.php\/wp-json\/wp\/v2\/types\/product"}],"wp:featuredmedia":[{"embeddable":true,"href":"https:\/\/lovme.pt\/index.php\/wp-json\/wp\/v2\/media\/107333"}],"wp:attachment":[{"href":"https:\/\/lovme.pt\/index.php\/wp-json\/wp\/v2\/media?parent=107332"}],"wp:term":[{"taxonomy":"product_brand","embeddable":true,"href":"https:\/\/lovme.pt\/index.php\/wp-json\/wp\/v2\/product_brand?post=107332"},{"taxonomy":"product_cat","embeddable":true,"href":"https:\/\/lovme.pt\/index.php\/wp-json\/wp\/v2\/product_cat?post=107332"},{"taxonomy":"product_tag","embeddable":true,"href":"https:\/\/lovme.pt\/index.php\/wp-json\/wp\/v2\/product_tag?post=107332"}],"curies":[{"name":"wp","href":"https:\/\/api.w.org\/{rel}","templated":true}]}}