{"id":107302,"date":"2026-02-19T20:04:53","date_gmt":"2026-02-19T20:04:53","guid":{"rendered":"https:\/\/lovme.pt\/?post_type=product&p=107302"},"modified":"2026-02-20T04:00:59","modified_gmt":"2026-02-20T04:00:59","slug":"hot-gel-estimulante-o-para-mulheres-15-ml","status":"publish","type":"product","link":"https:\/\/lovme.pt\/index.php\/produto\/hot-gel-estimulante-o-para-mulheres-15-ml\/","title":{"rendered":"HOT &#8211; GEL ESTIMULANTE O PARA MULHERES 15 ML"},"content":{"rendered":"<div class=\"product-description\">\n<p>Experimente uma nova dimens\u00e3o de intimidade com este gel estimulante para mulheres, desenvolvido para aumentar o prazer e intensificar sua vida amorosa.<\/p>\n<p>Ingredientes cuidadosamente selecionados proporcionam uma sensa\u00e7\u00e3o agrad\u00e1vel e estimulante. O gel \u00e9 f\u00e1cil de aplicar e oferece uma experi\u00eancia \u00fanica, pensada especificamente para as necessidades das mulheres, visando resultados sensoriais mais profundos.<\/p>\n<p>Permita-se desfrutar de orgasmos mais intensos com uma f\u00f3rmula que estimula a circula\u00e7\u00e3o, reduz o estresse e promove o relaxamento nos seus momentos mais \u00edntimos.<\/p>\n<p><strong><u>CARACTER\u00cdSTICAS<\/u><\/strong><\/p>\n<ul>\n<li><strong>Estimula\u00e7\u00e3o intensa:<\/strong> Projetada especificamente para aumentar a sensibilidade e a excita\u00e7\u00e3o.<\/li>\n<li><strong>Sensa\u00e7\u00e3o de aquecimento:<\/strong> Cont\u00e9m \u00e9ter but\u00edlico de vanilila para um efeito estimulante de aquecimento.<\/li>\n<li><strong>Extratos naturais:<\/strong> Enriquecido com \u00f3leos de alecrim, zimbro e canela.<\/li>\n<li><strong>Uso vers\u00e1til:<\/strong> Adequado para uso individual ou para experi\u00eancias \u00edntimas compartilhadas.<\/li>\n<li><strong>Volume:<\/strong> 15ml \/ 0,5 fl.oz.<\/li>\n<li><strong>Aplica\u00e7\u00e3o:<\/strong> Aplique 1 a 2 gotas de gel no clit\u00f3ris e na \u00e1rea genital. Com ou sem brinquedo sexual, para uso individual ou com seu parceiro(a).<\/li>\n<\/ul>\n<p><strong><u>INGREDIENTES<\/u><\/strong><\/p>\n<p>Petrolato, Paraffinum Liquidum, Vanillyl Butyl Ether, Juniperus Communis Fruit Oil, Rosmarinus Officinalis (Rosemary) Leaf Oil, Limonene, Eugenia Caryophyllus Leaf Oil, Methyl Salicylate, Cinnamomum Zeylanicum Leaf Oil, Eugenol, Linalool, Benzyl Benzoate, Cinnamal, Geraniol, Citronellol, Citral, Coumarin, Cinnamyl Alcohol, Isoeugenol.<\/p>\n<\/div>\n","protected":false},"excerpt":{"rendered":"<p>HOT &#8211; GEL ESTIMULANTE O PARA MULHERES 15 ML<\/p>\n","protected":false},"featured_media":107303,"template":"","meta":{"_acf_changed":false},"product_brand":[],"product_cat":[49,52,88],"product_tag":[],"class_list":{"0":"post-107302","1":"product","2":"type-product","3":"status-publish","4":"has-post-thumbnail","6":"product_cat-cosmeticos","7":"product_cat-estimulantes","8":"product_cat-novidades","9":"yith_product_brand-hot","11":"first","12":"instock","13":"taxable","14":"shipping-taxable","15":"purchasable","16":"product-type-simple"},"acf":[],"yoast_head":"<!-- This site is optimized with the Yoast SEO plugin v27.4 - https:\/\/yoast.com\/product\/yoast-seo-wordpress\/ -->\n<title>HOT - GEL ESTIMULANTE O PARA MULHERES 15 ML - Lovme<\/title>\n<meta name=\"robots\" content=\"index, follow, max-snippet:-1, max-image-preview:large, max-video-preview:-1\" \/>\n<link rel=\"canonical\" href=\"https:\/\/lovme.pt\/index.php\/produto\/hot-gel-estimulante-o-para-mulheres-15-ml\/\" \/>\n<meta property=\"og:locale\" content=\"pt_PT\" \/>\n<meta property=\"og:type\" content=\"article\" \/>\n<meta property=\"og:title\" content=\"HOT - GEL ESTIMULANTE O PARA MULHERES 15 ML - Lovme\" \/>\n<meta property=\"og:description\" content=\"HOT - GEL ESTIMULANTE O PARA MULHERES 15 ML\" \/>\n<meta property=\"og:url\" content=\"https:\/\/lovme.pt\/index.php\/produto\/hot-gel-estimulante-o-para-mulheres-15-ml\/\" \/>\n<meta property=\"og:site_name\" content=\"Lovme\" \/>\n<meta property=\"article:modified_time\" content=\"2026-02-20T04:00:59+00:00\" \/>\n<meta property=\"og:image\" content=\"https:\/\/erki24nd3ub.exactdn.com\/wp-content\/uploads\/dream\/img\/img_220707_8813bda7fc3fd4b6b5c34cc2b067707f_1.jpg?strip=all\" \/>\n\t<meta property=\"og:image:width\" content=\"900\" \/>\n\t<meta property=\"og:image:height\" content=\"900\" \/>\n\t<meta property=\"og:image:type\" content=\"image\/jpeg\" \/>\n<meta name=\"twitter:card\" content=\"summary_large_image\" \/>\n<meta name=\"twitter:label1\" content=\"Tempo estimado de leitura\" \/>\n\t<meta name=\"twitter:data1\" content=\"1 minuto\" \/>\n<script type=\"application\/ld+json\" class=\"yoast-schema-graph\">{\"@context\":\"https:\\\/\\\/schema.org\",\"@graph\":[{\"@type\":\"WebPage\",\"@id\":\"https:\\\/\\\/lovme.pt\\\/index.php\\\/produto\\\/hot-gel-estimulante-o-para-mulheres-15-ml\\\/\",\"url\":\"https:\\\/\\\/lovme.pt\\\/index.php\\\/produto\\\/hot-gel-estimulante-o-para-mulheres-15-ml\\\/\",\"name\":\"HOT - GEL ESTIMULANTE O PARA MULHERES 15 ML - Lovme\",\"isPartOf\":{\"@id\":\"https:\\\/\\\/lovme.pt\\\/#website\"},\"primaryImageOfPage\":{\"@id\":\"https:\\\/\\\/lovme.pt\\\/index.php\\\/produto\\\/hot-gel-estimulante-o-para-mulheres-15-ml\\\/#primaryimage\"},\"image\":{\"@id\":\"https:\\\/\\\/lovme.pt\\\/index.php\\\/produto\\\/hot-gel-estimulante-o-para-mulheres-15-ml\\\/#primaryimage\"},\"thumbnailUrl\":\"https:\\\/\\\/erki24nd3ub.exactdn.com\\\/wp-content\\\/uploads\\\/dream\\\/img\\\/img_220707_8813bda7fc3fd4b6b5c34cc2b067707f_1.jpg?strip=all\",\"datePublished\":\"2026-02-19T20:04:53+00:00\",\"dateModified\":\"2026-02-20T04:00:59+00:00\",\"breadcrumb\":{\"@id\":\"https:\\\/\\\/lovme.pt\\\/index.php\\\/produto\\\/hot-gel-estimulante-o-para-mulheres-15-ml\\\/#breadcrumb\"},\"inLanguage\":\"pt-PT\",\"potentialAction\":[{\"@type\":\"ReadAction\",\"target\":[\"https:\\\/\\\/lovme.pt\\\/index.php\\\/produto\\\/hot-gel-estimulante-o-para-mulheres-15-ml\\\/\"]}]},{\"@type\":\"ImageObject\",\"inLanguage\":\"pt-PT\",\"@id\":\"https:\\\/\\\/lovme.pt\\\/index.php\\\/produto\\\/hot-gel-estimulante-o-para-mulheres-15-ml\\\/#primaryimage\",\"url\":\"https:\\\/\\\/erki24nd3ub.exactdn.com\\\/wp-content\\\/uploads\\\/dream\\\/img\\\/img_220707_8813bda7fc3fd4b6b5c34cc2b067707f_1.jpg?strip=all\",\"contentUrl\":\"https:\\\/\\\/erki24nd3ub.exactdn.com\\\/wp-content\\\/uploads\\\/dream\\\/img\\\/img_220707_8813bda7fc3fd4b6b5c34cc2b067707f_1.jpg?strip=all\",\"width\":900,\"height\":900},{\"@type\":\"BreadcrumbList\",\"@id\":\"https:\\\/\\\/lovme.pt\\\/index.php\\\/produto\\\/hot-gel-estimulante-o-para-mulheres-15-ml\\\/#breadcrumb\",\"itemListElement\":[{\"@type\":\"ListItem\",\"position\":1,\"name\":\"In\u00edcio\",\"item\":\"https:\\\/\\\/lovme.pt\\\/\"},{\"@type\":\"ListItem\",\"position\":2,\"name\":\"Loja\",\"item\":\"https:\\\/\\\/lovme.pt\\\/index.php\\\/loja\\\/\"},{\"@type\":\"ListItem\",\"position\":3,\"name\":\"HOT &#8211; GEL ESTIMULANTE O PARA MULHERES 15 ML\"}]},{\"@type\":\"WebSite\",\"@id\":\"https:\\\/\\\/lovme.pt\\\/#website\",\"url\":\"https:\\\/\\\/lovme.pt\\\/\",\"name\":\"Lovme Loja Er\u00f3tica N\u00ba1 em Portugal\",\"description\":\"A melhor loja er\u00f3tica de Portugal.\",\"alternateName\":\"Loja Er\u00f3tica Lovme\",\"potentialAction\":[{\"@type\":\"SearchAction\",\"target\":{\"@type\":\"EntryPoint\",\"urlTemplate\":\"https:\\\/\\\/lovme.pt\\\/?s={search_term_string}\"},\"query-input\":{\"@type\":\"PropertyValueSpecification\",\"valueRequired\":true,\"valueName\":\"search_term_string\"}}],\"inLanguage\":\"pt-PT\"}]}<\/script>\n<!-- \/ Yoast SEO plugin. -->","yoast_head_json":{"title":"HOT - GEL ESTIMULANTE O PARA MULHERES 15 ML - Lovme","robots":{"index":"index","follow":"follow","max-snippet":"max-snippet:-1","max-image-preview":"max-image-preview:large","max-video-preview":"max-video-preview:-1"},"canonical":"https:\/\/lovme.pt\/index.php\/produto\/hot-gel-estimulante-o-para-mulheres-15-ml\/","og_locale":"pt_PT","og_type":"article","og_title":"HOT - GEL ESTIMULANTE O PARA MULHERES 15 ML - Lovme","og_description":"HOT - GEL ESTIMULANTE O PARA MULHERES 15 ML","og_url":"https:\/\/lovme.pt\/index.php\/produto\/hot-gel-estimulante-o-para-mulheres-15-ml\/","og_site_name":"Lovme","article_modified_time":"2026-02-20T04:00:59+00:00","og_image":[{"width":900,"height":900,"url":"https:\/\/erki24nd3ub.exactdn.com\/wp-content\/uploads\/dream\/img\/img_220707_8813bda7fc3fd4b6b5c34cc2b067707f_1.jpg?strip=all","type":"image\/jpeg"}],"twitter_card":"summary_large_image","twitter_misc":{"Tempo estimado de leitura":"1 minuto"},"schema":{"@context":"https:\/\/schema.org","@graph":[{"@type":"WebPage","@id":"https:\/\/lovme.pt\/index.php\/produto\/hot-gel-estimulante-o-para-mulheres-15-ml\/","url":"https:\/\/lovme.pt\/index.php\/produto\/hot-gel-estimulante-o-para-mulheres-15-ml\/","name":"HOT - GEL ESTIMULANTE O PARA MULHERES 15 ML - Lovme","isPartOf":{"@id":"https:\/\/lovme.pt\/#website"},"primaryImageOfPage":{"@id":"https:\/\/lovme.pt\/index.php\/produto\/hot-gel-estimulante-o-para-mulheres-15-ml\/#primaryimage"},"image":{"@id":"https:\/\/lovme.pt\/index.php\/produto\/hot-gel-estimulante-o-para-mulheres-15-ml\/#primaryimage"},"thumbnailUrl":"https:\/\/erki24nd3ub.exactdn.com\/wp-content\/uploads\/dream\/img\/img_220707_8813bda7fc3fd4b6b5c34cc2b067707f_1.jpg?strip=all","datePublished":"2026-02-19T20:04:53+00:00","dateModified":"2026-02-20T04:00:59+00:00","breadcrumb":{"@id":"https:\/\/lovme.pt\/index.php\/produto\/hot-gel-estimulante-o-para-mulheres-15-ml\/#breadcrumb"},"inLanguage":"pt-PT","potentialAction":[{"@type":"ReadAction","target":["https:\/\/lovme.pt\/index.php\/produto\/hot-gel-estimulante-o-para-mulheres-15-ml\/"]}]},{"@type":"ImageObject","inLanguage":"pt-PT","@id":"https:\/\/lovme.pt\/index.php\/produto\/hot-gel-estimulante-o-para-mulheres-15-ml\/#primaryimage","url":"https:\/\/erki24nd3ub.exactdn.com\/wp-content\/uploads\/dream\/img\/img_220707_8813bda7fc3fd4b6b5c34cc2b067707f_1.jpg?strip=all","contentUrl":"https:\/\/erki24nd3ub.exactdn.com\/wp-content\/uploads\/dream\/img\/img_220707_8813bda7fc3fd4b6b5c34cc2b067707f_1.jpg?strip=all","width":900,"height":900},{"@type":"BreadcrumbList","@id":"https:\/\/lovme.pt\/index.php\/produto\/hot-gel-estimulante-o-para-mulheres-15-ml\/#breadcrumb","itemListElement":[{"@type":"ListItem","position":1,"name":"In\u00edcio","item":"https:\/\/lovme.pt\/"},{"@type":"ListItem","position":2,"name":"Loja","item":"https:\/\/lovme.pt\/index.php\/loja\/"},{"@type":"ListItem","position":3,"name":"HOT &#8211; GEL ESTIMULANTE O PARA MULHERES 15 ML"}]},{"@type":"WebSite","@id":"https:\/\/lovme.pt\/#website","url":"https:\/\/lovme.pt\/","name":"Lovme Loja Er\u00f3tica N\u00ba1 em Portugal","description":"A melhor loja er\u00f3tica de Portugal.","alternateName":"Loja Er\u00f3tica Lovme","potentialAction":[{"@type":"SearchAction","target":{"@type":"EntryPoint","urlTemplate":"https:\/\/lovme.pt\/?s={search_term_string}"},"query-input":{"@type":"PropertyValueSpecification","valueRequired":true,"valueName":"search_term_string"}}],"inLanguage":"pt-PT"}]}},"_links":{"self":[{"href":"https:\/\/lovme.pt\/index.php\/wp-json\/wp\/v2\/product\/107302","targetHints":{"allow":["GET"]}}],"collection":[{"href":"https:\/\/lovme.pt\/index.php\/wp-json\/wp\/v2\/product"}],"about":[{"href":"https:\/\/lovme.pt\/index.php\/wp-json\/wp\/v2\/types\/product"}],"wp:featuredmedia":[{"embeddable":true,"href":"https:\/\/lovme.pt\/index.php\/wp-json\/wp\/v2\/media\/107303"}],"wp:attachment":[{"href":"https:\/\/lovme.pt\/index.php\/wp-json\/wp\/v2\/media?parent=107302"}],"wp:term":[{"taxonomy":"product_brand","embeddable":true,"href":"https:\/\/lovme.pt\/index.php\/wp-json\/wp\/v2\/product_brand?post=107302"},{"taxonomy":"product_cat","embeddable":true,"href":"https:\/\/lovme.pt\/index.php\/wp-json\/wp\/v2\/product_cat?post=107302"},{"taxonomy":"product_tag","embeddable":true,"href":"https:\/\/lovme.pt\/index.php\/wp-json\/wp\/v2\/product_tag?post=107302"}],"curies":[{"name":"wp","href":"https:\/\/api.w.org\/{rel}","templated":true}]}}