{"id":107299,"date":"2026-02-19T20:04:35","date_gmt":"2026-02-19T20:04:35","guid":{"rendered":"https:\/\/lovme.pt\/?post_type=product&p=107299"},"modified":"2026-02-20T04:00:58","modified_gmt":"2026-02-20T04:00:58","slug":"hot-oleo-de-massagem-aquecedor-100-ml","status":"publish","type":"product","link":"https:\/\/lovme.pt\/index.php\/produto\/hot-oleo-de-massagem-aquecedor-100-ml\/","title":{"rendered":"HOT &#8211; \u00d3LEO DE MASSAGEM AQUECEDOR 100 ML"},"content":{"rendered":"<div class=\"product-description\">\n<p>Este \u00f3leo exclusivo est\u00e1 dispon\u00edvel numa luxuosa sele\u00e7\u00e3o de sete fragr\u00e2ncias sedutoras: Ex\u00f3tica, Frutas Tropicais, \u00c2mbar e Alm\u00edscar, Jasmim, Baunilha, Coco e a nossa variante \u00fanica sem perfume com efeito aquecedor.<\/p>\n<p>Cada uma dessas variantes cuidadosamente desenvolvidas oferece uma experi\u00eancia \u00fanica que mima os seus sentidos e cria um o\u00e1sis de relaxamento. A base especialmente formulada \u00e9 enriquecida com ingredientes de alta qualidade e vitamina E para nutrir intensamente a sua pele e deix\u00e1-la com uma sensa\u00e7\u00e3o sedosa e suave.<\/p>\n<p>Enquanto fragr\u00e2ncias ex\u00f3ticas transportam voc\u00ea para mundos distantes, a op\u00e7\u00e3o sem perfume proporciona um efeito agrad\u00e1vel e reconfortante ao ser aplicada.<\/p>\n<p>Perfeito para momentos \u00edntimos ou simplesmente para relaxar ap\u00f3s um longo dia, este produto oferece n\u00e3o apenas um excelente cuidado para a sua pele, mas tamb\u00e9m uma experi\u00eancia sensorial que melhora o seu bem-estar.<\/p>\n<p><strong><u><span style=\"text-decoration: underline;\">ESPECIFICA\u00c7\u00d5ES<\/span><\/u><\/strong><\/p>\n<ul>\n<li><strong>Efeito de aquecimento:<\/strong> Proporciona uma sensa\u00e7\u00e3o de calor agrad\u00e1vel e calmante na pele.<\/li>\n<li><strong>Nutri\u00e7\u00e3o profunda:<\/strong> Enriquecido com vitamina E para uma pele macia e sedosa.<\/li>\n<li><strong>Op\u00e7\u00e3o sem perfume:<\/strong> Ideal para quem deseja se concentrar na sensa\u00e7\u00e3o f\u00edsica de aquecimento sem fragr\u00e2ncias adicionais.<\/li>\n<li><strong>Uso vers\u00e1til:<\/strong> Ideal para relaxar ou para apimentar momentos \u00edntimos.<\/li>\n<li><strong>Volume:<\/strong> 100ml \/ 3,4 fl.oz.<\/li>\n<\/ul>\n<p><strong><u>INGREDIENTES<\/u><\/strong><\/p>\n<p>\u00d3leo de semente de Helianthus Annuus (Girassol), Estearato de Etilhexila, Miristato de Isopropila, \u00d3leo de Glycine Soja (Soja), Acetato de Tocoferila, Perfume (Fragr\u00e2ncia), \u00c9ter But\u00edlico de Vanilila, Tocoferol, Hexil Cinamalde\u00eddo, Alfa-Isometil Ionona, Salicilato de Benzila, Benzoato de Benzila, CI 26100, Geraniol, Resina de Capsicum Frutescens (Capsicum Frutescens), Extrato de Capsicum Annuum (Capsicum Annuum), Citronelol, Cumarina, \u00c1lcool Benz\u00edlico, Cinamalde\u00eddo, \u00c1lcool Cinam\u00edlico.<\/p>\n<\/div>\n","protected":false},"excerpt":{"rendered":"<p>HOT &#8211; \u00d3LEO DE MASSAGEM AQUECEDOR 100 ML<\/p>\n","protected":false},"featured_media":107300,"template":"","meta":{"_acf_changed":false},"product_brand":[],"product_cat":[49,51],"product_tag":[],"class_list":{"0":"post-107299","1":"product","2":"type-product","3":"status-publish","4":"has-post-thumbnail","6":"product_cat-cosmeticos","7":"product_cat-oleos-de-massagem","8":"yith_product_brand-hot","10":"first","11":"instock","12":"taxable","13":"shipping-taxable","14":"purchasable","15":"product-type-simple"},"acf":[],"yoast_head":"<!-- This site is optimized with the Yoast SEO plugin v27.4 - https:\/\/yoast.com\/product\/yoast-seo-wordpress\/ -->\n<title>HOT - \u00d3LEO DE MASSAGEM AQUECEDOR 100 ML - Lovme<\/title>\n<meta name=\"robots\" content=\"index, follow, max-snippet:-1, max-image-preview:large, max-video-preview:-1\" \/>\n<link rel=\"canonical\" href=\"https:\/\/lovme.pt\/index.php\/produto\/hot-oleo-de-massagem-aquecedor-100-ml\/\" \/>\n<meta property=\"og:locale\" content=\"pt_PT\" \/>\n<meta property=\"og:type\" content=\"article\" \/>\n<meta property=\"og:title\" content=\"HOT - \u00d3LEO DE MASSAGEM AQUECEDOR 100 ML - Lovme\" \/>\n<meta property=\"og:description\" content=\"HOT - \u00d3LEO DE MASSAGEM AQUECEDOR 100 ML\" \/>\n<meta property=\"og:url\" content=\"https:\/\/lovme.pt\/index.php\/produto\/hot-oleo-de-massagem-aquecedor-100-ml\/\" \/>\n<meta property=\"og:site_name\" content=\"Lovme\" \/>\n<meta property=\"article:modified_time\" content=\"2026-02-20T04:00:58+00:00\" \/>\n<meta property=\"og:image\" content=\"https:\/\/erki24nd3ub.exactdn.com\/wp-content\/uploads\/dream\/img\/img_220621_7b78989d5e9106b0cd20d57919c7b82b_1.jpg?strip=all\" \/>\n\t<meta property=\"og:image:width\" content=\"900\" \/>\n\t<meta property=\"og:image:height\" content=\"900\" \/>\n\t<meta property=\"og:image:type\" content=\"image\/jpeg\" \/>\n<meta name=\"twitter:card\" content=\"summary_large_image\" \/>\n<meta name=\"twitter:label1\" content=\"Tempo estimado de leitura\" \/>\n\t<meta name=\"twitter:data1\" content=\"1 minuto\" \/>\n<script type=\"application\/ld+json\" class=\"yoast-schema-graph\">{\"@context\":\"https:\\\/\\\/schema.org\",\"@graph\":[{\"@type\":\"WebPage\",\"@id\":\"https:\\\/\\\/lovme.pt\\\/index.php\\\/produto\\\/hot-oleo-de-massagem-aquecedor-100-ml\\\/\",\"url\":\"https:\\\/\\\/lovme.pt\\\/index.php\\\/produto\\\/hot-oleo-de-massagem-aquecedor-100-ml\\\/\",\"name\":\"HOT - \u00d3LEO DE MASSAGEM AQUECEDOR 100 ML - Lovme\",\"isPartOf\":{\"@id\":\"https:\\\/\\\/lovme.pt\\\/#website\"},\"primaryImageOfPage\":{\"@id\":\"https:\\\/\\\/lovme.pt\\\/index.php\\\/produto\\\/hot-oleo-de-massagem-aquecedor-100-ml\\\/#primaryimage\"},\"image\":{\"@id\":\"https:\\\/\\\/lovme.pt\\\/index.php\\\/produto\\\/hot-oleo-de-massagem-aquecedor-100-ml\\\/#primaryimage\"},\"thumbnailUrl\":\"https:\\\/\\\/erki24nd3ub.exactdn.com\\\/wp-content\\\/uploads\\\/dream\\\/img\\\/img_220621_7b78989d5e9106b0cd20d57919c7b82b_1.jpg?strip=all\",\"datePublished\":\"2026-02-19T20:04:35+00:00\",\"dateModified\":\"2026-02-20T04:00:58+00:00\",\"breadcrumb\":{\"@id\":\"https:\\\/\\\/lovme.pt\\\/index.php\\\/produto\\\/hot-oleo-de-massagem-aquecedor-100-ml\\\/#breadcrumb\"},\"inLanguage\":\"pt-PT\",\"potentialAction\":[{\"@type\":\"ReadAction\",\"target\":[\"https:\\\/\\\/lovme.pt\\\/index.php\\\/produto\\\/hot-oleo-de-massagem-aquecedor-100-ml\\\/\"]}]},{\"@type\":\"ImageObject\",\"inLanguage\":\"pt-PT\",\"@id\":\"https:\\\/\\\/lovme.pt\\\/index.php\\\/produto\\\/hot-oleo-de-massagem-aquecedor-100-ml\\\/#primaryimage\",\"url\":\"https:\\\/\\\/erki24nd3ub.exactdn.com\\\/wp-content\\\/uploads\\\/dream\\\/img\\\/img_220621_7b78989d5e9106b0cd20d57919c7b82b_1.jpg?strip=all\",\"contentUrl\":\"https:\\\/\\\/erki24nd3ub.exactdn.com\\\/wp-content\\\/uploads\\\/dream\\\/img\\\/img_220621_7b78989d5e9106b0cd20d57919c7b82b_1.jpg?strip=all\",\"width\":900,\"height\":900},{\"@type\":\"BreadcrumbList\",\"@id\":\"https:\\\/\\\/lovme.pt\\\/index.php\\\/produto\\\/hot-oleo-de-massagem-aquecedor-100-ml\\\/#breadcrumb\",\"itemListElement\":[{\"@type\":\"ListItem\",\"position\":1,\"name\":\"In\u00edcio\",\"item\":\"https:\\\/\\\/lovme.pt\\\/\"},{\"@type\":\"ListItem\",\"position\":2,\"name\":\"Loja\",\"item\":\"https:\\\/\\\/lovme.pt\\\/index.php\\\/loja\\\/\"},{\"@type\":\"ListItem\",\"position\":3,\"name\":\"HOT &#8211; \u00d3LEO DE MASSAGEM AQUECEDOR 100 ML\"}]},{\"@type\":\"WebSite\",\"@id\":\"https:\\\/\\\/lovme.pt\\\/#website\",\"url\":\"https:\\\/\\\/lovme.pt\\\/\",\"name\":\"Lovme Loja Er\u00f3tica N\u00ba1 em Portugal\",\"description\":\"A melhor loja er\u00f3tica de Portugal.\",\"alternateName\":\"Loja Er\u00f3tica Lovme\",\"potentialAction\":[{\"@type\":\"SearchAction\",\"target\":{\"@type\":\"EntryPoint\",\"urlTemplate\":\"https:\\\/\\\/lovme.pt\\\/?s={search_term_string}\"},\"query-input\":{\"@type\":\"PropertyValueSpecification\",\"valueRequired\":true,\"valueName\":\"search_term_string\"}}],\"inLanguage\":\"pt-PT\"}]}<\/script>\n<!-- \/ Yoast SEO plugin. -->","yoast_head_json":{"title":"HOT - \u00d3LEO DE MASSAGEM AQUECEDOR 100 ML - Lovme","robots":{"index":"index","follow":"follow","max-snippet":"max-snippet:-1","max-image-preview":"max-image-preview:large","max-video-preview":"max-video-preview:-1"},"canonical":"https:\/\/lovme.pt\/index.php\/produto\/hot-oleo-de-massagem-aquecedor-100-ml\/","og_locale":"pt_PT","og_type":"article","og_title":"HOT - \u00d3LEO DE MASSAGEM AQUECEDOR 100 ML - Lovme","og_description":"HOT - \u00d3LEO DE MASSAGEM AQUECEDOR 100 ML","og_url":"https:\/\/lovme.pt\/index.php\/produto\/hot-oleo-de-massagem-aquecedor-100-ml\/","og_site_name":"Lovme","article_modified_time":"2026-02-20T04:00:58+00:00","og_image":[{"width":900,"height":900,"url":"https:\/\/erki24nd3ub.exactdn.com\/wp-content\/uploads\/dream\/img\/img_220621_7b78989d5e9106b0cd20d57919c7b82b_1.jpg?strip=all","type":"image\/jpeg"}],"twitter_card":"summary_large_image","twitter_misc":{"Tempo estimado de leitura":"1 minuto"},"schema":{"@context":"https:\/\/schema.org","@graph":[{"@type":"WebPage","@id":"https:\/\/lovme.pt\/index.php\/produto\/hot-oleo-de-massagem-aquecedor-100-ml\/","url":"https:\/\/lovme.pt\/index.php\/produto\/hot-oleo-de-massagem-aquecedor-100-ml\/","name":"HOT - \u00d3LEO DE MASSAGEM AQUECEDOR 100 ML - Lovme","isPartOf":{"@id":"https:\/\/lovme.pt\/#website"},"primaryImageOfPage":{"@id":"https:\/\/lovme.pt\/index.php\/produto\/hot-oleo-de-massagem-aquecedor-100-ml\/#primaryimage"},"image":{"@id":"https:\/\/lovme.pt\/index.php\/produto\/hot-oleo-de-massagem-aquecedor-100-ml\/#primaryimage"},"thumbnailUrl":"https:\/\/erki24nd3ub.exactdn.com\/wp-content\/uploads\/dream\/img\/img_220621_7b78989d5e9106b0cd20d57919c7b82b_1.jpg?strip=all","datePublished":"2026-02-19T20:04:35+00:00","dateModified":"2026-02-20T04:00:58+00:00","breadcrumb":{"@id":"https:\/\/lovme.pt\/index.php\/produto\/hot-oleo-de-massagem-aquecedor-100-ml\/#breadcrumb"},"inLanguage":"pt-PT","potentialAction":[{"@type":"ReadAction","target":["https:\/\/lovme.pt\/index.php\/produto\/hot-oleo-de-massagem-aquecedor-100-ml\/"]}]},{"@type":"ImageObject","inLanguage":"pt-PT","@id":"https:\/\/lovme.pt\/index.php\/produto\/hot-oleo-de-massagem-aquecedor-100-ml\/#primaryimage","url":"https:\/\/erki24nd3ub.exactdn.com\/wp-content\/uploads\/dream\/img\/img_220621_7b78989d5e9106b0cd20d57919c7b82b_1.jpg?strip=all","contentUrl":"https:\/\/erki24nd3ub.exactdn.com\/wp-content\/uploads\/dream\/img\/img_220621_7b78989d5e9106b0cd20d57919c7b82b_1.jpg?strip=all","width":900,"height":900},{"@type":"BreadcrumbList","@id":"https:\/\/lovme.pt\/index.php\/produto\/hot-oleo-de-massagem-aquecedor-100-ml\/#breadcrumb","itemListElement":[{"@type":"ListItem","position":1,"name":"In\u00edcio","item":"https:\/\/lovme.pt\/"},{"@type":"ListItem","position":2,"name":"Loja","item":"https:\/\/lovme.pt\/index.php\/loja\/"},{"@type":"ListItem","position":3,"name":"HOT &#8211; \u00d3LEO DE MASSAGEM AQUECEDOR 100 ML"}]},{"@type":"WebSite","@id":"https:\/\/lovme.pt\/#website","url":"https:\/\/lovme.pt\/","name":"Lovme Loja Er\u00f3tica N\u00ba1 em Portugal","description":"A melhor loja er\u00f3tica de Portugal.","alternateName":"Loja Er\u00f3tica Lovme","potentialAction":[{"@type":"SearchAction","target":{"@type":"EntryPoint","urlTemplate":"https:\/\/lovme.pt\/?s={search_term_string}"},"query-input":{"@type":"PropertyValueSpecification","valueRequired":true,"valueName":"search_term_string"}}],"inLanguage":"pt-PT"}]}},"_links":{"self":[{"href":"https:\/\/lovme.pt\/index.php\/wp-json\/wp\/v2\/product\/107299","targetHints":{"allow":["GET"]}}],"collection":[{"href":"https:\/\/lovme.pt\/index.php\/wp-json\/wp\/v2\/product"}],"about":[{"href":"https:\/\/lovme.pt\/index.php\/wp-json\/wp\/v2\/types\/product"}],"wp:featuredmedia":[{"embeddable":true,"href":"https:\/\/lovme.pt\/index.php\/wp-json\/wp\/v2\/media\/107300"}],"wp:attachment":[{"href":"https:\/\/lovme.pt\/index.php\/wp-json\/wp\/v2\/media?parent=107299"}],"wp:term":[{"taxonomy":"product_brand","embeddable":true,"href":"https:\/\/lovme.pt\/index.php\/wp-json\/wp\/v2\/product_brand?post=107299"},{"taxonomy":"product_cat","embeddable":true,"href":"https:\/\/lovme.pt\/index.php\/wp-json\/wp\/v2\/product_cat?post=107299"},{"taxonomy":"product_tag","embeddable":true,"href":"https:\/\/lovme.pt\/index.php\/wp-json\/wp\/v2\/product_tag?post=107299"}],"curies":[{"name":"wp","href":"https:\/\/api.w.org\/{rel}","templated":true}]}}