{"id":107296,"date":"2026-02-19T20:04:26","date_gmt":"2026-02-19T20:04:26","guid":{"rendered":"https:\/\/lovme.pt\/?post_type=product&p=107296"},"modified":"2026-02-20T04:00:58","modified_gmt":"2026-02-20T04:00:58","slug":"hot-oleo-de-massagem-oriental-doce-100-ml","status":"publish","type":"product","link":"https:\/\/lovme.pt\/index.php\/produto\/hot-oleo-de-massagem-oriental-doce-100-ml\/","title":{"rendered":"HOT &#8211; \u00d3LEO DE MASSAGEM ORIENTAL &#8211; DOCE 100 ML"},"content":{"rendered":"<div class=\"product-description\">\n<p>Uma das 6 op\u00e7\u00f5es de alta qualidade dispon\u00edveis em fragr\u00e2ncias incr\u00edveis ou completamente inodoras. Mime-se a si e ao seu parceiro e descubra os seus sentidos do tato e do olfato. A base oleosa especialmente desenvolvida e a composi\u00e7\u00e3o das fragr\u00e2ncias tornam isso poss\u00edvel.<\/p>\n<p>Os componentes selecionados e a vitamina E proporcionam n\u00e3o apenas uma \u00f3tima experi\u00eancia de massagem, mas tamb\u00e9m uma tez perfeita, deixando a pele limpa e sedosa.<\/p>\n<p>As fragr\u00e2ncias requintadas agradam os sentidos e despertam sentimentos er\u00f3ticos, intensificando a atmosfera geral de relaxamento e conex\u00e3o.<\/p>\n<p><strong><u><span style=\"text-decoration: underline;\">CARACTER\u00cdSTICAS<\/span><\/u><\/strong><\/p>\n<ul>\n<li><strong>Alta qualidade:<\/strong> Uma das 6 variantes premium dispon\u00edveis nas op\u00e7\u00f5es perfumada ou inodora.<\/li>\n<li><strong>Enriquecimento da pele:<\/strong> Cont\u00e9m vitamina E para uma pele com apar\u00eancia suave e saud\u00e1vel.<\/li>\n<li><strong>Estimula\u00e7\u00e3o sensorial:<\/strong> Formulado especificamente para aprimorar os sentidos do tato e do olfato.<\/li>\n<li><strong>Textura sedosa:<\/strong> Proporciona um deslizamento profissional para uma experi\u00eancia de massagem perfeita.<\/li>\n<\/ul>\n<p><strong><u>INGREDIENTES<\/u><\/strong><\/p>\n<p>Estearato de etilhexila, miristato de isopropila, triglicer\u00eddeo capr\u00edlico\/c\u00e1prico, \u00f3leo de Glycine Soja (soja), \u00f3leo de semente de Helianthus Annuus (girassol), perfume (fragr\u00e2ncia), dietilamino hidroxibenzoil hexil benzoato, metoxicinamato de etilhexila, salicilato de benzila, benzoato de benzila, cumarina, hexil cinamalde\u00eddo, linalol, limoneno, alfa-isometil ionona, benzoato de benzila, farnesol, \u00e1lcool benz\u00edlico, citral, beta-caroteno, extrato da raiz de Daucus Carota Sativa (cenoura), citronelol, \u00e1lcool cinam\u00edlico, cinamalde\u00eddo, tocoferol.<\/p>\n<\/div>\n","protected":false},"excerpt":{"rendered":"<p>HOT &#8211; \u00d3LEO DE MASSAGEM QUENTE ORIENTAL &#8211; DOCE 100 ML<\/p>\n","protected":false},"featured_media":107297,"template":"","meta":{"_acf_changed":false},"product_brand":[],"product_cat":[49,88,51],"product_tag":[],"class_list":{"0":"post-107296","1":"product","2":"type-product","3":"status-publish","4":"has-post-thumbnail","6":"product_cat-cosmeticos","7":"product_cat-novidades","8":"product_cat-oleos-de-massagem","9":"yith_product_brand-hot","11":"first","12":"instock","13":"taxable","14":"shipping-taxable","15":"purchasable","16":"product-type-simple"},"acf":[],"yoast_head":"<!-- This site is optimized with the Yoast SEO plugin v27.4 - https:\/\/yoast.com\/product\/yoast-seo-wordpress\/ -->\n<title>HOT - \u00d3LEO DE MASSAGEM ORIENTAL - DOCE 100 ML - Lovme<\/title>\n<meta name=\"robots\" content=\"index, follow, max-snippet:-1, max-image-preview:large, max-video-preview:-1\" \/>\n<link rel=\"canonical\" href=\"https:\/\/lovme.pt\/index.php\/produto\/hot-oleo-de-massagem-oriental-doce-100-ml\/\" \/>\n<meta property=\"og:locale\" content=\"pt_PT\" \/>\n<meta property=\"og:type\" content=\"article\" \/>\n<meta property=\"og:title\" content=\"HOT - \u00d3LEO DE MASSAGEM ORIENTAL - DOCE 100 ML - Lovme\" \/>\n<meta property=\"og:description\" content=\"HOT - \u00d3LEO DE MASSAGEM QUENTE ORIENTAL - DOCE 100 ML\" \/>\n<meta property=\"og:url\" content=\"https:\/\/lovme.pt\/index.php\/produto\/hot-oleo-de-massagem-oriental-doce-100-ml\/\" \/>\n<meta property=\"og:site_name\" content=\"Lovme\" \/>\n<meta property=\"article:modified_time\" content=\"2026-02-20T04:00:58+00:00\" \/>\n<meta property=\"og:image\" content=\"https:\/\/erki24nd3ub.exactdn.com\/wp-content\/uploads\/dream\/img\/img_220627_dfe27c6c5c8156a5f5c9bd4773d8f0fd_1.jpg?strip=all\" \/>\n\t<meta property=\"og:image:width\" content=\"900\" \/>\n\t<meta property=\"og:image:height\" content=\"900\" \/>\n\t<meta property=\"og:image:type\" content=\"image\/jpeg\" \/>\n<meta name=\"twitter:card\" content=\"summary_large_image\" \/>\n<meta name=\"twitter:label1\" content=\"Tempo estimado de leitura\" \/>\n\t<meta name=\"twitter:data1\" content=\"1 minuto\" \/>\n<script type=\"application\/ld+json\" class=\"yoast-schema-graph\">{\"@context\":\"https:\\\/\\\/schema.org\",\"@graph\":[{\"@type\":\"WebPage\",\"@id\":\"https:\\\/\\\/lovme.pt\\\/index.php\\\/produto\\\/hot-oleo-de-massagem-oriental-doce-100-ml\\\/\",\"url\":\"https:\\\/\\\/lovme.pt\\\/index.php\\\/produto\\\/hot-oleo-de-massagem-oriental-doce-100-ml\\\/\",\"name\":\"HOT - \u00d3LEO DE MASSAGEM ORIENTAL - DOCE 100 ML - Lovme\",\"isPartOf\":{\"@id\":\"https:\\\/\\\/lovme.pt\\\/#website\"},\"primaryImageOfPage\":{\"@id\":\"https:\\\/\\\/lovme.pt\\\/index.php\\\/produto\\\/hot-oleo-de-massagem-oriental-doce-100-ml\\\/#primaryimage\"},\"image\":{\"@id\":\"https:\\\/\\\/lovme.pt\\\/index.php\\\/produto\\\/hot-oleo-de-massagem-oriental-doce-100-ml\\\/#primaryimage\"},\"thumbnailUrl\":\"https:\\\/\\\/erki24nd3ub.exactdn.com\\\/wp-content\\\/uploads\\\/dream\\\/img\\\/img_220627_dfe27c6c5c8156a5f5c9bd4773d8f0fd_1.jpg?strip=all\",\"datePublished\":\"2026-02-19T20:04:26+00:00\",\"dateModified\":\"2026-02-20T04:00:58+00:00\",\"breadcrumb\":{\"@id\":\"https:\\\/\\\/lovme.pt\\\/index.php\\\/produto\\\/hot-oleo-de-massagem-oriental-doce-100-ml\\\/#breadcrumb\"},\"inLanguage\":\"pt-PT\",\"potentialAction\":[{\"@type\":\"ReadAction\",\"target\":[\"https:\\\/\\\/lovme.pt\\\/index.php\\\/produto\\\/hot-oleo-de-massagem-oriental-doce-100-ml\\\/\"]}]},{\"@type\":\"ImageObject\",\"inLanguage\":\"pt-PT\",\"@id\":\"https:\\\/\\\/lovme.pt\\\/index.php\\\/produto\\\/hot-oleo-de-massagem-oriental-doce-100-ml\\\/#primaryimage\",\"url\":\"https:\\\/\\\/erki24nd3ub.exactdn.com\\\/wp-content\\\/uploads\\\/dream\\\/img\\\/img_220627_dfe27c6c5c8156a5f5c9bd4773d8f0fd_1.jpg?strip=all\",\"contentUrl\":\"https:\\\/\\\/erki24nd3ub.exactdn.com\\\/wp-content\\\/uploads\\\/dream\\\/img\\\/img_220627_dfe27c6c5c8156a5f5c9bd4773d8f0fd_1.jpg?strip=all\",\"width\":900,\"height\":900},{\"@type\":\"BreadcrumbList\",\"@id\":\"https:\\\/\\\/lovme.pt\\\/index.php\\\/produto\\\/hot-oleo-de-massagem-oriental-doce-100-ml\\\/#breadcrumb\",\"itemListElement\":[{\"@type\":\"ListItem\",\"position\":1,\"name\":\"In\u00edcio\",\"item\":\"https:\\\/\\\/lovme.pt\\\/\"},{\"@type\":\"ListItem\",\"position\":2,\"name\":\"Loja\",\"item\":\"https:\\\/\\\/lovme.pt\\\/index.php\\\/loja\\\/\"},{\"@type\":\"ListItem\",\"position\":3,\"name\":\"HOT &#8211; \u00d3LEO DE MASSAGEM ORIENTAL &#8211; DOCE 100 ML\"}]},{\"@type\":\"WebSite\",\"@id\":\"https:\\\/\\\/lovme.pt\\\/#website\",\"url\":\"https:\\\/\\\/lovme.pt\\\/\",\"name\":\"Lovme Loja Er\u00f3tica N\u00ba1 em Portugal\",\"description\":\"A melhor loja er\u00f3tica de Portugal.\",\"alternateName\":\"Loja Er\u00f3tica Lovme\",\"potentialAction\":[{\"@type\":\"SearchAction\",\"target\":{\"@type\":\"EntryPoint\",\"urlTemplate\":\"https:\\\/\\\/lovme.pt\\\/?s={search_term_string}\"},\"query-input\":{\"@type\":\"PropertyValueSpecification\",\"valueRequired\":true,\"valueName\":\"search_term_string\"}}],\"inLanguage\":\"pt-PT\"}]}<\/script>\n<!-- \/ Yoast SEO plugin. -->","yoast_head_json":{"title":"HOT - \u00d3LEO DE MASSAGEM ORIENTAL - DOCE 100 ML - Lovme","robots":{"index":"index","follow":"follow","max-snippet":"max-snippet:-1","max-image-preview":"max-image-preview:large","max-video-preview":"max-video-preview:-1"},"canonical":"https:\/\/lovme.pt\/index.php\/produto\/hot-oleo-de-massagem-oriental-doce-100-ml\/","og_locale":"pt_PT","og_type":"article","og_title":"HOT - \u00d3LEO DE MASSAGEM ORIENTAL - DOCE 100 ML - Lovme","og_description":"HOT - \u00d3LEO DE MASSAGEM QUENTE ORIENTAL - DOCE 100 ML","og_url":"https:\/\/lovme.pt\/index.php\/produto\/hot-oleo-de-massagem-oriental-doce-100-ml\/","og_site_name":"Lovme","article_modified_time":"2026-02-20T04:00:58+00:00","og_image":[{"width":900,"height":900,"url":"https:\/\/erki24nd3ub.exactdn.com\/wp-content\/uploads\/dream\/img\/img_220627_dfe27c6c5c8156a5f5c9bd4773d8f0fd_1.jpg?strip=all","type":"image\/jpeg"}],"twitter_card":"summary_large_image","twitter_misc":{"Tempo estimado de leitura":"1 minuto"},"schema":{"@context":"https:\/\/schema.org","@graph":[{"@type":"WebPage","@id":"https:\/\/lovme.pt\/index.php\/produto\/hot-oleo-de-massagem-oriental-doce-100-ml\/","url":"https:\/\/lovme.pt\/index.php\/produto\/hot-oleo-de-massagem-oriental-doce-100-ml\/","name":"HOT - \u00d3LEO DE MASSAGEM ORIENTAL - DOCE 100 ML - Lovme","isPartOf":{"@id":"https:\/\/lovme.pt\/#website"},"primaryImageOfPage":{"@id":"https:\/\/lovme.pt\/index.php\/produto\/hot-oleo-de-massagem-oriental-doce-100-ml\/#primaryimage"},"image":{"@id":"https:\/\/lovme.pt\/index.php\/produto\/hot-oleo-de-massagem-oriental-doce-100-ml\/#primaryimage"},"thumbnailUrl":"https:\/\/erki24nd3ub.exactdn.com\/wp-content\/uploads\/dream\/img\/img_220627_dfe27c6c5c8156a5f5c9bd4773d8f0fd_1.jpg?strip=all","datePublished":"2026-02-19T20:04:26+00:00","dateModified":"2026-02-20T04:00:58+00:00","breadcrumb":{"@id":"https:\/\/lovme.pt\/index.php\/produto\/hot-oleo-de-massagem-oriental-doce-100-ml\/#breadcrumb"},"inLanguage":"pt-PT","potentialAction":[{"@type":"ReadAction","target":["https:\/\/lovme.pt\/index.php\/produto\/hot-oleo-de-massagem-oriental-doce-100-ml\/"]}]},{"@type":"ImageObject","inLanguage":"pt-PT","@id":"https:\/\/lovme.pt\/index.php\/produto\/hot-oleo-de-massagem-oriental-doce-100-ml\/#primaryimage","url":"https:\/\/erki24nd3ub.exactdn.com\/wp-content\/uploads\/dream\/img\/img_220627_dfe27c6c5c8156a5f5c9bd4773d8f0fd_1.jpg?strip=all","contentUrl":"https:\/\/erki24nd3ub.exactdn.com\/wp-content\/uploads\/dream\/img\/img_220627_dfe27c6c5c8156a5f5c9bd4773d8f0fd_1.jpg?strip=all","width":900,"height":900},{"@type":"BreadcrumbList","@id":"https:\/\/lovme.pt\/index.php\/produto\/hot-oleo-de-massagem-oriental-doce-100-ml\/#breadcrumb","itemListElement":[{"@type":"ListItem","position":1,"name":"In\u00edcio","item":"https:\/\/lovme.pt\/"},{"@type":"ListItem","position":2,"name":"Loja","item":"https:\/\/lovme.pt\/index.php\/loja\/"},{"@type":"ListItem","position":3,"name":"HOT &#8211; \u00d3LEO DE MASSAGEM ORIENTAL &#8211; DOCE 100 ML"}]},{"@type":"WebSite","@id":"https:\/\/lovme.pt\/#website","url":"https:\/\/lovme.pt\/","name":"Lovme Loja Er\u00f3tica N\u00ba1 em Portugal","description":"A melhor loja er\u00f3tica de Portugal.","alternateName":"Loja Er\u00f3tica Lovme","potentialAction":[{"@type":"SearchAction","target":{"@type":"EntryPoint","urlTemplate":"https:\/\/lovme.pt\/?s={search_term_string}"},"query-input":{"@type":"PropertyValueSpecification","valueRequired":true,"valueName":"search_term_string"}}],"inLanguage":"pt-PT"}]}},"_links":{"self":[{"href":"https:\/\/lovme.pt\/index.php\/wp-json\/wp\/v2\/product\/107296","targetHints":{"allow":["GET"]}}],"collection":[{"href":"https:\/\/lovme.pt\/index.php\/wp-json\/wp\/v2\/product"}],"about":[{"href":"https:\/\/lovme.pt\/index.php\/wp-json\/wp\/v2\/types\/product"}],"wp:featuredmedia":[{"embeddable":true,"href":"https:\/\/lovme.pt\/index.php\/wp-json\/wp\/v2\/media\/107297"}],"wp:attachment":[{"href":"https:\/\/lovme.pt\/index.php\/wp-json\/wp\/v2\/media?parent=107296"}],"wp:term":[{"taxonomy":"product_brand","embeddable":true,"href":"https:\/\/lovme.pt\/index.php\/wp-json\/wp\/v2\/product_brand?post=107296"},{"taxonomy":"product_cat","embeddable":true,"href":"https:\/\/lovme.pt\/index.php\/wp-json\/wp\/v2\/product_cat?post=107296"},{"taxonomy":"product_tag","embeddable":true,"href":"https:\/\/lovme.pt\/index.php\/wp-json\/wp\/v2\/product_tag?post=107296"}],"curies":[{"name":"wp","href":"https:\/\/api.w.org\/{rel}","templated":true}]}}