{"id":107275,"date":"2026-02-19T20:04:03","date_gmt":"2026-02-19T20:04:03","guid":{"rendered":"https:\/\/lovme.pt\/?post_type=product&p=107275"},"modified":"2026-02-20T04:00:58","modified_gmt":"2026-02-20T04:00:58","slug":"hot-oleo-de-massagem-exotico-especial-100-ml","status":"publish","type":"product","link":"https:\/\/lovme.pt\/index.php\/produto\/hot-oleo-de-massagem-exotico-especial-100-ml\/","title":{"rendered":"HOT &#8211; \u00d3LEO DE MASSAGEM &#8211; EX\u00d3TICO-ESPECIAL 100 ML"},"content":{"rendered":"<div class=\"product-description\">\n<p>Este \u00f3leo de massagem exclusivo oferece uma experi\u00eancia luxuosa, concebida para mimar os seus sentidos e criar um o\u00e1sis de relaxamento. A variante com fragr\u00e2ncia ex\u00f3tica foi especialmente criada para transportar voc\u00ea para mundos distantes com seu aroma sedutor e vibrante.<\/p>\n<p>A base oleosa especialmente formulada \u00e9 enriquecida com ingredientes de alta qualidade e vitamina E para nutrir intensamente a pele, deixando-a com uma sensa\u00e7\u00e3o sedosa e suave. Este \u00f3leo proporciona um excelente deslizamento, tornando cada massagem uma experi\u00eancia fluida e prazerosa.<\/p>\n<p>Seja para momentos \u00edntimos ou simplesmente para relaxar ap\u00f3s um longo dia, estes \u00f3leos oferecem n\u00e3o s\u00f3 um excelente cuidado para a sua pele, como tamb\u00e9m uma experi\u00eancia sensorial que melhora o seu bem-estar geral. Experimente a combina\u00e7\u00e3o de cuidado luxuoso e sedu\u00e7\u00e3o sensual.<\/p>\n<p><strong><u>CARACTER\u00cdSTICAS<\/u><\/strong><\/p>\n<ul>\n<li><strong>Fragr\u00e2ncia Ex\u00f3tica:<\/strong> Um aroma vibrante e sedutor que cria uma atmosfera sensorial \u00fanica.<\/li>\n<li><strong>Enriquecido com vitamina E:<\/strong> Proporciona nutri\u00e7\u00e3o intensa e deixa a pele macia.<\/li>\n<li><strong>Mistura Bot\u00e2nica:<\/strong> Formulada com \u00f3leos de soja e girassol para um cuidado superior da pele.<\/li>\n<li><strong>Jornada Sensorial:<\/strong> Projetada para promover relaxamento e bem-estar atrav\u00e9s do aroma e do toque.<\/li>\n<li><strong>Volume:<\/strong> 100ml \/ 3,4 fl.oz.<\/li>\n<\/ul>\n<p><strong><u>INGREDIENTES<\/u><\/strong><\/p>\n<p>Estearato de etilhexila, miristato de isopropila, triglicer\u00eddeo capr\u00edlico\/c\u00e1prico, \u00f3leo de Glycine Soja (soja), \u00f3leo de semente de Helianthus Annuus (girassol), perfume (fragr\u00e2ncia), dietilamino hidroxibenzoil hexil benzoato, metoxicinamato de etilhexila, geraniol, citral, limoneno, \u00e1lcool benz\u00edlico, linalol, extrato da raiz de Daucus Carota Sativa (cenoura), beta-caroteno, citronelol, tocoferol, \u00e1lcool an\u00edsico, \u00e1lcool cinam\u00edlico, cinamalde\u00eddo.<\/p>\n<\/div>\n","protected":false},"excerpt":{"rendered":"<p>HOT &#8211; \u00d3LEO DE MASSAGEM &#8211; EX\u00d3TICO-ESPECIAL 100 ML<\/p>\n","protected":false},"featured_media":107276,"template":"","meta":{"_acf_changed":false},"product_brand":[],"product_cat":[49,88,51],"product_tag":[],"class_list":{"0":"post-107275","1":"product","2":"type-product","3":"status-publish","4":"has-post-thumbnail","6":"product_cat-cosmeticos","7":"product_cat-novidades","8":"product_cat-oleos-de-massagem","9":"yith_product_brand-hot","11":"first","12":"instock","13":"taxable","14":"shipping-taxable","15":"purchasable","16":"product-type-simple"},"acf":[],"yoast_head":"<!-- This site is optimized with the Yoast SEO plugin v27.4 - https:\/\/yoast.com\/product\/yoast-seo-wordpress\/ -->\n<title>HOT - \u00d3LEO DE MASSAGEM - EX\u00d3TICO-ESPECIAL 100 ML - Lovme<\/title>\n<meta name=\"robots\" content=\"index, follow, max-snippet:-1, max-image-preview:large, max-video-preview:-1\" \/>\n<link rel=\"canonical\" href=\"https:\/\/lovme.pt\/index.php\/produto\/hot-oleo-de-massagem-exotico-especial-100-ml\/\" \/>\n<meta property=\"og:locale\" content=\"pt_PT\" \/>\n<meta property=\"og:type\" content=\"article\" \/>\n<meta property=\"og:title\" content=\"HOT - \u00d3LEO DE MASSAGEM - EX\u00d3TICO-ESPECIAL 100 ML - Lovme\" \/>\n<meta property=\"og:description\" content=\"HOT - \u00d3LEO DE MASSAGEM - EX\u00d3TICO-ESPECIAL 100 ML\" \/>\n<meta property=\"og:url\" content=\"https:\/\/lovme.pt\/index.php\/produto\/hot-oleo-de-massagem-exotico-especial-100-ml\/\" \/>\n<meta property=\"og:site_name\" content=\"Lovme\" \/>\n<meta property=\"article:modified_time\" content=\"2026-02-20T04:00:58+00:00\" \/>\n<meta property=\"og:image\" content=\"https:\/\/erki24nd3ub.exactdn.com\/wp-content\/uploads\/dream\/img\/img_220728_32e6b9864f49214b2c551adb70fa2c7f_1.jpg?strip=all\" \/>\n\t<meta property=\"og:image:width\" content=\"900\" \/>\n\t<meta property=\"og:image:height\" content=\"900\" \/>\n\t<meta property=\"og:image:type\" content=\"image\/jpeg\" \/>\n<meta name=\"twitter:card\" content=\"summary_large_image\" \/>\n<meta name=\"twitter:label1\" content=\"Tempo estimado de leitura\" \/>\n\t<meta name=\"twitter:data1\" content=\"1 minuto\" \/>\n<script type=\"application\/ld+json\" class=\"yoast-schema-graph\">{\"@context\":\"https:\\\/\\\/schema.org\",\"@graph\":[{\"@type\":\"WebPage\",\"@id\":\"https:\\\/\\\/lovme.pt\\\/index.php\\\/produto\\\/hot-oleo-de-massagem-exotico-especial-100-ml\\\/\",\"url\":\"https:\\\/\\\/lovme.pt\\\/index.php\\\/produto\\\/hot-oleo-de-massagem-exotico-especial-100-ml\\\/\",\"name\":\"HOT - \u00d3LEO DE MASSAGEM - EX\u00d3TICO-ESPECIAL 100 ML - Lovme\",\"isPartOf\":{\"@id\":\"https:\\\/\\\/lovme.pt\\\/#website\"},\"primaryImageOfPage\":{\"@id\":\"https:\\\/\\\/lovme.pt\\\/index.php\\\/produto\\\/hot-oleo-de-massagem-exotico-especial-100-ml\\\/#primaryimage\"},\"image\":{\"@id\":\"https:\\\/\\\/lovme.pt\\\/index.php\\\/produto\\\/hot-oleo-de-massagem-exotico-especial-100-ml\\\/#primaryimage\"},\"thumbnailUrl\":\"https:\\\/\\\/erki24nd3ub.exactdn.com\\\/wp-content\\\/uploads\\\/dream\\\/img\\\/img_220728_32e6b9864f49214b2c551adb70fa2c7f_1.jpg?strip=all\",\"datePublished\":\"2026-02-19T20:04:03+00:00\",\"dateModified\":\"2026-02-20T04:00:58+00:00\",\"breadcrumb\":{\"@id\":\"https:\\\/\\\/lovme.pt\\\/index.php\\\/produto\\\/hot-oleo-de-massagem-exotico-especial-100-ml\\\/#breadcrumb\"},\"inLanguage\":\"pt-PT\",\"potentialAction\":[{\"@type\":\"ReadAction\",\"target\":[\"https:\\\/\\\/lovme.pt\\\/index.php\\\/produto\\\/hot-oleo-de-massagem-exotico-especial-100-ml\\\/\"]}]},{\"@type\":\"ImageObject\",\"inLanguage\":\"pt-PT\",\"@id\":\"https:\\\/\\\/lovme.pt\\\/index.php\\\/produto\\\/hot-oleo-de-massagem-exotico-especial-100-ml\\\/#primaryimage\",\"url\":\"https:\\\/\\\/erki24nd3ub.exactdn.com\\\/wp-content\\\/uploads\\\/dream\\\/img\\\/img_220728_32e6b9864f49214b2c551adb70fa2c7f_1.jpg?strip=all\",\"contentUrl\":\"https:\\\/\\\/erki24nd3ub.exactdn.com\\\/wp-content\\\/uploads\\\/dream\\\/img\\\/img_220728_32e6b9864f49214b2c551adb70fa2c7f_1.jpg?strip=all\",\"width\":900,\"height\":900},{\"@type\":\"BreadcrumbList\",\"@id\":\"https:\\\/\\\/lovme.pt\\\/index.php\\\/produto\\\/hot-oleo-de-massagem-exotico-especial-100-ml\\\/#breadcrumb\",\"itemListElement\":[{\"@type\":\"ListItem\",\"position\":1,\"name\":\"In\u00edcio\",\"item\":\"https:\\\/\\\/lovme.pt\\\/\"},{\"@type\":\"ListItem\",\"position\":2,\"name\":\"Loja\",\"item\":\"https:\\\/\\\/lovme.pt\\\/index.php\\\/loja\\\/\"},{\"@type\":\"ListItem\",\"position\":3,\"name\":\"HOT &#8211; \u00d3LEO DE MASSAGEM &#8211; EX\u00d3TICO-ESPECIAL 100 ML\"}]},{\"@type\":\"WebSite\",\"@id\":\"https:\\\/\\\/lovme.pt\\\/#website\",\"url\":\"https:\\\/\\\/lovme.pt\\\/\",\"name\":\"Lovme Loja Er\u00f3tica N\u00ba1 em Portugal\",\"description\":\"A melhor loja er\u00f3tica de Portugal.\",\"alternateName\":\"Loja Er\u00f3tica Lovme\",\"potentialAction\":[{\"@type\":\"SearchAction\",\"target\":{\"@type\":\"EntryPoint\",\"urlTemplate\":\"https:\\\/\\\/lovme.pt\\\/?s={search_term_string}\"},\"query-input\":{\"@type\":\"PropertyValueSpecification\",\"valueRequired\":true,\"valueName\":\"search_term_string\"}}],\"inLanguage\":\"pt-PT\"}]}<\/script>\n<!-- \/ Yoast SEO plugin. -->","yoast_head_json":{"title":"HOT - \u00d3LEO DE MASSAGEM - EX\u00d3TICO-ESPECIAL 100 ML - Lovme","robots":{"index":"index","follow":"follow","max-snippet":"max-snippet:-1","max-image-preview":"max-image-preview:large","max-video-preview":"max-video-preview:-1"},"canonical":"https:\/\/lovme.pt\/index.php\/produto\/hot-oleo-de-massagem-exotico-especial-100-ml\/","og_locale":"pt_PT","og_type":"article","og_title":"HOT - \u00d3LEO DE MASSAGEM - EX\u00d3TICO-ESPECIAL 100 ML - Lovme","og_description":"HOT - \u00d3LEO DE MASSAGEM - EX\u00d3TICO-ESPECIAL 100 ML","og_url":"https:\/\/lovme.pt\/index.php\/produto\/hot-oleo-de-massagem-exotico-especial-100-ml\/","og_site_name":"Lovme","article_modified_time":"2026-02-20T04:00:58+00:00","og_image":[{"width":900,"height":900,"url":"https:\/\/erki24nd3ub.exactdn.com\/wp-content\/uploads\/dream\/img\/img_220728_32e6b9864f49214b2c551adb70fa2c7f_1.jpg?strip=all","type":"image\/jpeg"}],"twitter_card":"summary_large_image","twitter_misc":{"Tempo estimado de leitura":"1 minuto"},"schema":{"@context":"https:\/\/schema.org","@graph":[{"@type":"WebPage","@id":"https:\/\/lovme.pt\/index.php\/produto\/hot-oleo-de-massagem-exotico-especial-100-ml\/","url":"https:\/\/lovme.pt\/index.php\/produto\/hot-oleo-de-massagem-exotico-especial-100-ml\/","name":"HOT - \u00d3LEO DE MASSAGEM - EX\u00d3TICO-ESPECIAL 100 ML - Lovme","isPartOf":{"@id":"https:\/\/lovme.pt\/#website"},"primaryImageOfPage":{"@id":"https:\/\/lovme.pt\/index.php\/produto\/hot-oleo-de-massagem-exotico-especial-100-ml\/#primaryimage"},"image":{"@id":"https:\/\/lovme.pt\/index.php\/produto\/hot-oleo-de-massagem-exotico-especial-100-ml\/#primaryimage"},"thumbnailUrl":"https:\/\/erki24nd3ub.exactdn.com\/wp-content\/uploads\/dream\/img\/img_220728_32e6b9864f49214b2c551adb70fa2c7f_1.jpg?strip=all","datePublished":"2026-02-19T20:04:03+00:00","dateModified":"2026-02-20T04:00:58+00:00","breadcrumb":{"@id":"https:\/\/lovme.pt\/index.php\/produto\/hot-oleo-de-massagem-exotico-especial-100-ml\/#breadcrumb"},"inLanguage":"pt-PT","potentialAction":[{"@type":"ReadAction","target":["https:\/\/lovme.pt\/index.php\/produto\/hot-oleo-de-massagem-exotico-especial-100-ml\/"]}]},{"@type":"ImageObject","inLanguage":"pt-PT","@id":"https:\/\/lovme.pt\/index.php\/produto\/hot-oleo-de-massagem-exotico-especial-100-ml\/#primaryimage","url":"https:\/\/erki24nd3ub.exactdn.com\/wp-content\/uploads\/dream\/img\/img_220728_32e6b9864f49214b2c551adb70fa2c7f_1.jpg?strip=all","contentUrl":"https:\/\/erki24nd3ub.exactdn.com\/wp-content\/uploads\/dream\/img\/img_220728_32e6b9864f49214b2c551adb70fa2c7f_1.jpg?strip=all","width":900,"height":900},{"@type":"BreadcrumbList","@id":"https:\/\/lovme.pt\/index.php\/produto\/hot-oleo-de-massagem-exotico-especial-100-ml\/#breadcrumb","itemListElement":[{"@type":"ListItem","position":1,"name":"In\u00edcio","item":"https:\/\/lovme.pt\/"},{"@type":"ListItem","position":2,"name":"Loja","item":"https:\/\/lovme.pt\/index.php\/loja\/"},{"@type":"ListItem","position":3,"name":"HOT &#8211; \u00d3LEO DE MASSAGEM &#8211; EX\u00d3TICO-ESPECIAL 100 ML"}]},{"@type":"WebSite","@id":"https:\/\/lovme.pt\/#website","url":"https:\/\/lovme.pt\/","name":"Lovme Loja Er\u00f3tica N\u00ba1 em Portugal","description":"A melhor loja er\u00f3tica de Portugal.","alternateName":"Loja Er\u00f3tica Lovme","potentialAction":[{"@type":"SearchAction","target":{"@type":"EntryPoint","urlTemplate":"https:\/\/lovme.pt\/?s={search_term_string}"},"query-input":{"@type":"PropertyValueSpecification","valueRequired":true,"valueName":"search_term_string"}}],"inLanguage":"pt-PT"}]}},"_links":{"self":[{"href":"https:\/\/lovme.pt\/index.php\/wp-json\/wp\/v2\/product\/107275","targetHints":{"allow":["GET"]}}],"collection":[{"href":"https:\/\/lovme.pt\/index.php\/wp-json\/wp\/v2\/product"}],"about":[{"href":"https:\/\/lovme.pt\/index.php\/wp-json\/wp\/v2\/types\/product"}],"wp:featuredmedia":[{"embeddable":true,"href":"https:\/\/lovme.pt\/index.php\/wp-json\/wp\/v2\/media\/107276"}],"wp:attachment":[{"href":"https:\/\/lovme.pt\/index.php\/wp-json\/wp\/v2\/media?parent=107275"}],"wp:term":[{"taxonomy":"product_brand","embeddable":true,"href":"https:\/\/lovme.pt\/index.php\/wp-json\/wp\/v2\/product_brand?post=107275"},{"taxonomy":"product_cat","embeddable":true,"href":"https:\/\/lovme.pt\/index.php\/wp-json\/wp\/v2\/product_cat?post=107275"},{"taxonomy":"product_tag","embeddable":true,"href":"https:\/\/lovme.pt\/index.php\/wp-json\/wp\/v2\/product_tag?post=107275"}],"curies":[{"name":"wp","href":"https:\/\/api.w.org\/{rel}","templated":true}]}}