{"id":107227,"date":"2026-02-19T20:02:39","date_gmt":"2026-02-19T20:02:39","guid":{"rendered":"https:\/\/lovme.pt\/?post_type=product&p=107227"},"modified":"2026-02-20T04:00:55","modified_gmt":"2026-02-20T04:00:55","slug":"hot-biolubrificante-a-base-de-agua-superglide-xtreme-100-ml","status":"publish","type":"product","link":"https:\/\/lovme.pt\/index.php\/produto\/hot-biolubrificante-a-base-de-agua-superglide-xtreme-100-ml\/","title":{"rendered":"HOT &#8211; BIOLUBRIFICANTE \u00c0 BASE DE \u00c1GUA SUPERGLIDE XTREME 100 ML"},"content":{"rendered":"<div class=\"product-description\">\n<p>Este lubrificante org\u00e2nico, vegano e \u00e0 base de \u00e1gua foi especialmente desenvolvido para atender \u00e0s necessidades mais extremas. Oferece deslizamento prolongado e \u00e9 ideal para aliviar o ressecamento vaginal e o desconforto durante a rela\u00e7\u00e3o sexual.<\/p>\n<p>Por ser um produto de uso \u00edntimo de grau m\u00e9dico, \u00e9 particularmente suave para a pele e formulado com ingredientes naturais. O Eco-Tube, ecologicamente correto, \u00e9 feito de recursos renov\u00e1veis, demonstrando o compromisso com a sustentabilidade e a prote\u00e7\u00e3o ambiental.<\/p>\n<p>Experimente os benef\u00edcios de um lubrificante de alta qualidade, desenvolvido para peles sens\u00edveis e com padr\u00f5es de sustentabilidade. Proporciona uma sensa\u00e7\u00e3o suave e agrad\u00e1vel, oferecendo a qualidade premium que voc\u00ea espera de um produto \u00edntimo de luxo.<\/p>\n<p><strong><u><span style=\"text-decoration: underline;\">CARACTER\u00cdSTICAS<\/span><\/u><\/strong><\/p>\n<ul>\n<li><strong>Desempenho Extremo:<\/strong> Desenvolvido especificamente para um deslizamento duradouro sob exig\u00eancias extremas.<\/li>\n<li><strong>Certificado como Org\u00e2nico e Vegano:<\/strong> Feito com ingredientes naturais de alta qualidade para uma experi\u00eancia saud\u00e1vel.<\/li>\n<li><strong>Grau m\u00e9dico:<\/strong> Seguro para peles sens\u00edveis e eficaz para o conforto \u00edntimo.<\/li>\n<li><strong>Escolha Sustent\u00e1vel:<\/strong> Embalagem Eco-Tube feita de recursos renov\u00e1veis.<\/li>\n<li><strong>Volume:<\/strong> 100ml \/ 3,4 fl.oz.<\/li>\n<\/ul>\n<p><strong><u>INGREDIENTES<\/u><\/strong><\/p>\n<p>\u00c1gua, Glicerina, Copol\u00edmero de Capriloil Glicerina\/\u00c1cido Seb\u00e1cico, Succinato de Di-heptila, Chondrus Crispus (Carragenina), \u00d3leo de Oenothera Biennis (Pr\u00edmula), Laurato de Poligliceril-10, Benzoato de S\u00f3dio, \u00d3leo de Fruta de Olea Europaea (Azeitona), Goma Deidroxantana, \u00c1cido C\u00edtrico, Extrato de Flor\/Folha\/Caule de Hypericum Perforatum (Erva de S\u00e3o Jo\u00e3o), Tocoferol.<\/p>\n<\/div>\n","protected":false},"excerpt":{"rendered":"<p>HOT &#8211; BIOLUBRIFICANTE \u00c0 BASE DE \u00c1GUA SUPERGLIDE XTREME 100 ML<\/p>\n","protected":false},"featured_media":107228,"template":"","meta":{"_acf_changed":false},"product_brand":[],"product_cat":[49,53,88],"product_tag":[],"class_list":{"0":"post-107227","1":"product","2":"type-product","3":"status-publish","4":"has-post-thumbnail","6":"product_cat-cosmeticos","7":"product_cat-lubrificantes-intimos","8":"product_cat-novidades","9":"yith_product_brand-hot","11":"first","12":"instock","13":"taxable","14":"shipping-taxable","15":"purchasable","16":"product-type-simple"},"acf":[],"yoast_head":"<!-- This site is optimized with the Yoast SEO plugin v27.3 - https:\/\/yoast.com\/product\/yoast-seo-wordpress\/ -->\n<title>HOT - BIOLUBRIFICANTE \u00c0 BASE DE \u00c1GUA SUPERGLIDE XTREME 100 ML - Lovme<\/title>\n<meta name=\"robots\" content=\"index, follow, max-snippet:-1, max-image-preview:large, max-video-preview:-1\" \/>\n<link rel=\"canonical\" href=\"https:\/\/lovme.pt\/index.php\/produto\/hot-biolubrificante-a-base-de-agua-superglide-xtreme-100-ml\/\" \/>\n<meta property=\"og:locale\" content=\"pt_PT\" \/>\n<meta property=\"og:type\" content=\"article\" \/>\n<meta property=\"og:title\" content=\"HOT - BIOLUBRIFICANTE \u00c0 BASE DE \u00c1GUA SUPERGLIDE XTREME 100 ML - Lovme\" \/>\n<meta property=\"og:description\" content=\"HOT - BIOLUBRIFICANTE \u00c0 BASE DE \u00c1GUA SUPERGLIDE XTREME 100 ML\" \/>\n<meta property=\"og:url\" content=\"https:\/\/lovme.pt\/index.php\/produto\/hot-biolubrificante-a-base-de-agua-superglide-xtreme-100-ml\/\" \/>\n<meta property=\"og:site_name\" content=\"Lovme\" \/>\n<meta property=\"article:modified_time\" content=\"2026-02-20T04:00:55+00:00\" \/>\n<meta property=\"og:image\" content=\"https:\/\/erki24nd3ub.exactdn.com\/wp-content\/uploads\/dream\/img\/img_220651_fdf8328bf8b9fd12fd5e5bd55f3d43bb_1.jpg?strip=all\" \/>\n\t<meta property=\"og:image:width\" content=\"900\" \/>\n\t<meta property=\"og:image:height\" content=\"900\" \/>\n\t<meta property=\"og:image:type\" content=\"image\/jpeg\" \/>\n<meta name=\"twitter:card\" content=\"summary_large_image\" \/>\n<meta name=\"twitter:label1\" content=\"Tempo estimado de leitura\" \/>\n\t<meta name=\"twitter:data1\" content=\"1 minuto\" \/>\n<script type=\"application\/ld+json\" class=\"yoast-schema-graph\">{\"@context\":\"https:\\\/\\\/schema.org\",\"@graph\":[{\"@type\":\"WebPage\",\"@id\":\"https:\\\/\\\/lovme.pt\\\/index.php\\\/produto\\\/hot-biolubrificante-a-base-de-agua-superglide-xtreme-100-ml\\\/\",\"url\":\"https:\\\/\\\/lovme.pt\\\/index.php\\\/produto\\\/hot-biolubrificante-a-base-de-agua-superglide-xtreme-100-ml\\\/\",\"name\":\"HOT - BIOLUBRIFICANTE \u00c0 BASE DE \u00c1GUA SUPERGLIDE XTREME 100 ML - Lovme\",\"isPartOf\":{\"@id\":\"https:\\\/\\\/lovme.pt\\\/#website\"},\"primaryImageOfPage\":{\"@id\":\"https:\\\/\\\/lovme.pt\\\/index.php\\\/produto\\\/hot-biolubrificante-a-base-de-agua-superglide-xtreme-100-ml\\\/#primaryimage\"},\"image\":{\"@id\":\"https:\\\/\\\/lovme.pt\\\/index.php\\\/produto\\\/hot-biolubrificante-a-base-de-agua-superglide-xtreme-100-ml\\\/#primaryimage\"},\"thumbnailUrl\":\"https:\\\/\\\/erki24nd3ub.exactdn.com\\\/wp-content\\\/uploads\\\/dream\\\/img\\\/img_220651_fdf8328bf8b9fd12fd5e5bd55f3d43bb_1.jpg?strip=all\",\"datePublished\":\"2026-02-19T20:02:39+00:00\",\"dateModified\":\"2026-02-20T04:00:55+00:00\",\"breadcrumb\":{\"@id\":\"https:\\\/\\\/lovme.pt\\\/index.php\\\/produto\\\/hot-biolubrificante-a-base-de-agua-superglide-xtreme-100-ml\\\/#breadcrumb\"},\"inLanguage\":\"pt-PT\",\"potentialAction\":[{\"@type\":\"ReadAction\",\"target\":[\"https:\\\/\\\/lovme.pt\\\/index.php\\\/produto\\\/hot-biolubrificante-a-base-de-agua-superglide-xtreme-100-ml\\\/\"]}]},{\"@type\":\"ImageObject\",\"inLanguage\":\"pt-PT\",\"@id\":\"https:\\\/\\\/lovme.pt\\\/index.php\\\/produto\\\/hot-biolubrificante-a-base-de-agua-superglide-xtreme-100-ml\\\/#primaryimage\",\"url\":\"https:\\\/\\\/erki24nd3ub.exactdn.com\\\/wp-content\\\/uploads\\\/dream\\\/img\\\/img_220651_fdf8328bf8b9fd12fd5e5bd55f3d43bb_1.jpg?strip=all\",\"contentUrl\":\"https:\\\/\\\/erki24nd3ub.exactdn.com\\\/wp-content\\\/uploads\\\/dream\\\/img\\\/img_220651_fdf8328bf8b9fd12fd5e5bd55f3d43bb_1.jpg?strip=all\",\"width\":900,\"height\":900},{\"@type\":\"BreadcrumbList\",\"@id\":\"https:\\\/\\\/lovme.pt\\\/index.php\\\/produto\\\/hot-biolubrificante-a-base-de-agua-superglide-xtreme-100-ml\\\/#breadcrumb\",\"itemListElement\":[{\"@type\":\"ListItem\",\"position\":1,\"name\":\"In\u00edcio\",\"item\":\"https:\\\/\\\/lovme.pt\\\/\"},{\"@type\":\"ListItem\",\"position\":2,\"name\":\"Loja\",\"item\":\"https:\\\/\\\/lovme.pt\\\/index.php\\\/loja\\\/\"},{\"@type\":\"ListItem\",\"position\":3,\"name\":\"HOT &#8211; BIOLUBRIFICANTE \u00c0 BASE DE \u00c1GUA SUPERGLIDE XTREME 100 ML\"}]},{\"@type\":\"WebSite\",\"@id\":\"https:\\\/\\\/lovme.pt\\\/#website\",\"url\":\"https:\\\/\\\/lovme.pt\\\/\",\"name\":\"Lovme Loja Er\u00f3tica N\u00ba1 em Portugal\",\"description\":\"A melhor loja er\u00f3tica de Portugal.\",\"alternateName\":\"Loja Er\u00f3tica Lovme\",\"potentialAction\":[{\"@type\":\"SearchAction\",\"target\":{\"@type\":\"EntryPoint\",\"urlTemplate\":\"https:\\\/\\\/lovme.pt\\\/?s={search_term_string}\"},\"query-input\":{\"@type\":\"PropertyValueSpecification\",\"valueRequired\":true,\"valueName\":\"search_term_string\"}}],\"inLanguage\":\"pt-PT\"}]}<\/script>\n<!-- \/ Yoast SEO plugin. -->","yoast_head_json":{"title":"HOT - BIOLUBRIFICANTE \u00c0 BASE DE \u00c1GUA SUPERGLIDE XTREME 100 ML - Lovme","robots":{"index":"index","follow":"follow","max-snippet":"max-snippet:-1","max-image-preview":"max-image-preview:large","max-video-preview":"max-video-preview:-1"},"canonical":"https:\/\/lovme.pt\/index.php\/produto\/hot-biolubrificante-a-base-de-agua-superglide-xtreme-100-ml\/","og_locale":"pt_PT","og_type":"article","og_title":"HOT - BIOLUBRIFICANTE \u00c0 BASE DE \u00c1GUA SUPERGLIDE XTREME 100 ML - Lovme","og_description":"HOT - BIOLUBRIFICANTE \u00c0 BASE DE \u00c1GUA SUPERGLIDE XTREME 100 ML","og_url":"https:\/\/lovme.pt\/index.php\/produto\/hot-biolubrificante-a-base-de-agua-superglide-xtreme-100-ml\/","og_site_name":"Lovme","article_modified_time":"2026-02-20T04:00:55+00:00","og_image":[{"width":900,"height":900,"url":"https:\/\/erki24nd3ub.exactdn.com\/wp-content\/uploads\/dream\/img\/img_220651_fdf8328bf8b9fd12fd5e5bd55f3d43bb_1.jpg?strip=all","type":"image\/jpeg"}],"twitter_card":"summary_large_image","twitter_misc":{"Tempo estimado de leitura":"1 minuto"},"schema":{"@context":"https:\/\/schema.org","@graph":[{"@type":"WebPage","@id":"https:\/\/lovme.pt\/index.php\/produto\/hot-biolubrificante-a-base-de-agua-superglide-xtreme-100-ml\/","url":"https:\/\/lovme.pt\/index.php\/produto\/hot-biolubrificante-a-base-de-agua-superglide-xtreme-100-ml\/","name":"HOT - BIOLUBRIFICANTE \u00c0 BASE DE \u00c1GUA SUPERGLIDE XTREME 100 ML - Lovme","isPartOf":{"@id":"https:\/\/lovme.pt\/#website"},"primaryImageOfPage":{"@id":"https:\/\/lovme.pt\/index.php\/produto\/hot-biolubrificante-a-base-de-agua-superglide-xtreme-100-ml\/#primaryimage"},"image":{"@id":"https:\/\/lovme.pt\/index.php\/produto\/hot-biolubrificante-a-base-de-agua-superglide-xtreme-100-ml\/#primaryimage"},"thumbnailUrl":"https:\/\/erki24nd3ub.exactdn.com\/wp-content\/uploads\/dream\/img\/img_220651_fdf8328bf8b9fd12fd5e5bd55f3d43bb_1.jpg?strip=all","datePublished":"2026-02-19T20:02:39+00:00","dateModified":"2026-02-20T04:00:55+00:00","breadcrumb":{"@id":"https:\/\/lovme.pt\/index.php\/produto\/hot-biolubrificante-a-base-de-agua-superglide-xtreme-100-ml\/#breadcrumb"},"inLanguage":"pt-PT","potentialAction":[{"@type":"ReadAction","target":["https:\/\/lovme.pt\/index.php\/produto\/hot-biolubrificante-a-base-de-agua-superglide-xtreme-100-ml\/"]}]},{"@type":"ImageObject","inLanguage":"pt-PT","@id":"https:\/\/lovme.pt\/index.php\/produto\/hot-biolubrificante-a-base-de-agua-superglide-xtreme-100-ml\/#primaryimage","url":"https:\/\/erki24nd3ub.exactdn.com\/wp-content\/uploads\/dream\/img\/img_220651_fdf8328bf8b9fd12fd5e5bd55f3d43bb_1.jpg?strip=all","contentUrl":"https:\/\/erki24nd3ub.exactdn.com\/wp-content\/uploads\/dream\/img\/img_220651_fdf8328bf8b9fd12fd5e5bd55f3d43bb_1.jpg?strip=all","width":900,"height":900},{"@type":"BreadcrumbList","@id":"https:\/\/lovme.pt\/index.php\/produto\/hot-biolubrificante-a-base-de-agua-superglide-xtreme-100-ml\/#breadcrumb","itemListElement":[{"@type":"ListItem","position":1,"name":"In\u00edcio","item":"https:\/\/lovme.pt\/"},{"@type":"ListItem","position":2,"name":"Loja","item":"https:\/\/lovme.pt\/index.php\/loja\/"},{"@type":"ListItem","position":3,"name":"HOT &#8211; BIOLUBRIFICANTE \u00c0 BASE DE \u00c1GUA SUPERGLIDE XTREME 100 ML"}]},{"@type":"WebSite","@id":"https:\/\/lovme.pt\/#website","url":"https:\/\/lovme.pt\/","name":"Lovme Loja Er\u00f3tica N\u00ba1 em Portugal","description":"A melhor loja er\u00f3tica de Portugal.","alternateName":"Loja Er\u00f3tica Lovme","potentialAction":[{"@type":"SearchAction","target":{"@type":"EntryPoint","urlTemplate":"https:\/\/lovme.pt\/?s={search_term_string}"},"query-input":{"@type":"PropertyValueSpecification","valueRequired":true,"valueName":"search_term_string"}}],"inLanguage":"pt-PT"}]}},"_links":{"self":[{"href":"https:\/\/lovme.pt\/index.php\/wp-json\/wp\/v2\/product\/107227","targetHints":{"allow":["GET"]}}],"collection":[{"href":"https:\/\/lovme.pt\/index.php\/wp-json\/wp\/v2\/product"}],"about":[{"href":"https:\/\/lovme.pt\/index.php\/wp-json\/wp\/v2\/types\/product"}],"wp:featuredmedia":[{"embeddable":true,"href":"https:\/\/lovme.pt\/index.php\/wp-json\/wp\/v2\/media\/107228"}],"wp:attachment":[{"href":"https:\/\/lovme.pt\/index.php\/wp-json\/wp\/v2\/media?parent=107227"}],"wp:term":[{"taxonomy":"product_brand","embeddable":true,"href":"https:\/\/lovme.pt\/index.php\/wp-json\/wp\/v2\/product_brand?post=107227"},{"taxonomy":"product_cat","embeddable":true,"href":"https:\/\/lovme.pt\/index.php\/wp-json\/wp\/v2\/product_cat?post=107227"},{"taxonomy":"product_tag","embeddable":true,"href":"https:\/\/lovme.pt\/index.php\/wp-json\/wp\/v2\/product_tag?post=107227"}],"curies":[{"name":"wp","href":"https:\/\/api.w.org\/{rel}","templated":true}]}}