{"id":107218,"date":"2026-02-19T20:02:30","date_gmt":"2026-02-19T20:02:30","guid":{"rendered":"https:\/\/lovme.pt\/?post_type=product&p=107218"},"modified":"2026-02-20T04:00:55","modified_gmt":"2026-02-20T04:00:55","slug":"hot-biolubrificante-a-base-de-agua-superglide-50-ml","status":"publish","type":"product","link":"https:\/\/lovme.pt\/index.php\/produto\/hot-biolubrificante-a-base-de-agua-superglide-50-ml\/","title":{"rendered":"HOT &#8211; BIOLUBRIFICANTE \u00c0 BASE DE \u00c1GUA SUPERGLIDE 50 ML"},"content":{"rendered":"<div class=\"product-description\">\n<p>Este lubrificante org\u00e2nico, vegano e \u00e0 base de \u00e1gua foi especialmente desenvolvido para ajudar com o ressecamento e o desconforto vaginal.<\/p>\n<p>Enriquecida com carragenina, esta f\u00f3rmula proporciona hidrata\u00e7\u00e3o natural e cuidado suave para a \u00e1rea \u00edntima. A carragenina, um agente gelificante natural derivado de algas vermelhas, \u00e9 conhecida por suas propriedades hidratantes e suavizantes, aumentando a lubrifica\u00e7\u00e3o e promovendo uma sensa\u00e7\u00e3o agrad\u00e1vel de umidade. Como um produto medicinal para uso \u00edntimo, \u00e9 particularmente suave para a pele e garante conforto duradouro.<\/p>\n<p>Este lubrificante \u00e9 fornecido em uma embalagem ecol\u00f3gica Eco-Tube, feita de recursos renov\u00e1veis, o que demonstra o compromisso com a sustentabilidade e a prote\u00e7\u00e3o ambiental. A certifica\u00e7\u00e3o NCP garante que apenas os melhores ingredientes org\u00e2nicos e naturais s\u00e3o utilizados.<\/p>\n<p>Experimente a sensa\u00e7\u00e3o calmante deste lubrificante de alta qualidade, desenvolvido especificamente para peles sens\u00edveis e com foco na sustentabilidade.<\/p>\n<p><strong><u>CARACTER\u00cdSTICAS<\/u><\/strong><\/p>\n<ul>\n<li><strong>F\u00f3rmula de Algas Vermelhas:<\/strong> Enriquecida com carragenina para uma hidrata\u00e7\u00e3o superior e natural.<\/li>\n<li><strong>Certificado como org\u00e2nico:<\/strong> f\u00f3rmula 100% vegana e org\u00e2nica, utilizando apenas ingredientes naturais de alta qualidade.<\/li>\n<li><strong>Grau M\u00e9dico:<\/strong> Extra suave para a pele, especialmente desenvolvido para o conforto \u00edntimo.<\/li>\n<li><strong>Embalagem sustent\u00e1vel:<\/strong> Eco-Tube feito de recursos renov\u00e1veis.<\/li>\n<li><strong>Volume:<\/strong> 50ml \/ 1,7 fl.oz.<\/li>\n<\/ul>\n<p><strong><u>INGREDIENTES<\/u><\/strong><\/p>\n<p>\u00c1gua, Glicerina, Copol\u00edmero de Capriloil Glicerina\/\u00c1cido Seb\u00e1cico, Succinato de Di-heptila, Chondrus Crispus (Carragenina), Benzoato de S\u00f3dio, Goma Deidroxantana, \u00c1cido C\u00edtrico.<\/p>\n<\/div>\n","protected":false},"excerpt":{"rendered":"<p>HOT &#8211; BIOLUBRIFICANTE \u00c0 BASE DE \u00c1GUA SUPERGLIDE 50 ML<\/p>\n","protected":false},"featured_media":107219,"template":"","meta":{"_acf_changed":false},"product_brand":[],"product_cat":[49,53],"product_tag":[],"class_list":{"0":"post-107218","1":"product","2":"type-product","3":"status-publish","4":"has-post-thumbnail","6":"product_cat-cosmeticos","7":"product_cat-lubrificantes-intimos","8":"yith_product_brand-hot","10":"first","11":"instock","12":"taxable","13":"shipping-taxable","14":"purchasable","15":"product-type-simple"},"acf":[],"yoast_head":"<!-- This site is optimized with the Yoast SEO plugin v27.4 - https:\/\/yoast.com\/product\/yoast-seo-wordpress\/ -->\n<title>HOT - BIOLUBRIFICANTE \u00c0 BASE DE \u00c1GUA SUPERGLIDE 50 ML - Lovme<\/title>\n<meta name=\"robots\" content=\"index, follow, max-snippet:-1, max-image-preview:large, max-video-preview:-1\" \/>\n<link rel=\"canonical\" href=\"https:\/\/lovme.pt\/index.php\/produto\/hot-biolubrificante-a-base-de-agua-superglide-50-ml\/\" \/>\n<meta property=\"og:locale\" content=\"pt_PT\" \/>\n<meta property=\"og:type\" content=\"article\" \/>\n<meta property=\"og:title\" content=\"HOT - BIOLUBRIFICANTE \u00c0 BASE DE \u00c1GUA SUPERGLIDE 50 ML - Lovme\" \/>\n<meta property=\"og:description\" content=\"HOT - BIOLUBRIFICANTE \u00c0 BASE DE \u00c1GUA SUPERGLIDE 50 ML\" \/>\n<meta property=\"og:url\" content=\"https:\/\/lovme.pt\/index.php\/produto\/hot-biolubrificante-a-base-de-agua-superglide-50-ml\/\" \/>\n<meta property=\"og:site_name\" content=\"Lovme\" \/>\n<meta property=\"article:modified_time\" content=\"2026-02-20T04:00:55+00:00\" \/>\n<meta property=\"og:image\" content=\"https:\/\/erki24nd3ub.exactdn.com\/wp-content\/uploads\/dream\/img\/img_220647_5229bc29fa9ccfee28907d50e43ccc24_1.jpg?strip=all\" \/>\n\t<meta property=\"og:image:width\" content=\"900\" \/>\n\t<meta property=\"og:image:height\" content=\"900\" \/>\n\t<meta property=\"og:image:type\" content=\"image\/jpeg\" \/>\n<meta name=\"twitter:card\" content=\"summary_large_image\" \/>\n<meta name=\"twitter:label1\" content=\"Tempo estimado de leitura\" \/>\n\t<meta name=\"twitter:data1\" content=\"1 minuto\" \/>\n<script type=\"application\/ld+json\" class=\"yoast-schema-graph\">{\"@context\":\"https:\\\/\\\/schema.org\",\"@graph\":[{\"@type\":\"WebPage\",\"@id\":\"https:\\\/\\\/lovme.pt\\\/index.php\\\/produto\\\/hot-biolubrificante-a-base-de-agua-superglide-50-ml\\\/\",\"url\":\"https:\\\/\\\/lovme.pt\\\/index.php\\\/produto\\\/hot-biolubrificante-a-base-de-agua-superglide-50-ml\\\/\",\"name\":\"HOT - BIOLUBRIFICANTE \u00c0 BASE DE \u00c1GUA SUPERGLIDE 50 ML - Lovme\",\"isPartOf\":{\"@id\":\"https:\\\/\\\/lovme.pt\\\/#website\"},\"primaryImageOfPage\":{\"@id\":\"https:\\\/\\\/lovme.pt\\\/index.php\\\/produto\\\/hot-biolubrificante-a-base-de-agua-superglide-50-ml\\\/#primaryimage\"},\"image\":{\"@id\":\"https:\\\/\\\/lovme.pt\\\/index.php\\\/produto\\\/hot-biolubrificante-a-base-de-agua-superglide-50-ml\\\/#primaryimage\"},\"thumbnailUrl\":\"https:\\\/\\\/erki24nd3ub.exactdn.com\\\/wp-content\\\/uploads\\\/dream\\\/img\\\/img_220647_5229bc29fa9ccfee28907d50e43ccc24_1.jpg?strip=all\",\"datePublished\":\"2026-02-19T20:02:30+00:00\",\"dateModified\":\"2026-02-20T04:00:55+00:00\",\"breadcrumb\":{\"@id\":\"https:\\\/\\\/lovme.pt\\\/index.php\\\/produto\\\/hot-biolubrificante-a-base-de-agua-superglide-50-ml\\\/#breadcrumb\"},\"inLanguage\":\"pt-PT\",\"potentialAction\":[{\"@type\":\"ReadAction\",\"target\":[\"https:\\\/\\\/lovme.pt\\\/index.php\\\/produto\\\/hot-biolubrificante-a-base-de-agua-superglide-50-ml\\\/\"]}]},{\"@type\":\"ImageObject\",\"inLanguage\":\"pt-PT\",\"@id\":\"https:\\\/\\\/lovme.pt\\\/index.php\\\/produto\\\/hot-biolubrificante-a-base-de-agua-superglide-50-ml\\\/#primaryimage\",\"url\":\"https:\\\/\\\/erki24nd3ub.exactdn.com\\\/wp-content\\\/uploads\\\/dream\\\/img\\\/img_220647_5229bc29fa9ccfee28907d50e43ccc24_1.jpg?strip=all\",\"contentUrl\":\"https:\\\/\\\/erki24nd3ub.exactdn.com\\\/wp-content\\\/uploads\\\/dream\\\/img\\\/img_220647_5229bc29fa9ccfee28907d50e43ccc24_1.jpg?strip=all\",\"width\":900,\"height\":900},{\"@type\":\"BreadcrumbList\",\"@id\":\"https:\\\/\\\/lovme.pt\\\/index.php\\\/produto\\\/hot-biolubrificante-a-base-de-agua-superglide-50-ml\\\/#breadcrumb\",\"itemListElement\":[{\"@type\":\"ListItem\",\"position\":1,\"name\":\"In\u00edcio\",\"item\":\"https:\\\/\\\/lovme.pt\\\/\"},{\"@type\":\"ListItem\",\"position\":2,\"name\":\"Loja\",\"item\":\"https:\\\/\\\/lovme.pt\\\/index.php\\\/loja\\\/\"},{\"@type\":\"ListItem\",\"position\":3,\"name\":\"HOT &#8211; BIOLUBRIFICANTE \u00c0 BASE DE \u00c1GUA SUPERGLIDE 50 ML\"}]},{\"@type\":\"WebSite\",\"@id\":\"https:\\\/\\\/lovme.pt\\\/#website\",\"url\":\"https:\\\/\\\/lovme.pt\\\/\",\"name\":\"Lovme Loja Er\u00f3tica N\u00ba1 em Portugal\",\"description\":\"A melhor loja er\u00f3tica de Portugal.\",\"alternateName\":\"Loja Er\u00f3tica Lovme\",\"potentialAction\":[{\"@type\":\"SearchAction\",\"target\":{\"@type\":\"EntryPoint\",\"urlTemplate\":\"https:\\\/\\\/lovme.pt\\\/?s={search_term_string}\"},\"query-input\":{\"@type\":\"PropertyValueSpecification\",\"valueRequired\":true,\"valueName\":\"search_term_string\"}}],\"inLanguage\":\"pt-PT\"}]}<\/script>\n<!-- \/ Yoast SEO plugin. -->","yoast_head_json":{"title":"HOT - BIOLUBRIFICANTE \u00c0 BASE DE \u00c1GUA SUPERGLIDE 50 ML - Lovme","robots":{"index":"index","follow":"follow","max-snippet":"max-snippet:-1","max-image-preview":"max-image-preview:large","max-video-preview":"max-video-preview:-1"},"canonical":"https:\/\/lovme.pt\/index.php\/produto\/hot-biolubrificante-a-base-de-agua-superglide-50-ml\/","og_locale":"pt_PT","og_type":"article","og_title":"HOT - BIOLUBRIFICANTE \u00c0 BASE DE \u00c1GUA SUPERGLIDE 50 ML - Lovme","og_description":"HOT - BIOLUBRIFICANTE \u00c0 BASE DE \u00c1GUA SUPERGLIDE 50 ML","og_url":"https:\/\/lovme.pt\/index.php\/produto\/hot-biolubrificante-a-base-de-agua-superglide-50-ml\/","og_site_name":"Lovme","article_modified_time":"2026-02-20T04:00:55+00:00","og_image":[{"width":900,"height":900,"url":"https:\/\/erki24nd3ub.exactdn.com\/wp-content\/uploads\/dream\/img\/img_220647_5229bc29fa9ccfee28907d50e43ccc24_1.jpg?strip=all","type":"image\/jpeg"}],"twitter_card":"summary_large_image","twitter_misc":{"Tempo estimado de leitura":"1 minuto"},"schema":{"@context":"https:\/\/schema.org","@graph":[{"@type":"WebPage","@id":"https:\/\/lovme.pt\/index.php\/produto\/hot-biolubrificante-a-base-de-agua-superglide-50-ml\/","url":"https:\/\/lovme.pt\/index.php\/produto\/hot-biolubrificante-a-base-de-agua-superglide-50-ml\/","name":"HOT - BIOLUBRIFICANTE \u00c0 BASE DE \u00c1GUA SUPERGLIDE 50 ML - Lovme","isPartOf":{"@id":"https:\/\/lovme.pt\/#website"},"primaryImageOfPage":{"@id":"https:\/\/lovme.pt\/index.php\/produto\/hot-biolubrificante-a-base-de-agua-superglide-50-ml\/#primaryimage"},"image":{"@id":"https:\/\/lovme.pt\/index.php\/produto\/hot-biolubrificante-a-base-de-agua-superglide-50-ml\/#primaryimage"},"thumbnailUrl":"https:\/\/erki24nd3ub.exactdn.com\/wp-content\/uploads\/dream\/img\/img_220647_5229bc29fa9ccfee28907d50e43ccc24_1.jpg?strip=all","datePublished":"2026-02-19T20:02:30+00:00","dateModified":"2026-02-20T04:00:55+00:00","breadcrumb":{"@id":"https:\/\/lovme.pt\/index.php\/produto\/hot-biolubrificante-a-base-de-agua-superglide-50-ml\/#breadcrumb"},"inLanguage":"pt-PT","potentialAction":[{"@type":"ReadAction","target":["https:\/\/lovme.pt\/index.php\/produto\/hot-biolubrificante-a-base-de-agua-superglide-50-ml\/"]}]},{"@type":"ImageObject","inLanguage":"pt-PT","@id":"https:\/\/lovme.pt\/index.php\/produto\/hot-biolubrificante-a-base-de-agua-superglide-50-ml\/#primaryimage","url":"https:\/\/erki24nd3ub.exactdn.com\/wp-content\/uploads\/dream\/img\/img_220647_5229bc29fa9ccfee28907d50e43ccc24_1.jpg?strip=all","contentUrl":"https:\/\/erki24nd3ub.exactdn.com\/wp-content\/uploads\/dream\/img\/img_220647_5229bc29fa9ccfee28907d50e43ccc24_1.jpg?strip=all","width":900,"height":900},{"@type":"BreadcrumbList","@id":"https:\/\/lovme.pt\/index.php\/produto\/hot-biolubrificante-a-base-de-agua-superglide-50-ml\/#breadcrumb","itemListElement":[{"@type":"ListItem","position":1,"name":"In\u00edcio","item":"https:\/\/lovme.pt\/"},{"@type":"ListItem","position":2,"name":"Loja","item":"https:\/\/lovme.pt\/index.php\/loja\/"},{"@type":"ListItem","position":3,"name":"HOT &#8211; BIOLUBRIFICANTE \u00c0 BASE DE \u00c1GUA SUPERGLIDE 50 ML"}]},{"@type":"WebSite","@id":"https:\/\/lovme.pt\/#website","url":"https:\/\/lovme.pt\/","name":"Lovme Loja Er\u00f3tica N\u00ba1 em Portugal","description":"A melhor loja er\u00f3tica de Portugal.","alternateName":"Loja Er\u00f3tica Lovme","potentialAction":[{"@type":"SearchAction","target":{"@type":"EntryPoint","urlTemplate":"https:\/\/lovme.pt\/?s={search_term_string}"},"query-input":{"@type":"PropertyValueSpecification","valueRequired":true,"valueName":"search_term_string"}}],"inLanguage":"pt-PT"}]}},"_links":{"self":[{"href":"https:\/\/lovme.pt\/index.php\/wp-json\/wp\/v2\/product\/107218","targetHints":{"allow":["GET"]}}],"collection":[{"href":"https:\/\/lovme.pt\/index.php\/wp-json\/wp\/v2\/product"}],"about":[{"href":"https:\/\/lovme.pt\/index.php\/wp-json\/wp\/v2\/types\/product"}],"wp:featuredmedia":[{"embeddable":true,"href":"https:\/\/lovme.pt\/index.php\/wp-json\/wp\/v2\/media\/107219"}],"wp:attachment":[{"href":"https:\/\/lovme.pt\/index.php\/wp-json\/wp\/v2\/media?parent=107218"}],"wp:term":[{"taxonomy":"product_brand","embeddable":true,"href":"https:\/\/lovme.pt\/index.php\/wp-json\/wp\/v2\/product_brand?post=107218"},{"taxonomy":"product_cat","embeddable":true,"href":"https:\/\/lovme.pt\/index.php\/wp-json\/wp\/v2\/product_cat?post=107218"},{"taxonomy":"product_tag","embeddable":true,"href":"https:\/\/lovme.pt\/index.php\/wp-json\/wp\/v2\/product_tag?post=107218"}],"curies":[{"name":"wp","href":"https:\/\/api.w.org\/{rel}","templated":true}]}}