{"id":107206,"date":"2026-02-19T20:02:18","date_gmt":"2026-02-19T20:02:18","guid":{"rendered":"https:\/\/lovme.pt\/?post_type=product&p=107206"},"modified":"2026-02-20T04:00:55","modified_gmt":"2026-02-20T04:00:55","slug":"hot-lubrificante-para-agua-a-base-de-agua-de-minagra-30-ml","status":"publish","type":"product","link":"https:\/\/lovme.pt\/index.php\/produto\/hot-lubrificante-para-agua-a-base-de-agua-de-minagra-30-ml\/","title":{"rendered":"HOT &#8211; LUBRIFICANTE PARA \u00c1GUA \u00c0 BASE DE \u00c1GUA DE MINAGRA 30 ML"},"content":{"rendered":"<div class=\"product-description\">\n<p>Aprimore sua intimidade com este lubrificante \u00e0 base de \u00e1gua, agora em um pr\u00e1tico tamanho para viagem. Ele proporciona a sensa\u00e7\u00e3o \u00famida e deslizante desejada, gra\u00e7as \u00e0 \u00e1gua pura de nascente alpina da \u00c1ustria e ingredientes naturais de alta qualidade.<\/p>\n<p>Esta f\u00f3rmula especial proporciona uma sensa\u00e7\u00e3o de deslizamento excepcionalmente agrad\u00e1vel e suave. A \u00e1gua termal alpina, conhecida pela sua pureza excepcional, combinada com ingredientes naturais, oferece uma excelente lubrifica\u00e7\u00e3o, mantendo-se ao mesmo tempo delicada para a pele.<\/p>\n<p>Os lubrificantes \u00e0 base de \u00e1gua t\u00eam a vantagem de serem f\u00e1ceis de remover, n\u00e3o deixarem manchas e serem compat\u00edveis com todos os preservativos e brinquedos sexuais. S\u00e3o perfeitos para quem busca uma experi\u00eancia intensa e natural sem abrir m\u00e3o da qualidade, mesmo em movimento.<\/p>\n<p><strong><u>CARACTER\u00cdSTICAS<\/u><\/strong><\/p>\n<ul>\n<li><strong>\u00c1gua de nascente alpina:<\/strong> Formulada com \u00e1gua pura austr\u00edaca para m\u00e1xima pureza e frescor.<\/li>\n<li><strong>Tamanho ideal para viagem:<\/strong> Frasco compacto de 30ml \/ 1.0fl.oz, perfeito para o seu bolso ou mala de viagem.<\/li>\n<li><strong>Deslizamento suave:<\/strong> Ingredientes naturais garantem uma sensa\u00e7\u00e3o deslizante agrad\u00e1vel e duradoura.<\/li>\n<li><strong>Sem manchas:<\/strong> F\u00f3rmula sol\u00favel em \u00e1gua, f\u00e1cil de limpar e que n\u00e3o deixa res\u00edduos pegajosos.<\/li>\n<li><strong>Alta compatibilidade:<\/strong> Totalmente seguro para uso com todos os preservativos de l\u00e1tex e dispositivos er\u00f3ticos.<\/li>\n<\/ul>\n<p><strong><u>INGREDIENTES<\/u><\/strong><\/p>\n<p>\u00c1gua, Glicerina, Benzoato de S\u00f3dio, Carragenina, Sorbato de Pot\u00e1ssio, Goma Deidroxantana, \u00c1cido C\u00edtrico, Glicose.<\/p>\n<\/div>\n","protected":false},"excerpt":{"rendered":"<p>HOT &#8211; LUBRIFICANTE PARA \u00c1GUA QUENTE \u00c0 BASE DE \u00c1GUA DE MINAGRA 30 ML<\/p>\n","protected":false},"featured_media":107207,"template":"","meta":{"_acf_changed":false},"product_brand":[],"product_cat":[49,53,88],"product_tag":[],"class_list":{"0":"post-107206","1":"product","2":"type-product","3":"status-publish","4":"has-post-thumbnail","6":"product_cat-cosmeticos","7":"product_cat-lubrificantes-intimos","8":"product_cat-novidades","9":"yith_product_brand-hot","11":"first","12":"instock","13":"taxable","14":"shipping-taxable","15":"purchasable","16":"product-type-simple"},"acf":[],"yoast_head":"<!-- This site is optimized with the Yoast SEO plugin v27.4 - https:\/\/yoast.com\/product\/yoast-seo-wordpress\/ -->\n<title>HOT - LUBRIFICANTE PARA \u00c1GUA \u00c0 BASE DE \u00c1GUA DE MINAGRA 30 ML - Lovme<\/title>\n<meta name=\"robots\" content=\"index, follow, max-snippet:-1, max-image-preview:large, max-video-preview:-1\" \/>\n<link rel=\"canonical\" href=\"https:\/\/lovme.pt\/index.php\/produto\/hot-lubrificante-para-agua-a-base-de-agua-de-minagra-30-ml\/\" \/>\n<meta property=\"og:locale\" content=\"pt_PT\" \/>\n<meta property=\"og:type\" content=\"article\" \/>\n<meta property=\"og:title\" content=\"HOT - LUBRIFICANTE PARA \u00c1GUA \u00c0 BASE DE \u00c1GUA DE MINAGRA 30 ML - Lovme\" \/>\n<meta property=\"og:description\" content=\"HOT - LUBRIFICANTE PARA \u00c1GUA QUENTE \u00c0 BASE DE \u00c1GUA DE MINAGRA 30 ML\" \/>\n<meta property=\"og:url\" content=\"https:\/\/lovme.pt\/index.php\/produto\/hot-lubrificante-para-agua-a-base-de-agua-de-minagra-30-ml\/\" \/>\n<meta property=\"og:site_name\" content=\"Lovme\" \/>\n<meta property=\"article:modified_time\" content=\"2026-02-20T04:00:55+00:00\" \/>\n<meta property=\"og:image\" content=\"https:\/\/erki24nd3ub.exactdn.com\/wp-content\/uploads\/dream\/img\/img_220770_7dc5218e163e964ef8fedbb70c9a2467_1.jpg?strip=all\" \/>\n\t<meta property=\"og:image:width\" content=\"900\" \/>\n\t<meta property=\"og:image:height\" content=\"900\" \/>\n\t<meta property=\"og:image:type\" content=\"image\/jpeg\" \/>\n<meta name=\"twitter:card\" content=\"summary_large_image\" \/>\n<meta name=\"twitter:label1\" content=\"Tempo estimado de leitura\" \/>\n\t<meta name=\"twitter:data1\" content=\"1 minuto\" \/>\n<script type=\"application\/ld+json\" class=\"yoast-schema-graph\">{\"@context\":\"https:\\\/\\\/schema.org\",\"@graph\":[{\"@type\":\"WebPage\",\"@id\":\"https:\\\/\\\/lovme.pt\\\/index.php\\\/produto\\\/hot-lubrificante-para-agua-a-base-de-agua-de-minagra-30-ml\\\/\",\"url\":\"https:\\\/\\\/lovme.pt\\\/index.php\\\/produto\\\/hot-lubrificante-para-agua-a-base-de-agua-de-minagra-30-ml\\\/\",\"name\":\"HOT - LUBRIFICANTE PARA \u00c1GUA \u00c0 BASE DE \u00c1GUA DE MINAGRA 30 ML - Lovme\",\"isPartOf\":{\"@id\":\"https:\\\/\\\/lovme.pt\\\/#website\"},\"primaryImageOfPage\":{\"@id\":\"https:\\\/\\\/lovme.pt\\\/index.php\\\/produto\\\/hot-lubrificante-para-agua-a-base-de-agua-de-minagra-30-ml\\\/#primaryimage\"},\"image\":{\"@id\":\"https:\\\/\\\/lovme.pt\\\/index.php\\\/produto\\\/hot-lubrificante-para-agua-a-base-de-agua-de-minagra-30-ml\\\/#primaryimage\"},\"thumbnailUrl\":\"https:\\\/\\\/erki24nd3ub.exactdn.com\\\/wp-content\\\/uploads\\\/dream\\\/img\\\/img_220770_7dc5218e163e964ef8fedbb70c9a2467_1.jpg?strip=all\",\"datePublished\":\"2026-02-19T20:02:18+00:00\",\"dateModified\":\"2026-02-20T04:00:55+00:00\",\"breadcrumb\":{\"@id\":\"https:\\\/\\\/lovme.pt\\\/index.php\\\/produto\\\/hot-lubrificante-para-agua-a-base-de-agua-de-minagra-30-ml\\\/#breadcrumb\"},\"inLanguage\":\"pt-PT\",\"potentialAction\":[{\"@type\":\"ReadAction\",\"target\":[\"https:\\\/\\\/lovme.pt\\\/index.php\\\/produto\\\/hot-lubrificante-para-agua-a-base-de-agua-de-minagra-30-ml\\\/\"]}]},{\"@type\":\"ImageObject\",\"inLanguage\":\"pt-PT\",\"@id\":\"https:\\\/\\\/lovme.pt\\\/index.php\\\/produto\\\/hot-lubrificante-para-agua-a-base-de-agua-de-minagra-30-ml\\\/#primaryimage\",\"url\":\"https:\\\/\\\/erki24nd3ub.exactdn.com\\\/wp-content\\\/uploads\\\/dream\\\/img\\\/img_220770_7dc5218e163e964ef8fedbb70c9a2467_1.jpg?strip=all\",\"contentUrl\":\"https:\\\/\\\/erki24nd3ub.exactdn.com\\\/wp-content\\\/uploads\\\/dream\\\/img\\\/img_220770_7dc5218e163e964ef8fedbb70c9a2467_1.jpg?strip=all\",\"width\":900,\"height\":900},{\"@type\":\"BreadcrumbList\",\"@id\":\"https:\\\/\\\/lovme.pt\\\/index.php\\\/produto\\\/hot-lubrificante-para-agua-a-base-de-agua-de-minagra-30-ml\\\/#breadcrumb\",\"itemListElement\":[{\"@type\":\"ListItem\",\"position\":1,\"name\":\"In\u00edcio\",\"item\":\"https:\\\/\\\/lovme.pt\\\/\"},{\"@type\":\"ListItem\",\"position\":2,\"name\":\"Loja\",\"item\":\"https:\\\/\\\/lovme.pt\\\/index.php\\\/loja\\\/\"},{\"@type\":\"ListItem\",\"position\":3,\"name\":\"HOT &#8211; LUBRIFICANTE PARA \u00c1GUA \u00c0 BASE DE \u00c1GUA DE MINAGRA 30 ML\"}]},{\"@type\":\"WebSite\",\"@id\":\"https:\\\/\\\/lovme.pt\\\/#website\",\"url\":\"https:\\\/\\\/lovme.pt\\\/\",\"name\":\"Lovme Loja Er\u00f3tica N\u00ba1 em Portugal\",\"description\":\"A melhor loja er\u00f3tica de Portugal.\",\"alternateName\":\"Loja Er\u00f3tica Lovme\",\"potentialAction\":[{\"@type\":\"SearchAction\",\"target\":{\"@type\":\"EntryPoint\",\"urlTemplate\":\"https:\\\/\\\/lovme.pt\\\/?s={search_term_string}\"},\"query-input\":{\"@type\":\"PropertyValueSpecification\",\"valueRequired\":true,\"valueName\":\"search_term_string\"}}],\"inLanguage\":\"pt-PT\"}]}<\/script>\n<!-- \/ Yoast SEO plugin. -->","yoast_head_json":{"title":"HOT - LUBRIFICANTE PARA \u00c1GUA \u00c0 BASE DE \u00c1GUA DE MINAGRA 30 ML - Lovme","robots":{"index":"index","follow":"follow","max-snippet":"max-snippet:-1","max-image-preview":"max-image-preview:large","max-video-preview":"max-video-preview:-1"},"canonical":"https:\/\/lovme.pt\/index.php\/produto\/hot-lubrificante-para-agua-a-base-de-agua-de-minagra-30-ml\/","og_locale":"pt_PT","og_type":"article","og_title":"HOT - LUBRIFICANTE PARA \u00c1GUA \u00c0 BASE DE \u00c1GUA DE MINAGRA 30 ML - Lovme","og_description":"HOT - LUBRIFICANTE PARA \u00c1GUA QUENTE \u00c0 BASE DE \u00c1GUA DE MINAGRA 30 ML","og_url":"https:\/\/lovme.pt\/index.php\/produto\/hot-lubrificante-para-agua-a-base-de-agua-de-minagra-30-ml\/","og_site_name":"Lovme","article_modified_time":"2026-02-20T04:00:55+00:00","og_image":[{"width":900,"height":900,"url":"https:\/\/erki24nd3ub.exactdn.com\/wp-content\/uploads\/dream\/img\/img_220770_7dc5218e163e964ef8fedbb70c9a2467_1.jpg?strip=all","type":"image\/jpeg"}],"twitter_card":"summary_large_image","twitter_misc":{"Tempo estimado de leitura":"1 minuto"},"schema":{"@context":"https:\/\/schema.org","@graph":[{"@type":"WebPage","@id":"https:\/\/lovme.pt\/index.php\/produto\/hot-lubrificante-para-agua-a-base-de-agua-de-minagra-30-ml\/","url":"https:\/\/lovme.pt\/index.php\/produto\/hot-lubrificante-para-agua-a-base-de-agua-de-minagra-30-ml\/","name":"HOT - LUBRIFICANTE PARA \u00c1GUA \u00c0 BASE DE \u00c1GUA DE MINAGRA 30 ML - Lovme","isPartOf":{"@id":"https:\/\/lovme.pt\/#website"},"primaryImageOfPage":{"@id":"https:\/\/lovme.pt\/index.php\/produto\/hot-lubrificante-para-agua-a-base-de-agua-de-minagra-30-ml\/#primaryimage"},"image":{"@id":"https:\/\/lovme.pt\/index.php\/produto\/hot-lubrificante-para-agua-a-base-de-agua-de-minagra-30-ml\/#primaryimage"},"thumbnailUrl":"https:\/\/erki24nd3ub.exactdn.com\/wp-content\/uploads\/dream\/img\/img_220770_7dc5218e163e964ef8fedbb70c9a2467_1.jpg?strip=all","datePublished":"2026-02-19T20:02:18+00:00","dateModified":"2026-02-20T04:00:55+00:00","breadcrumb":{"@id":"https:\/\/lovme.pt\/index.php\/produto\/hot-lubrificante-para-agua-a-base-de-agua-de-minagra-30-ml\/#breadcrumb"},"inLanguage":"pt-PT","potentialAction":[{"@type":"ReadAction","target":["https:\/\/lovme.pt\/index.php\/produto\/hot-lubrificante-para-agua-a-base-de-agua-de-minagra-30-ml\/"]}]},{"@type":"ImageObject","inLanguage":"pt-PT","@id":"https:\/\/lovme.pt\/index.php\/produto\/hot-lubrificante-para-agua-a-base-de-agua-de-minagra-30-ml\/#primaryimage","url":"https:\/\/erki24nd3ub.exactdn.com\/wp-content\/uploads\/dream\/img\/img_220770_7dc5218e163e964ef8fedbb70c9a2467_1.jpg?strip=all","contentUrl":"https:\/\/erki24nd3ub.exactdn.com\/wp-content\/uploads\/dream\/img\/img_220770_7dc5218e163e964ef8fedbb70c9a2467_1.jpg?strip=all","width":900,"height":900},{"@type":"BreadcrumbList","@id":"https:\/\/lovme.pt\/index.php\/produto\/hot-lubrificante-para-agua-a-base-de-agua-de-minagra-30-ml\/#breadcrumb","itemListElement":[{"@type":"ListItem","position":1,"name":"In\u00edcio","item":"https:\/\/lovme.pt\/"},{"@type":"ListItem","position":2,"name":"Loja","item":"https:\/\/lovme.pt\/index.php\/loja\/"},{"@type":"ListItem","position":3,"name":"HOT &#8211; LUBRIFICANTE PARA \u00c1GUA \u00c0 BASE DE \u00c1GUA DE MINAGRA 30 ML"}]},{"@type":"WebSite","@id":"https:\/\/lovme.pt\/#website","url":"https:\/\/lovme.pt\/","name":"Lovme Loja Er\u00f3tica N\u00ba1 em Portugal","description":"A melhor loja er\u00f3tica de Portugal.","alternateName":"Loja Er\u00f3tica Lovme","potentialAction":[{"@type":"SearchAction","target":{"@type":"EntryPoint","urlTemplate":"https:\/\/lovme.pt\/?s={search_term_string}"},"query-input":{"@type":"PropertyValueSpecification","valueRequired":true,"valueName":"search_term_string"}}],"inLanguage":"pt-PT"}]}},"_links":{"self":[{"href":"https:\/\/lovme.pt\/index.php\/wp-json\/wp\/v2\/product\/107206","targetHints":{"allow":["GET"]}}],"collection":[{"href":"https:\/\/lovme.pt\/index.php\/wp-json\/wp\/v2\/product"}],"about":[{"href":"https:\/\/lovme.pt\/index.php\/wp-json\/wp\/v2\/types\/product"}],"wp:featuredmedia":[{"embeddable":true,"href":"https:\/\/lovme.pt\/index.php\/wp-json\/wp\/v2\/media\/107207"}],"wp:attachment":[{"href":"https:\/\/lovme.pt\/index.php\/wp-json\/wp\/v2\/media?parent=107206"}],"wp:term":[{"taxonomy":"product_brand","embeddable":true,"href":"https:\/\/lovme.pt\/index.php\/wp-json\/wp\/v2\/product_brand?post=107206"},{"taxonomy":"product_cat","embeddable":true,"href":"https:\/\/lovme.pt\/index.php\/wp-json\/wp\/v2\/product_cat?post=107206"},{"taxonomy":"product_tag","embeddable":true,"href":"https:\/\/lovme.pt\/index.php\/wp-json\/wp\/v2\/product_tag?post=107206"}],"curies":[{"name":"wp","href":"https:\/\/api.w.org\/{rel}","templated":true}]}}