{"id":107194,"date":"2026-02-19T20:02:05","date_gmt":"2026-02-19T20:02:05","guid":{"rendered":"https:\/\/lovme.pt\/?post_type=product&p=107194"},"modified":"2026-02-20T04:00:54","modified_gmt":"2026-02-20T04:00:54","slug":"hot-nature-glide-lubrificante-a-base-de-agua-100ml","status":"publish","type":"product","link":"https:\/\/lovme.pt\/index.php\/produto\/hot-nature-glide-lubrificante-a-base-de-agua-100ml\/","title":{"rendered":"HOT &#8211; NATURE GLIDE LUBRIFICANTE \u00c0 BASE DE \u00c1GUA 100ML"},"content":{"rendered":"<div class=\"product-description\">\n<p>Este lubrificante \u00e0 base de \u00e1gua foi especialmente formulado para proporcionar lubrifica\u00e7\u00e3o duradoura, garantindo uma experi\u00eancia \u00edntima suave e prazerosa.<\/p>\n<p>A f\u00f3rmula transparente \u00e9 inodora e ins\u00edpida, tornando-a a escolha perfeita para quem prefere uma sensa\u00e7\u00e3o natural e discreta. \u00c9 altamente eficaz, completamente sol\u00favel em \u00e1gua e n\u00e3o oleosa, permitindo uma limpeza r\u00e1pida e f\u00e1cil, sem deixar res\u00edduos.<\/p>\n<p>Al\u00e9m disso, \u00e9 totalmente compat\u00edvel com preservativos de l\u00e1tex, proporcionando seguran\u00e7a e conforto durante o uso.<\/p>\n<p><strong><u>CARACTER\u00cdSTICAS<\/u><\/strong><\/p>\n<ul>\n<li><strong>Deslizamento de longa dura\u00e7\u00e3o:<\/strong> F\u00f3rmula avan\u00e7ada desenvolvida para lubrifica\u00e7\u00e3o prolongada.<\/li>\n<li><strong>Experi\u00eancia neutra:<\/strong> Completamente inodoro e ins\u00edpido para uma sensa\u00e7\u00e3o natural.<\/li>\n<li><strong>\u00c0 base de \u00e1gua:<\/strong> Composi\u00e7\u00e3o isenta de gordura e que n\u00e3o mancha, sendo f\u00e1cil de remover com \u00e1gua.<\/li>\n<li><strong>Compat\u00edvel com preservativos:<\/strong> Totalmente compat\u00edvel com preservativos de l\u00e1tex para uma intimidade sem preocupa\u00e7\u00f5es.<\/li>\n<li><strong>Alta efici\u00eancia:<\/strong> Textura leve que proporciona conforto imediato.<\/li>\n<\/ul>\n<p><strong><u>INGREDIENTES<\/u><\/strong><\/p>\n<p>\u00c1gua, Poliacrilato de S\u00f3dio, Fenoxietanol, EDTA Diss\u00f3dico, Etilhexilglicerina.<\/p>\n<\/div>\n","protected":false},"excerpt":{"rendered":"<p>HOT &#8211; NATURE GLIDE LUBRIFICANTE \u00c0 BASE DE \u00c1GUA 100ML<\/p>\n","protected":false},"featured_media":107195,"template":"","meta":{"_acf_changed":false},"product_brand":[],"product_cat":[49,53,88],"product_tag":[],"class_list":{"0":"post-107194","1":"product","2":"type-product","3":"status-publish","4":"has-post-thumbnail","6":"product_cat-cosmeticos","7":"product_cat-lubrificantes-intimos","8":"product_cat-novidades","9":"yith_product_brand-hot","11":"first","12":"instock","13":"taxable","14":"shipping-taxable","15":"purchasable","16":"product-type-simple"},"acf":[],"yoast_head":"<!-- This site is optimized with the Yoast SEO plugin v27.4 - https:\/\/yoast.com\/product\/yoast-seo-wordpress\/ -->\n<title>HOT - NATURE GLIDE LUBRIFICANTE \u00c0 BASE DE \u00c1GUA 100ML - Lovme<\/title>\n<meta name=\"robots\" content=\"index, follow, max-snippet:-1, max-image-preview:large, max-video-preview:-1\" \/>\n<link rel=\"canonical\" href=\"https:\/\/lovme.pt\/index.php\/produto\/hot-nature-glide-lubrificante-a-base-de-agua-100ml\/\" \/>\n<meta property=\"og:locale\" content=\"pt_PT\" \/>\n<meta property=\"og:type\" content=\"article\" \/>\n<meta property=\"og:title\" content=\"HOT - NATURE GLIDE LUBRIFICANTE \u00c0 BASE DE \u00c1GUA 100ML - Lovme\" \/>\n<meta property=\"og:description\" content=\"HOT - NATURE GLIDE LUBRIFICANTE \u00c0 BASE DE \u00c1GUA 100ML\" \/>\n<meta property=\"og:url\" content=\"https:\/\/lovme.pt\/index.php\/produto\/hot-nature-glide-lubrificante-a-base-de-agua-100ml\/\" \/>\n<meta property=\"og:site_name\" content=\"Lovme\" \/>\n<meta property=\"article:modified_time\" content=\"2026-02-20T04:00:54+00:00\" \/>\n<meta property=\"og:image\" content=\"https:\/\/erki24nd3ub.exactdn.com\/wp-content\/uploads\/dream\/img\/img_220752_a760fe5e1aa55ebea964e41a7407aa8a_1.jpg?strip=all\" \/>\n\t<meta property=\"og:image:width\" content=\"900\" \/>\n\t<meta property=\"og:image:height\" content=\"900\" \/>\n\t<meta property=\"og:image:type\" content=\"image\/jpeg\" \/>\n<meta name=\"twitter:card\" content=\"summary_large_image\" \/>\n<meta name=\"twitter:label1\" content=\"Tempo estimado de leitura\" \/>\n\t<meta name=\"twitter:data1\" content=\"1 minuto\" \/>\n<script type=\"application\/ld+json\" class=\"yoast-schema-graph\">{\"@context\":\"https:\\\/\\\/schema.org\",\"@graph\":[{\"@type\":\"WebPage\",\"@id\":\"https:\\\/\\\/lovme.pt\\\/index.php\\\/produto\\\/hot-nature-glide-lubrificante-a-base-de-agua-100ml\\\/\",\"url\":\"https:\\\/\\\/lovme.pt\\\/index.php\\\/produto\\\/hot-nature-glide-lubrificante-a-base-de-agua-100ml\\\/\",\"name\":\"HOT - NATURE GLIDE LUBRIFICANTE \u00c0 BASE DE \u00c1GUA 100ML - Lovme\",\"isPartOf\":{\"@id\":\"https:\\\/\\\/lovme.pt\\\/#website\"},\"primaryImageOfPage\":{\"@id\":\"https:\\\/\\\/lovme.pt\\\/index.php\\\/produto\\\/hot-nature-glide-lubrificante-a-base-de-agua-100ml\\\/#primaryimage\"},\"image\":{\"@id\":\"https:\\\/\\\/lovme.pt\\\/index.php\\\/produto\\\/hot-nature-glide-lubrificante-a-base-de-agua-100ml\\\/#primaryimage\"},\"thumbnailUrl\":\"https:\\\/\\\/erki24nd3ub.exactdn.com\\\/wp-content\\\/uploads\\\/dream\\\/img\\\/img_220752_a760fe5e1aa55ebea964e41a7407aa8a_1.jpg?strip=all\",\"datePublished\":\"2026-02-19T20:02:05+00:00\",\"dateModified\":\"2026-02-20T04:00:54+00:00\",\"breadcrumb\":{\"@id\":\"https:\\\/\\\/lovme.pt\\\/index.php\\\/produto\\\/hot-nature-glide-lubrificante-a-base-de-agua-100ml\\\/#breadcrumb\"},\"inLanguage\":\"pt-PT\",\"potentialAction\":[{\"@type\":\"ReadAction\",\"target\":[\"https:\\\/\\\/lovme.pt\\\/index.php\\\/produto\\\/hot-nature-glide-lubrificante-a-base-de-agua-100ml\\\/\"]}]},{\"@type\":\"ImageObject\",\"inLanguage\":\"pt-PT\",\"@id\":\"https:\\\/\\\/lovme.pt\\\/index.php\\\/produto\\\/hot-nature-glide-lubrificante-a-base-de-agua-100ml\\\/#primaryimage\",\"url\":\"https:\\\/\\\/erki24nd3ub.exactdn.com\\\/wp-content\\\/uploads\\\/dream\\\/img\\\/img_220752_a760fe5e1aa55ebea964e41a7407aa8a_1.jpg?strip=all\",\"contentUrl\":\"https:\\\/\\\/erki24nd3ub.exactdn.com\\\/wp-content\\\/uploads\\\/dream\\\/img\\\/img_220752_a760fe5e1aa55ebea964e41a7407aa8a_1.jpg?strip=all\",\"width\":900,\"height\":900},{\"@type\":\"BreadcrumbList\",\"@id\":\"https:\\\/\\\/lovme.pt\\\/index.php\\\/produto\\\/hot-nature-glide-lubrificante-a-base-de-agua-100ml\\\/#breadcrumb\",\"itemListElement\":[{\"@type\":\"ListItem\",\"position\":1,\"name\":\"In\u00edcio\",\"item\":\"https:\\\/\\\/lovme.pt\\\/\"},{\"@type\":\"ListItem\",\"position\":2,\"name\":\"Loja\",\"item\":\"https:\\\/\\\/lovme.pt\\\/index.php\\\/loja\\\/\"},{\"@type\":\"ListItem\",\"position\":3,\"name\":\"HOT &#8211; NATURE GLIDE LUBRIFICANTE \u00c0 BASE DE \u00c1GUA 100ML\"}]},{\"@type\":\"WebSite\",\"@id\":\"https:\\\/\\\/lovme.pt\\\/#website\",\"url\":\"https:\\\/\\\/lovme.pt\\\/\",\"name\":\"Lovme Loja Er\u00f3tica N\u00ba1 em Portugal\",\"description\":\"A melhor loja er\u00f3tica de Portugal.\",\"alternateName\":\"Loja Er\u00f3tica Lovme\",\"potentialAction\":[{\"@type\":\"SearchAction\",\"target\":{\"@type\":\"EntryPoint\",\"urlTemplate\":\"https:\\\/\\\/lovme.pt\\\/?s={search_term_string}\"},\"query-input\":{\"@type\":\"PropertyValueSpecification\",\"valueRequired\":true,\"valueName\":\"search_term_string\"}}],\"inLanguage\":\"pt-PT\"}]}<\/script>\n<!-- \/ Yoast SEO plugin. -->","yoast_head_json":{"title":"HOT - NATURE GLIDE LUBRIFICANTE \u00c0 BASE DE \u00c1GUA 100ML - Lovme","robots":{"index":"index","follow":"follow","max-snippet":"max-snippet:-1","max-image-preview":"max-image-preview:large","max-video-preview":"max-video-preview:-1"},"canonical":"https:\/\/lovme.pt\/index.php\/produto\/hot-nature-glide-lubrificante-a-base-de-agua-100ml\/","og_locale":"pt_PT","og_type":"article","og_title":"HOT - NATURE GLIDE LUBRIFICANTE \u00c0 BASE DE \u00c1GUA 100ML - Lovme","og_description":"HOT - NATURE GLIDE LUBRIFICANTE \u00c0 BASE DE \u00c1GUA 100ML","og_url":"https:\/\/lovme.pt\/index.php\/produto\/hot-nature-glide-lubrificante-a-base-de-agua-100ml\/","og_site_name":"Lovme","article_modified_time":"2026-02-20T04:00:54+00:00","og_image":[{"width":900,"height":900,"url":"https:\/\/erki24nd3ub.exactdn.com\/wp-content\/uploads\/dream\/img\/img_220752_a760fe5e1aa55ebea964e41a7407aa8a_1.jpg?strip=all","type":"image\/jpeg"}],"twitter_card":"summary_large_image","twitter_misc":{"Tempo estimado de leitura":"1 minuto"},"schema":{"@context":"https:\/\/schema.org","@graph":[{"@type":"WebPage","@id":"https:\/\/lovme.pt\/index.php\/produto\/hot-nature-glide-lubrificante-a-base-de-agua-100ml\/","url":"https:\/\/lovme.pt\/index.php\/produto\/hot-nature-glide-lubrificante-a-base-de-agua-100ml\/","name":"HOT - NATURE GLIDE LUBRIFICANTE \u00c0 BASE DE \u00c1GUA 100ML - Lovme","isPartOf":{"@id":"https:\/\/lovme.pt\/#website"},"primaryImageOfPage":{"@id":"https:\/\/lovme.pt\/index.php\/produto\/hot-nature-glide-lubrificante-a-base-de-agua-100ml\/#primaryimage"},"image":{"@id":"https:\/\/lovme.pt\/index.php\/produto\/hot-nature-glide-lubrificante-a-base-de-agua-100ml\/#primaryimage"},"thumbnailUrl":"https:\/\/erki24nd3ub.exactdn.com\/wp-content\/uploads\/dream\/img\/img_220752_a760fe5e1aa55ebea964e41a7407aa8a_1.jpg?strip=all","datePublished":"2026-02-19T20:02:05+00:00","dateModified":"2026-02-20T04:00:54+00:00","breadcrumb":{"@id":"https:\/\/lovme.pt\/index.php\/produto\/hot-nature-glide-lubrificante-a-base-de-agua-100ml\/#breadcrumb"},"inLanguage":"pt-PT","potentialAction":[{"@type":"ReadAction","target":["https:\/\/lovme.pt\/index.php\/produto\/hot-nature-glide-lubrificante-a-base-de-agua-100ml\/"]}]},{"@type":"ImageObject","inLanguage":"pt-PT","@id":"https:\/\/lovme.pt\/index.php\/produto\/hot-nature-glide-lubrificante-a-base-de-agua-100ml\/#primaryimage","url":"https:\/\/erki24nd3ub.exactdn.com\/wp-content\/uploads\/dream\/img\/img_220752_a760fe5e1aa55ebea964e41a7407aa8a_1.jpg?strip=all","contentUrl":"https:\/\/erki24nd3ub.exactdn.com\/wp-content\/uploads\/dream\/img\/img_220752_a760fe5e1aa55ebea964e41a7407aa8a_1.jpg?strip=all","width":900,"height":900},{"@type":"BreadcrumbList","@id":"https:\/\/lovme.pt\/index.php\/produto\/hot-nature-glide-lubrificante-a-base-de-agua-100ml\/#breadcrumb","itemListElement":[{"@type":"ListItem","position":1,"name":"In\u00edcio","item":"https:\/\/lovme.pt\/"},{"@type":"ListItem","position":2,"name":"Loja","item":"https:\/\/lovme.pt\/index.php\/loja\/"},{"@type":"ListItem","position":3,"name":"HOT &#8211; NATURE GLIDE LUBRIFICANTE \u00c0 BASE DE \u00c1GUA 100ML"}]},{"@type":"WebSite","@id":"https:\/\/lovme.pt\/#website","url":"https:\/\/lovme.pt\/","name":"Lovme Loja Er\u00f3tica N\u00ba1 em Portugal","description":"A melhor loja er\u00f3tica de Portugal.","alternateName":"Loja Er\u00f3tica Lovme","potentialAction":[{"@type":"SearchAction","target":{"@type":"EntryPoint","urlTemplate":"https:\/\/lovme.pt\/?s={search_term_string}"},"query-input":{"@type":"PropertyValueSpecification","valueRequired":true,"valueName":"search_term_string"}}],"inLanguage":"pt-PT"}]}},"_links":{"self":[{"href":"https:\/\/lovme.pt\/index.php\/wp-json\/wp\/v2\/product\/107194","targetHints":{"allow":["GET"]}}],"collection":[{"href":"https:\/\/lovme.pt\/index.php\/wp-json\/wp\/v2\/product"}],"about":[{"href":"https:\/\/lovme.pt\/index.php\/wp-json\/wp\/v2\/types\/product"}],"wp:featuredmedia":[{"embeddable":true,"href":"https:\/\/lovme.pt\/index.php\/wp-json\/wp\/v2\/media\/107195"}],"wp:attachment":[{"href":"https:\/\/lovme.pt\/index.php\/wp-json\/wp\/v2\/media?parent=107194"}],"wp:term":[{"taxonomy":"product_brand","embeddable":true,"href":"https:\/\/lovme.pt\/index.php\/wp-json\/wp\/v2\/product_brand?post=107194"},{"taxonomy":"product_cat","embeddable":true,"href":"https:\/\/lovme.pt\/index.php\/wp-json\/wp\/v2\/product_cat?post=107194"},{"taxonomy":"product_tag","embeddable":true,"href":"https:\/\/lovme.pt\/index.php\/wp-json\/wp\/v2\/product_tag?post=107194"}],"curies":[{"name":"wp","href":"https:\/\/api.w.org\/{rel}","templated":true}]}}