{"id":106658,"date":"2026-02-03T18:05:20","date_gmt":"2026-02-03T18:05:20","guid":{"rendered":"https:\/\/lovme.pt\/?post_type=product&p=106658"},"modified":"2026-02-20T04:01:51","modified_gmt":"2026-02-20T04:01:51","slug":"ibiza-vibrador-de-ponto-g-10-vibracoes-recarregavel","status":"publish","type":"product","link":"https:\/\/lovme.pt\/index.php\/produto\/ibiza-vibrador-de-ponto-g-10-vibracoes-recarregavel\/","title":{"rendered":"IBIZA &#8211; VIBRADOR DE PONTO G 10 VIBRA\u00c7\u00d5ES RECARREG\u00c1VEL"},"content":{"rendered":"<p>Projetado para proporcionar prazer intenso e preciso, o vibrador Ibiza G-Spot combina pot\u00eancia, conforto e seguran\u00e7a. Seu motor potente possui 10 frequ\u00eancias de vibra\u00e7\u00e3o que se adaptam a diferentes ritmos e sensa\u00e7\u00f5es, permitindo uma experi\u00eancia totalmente personalizada.<\/p>\n<p>Feito de silicone e ABS seguros para o corpo, \u00e9 seguro para a pele, macio ao toque e suave para a pele. Seu design \u00e0 prova d\u00e1gua permite o uso em diferentes ambientes e facilita a limpeza. Tamb\u00e9m inclui um sistema de carregamento magn\u00e9tico moderno e pr\u00e1tico para recarregar sem esfor\u00e7o.<\/p>\n<p><u><strong>CARACTER\u00cdSTICAS<\/strong><\/u> :<\/p>\n<ul>\n<li>Estimula\u00e7\u00e3o direcionada do ponto G<\/li>\n<li>10 modos de vibra\u00e7\u00e3o<\/li>\n<li>Motor potente<\/li>\n<li>Carregador magn\u00e9tico<\/li>\n<li>Imperme\u00e1vel<\/li>\n<li>Material: Silicone e ABS<\/li>\n<li>Peso: 105 g<\/li>\n<li>Dimens\u00f5es:\n<ul>\n<li>Comprimento total: 205 mm<\/li>\n<li>Comprimento inser\u00edvel: 150 mm<\/li>\n<\/ul>\n<\/li>\n<\/ul>\n<p><strong>Ibiza<\/strong> \u00e9 uma marca de bem-estar sexual que combina eleg\u00e2ncia, inova\u00e7\u00e3o e prazer. Inspirada na ess\u00eancia descontra\u00edda e sofisticada da ilha, oferece produtos de alta qualidade com designs refinados e materiais premium. Uma cole\u00e7\u00e3o criada para transformar experi\u00eancias \u00edntimas em algo \u00fanico, sensual e cheio de estilo.<\/p>\n","protected":false},"excerpt":{"rendered":"<p>IBIZA &#8211; VIBRADOR DE PONTO G 10 VIBRA\u00c7\u00d5ES RECARREG\u00c1VEL<\/p>\n","protected":false},"featured_media":106659,"template":"","meta":{"_acf_changed":false},"product_brand":[],"product_cat":[17,88,76],"product_tag":[],"class_list":{"0":"post-106658","1":"product","2":"type-product","3":"status-publish","4":"has-post-thumbnail","6":"product_cat-brinquedos-de-bem-estar-sexual","7":"product_cat-novidades","8":"product_cat-vibradores","9":"yith_product_brand-ibiza-technology","11":"first","12":"instock","13":"taxable","14":"shipping-taxable","15":"purchasable","16":"product-type-simple"},"acf":[],"yoast_head":"<!-- This site is optimized with the Yoast SEO plugin v27.4 - https:\/\/yoast.com\/product\/yoast-seo-wordpress\/ -->\n<title>IBIZA - VIBRADOR DE PONTO G 10 VIBRA\u00c7\u00d5ES RECARREG\u00c1VEL - Lovme<\/title>\n<meta name=\"robots\" content=\"index, follow, max-snippet:-1, max-image-preview:large, max-video-preview:-1\" \/>\n<link rel=\"canonical\" href=\"https:\/\/lovme.pt\/index.php\/produto\/ibiza-vibrador-de-ponto-g-10-vibracoes-recarregavel\/\" \/>\n<meta property=\"og:locale\" content=\"pt_PT\" \/>\n<meta property=\"og:type\" content=\"article\" \/>\n<meta property=\"og:title\" content=\"IBIZA - VIBRADOR DE PONTO G 10 VIBRA\u00c7\u00d5ES RECARREG\u00c1VEL - Lovme\" \/>\n<meta property=\"og:description\" content=\"IBIZA - VIBRADOR DE PONTO G 10 VIBRA\u00c7\u00d5ES RECARREG\u00c1VEL\" \/>\n<meta property=\"og:url\" content=\"https:\/\/lovme.pt\/index.php\/produto\/ibiza-vibrador-de-ponto-g-10-vibracoes-recarregavel\/\" \/>\n<meta property=\"og:site_name\" content=\"Lovme\" \/>\n<meta property=\"article:modified_time\" content=\"2026-02-20T04:01:51+00:00\" \/>\n<meta property=\"og:image\" content=\"https:\/\/erki24nd3ub.exactdn.com\/wp-content\/uploads\/dream\/img\/img_218003_80cbd8b0335c0cabdba0ef22181281e6_1.png?strip=all\" \/>\n\t<meta property=\"og:image:width\" content=\"900\" \/>\n\t<meta property=\"og:image:height\" content=\"900\" \/>\n\t<meta property=\"og:image:type\" content=\"image\/png\" \/>\n<meta name=\"twitter:card\" content=\"summary_large_image\" \/>\n<meta name=\"twitter:label1\" content=\"Tempo estimado de leitura\" \/>\n\t<meta name=\"twitter:data1\" content=\"1 minuto\" \/>\n<script type=\"application\/ld+json\" class=\"yoast-schema-graph\">{\"@context\":\"https:\\\/\\\/schema.org\",\"@graph\":[{\"@type\":\"WebPage\",\"@id\":\"https:\\\/\\\/lovme.pt\\\/index.php\\\/produto\\\/ibiza-vibrador-de-ponto-g-10-vibracoes-recarregavel\\\/\",\"url\":\"https:\\\/\\\/lovme.pt\\\/index.php\\\/produto\\\/ibiza-vibrador-de-ponto-g-10-vibracoes-recarregavel\\\/\",\"name\":\"IBIZA - VIBRADOR DE PONTO G 10 VIBRA\u00c7\u00d5ES RECARREG\u00c1VEL - Lovme\",\"isPartOf\":{\"@id\":\"https:\\\/\\\/lovme.pt\\\/#website\"},\"primaryImageOfPage\":{\"@id\":\"https:\\\/\\\/lovme.pt\\\/index.php\\\/produto\\\/ibiza-vibrador-de-ponto-g-10-vibracoes-recarregavel\\\/#primaryimage\"},\"image\":{\"@id\":\"https:\\\/\\\/lovme.pt\\\/index.php\\\/produto\\\/ibiza-vibrador-de-ponto-g-10-vibracoes-recarregavel\\\/#primaryimage\"},\"thumbnailUrl\":\"https:\\\/\\\/erki24nd3ub.exactdn.com\\\/wp-content\\\/uploads\\\/dream\\\/img\\\/img_218003_80cbd8b0335c0cabdba0ef22181281e6_1.png?strip=all\",\"datePublished\":\"2026-02-03T18:05:20+00:00\",\"dateModified\":\"2026-02-20T04:01:51+00:00\",\"breadcrumb\":{\"@id\":\"https:\\\/\\\/lovme.pt\\\/index.php\\\/produto\\\/ibiza-vibrador-de-ponto-g-10-vibracoes-recarregavel\\\/#breadcrumb\"},\"inLanguage\":\"pt-PT\",\"potentialAction\":[{\"@type\":\"ReadAction\",\"target\":[\"https:\\\/\\\/lovme.pt\\\/index.php\\\/produto\\\/ibiza-vibrador-de-ponto-g-10-vibracoes-recarregavel\\\/\"]}]},{\"@type\":\"ImageObject\",\"inLanguage\":\"pt-PT\",\"@id\":\"https:\\\/\\\/lovme.pt\\\/index.php\\\/produto\\\/ibiza-vibrador-de-ponto-g-10-vibracoes-recarregavel\\\/#primaryimage\",\"url\":\"https:\\\/\\\/erki24nd3ub.exactdn.com\\\/wp-content\\\/uploads\\\/dream\\\/img\\\/img_218003_80cbd8b0335c0cabdba0ef22181281e6_1.png?strip=all\",\"contentUrl\":\"https:\\\/\\\/erki24nd3ub.exactdn.com\\\/wp-content\\\/uploads\\\/dream\\\/img\\\/img_218003_80cbd8b0335c0cabdba0ef22181281e6_1.png?strip=all\",\"width\":900,\"height\":900},{\"@type\":\"BreadcrumbList\",\"@id\":\"https:\\\/\\\/lovme.pt\\\/index.php\\\/produto\\\/ibiza-vibrador-de-ponto-g-10-vibracoes-recarregavel\\\/#breadcrumb\",\"itemListElement\":[{\"@type\":\"ListItem\",\"position\":1,\"name\":\"In\u00edcio\",\"item\":\"https:\\\/\\\/lovme.pt\\\/\"},{\"@type\":\"ListItem\",\"position\":2,\"name\":\"Loja\",\"item\":\"https:\\\/\\\/lovme.pt\\\/index.php\\\/loja\\\/\"},{\"@type\":\"ListItem\",\"position\":3,\"name\":\"IBIZA &#8211; VIBRADOR DE PONTO G 10 VIBRA\u00c7\u00d5ES RECARREG\u00c1VEL\"}]},{\"@type\":\"WebSite\",\"@id\":\"https:\\\/\\\/lovme.pt\\\/#website\",\"url\":\"https:\\\/\\\/lovme.pt\\\/\",\"name\":\"Lovme Loja Er\u00f3tica N\u00ba1 em Portugal\",\"description\":\"A melhor loja er\u00f3tica de Portugal.\",\"alternateName\":\"Loja Er\u00f3tica Lovme\",\"potentialAction\":[{\"@type\":\"SearchAction\",\"target\":{\"@type\":\"EntryPoint\",\"urlTemplate\":\"https:\\\/\\\/lovme.pt\\\/?s={search_term_string}\"},\"query-input\":{\"@type\":\"PropertyValueSpecification\",\"valueRequired\":true,\"valueName\":\"search_term_string\"}}],\"inLanguage\":\"pt-PT\"}]}<\/script>\n<!-- \/ Yoast SEO plugin. -->","yoast_head_json":{"title":"IBIZA - VIBRADOR DE PONTO G 10 VIBRA\u00c7\u00d5ES RECARREG\u00c1VEL - Lovme","robots":{"index":"index","follow":"follow","max-snippet":"max-snippet:-1","max-image-preview":"max-image-preview:large","max-video-preview":"max-video-preview:-1"},"canonical":"https:\/\/lovme.pt\/index.php\/produto\/ibiza-vibrador-de-ponto-g-10-vibracoes-recarregavel\/","og_locale":"pt_PT","og_type":"article","og_title":"IBIZA - VIBRADOR DE PONTO G 10 VIBRA\u00c7\u00d5ES RECARREG\u00c1VEL - Lovme","og_description":"IBIZA - VIBRADOR DE PONTO G 10 VIBRA\u00c7\u00d5ES RECARREG\u00c1VEL","og_url":"https:\/\/lovme.pt\/index.php\/produto\/ibiza-vibrador-de-ponto-g-10-vibracoes-recarregavel\/","og_site_name":"Lovme","article_modified_time":"2026-02-20T04:01:51+00:00","og_image":[{"width":900,"height":900,"url":"https:\/\/erki24nd3ub.exactdn.com\/wp-content\/uploads\/dream\/img\/img_218003_80cbd8b0335c0cabdba0ef22181281e6_1.png?strip=all","type":"image\/png"}],"twitter_card":"summary_large_image","twitter_misc":{"Tempo estimado de leitura":"1 minuto"},"schema":{"@context":"https:\/\/schema.org","@graph":[{"@type":"WebPage","@id":"https:\/\/lovme.pt\/index.php\/produto\/ibiza-vibrador-de-ponto-g-10-vibracoes-recarregavel\/","url":"https:\/\/lovme.pt\/index.php\/produto\/ibiza-vibrador-de-ponto-g-10-vibracoes-recarregavel\/","name":"IBIZA - VIBRADOR DE PONTO G 10 VIBRA\u00c7\u00d5ES RECARREG\u00c1VEL - Lovme","isPartOf":{"@id":"https:\/\/lovme.pt\/#website"},"primaryImageOfPage":{"@id":"https:\/\/lovme.pt\/index.php\/produto\/ibiza-vibrador-de-ponto-g-10-vibracoes-recarregavel\/#primaryimage"},"image":{"@id":"https:\/\/lovme.pt\/index.php\/produto\/ibiza-vibrador-de-ponto-g-10-vibracoes-recarregavel\/#primaryimage"},"thumbnailUrl":"https:\/\/erki24nd3ub.exactdn.com\/wp-content\/uploads\/dream\/img\/img_218003_80cbd8b0335c0cabdba0ef22181281e6_1.png?strip=all","datePublished":"2026-02-03T18:05:20+00:00","dateModified":"2026-02-20T04:01:51+00:00","breadcrumb":{"@id":"https:\/\/lovme.pt\/index.php\/produto\/ibiza-vibrador-de-ponto-g-10-vibracoes-recarregavel\/#breadcrumb"},"inLanguage":"pt-PT","potentialAction":[{"@type":"ReadAction","target":["https:\/\/lovme.pt\/index.php\/produto\/ibiza-vibrador-de-ponto-g-10-vibracoes-recarregavel\/"]}]},{"@type":"ImageObject","inLanguage":"pt-PT","@id":"https:\/\/lovme.pt\/index.php\/produto\/ibiza-vibrador-de-ponto-g-10-vibracoes-recarregavel\/#primaryimage","url":"https:\/\/erki24nd3ub.exactdn.com\/wp-content\/uploads\/dream\/img\/img_218003_80cbd8b0335c0cabdba0ef22181281e6_1.png?strip=all","contentUrl":"https:\/\/erki24nd3ub.exactdn.com\/wp-content\/uploads\/dream\/img\/img_218003_80cbd8b0335c0cabdba0ef22181281e6_1.png?strip=all","width":900,"height":900},{"@type":"BreadcrumbList","@id":"https:\/\/lovme.pt\/index.php\/produto\/ibiza-vibrador-de-ponto-g-10-vibracoes-recarregavel\/#breadcrumb","itemListElement":[{"@type":"ListItem","position":1,"name":"In\u00edcio","item":"https:\/\/lovme.pt\/"},{"@type":"ListItem","position":2,"name":"Loja","item":"https:\/\/lovme.pt\/index.php\/loja\/"},{"@type":"ListItem","position":3,"name":"IBIZA &#8211; VIBRADOR DE PONTO G 10 VIBRA\u00c7\u00d5ES RECARREG\u00c1VEL"}]},{"@type":"WebSite","@id":"https:\/\/lovme.pt\/#website","url":"https:\/\/lovme.pt\/","name":"Lovme Loja Er\u00f3tica N\u00ba1 em Portugal","description":"A melhor loja er\u00f3tica de Portugal.","alternateName":"Loja Er\u00f3tica Lovme","potentialAction":[{"@type":"SearchAction","target":{"@type":"EntryPoint","urlTemplate":"https:\/\/lovme.pt\/?s={search_term_string}"},"query-input":{"@type":"PropertyValueSpecification","valueRequired":true,"valueName":"search_term_string"}}],"inLanguage":"pt-PT"}]}},"_links":{"self":[{"href":"https:\/\/lovme.pt\/index.php\/wp-json\/wp\/v2\/product\/106658","targetHints":{"allow":["GET"]}}],"collection":[{"href":"https:\/\/lovme.pt\/index.php\/wp-json\/wp\/v2\/product"}],"about":[{"href":"https:\/\/lovme.pt\/index.php\/wp-json\/wp\/v2\/types\/product"}],"wp:featuredmedia":[{"embeddable":true,"href":"https:\/\/lovme.pt\/index.php\/wp-json\/wp\/v2\/media\/106659"}],"wp:attachment":[{"href":"https:\/\/lovme.pt\/index.php\/wp-json\/wp\/v2\/media?parent=106658"}],"wp:term":[{"taxonomy":"product_brand","embeddable":true,"href":"https:\/\/lovme.pt\/index.php\/wp-json\/wp\/v2\/product_brand?post=106658"},{"taxonomy":"product_cat","embeddable":true,"href":"https:\/\/lovme.pt\/index.php\/wp-json\/wp\/v2\/product_cat?post=106658"},{"taxonomy":"product_tag","embeddable":true,"href":"https:\/\/lovme.pt\/index.php\/wp-json\/wp\/v2\/product_tag?post=106658"}],"curies":[{"name":"wp","href":"https:\/\/api.w.org\/{rel}","templated":true}]}}