{"id":106526,"date":"2026-01-30T10:01:05","date_gmt":"2026-01-30T10:01:05","guid":{"rendered":"https:\/\/lovme.pt\/?post_type=product&p=106526"},"modified":"2026-02-19T20:09:50","modified_gmt":"2026-02-19T20:09:50","slug":"sheer-glyde-dams-laminas-latex-sexo-oral-uvas","status":"publish","type":"product","link":"https:\/\/lovme.pt\/index.php\/produto\/sheer-glyde-dams-laminas-latex-sexo-oral-uvas\/","title":{"rendered":"SHEER GLYDE &#8211; DAMS LAMINAS LATEX SEXO ORAL UVAS"},"content":{"rendered":"<p>As barreiras SHEER GLYDE s\u00e3o uma folha de l\u00e1tex fina e sedosa de 25 cm x 15 cm (10 polegadas x 6 polegadas) especialmente projetada como uma barreira para uso durante o sexo oral (cunnilingus \u2014 sexo oral-vaginal ou rimming \u2014 sexo oral\/anal).<\/p>\n<p>A maioria dos homens e mulheres n\u00e3o compreende o risco a que se exp\u00f5em ao praticar sexo oral sem prote\u00e7\u00e3o.<\/p>\n<p>Durante o sexo oral, a menos que seja utilizado um produto de barreira, muitas infec\u00e7\u00f5es podem ser transmitidas, incluindo herpes genital, clam\u00eddia, s\u00edfilis, gonorreia e HIV\/AIDS. As barreiras de l\u00e1tex SHEER GLYDE, quando usadas corretamente, ajudam a reduzir o risco de infec\u00e7\u00f5es sexualmente transmiss\u00edveis (ISTs).<\/p>\n<p>A barreira SHEER GLYDE DAM foi desenvolvida em resposta \u00e0 necessidade de um produto de barreira para sexo oral seguro e \u00e9 propriedade registrada e comercializada da GLYDE Health Pty Ltd. \u00c9 tamb\u00e9m o \u00fanico produto de barreira aprovado pelo FDA e pela Comiss\u00e3o Europeia (CE) para prote\u00e7\u00e3o contra ISTs durante o sexo oral. Al\u00e9m disso, a SHEER Dam \u00e9 o produto de refer\u00eancia para a Standards Australia, o \u00f3rg\u00e3o oficial de autoriza\u00e7\u00e3o do Governo Federal Australiano. A barreira dental nunca foi concebida para, nem foi testada para, nem comprovada como eficaz na preven\u00e7\u00e3o da transmiss\u00e3o de ISTs.<\/p>\n<ul>\n<li>Aroma: UVA<\/li>\n<li>Vaginal e anal<\/li>\n<li>4 unidades<\/li>\n<\/ul>\n","protected":false},"excerpt":{"rendered":"<p>SHEER GLYDE &#8211; DAMS LAMINAS LATEX SEXO ORAL UVAS<\/p>\n","protected":false},"featured_media":106527,"template":"","meta":{"_acf_changed":false},"product_brand":[],"product_cat":[49,53,88,73],"product_tag":[],"class_list":{"0":"post-106526","1":"product","2":"type-product","3":"status-publish","4":"has-post-thumbnail","6":"product_cat-cosmeticos","7":"product_cat-lubrificantes-intimos","8":"product_cat-novidades","9":"product_cat-preservativos","10":"yith_product_brand-sheer-glyde","12":"first","13":"instock","14":"taxable","15":"shipping-taxable","16":"purchasable","17":"product-type-simple"},"acf":[],"yoast_head":"<!-- This site is optimized with the Yoast SEO plugin v27.3 - https:\/\/yoast.com\/product\/yoast-seo-wordpress\/ -->\n<title>SHEER GLYDE - DAMS LAMINAS LATEX SEXO ORAL UVAS - Lovme<\/title>\n<meta name=\"robots\" content=\"index, follow, max-snippet:-1, max-image-preview:large, max-video-preview:-1\" \/>\n<link rel=\"canonical\" href=\"https:\/\/lovme.pt\/index.php\/produto\/sheer-glyde-dams-laminas-latex-sexo-oral-uvas\/\" \/>\n<meta property=\"og:locale\" content=\"pt_PT\" \/>\n<meta property=\"og:type\" content=\"article\" \/>\n<meta property=\"og:title\" content=\"SHEER GLYDE - DAMS LAMINAS LATEX SEXO ORAL UVAS - Lovme\" \/>\n<meta property=\"og:description\" content=\"SHEER GLYDE - DAMS LAMINAS LATEX SEXO ORAL UVAS\" \/>\n<meta property=\"og:url\" content=\"https:\/\/lovme.pt\/index.php\/produto\/sheer-glyde-dams-laminas-latex-sexo-oral-uvas\/\" \/>\n<meta property=\"og:site_name\" content=\"Lovme\" \/>\n<meta property=\"article:modified_time\" content=\"2026-02-19T20:09:50+00:00\" \/>\n<meta property=\"og:image\" content=\"https:\/\/erki24nd3ub.exactdn.com\/wp-content\/uploads\/dream\/img\/img_219627_c93dacb46dc05a6c6c5f0e143ee089e9_1.jpg?strip=all\" \/>\n\t<meta property=\"og:image:width\" content=\"900\" \/>\n\t<meta property=\"og:image:height\" content=\"900\" \/>\n\t<meta property=\"og:image:type\" content=\"image\/jpeg\" \/>\n<meta name=\"twitter:card\" content=\"summary_large_image\" \/>\n<meta name=\"twitter:label1\" content=\"Tempo estimado de leitura\" \/>\n\t<meta name=\"twitter:data1\" content=\"1 minuto\" \/>\n<script type=\"application\/ld+json\" class=\"yoast-schema-graph\">{\"@context\":\"https:\\\/\\\/schema.org\",\"@graph\":[{\"@type\":\"WebPage\",\"@id\":\"https:\\\/\\\/lovme.pt\\\/index.php\\\/produto\\\/sheer-glyde-dams-laminas-latex-sexo-oral-uvas\\\/\",\"url\":\"https:\\\/\\\/lovme.pt\\\/index.php\\\/produto\\\/sheer-glyde-dams-laminas-latex-sexo-oral-uvas\\\/\",\"name\":\"SHEER GLYDE - DAMS LAMINAS LATEX SEXO ORAL UVAS - Lovme\",\"isPartOf\":{\"@id\":\"https:\\\/\\\/lovme.pt\\\/#website\"},\"primaryImageOfPage\":{\"@id\":\"https:\\\/\\\/lovme.pt\\\/index.php\\\/produto\\\/sheer-glyde-dams-laminas-latex-sexo-oral-uvas\\\/#primaryimage\"},\"image\":{\"@id\":\"https:\\\/\\\/lovme.pt\\\/index.php\\\/produto\\\/sheer-glyde-dams-laminas-latex-sexo-oral-uvas\\\/#primaryimage\"},\"thumbnailUrl\":\"https:\\\/\\\/erki24nd3ub.exactdn.com\\\/wp-content\\\/uploads\\\/dream\\\/img\\\/img_219627_c93dacb46dc05a6c6c5f0e143ee089e9_1.jpg?strip=all\",\"datePublished\":\"2026-01-30T10:01:05+00:00\",\"dateModified\":\"2026-02-19T20:09:50+00:00\",\"breadcrumb\":{\"@id\":\"https:\\\/\\\/lovme.pt\\\/index.php\\\/produto\\\/sheer-glyde-dams-laminas-latex-sexo-oral-uvas\\\/#breadcrumb\"},\"inLanguage\":\"pt-PT\",\"potentialAction\":[{\"@type\":\"ReadAction\",\"target\":[\"https:\\\/\\\/lovme.pt\\\/index.php\\\/produto\\\/sheer-glyde-dams-laminas-latex-sexo-oral-uvas\\\/\"]}]},{\"@type\":\"ImageObject\",\"inLanguage\":\"pt-PT\",\"@id\":\"https:\\\/\\\/lovme.pt\\\/index.php\\\/produto\\\/sheer-glyde-dams-laminas-latex-sexo-oral-uvas\\\/#primaryimage\",\"url\":\"https:\\\/\\\/erki24nd3ub.exactdn.com\\\/wp-content\\\/uploads\\\/dream\\\/img\\\/img_219627_c93dacb46dc05a6c6c5f0e143ee089e9_1.jpg?strip=all\",\"contentUrl\":\"https:\\\/\\\/erki24nd3ub.exactdn.com\\\/wp-content\\\/uploads\\\/dream\\\/img\\\/img_219627_c93dacb46dc05a6c6c5f0e143ee089e9_1.jpg?strip=all\",\"width\":900,\"height\":900},{\"@type\":\"BreadcrumbList\",\"@id\":\"https:\\\/\\\/lovme.pt\\\/index.php\\\/produto\\\/sheer-glyde-dams-laminas-latex-sexo-oral-uvas\\\/#breadcrumb\",\"itemListElement\":[{\"@type\":\"ListItem\",\"position\":1,\"name\":\"In\u00edcio\",\"item\":\"https:\\\/\\\/lovme.pt\\\/\"},{\"@type\":\"ListItem\",\"position\":2,\"name\":\"Loja\",\"item\":\"https:\\\/\\\/lovme.pt\\\/index.php\\\/loja\\\/\"},{\"@type\":\"ListItem\",\"position\":3,\"name\":\"SHEER GLYDE &#8211; DAMS LAMINAS LATEX SEXO ORAL UVAS\"}]},{\"@type\":\"WebSite\",\"@id\":\"https:\\\/\\\/lovme.pt\\\/#website\",\"url\":\"https:\\\/\\\/lovme.pt\\\/\",\"name\":\"Lovme Loja Er\u00f3tica N\u00ba1 em Portugal\",\"description\":\"A melhor loja er\u00f3tica de Portugal.\",\"alternateName\":\"Loja Er\u00f3tica Lovme\",\"potentialAction\":[{\"@type\":\"SearchAction\",\"target\":{\"@type\":\"EntryPoint\",\"urlTemplate\":\"https:\\\/\\\/lovme.pt\\\/?s={search_term_string}\"},\"query-input\":{\"@type\":\"PropertyValueSpecification\",\"valueRequired\":true,\"valueName\":\"search_term_string\"}}],\"inLanguage\":\"pt-PT\"}]}<\/script>\n<!-- \/ Yoast SEO plugin. -->","yoast_head_json":{"title":"SHEER GLYDE - DAMS LAMINAS LATEX SEXO ORAL UVAS - Lovme","robots":{"index":"index","follow":"follow","max-snippet":"max-snippet:-1","max-image-preview":"max-image-preview:large","max-video-preview":"max-video-preview:-1"},"canonical":"https:\/\/lovme.pt\/index.php\/produto\/sheer-glyde-dams-laminas-latex-sexo-oral-uvas\/","og_locale":"pt_PT","og_type":"article","og_title":"SHEER GLYDE - DAMS LAMINAS LATEX SEXO ORAL UVAS - Lovme","og_description":"SHEER GLYDE - DAMS LAMINAS LATEX SEXO ORAL UVAS","og_url":"https:\/\/lovme.pt\/index.php\/produto\/sheer-glyde-dams-laminas-latex-sexo-oral-uvas\/","og_site_name":"Lovme","article_modified_time":"2026-02-19T20:09:50+00:00","og_image":[{"width":900,"height":900,"url":"https:\/\/erki24nd3ub.exactdn.com\/wp-content\/uploads\/dream\/img\/img_219627_c93dacb46dc05a6c6c5f0e143ee089e9_1.jpg?strip=all","type":"image\/jpeg"}],"twitter_card":"summary_large_image","twitter_misc":{"Tempo estimado de leitura":"1 minuto"},"schema":{"@context":"https:\/\/schema.org","@graph":[{"@type":"WebPage","@id":"https:\/\/lovme.pt\/index.php\/produto\/sheer-glyde-dams-laminas-latex-sexo-oral-uvas\/","url":"https:\/\/lovme.pt\/index.php\/produto\/sheer-glyde-dams-laminas-latex-sexo-oral-uvas\/","name":"SHEER GLYDE - DAMS LAMINAS LATEX SEXO ORAL UVAS - Lovme","isPartOf":{"@id":"https:\/\/lovme.pt\/#website"},"primaryImageOfPage":{"@id":"https:\/\/lovme.pt\/index.php\/produto\/sheer-glyde-dams-laminas-latex-sexo-oral-uvas\/#primaryimage"},"image":{"@id":"https:\/\/lovme.pt\/index.php\/produto\/sheer-glyde-dams-laminas-latex-sexo-oral-uvas\/#primaryimage"},"thumbnailUrl":"https:\/\/erki24nd3ub.exactdn.com\/wp-content\/uploads\/dream\/img\/img_219627_c93dacb46dc05a6c6c5f0e143ee089e9_1.jpg?strip=all","datePublished":"2026-01-30T10:01:05+00:00","dateModified":"2026-02-19T20:09:50+00:00","breadcrumb":{"@id":"https:\/\/lovme.pt\/index.php\/produto\/sheer-glyde-dams-laminas-latex-sexo-oral-uvas\/#breadcrumb"},"inLanguage":"pt-PT","potentialAction":[{"@type":"ReadAction","target":["https:\/\/lovme.pt\/index.php\/produto\/sheer-glyde-dams-laminas-latex-sexo-oral-uvas\/"]}]},{"@type":"ImageObject","inLanguage":"pt-PT","@id":"https:\/\/lovme.pt\/index.php\/produto\/sheer-glyde-dams-laminas-latex-sexo-oral-uvas\/#primaryimage","url":"https:\/\/erki24nd3ub.exactdn.com\/wp-content\/uploads\/dream\/img\/img_219627_c93dacb46dc05a6c6c5f0e143ee089e9_1.jpg?strip=all","contentUrl":"https:\/\/erki24nd3ub.exactdn.com\/wp-content\/uploads\/dream\/img\/img_219627_c93dacb46dc05a6c6c5f0e143ee089e9_1.jpg?strip=all","width":900,"height":900},{"@type":"BreadcrumbList","@id":"https:\/\/lovme.pt\/index.php\/produto\/sheer-glyde-dams-laminas-latex-sexo-oral-uvas\/#breadcrumb","itemListElement":[{"@type":"ListItem","position":1,"name":"In\u00edcio","item":"https:\/\/lovme.pt\/"},{"@type":"ListItem","position":2,"name":"Loja","item":"https:\/\/lovme.pt\/index.php\/loja\/"},{"@type":"ListItem","position":3,"name":"SHEER GLYDE &#8211; DAMS LAMINAS LATEX SEXO ORAL UVAS"}]},{"@type":"WebSite","@id":"https:\/\/lovme.pt\/#website","url":"https:\/\/lovme.pt\/","name":"Lovme Loja Er\u00f3tica N\u00ba1 em Portugal","description":"A melhor loja er\u00f3tica de Portugal.","alternateName":"Loja Er\u00f3tica Lovme","potentialAction":[{"@type":"SearchAction","target":{"@type":"EntryPoint","urlTemplate":"https:\/\/lovme.pt\/?s={search_term_string}"},"query-input":{"@type":"PropertyValueSpecification","valueRequired":true,"valueName":"search_term_string"}}],"inLanguage":"pt-PT"}]}},"_links":{"self":[{"href":"https:\/\/lovme.pt\/index.php\/wp-json\/wp\/v2\/product\/106526","targetHints":{"allow":["GET"]}}],"collection":[{"href":"https:\/\/lovme.pt\/index.php\/wp-json\/wp\/v2\/product"}],"about":[{"href":"https:\/\/lovme.pt\/index.php\/wp-json\/wp\/v2\/types\/product"}],"wp:featuredmedia":[{"embeddable":true,"href":"https:\/\/lovme.pt\/index.php\/wp-json\/wp\/v2\/media\/106527"}],"wp:attachment":[{"href":"https:\/\/lovme.pt\/index.php\/wp-json\/wp\/v2\/media?parent=106526"}],"wp:term":[{"taxonomy":"product_brand","embeddable":true,"href":"https:\/\/lovme.pt\/index.php\/wp-json\/wp\/v2\/product_brand?post=106526"},{"taxonomy":"product_cat","embeddable":true,"href":"https:\/\/lovme.pt\/index.php\/wp-json\/wp\/v2\/product_cat?post=106526"},{"taxonomy":"product_tag","embeddable":true,"href":"https:\/\/lovme.pt\/index.php\/wp-json\/wp\/v2\/product_tag?post=106526"}],"curies":[{"name":"wp","href":"https:\/\/api.w.org\/{rel}","templated":true}]}}