{"id":106443,"date":"2026-01-21T20:07:30","date_gmt":"2026-01-21T20:07:30","guid":{"rendered":"https:\/\/lovme.pt\/?post_type=product&p=106443"},"modified":"2026-04-02T10:12:53","modified_gmt":"2026-04-02T10:12:53","slug":"womanizer-proximo-estimulador-clitorial-preto","status":"publish","type":"product","link":"https:\/\/lovme.pt\/index.php\/produto\/womanizer-proximo-estimulador-clitorial-preto\/","title":{"rendered":"WOMANIZER &#8211; PR\u00d3XIMO ESTIMULADOR CLITORIAL PRETO"},"content":{"rendered":"<p>Estimulador de ar 3D Pleasure com controle de cl\u00edmax, como visto na Netflix. O Womanizer Next proporciona uma estimula\u00e7\u00e3o mais profunda e natural para m\u00faltiplos orgasmos, com n\u00edveis de intensidade personaliz\u00e1veis e funcionamento extremamente silencioso.<\/p>\n<p> Assim como outros modelos da Womanizer, as ondas de ar 3D Pleasure Air nunca tocam a pele; a sensa\u00e7\u00e3o \u00e9 uma combina\u00e7\u00e3o suave de suc\u00e7\u00e3o e pulsa\u00e7\u00f5es delicadas. A estimula\u00e7\u00e3o \u00e9 frequentemente descrita como mais refinada e envolvente, levando a orgasmos mais intensos e satisfat\u00f3rios. A sensa\u00e7\u00e3o \u00e9 profunda e envolve todo o clit\u00f3ris, n\u00e3o apenas a superf\u00edcie. Com 14 n\u00edveis de intensidade e 3 n\u00edveis de Controle de Cl\u00edmax, voc\u00ea tem total controle \u2014 seja para ondas suaves e provocantes ou orgasmos que se intensificam gradualmente.<\/p>\n<p> <strong>Piloto autom\u00e1tico <\/strong> Deixe a Next guiar seu prazer selecionando uma jornada de intensidade predefinida. Entregue o controle ao seu brinquedo e simplesmente aproveite  sem nenhum esfor\u00e7o.<\/p>\n<p> <strong>Silicone macio <\/strong> Totalmente revestido com silicone macio e sedoso que proporciona uma sensa\u00e7\u00e3o incr\u00edvel na pele. Seguro para o corpo e fabricado sem ftalatos, BPA ou l\u00e1tex  para puro prazer t\u00e1til.<\/p>\n<p> <strong>3D Pleasure Air<\/strong>  O 3D Pleasure Air utiliza press\u00e3o de ar pulsante para simular a suc\u00e7\u00e3o natural e proporcionar uma sensa\u00e7\u00e3o mais profunda e realista.<\/p>\n<p> <strong>14 n\u00edveis de intensidade <\/strong> Quer prefira um prazer suave e delicado, uma estimula\u00e7\u00e3o poderosa e intensa ou algo entre os dois, o seu pr\u00f3ximo orgasmo est\u00e1 a apenas um toque de dist\u00e2ncia. Os n\u00edveis de intensidade perfeitamente equilibrados oferecem a configura\u00e7\u00e3o ideal para cada estado de esp\u00edrito.<\/p>\n<p> <strong>\u00c0 prova d\u00e1gua IPX7<\/strong>  Quer mergulhar mais fundo? Gra\u00e7as ao seu design \u00e0 prova d\u00e1gua IPX7, nada impede que voc\u00ea desfrute de um banho longo e relaxante, um chuveiro refrescante ou at\u00e9 mesmo se divirta \u00e0 beira da piscina.<\/p>\n<p> <strong>Controle de Cl\u00edmax <\/strong> O novo recurso Controle de Cl\u00edmax cria uma sensa\u00e7\u00e3o mais profunda e rica, levando nossa estimula\u00e7\u00e3o Pleasure Air original a uma nova dimens\u00e3o 3D. Agora voc\u00ea pode controlar n\u00e3o apenas a velocidade e a intensidade da sua massagem, mas tamb\u00e9m a profundidade das ondas de ar. Os tr\u00eas n\u00edveis de Controle de Cl\u00edmax oferecem uma experi\u00eancia de m\u00faltiplos orgasmos mais completa e refinada.<\/p>\n<p> <strong>Embalagem ecol\u00f3gica<\/strong>  Nossa nova embalagem do Womanizer foi projetada para ser mais recicl\u00e1vel e reduzir o desperd\u00edcio (quase totalmente livre de pl\u00e1stico e feita de fibras vegetais). A caixa pode ser descartada facilmente na lixeira de reciclagem de papel.<\/p>\n<p> <strong>Silencioso como um sussurro<\/strong>  Nosso modelo mais silencioso at\u00e9 hoje, funcionando praticamente sem ru\u00eddo, sem sacrificar a pot\u00eancia. Projetado para discri\u00e7\u00e3o, o Next elimina distra\u00e7\u00f5es e se concentra no puro prazer.<\/p>\n<p> <strong>F\u00e1cil de limpar<\/strong>  A limpeza \u00e9 t\u00e3o f\u00e1cil quanto o uso. Basta usar um produto de limpeza para brinquedos ou \u00e1gua morna e sab\u00e3o antibacteriano.<\/p>\n<p> <strong>Cabe\u00e7a de estimula\u00e7\u00e3o adicional <\/strong> Sabemos que cada corpo \u00e9 diferente e belo. \u00c9 por isso que cada caixa inclui duas cabe\u00e7as de estimula\u00e7\u00e3o de tamanhos diferentes, para que todas possam desfrutar do seu Womanizer.<\/p>\n<p> <strong>Sil\u00eancio Inteligente <\/strong> A inovadora tecnologia Sil\u00eancio Inteligente permite que voc\u00ea satisfa\u00e7a seus desejos. O brinquedo s\u00f3 ativa quando toca a sua pele e entra em modo de espera quando n\u00e3o est\u00e1 em uso. Isso n\u00e3o s\u00f3 o torna mais silencioso, como tamb\u00e9m permite que voc\u00ea se concentre totalmente no momento, sem distra\u00e7\u00f5es.<\/p>\n<\/p>\n<p> <u><strong>CARACTER\u00cdSTICAS:<\/strong><\/u><\/p>\n<ul>\n<li> Preto, roxo escuro, s\u00e1lvia<\/li>\n<li> \u00c0 prova d\u00e1gua IPX7<\/li>\n<li> Dura\u00e7\u00e3o: 240 minutos<\/li>\n<li> Tempo de carregamento: 120 minutos<\/li>\n<li> Materiais: Silicone seguro para o corpo<\/li>\n<li> Peso: 480 gramas<\/li>\n<li> Dimens\u00f5es: Comprimento 17,1 x Largura 5,4 x Altura 5,7<\/li>\n<li> Dimens\u00f5es da embalagem: Comprimento 19,3 x Largura 11,2 x Altura 6,8<\/li>\n<li> A caixa inclui:\n<ul>\n<li> Womanizer Next<\/li>\n<li> Bolsa de armazenamento de algod\u00e3o<\/li>\n<li> Cabe\u00e7a de estimula\u00e7\u00e3o adicional<\/li>\n<li> Guia de in\u00edcio r\u00e1pido<\/li>\n<li> Informa\u00e7\u00f5es sobre conformidade e seguran\u00e7a<\/li>\n<li> Adesivo Memasturbo<\/li>\n<li> Cabo USB com pinos de carregamento magn\u00e9ticos (adaptador CA n\u00e3o inclu\u00eddo)<\/li>\n<\/ul>\n<\/li>\n<\/ul>\n","protected":false},"excerpt":{"rendered":"<p>WOMANIZER &#8211; PR\u00d3XIMO ESTIMULADOR CLITORIAL PRETO<\/p>\n","protected":false},"featured_media":106450,"template":"","meta":{"_acf_changed":false},"product_brand":[],"product_cat":[17,61,64],"product_tag":[],"class_list":{"0":"post-106443","1":"product","2":"type-product","3":"status-publish","4":"has-post-thumbnail","6":"product_cat-brinquedos-de-bem-estar-sexual","7":"product_cat-para-elas","8":"product_cat-sugadores","9":"yith_product_brand-womanizer","11":"first","12":"instock","13":"taxable","14":"shipping-taxable","15":"purchasable","16":"product-type-simple"},"acf":[],"yoast_head":"<!-- This site is optimized with the Yoast SEO plugin v27.4 - https:\/\/yoast.com\/product\/yoast-seo-wordpress\/ -->\n<title>WOMANIZER - PR\u00d3XIMO ESTIMULADOR CLITORIAL PRETO - Lovme<\/title>\n<meta name=\"robots\" content=\"index, follow, max-snippet:-1, max-image-preview:large, max-video-preview:-1\" \/>\n<link rel=\"canonical\" href=\"https:\/\/lovme.pt\/index.php\/produto\/womanizer-proximo-estimulador-clitorial-preto\/\" \/>\n<meta property=\"og:locale\" content=\"pt_PT\" \/>\n<meta property=\"og:type\" content=\"article\" \/>\n<meta property=\"og:title\" content=\"WOMANIZER - PR\u00d3XIMO ESTIMULADOR CLITORIAL PRETO - Lovme\" \/>\n<meta property=\"og:description\" content=\"WOMANIZER - PR\u00d3XIMO ESTIMULADOR CLITORIAL PRETO\" \/>\n<meta property=\"og:url\" content=\"https:\/\/lovme.pt\/index.php\/produto\/womanizer-proximo-estimulador-clitorial-preto\/\" \/>\n<meta property=\"og:site_name\" content=\"Lovme\" \/>\n<meta property=\"article:modified_time\" content=\"2026-04-02T10:12:53+00:00\" \/>\n<meta property=\"og:image\" content=\"https:\/\/erki24nd3ub.exactdn.com\/wp-content\/uploads\/dream\/img\/img_219164_34549478e8d1065cf6e68576d92a77b4_1.png?strip=all\" \/>\n\t<meta property=\"og:image:width\" content=\"900\" \/>\n\t<meta property=\"og:image:height\" content=\"900\" \/>\n\t<meta property=\"og:image:type\" content=\"image\/png\" \/>\n<meta name=\"twitter:card\" content=\"summary_large_image\" \/>\n<meta name=\"twitter:label1\" content=\"Tempo estimado de leitura\" \/>\n\t<meta name=\"twitter:data1\" content=\"3 minutos\" \/>\n<script type=\"application\/ld+json\" class=\"yoast-schema-graph\">{\"@context\":\"https:\\\/\\\/schema.org\",\"@graph\":[{\"@type\":\"WebPage\",\"@id\":\"https:\\\/\\\/lovme.pt\\\/index.php\\\/produto\\\/womanizer-proximo-estimulador-clitorial-preto\\\/\",\"url\":\"https:\\\/\\\/lovme.pt\\\/index.php\\\/produto\\\/womanizer-proximo-estimulador-clitorial-preto\\\/\",\"name\":\"WOMANIZER - PR\u00d3XIMO ESTIMULADOR CLITORIAL PRETO - Lovme\",\"isPartOf\":{\"@id\":\"https:\\\/\\\/lovme.pt\\\/#website\"},\"primaryImageOfPage\":{\"@id\":\"https:\\\/\\\/lovme.pt\\\/index.php\\\/produto\\\/womanizer-proximo-estimulador-clitorial-preto\\\/#primaryimage\"},\"image\":{\"@id\":\"https:\\\/\\\/lovme.pt\\\/index.php\\\/produto\\\/womanizer-proximo-estimulador-clitorial-preto\\\/#primaryimage\"},\"thumbnailUrl\":\"https:\\\/\\\/erki24nd3ub.exactdn.com\\\/wp-content\\\/uploads\\\/dream\\\/img\\\/img_219164_34549478e8d1065cf6e68576d92a77b4_1.png?strip=all\",\"datePublished\":\"2026-01-21T20:07:30+00:00\",\"dateModified\":\"2026-04-02T10:12:53+00:00\",\"breadcrumb\":{\"@id\":\"https:\\\/\\\/lovme.pt\\\/index.php\\\/produto\\\/womanizer-proximo-estimulador-clitorial-preto\\\/#breadcrumb\"},\"inLanguage\":\"pt-PT\",\"potentialAction\":[{\"@type\":\"ReadAction\",\"target\":[\"https:\\\/\\\/lovme.pt\\\/index.php\\\/produto\\\/womanizer-proximo-estimulador-clitorial-preto\\\/\"]}]},{\"@type\":\"ImageObject\",\"inLanguage\":\"pt-PT\",\"@id\":\"https:\\\/\\\/lovme.pt\\\/index.php\\\/produto\\\/womanizer-proximo-estimulador-clitorial-preto\\\/#primaryimage\",\"url\":\"https:\\\/\\\/erki24nd3ub.exactdn.com\\\/wp-content\\\/uploads\\\/dream\\\/img\\\/img_219164_34549478e8d1065cf6e68576d92a77b4_1.png?strip=all\",\"contentUrl\":\"https:\\\/\\\/erki24nd3ub.exactdn.com\\\/wp-content\\\/uploads\\\/dream\\\/img\\\/img_219164_34549478e8d1065cf6e68576d92a77b4_1.png?strip=all\",\"width\":900,\"height\":900},{\"@type\":\"BreadcrumbList\",\"@id\":\"https:\\\/\\\/lovme.pt\\\/index.php\\\/produto\\\/womanizer-proximo-estimulador-clitorial-preto\\\/#breadcrumb\",\"itemListElement\":[{\"@type\":\"ListItem\",\"position\":1,\"name\":\"In\u00edcio\",\"item\":\"https:\\\/\\\/lovme.pt\\\/\"},{\"@type\":\"ListItem\",\"position\":2,\"name\":\"Loja\",\"item\":\"https:\\\/\\\/lovme.pt\\\/index.php\\\/loja\\\/\"},{\"@type\":\"ListItem\",\"position\":3,\"name\":\"WOMANIZER &#8211; PR\u00d3XIMO ESTIMULADOR CLITORIAL PRETO\"}]},{\"@type\":\"WebSite\",\"@id\":\"https:\\\/\\\/lovme.pt\\\/#website\",\"url\":\"https:\\\/\\\/lovme.pt\\\/\",\"name\":\"Lovme Loja Er\u00f3tica N\u00ba1 em Portugal\",\"description\":\"A melhor loja er\u00f3tica de Portugal.\",\"alternateName\":\"Loja Er\u00f3tica Lovme\",\"potentialAction\":[{\"@type\":\"SearchAction\",\"target\":{\"@type\":\"EntryPoint\",\"urlTemplate\":\"https:\\\/\\\/lovme.pt\\\/?s={search_term_string}\"},\"query-input\":{\"@type\":\"PropertyValueSpecification\",\"valueRequired\":true,\"valueName\":\"search_term_string\"}}],\"inLanguage\":\"pt-PT\"}]}<\/script>\n<!-- \/ Yoast SEO plugin. -->","yoast_head_json":{"title":"WOMANIZER - PR\u00d3XIMO ESTIMULADOR CLITORIAL PRETO - Lovme","robots":{"index":"index","follow":"follow","max-snippet":"max-snippet:-1","max-image-preview":"max-image-preview:large","max-video-preview":"max-video-preview:-1"},"canonical":"https:\/\/lovme.pt\/index.php\/produto\/womanizer-proximo-estimulador-clitorial-preto\/","og_locale":"pt_PT","og_type":"article","og_title":"WOMANIZER - PR\u00d3XIMO ESTIMULADOR CLITORIAL PRETO - Lovme","og_description":"WOMANIZER - PR\u00d3XIMO ESTIMULADOR CLITORIAL PRETO","og_url":"https:\/\/lovme.pt\/index.php\/produto\/womanizer-proximo-estimulador-clitorial-preto\/","og_site_name":"Lovme","article_modified_time":"2026-04-02T10:12:53+00:00","og_image":[{"width":900,"height":900,"url":"https:\/\/erki24nd3ub.exactdn.com\/wp-content\/uploads\/dream\/img\/img_219164_34549478e8d1065cf6e68576d92a77b4_1.png?strip=all","type":"image\/png"}],"twitter_card":"summary_large_image","twitter_misc":{"Tempo estimado de leitura":"3 minutos"},"schema":{"@context":"https:\/\/schema.org","@graph":[{"@type":"WebPage","@id":"https:\/\/lovme.pt\/index.php\/produto\/womanizer-proximo-estimulador-clitorial-preto\/","url":"https:\/\/lovme.pt\/index.php\/produto\/womanizer-proximo-estimulador-clitorial-preto\/","name":"WOMANIZER - PR\u00d3XIMO ESTIMULADOR CLITORIAL PRETO - Lovme","isPartOf":{"@id":"https:\/\/lovme.pt\/#website"},"primaryImageOfPage":{"@id":"https:\/\/lovme.pt\/index.php\/produto\/womanizer-proximo-estimulador-clitorial-preto\/#primaryimage"},"image":{"@id":"https:\/\/lovme.pt\/index.php\/produto\/womanizer-proximo-estimulador-clitorial-preto\/#primaryimage"},"thumbnailUrl":"https:\/\/erki24nd3ub.exactdn.com\/wp-content\/uploads\/dream\/img\/img_219164_34549478e8d1065cf6e68576d92a77b4_1.png?strip=all","datePublished":"2026-01-21T20:07:30+00:00","dateModified":"2026-04-02T10:12:53+00:00","breadcrumb":{"@id":"https:\/\/lovme.pt\/index.php\/produto\/womanizer-proximo-estimulador-clitorial-preto\/#breadcrumb"},"inLanguage":"pt-PT","potentialAction":[{"@type":"ReadAction","target":["https:\/\/lovme.pt\/index.php\/produto\/womanizer-proximo-estimulador-clitorial-preto\/"]}]},{"@type":"ImageObject","inLanguage":"pt-PT","@id":"https:\/\/lovme.pt\/index.php\/produto\/womanizer-proximo-estimulador-clitorial-preto\/#primaryimage","url":"https:\/\/erki24nd3ub.exactdn.com\/wp-content\/uploads\/dream\/img\/img_219164_34549478e8d1065cf6e68576d92a77b4_1.png?strip=all","contentUrl":"https:\/\/erki24nd3ub.exactdn.com\/wp-content\/uploads\/dream\/img\/img_219164_34549478e8d1065cf6e68576d92a77b4_1.png?strip=all","width":900,"height":900},{"@type":"BreadcrumbList","@id":"https:\/\/lovme.pt\/index.php\/produto\/womanizer-proximo-estimulador-clitorial-preto\/#breadcrumb","itemListElement":[{"@type":"ListItem","position":1,"name":"In\u00edcio","item":"https:\/\/lovme.pt\/"},{"@type":"ListItem","position":2,"name":"Loja","item":"https:\/\/lovme.pt\/index.php\/loja\/"},{"@type":"ListItem","position":3,"name":"WOMANIZER &#8211; PR\u00d3XIMO ESTIMULADOR CLITORIAL PRETO"}]},{"@type":"WebSite","@id":"https:\/\/lovme.pt\/#website","url":"https:\/\/lovme.pt\/","name":"Lovme Loja Er\u00f3tica N\u00ba1 em Portugal","description":"A melhor loja er\u00f3tica de Portugal.","alternateName":"Loja Er\u00f3tica Lovme","potentialAction":[{"@type":"SearchAction","target":{"@type":"EntryPoint","urlTemplate":"https:\/\/lovme.pt\/?s={search_term_string}"},"query-input":{"@type":"PropertyValueSpecification","valueRequired":true,"valueName":"search_term_string"}}],"inLanguage":"pt-PT"}]}},"_links":{"self":[{"href":"https:\/\/lovme.pt\/index.php\/wp-json\/wp\/v2\/product\/106443","targetHints":{"allow":["GET"]}}],"collection":[{"href":"https:\/\/lovme.pt\/index.php\/wp-json\/wp\/v2\/product"}],"about":[{"href":"https:\/\/lovme.pt\/index.php\/wp-json\/wp\/v2\/types\/product"}],"wp:featuredmedia":[{"embeddable":true,"href":"https:\/\/lovme.pt\/index.php\/wp-json\/wp\/v2\/media\/106450"}],"wp:attachment":[{"href":"https:\/\/lovme.pt\/index.php\/wp-json\/wp\/v2\/media?parent=106443"}],"wp:term":[{"taxonomy":"product_brand","embeddable":true,"href":"https:\/\/lovme.pt\/index.php\/wp-json\/wp\/v2\/product_brand?post=106443"},{"taxonomy":"product_cat","embeddable":true,"href":"https:\/\/lovme.pt\/index.php\/wp-json\/wp\/v2\/product_cat?post=106443"},{"taxonomy":"product_tag","embeddable":true,"href":"https:\/\/lovme.pt\/index.php\/wp-json\/wp\/v2\/product_tag?post=106443"}],"curies":[{"name":"wp","href":"https:\/\/api.w.org\/{rel}","templated":true}]}}