{"id":106437,"date":"2026-01-21T20:07:21","date_gmt":"2026-01-21T20:07:21","guid":{"rendered":"https:\/\/lovme.pt\/?post_type=product&p=106437"},"modified":"2026-04-02T14:39:37","modified_gmt":"2026-04-02T14:39:37","slug":"womanizer-vibrador-estimulador-blend-rabbit-rosa-vibrante","status":"publish","type":"product","link":"https:\/\/lovme.pt\/index.php\/produto\/womanizer-vibrador-estimulador-blend-rabbit-rosa-vibrante\/","title":{"rendered":"WOMANIZER &#8211; VIBRADOR ESTIMULADOR BLEND RABBIT ROSA VIBRANTE"},"content":{"rendered":"<p>Vibrador tipo coelho Pleasure Air. O Blend \u00e9 o vibrador tipo coelho f\u00e1cil de usar da Womanizer, projetado para uma estimula\u00e7\u00e3o dupla e org\u00e1smica simples. Ao estimular simultaneamente o ponto G com vibra\u00e7\u00f5es internas e o clit\u00f3ris com suaves ondas de ar Pleasure Air, o Womanizer Blend oferece uma maneira f\u00e1cil de descobrir orgasmos combinados. Dois motores com controles independentes permitem que voc\u00ea personalize seu prazer.<\/p>\n<p> <strong>F\u00e1cil de usar<\/strong>  Nunca experimentou antes? Seu brinquedo \u00e9 intuitivo e f\u00e1cil de operar com apenas uma m\u00e3o. Sem complica\u00e7\u00f5es  apenas orgasmos mistos infinitos em um design ergon\u00f4mico e f\u00e1cil de usar, sempre que voc\u00ea quiser prazer.<\/p>\n<p> <strong>Controles de motor independentes<\/strong>  O Womanizer Blend possui dois motores separados, para que voc\u00ea possa desfrutar da massagem clitoriana e das vibra\u00e7\u00f5es do ponto G simultaneamente ou independentemente, para uma sess\u00e3o de prazer totalmente personalizada.<\/p>\n<p> <strong>Tecnologia Pleasure Air<\/strong>  Feita para voc\u00ea e para o seu corpo: todos os produtos Womanizer contam com uma inova\u00e7\u00e3o exclusiva chamada Tecnologia Pleasure Air. Por que ela \u00e9 t\u00e3o especial? Seu clit\u00f3ris \u00e9 estimulado sem contato direto. Pulsos de ar suaves simultaneamente sugam e massageiam para proporcionar uma sensa\u00e7\u00e3o org\u00e1smica sem precedentes.<\/p>\n<p> <strong>Estimula\u00e7\u00e3o dupla<\/strong>  Orgasmos mais intensos com a estimula\u00e7\u00e3o dupla. Descubra o melhor dos dois mundos: a massagem suave da nossa Tecnologia Pleasure Air e as vibra\u00e7\u00f5es poderosas do estimulador interno. Nunca \u00e9 demais ter prazer!<\/p>\n<p> <strong>8 n\u00edveis de intensidade<\/strong>  Quer prefira um prazer suave e delicado, sensa\u00e7\u00f5es poderosas e intensas ou algo entre os dois, o seu pr\u00f3ximo orgasmo est\u00e1 a apenas um toque de dist\u00e2ncia. Os n\u00edveis de intensidade perfeitamente equilibrados oferecem a configura\u00e7\u00e3o ideal para cada estado de esp\u00edrito.<\/p>\n<p> <strong>\u00c0 prova d\u00e1gua IPX7<\/strong>  Pronta para mergulhar mais fundo? Como seu Womanizer \u00e9 \u00e0 prova d\u00e1gua IPX7, nada a impedir\u00e1 de desfrutar de um banho longo e relaxante, um chuveiro refrescante ou at\u00e9 mesmo divers\u00e3o \u00e0 beira da piscina.<\/p>\n<p> <strong>Embalagem ecol\u00f3gica<\/strong>  Nossa nova embalagem do Womanizer foi projetada para ser mais recicl\u00e1vel e reduzir o desperd\u00edcio (quase totalmente livre de pl\u00e1stico e feita de fibra vegetal): a caixa pode ser simplesmente colocada na lixeira de reciclagem de papel.<\/p>\n<p> <strong>F\u00e1cil de limpar<\/strong>  A limpeza \u00e9 t\u00e3o f\u00e1cil quanto o uso. Basta usar um produto de limpeza para brinquedos ou \u00e1gua morna com sab\u00e3o antibacteriano.<\/p>\n<p> <strong>Porta de carregamento USB<\/strong>  Os pinos magn\u00e9ticos tornam o carregamento r\u00e1pido e pr\u00e1tico.<\/p>\n<\/p>\n<p> <u><strong>CARACTER\u00cdSTICAS:<\/strong><\/u><\/p>\n<ul>\n<li> Azul vibrante, rosa vibrante, rosa vibrante<\/li>\n<li> \u00c0 prova d\u00e1gua IPX7<\/li>\n<li> Bateria: Bateria recarreg\u00e1vel de \u00edon-l\u00edtio (3,7 V, 160 mAh)<\/li>\n<li> Dura\u00e7\u00e3o: 90 minutos<\/li>\n<li> Tempo de carregamento: 90 minutos<\/li>\n<li> Materiais: ABS, silicone seguro para o corpo<\/li>\n<li> Peso: 185 gramas<\/li>\n<li> Dimens\u00f5es: 113 x 51 x 139 mm<\/li>\n<li> Dimens\u00f5es da embalagem: 162 x 162,5 x 69 mm (comprimento x largura x altura)<\/li>\n<li> A caixa inclui:\n<ul>\n<li> Mistura Womanizer<\/li>\n<li> Guia de in\u00edcio r\u00e1pido<\/li>\n<li> Informa\u00e7\u00f5es sobre conformidade e seguran\u00e7a<\/li>\n<li> Adesivo Memasturbo<\/li>\n<\/ul>\n<\/li>\n<\/ul>\n","protected":false},"excerpt":{"rendered":"<p>WOMANIZER &#8211; VIBRADOR ESTIMULADOR BLEND RABBIT ROSA VIBRANTE<\/p>\n","protected":false},"featured_media":106444,"template":"","meta":{"_acf_changed":false},"product_brand":[],"product_cat":[17,61,64],"product_tag":[],"class_list":{"0":"post-106437","1":"product","2":"type-product","3":"status-publish","4":"has-post-thumbnail","6":"product_cat-brinquedos-de-bem-estar-sexual","7":"product_cat-para-elas","8":"product_cat-sugadores","9":"yith_product_brand-womanizer","11":"first","12":"instock","13":"taxable","14":"shipping-taxable","15":"purchasable","16":"product-type-simple"},"acf":[],"yoast_head":"<!-- This site is optimized with the Yoast SEO plugin v27.4 - https:\/\/yoast.com\/product\/yoast-seo-wordpress\/ -->\n<title>WOMANIZER - VIBRADOR ESTIMULADOR BLEND RABBIT ROSA VIBRANTE - Lovme<\/title>\n<meta name=\"robots\" content=\"index, follow, max-snippet:-1, max-image-preview:large, max-video-preview:-1\" \/>\n<link rel=\"canonical\" href=\"https:\/\/lovme.pt\/index.php\/produto\/womanizer-vibrador-estimulador-blend-rabbit-rosa-vibrante\/\" \/>\n<meta property=\"og:locale\" content=\"pt_PT\" \/>\n<meta property=\"og:type\" content=\"article\" \/>\n<meta property=\"og:title\" content=\"WOMANIZER - VIBRADOR ESTIMULADOR BLEND RABBIT ROSA VIBRANTE - Lovme\" \/>\n<meta property=\"og:description\" content=\"WOMANIZER - VIBRADOR ESTIMULADOR BLEND RABBIT ROSA VIBRANTE\" \/>\n<meta property=\"og:url\" content=\"https:\/\/lovme.pt\/index.php\/produto\/womanizer-vibrador-estimulador-blend-rabbit-rosa-vibrante\/\" \/>\n<meta property=\"og:site_name\" content=\"Lovme\" \/>\n<meta property=\"article:modified_time\" content=\"2026-04-02T14:39:37+00:00\" \/>\n<meta property=\"og:image\" content=\"https:\/\/erki24nd3ub.exactdn.com\/wp-content\/uploads\/dream\/img\/img_219160_ca93af9494e29746b083855d49a7d221_1.png?strip=all\" \/>\n\t<meta property=\"og:image:width\" content=\"900\" \/>\n\t<meta property=\"og:image:height\" content=\"900\" \/>\n\t<meta property=\"og:image:type\" content=\"image\/png\" \/>\n<meta name=\"twitter:card\" content=\"summary_large_image\" \/>\n<meta name=\"twitter:label1\" content=\"Tempo estimado de leitura\" \/>\n\t<meta name=\"twitter:data1\" content=\"2 minutos\" \/>\n<script type=\"application\/ld+json\" class=\"yoast-schema-graph\">{\"@context\":\"https:\\\/\\\/schema.org\",\"@graph\":[{\"@type\":\"WebPage\",\"@id\":\"https:\\\/\\\/lovme.pt\\\/index.php\\\/produto\\\/womanizer-vibrador-estimulador-blend-rabbit-rosa-vibrante\\\/\",\"url\":\"https:\\\/\\\/lovme.pt\\\/index.php\\\/produto\\\/womanizer-vibrador-estimulador-blend-rabbit-rosa-vibrante\\\/\",\"name\":\"WOMANIZER - VIBRADOR ESTIMULADOR BLEND RABBIT ROSA VIBRANTE - Lovme\",\"isPartOf\":{\"@id\":\"https:\\\/\\\/lovme.pt\\\/#website\"},\"primaryImageOfPage\":{\"@id\":\"https:\\\/\\\/lovme.pt\\\/index.php\\\/produto\\\/womanizer-vibrador-estimulador-blend-rabbit-rosa-vibrante\\\/#primaryimage\"},\"image\":{\"@id\":\"https:\\\/\\\/lovme.pt\\\/index.php\\\/produto\\\/womanizer-vibrador-estimulador-blend-rabbit-rosa-vibrante\\\/#primaryimage\"},\"thumbnailUrl\":\"https:\\\/\\\/erki24nd3ub.exactdn.com\\\/wp-content\\\/uploads\\\/dream\\\/img\\\/img_219160_ca93af9494e29746b083855d49a7d221_1.png?strip=all\",\"datePublished\":\"2026-01-21T20:07:21+00:00\",\"dateModified\":\"2026-04-02T14:39:37+00:00\",\"breadcrumb\":{\"@id\":\"https:\\\/\\\/lovme.pt\\\/index.php\\\/produto\\\/womanizer-vibrador-estimulador-blend-rabbit-rosa-vibrante\\\/#breadcrumb\"},\"inLanguage\":\"pt-PT\",\"potentialAction\":[{\"@type\":\"ReadAction\",\"target\":[\"https:\\\/\\\/lovme.pt\\\/index.php\\\/produto\\\/womanizer-vibrador-estimulador-blend-rabbit-rosa-vibrante\\\/\"]}]},{\"@type\":\"ImageObject\",\"inLanguage\":\"pt-PT\",\"@id\":\"https:\\\/\\\/lovme.pt\\\/index.php\\\/produto\\\/womanizer-vibrador-estimulador-blend-rabbit-rosa-vibrante\\\/#primaryimage\",\"url\":\"https:\\\/\\\/erki24nd3ub.exactdn.com\\\/wp-content\\\/uploads\\\/dream\\\/img\\\/img_219160_ca93af9494e29746b083855d49a7d221_1.png?strip=all\",\"contentUrl\":\"https:\\\/\\\/erki24nd3ub.exactdn.com\\\/wp-content\\\/uploads\\\/dream\\\/img\\\/img_219160_ca93af9494e29746b083855d49a7d221_1.png?strip=all\",\"width\":900,\"height\":900},{\"@type\":\"BreadcrumbList\",\"@id\":\"https:\\\/\\\/lovme.pt\\\/index.php\\\/produto\\\/womanizer-vibrador-estimulador-blend-rabbit-rosa-vibrante\\\/#breadcrumb\",\"itemListElement\":[{\"@type\":\"ListItem\",\"position\":1,\"name\":\"In\u00edcio\",\"item\":\"https:\\\/\\\/lovme.pt\\\/\"},{\"@type\":\"ListItem\",\"position\":2,\"name\":\"Loja\",\"item\":\"https:\\\/\\\/lovme.pt\\\/index.php\\\/loja\\\/\"},{\"@type\":\"ListItem\",\"position\":3,\"name\":\"WOMANIZER &#8211; VIBRADOR ESTIMULADOR BLEND RABBIT ROSA VIBRANTE\"}]},{\"@type\":\"WebSite\",\"@id\":\"https:\\\/\\\/lovme.pt\\\/#website\",\"url\":\"https:\\\/\\\/lovme.pt\\\/\",\"name\":\"Lovme Loja Er\u00f3tica N\u00ba1 em Portugal\",\"description\":\"A melhor loja er\u00f3tica de Portugal.\",\"alternateName\":\"Loja Er\u00f3tica Lovme\",\"potentialAction\":[{\"@type\":\"SearchAction\",\"target\":{\"@type\":\"EntryPoint\",\"urlTemplate\":\"https:\\\/\\\/lovme.pt\\\/?s={search_term_string}\"},\"query-input\":{\"@type\":\"PropertyValueSpecification\",\"valueRequired\":true,\"valueName\":\"search_term_string\"}}],\"inLanguage\":\"pt-PT\"}]}<\/script>\n<!-- \/ Yoast SEO plugin. -->","yoast_head_json":{"title":"WOMANIZER - VIBRADOR ESTIMULADOR BLEND RABBIT ROSA VIBRANTE - Lovme","robots":{"index":"index","follow":"follow","max-snippet":"max-snippet:-1","max-image-preview":"max-image-preview:large","max-video-preview":"max-video-preview:-1"},"canonical":"https:\/\/lovme.pt\/index.php\/produto\/womanizer-vibrador-estimulador-blend-rabbit-rosa-vibrante\/","og_locale":"pt_PT","og_type":"article","og_title":"WOMANIZER - VIBRADOR ESTIMULADOR BLEND RABBIT ROSA VIBRANTE - Lovme","og_description":"WOMANIZER - VIBRADOR ESTIMULADOR BLEND RABBIT ROSA VIBRANTE","og_url":"https:\/\/lovme.pt\/index.php\/produto\/womanizer-vibrador-estimulador-blend-rabbit-rosa-vibrante\/","og_site_name":"Lovme","article_modified_time":"2026-04-02T14:39:37+00:00","og_image":[{"width":900,"height":900,"url":"https:\/\/erki24nd3ub.exactdn.com\/wp-content\/uploads\/dream\/img\/img_219160_ca93af9494e29746b083855d49a7d221_1.png?strip=all","type":"image\/png"}],"twitter_card":"summary_large_image","twitter_misc":{"Tempo estimado de leitura":"2 minutos"},"schema":{"@context":"https:\/\/schema.org","@graph":[{"@type":"WebPage","@id":"https:\/\/lovme.pt\/index.php\/produto\/womanizer-vibrador-estimulador-blend-rabbit-rosa-vibrante\/","url":"https:\/\/lovme.pt\/index.php\/produto\/womanizer-vibrador-estimulador-blend-rabbit-rosa-vibrante\/","name":"WOMANIZER - VIBRADOR ESTIMULADOR BLEND RABBIT ROSA VIBRANTE - Lovme","isPartOf":{"@id":"https:\/\/lovme.pt\/#website"},"primaryImageOfPage":{"@id":"https:\/\/lovme.pt\/index.php\/produto\/womanizer-vibrador-estimulador-blend-rabbit-rosa-vibrante\/#primaryimage"},"image":{"@id":"https:\/\/lovme.pt\/index.php\/produto\/womanizer-vibrador-estimulador-blend-rabbit-rosa-vibrante\/#primaryimage"},"thumbnailUrl":"https:\/\/erki24nd3ub.exactdn.com\/wp-content\/uploads\/dream\/img\/img_219160_ca93af9494e29746b083855d49a7d221_1.png?strip=all","datePublished":"2026-01-21T20:07:21+00:00","dateModified":"2026-04-02T14:39:37+00:00","breadcrumb":{"@id":"https:\/\/lovme.pt\/index.php\/produto\/womanizer-vibrador-estimulador-blend-rabbit-rosa-vibrante\/#breadcrumb"},"inLanguage":"pt-PT","potentialAction":[{"@type":"ReadAction","target":["https:\/\/lovme.pt\/index.php\/produto\/womanizer-vibrador-estimulador-blend-rabbit-rosa-vibrante\/"]}]},{"@type":"ImageObject","inLanguage":"pt-PT","@id":"https:\/\/lovme.pt\/index.php\/produto\/womanizer-vibrador-estimulador-blend-rabbit-rosa-vibrante\/#primaryimage","url":"https:\/\/erki24nd3ub.exactdn.com\/wp-content\/uploads\/dream\/img\/img_219160_ca93af9494e29746b083855d49a7d221_1.png?strip=all","contentUrl":"https:\/\/erki24nd3ub.exactdn.com\/wp-content\/uploads\/dream\/img\/img_219160_ca93af9494e29746b083855d49a7d221_1.png?strip=all","width":900,"height":900},{"@type":"BreadcrumbList","@id":"https:\/\/lovme.pt\/index.php\/produto\/womanizer-vibrador-estimulador-blend-rabbit-rosa-vibrante\/#breadcrumb","itemListElement":[{"@type":"ListItem","position":1,"name":"In\u00edcio","item":"https:\/\/lovme.pt\/"},{"@type":"ListItem","position":2,"name":"Loja","item":"https:\/\/lovme.pt\/index.php\/loja\/"},{"@type":"ListItem","position":3,"name":"WOMANIZER &#8211; VIBRADOR ESTIMULADOR BLEND RABBIT ROSA VIBRANTE"}]},{"@type":"WebSite","@id":"https:\/\/lovme.pt\/#website","url":"https:\/\/lovme.pt\/","name":"Lovme Loja Er\u00f3tica N\u00ba1 em Portugal","description":"A melhor loja er\u00f3tica de Portugal.","alternateName":"Loja Er\u00f3tica Lovme","potentialAction":[{"@type":"SearchAction","target":{"@type":"EntryPoint","urlTemplate":"https:\/\/lovme.pt\/?s={search_term_string}"},"query-input":{"@type":"PropertyValueSpecification","valueRequired":true,"valueName":"search_term_string"}}],"inLanguage":"pt-PT"}]}},"_links":{"self":[{"href":"https:\/\/lovme.pt\/index.php\/wp-json\/wp\/v2\/product\/106437","targetHints":{"allow":["GET"]}}],"collection":[{"href":"https:\/\/lovme.pt\/index.php\/wp-json\/wp\/v2\/product"}],"about":[{"href":"https:\/\/lovme.pt\/index.php\/wp-json\/wp\/v2\/types\/product"}],"wp:featuredmedia":[{"embeddable":true,"href":"https:\/\/lovme.pt\/index.php\/wp-json\/wp\/v2\/media\/106444"}],"wp:attachment":[{"href":"https:\/\/lovme.pt\/index.php\/wp-json\/wp\/v2\/media?parent=106437"}],"wp:term":[{"taxonomy":"product_brand","embeddable":true,"href":"https:\/\/lovme.pt\/index.php\/wp-json\/wp\/v2\/product_brand?post=106437"},{"taxonomy":"product_cat","embeddable":true,"href":"https:\/\/lovme.pt\/index.php\/wp-json\/wp\/v2\/product_cat?post=106437"},{"taxonomy":"product_tag","embeddable":true,"href":"https:\/\/lovme.pt\/index.php\/wp-json\/wp\/v2\/product_tag?post=106437"}],"curies":[{"name":"wp","href":"https:\/\/api.w.org\/{rel}","templated":true}]}}