{"id":106413,"date":"2026-01-21T20:06:44","date_gmt":"2026-01-21T20:06:44","guid":{"rendered":"https:\/\/lovme.pt\/?post_type=product&p=106413"},"modified":"2026-04-02T20:10:03","modified_gmt":"2026-04-02T20:10:03","slug":"womanizer-duo-next-estimulador-duplo-de-clitoris-e-ponto-g-roxo-escuro","status":"publish","type":"product","link":"https:\/\/lovme.pt\/index.php\/produto\/womanizer-duo-next-estimulador-duplo-de-clitoris-e-ponto-g-roxo-escuro\/","title":{"rendered":"WOMANIZER &#8211; DUO NEXT Estimulador Duplo de Clit\u00f3ris e Ponto G Roxo Escuro"},"content":{"rendered":"<p>Estimulador duplo para clit\u00f3ris e ponto G com 3D Pleasure Air. Um estimulador duplo avan\u00e7ado que combina o revolucion\u00e1rio 3D Pleasure Air da Womanizer com as vibra\u00e7\u00f5es profundas e intensas do ponto G da We-Vibe. Essa poderosa combina\u00e7\u00e3o foi projetada para criar orgasmos mistos de n\u00edvel superior, mais naturais, intensos e pessoais do que nunca.<\/p>\n<p> O Next Duo \u00e9 o mais recente em estimula\u00e7\u00e3o dupla: combina a avan\u00e7ada tecnologia 3D Pleasure Air para o clit\u00f3ris com vibra\u00e7\u00f5es profundas e intensas para o ponto G. Projetado para proporcionar sensa\u00e7\u00f5es mais intensas e orgasmos combinados, \u00e9 a sua porta de entrada para um prazer alucinante.<\/p>\n<p> <strong>14 n\u00edveis de intensidade de vibra\u00e7\u00e3o<\/strong>  Comece devagar e aumente a intensidade gradativamente at\u00e9 atingir um cl\u00edmax \u00e9pico com vibra\u00e7\u00f5es profundas e intensas que transitam suavemente entre os n\u00edveis de intensidade.<\/p>\n<p> <strong>10 padr\u00f5es de vibra\u00e7\u00e3o<\/strong>  Encontre seu ritmo e experimente algo novo, seja uma pulsa\u00e7\u00e3o constante, um crescendo de grave para agudo ou uma onda vibrante.<\/p>\n<p> <strong>Controles de motor independentes<\/strong>  Controle o Pleasure Air e as vibra\u00e7\u00f5es juntos ou independentemente para m\u00e1xima personaliza\u00e7\u00e3o.<\/p>\n<p> <strong>3D Pleasure Air<\/strong>  O 3D Pleasure Air utiliza press\u00e3o de ar pulsante para simular a suc\u00e7\u00e3o natural e proporcionar uma sensa\u00e7\u00e3o mais profunda e realista.<\/p>\n<p> <strong>14 n\u00edveis de intensidade<\/strong>  Quer prefira um prazer suave e delicado, sensa\u00e7\u00f5es poderosas e intensas ou algo entre os dois, o seu pr\u00f3ximo orgasmo est\u00e1 a apenas um toque de dist\u00e2ncia. Os n\u00edveis de intensidade perfeitamente equilibrados oferecem a configura\u00e7\u00e3o ideal para cada estado de esp\u00edrito.<\/p>\n<p> <strong>\u00c0 prova d\u00e1gua IPX7<\/strong>  Pronta para mergulhar mais fundo? Como seu Womanizer \u00e9 \u00e0 prova d\u00e1gua IPX7, nada a impedir\u00e1 de desfrutar de um banho longo e relaxante, um chuveiro refrescante ou at\u00e9 mesmo divers\u00e3o \u00e0 beira da piscina.<\/p>\n<p> <strong>Controle de Cl\u00edmax<\/strong>  O novo recurso Controle de Cl\u00edmax cria uma sensa\u00e7\u00e3o mais profunda e rica, levando nossa estimula\u00e7\u00e3o Pleasure Air original a uma nova dimens\u00e3o 3D. Agora voc\u00ea pode controlar n\u00e3o apenas a velocidade e a intensidade da sua massagem, mas tamb\u00e9m a profundidade das ondas de ar. Os tr\u00eas n\u00edveis de Controle de Cl\u00edmax oferecem uma experi\u00eancia de m\u00faltiplos orgasmos mais refinada e completa.<\/p>\n<p> <strong>Silicone seguro para o corpo<\/strong>  A superf\u00edcie \u00e9 feita de silicone macio ao toque, proporcionando uma sensa\u00e7\u00e3o sedosa na pele. Este material seguro para o corpo \u00e9 livre de ftalatos, BPA e l\u00e1tex  um verdadeiro deleite para a pele.<\/p>\n<p> <strong>Silencioso como um sussurro<\/strong>  Nosso modelo mais silencioso at\u00e9 hoje, funcionando praticamente sem ru\u00eddo, sem sacrificar a pot\u00eancia. Projetado para discri\u00e7\u00e3o, o Next elimina distra\u00e7\u00f5es e concentra-se no puro prazer.<\/p>\n<p> <strong>Twilight Glow<\/strong>  Com um breve toque no bot\u00e3o liga\/desliga, seu brinquedo retorna rapidamente \u00e0 configura\u00e7\u00e3o mais baixa para um cl\u00edmax org\u00e1smico relaxante.<\/p>\n<p> <strong>Porta de carregamento USB<\/strong>  Os pinos magn\u00e9ticos tornam o carregamento r\u00e1pido e pr\u00e1tico.<\/p>\n<p> <strong>Sil\u00eancio Inteligente<\/strong>  A inovadora tecnologia Sil\u00eancio Inteligente permite que voc\u00ea satisfa\u00e7a seus desejos. O brinquedo s\u00f3 ativa quando toca a sua pele; quando n\u00e3o est\u00e1 em uso, entra em modo de espera. Isso o torna mais silencioso e permite que voc\u00ea aproveite o momento sem distra\u00e7\u00f5es.<\/p>\n<\/p>\n<p> <u><strong>CARACTER\u00cdSTICAS:<\/strong><\/u><\/p>\n<ul>\n<li> Roxo escuro, rosa escuro, preto<\/li>\n<li> \u00c0 prova d\u00e1gua IPX7<\/li>\n<li> Dura\u00e7\u00e3o: 120 minutos<\/li>\n<li> Tempo de carregamento: 120 minutos<\/li>\n<li> Materiais: Silicone seguro para o corpo<\/li>\n<li> Peso: 274 gramas<\/li>\n<li> Dimens\u00f5es: 56 x 81 x 195 mm<\/li>\n<li> Dimens\u00f5es da embalagem: 146 x 66 x 211 mm<\/li>\n<li> A caixa inclui:\n<ul>\n<li> Womanizer Next<\/li>\n<li> Bolsa de armazenamento de algod\u00e3o<\/li>\n<li> Cabe\u00e7a de estimula\u00e7\u00e3o adicional (tamanho M)<\/li>\n<li> Guia de in\u00edcio r\u00e1pido<\/li>\n<li> Informa\u00e7\u00f5es sobre conformidade e seguran\u00e7a<\/li>\n<li> Adesivo Memasturbo<\/li>\n<li> Cabo USB<\/li>\n<\/ul>\n<\/li>\n<\/ul>\n","protected":false},"excerpt":{"rendered":"<p>WOMANIZER &#8211; DUO NEXT Estimulador Duplo de Clit\u00f3ris e Ponto G Roxo Escuro<\/p>\n","protected":false},"featured_media":106420,"template":"","meta":{"_acf_changed":false},"product_brand":[],"product_cat":[17,61,64],"product_tag":[],"class_list":{"0":"post-106413","1":"product","2":"type-product","3":"status-publish","4":"has-post-thumbnail","6":"product_cat-brinquedos-de-bem-estar-sexual","7":"product_cat-para-elas","8":"product_cat-sugadores","9":"yith_product_brand-womanizer","11":"first","12":"instock","13":"taxable","14":"shipping-taxable","15":"purchasable","16":"product-type-simple"},"acf":[],"yoast_head":"<!-- This site is optimized with the Yoast SEO plugin v27.4 - https:\/\/yoast.com\/product\/yoast-seo-wordpress\/ -->\n<title>WOMANIZER - DUO NEXT Estimulador Duplo de Clit\u00f3ris e Ponto G Roxo Escuro - Lovme<\/title>\n<meta name=\"robots\" content=\"index, follow, max-snippet:-1, max-image-preview:large, max-video-preview:-1\" \/>\n<link rel=\"canonical\" href=\"https:\/\/lovme.pt\/index.php\/produto\/womanizer-duo-next-estimulador-duplo-de-clitoris-e-ponto-g-roxo-escuro\/\" \/>\n<meta property=\"og:locale\" content=\"pt_PT\" \/>\n<meta property=\"og:type\" content=\"article\" \/>\n<meta property=\"og:title\" content=\"WOMANIZER - DUO NEXT Estimulador Duplo de Clit\u00f3ris e Ponto G Roxo Escuro - Lovme\" \/>\n<meta property=\"og:description\" content=\"WOMANIZER - DUO NEXT Estimulador Duplo de Clit\u00f3ris e Ponto G Roxo Escuro\" \/>\n<meta property=\"og:url\" content=\"https:\/\/lovme.pt\/index.php\/produto\/womanizer-duo-next-estimulador-duplo-de-clitoris-e-ponto-g-roxo-escuro\/\" \/>\n<meta property=\"og:site_name\" content=\"Lovme\" \/>\n<meta property=\"article:modified_time\" content=\"2026-04-02T20:10:03+00:00\" \/>\n<meta property=\"og:image\" content=\"https:\/\/erki24nd3ub.exactdn.com\/wp-content\/uploads\/dream\/img\/img_219132_2f30b39a914a0c007b77c5020853a45e_1.png?strip=all\" \/>\n\t<meta property=\"og:image:width\" content=\"900\" \/>\n\t<meta property=\"og:image:height\" content=\"900\" \/>\n\t<meta property=\"og:image:type\" content=\"image\/png\" \/>\n<meta name=\"twitter:card\" content=\"summary_large_image\" \/>\n<meta name=\"twitter:label1\" content=\"Tempo estimado de leitura\" \/>\n\t<meta name=\"twitter:data1\" content=\"3 minutos\" \/>\n<script type=\"application\/ld+json\" class=\"yoast-schema-graph\">{\"@context\":\"https:\\\/\\\/schema.org\",\"@graph\":[{\"@type\":\"WebPage\",\"@id\":\"https:\\\/\\\/lovme.pt\\\/index.php\\\/produto\\\/womanizer-duo-next-estimulador-duplo-de-clitoris-e-ponto-g-roxo-escuro\\\/\",\"url\":\"https:\\\/\\\/lovme.pt\\\/index.php\\\/produto\\\/womanizer-duo-next-estimulador-duplo-de-clitoris-e-ponto-g-roxo-escuro\\\/\",\"name\":\"WOMANIZER - DUO NEXT Estimulador Duplo de Clit\u00f3ris e Ponto G Roxo Escuro - Lovme\",\"isPartOf\":{\"@id\":\"https:\\\/\\\/lovme.pt\\\/#website\"},\"primaryImageOfPage\":{\"@id\":\"https:\\\/\\\/lovme.pt\\\/index.php\\\/produto\\\/womanizer-duo-next-estimulador-duplo-de-clitoris-e-ponto-g-roxo-escuro\\\/#primaryimage\"},\"image\":{\"@id\":\"https:\\\/\\\/lovme.pt\\\/index.php\\\/produto\\\/womanizer-duo-next-estimulador-duplo-de-clitoris-e-ponto-g-roxo-escuro\\\/#primaryimage\"},\"thumbnailUrl\":\"https:\\\/\\\/erki24nd3ub.exactdn.com\\\/wp-content\\\/uploads\\\/dream\\\/img\\\/img_219132_2f30b39a914a0c007b77c5020853a45e_1.png?strip=all\",\"datePublished\":\"2026-01-21T20:06:44+00:00\",\"dateModified\":\"2026-04-02T20:10:03+00:00\",\"breadcrumb\":{\"@id\":\"https:\\\/\\\/lovme.pt\\\/index.php\\\/produto\\\/womanizer-duo-next-estimulador-duplo-de-clitoris-e-ponto-g-roxo-escuro\\\/#breadcrumb\"},\"inLanguage\":\"pt-PT\",\"potentialAction\":[{\"@type\":\"ReadAction\",\"target\":[\"https:\\\/\\\/lovme.pt\\\/index.php\\\/produto\\\/womanizer-duo-next-estimulador-duplo-de-clitoris-e-ponto-g-roxo-escuro\\\/\"]}]},{\"@type\":\"ImageObject\",\"inLanguage\":\"pt-PT\",\"@id\":\"https:\\\/\\\/lovme.pt\\\/index.php\\\/produto\\\/womanizer-duo-next-estimulador-duplo-de-clitoris-e-ponto-g-roxo-escuro\\\/#primaryimage\",\"url\":\"https:\\\/\\\/erki24nd3ub.exactdn.com\\\/wp-content\\\/uploads\\\/dream\\\/img\\\/img_219132_2f30b39a914a0c007b77c5020853a45e_1.png?strip=all\",\"contentUrl\":\"https:\\\/\\\/erki24nd3ub.exactdn.com\\\/wp-content\\\/uploads\\\/dream\\\/img\\\/img_219132_2f30b39a914a0c007b77c5020853a45e_1.png?strip=all\",\"width\":900,\"height\":900},{\"@type\":\"BreadcrumbList\",\"@id\":\"https:\\\/\\\/lovme.pt\\\/index.php\\\/produto\\\/womanizer-duo-next-estimulador-duplo-de-clitoris-e-ponto-g-roxo-escuro\\\/#breadcrumb\",\"itemListElement\":[{\"@type\":\"ListItem\",\"position\":1,\"name\":\"In\u00edcio\",\"item\":\"https:\\\/\\\/lovme.pt\\\/\"},{\"@type\":\"ListItem\",\"position\":2,\"name\":\"Loja\",\"item\":\"https:\\\/\\\/lovme.pt\\\/index.php\\\/loja\\\/\"},{\"@type\":\"ListItem\",\"position\":3,\"name\":\"WOMANIZER &#8211; DUO NEXT Estimulador Duplo de Clit\u00f3ris e Ponto G Roxo Escuro\"}]},{\"@type\":\"WebSite\",\"@id\":\"https:\\\/\\\/lovme.pt\\\/#website\",\"url\":\"https:\\\/\\\/lovme.pt\\\/\",\"name\":\"Lovme Loja Er\u00f3tica N\u00ba1 em Portugal\",\"description\":\"A melhor loja er\u00f3tica de Portugal.\",\"alternateName\":\"Loja Er\u00f3tica Lovme\",\"potentialAction\":[{\"@type\":\"SearchAction\",\"target\":{\"@type\":\"EntryPoint\",\"urlTemplate\":\"https:\\\/\\\/lovme.pt\\\/?s={search_term_string}\"},\"query-input\":{\"@type\":\"PropertyValueSpecification\",\"valueRequired\":true,\"valueName\":\"search_term_string\"}}],\"inLanguage\":\"pt-PT\"}]}<\/script>\n<!-- \/ Yoast SEO plugin. -->","yoast_head_json":{"title":"WOMANIZER - DUO NEXT Estimulador Duplo de Clit\u00f3ris e Ponto G Roxo Escuro - Lovme","robots":{"index":"index","follow":"follow","max-snippet":"max-snippet:-1","max-image-preview":"max-image-preview:large","max-video-preview":"max-video-preview:-1"},"canonical":"https:\/\/lovme.pt\/index.php\/produto\/womanizer-duo-next-estimulador-duplo-de-clitoris-e-ponto-g-roxo-escuro\/","og_locale":"pt_PT","og_type":"article","og_title":"WOMANIZER - DUO NEXT Estimulador Duplo de Clit\u00f3ris e Ponto G Roxo Escuro - Lovme","og_description":"WOMANIZER - DUO NEXT Estimulador Duplo de Clit\u00f3ris e Ponto G Roxo Escuro","og_url":"https:\/\/lovme.pt\/index.php\/produto\/womanizer-duo-next-estimulador-duplo-de-clitoris-e-ponto-g-roxo-escuro\/","og_site_name":"Lovme","article_modified_time":"2026-04-02T20:10:03+00:00","og_image":[{"width":900,"height":900,"url":"https:\/\/erki24nd3ub.exactdn.com\/wp-content\/uploads\/dream\/img\/img_219132_2f30b39a914a0c007b77c5020853a45e_1.png?strip=all","type":"image\/png"}],"twitter_card":"summary_large_image","twitter_misc":{"Tempo estimado de leitura":"3 minutos"},"schema":{"@context":"https:\/\/schema.org","@graph":[{"@type":"WebPage","@id":"https:\/\/lovme.pt\/index.php\/produto\/womanizer-duo-next-estimulador-duplo-de-clitoris-e-ponto-g-roxo-escuro\/","url":"https:\/\/lovme.pt\/index.php\/produto\/womanizer-duo-next-estimulador-duplo-de-clitoris-e-ponto-g-roxo-escuro\/","name":"WOMANIZER - DUO NEXT Estimulador Duplo de Clit\u00f3ris e Ponto G Roxo Escuro - Lovme","isPartOf":{"@id":"https:\/\/lovme.pt\/#website"},"primaryImageOfPage":{"@id":"https:\/\/lovme.pt\/index.php\/produto\/womanizer-duo-next-estimulador-duplo-de-clitoris-e-ponto-g-roxo-escuro\/#primaryimage"},"image":{"@id":"https:\/\/lovme.pt\/index.php\/produto\/womanizer-duo-next-estimulador-duplo-de-clitoris-e-ponto-g-roxo-escuro\/#primaryimage"},"thumbnailUrl":"https:\/\/erki24nd3ub.exactdn.com\/wp-content\/uploads\/dream\/img\/img_219132_2f30b39a914a0c007b77c5020853a45e_1.png?strip=all","datePublished":"2026-01-21T20:06:44+00:00","dateModified":"2026-04-02T20:10:03+00:00","breadcrumb":{"@id":"https:\/\/lovme.pt\/index.php\/produto\/womanizer-duo-next-estimulador-duplo-de-clitoris-e-ponto-g-roxo-escuro\/#breadcrumb"},"inLanguage":"pt-PT","potentialAction":[{"@type":"ReadAction","target":["https:\/\/lovme.pt\/index.php\/produto\/womanizer-duo-next-estimulador-duplo-de-clitoris-e-ponto-g-roxo-escuro\/"]}]},{"@type":"ImageObject","inLanguage":"pt-PT","@id":"https:\/\/lovme.pt\/index.php\/produto\/womanizer-duo-next-estimulador-duplo-de-clitoris-e-ponto-g-roxo-escuro\/#primaryimage","url":"https:\/\/erki24nd3ub.exactdn.com\/wp-content\/uploads\/dream\/img\/img_219132_2f30b39a914a0c007b77c5020853a45e_1.png?strip=all","contentUrl":"https:\/\/erki24nd3ub.exactdn.com\/wp-content\/uploads\/dream\/img\/img_219132_2f30b39a914a0c007b77c5020853a45e_1.png?strip=all","width":900,"height":900},{"@type":"BreadcrumbList","@id":"https:\/\/lovme.pt\/index.php\/produto\/womanizer-duo-next-estimulador-duplo-de-clitoris-e-ponto-g-roxo-escuro\/#breadcrumb","itemListElement":[{"@type":"ListItem","position":1,"name":"In\u00edcio","item":"https:\/\/lovme.pt\/"},{"@type":"ListItem","position":2,"name":"Loja","item":"https:\/\/lovme.pt\/index.php\/loja\/"},{"@type":"ListItem","position":3,"name":"WOMANIZER &#8211; DUO NEXT Estimulador Duplo de Clit\u00f3ris e Ponto G Roxo Escuro"}]},{"@type":"WebSite","@id":"https:\/\/lovme.pt\/#website","url":"https:\/\/lovme.pt\/","name":"Lovme Loja Er\u00f3tica N\u00ba1 em Portugal","description":"A melhor loja er\u00f3tica de Portugal.","alternateName":"Loja Er\u00f3tica Lovme","potentialAction":[{"@type":"SearchAction","target":{"@type":"EntryPoint","urlTemplate":"https:\/\/lovme.pt\/?s={search_term_string}"},"query-input":{"@type":"PropertyValueSpecification","valueRequired":true,"valueName":"search_term_string"}}],"inLanguage":"pt-PT"}]}},"_links":{"self":[{"href":"https:\/\/lovme.pt\/index.php\/wp-json\/wp\/v2\/product\/106413","targetHints":{"allow":["GET"]}}],"collection":[{"href":"https:\/\/lovme.pt\/index.php\/wp-json\/wp\/v2\/product"}],"about":[{"href":"https:\/\/lovme.pt\/index.php\/wp-json\/wp\/v2\/types\/product"}],"wp:featuredmedia":[{"embeddable":true,"href":"https:\/\/lovme.pt\/index.php\/wp-json\/wp\/v2\/media\/106420"}],"wp:attachment":[{"href":"https:\/\/lovme.pt\/index.php\/wp-json\/wp\/v2\/media?parent=106413"}],"wp:term":[{"taxonomy":"product_brand","embeddable":true,"href":"https:\/\/lovme.pt\/index.php\/wp-json\/wp\/v2\/product_brand?post=106413"},{"taxonomy":"product_cat","embeddable":true,"href":"https:\/\/lovme.pt\/index.php\/wp-json\/wp\/v2\/product_cat?post=106413"},{"taxonomy":"product_tag","embeddable":true,"href":"https:\/\/lovme.pt\/index.php\/wp-json\/wp\/v2\/product_tag?post=106413"}],"curies":[{"name":"wp","href":"https:\/\/api.w.org\/{rel}","templated":true}]}}