{"id":106394,"date":"2026-01-21T20:06:17","date_gmt":"2026-01-21T20:06:17","guid":{"rendered":"https:\/\/lovme.pt\/?post_type=product&p=106394"},"modified":"2026-02-19T20:19:27","modified_gmt":"2026-02-19T20:19:27","slug":"womanizer-estimulador-clitorial-intenso-preto","status":"publish","type":"product","link":"https:\/\/lovme.pt\/index.php\/produto\/womanizer-estimulador-clitorial-intenso-preto\/","title":{"rendered":"WOMANIZER &#8211; ESTIMULADOR CLITORIAL INTENSO PRETO"},"content":{"rendered":"<p>Estimulador clitoriano 2 em 1 com Pleasure Air e vibra\u00e7\u00f5es. A tecnologia Pleasure Air da Womanizer combinada com as vibra\u00e7\u00f5es profundas e intensas do We-Vibe proporciona uma estimula\u00e7\u00e3o clitoriana aprimorada.<\/p>\n<p> O primeiro estimulador clitoriano Womanizer combina as vibra\u00e7\u00f5es do We-Vibe com a tecnologia Pleasure Air para uma sensa\u00e7\u00e3o ainda mais intensa. Motores independentes permitem usar esses tipos de estimula\u00e7\u00e3o juntos ou separadamente, oferecendo maior variedade na sua experi\u00eancia org\u00e1smica.<\/p>\n<p> <strong>Tecnologia 2 em 1: Ar e Vibra\u00e7\u00e3o<\/strong>  A tecnologia original Pleasure Air da Womanizer combinada com as poderosas vibra\u00e7\u00f5es do We-Vibe para uma estimula\u00e7\u00e3o ainda maior.<\/p>\n<p> <strong>Controles separados<\/strong>  Controle o motor de vibra\u00e7\u00e3o e o motor Pleasure Air de forma independente ou conjunta para desfrutar de mais de 1.000 maneiras de brincar.<\/p>\n<p> <strong>Cabe\u00e7a de estimula\u00e7\u00e3o ampla<\/strong>  Intensifica os orgasmos ao criar contato com mais zonas er\u00f3genas, atingindo uma \u00e1rea maior para uma experi\u00eancia org\u00e1smica aprimorada.<\/p>\n<p> <strong>10 N\u00edveis de Intensidade<\/strong>  Seja qual for a sua prefer\u00eancia, prazer suave e delicado, sensa\u00e7\u00f5es poderosas e intensas ou algo intermedi\u00e1rio, o seu pr\u00f3ximo orgasmo est\u00e1 a apenas um toque de dist\u00e2ncia. Os n\u00edveis de intensidade perfeitamente equilibrados proporcionam a configura\u00e7\u00e3o ideal para cada estado de esp\u00edrito.<\/p>\n<p> <strong>10 n\u00edveis de intensidade de vibra\u00e7\u00e3o<\/strong>  Comece devagar e aumente a intensidade gradativamente at\u00e9 atingir um cl\u00edmax \u00e9pico com vibra\u00e7\u00f5es profundas e intensas que transitam suavemente entre os n\u00edveis de intensidade.<\/p>\n<p> <strong>10 padr\u00f5es de vibra\u00e7\u00e3o<\/strong>  Encontre seu ritmo e experimente algo novo, seja uma pulsa\u00e7\u00e3o constante, um crescendo de grave para agudo ou uma onda vibrante.<\/p>\n<p> <strong>Silicone seguro para o corpo<\/strong>  A superf\u00edcie \u00e9 feita de silicone macio ao toque, proporcionando uma sensa\u00e7\u00e3o sedosa na pele. Este material seguro para o corpo \u00e9 livre de ftalatos, BPA e l\u00e1tex  um verdadeiro deleite para a pele.<\/p>\n<p> <strong>\u00c0 prova d\u00e1gua IPX7<\/strong>  Pronta para mergulhar mais fundo? Como o seu Womanizer \u00e9 \u00e0 prova d\u00e1gua IPX7, nada a impedir\u00e1 de desfrutar de um banho longo e relaxante, um duche refrescante ou at\u00e9 mesmo divers\u00e3o \u00e0 beira da piscina.<\/p>\n<p> <strong>Carregamento magn\u00e9tico<\/strong>  Os pinos magn\u00e9ticos tornam o recarregamento r\u00e1pido e pr\u00e1tico.<\/p>\n<\/p>\n<p> <u><strong>CARACTER\u00cdSTICAS:<\/strong><\/u><\/p>\n<ul>\n<li> Rosa vibrante, preto, lil\u00e1s<\/li>\n<li> \u00c0 prova d\u00e1gua IPX7<\/li>\n<li> Dura\u00e7\u00e3o: 120 minutos<\/li>\n<li> Tempo de carregamento: 120 minutos<\/li>\n<li> Materiais: Pl\u00e1stico ABS, silicone seguro para o corpo<\/li>\n<li> Peso: 148 gramas<\/li>\n<li> Dimens\u00f5es: Comprimento: 158 x Altura: 50 x Largura: 52 mm<\/li>\n<li> Dimens\u00f5es da embalagem: 184,5 x 107,75 x 67,5 mm<\/li>\n<li> A caixa inclui:\n<ul>\n<li> Womanizer Enhance<\/li>\n<li> Bolsa de armazenamento de algod\u00e3o<\/li>\n<li> Guia de in\u00edcio r\u00e1pido<\/li>\n<li> Informa\u00e7\u00f5es sobre conformidade e seguran\u00e7a<\/li>\n<li> Adesivo Memasturbo<\/li>\n<li> Cabo USB com pinos de carregamento magn\u00e9ticos (adaptador CA n\u00e3o inclu\u00eddo)<\/li>\n<\/ul>\n<\/li>\n<\/ul>\n","protected":false},"excerpt":{"rendered":"<p>WOMANIZER &#8211; ESTIMULADOR CLITORIAL INTENSO PRETO<\/p>\n","protected":false},"featured_media":106396,"template":"","meta":{"_acf_changed":false},"product_brand":[],"product_cat":[17,61,64],"product_tag":[],"class_list":{"0":"post-106394","1":"product","2":"type-product","3":"status-publish","4":"has-post-thumbnail","6":"product_cat-brinquedos-de-bem-estar-sexual","7":"product_cat-para-elas","8":"product_cat-sugadores","9":"yith_product_brand-womanizer","11":"first","12":"instock","13":"taxable","14":"shipping-taxable","15":"purchasable","16":"product-type-simple"},"acf":[],"yoast_head":"<!-- This site is optimized with the Yoast SEO plugin v27.4 - https:\/\/yoast.com\/product\/yoast-seo-wordpress\/ -->\n<title>WOMANIZER - ESTIMULADOR CLITORIAL INTENSO PRETO - Lovme<\/title>\n<meta name=\"robots\" content=\"index, follow, max-snippet:-1, max-image-preview:large, max-video-preview:-1\" \/>\n<link rel=\"canonical\" href=\"https:\/\/lovme.pt\/index.php\/produto\/womanizer-estimulador-clitorial-intenso-preto\/\" \/>\n<meta property=\"og:locale\" content=\"pt_PT\" \/>\n<meta property=\"og:type\" content=\"article\" \/>\n<meta property=\"og:title\" content=\"WOMANIZER - ESTIMULADOR CLITORIAL INTENSO PRETO - Lovme\" \/>\n<meta property=\"og:description\" content=\"WOMANIZER - ESTIMULADOR CLITORIAL INTENSO PRETO\" \/>\n<meta property=\"og:url\" content=\"https:\/\/lovme.pt\/index.php\/produto\/womanizer-estimulador-clitorial-intenso-preto\/\" \/>\n<meta property=\"og:site_name\" content=\"Lovme\" \/>\n<meta property=\"article:modified_time\" content=\"2026-02-19T20:19:27+00:00\" \/>\n<meta property=\"og:image\" content=\"https:\/\/erki24nd3ub.exactdn.com\/wp-content\/uploads\/dream\/img\/img_219114_17f179af8d9afa4f0bb999c1e6f8bc07_1.png?strip=all\" \/>\n\t<meta property=\"og:image:width\" content=\"900\" \/>\n\t<meta property=\"og:image:height\" content=\"900\" \/>\n\t<meta property=\"og:image:type\" content=\"image\/png\" \/>\n<meta name=\"twitter:card\" content=\"summary_large_image\" \/>\n<meta name=\"twitter:label1\" content=\"Tempo estimado de leitura\" \/>\n\t<meta name=\"twitter:data1\" content=\"2 minutos\" \/>\n<script type=\"application\/ld+json\" class=\"yoast-schema-graph\">{\"@context\":\"https:\\\/\\\/schema.org\",\"@graph\":[{\"@type\":\"WebPage\",\"@id\":\"https:\\\/\\\/lovme.pt\\\/index.php\\\/produto\\\/womanizer-estimulador-clitorial-intenso-preto\\\/\",\"url\":\"https:\\\/\\\/lovme.pt\\\/index.php\\\/produto\\\/womanizer-estimulador-clitorial-intenso-preto\\\/\",\"name\":\"WOMANIZER - ESTIMULADOR CLITORIAL INTENSO PRETO - Lovme\",\"isPartOf\":{\"@id\":\"https:\\\/\\\/lovme.pt\\\/#website\"},\"primaryImageOfPage\":{\"@id\":\"https:\\\/\\\/lovme.pt\\\/index.php\\\/produto\\\/womanizer-estimulador-clitorial-intenso-preto\\\/#primaryimage\"},\"image\":{\"@id\":\"https:\\\/\\\/lovme.pt\\\/index.php\\\/produto\\\/womanizer-estimulador-clitorial-intenso-preto\\\/#primaryimage\"},\"thumbnailUrl\":\"https:\\\/\\\/erki24nd3ub.exactdn.com\\\/wp-content\\\/uploads\\\/dream\\\/img\\\/img_219114_17f179af8d9afa4f0bb999c1e6f8bc07_1.png?strip=all\",\"datePublished\":\"2026-01-21T20:06:17+00:00\",\"dateModified\":\"2026-02-19T20:19:27+00:00\",\"breadcrumb\":{\"@id\":\"https:\\\/\\\/lovme.pt\\\/index.php\\\/produto\\\/womanizer-estimulador-clitorial-intenso-preto\\\/#breadcrumb\"},\"inLanguage\":\"pt-PT\",\"potentialAction\":[{\"@type\":\"ReadAction\",\"target\":[\"https:\\\/\\\/lovme.pt\\\/index.php\\\/produto\\\/womanizer-estimulador-clitorial-intenso-preto\\\/\"]}]},{\"@type\":\"ImageObject\",\"inLanguage\":\"pt-PT\",\"@id\":\"https:\\\/\\\/lovme.pt\\\/index.php\\\/produto\\\/womanizer-estimulador-clitorial-intenso-preto\\\/#primaryimage\",\"url\":\"https:\\\/\\\/erki24nd3ub.exactdn.com\\\/wp-content\\\/uploads\\\/dream\\\/img\\\/img_219114_17f179af8d9afa4f0bb999c1e6f8bc07_1.png?strip=all\",\"contentUrl\":\"https:\\\/\\\/erki24nd3ub.exactdn.com\\\/wp-content\\\/uploads\\\/dream\\\/img\\\/img_219114_17f179af8d9afa4f0bb999c1e6f8bc07_1.png?strip=all\",\"width\":900,\"height\":900},{\"@type\":\"BreadcrumbList\",\"@id\":\"https:\\\/\\\/lovme.pt\\\/index.php\\\/produto\\\/womanizer-estimulador-clitorial-intenso-preto\\\/#breadcrumb\",\"itemListElement\":[{\"@type\":\"ListItem\",\"position\":1,\"name\":\"In\u00edcio\",\"item\":\"https:\\\/\\\/lovme.pt\\\/\"},{\"@type\":\"ListItem\",\"position\":2,\"name\":\"Loja\",\"item\":\"https:\\\/\\\/lovme.pt\\\/index.php\\\/loja\\\/\"},{\"@type\":\"ListItem\",\"position\":3,\"name\":\"WOMANIZER &#8211; ESTIMULADOR CLITORIAL INTENSO PRETO\"}]},{\"@type\":\"WebSite\",\"@id\":\"https:\\\/\\\/lovme.pt\\\/#website\",\"url\":\"https:\\\/\\\/lovme.pt\\\/\",\"name\":\"Lovme Loja Er\u00f3tica N\u00ba1 em Portugal\",\"description\":\"A melhor loja er\u00f3tica de Portugal.\",\"alternateName\":\"Loja Er\u00f3tica Lovme\",\"potentialAction\":[{\"@type\":\"SearchAction\",\"target\":{\"@type\":\"EntryPoint\",\"urlTemplate\":\"https:\\\/\\\/lovme.pt\\\/?s={search_term_string}\"},\"query-input\":{\"@type\":\"PropertyValueSpecification\",\"valueRequired\":true,\"valueName\":\"search_term_string\"}}],\"inLanguage\":\"pt-PT\"}]}<\/script>\n<!-- \/ Yoast SEO plugin. -->","yoast_head_json":{"title":"WOMANIZER - ESTIMULADOR CLITORIAL INTENSO PRETO - Lovme","robots":{"index":"index","follow":"follow","max-snippet":"max-snippet:-1","max-image-preview":"max-image-preview:large","max-video-preview":"max-video-preview:-1"},"canonical":"https:\/\/lovme.pt\/index.php\/produto\/womanizer-estimulador-clitorial-intenso-preto\/","og_locale":"pt_PT","og_type":"article","og_title":"WOMANIZER - ESTIMULADOR CLITORIAL INTENSO PRETO - Lovme","og_description":"WOMANIZER - ESTIMULADOR CLITORIAL INTENSO PRETO","og_url":"https:\/\/lovme.pt\/index.php\/produto\/womanizer-estimulador-clitorial-intenso-preto\/","og_site_name":"Lovme","article_modified_time":"2026-02-19T20:19:27+00:00","og_image":[{"width":900,"height":900,"url":"https:\/\/erki24nd3ub.exactdn.com\/wp-content\/uploads\/dream\/img\/img_219114_17f179af8d9afa4f0bb999c1e6f8bc07_1.png?strip=all","type":"image\/png"}],"twitter_card":"summary_large_image","twitter_misc":{"Tempo estimado de leitura":"2 minutos"},"schema":{"@context":"https:\/\/schema.org","@graph":[{"@type":"WebPage","@id":"https:\/\/lovme.pt\/index.php\/produto\/womanizer-estimulador-clitorial-intenso-preto\/","url":"https:\/\/lovme.pt\/index.php\/produto\/womanizer-estimulador-clitorial-intenso-preto\/","name":"WOMANIZER - ESTIMULADOR CLITORIAL INTENSO PRETO - Lovme","isPartOf":{"@id":"https:\/\/lovme.pt\/#website"},"primaryImageOfPage":{"@id":"https:\/\/lovme.pt\/index.php\/produto\/womanizer-estimulador-clitorial-intenso-preto\/#primaryimage"},"image":{"@id":"https:\/\/lovme.pt\/index.php\/produto\/womanizer-estimulador-clitorial-intenso-preto\/#primaryimage"},"thumbnailUrl":"https:\/\/erki24nd3ub.exactdn.com\/wp-content\/uploads\/dream\/img\/img_219114_17f179af8d9afa4f0bb999c1e6f8bc07_1.png?strip=all","datePublished":"2026-01-21T20:06:17+00:00","dateModified":"2026-02-19T20:19:27+00:00","breadcrumb":{"@id":"https:\/\/lovme.pt\/index.php\/produto\/womanizer-estimulador-clitorial-intenso-preto\/#breadcrumb"},"inLanguage":"pt-PT","potentialAction":[{"@type":"ReadAction","target":["https:\/\/lovme.pt\/index.php\/produto\/womanizer-estimulador-clitorial-intenso-preto\/"]}]},{"@type":"ImageObject","inLanguage":"pt-PT","@id":"https:\/\/lovme.pt\/index.php\/produto\/womanizer-estimulador-clitorial-intenso-preto\/#primaryimage","url":"https:\/\/erki24nd3ub.exactdn.com\/wp-content\/uploads\/dream\/img\/img_219114_17f179af8d9afa4f0bb999c1e6f8bc07_1.png?strip=all","contentUrl":"https:\/\/erki24nd3ub.exactdn.com\/wp-content\/uploads\/dream\/img\/img_219114_17f179af8d9afa4f0bb999c1e6f8bc07_1.png?strip=all","width":900,"height":900},{"@type":"BreadcrumbList","@id":"https:\/\/lovme.pt\/index.php\/produto\/womanizer-estimulador-clitorial-intenso-preto\/#breadcrumb","itemListElement":[{"@type":"ListItem","position":1,"name":"In\u00edcio","item":"https:\/\/lovme.pt\/"},{"@type":"ListItem","position":2,"name":"Loja","item":"https:\/\/lovme.pt\/index.php\/loja\/"},{"@type":"ListItem","position":3,"name":"WOMANIZER &#8211; ESTIMULADOR CLITORIAL INTENSO PRETO"}]},{"@type":"WebSite","@id":"https:\/\/lovme.pt\/#website","url":"https:\/\/lovme.pt\/","name":"Lovme Loja Er\u00f3tica N\u00ba1 em Portugal","description":"A melhor loja er\u00f3tica de Portugal.","alternateName":"Loja Er\u00f3tica Lovme","potentialAction":[{"@type":"SearchAction","target":{"@type":"EntryPoint","urlTemplate":"https:\/\/lovme.pt\/?s={search_term_string}"},"query-input":{"@type":"PropertyValueSpecification","valueRequired":true,"valueName":"search_term_string"}}],"inLanguage":"pt-PT"}]}},"_links":{"self":[{"href":"https:\/\/lovme.pt\/index.php\/wp-json\/wp\/v2\/product\/106394","targetHints":{"allow":["GET"]}}],"collection":[{"href":"https:\/\/lovme.pt\/index.php\/wp-json\/wp\/v2\/product"}],"about":[{"href":"https:\/\/lovme.pt\/index.php\/wp-json\/wp\/v2\/types\/product"}],"wp:featuredmedia":[{"embeddable":true,"href":"https:\/\/lovme.pt\/index.php\/wp-json\/wp\/v2\/media\/106396"}],"wp:attachment":[{"href":"https:\/\/lovme.pt\/index.php\/wp-json\/wp\/v2\/media?parent=106394"}],"wp:term":[{"taxonomy":"product_brand","embeddable":true,"href":"https:\/\/lovme.pt\/index.php\/wp-json\/wp\/v2\/product_brand?post=106394"},{"taxonomy":"product_cat","embeddable":true,"href":"https:\/\/lovme.pt\/index.php\/wp-json\/wp\/v2\/product_cat?post=106394"},{"taxonomy":"product_tag","embeddable":true,"href":"https:\/\/lovme.pt\/index.php\/wp-json\/wp\/v2\/product_tag?post=106394"}],"curies":[{"name":"wp","href":"https:\/\/api.w.org\/{rel}","templated":true}]}}