{"id":106380,"date":"2026-01-21T20:04:27","date_gmt":"2026-01-21T20:04:27","guid":{"rendered":"https:\/\/lovme.pt\/?post_type=product&p=106380"},"modified":"2026-02-19T20:11:33","modified_gmt":"2026-02-19T20:11:33","slug":"secretplay-lubrificante-aquecedor-de-maracuja-50-ml","status":"publish","type":"product","link":"https:\/\/lovme.pt\/index.php\/produto\/secretplay-lubrificante-aquecedor-de-maracuja-50-ml\/","title":{"rendered":"SECRETPLAY &#8211; LUBRIFICANTE AQUECEDOR DE MARACUJ\u00c1 50 ML"},"content":{"rendered":"<p>Cole\u00e7\u00e3o 2 em 1 de lubrificantes com efeito de aquecimento e produtos para massagem. Sabores para todos os gostos. Sem a\u00e7\u00facar e sem parabenos, ideal para todas as zonas er\u00f3genas: mamilos, pesco\u00e7o, test\u00edculos, etc. Gra\u00e7as \u00e0 sua dupla fun\u00e7\u00e3o 2 em 1, \u00e9 perfeito tanto para uma massagem er\u00f3tica que intensifica as preliminares como um \u00f3leo de massagem, quanto para proporcionar uma lubrifica\u00e7\u00e3o requintada como um lubrificante com efeito de aquecimento.<\/p>\n<p><u><strong>CARACTER\u00cdSTICAS:<\/strong><\/u><\/p>\n<ul>\n<li>Sistema de embalagem sem ar<\/li>\n<li>Aplica\u00e7\u00e3o f\u00e1cil<\/li>\n<li>Capacidade: 50 ml<\/li>\n<li>Fragr\u00e2ncia: Maracuj\u00e1<\/li>\n<li>\u00c0 base de glicerina<\/li>\n<li>Pode ser usado como \u00f3leo de massagem e como lubrificante.<\/li>\n<li>Fabricado na Espanha<\/li>\n<li><strong>Modo de usar:<\/strong> Aplique generosamente na \u00e1rea desejada e massageie.<\/li>\n<li><strong>Ingredientes<\/strong> : Glicerina, propilenoglicol, pentilenoglicol, \u00e1gua, aroma, extrato da casca de Vitis vinifera, sacarina s\u00f3dica, anetol, vanilina, CI 15985<\/li>\n<\/ul>\n<p><strong>Secret Play<\/strong> combina sensualidade e cuidados naturais para a pele com f\u00f3rmulas de alta qualidade inspiradas na cosm\u00e9tica tradicional. Seus produtos, elaborados com ingredientes como aloe vera e livres de parabenos e a\u00e7\u00facares, oferecem texturas leves e sensoriais, ideais para momentos \u00edntimos. Aromas evocativos e sabores irresist\u00edveis despertam naturalmente os sentidos. Produzidos na Espanha, n\u00e3o testados em animais e com certifica\u00e7\u00e3o Natural e Bio, refletem um forte compromisso com o meio ambiente e a responsabilidade social.<\/p>\n","protected":false},"excerpt":{"rendered":"<p>SECRETPLAY &#8211; LUBRIFICANTE AQUECEDOR DE MARACUJ\u00c1 50 ML<\/p>\n","protected":false},"featured_media":106382,"template":"","meta":{"_acf_changed":false},"product_brand":[],"product_cat":[49,53,88],"product_tag":[],"class_list":{"0":"post-106380","1":"product","2":"type-product","3":"status-publish","4":"has-post-thumbnail","6":"product_cat-cosmeticos","7":"product_cat-lubrificantes-intimos","8":"product_cat-novidades","9":"yith_product_brand-secretplay","10":"yith_product_brand-secretplaysecretplay-cosmetic","12":"first","13":"instock","14":"taxable","15":"shipping-taxable","16":"purchasable","17":"product-type-simple"},"acf":[],"yoast_head":"<!-- This site is optimized with the Yoast SEO plugin v27.4 - https:\/\/yoast.com\/product\/yoast-seo-wordpress\/ -->\n<title>SECRETPLAY - LUBRIFICANTE AQUECEDOR DE MARACUJ\u00c1 50 ML - Lovme<\/title>\n<meta name=\"robots\" content=\"index, follow, max-snippet:-1, max-image-preview:large, max-video-preview:-1\" \/>\n<link rel=\"canonical\" href=\"https:\/\/lovme.pt\/index.php\/produto\/secretplay-lubrificante-aquecedor-de-maracuja-50-ml\/\" \/>\n<meta property=\"og:locale\" content=\"pt_PT\" \/>\n<meta property=\"og:type\" content=\"article\" \/>\n<meta property=\"og:title\" content=\"SECRETPLAY - LUBRIFICANTE AQUECEDOR DE MARACUJ\u00c1 50 ML - Lovme\" \/>\n<meta property=\"og:description\" content=\"SECRETPLAY - LUBRIFICANTE AQUECEDOR DE MARACUJ\u00c1 50 ML\" \/>\n<meta property=\"og:url\" content=\"https:\/\/lovme.pt\/index.php\/produto\/secretplay-lubrificante-aquecedor-de-maracuja-50-ml\/\" \/>\n<meta property=\"og:site_name\" content=\"Lovme\" \/>\n<meta property=\"article:modified_time\" content=\"2026-02-19T20:11:33+00:00\" \/>\n<meta property=\"og:image\" content=\"https:\/\/erki24nd3ub.exactdn.com\/wp-content\/uploads\/dream\/img\/img_219027_e84ffbaea1822af3d1f7efd9e2c44871_1.jpg?strip=all\" \/>\n\t<meta property=\"og:image:width\" content=\"900\" \/>\n\t<meta property=\"og:image:height\" content=\"900\" \/>\n\t<meta property=\"og:image:type\" content=\"image\/jpeg\" \/>\n<meta name=\"twitter:card\" content=\"summary_large_image\" \/>\n<meta name=\"twitter:label1\" content=\"Tempo estimado de leitura\" \/>\n\t<meta name=\"twitter:data1\" content=\"1 minuto\" \/>\n<script type=\"application\/ld+json\" class=\"yoast-schema-graph\">{\"@context\":\"https:\\\/\\\/schema.org\",\"@graph\":[{\"@type\":\"WebPage\",\"@id\":\"https:\\\/\\\/lovme.pt\\\/index.php\\\/produto\\\/secretplay-lubrificante-aquecedor-de-maracuja-50-ml\\\/\",\"url\":\"https:\\\/\\\/lovme.pt\\\/index.php\\\/produto\\\/secretplay-lubrificante-aquecedor-de-maracuja-50-ml\\\/\",\"name\":\"SECRETPLAY - LUBRIFICANTE AQUECEDOR DE MARACUJ\u00c1 50 ML - Lovme\",\"isPartOf\":{\"@id\":\"https:\\\/\\\/lovme.pt\\\/#website\"},\"primaryImageOfPage\":{\"@id\":\"https:\\\/\\\/lovme.pt\\\/index.php\\\/produto\\\/secretplay-lubrificante-aquecedor-de-maracuja-50-ml\\\/#primaryimage\"},\"image\":{\"@id\":\"https:\\\/\\\/lovme.pt\\\/index.php\\\/produto\\\/secretplay-lubrificante-aquecedor-de-maracuja-50-ml\\\/#primaryimage\"},\"thumbnailUrl\":\"https:\\\/\\\/erki24nd3ub.exactdn.com\\\/wp-content\\\/uploads\\\/dream\\\/img\\\/img_219027_e84ffbaea1822af3d1f7efd9e2c44871_1.jpg?strip=all\",\"datePublished\":\"2026-01-21T20:04:27+00:00\",\"dateModified\":\"2026-02-19T20:11:33+00:00\",\"breadcrumb\":{\"@id\":\"https:\\\/\\\/lovme.pt\\\/index.php\\\/produto\\\/secretplay-lubrificante-aquecedor-de-maracuja-50-ml\\\/#breadcrumb\"},\"inLanguage\":\"pt-PT\",\"potentialAction\":[{\"@type\":\"ReadAction\",\"target\":[\"https:\\\/\\\/lovme.pt\\\/index.php\\\/produto\\\/secretplay-lubrificante-aquecedor-de-maracuja-50-ml\\\/\"]}]},{\"@type\":\"ImageObject\",\"inLanguage\":\"pt-PT\",\"@id\":\"https:\\\/\\\/lovme.pt\\\/index.php\\\/produto\\\/secretplay-lubrificante-aquecedor-de-maracuja-50-ml\\\/#primaryimage\",\"url\":\"https:\\\/\\\/erki24nd3ub.exactdn.com\\\/wp-content\\\/uploads\\\/dream\\\/img\\\/img_219027_e84ffbaea1822af3d1f7efd9e2c44871_1.jpg?strip=all\",\"contentUrl\":\"https:\\\/\\\/erki24nd3ub.exactdn.com\\\/wp-content\\\/uploads\\\/dream\\\/img\\\/img_219027_e84ffbaea1822af3d1f7efd9e2c44871_1.jpg?strip=all\",\"width\":900,\"height\":900},{\"@type\":\"BreadcrumbList\",\"@id\":\"https:\\\/\\\/lovme.pt\\\/index.php\\\/produto\\\/secretplay-lubrificante-aquecedor-de-maracuja-50-ml\\\/#breadcrumb\",\"itemListElement\":[{\"@type\":\"ListItem\",\"position\":1,\"name\":\"In\u00edcio\",\"item\":\"https:\\\/\\\/lovme.pt\\\/\"},{\"@type\":\"ListItem\",\"position\":2,\"name\":\"Loja\",\"item\":\"https:\\\/\\\/lovme.pt\\\/index.php\\\/loja\\\/\"},{\"@type\":\"ListItem\",\"position\":3,\"name\":\"SECRETPLAY &#8211; LUBRIFICANTE AQUECEDOR DE MARACUJ\u00c1 50 ML\"}]},{\"@type\":\"WebSite\",\"@id\":\"https:\\\/\\\/lovme.pt\\\/#website\",\"url\":\"https:\\\/\\\/lovme.pt\\\/\",\"name\":\"Lovme Loja Er\u00f3tica N\u00ba1 em Portugal\",\"description\":\"A melhor loja er\u00f3tica de Portugal.\",\"alternateName\":\"Loja Er\u00f3tica Lovme\",\"potentialAction\":[{\"@type\":\"SearchAction\",\"target\":{\"@type\":\"EntryPoint\",\"urlTemplate\":\"https:\\\/\\\/lovme.pt\\\/?s={search_term_string}\"},\"query-input\":{\"@type\":\"PropertyValueSpecification\",\"valueRequired\":true,\"valueName\":\"search_term_string\"}}],\"inLanguage\":\"pt-PT\"}]}<\/script>\n<!-- \/ Yoast SEO plugin. -->","yoast_head_json":{"title":"SECRETPLAY - LUBRIFICANTE AQUECEDOR DE MARACUJ\u00c1 50 ML - Lovme","robots":{"index":"index","follow":"follow","max-snippet":"max-snippet:-1","max-image-preview":"max-image-preview:large","max-video-preview":"max-video-preview:-1"},"canonical":"https:\/\/lovme.pt\/index.php\/produto\/secretplay-lubrificante-aquecedor-de-maracuja-50-ml\/","og_locale":"pt_PT","og_type":"article","og_title":"SECRETPLAY - LUBRIFICANTE AQUECEDOR DE MARACUJ\u00c1 50 ML - Lovme","og_description":"SECRETPLAY - LUBRIFICANTE AQUECEDOR DE MARACUJ\u00c1 50 ML","og_url":"https:\/\/lovme.pt\/index.php\/produto\/secretplay-lubrificante-aquecedor-de-maracuja-50-ml\/","og_site_name":"Lovme","article_modified_time":"2026-02-19T20:11:33+00:00","og_image":[{"width":900,"height":900,"url":"https:\/\/erki24nd3ub.exactdn.com\/wp-content\/uploads\/dream\/img\/img_219027_e84ffbaea1822af3d1f7efd9e2c44871_1.jpg?strip=all","type":"image\/jpeg"}],"twitter_card":"summary_large_image","twitter_misc":{"Tempo estimado de leitura":"1 minuto"},"schema":{"@context":"https:\/\/schema.org","@graph":[{"@type":"WebPage","@id":"https:\/\/lovme.pt\/index.php\/produto\/secretplay-lubrificante-aquecedor-de-maracuja-50-ml\/","url":"https:\/\/lovme.pt\/index.php\/produto\/secretplay-lubrificante-aquecedor-de-maracuja-50-ml\/","name":"SECRETPLAY - LUBRIFICANTE AQUECEDOR DE MARACUJ\u00c1 50 ML - Lovme","isPartOf":{"@id":"https:\/\/lovme.pt\/#website"},"primaryImageOfPage":{"@id":"https:\/\/lovme.pt\/index.php\/produto\/secretplay-lubrificante-aquecedor-de-maracuja-50-ml\/#primaryimage"},"image":{"@id":"https:\/\/lovme.pt\/index.php\/produto\/secretplay-lubrificante-aquecedor-de-maracuja-50-ml\/#primaryimage"},"thumbnailUrl":"https:\/\/erki24nd3ub.exactdn.com\/wp-content\/uploads\/dream\/img\/img_219027_e84ffbaea1822af3d1f7efd9e2c44871_1.jpg?strip=all","datePublished":"2026-01-21T20:04:27+00:00","dateModified":"2026-02-19T20:11:33+00:00","breadcrumb":{"@id":"https:\/\/lovme.pt\/index.php\/produto\/secretplay-lubrificante-aquecedor-de-maracuja-50-ml\/#breadcrumb"},"inLanguage":"pt-PT","potentialAction":[{"@type":"ReadAction","target":["https:\/\/lovme.pt\/index.php\/produto\/secretplay-lubrificante-aquecedor-de-maracuja-50-ml\/"]}]},{"@type":"ImageObject","inLanguage":"pt-PT","@id":"https:\/\/lovme.pt\/index.php\/produto\/secretplay-lubrificante-aquecedor-de-maracuja-50-ml\/#primaryimage","url":"https:\/\/erki24nd3ub.exactdn.com\/wp-content\/uploads\/dream\/img\/img_219027_e84ffbaea1822af3d1f7efd9e2c44871_1.jpg?strip=all","contentUrl":"https:\/\/erki24nd3ub.exactdn.com\/wp-content\/uploads\/dream\/img\/img_219027_e84ffbaea1822af3d1f7efd9e2c44871_1.jpg?strip=all","width":900,"height":900},{"@type":"BreadcrumbList","@id":"https:\/\/lovme.pt\/index.php\/produto\/secretplay-lubrificante-aquecedor-de-maracuja-50-ml\/#breadcrumb","itemListElement":[{"@type":"ListItem","position":1,"name":"In\u00edcio","item":"https:\/\/lovme.pt\/"},{"@type":"ListItem","position":2,"name":"Loja","item":"https:\/\/lovme.pt\/index.php\/loja\/"},{"@type":"ListItem","position":3,"name":"SECRETPLAY &#8211; LUBRIFICANTE AQUECEDOR DE MARACUJ\u00c1 50 ML"}]},{"@type":"WebSite","@id":"https:\/\/lovme.pt\/#website","url":"https:\/\/lovme.pt\/","name":"Lovme Loja Er\u00f3tica N\u00ba1 em Portugal","description":"A melhor loja er\u00f3tica de Portugal.","alternateName":"Loja Er\u00f3tica Lovme","potentialAction":[{"@type":"SearchAction","target":{"@type":"EntryPoint","urlTemplate":"https:\/\/lovme.pt\/?s={search_term_string}"},"query-input":{"@type":"PropertyValueSpecification","valueRequired":true,"valueName":"search_term_string"}}],"inLanguage":"pt-PT"}]}},"_links":{"self":[{"href":"https:\/\/lovme.pt\/index.php\/wp-json\/wp\/v2\/product\/106380","targetHints":{"allow":["GET"]}}],"collection":[{"href":"https:\/\/lovme.pt\/index.php\/wp-json\/wp\/v2\/product"}],"about":[{"href":"https:\/\/lovme.pt\/index.php\/wp-json\/wp\/v2\/types\/product"}],"wp:featuredmedia":[{"embeddable":true,"href":"https:\/\/lovme.pt\/index.php\/wp-json\/wp\/v2\/media\/106382"}],"wp:attachment":[{"href":"https:\/\/lovme.pt\/index.php\/wp-json\/wp\/v2\/media?parent=106380"}],"wp:term":[{"taxonomy":"product_brand","embeddable":true,"href":"https:\/\/lovme.pt\/index.php\/wp-json\/wp\/v2\/product_brand?post=106380"},{"taxonomy":"product_cat","embeddable":true,"href":"https:\/\/lovme.pt\/index.php\/wp-json\/wp\/v2\/product_cat?post=106380"},{"taxonomy":"product_tag","embeddable":true,"href":"https:\/\/lovme.pt\/index.php\/wp-json\/wp\/v2\/product_tag?post=106380"}],"curies":[{"name":"wp","href":"https:\/\/api.w.org\/{rel}","templated":true}]}}