{"id":106364,"date":"2026-01-21T20:03:46","date_gmt":"2026-01-21T20:03:46","guid":{"rendered":"https:\/\/lovme.pt\/?post_type=product&p=106364"},"modified":"2026-04-02T12:52:42","modified_gmt":"2026-04-02T12:52:42","slug":"womanizer-vibe-vibe-vibrador-silencioso-de-uso-interno-rosa-escuro","status":"publish","type":"product","link":"https:\/\/lovme.pt\/index.php\/produto\/womanizer-vibe-vibe-vibrador-silencioso-de-uso-interno-rosa-escuro\/","title":{"rendered":"WOMANIZER &#8211; VIBE VIBE VIBRADOR SILENCIOSO DE USO INTERNO ROSA ESCURO"},"content":{"rendered":"<p>Vibrador silencioso da Womanizer. Um vibrador silencioso que proporciona uma nova sensa\u00e7\u00e3o com a vibra\u00e7\u00e3o UltraWave, combinando vibra\u00e7\u00f5es profundas de baixa frequ\u00eancia com 10 poderosas resson\u00e2ncias harm\u00f4nicas. Desfrute de uma sensa\u00e7\u00e3o suave e enriquecedora que intensifica seus sentidos e eleva seu orgasmo sem superestimula\u00e7\u00e3o.<\/p>\n<p> Experimente a vibra\u00e7\u00e3o UltraWave, a tecnologia revolucion\u00e1ria que combina vibra\u00e7\u00f5es profundas de baixa frequ\u00eancia com 10 poderosas resson\u00e2ncias harm\u00f4nicas. Alimentada por um motor linear, proporciona uma estimula\u00e7\u00e3o suave, por\u00e9m intensa, guiando voc\u00ea por uma sinfonia de prazer. Desfrute de uma sensa\u00e7\u00e3o suave e enriquecedora que agu\u00e7a seus sentidos e intensifica seu orgasmo sem superestimula\u00e7\u00e3o.<\/p>\n<p> <strong>Vibra\u00e7\u00e3o UltraWave <\/strong> A nova tecnologia de vibra\u00e7\u00e3o da Womanizer proporciona sensa\u00e7\u00f5es mais ricas e satisfat\u00f3rias para intensificar a experi\u00eancia org\u00e1smica.<\/p>\n<p> <strong>Bordas de prazer <\/strong> O formato ergon\u00f4mico permite uma gama mais ampla de sensa\u00e7\u00f5es, desde estimula\u00e7\u00e3o abrangente at\u00e9 vibra\u00e7\u00f5es mais direcionadas.<\/p>\n<p> <strong>Sil\u00eancio <\/strong> Sem distra\u00e7\u00f5es, apenas puro prazer.<\/p>\n<p> <strong>3 modos de piloto autom\u00e1tico <\/strong> Deixe o Vibe guiar o seu prazer e desfrute de uma das tr\u00eas sequ\u00eancias de vibra\u00e7\u00e3o sensuais e surpreendentes, inspiradas em ritmos musicais. Uma forma fant\u00e1stica de variar a sua experi\u00eancia e tornar cada orgasmo \u00fanico.<\/p>\n<p> <strong>10 n\u00edveis de intensidade <\/strong> Seja qual for a sua prefer\u00eancia, prazer suave e delicado, estimula\u00e7\u00e3o poderosa e intensa ou algo intermedi\u00e1rio, o seu pr\u00f3ximo orgasmo est\u00e1 a apenas um toque de dist\u00e2ncia. Os n\u00edveis de intensidade perfeitamente equilibrados proporcionam o ambiente ideal para cada estado de esp\u00edrito.<\/p>\n<p> <strong>\u00c0 prova d\u00e1gua IPX7 <\/strong> Quer mergulhar mais fundo? Gra\u00e7as ao seu design \u00e0 prova d\u00e1gua IPX7, nada o impedir\u00e1 de desfrutar de um banho longo e relaxante, um chuveiro refrescante ou at\u00e9 mesmo de se divertir \u00e0 beira da piscina.<\/p>\n<p> <strong>Silicone seguro para o corpo <\/strong> A superf\u00edcie \u00e9 feita de silicone macio e sedoso, proporcionando uma sensa\u00e7\u00e3o suave em contato com a pele. Este material seguro para o corpo \u00e9 livre de ftalatos, BPA e l\u00e1tex  um verdadeiro deleite ao toque.<\/p>\n<p> <strong>Porta de carregamento USB <\/strong> Os pinos de carregamento magn\u00e9ticos tornam o recarregamento r\u00e1pido e pr\u00e1tico.<\/p>\n<\/p>\n<p> <u><strong>CARACTER\u00cdSTICAS:<\/strong><\/u><\/p>\n<ul>\n<li> Preto, roxo escuro, s\u00e1lvia<\/li>\n<li> \u00c0 prova d\u00e1gua IPX7<\/li>\n<li> Dura\u00e7\u00e3o: 240 minutos<\/li>\n<li> Tempo de carregamento: 120 minutos<\/li>\n<li> Materiais: Silicone seguro para o corpo<\/li>\n<li> Peso: 480 gramas<\/li>\n<li> Dimens\u00f5es: Comprimento 17,1 x Largura 5,4 x Altura 5,7<\/li>\n<li> Dimens\u00f5es da embalagem: Comprimento 19,3 x Largura 11,2 x Altura 6,8<\/li>\n<li> A caixa inclui:\n<ul>\n<li> Womanizer Next<\/li>\n<li> Bolsa de armazenamento de algod\u00e3o<\/li>\n<li> Cabe\u00e7a de estimula\u00e7\u00e3o adicional<\/li>\n<li> Guia de in\u00edcio r\u00e1pido<\/li>\n<li> Informa\u00e7\u00f5es sobre conformidade e seguran\u00e7a<\/li>\n<li> Adesivo Memasturbo<\/li>\n<li> Cabo USB com pinos de carregamento magn\u00e9ticos (adaptador CA n\u00e3o inclu\u00eddo)<\/li>\n<\/ul>\n<\/li>\n<\/ul>\n","protected":false},"excerpt":{"rendered":"<p>WOMANIZER &#8211; VIBE VIBE VIBRADOR SILENCIOSO DE USO INTERNO ROSA ESCURO<\/p>\n","protected":false},"featured_media":106366,"template":"","meta":{"_acf_changed":false},"product_brand":[],"product_cat":[17,61,76],"product_tag":[],"class_list":{"0":"post-106364","1":"product","2":"type-product","3":"status-publish","4":"has-post-thumbnail","6":"product_cat-brinquedos-de-bem-estar-sexual","7":"product_cat-para-elas","8":"product_cat-vibradores","9":"yith_product_brand-womanizer","11":"first","12":"instock","13":"taxable","14":"shipping-taxable","15":"purchasable","16":"product-type-simple"},"acf":[],"yoast_head":"<!-- This site is optimized with the Yoast SEO plugin v27.4 - https:\/\/yoast.com\/product\/yoast-seo-wordpress\/ -->\n<title>WOMANIZER - VIBE VIBE VIBRADOR SILENCIOSO DE USO INTERNO ROSA ESCURO - Lovme<\/title>\n<meta name=\"robots\" content=\"index, follow, max-snippet:-1, max-image-preview:large, max-video-preview:-1\" \/>\n<link rel=\"canonical\" href=\"https:\/\/lovme.pt\/index.php\/produto\/womanizer-vibe-vibe-vibrador-silencioso-de-uso-interno-rosa-escuro\/\" \/>\n<meta property=\"og:locale\" content=\"pt_PT\" \/>\n<meta property=\"og:type\" content=\"article\" \/>\n<meta property=\"og:title\" content=\"WOMANIZER - VIBE VIBE VIBRADOR SILENCIOSO DE USO INTERNO ROSA ESCURO - Lovme\" \/>\n<meta property=\"og:description\" content=\"WOMANIZER - VIBE VIBE VIBRADOR SILENCIOSO DE USO INTERNO ROSA ESCURO\" \/>\n<meta property=\"og:url\" content=\"https:\/\/lovme.pt\/index.php\/produto\/womanizer-vibe-vibe-vibrador-silencioso-de-uso-interno-rosa-escuro\/\" \/>\n<meta property=\"og:site_name\" content=\"Lovme\" \/>\n<meta property=\"article:modified_time\" content=\"2026-04-02T12:52:42+00:00\" \/>\n<meta property=\"og:image\" content=\"https:\/\/erki24nd3ub.exactdn.com\/wp-content\/uploads\/dream\/img\/img_219195_9421e4c00914ae952474d787da969b08_1.png?strip=all\" \/>\n\t<meta property=\"og:image:width\" content=\"900\" \/>\n\t<meta property=\"og:image:height\" content=\"900\" \/>\n\t<meta property=\"og:image:type\" content=\"image\/png\" \/>\n<meta name=\"twitter:card\" content=\"summary_large_image\" \/>\n<meta name=\"twitter:label1\" content=\"Tempo estimado de leitura\" \/>\n\t<meta name=\"twitter:data1\" content=\"2 minutos\" \/>\n<script type=\"application\/ld+json\" class=\"yoast-schema-graph\">{\"@context\":\"https:\\\/\\\/schema.org\",\"@graph\":[{\"@type\":\"WebPage\",\"@id\":\"https:\\\/\\\/lovme.pt\\\/index.php\\\/produto\\\/womanizer-vibe-vibe-vibrador-silencioso-de-uso-interno-rosa-escuro\\\/\",\"url\":\"https:\\\/\\\/lovme.pt\\\/index.php\\\/produto\\\/womanizer-vibe-vibe-vibrador-silencioso-de-uso-interno-rosa-escuro\\\/\",\"name\":\"WOMANIZER - VIBE VIBE VIBRADOR SILENCIOSO DE USO INTERNO ROSA ESCURO - Lovme\",\"isPartOf\":{\"@id\":\"https:\\\/\\\/lovme.pt\\\/#website\"},\"primaryImageOfPage\":{\"@id\":\"https:\\\/\\\/lovme.pt\\\/index.php\\\/produto\\\/womanizer-vibe-vibe-vibrador-silencioso-de-uso-interno-rosa-escuro\\\/#primaryimage\"},\"image\":{\"@id\":\"https:\\\/\\\/lovme.pt\\\/index.php\\\/produto\\\/womanizer-vibe-vibe-vibrador-silencioso-de-uso-interno-rosa-escuro\\\/#primaryimage\"},\"thumbnailUrl\":\"https:\\\/\\\/erki24nd3ub.exactdn.com\\\/wp-content\\\/uploads\\\/dream\\\/img\\\/img_219195_9421e4c00914ae952474d787da969b08_1.png?strip=all\",\"datePublished\":\"2026-01-21T20:03:46+00:00\",\"dateModified\":\"2026-04-02T12:52:42+00:00\",\"breadcrumb\":{\"@id\":\"https:\\\/\\\/lovme.pt\\\/index.php\\\/produto\\\/womanizer-vibe-vibe-vibrador-silencioso-de-uso-interno-rosa-escuro\\\/#breadcrumb\"},\"inLanguage\":\"pt-PT\",\"potentialAction\":[{\"@type\":\"ReadAction\",\"target\":[\"https:\\\/\\\/lovme.pt\\\/index.php\\\/produto\\\/womanizer-vibe-vibe-vibrador-silencioso-de-uso-interno-rosa-escuro\\\/\"]}]},{\"@type\":\"ImageObject\",\"inLanguage\":\"pt-PT\",\"@id\":\"https:\\\/\\\/lovme.pt\\\/index.php\\\/produto\\\/womanizer-vibe-vibe-vibrador-silencioso-de-uso-interno-rosa-escuro\\\/#primaryimage\",\"url\":\"https:\\\/\\\/erki24nd3ub.exactdn.com\\\/wp-content\\\/uploads\\\/dream\\\/img\\\/img_219195_9421e4c00914ae952474d787da969b08_1.png?strip=all\",\"contentUrl\":\"https:\\\/\\\/erki24nd3ub.exactdn.com\\\/wp-content\\\/uploads\\\/dream\\\/img\\\/img_219195_9421e4c00914ae952474d787da969b08_1.png?strip=all\",\"width\":900,\"height\":900},{\"@type\":\"BreadcrumbList\",\"@id\":\"https:\\\/\\\/lovme.pt\\\/index.php\\\/produto\\\/womanizer-vibe-vibe-vibrador-silencioso-de-uso-interno-rosa-escuro\\\/#breadcrumb\",\"itemListElement\":[{\"@type\":\"ListItem\",\"position\":1,\"name\":\"In\u00edcio\",\"item\":\"https:\\\/\\\/lovme.pt\\\/\"},{\"@type\":\"ListItem\",\"position\":2,\"name\":\"Loja\",\"item\":\"https:\\\/\\\/lovme.pt\\\/index.php\\\/loja\\\/\"},{\"@type\":\"ListItem\",\"position\":3,\"name\":\"WOMANIZER &#8211; VIBE VIBE VIBRADOR SILENCIOSO DE USO INTERNO ROSA ESCURO\"}]},{\"@type\":\"WebSite\",\"@id\":\"https:\\\/\\\/lovme.pt\\\/#website\",\"url\":\"https:\\\/\\\/lovme.pt\\\/\",\"name\":\"Lovme Loja Er\u00f3tica N\u00ba1 em Portugal\",\"description\":\"A melhor loja er\u00f3tica de Portugal.\",\"alternateName\":\"Loja Er\u00f3tica Lovme\",\"potentialAction\":[{\"@type\":\"SearchAction\",\"target\":{\"@type\":\"EntryPoint\",\"urlTemplate\":\"https:\\\/\\\/lovme.pt\\\/?s={search_term_string}\"},\"query-input\":{\"@type\":\"PropertyValueSpecification\",\"valueRequired\":true,\"valueName\":\"search_term_string\"}}],\"inLanguage\":\"pt-PT\"}]}<\/script>\n<!-- \/ Yoast SEO plugin. -->","yoast_head_json":{"title":"WOMANIZER - VIBE VIBE VIBRADOR SILENCIOSO DE USO INTERNO ROSA ESCURO - Lovme","robots":{"index":"index","follow":"follow","max-snippet":"max-snippet:-1","max-image-preview":"max-image-preview:large","max-video-preview":"max-video-preview:-1"},"canonical":"https:\/\/lovme.pt\/index.php\/produto\/womanizer-vibe-vibe-vibrador-silencioso-de-uso-interno-rosa-escuro\/","og_locale":"pt_PT","og_type":"article","og_title":"WOMANIZER - VIBE VIBE VIBRADOR SILENCIOSO DE USO INTERNO ROSA ESCURO - Lovme","og_description":"WOMANIZER - VIBE VIBE VIBRADOR SILENCIOSO DE USO INTERNO ROSA ESCURO","og_url":"https:\/\/lovme.pt\/index.php\/produto\/womanizer-vibe-vibe-vibrador-silencioso-de-uso-interno-rosa-escuro\/","og_site_name":"Lovme","article_modified_time":"2026-04-02T12:52:42+00:00","og_image":[{"width":900,"height":900,"url":"https:\/\/erki24nd3ub.exactdn.com\/wp-content\/uploads\/dream\/img\/img_219195_9421e4c00914ae952474d787da969b08_1.png?strip=all","type":"image\/png"}],"twitter_card":"summary_large_image","twitter_misc":{"Tempo estimado de leitura":"2 minutos"},"schema":{"@context":"https:\/\/schema.org","@graph":[{"@type":"WebPage","@id":"https:\/\/lovme.pt\/index.php\/produto\/womanizer-vibe-vibe-vibrador-silencioso-de-uso-interno-rosa-escuro\/","url":"https:\/\/lovme.pt\/index.php\/produto\/womanizer-vibe-vibe-vibrador-silencioso-de-uso-interno-rosa-escuro\/","name":"WOMANIZER - VIBE VIBE VIBRADOR SILENCIOSO DE USO INTERNO ROSA ESCURO - Lovme","isPartOf":{"@id":"https:\/\/lovme.pt\/#website"},"primaryImageOfPage":{"@id":"https:\/\/lovme.pt\/index.php\/produto\/womanizer-vibe-vibe-vibrador-silencioso-de-uso-interno-rosa-escuro\/#primaryimage"},"image":{"@id":"https:\/\/lovme.pt\/index.php\/produto\/womanizer-vibe-vibe-vibrador-silencioso-de-uso-interno-rosa-escuro\/#primaryimage"},"thumbnailUrl":"https:\/\/erki24nd3ub.exactdn.com\/wp-content\/uploads\/dream\/img\/img_219195_9421e4c00914ae952474d787da969b08_1.png?strip=all","datePublished":"2026-01-21T20:03:46+00:00","dateModified":"2026-04-02T12:52:42+00:00","breadcrumb":{"@id":"https:\/\/lovme.pt\/index.php\/produto\/womanizer-vibe-vibe-vibrador-silencioso-de-uso-interno-rosa-escuro\/#breadcrumb"},"inLanguage":"pt-PT","potentialAction":[{"@type":"ReadAction","target":["https:\/\/lovme.pt\/index.php\/produto\/womanizer-vibe-vibe-vibrador-silencioso-de-uso-interno-rosa-escuro\/"]}]},{"@type":"ImageObject","inLanguage":"pt-PT","@id":"https:\/\/lovme.pt\/index.php\/produto\/womanizer-vibe-vibe-vibrador-silencioso-de-uso-interno-rosa-escuro\/#primaryimage","url":"https:\/\/erki24nd3ub.exactdn.com\/wp-content\/uploads\/dream\/img\/img_219195_9421e4c00914ae952474d787da969b08_1.png?strip=all","contentUrl":"https:\/\/erki24nd3ub.exactdn.com\/wp-content\/uploads\/dream\/img\/img_219195_9421e4c00914ae952474d787da969b08_1.png?strip=all","width":900,"height":900},{"@type":"BreadcrumbList","@id":"https:\/\/lovme.pt\/index.php\/produto\/womanizer-vibe-vibe-vibrador-silencioso-de-uso-interno-rosa-escuro\/#breadcrumb","itemListElement":[{"@type":"ListItem","position":1,"name":"In\u00edcio","item":"https:\/\/lovme.pt\/"},{"@type":"ListItem","position":2,"name":"Loja","item":"https:\/\/lovme.pt\/index.php\/loja\/"},{"@type":"ListItem","position":3,"name":"WOMANIZER &#8211; VIBE VIBE VIBRADOR SILENCIOSO DE USO INTERNO ROSA ESCURO"}]},{"@type":"WebSite","@id":"https:\/\/lovme.pt\/#website","url":"https:\/\/lovme.pt\/","name":"Lovme Loja Er\u00f3tica N\u00ba1 em Portugal","description":"A melhor loja er\u00f3tica de Portugal.","alternateName":"Loja Er\u00f3tica Lovme","potentialAction":[{"@type":"SearchAction","target":{"@type":"EntryPoint","urlTemplate":"https:\/\/lovme.pt\/?s={search_term_string}"},"query-input":{"@type":"PropertyValueSpecification","valueRequired":true,"valueName":"search_term_string"}}],"inLanguage":"pt-PT"}]}},"_links":{"self":[{"href":"https:\/\/lovme.pt\/index.php\/wp-json\/wp\/v2\/product\/106364","targetHints":{"allow":["GET"]}}],"collection":[{"href":"https:\/\/lovme.pt\/index.php\/wp-json\/wp\/v2\/product"}],"about":[{"href":"https:\/\/lovme.pt\/index.php\/wp-json\/wp\/v2\/types\/product"}],"wp:featuredmedia":[{"embeddable":true,"href":"https:\/\/lovme.pt\/index.php\/wp-json\/wp\/v2\/media\/106366"}],"wp:attachment":[{"href":"https:\/\/lovme.pt\/index.php\/wp-json\/wp\/v2\/media?parent=106364"}],"wp:term":[{"taxonomy":"product_brand","embeddable":true,"href":"https:\/\/lovme.pt\/index.php\/wp-json\/wp\/v2\/product_brand?post=106364"},{"taxonomy":"product_cat","embeddable":true,"href":"https:\/\/lovme.pt\/index.php\/wp-json\/wp\/v2\/product_cat?post=106364"},{"taxonomy":"product_tag","embeddable":true,"href":"https:\/\/lovme.pt\/index.php\/wp-json\/wp\/v2\/product_tag?post=106364"}],"curies":[{"name":"wp","href":"https:\/\/api.w.org\/{rel}","templated":true}]}}