{"id":106353,"date":"2026-01-21T20:01:44","date_gmt":"2026-01-21T20:01:44","guid":{"rendered":"https:\/\/lovme.pt\/?post_type=product&p=106353"},"modified":"2026-02-19T20:05:47","modified_gmt":"2026-02-19T20:05:47","slug":"secretplay-fem-drops-serum-hidratante-intimo-15-ml","status":"publish","type":"product","link":"https:\/\/lovme.pt\/index.php\/produto\/secretplay-fem-drops-serum-hidratante-intimo-15-ml\/","title":{"rendered":"SECRETPLAY &#8211; FEM DROPS S\u00c9RUM HIDRATANTE \u00cdNTIMO 15 ML"},"content":{"rendered":"<p>Fem Drops \u00e9 um s\u00e9rum para o cuidado di\u00e1rio da zona \u00edntima. Sua f\u00f3rmula exclusiva, composta por \u00f3leos vegetais 100% naturais, ajuda a hidratar, proteger e nutrir, preservando o equil\u00edbrio natural da regi\u00e3o. Auxilia na redu\u00e7\u00e3o do ressecamento e do desconforto di\u00e1rio, promovendo maciez, elasticidade e bem-estar geral.<\/p>\n<p>Este s\u00e9rum \u00e9 um excelente produto para o cuidado di\u00e1rio de mulheres de todas as idades. \u00c9 tamb\u00e9m altamente recomendado para pessoas com tend\u00eancia ao ressecamento e desconforto devido \u00e0 falta de lubrifica\u00e7\u00e3o natural. Cuide de si e mime-se com o bem-estar, pois o Fem Drops \u00e9 especialmente suave e delicado para a pele, ideal para \u00e1reas propensas a irrita\u00e7\u00f5es. Proporciona hidrata\u00e7\u00e3o duradoura e um efeito calmante e refrescante imediato a cada aplica\u00e7\u00e3o, ajudando a prevenir e a aliviar irrita\u00e7\u00f5es e desconfortos, ao mesmo tempo que promove a regenera\u00e7\u00e3o da pele e protege a mucosa natural.<\/p>\n<p>Fem Drops \u00e9 formulado com ingredientes de origem natural. Entre os mais not\u00e1veis est\u00e3o:<\/p>\n<ul>\n<li><strong>Aloe vera<\/strong> : proporciona hidrata\u00e7\u00e3o profunda e duradoura, al\u00e9m de um efeito calmante. Possui propriedades hidratantes, regeneradoras, cicatrizantes, anti-inflamat\u00f3rias e antiss\u00e9pticas. Quando aplicada topicamente, \u00e9 excelente para irrita\u00e7\u00f5es e pequenos ferimentos.<\/li>\n<li><strong>Cal\u00eandula<\/strong> : reduz a sensibilidade e a inflama\u00e7\u00e3o, ajudando a restaurar a maciez. \u00c9 uma das plantas mais recomendadas para o al\u00edvio de problemas dermatol\u00f3gicos devido \u00e0s suas not\u00e1veis propriedades anti-inflamat\u00f3rias, antiss\u00e9pticas, antivirais, antibacterianas, antiespasm\u00f3dicas, emenagogas, coler\u00e9ticas, anti-hemorr\u00e1gicas e cicatrizantes, auxiliando na regenera\u00e7\u00e3o da pele danificada e, principalmente, da pele sens\u00edvel ou propensa a alergias.<\/li>\n<li><strong>Jojoba<\/strong> : ajuda a restaurar a maciez e a flexibilidade. A jojoba \u00e9 conhecida por seus m\u00faltiplos usos e benef\u00edcios para a pele, com propriedades emolientes, hidratantes, antioxidantes e calmantes. Ela cria uma barreira protetora para o pH da pele e reduz a perda de umidade gra\u00e7as \u00e0s suas ceramidas.<\/li>\n<\/ul>\n<p><u><strong>CARACTER\u00cdSTICAS:<\/strong><\/u><\/p>\n<ul>\n<li>Frasco com sistema de conta-gotas<\/li>\n<li>Aplica\u00e7\u00e3o f\u00e1cil<\/li>\n<li>Capacidade: 15 ml<\/li>\n<li>Perfeito para levar consigo para onde quer que v\u00e1.<\/li>\n<li>fragr\u00e2ncia de flor de ch\u00e1<\/li>\n<li>Fabricado na Espanha<\/li>\n<li><strong>Modo de usar:<\/strong> Aplique de 3 a 5 gotas na \u00e1rea \u00edntima com uma massagem suave. Recomenda-se o uso di\u00e1rio para prote\u00e7\u00e3o e frescor. Aplique conforme necess\u00e1rio. \u00c9 perfeito ap\u00f3s o banho ou ducha \u2014 aplique algumas gotas e massageie suavemente toda a \u00e1rea para desfrutar de uma sensa\u00e7\u00e3o duradoura de bem-estar ao longo do dia.<\/li>\n<li><strong>Ingredientes<\/strong> : Olivato de Etilhexila Hidrogenado, \u00d3leo de Semente de Simmondsia Chinensis (Jojoba), Insaponific\u00e1veis de \u00d3leo de Oliva Hidrogenado, Copol\u00edmero de \u00d3leo de R\u00edcino Hidrogenado\/\u00c1cido Seb\u00e1cico, Acetato de Tocoferila, Perfume, \u00d3leo de Fruta de Olea Europaea (Azeitona), \u00d3leo de Semente de Helianthus Annuus (Girassol), Extrato de Aloe Barbadensis (Aloe Vera), Extrato de Flor de Calendula Officinalis (Cal\u00eandula), Acetato de Linalila, Tetrametil Acetiloctahidronaftalenos, Linalol, Salicilato de Benzila, Hexil Cinamalde\u00eddo, Limoneno, Salicilato de Amila, Acetato de Dimetil Fenetila.<\/li>\n<\/ul>\n","protected":false},"excerpt":{"rendered":"<p>SECRETPLAY &#8211; FEM DROPS S\u00c9RUM HIDRATANTE \u00cdNTIMO 15 ML<\/p>\n","protected":false},"featured_media":106354,"template":"","meta":{"_acf_changed":false},"product_brand":[],"product_cat":[49,55,72,88],"product_tag":[],"class_list":{"0":"post-106353","1":"product","2":"type-product","3":"status-publish","4":"has-post-thumbnail","6":"product_cat-cosmeticos","7":"product_cat-cuidado-de-brinquedos","8":"product_cat-higiene-intima","9":"product_cat-novidades","10":"yith_product_brand-secretplay","11":"yith_product_brand-secretplaysecretplay-cosmetic","13":"first","14":"instock","15":"taxable","16":"shipping-taxable","17":"purchasable","18":"product-type-simple"},"acf":[],"yoast_head":"<!-- This site is optimized with the Yoast SEO plugin v27.4 - https:\/\/yoast.com\/product\/yoast-seo-wordpress\/ -->\n<title>SECRETPLAY - FEM DROPS S\u00c9RUM HIDRATANTE \u00cdNTIMO 15 ML - Lovme<\/title>\n<meta name=\"robots\" content=\"index, follow, max-snippet:-1, max-image-preview:large, max-video-preview:-1\" \/>\n<link rel=\"canonical\" href=\"https:\/\/lovme.pt\/index.php\/produto\/secretplay-fem-drops-serum-hidratante-intimo-15-ml\/\" \/>\n<meta property=\"og:locale\" content=\"pt_PT\" \/>\n<meta property=\"og:type\" content=\"article\" \/>\n<meta property=\"og:title\" content=\"SECRETPLAY - FEM DROPS S\u00c9RUM HIDRATANTE \u00cdNTIMO 15 ML - Lovme\" \/>\n<meta property=\"og:description\" content=\"SECRETPLAY - FEM DROPS S\u00c9RUM HIDRATANTE \u00cdNTIMO 15 ML\" \/>\n<meta property=\"og:url\" content=\"https:\/\/lovme.pt\/index.php\/produto\/secretplay-fem-drops-serum-hidratante-intimo-15-ml\/\" \/>\n<meta property=\"og:site_name\" content=\"Lovme\" \/>\n<meta property=\"article:modified_time\" content=\"2026-02-19T20:05:47+00:00\" \/>\n<meta property=\"og:image\" content=\"https:\/\/erki24nd3ub.exactdn.com\/wp-content\/uploads\/dream\/img\/img_219022_47dc6c3ca161c18b0f4e94ed94a93b7c_1.jpg?strip=all\" \/>\n\t<meta property=\"og:image:width\" content=\"900\" \/>\n\t<meta property=\"og:image:height\" content=\"900\" \/>\n\t<meta property=\"og:image:type\" content=\"image\/jpeg\" \/>\n<meta name=\"twitter:card\" content=\"summary_large_image\" \/>\n<meta name=\"twitter:label1\" content=\"Tempo estimado de leitura\" \/>\n\t<meta name=\"twitter:data1\" content=\"2 minutos\" \/>\n<script type=\"application\/ld+json\" class=\"yoast-schema-graph\">{\"@context\":\"https:\\\/\\\/schema.org\",\"@graph\":[{\"@type\":\"WebPage\",\"@id\":\"https:\\\/\\\/lovme.pt\\\/index.php\\\/produto\\\/secretplay-fem-drops-serum-hidratante-intimo-15-ml\\\/\",\"url\":\"https:\\\/\\\/lovme.pt\\\/index.php\\\/produto\\\/secretplay-fem-drops-serum-hidratante-intimo-15-ml\\\/\",\"name\":\"SECRETPLAY - FEM DROPS S\u00c9RUM HIDRATANTE \u00cdNTIMO 15 ML - Lovme\",\"isPartOf\":{\"@id\":\"https:\\\/\\\/lovme.pt\\\/#website\"},\"primaryImageOfPage\":{\"@id\":\"https:\\\/\\\/lovme.pt\\\/index.php\\\/produto\\\/secretplay-fem-drops-serum-hidratante-intimo-15-ml\\\/#primaryimage\"},\"image\":{\"@id\":\"https:\\\/\\\/lovme.pt\\\/index.php\\\/produto\\\/secretplay-fem-drops-serum-hidratante-intimo-15-ml\\\/#primaryimage\"},\"thumbnailUrl\":\"https:\\\/\\\/erki24nd3ub.exactdn.com\\\/wp-content\\\/uploads\\\/dream\\\/img\\\/img_219022_47dc6c3ca161c18b0f4e94ed94a93b7c_1.jpg?strip=all\",\"datePublished\":\"2026-01-21T20:01:44+00:00\",\"dateModified\":\"2026-02-19T20:05:47+00:00\",\"breadcrumb\":{\"@id\":\"https:\\\/\\\/lovme.pt\\\/index.php\\\/produto\\\/secretplay-fem-drops-serum-hidratante-intimo-15-ml\\\/#breadcrumb\"},\"inLanguage\":\"pt-PT\",\"potentialAction\":[{\"@type\":\"ReadAction\",\"target\":[\"https:\\\/\\\/lovme.pt\\\/index.php\\\/produto\\\/secretplay-fem-drops-serum-hidratante-intimo-15-ml\\\/\"]}]},{\"@type\":\"ImageObject\",\"inLanguage\":\"pt-PT\",\"@id\":\"https:\\\/\\\/lovme.pt\\\/index.php\\\/produto\\\/secretplay-fem-drops-serum-hidratante-intimo-15-ml\\\/#primaryimage\",\"url\":\"https:\\\/\\\/erki24nd3ub.exactdn.com\\\/wp-content\\\/uploads\\\/dream\\\/img\\\/img_219022_47dc6c3ca161c18b0f4e94ed94a93b7c_1.jpg?strip=all\",\"contentUrl\":\"https:\\\/\\\/erki24nd3ub.exactdn.com\\\/wp-content\\\/uploads\\\/dream\\\/img\\\/img_219022_47dc6c3ca161c18b0f4e94ed94a93b7c_1.jpg?strip=all\",\"width\":900,\"height\":900},{\"@type\":\"BreadcrumbList\",\"@id\":\"https:\\\/\\\/lovme.pt\\\/index.php\\\/produto\\\/secretplay-fem-drops-serum-hidratante-intimo-15-ml\\\/#breadcrumb\",\"itemListElement\":[{\"@type\":\"ListItem\",\"position\":1,\"name\":\"In\u00edcio\",\"item\":\"https:\\\/\\\/lovme.pt\\\/\"},{\"@type\":\"ListItem\",\"position\":2,\"name\":\"Loja\",\"item\":\"https:\\\/\\\/lovme.pt\\\/index.php\\\/loja\\\/\"},{\"@type\":\"ListItem\",\"position\":3,\"name\":\"SECRETPLAY &#8211; FEM DROPS S\u00c9RUM HIDRATANTE \u00cdNTIMO 15 ML\"}]},{\"@type\":\"WebSite\",\"@id\":\"https:\\\/\\\/lovme.pt\\\/#website\",\"url\":\"https:\\\/\\\/lovme.pt\\\/\",\"name\":\"Lovme Loja Er\u00f3tica N\u00ba1 em Portugal\",\"description\":\"A melhor loja er\u00f3tica de Portugal.\",\"alternateName\":\"Loja Er\u00f3tica Lovme\",\"potentialAction\":[{\"@type\":\"SearchAction\",\"target\":{\"@type\":\"EntryPoint\",\"urlTemplate\":\"https:\\\/\\\/lovme.pt\\\/?s={search_term_string}\"},\"query-input\":{\"@type\":\"PropertyValueSpecification\",\"valueRequired\":true,\"valueName\":\"search_term_string\"}}],\"inLanguage\":\"pt-PT\"}]}<\/script>\n<!-- \/ Yoast SEO plugin. -->","yoast_head_json":{"title":"SECRETPLAY - FEM DROPS S\u00c9RUM HIDRATANTE \u00cdNTIMO 15 ML - Lovme","robots":{"index":"index","follow":"follow","max-snippet":"max-snippet:-1","max-image-preview":"max-image-preview:large","max-video-preview":"max-video-preview:-1"},"canonical":"https:\/\/lovme.pt\/index.php\/produto\/secretplay-fem-drops-serum-hidratante-intimo-15-ml\/","og_locale":"pt_PT","og_type":"article","og_title":"SECRETPLAY - FEM DROPS S\u00c9RUM HIDRATANTE \u00cdNTIMO 15 ML - Lovme","og_description":"SECRETPLAY - FEM DROPS S\u00c9RUM HIDRATANTE \u00cdNTIMO 15 ML","og_url":"https:\/\/lovme.pt\/index.php\/produto\/secretplay-fem-drops-serum-hidratante-intimo-15-ml\/","og_site_name":"Lovme","article_modified_time":"2026-02-19T20:05:47+00:00","og_image":[{"width":900,"height":900,"url":"https:\/\/erki24nd3ub.exactdn.com\/wp-content\/uploads\/dream\/img\/img_219022_47dc6c3ca161c18b0f4e94ed94a93b7c_1.jpg?strip=all","type":"image\/jpeg"}],"twitter_card":"summary_large_image","twitter_misc":{"Tempo estimado de leitura":"2 minutos"},"schema":{"@context":"https:\/\/schema.org","@graph":[{"@type":"WebPage","@id":"https:\/\/lovme.pt\/index.php\/produto\/secretplay-fem-drops-serum-hidratante-intimo-15-ml\/","url":"https:\/\/lovme.pt\/index.php\/produto\/secretplay-fem-drops-serum-hidratante-intimo-15-ml\/","name":"SECRETPLAY - FEM DROPS S\u00c9RUM HIDRATANTE \u00cdNTIMO 15 ML - Lovme","isPartOf":{"@id":"https:\/\/lovme.pt\/#website"},"primaryImageOfPage":{"@id":"https:\/\/lovme.pt\/index.php\/produto\/secretplay-fem-drops-serum-hidratante-intimo-15-ml\/#primaryimage"},"image":{"@id":"https:\/\/lovme.pt\/index.php\/produto\/secretplay-fem-drops-serum-hidratante-intimo-15-ml\/#primaryimage"},"thumbnailUrl":"https:\/\/erki24nd3ub.exactdn.com\/wp-content\/uploads\/dream\/img\/img_219022_47dc6c3ca161c18b0f4e94ed94a93b7c_1.jpg?strip=all","datePublished":"2026-01-21T20:01:44+00:00","dateModified":"2026-02-19T20:05:47+00:00","breadcrumb":{"@id":"https:\/\/lovme.pt\/index.php\/produto\/secretplay-fem-drops-serum-hidratante-intimo-15-ml\/#breadcrumb"},"inLanguage":"pt-PT","potentialAction":[{"@type":"ReadAction","target":["https:\/\/lovme.pt\/index.php\/produto\/secretplay-fem-drops-serum-hidratante-intimo-15-ml\/"]}]},{"@type":"ImageObject","inLanguage":"pt-PT","@id":"https:\/\/lovme.pt\/index.php\/produto\/secretplay-fem-drops-serum-hidratante-intimo-15-ml\/#primaryimage","url":"https:\/\/erki24nd3ub.exactdn.com\/wp-content\/uploads\/dream\/img\/img_219022_47dc6c3ca161c18b0f4e94ed94a93b7c_1.jpg?strip=all","contentUrl":"https:\/\/erki24nd3ub.exactdn.com\/wp-content\/uploads\/dream\/img\/img_219022_47dc6c3ca161c18b0f4e94ed94a93b7c_1.jpg?strip=all","width":900,"height":900},{"@type":"BreadcrumbList","@id":"https:\/\/lovme.pt\/index.php\/produto\/secretplay-fem-drops-serum-hidratante-intimo-15-ml\/#breadcrumb","itemListElement":[{"@type":"ListItem","position":1,"name":"In\u00edcio","item":"https:\/\/lovme.pt\/"},{"@type":"ListItem","position":2,"name":"Loja","item":"https:\/\/lovme.pt\/index.php\/loja\/"},{"@type":"ListItem","position":3,"name":"SECRETPLAY &#8211; FEM DROPS S\u00c9RUM HIDRATANTE \u00cdNTIMO 15 ML"}]},{"@type":"WebSite","@id":"https:\/\/lovme.pt\/#website","url":"https:\/\/lovme.pt\/","name":"Lovme Loja Er\u00f3tica N\u00ba1 em Portugal","description":"A melhor loja er\u00f3tica de Portugal.","alternateName":"Loja Er\u00f3tica Lovme","potentialAction":[{"@type":"SearchAction","target":{"@type":"EntryPoint","urlTemplate":"https:\/\/lovme.pt\/?s={search_term_string}"},"query-input":{"@type":"PropertyValueSpecification","valueRequired":true,"valueName":"search_term_string"}}],"inLanguage":"pt-PT"}]}},"_links":{"self":[{"href":"https:\/\/lovme.pt\/index.php\/wp-json\/wp\/v2\/product\/106353","targetHints":{"allow":["GET"]}}],"collection":[{"href":"https:\/\/lovme.pt\/index.php\/wp-json\/wp\/v2\/product"}],"about":[{"href":"https:\/\/lovme.pt\/index.php\/wp-json\/wp\/v2\/types\/product"}],"wp:featuredmedia":[{"embeddable":true,"href":"https:\/\/lovme.pt\/index.php\/wp-json\/wp\/v2\/media\/106354"}],"wp:attachment":[{"href":"https:\/\/lovme.pt\/index.php\/wp-json\/wp\/v2\/media?parent=106353"}],"wp:term":[{"taxonomy":"product_brand","embeddable":true,"href":"https:\/\/lovme.pt\/index.php\/wp-json\/wp\/v2\/product_brand?post=106353"},{"taxonomy":"product_cat","embeddable":true,"href":"https:\/\/lovme.pt\/index.php\/wp-json\/wp\/v2\/product_cat?post=106353"},{"taxonomy":"product_tag","embeddable":true,"href":"https:\/\/lovme.pt\/index.php\/wp-json\/wp\/v2\/product_tag?post=106353"}],"curies":[{"name":"wp","href":"https:\/\/api.w.org\/{rel}","templated":true}]}}