{"id":105947,"date":"2026-01-16T16:03:47","date_gmt":"2026-01-16T16:03:47","guid":{"rendered":"https:\/\/lovme.pt\/?post_type=product&p=105947"},"modified":"2026-02-19T20:22:05","modified_gmt":"2026-02-19T20:22:05","slug":"fleshlight-quiver-masturbador-vaginal-vibratorio-recarregavel","status":"publish","type":"product","link":"https:\/\/lovme.pt\/index.php\/produto\/fleshlight-quiver-masturbador-vaginal-vibratorio-recarregavel\/","title":{"rendered":"FLESHLIGHT &#8211; QUIVER MASTURBADOR VAGINAL VIBRAT\u00d3RIO RECARREG\u00c1VEL"},"content":{"rendered":"<p>Seja para explorar novas sensa\u00e7\u00f5es ou elevar seu desempenho a um novo patamar, o Quiver \u00e9 repleto de pot\u00eancia e tecnologia, oferecendo uma experi\u00eancia de prazer moderna e de alta qualidade. F\u00e1cil de limpar, f\u00e1cil de usar e projetado para ser usado repetidamente.<\/p>\n<p>O Quiver n\u00e3o \u00e9 um vibrador qualquer. Com sua experi\u00eancia de prazer totalmente personaliz\u00e1vel, projetada para se adaptar ao seu ritmo, ele \u00e9 verdadeiramente \u00fanico. Criado para uma experi\u00eancia poderosa e personalizada, este vibrador proporciona sensa\u00e7\u00f5es profundas e r\u00edtmicas que voc\u00ea controla. A capa rosa apresenta uma textura ultramacia, uma abertura realista em estilo feminino e uma sensa\u00e7\u00e3o interna semelhante \u00e0 de uma mulher de verdade, tudo isso envolto em uma elegante estrutura de metal cromado que \u00e9 t\u00e3o bonita quanto eficiente.<\/p>\n<p><u><strong>CARACTER\u00cdSTICAS<\/strong><\/u> :<\/p>\n<ul>\n<li>Quiver se destaca por si s\u00f3: projetado para uma estimula\u00e7\u00e3o suave e personaliz\u00e1vel.<\/li>\n<li>10 padr\u00f5es de vibra\u00e7\u00e3o: explore um espectro completo de sensa\u00e7\u00f5es<\/li>\n<li>6 n\u00edveis de intensidade: ajuste a pot\u00eancia de acordo com seu humor.<\/li>\n<li>Aquecimento autom\u00e1tico: ativado com o toque de um bot\u00e3o.<\/li>\n<li>Revestimento em metal cromado: design moderno e dur\u00e1vel que proporciona uma sensa\u00e7\u00e3o premium ao toque.<\/li>\n<li>Manga rosa: textura ultramacia e toque realista com abertura em estilo feminino.<\/li>\n<li>Carregamento USB-C: carregamento r\u00e1pido e pr\u00e1tico<\/li>\n<li>Inclui amostra de Fleshlube\u00ae \u00e0 base de \u00e1gua: comece com o melhor deslizamento.<\/li>\n<li>Instru\u00e7\u00f5es inclu\u00eddas: guia simples de uso e cuidados.<\/li>\n<li>Dimens\u00f5es: Comprimento total: 25,4 cm \/ Comprimento inser\u00edvel: 22,8 cm<\/li>\n<\/ul>\n<p><strong>A Fleshlight\u00ae<\/strong> \u00e9 l\u00edder mundial na fabrica\u00e7\u00e3o de masturbadores masculinos feitos a partir de moldes de pessoas reais. Sua qualidade e desempenho excepcionais a tornaram uma marca criada para homens e seu prazer, verdadeiramente \u00fanica no mundo.<\/p>\n","protected":false},"excerpt":{"rendered":"<p>FLESHLIGHT &#8211; QUIVER MASTURBADOR VAGINAL VIBRAT\u00d3RIO RECARREG\u00c1VEL<\/p>\n","protected":false},"featured_media":105948,"template":"","meta":{"_acf_changed":false},"product_brand":[],"product_cat":[17,58,88,60],"product_tag":[],"class_list":{"0":"post-105947","1":"product","2":"type-product","3":"status-publish","4":"has-post-thumbnail","6":"product_cat-brinquedos-de-bem-estar-sexual","7":"product_cat-masturbadores-para-penis","8":"product_cat-novidades","9":"product_cat-para-eles","10":"yith_product_brand-fleshlight","12":"first","13":"instock","14":"taxable","15":"shipping-taxable","16":"purchasable","17":"product-type-simple"},"acf":[],"yoast_head":"<!-- This site is optimized with the Yoast SEO plugin v27.4 - https:\/\/yoast.com\/product\/yoast-seo-wordpress\/ -->\n<title>FLESHLIGHT - QUIVER MASTURBADOR VAGINAL VIBRAT\u00d3RIO RECARREG\u00c1VEL - Lovme<\/title>\n<meta name=\"robots\" content=\"index, follow, max-snippet:-1, max-image-preview:large, max-video-preview:-1\" \/>\n<link rel=\"canonical\" href=\"https:\/\/lovme.pt\/index.php\/produto\/fleshlight-quiver-masturbador-vaginal-vibratorio-recarregavel\/\" \/>\n<meta property=\"og:locale\" content=\"pt_PT\" \/>\n<meta property=\"og:type\" content=\"article\" \/>\n<meta property=\"og:title\" content=\"FLESHLIGHT - QUIVER MASTURBADOR VAGINAL VIBRAT\u00d3RIO RECARREG\u00c1VEL - Lovme\" \/>\n<meta property=\"og:description\" content=\"FLESHLIGHT - QUIVER MASTURBADOR VAGINAL VIBRAT\u00d3RIO RECARREG\u00c1VEL\" \/>\n<meta property=\"og:url\" content=\"https:\/\/lovme.pt\/index.php\/produto\/fleshlight-quiver-masturbador-vaginal-vibratorio-recarregavel\/\" \/>\n<meta property=\"og:site_name\" content=\"Lovme\" \/>\n<meta property=\"article:modified_time\" content=\"2026-02-19T20:22:05+00:00\" \/>\n<meta property=\"og:image\" content=\"https:\/\/erki24nd3ub.exactdn.com\/wp-content\/uploads\/dream\/img\/img_219046_9da644db9a8657d6dd0a99fba9381c0b_1.jpg?strip=all\" \/>\n\t<meta property=\"og:image:width\" content=\"900\" \/>\n\t<meta property=\"og:image:height\" content=\"900\" \/>\n\t<meta property=\"og:image:type\" content=\"image\/jpeg\" \/>\n<meta name=\"twitter:card\" content=\"summary_large_image\" \/>\n<meta name=\"twitter:label1\" content=\"Tempo estimado de leitura\" \/>\n\t<meta name=\"twitter:data1\" content=\"1 minuto\" \/>\n<script type=\"application\/ld+json\" class=\"yoast-schema-graph\">{\"@context\":\"https:\\\/\\\/schema.org\",\"@graph\":[{\"@type\":\"WebPage\",\"@id\":\"https:\\\/\\\/lovme.pt\\\/index.php\\\/produto\\\/fleshlight-quiver-masturbador-vaginal-vibratorio-recarregavel\\\/\",\"url\":\"https:\\\/\\\/lovme.pt\\\/index.php\\\/produto\\\/fleshlight-quiver-masturbador-vaginal-vibratorio-recarregavel\\\/\",\"name\":\"FLESHLIGHT - QUIVER MASTURBADOR VAGINAL VIBRAT\u00d3RIO RECARREG\u00c1VEL - Lovme\",\"isPartOf\":{\"@id\":\"https:\\\/\\\/lovme.pt\\\/#website\"},\"primaryImageOfPage\":{\"@id\":\"https:\\\/\\\/lovme.pt\\\/index.php\\\/produto\\\/fleshlight-quiver-masturbador-vaginal-vibratorio-recarregavel\\\/#primaryimage\"},\"image\":{\"@id\":\"https:\\\/\\\/lovme.pt\\\/index.php\\\/produto\\\/fleshlight-quiver-masturbador-vaginal-vibratorio-recarregavel\\\/#primaryimage\"},\"thumbnailUrl\":\"https:\\\/\\\/erki24nd3ub.exactdn.com\\\/wp-content\\\/uploads\\\/dream\\\/img\\\/img_219046_9da644db9a8657d6dd0a99fba9381c0b_1.jpg?strip=all\",\"datePublished\":\"2026-01-16T16:03:47+00:00\",\"dateModified\":\"2026-02-19T20:22:05+00:00\",\"breadcrumb\":{\"@id\":\"https:\\\/\\\/lovme.pt\\\/index.php\\\/produto\\\/fleshlight-quiver-masturbador-vaginal-vibratorio-recarregavel\\\/#breadcrumb\"},\"inLanguage\":\"pt-PT\",\"potentialAction\":[{\"@type\":\"ReadAction\",\"target\":[\"https:\\\/\\\/lovme.pt\\\/index.php\\\/produto\\\/fleshlight-quiver-masturbador-vaginal-vibratorio-recarregavel\\\/\"]}]},{\"@type\":\"ImageObject\",\"inLanguage\":\"pt-PT\",\"@id\":\"https:\\\/\\\/lovme.pt\\\/index.php\\\/produto\\\/fleshlight-quiver-masturbador-vaginal-vibratorio-recarregavel\\\/#primaryimage\",\"url\":\"https:\\\/\\\/erki24nd3ub.exactdn.com\\\/wp-content\\\/uploads\\\/dream\\\/img\\\/img_219046_9da644db9a8657d6dd0a99fba9381c0b_1.jpg?strip=all\",\"contentUrl\":\"https:\\\/\\\/erki24nd3ub.exactdn.com\\\/wp-content\\\/uploads\\\/dream\\\/img\\\/img_219046_9da644db9a8657d6dd0a99fba9381c0b_1.jpg?strip=all\",\"width\":900,\"height\":900},{\"@type\":\"BreadcrumbList\",\"@id\":\"https:\\\/\\\/lovme.pt\\\/index.php\\\/produto\\\/fleshlight-quiver-masturbador-vaginal-vibratorio-recarregavel\\\/#breadcrumb\",\"itemListElement\":[{\"@type\":\"ListItem\",\"position\":1,\"name\":\"In\u00edcio\",\"item\":\"https:\\\/\\\/lovme.pt\\\/\"},{\"@type\":\"ListItem\",\"position\":2,\"name\":\"Loja\",\"item\":\"https:\\\/\\\/lovme.pt\\\/index.php\\\/loja\\\/\"},{\"@type\":\"ListItem\",\"position\":3,\"name\":\"FLESHLIGHT &#8211; QUIVER MASTURBADOR VAGINAL VIBRAT\u00d3RIO RECARREG\u00c1VEL\"}]},{\"@type\":\"WebSite\",\"@id\":\"https:\\\/\\\/lovme.pt\\\/#website\",\"url\":\"https:\\\/\\\/lovme.pt\\\/\",\"name\":\"Lovme Loja Er\u00f3tica N\u00ba1 em Portugal\",\"description\":\"A melhor loja er\u00f3tica de Portugal.\",\"alternateName\":\"Loja Er\u00f3tica Lovme\",\"potentialAction\":[{\"@type\":\"SearchAction\",\"target\":{\"@type\":\"EntryPoint\",\"urlTemplate\":\"https:\\\/\\\/lovme.pt\\\/?s={search_term_string}\"},\"query-input\":{\"@type\":\"PropertyValueSpecification\",\"valueRequired\":true,\"valueName\":\"search_term_string\"}}],\"inLanguage\":\"pt-PT\"}]}<\/script>\n<!-- \/ Yoast SEO plugin. -->","yoast_head_json":{"title":"FLESHLIGHT - QUIVER MASTURBADOR VAGINAL VIBRAT\u00d3RIO RECARREG\u00c1VEL - Lovme","robots":{"index":"index","follow":"follow","max-snippet":"max-snippet:-1","max-image-preview":"max-image-preview:large","max-video-preview":"max-video-preview:-1"},"canonical":"https:\/\/lovme.pt\/index.php\/produto\/fleshlight-quiver-masturbador-vaginal-vibratorio-recarregavel\/","og_locale":"pt_PT","og_type":"article","og_title":"FLESHLIGHT - QUIVER MASTURBADOR VAGINAL VIBRAT\u00d3RIO RECARREG\u00c1VEL - Lovme","og_description":"FLESHLIGHT - QUIVER MASTURBADOR VAGINAL VIBRAT\u00d3RIO RECARREG\u00c1VEL","og_url":"https:\/\/lovme.pt\/index.php\/produto\/fleshlight-quiver-masturbador-vaginal-vibratorio-recarregavel\/","og_site_name":"Lovme","article_modified_time":"2026-02-19T20:22:05+00:00","og_image":[{"width":900,"height":900,"url":"https:\/\/erki24nd3ub.exactdn.com\/wp-content\/uploads\/dream\/img\/img_219046_9da644db9a8657d6dd0a99fba9381c0b_1.jpg?strip=all","type":"image\/jpeg"}],"twitter_card":"summary_large_image","twitter_misc":{"Tempo estimado de leitura":"1 minuto"},"schema":{"@context":"https:\/\/schema.org","@graph":[{"@type":"WebPage","@id":"https:\/\/lovme.pt\/index.php\/produto\/fleshlight-quiver-masturbador-vaginal-vibratorio-recarregavel\/","url":"https:\/\/lovme.pt\/index.php\/produto\/fleshlight-quiver-masturbador-vaginal-vibratorio-recarregavel\/","name":"FLESHLIGHT - QUIVER MASTURBADOR VAGINAL VIBRAT\u00d3RIO RECARREG\u00c1VEL - Lovme","isPartOf":{"@id":"https:\/\/lovme.pt\/#website"},"primaryImageOfPage":{"@id":"https:\/\/lovme.pt\/index.php\/produto\/fleshlight-quiver-masturbador-vaginal-vibratorio-recarregavel\/#primaryimage"},"image":{"@id":"https:\/\/lovme.pt\/index.php\/produto\/fleshlight-quiver-masturbador-vaginal-vibratorio-recarregavel\/#primaryimage"},"thumbnailUrl":"https:\/\/erki24nd3ub.exactdn.com\/wp-content\/uploads\/dream\/img\/img_219046_9da644db9a8657d6dd0a99fba9381c0b_1.jpg?strip=all","datePublished":"2026-01-16T16:03:47+00:00","dateModified":"2026-02-19T20:22:05+00:00","breadcrumb":{"@id":"https:\/\/lovme.pt\/index.php\/produto\/fleshlight-quiver-masturbador-vaginal-vibratorio-recarregavel\/#breadcrumb"},"inLanguage":"pt-PT","potentialAction":[{"@type":"ReadAction","target":["https:\/\/lovme.pt\/index.php\/produto\/fleshlight-quiver-masturbador-vaginal-vibratorio-recarregavel\/"]}]},{"@type":"ImageObject","inLanguage":"pt-PT","@id":"https:\/\/lovme.pt\/index.php\/produto\/fleshlight-quiver-masturbador-vaginal-vibratorio-recarregavel\/#primaryimage","url":"https:\/\/erki24nd3ub.exactdn.com\/wp-content\/uploads\/dream\/img\/img_219046_9da644db9a8657d6dd0a99fba9381c0b_1.jpg?strip=all","contentUrl":"https:\/\/erki24nd3ub.exactdn.com\/wp-content\/uploads\/dream\/img\/img_219046_9da644db9a8657d6dd0a99fba9381c0b_1.jpg?strip=all","width":900,"height":900},{"@type":"BreadcrumbList","@id":"https:\/\/lovme.pt\/index.php\/produto\/fleshlight-quiver-masturbador-vaginal-vibratorio-recarregavel\/#breadcrumb","itemListElement":[{"@type":"ListItem","position":1,"name":"In\u00edcio","item":"https:\/\/lovme.pt\/"},{"@type":"ListItem","position":2,"name":"Loja","item":"https:\/\/lovme.pt\/index.php\/loja\/"},{"@type":"ListItem","position":3,"name":"FLESHLIGHT &#8211; QUIVER MASTURBADOR VAGINAL VIBRAT\u00d3RIO RECARREG\u00c1VEL"}]},{"@type":"WebSite","@id":"https:\/\/lovme.pt\/#website","url":"https:\/\/lovme.pt\/","name":"Lovme Loja Er\u00f3tica N\u00ba1 em Portugal","description":"A melhor loja er\u00f3tica de Portugal.","alternateName":"Loja Er\u00f3tica Lovme","potentialAction":[{"@type":"SearchAction","target":{"@type":"EntryPoint","urlTemplate":"https:\/\/lovme.pt\/?s={search_term_string}"},"query-input":{"@type":"PropertyValueSpecification","valueRequired":true,"valueName":"search_term_string"}}],"inLanguage":"pt-PT"}]}},"_links":{"self":[{"href":"https:\/\/lovme.pt\/index.php\/wp-json\/wp\/v2\/product\/105947","targetHints":{"allow":["GET"]}}],"collection":[{"href":"https:\/\/lovme.pt\/index.php\/wp-json\/wp\/v2\/product"}],"about":[{"href":"https:\/\/lovme.pt\/index.php\/wp-json\/wp\/v2\/types\/product"}],"wp:featuredmedia":[{"embeddable":true,"href":"https:\/\/lovme.pt\/index.php\/wp-json\/wp\/v2\/media\/105948"}],"wp:attachment":[{"href":"https:\/\/lovme.pt\/index.php\/wp-json\/wp\/v2\/media?parent=105947"}],"wp:term":[{"taxonomy":"product_brand","embeddable":true,"href":"https:\/\/lovme.pt\/index.php\/wp-json\/wp\/v2\/product_brand?post=105947"},{"taxonomy":"product_cat","embeddable":true,"href":"https:\/\/lovme.pt\/index.php\/wp-json\/wp\/v2\/product_cat?post=105947"},{"taxonomy":"product_tag","embeddable":true,"href":"https:\/\/lovme.pt\/index.php\/wp-json\/wp\/v2\/product_tag?post=105947"}],"curies":[{"name":"wp","href":"https:\/\/api.w.org\/{rel}","templated":true}]}}