{"id":105900,"date":"2026-01-13T14:02:04","date_gmt":"2026-01-13T14:02:04","guid":{"rendered":"https:\/\/lovme.pt\/?post_type=product&p=105900"},"modified":"2026-02-19T20:03:23","modified_gmt":"2026-02-19T20:03:23","slug":"skins-lubrificante-saboroso-a-base-de-agua-com-aroma-de-bolo-de-aniversario-130-ml","status":"publish","type":"product","link":"https:\/\/lovme.pt\/index.php\/produto\/skins-lubrificante-saboroso-a-base-de-agua-com-aroma-de-bolo-de-aniversario-130-ml\/","title":{"rendered":"SKINS &#8211; LUBRIFICANTE SABOROSO \u00c0 BASE DE \u00c1GUA COM AROMA DE BOLO DE ANIVERS\u00c1RIO 130 ML"},"content":{"rendered":"<p>Celebre o prazer como se fosse seu anivers\u00e1rio todos os dias com a nova e deliciosa adi\u00e7\u00e3o \u00e0 nossa linha de lubrificantes \u00e0 base de \u00e1gua com sabor. O Skins Birthday Cake foi desenvolvido para transformar cada encontro \u00edntimo em um momento doce, divertido e totalmente irresist\u00edvel.<\/p>\n<p> Com seu aut\u00eantico sabor de bolo de anivers\u00e1rio, este lubrificante transforma as preliminares em uma deliciosa celebra\u00e7\u00e3o que voc\u00ea vai querer repetir sempre. Seu sabor \u00e9 suave, doce e natural \u2014 perfeito para quem deseja um toque saboroso sem abrir m\u00e3o da qualidade ou da seguran\u00e7a. Al\u00e9m disso, sua textura leve e sedosa torna a experi\u00eancia t\u00e3o prazerosa na boca quanto ao toque.<\/p>\n<p> Ideal para sexo oral, o lubrificante Skins Birthday Cake intensifica a conex\u00e3o, desperta os sentidos e adiciona um toque divertido a qualquer momento \u00edntimo. Cada aplica\u00e7\u00e3o \u00e9 como uma pequena celebra\u00e7\u00e3o: um sabor que convida voc\u00ea a desfrutar, explorar e deixar a imagina\u00e7\u00e3o correr solta\u2026 at\u00e9 a \u00faltima gota! Seja para surpreender seu parceiro(a), apimentar a rotina ou simplesmente se presentear com algo diferente, este lubrificante \u00e9 a maneira perfeita de trazer um toque festivo ao prazer.<\/p>\n<p> <u><strong>CARACTER\u00cdSTICAS<\/strong><\/u> :<\/p>\n<ul>\n<li> Lubrificante \u00e0 base de \u00e1gua com sabor excelente.<\/li>\n<li> Aromas 100% naturais<\/li>\n<li> F\u00f3rmula suave que n\u00e3o mancha.<\/li>\n<li> Suave como seda e de longa dura\u00e7\u00e3o.<\/li>\n<li> Compat\u00edvel com l\u00e1tex e brinquedos<\/li>\n<li> Vegan<\/li>\n<li> Tecnologia Skins Reaquav8, o que significa que ela se reativa com uma leve lambida ou um respingo de \u00e1gua.<\/li>\n<\/ul>\n","protected":false},"excerpt":{"rendered":"<p>SKINS &#8211; LUBRIFICANTE SABOROSO \u00c0 BASE DE \u00c1GUA COM AROMA DE BOLO DE ANIVERS\u00c1RIO 130 ML<\/p>\n","protected":false},"featured_media":105902,"template":"","meta":{"_acf_changed":false},"product_brand":[],"product_cat":[49,53],"product_tag":[],"class_list":{"0":"post-105900","1":"product","2":"type-product","3":"status-publish","4":"has-post-thumbnail","6":"product_cat-cosmeticos","7":"product_cat-lubrificantes-intimos","8":"yith_product_brand-skins","10":"first","11":"instock","12":"taxable","13":"shipping-taxable","14":"purchasable","15":"product-type-simple"},"acf":[],"yoast_head":"<!-- This site is optimized with the Yoast SEO plugin v27.4 - https:\/\/yoast.com\/product\/yoast-seo-wordpress\/ -->\n<title>SKINS - LUBRIFICANTE SABOROSO \u00c0 BASE DE \u00c1GUA COM AROMA DE BOLO DE ANIVERS\u00c1RIO 130 ML - Lovme<\/title>\n<meta name=\"robots\" content=\"index, follow, max-snippet:-1, max-image-preview:large, max-video-preview:-1\" \/>\n<link rel=\"canonical\" href=\"https:\/\/lovme.pt\/index.php\/produto\/skins-lubrificante-saboroso-a-base-de-agua-com-aroma-de-bolo-de-aniversario-130-ml\/\" \/>\n<meta property=\"og:locale\" content=\"pt_PT\" \/>\n<meta property=\"og:type\" content=\"article\" \/>\n<meta property=\"og:title\" content=\"SKINS - LUBRIFICANTE SABOROSO \u00c0 BASE DE \u00c1GUA COM AROMA DE BOLO DE ANIVERS\u00c1RIO 130 ML - Lovme\" \/>\n<meta property=\"og:description\" content=\"SKINS - LUBRIFICANTE SABOROSO \u00c0 BASE DE \u00c1GUA COM AROMA DE BOLO DE ANIVERS\u00c1RIO 130 ML\" \/>\n<meta property=\"og:url\" content=\"https:\/\/lovme.pt\/index.php\/produto\/skins-lubrificante-saboroso-a-base-de-agua-com-aroma-de-bolo-de-aniversario-130-ml\/\" \/>\n<meta property=\"og:site_name\" content=\"Lovme\" \/>\n<meta property=\"article:modified_time\" content=\"2026-02-19T20:03:23+00:00\" \/>\n<meta property=\"og:image\" content=\"https:\/\/erki24nd3ub.exactdn.com\/wp-content\/uploads\/dream\/img\/img_217192_76ae0eb62677bd4dd98889b9fa09dc48_1.jpg?strip=all\" \/>\n\t<meta property=\"og:image:width\" content=\"900\" \/>\n\t<meta property=\"og:image:height\" content=\"900\" \/>\n\t<meta property=\"og:image:type\" content=\"image\/jpeg\" \/>\n<meta name=\"twitter:card\" content=\"summary_large_image\" \/>\n<meta name=\"twitter:label1\" content=\"Tempo estimado de leitura\" \/>\n\t<meta name=\"twitter:data1\" content=\"1 minuto\" \/>\n<script type=\"application\/ld+json\" class=\"yoast-schema-graph\">{\"@context\":\"https:\\\/\\\/schema.org\",\"@graph\":[{\"@type\":\"WebPage\",\"@id\":\"https:\\\/\\\/lovme.pt\\\/index.php\\\/produto\\\/skins-lubrificante-saboroso-a-base-de-agua-com-aroma-de-bolo-de-aniversario-130-ml\\\/\",\"url\":\"https:\\\/\\\/lovme.pt\\\/index.php\\\/produto\\\/skins-lubrificante-saboroso-a-base-de-agua-com-aroma-de-bolo-de-aniversario-130-ml\\\/\",\"name\":\"SKINS - LUBRIFICANTE SABOROSO \u00c0 BASE DE \u00c1GUA COM AROMA DE BOLO DE ANIVERS\u00c1RIO 130 ML - Lovme\",\"isPartOf\":{\"@id\":\"https:\\\/\\\/lovme.pt\\\/#website\"},\"primaryImageOfPage\":{\"@id\":\"https:\\\/\\\/lovme.pt\\\/index.php\\\/produto\\\/skins-lubrificante-saboroso-a-base-de-agua-com-aroma-de-bolo-de-aniversario-130-ml\\\/#primaryimage\"},\"image\":{\"@id\":\"https:\\\/\\\/lovme.pt\\\/index.php\\\/produto\\\/skins-lubrificante-saboroso-a-base-de-agua-com-aroma-de-bolo-de-aniversario-130-ml\\\/#primaryimage\"},\"thumbnailUrl\":\"https:\\\/\\\/erki24nd3ub.exactdn.com\\\/wp-content\\\/uploads\\\/dream\\\/img\\\/img_217192_76ae0eb62677bd4dd98889b9fa09dc48_1.jpg?strip=all\",\"datePublished\":\"2026-01-13T14:02:04+00:00\",\"dateModified\":\"2026-02-19T20:03:23+00:00\",\"breadcrumb\":{\"@id\":\"https:\\\/\\\/lovme.pt\\\/index.php\\\/produto\\\/skins-lubrificante-saboroso-a-base-de-agua-com-aroma-de-bolo-de-aniversario-130-ml\\\/#breadcrumb\"},\"inLanguage\":\"pt-PT\",\"potentialAction\":[{\"@type\":\"ReadAction\",\"target\":[\"https:\\\/\\\/lovme.pt\\\/index.php\\\/produto\\\/skins-lubrificante-saboroso-a-base-de-agua-com-aroma-de-bolo-de-aniversario-130-ml\\\/\"]}]},{\"@type\":\"ImageObject\",\"inLanguage\":\"pt-PT\",\"@id\":\"https:\\\/\\\/lovme.pt\\\/index.php\\\/produto\\\/skins-lubrificante-saboroso-a-base-de-agua-com-aroma-de-bolo-de-aniversario-130-ml\\\/#primaryimage\",\"url\":\"https:\\\/\\\/erki24nd3ub.exactdn.com\\\/wp-content\\\/uploads\\\/dream\\\/img\\\/img_217192_76ae0eb62677bd4dd98889b9fa09dc48_1.jpg?strip=all\",\"contentUrl\":\"https:\\\/\\\/erki24nd3ub.exactdn.com\\\/wp-content\\\/uploads\\\/dream\\\/img\\\/img_217192_76ae0eb62677bd4dd98889b9fa09dc48_1.jpg?strip=all\",\"width\":900,\"height\":900},{\"@type\":\"BreadcrumbList\",\"@id\":\"https:\\\/\\\/lovme.pt\\\/index.php\\\/produto\\\/skins-lubrificante-saboroso-a-base-de-agua-com-aroma-de-bolo-de-aniversario-130-ml\\\/#breadcrumb\",\"itemListElement\":[{\"@type\":\"ListItem\",\"position\":1,\"name\":\"In\u00edcio\",\"item\":\"https:\\\/\\\/lovme.pt\\\/\"},{\"@type\":\"ListItem\",\"position\":2,\"name\":\"Loja\",\"item\":\"https:\\\/\\\/lovme.pt\\\/index.php\\\/loja\\\/\"},{\"@type\":\"ListItem\",\"position\":3,\"name\":\"SKINS &#8211; LUBRIFICANTE SABOROSO \u00c0 BASE DE \u00c1GUA COM AROMA DE BOLO DE ANIVERS\u00c1RIO 130 ML\"}]},{\"@type\":\"WebSite\",\"@id\":\"https:\\\/\\\/lovme.pt\\\/#website\",\"url\":\"https:\\\/\\\/lovme.pt\\\/\",\"name\":\"Lovme Loja Er\u00f3tica N\u00ba1 em Portugal\",\"description\":\"A melhor loja er\u00f3tica de Portugal.\",\"alternateName\":\"Loja Er\u00f3tica Lovme\",\"potentialAction\":[{\"@type\":\"SearchAction\",\"target\":{\"@type\":\"EntryPoint\",\"urlTemplate\":\"https:\\\/\\\/lovme.pt\\\/?s={search_term_string}\"},\"query-input\":{\"@type\":\"PropertyValueSpecification\",\"valueRequired\":true,\"valueName\":\"search_term_string\"}}],\"inLanguage\":\"pt-PT\"}]}<\/script>\n<!-- \/ Yoast SEO plugin. -->","yoast_head_json":{"title":"SKINS - LUBRIFICANTE SABOROSO \u00c0 BASE DE \u00c1GUA COM AROMA DE BOLO DE ANIVERS\u00c1RIO 130 ML - Lovme","robots":{"index":"index","follow":"follow","max-snippet":"max-snippet:-1","max-image-preview":"max-image-preview:large","max-video-preview":"max-video-preview:-1"},"canonical":"https:\/\/lovme.pt\/index.php\/produto\/skins-lubrificante-saboroso-a-base-de-agua-com-aroma-de-bolo-de-aniversario-130-ml\/","og_locale":"pt_PT","og_type":"article","og_title":"SKINS - LUBRIFICANTE SABOROSO \u00c0 BASE DE \u00c1GUA COM AROMA DE BOLO DE ANIVERS\u00c1RIO 130 ML - Lovme","og_description":"SKINS - LUBRIFICANTE SABOROSO \u00c0 BASE DE \u00c1GUA COM AROMA DE BOLO DE ANIVERS\u00c1RIO 130 ML","og_url":"https:\/\/lovme.pt\/index.php\/produto\/skins-lubrificante-saboroso-a-base-de-agua-com-aroma-de-bolo-de-aniversario-130-ml\/","og_site_name":"Lovme","article_modified_time":"2026-02-19T20:03:23+00:00","og_image":[{"width":900,"height":900,"url":"https:\/\/erki24nd3ub.exactdn.com\/wp-content\/uploads\/dream\/img\/img_217192_76ae0eb62677bd4dd98889b9fa09dc48_1.jpg?strip=all","type":"image\/jpeg"}],"twitter_card":"summary_large_image","twitter_misc":{"Tempo estimado de leitura":"1 minuto"},"schema":{"@context":"https:\/\/schema.org","@graph":[{"@type":"WebPage","@id":"https:\/\/lovme.pt\/index.php\/produto\/skins-lubrificante-saboroso-a-base-de-agua-com-aroma-de-bolo-de-aniversario-130-ml\/","url":"https:\/\/lovme.pt\/index.php\/produto\/skins-lubrificante-saboroso-a-base-de-agua-com-aroma-de-bolo-de-aniversario-130-ml\/","name":"SKINS - LUBRIFICANTE SABOROSO \u00c0 BASE DE \u00c1GUA COM AROMA DE BOLO DE ANIVERS\u00c1RIO 130 ML - Lovme","isPartOf":{"@id":"https:\/\/lovme.pt\/#website"},"primaryImageOfPage":{"@id":"https:\/\/lovme.pt\/index.php\/produto\/skins-lubrificante-saboroso-a-base-de-agua-com-aroma-de-bolo-de-aniversario-130-ml\/#primaryimage"},"image":{"@id":"https:\/\/lovme.pt\/index.php\/produto\/skins-lubrificante-saboroso-a-base-de-agua-com-aroma-de-bolo-de-aniversario-130-ml\/#primaryimage"},"thumbnailUrl":"https:\/\/erki24nd3ub.exactdn.com\/wp-content\/uploads\/dream\/img\/img_217192_76ae0eb62677bd4dd98889b9fa09dc48_1.jpg?strip=all","datePublished":"2026-01-13T14:02:04+00:00","dateModified":"2026-02-19T20:03:23+00:00","breadcrumb":{"@id":"https:\/\/lovme.pt\/index.php\/produto\/skins-lubrificante-saboroso-a-base-de-agua-com-aroma-de-bolo-de-aniversario-130-ml\/#breadcrumb"},"inLanguage":"pt-PT","potentialAction":[{"@type":"ReadAction","target":["https:\/\/lovme.pt\/index.php\/produto\/skins-lubrificante-saboroso-a-base-de-agua-com-aroma-de-bolo-de-aniversario-130-ml\/"]}]},{"@type":"ImageObject","inLanguage":"pt-PT","@id":"https:\/\/lovme.pt\/index.php\/produto\/skins-lubrificante-saboroso-a-base-de-agua-com-aroma-de-bolo-de-aniversario-130-ml\/#primaryimage","url":"https:\/\/erki24nd3ub.exactdn.com\/wp-content\/uploads\/dream\/img\/img_217192_76ae0eb62677bd4dd98889b9fa09dc48_1.jpg?strip=all","contentUrl":"https:\/\/erki24nd3ub.exactdn.com\/wp-content\/uploads\/dream\/img\/img_217192_76ae0eb62677bd4dd98889b9fa09dc48_1.jpg?strip=all","width":900,"height":900},{"@type":"BreadcrumbList","@id":"https:\/\/lovme.pt\/index.php\/produto\/skins-lubrificante-saboroso-a-base-de-agua-com-aroma-de-bolo-de-aniversario-130-ml\/#breadcrumb","itemListElement":[{"@type":"ListItem","position":1,"name":"In\u00edcio","item":"https:\/\/lovme.pt\/"},{"@type":"ListItem","position":2,"name":"Loja","item":"https:\/\/lovme.pt\/index.php\/loja\/"},{"@type":"ListItem","position":3,"name":"SKINS &#8211; LUBRIFICANTE SABOROSO \u00c0 BASE DE \u00c1GUA COM AROMA DE BOLO DE ANIVERS\u00c1RIO 130 ML"}]},{"@type":"WebSite","@id":"https:\/\/lovme.pt\/#website","url":"https:\/\/lovme.pt\/","name":"Lovme Loja Er\u00f3tica N\u00ba1 em Portugal","description":"A melhor loja er\u00f3tica de Portugal.","alternateName":"Loja Er\u00f3tica Lovme","potentialAction":[{"@type":"SearchAction","target":{"@type":"EntryPoint","urlTemplate":"https:\/\/lovme.pt\/?s={search_term_string}"},"query-input":{"@type":"PropertyValueSpecification","valueRequired":true,"valueName":"search_term_string"}}],"inLanguage":"pt-PT"}]}},"_links":{"self":[{"href":"https:\/\/lovme.pt\/index.php\/wp-json\/wp\/v2\/product\/105900","targetHints":{"allow":["GET"]}}],"collection":[{"href":"https:\/\/lovme.pt\/index.php\/wp-json\/wp\/v2\/product"}],"about":[{"href":"https:\/\/lovme.pt\/index.php\/wp-json\/wp\/v2\/types\/product"}],"wp:featuredmedia":[{"embeddable":true,"href":"https:\/\/lovme.pt\/index.php\/wp-json\/wp\/v2\/media\/105902"}],"wp:attachment":[{"href":"https:\/\/lovme.pt\/index.php\/wp-json\/wp\/v2\/media?parent=105900"}],"wp:term":[{"taxonomy":"product_brand","embeddable":true,"href":"https:\/\/lovme.pt\/index.php\/wp-json\/wp\/v2\/product_brand?post=105900"},{"taxonomy":"product_cat","embeddable":true,"href":"https:\/\/lovme.pt\/index.php\/wp-json\/wp\/v2\/product_cat?post=105900"},{"taxonomy":"product_tag","embeddable":true,"href":"https:\/\/lovme.pt\/index.php\/wp-json\/wp\/v2\/product_tag?post=105900"}],"curies":[{"name":"wp","href":"https:\/\/api.w.org\/{rel}","templated":true}]}}