{"id":105889,"date":"2026-01-13T14:01:56","date_gmt":"2026-01-13T14:01:56","guid":{"rendered":"https:\/\/lovme.pt\/?post_type=product&p=105889"},"modified":"2026-02-19T20:03:23","modified_gmt":"2026-02-19T20:03:23","slug":"skins-lubrificante-a-base-de-agua-com-sabor-frutado-de-morango-130-ml","status":"publish","type":"product","link":"https:\/\/lovme.pt\/index.php\/produto\/skins-lubrificante-a-base-de-agua-com-sabor-frutado-de-morango-130-ml\/","title":{"rendered":"SKINS &#8211; LUBRIFICANTE \u00c0 BASE DE \u00c1GUA COM SABOR FRUTADO DE MORANGO 130 ML"},"content":{"rendered":"<p>Desperte seu apetite sexual e satisfa\u00e7a seus desejos com os lubrificantes Skins, deliciosamente divertidos e com um toque de sabor. Eles s\u00e3o t\u00e3o gostosos que definitivamente valem a pena experimentar! Morango suculento: o s\u00edmbolo romano de V\u00eanus, deusa do amor e de tudo que \u00e9 doce. Trate seu corpo como um templo, liberte sua sedutora interior entre os morangos e permita que sua paix\u00e3o ardente se delicie com essa iguaria. Desfrute de uma vida sexual saud\u00e1vel e satisfa\u00e7a seus desejos com a perfei\u00e7\u00e3o dessas frutas do amor \u2014 um complemento saud\u00e1vel para suas cinco por\u00e7\u00f5es di\u00e1rias de frutas e vegetais!<\/p>\n<p>S\u00f3 resta uma pergunta\u2026 Quanta fome voc\u00ea tem?! (ou) Como voc\u00ea prefere? Um o\u00e1sis de prazeres refrescantes, os lubrificantes \u00e0 base de \u00e1gua Skins Fruity t\u00eam um sabor aut\u00eantico de fruta e n\u00e3o deixam gosto residual, ao contr\u00e1rio de outros lubrificantes aromatizados. Repletos de sabor frutado, eles v\u00eam em tr\u00eas deliciosos sabores: Morango Sensual, Manga e Maracuj\u00e1 Suculentos e Melancia Refrescante.<\/p>\n<p><u><strong>CARACTER\u00cdSTICAS<\/strong><\/u> :<\/p>\n<ul>\n<li>\u00c0 base de \u00e1gua<\/li>\n<li>Claro<\/li>\n<li>Sabores totalmente naturais<\/li>\n<li>Sem a\u00e7\u00facar<\/li>\n<li>Compat\u00edvel com preservativo<\/li>\n<li>Ingredientes: \u00c1gua, glicerina, benzoato de s\u00f3dio, hidroxietilcelulose, \u00e1cido c\u00edtrico, aroma natural.<\/li>\n<\/ul>\n<p>Os lubrificantes Skins Fruity s\u00e3o \u00e0 base de \u00e1gua e t\u00eam um toque especial. Ideais para sexo oral, tornam as preliminares divertidas e deliciosas. Certifique-se de que o lubrificante escolhido n\u00e3o contenha a\u00e7\u00facar, pois este pode causar candid\u00edase vaginal. Os lubrificantes Skins Fruity est\u00e3o dispon\u00edveis em tr\u00eas sabores: Manga e Maracuj\u00e1, Morango e Melancia. Os lubrificantes \u00e0 base de \u00e1gua n\u00e3o mancham, s\u00e3o seguros para uso com l\u00e1tex e todos os m\u00e9todos contraceptivos de barreira e raramente causam irrita\u00e7\u00e3o. Embora possam secar durante a atividade sexual prolongada, podem ser facilmente reidratados com um pouco de \u00e1gua ou saliva. Devido \u00e0 sua versatilidade e efic\u00e1cia, s\u00e3o a op\u00e7\u00e3o mais recomendada por casais experientes.<\/p>\n","protected":false},"excerpt":{"rendered":"<p>SKINS &#8211; LUBRIFICANTE \u00c0 BASE DE \u00c1GUA COM SABOR FRUTADO DE MORANGO 130 ML<\/p>\n","protected":false},"featured_media":105890,"template":"","meta":{"_acf_changed":false},"product_brand":[],"product_cat":[49,53],"product_tag":[],"class_list":{"0":"post-105889","1":"product","2":"type-product","3":"status-publish","4":"has-post-thumbnail","6":"product_cat-cosmeticos","7":"product_cat-lubrificantes-intimos","8":"yith_product_brand-skins","10":"first","11":"instock","12":"taxable","13":"shipping-taxable","14":"purchasable","15":"product-type-simple"},"acf":[],"yoast_head":"<!-- This site is optimized with the Yoast SEO plugin v27.4 - https:\/\/yoast.com\/product\/yoast-seo-wordpress\/ -->\n<title>SKINS - LUBRIFICANTE \u00c0 BASE DE \u00c1GUA COM SABOR FRUTADO DE MORANGO 130 ML - Lovme<\/title>\n<meta name=\"robots\" content=\"index, follow, max-snippet:-1, max-image-preview:large, max-video-preview:-1\" \/>\n<link rel=\"canonical\" href=\"https:\/\/lovme.pt\/index.php\/produto\/skins-lubrificante-a-base-de-agua-com-sabor-frutado-de-morango-130-ml\/\" \/>\n<meta property=\"og:locale\" content=\"pt_PT\" \/>\n<meta property=\"og:type\" content=\"article\" \/>\n<meta property=\"og:title\" content=\"SKINS - LUBRIFICANTE \u00c0 BASE DE \u00c1GUA COM SABOR FRUTADO DE MORANGO 130 ML - Lovme\" \/>\n<meta property=\"og:description\" content=\"SKINS - LUBRIFICANTE \u00c0 BASE DE \u00c1GUA COM SABOR FRUTADO DE MORANGO 130 ML\" \/>\n<meta property=\"og:url\" content=\"https:\/\/lovme.pt\/index.php\/produto\/skins-lubrificante-a-base-de-agua-com-sabor-frutado-de-morango-130-ml\/\" \/>\n<meta property=\"og:site_name\" content=\"Lovme\" \/>\n<meta property=\"article:modified_time\" content=\"2026-02-19T20:03:23+00:00\" \/>\n<meta property=\"og:image\" content=\"https:\/\/erki24nd3ub.exactdn.com\/wp-content\/uploads\/dream\/img\/img_217176_7aced893d9435c221ea0f1a2b0d765c6_1.jpg?strip=all\" \/>\n\t<meta property=\"og:image:width\" content=\"900\" \/>\n\t<meta property=\"og:image:height\" content=\"900\" \/>\n\t<meta property=\"og:image:type\" content=\"image\/jpeg\" \/>\n<meta name=\"twitter:card\" content=\"summary_large_image\" \/>\n<meta name=\"twitter:label1\" content=\"Tempo estimado de leitura\" \/>\n\t<meta name=\"twitter:data1\" content=\"2 minutos\" \/>\n<script type=\"application\/ld+json\" class=\"yoast-schema-graph\">{\"@context\":\"https:\\\/\\\/schema.org\",\"@graph\":[{\"@type\":\"WebPage\",\"@id\":\"https:\\\/\\\/lovme.pt\\\/index.php\\\/produto\\\/skins-lubrificante-a-base-de-agua-com-sabor-frutado-de-morango-130-ml\\\/\",\"url\":\"https:\\\/\\\/lovme.pt\\\/index.php\\\/produto\\\/skins-lubrificante-a-base-de-agua-com-sabor-frutado-de-morango-130-ml\\\/\",\"name\":\"SKINS - LUBRIFICANTE \u00c0 BASE DE \u00c1GUA COM SABOR FRUTADO DE MORANGO 130 ML - Lovme\",\"isPartOf\":{\"@id\":\"https:\\\/\\\/lovme.pt\\\/#website\"},\"primaryImageOfPage\":{\"@id\":\"https:\\\/\\\/lovme.pt\\\/index.php\\\/produto\\\/skins-lubrificante-a-base-de-agua-com-sabor-frutado-de-morango-130-ml\\\/#primaryimage\"},\"image\":{\"@id\":\"https:\\\/\\\/lovme.pt\\\/index.php\\\/produto\\\/skins-lubrificante-a-base-de-agua-com-sabor-frutado-de-morango-130-ml\\\/#primaryimage\"},\"thumbnailUrl\":\"https:\\\/\\\/erki24nd3ub.exactdn.com\\\/wp-content\\\/uploads\\\/dream\\\/img\\\/img_217176_7aced893d9435c221ea0f1a2b0d765c6_1.jpg?strip=all\",\"datePublished\":\"2026-01-13T14:01:56+00:00\",\"dateModified\":\"2026-02-19T20:03:23+00:00\",\"breadcrumb\":{\"@id\":\"https:\\\/\\\/lovme.pt\\\/index.php\\\/produto\\\/skins-lubrificante-a-base-de-agua-com-sabor-frutado-de-morango-130-ml\\\/#breadcrumb\"},\"inLanguage\":\"pt-PT\",\"potentialAction\":[{\"@type\":\"ReadAction\",\"target\":[\"https:\\\/\\\/lovme.pt\\\/index.php\\\/produto\\\/skins-lubrificante-a-base-de-agua-com-sabor-frutado-de-morango-130-ml\\\/\"]}]},{\"@type\":\"ImageObject\",\"inLanguage\":\"pt-PT\",\"@id\":\"https:\\\/\\\/lovme.pt\\\/index.php\\\/produto\\\/skins-lubrificante-a-base-de-agua-com-sabor-frutado-de-morango-130-ml\\\/#primaryimage\",\"url\":\"https:\\\/\\\/erki24nd3ub.exactdn.com\\\/wp-content\\\/uploads\\\/dream\\\/img\\\/img_217176_7aced893d9435c221ea0f1a2b0d765c6_1.jpg?strip=all\",\"contentUrl\":\"https:\\\/\\\/erki24nd3ub.exactdn.com\\\/wp-content\\\/uploads\\\/dream\\\/img\\\/img_217176_7aced893d9435c221ea0f1a2b0d765c6_1.jpg?strip=all\",\"width\":900,\"height\":900},{\"@type\":\"BreadcrumbList\",\"@id\":\"https:\\\/\\\/lovme.pt\\\/index.php\\\/produto\\\/skins-lubrificante-a-base-de-agua-com-sabor-frutado-de-morango-130-ml\\\/#breadcrumb\",\"itemListElement\":[{\"@type\":\"ListItem\",\"position\":1,\"name\":\"In\u00edcio\",\"item\":\"https:\\\/\\\/lovme.pt\\\/\"},{\"@type\":\"ListItem\",\"position\":2,\"name\":\"Loja\",\"item\":\"https:\\\/\\\/lovme.pt\\\/index.php\\\/loja\\\/\"},{\"@type\":\"ListItem\",\"position\":3,\"name\":\"SKINS &#8211; LUBRIFICANTE \u00c0 BASE DE \u00c1GUA COM SABOR FRUTADO DE MORANGO 130 ML\"}]},{\"@type\":\"WebSite\",\"@id\":\"https:\\\/\\\/lovme.pt\\\/#website\",\"url\":\"https:\\\/\\\/lovme.pt\\\/\",\"name\":\"Lovme Loja Er\u00f3tica N\u00ba1 em Portugal\",\"description\":\"A melhor loja er\u00f3tica de Portugal.\",\"alternateName\":\"Loja Er\u00f3tica Lovme\",\"potentialAction\":[{\"@type\":\"SearchAction\",\"target\":{\"@type\":\"EntryPoint\",\"urlTemplate\":\"https:\\\/\\\/lovme.pt\\\/?s={search_term_string}\"},\"query-input\":{\"@type\":\"PropertyValueSpecification\",\"valueRequired\":true,\"valueName\":\"search_term_string\"}}],\"inLanguage\":\"pt-PT\"}]}<\/script>\n<!-- \/ Yoast SEO plugin. -->","yoast_head_json":{"title":"SKINS - LUBRIFICANTE \u00c0 BASE DE \u00c1GUA COM SABOR FRUTADO DE MORANGO 130 ML - Lovme","robots":{"index":"index","follow":"follow","max-snippet":"max-snippet:-1","max-image-preview":"max-image-preview:large","max-video-preview":"max-video-preview:-1"},"canonical":"https:\/\/lovme.pt\/index.php\/produto\/skins-lubrificante-a-base-de-agua-com-sabor-frutado-de-morango-130-ml\/","og_locale":"pt_PT","og_type":"article","og_title":"SKINS - LUBRIFICANTE \u00c0 BASE DE \u00c1GUA COM SABOR FRUTADO DE MORANGO 130 ML - Lovme","og_description":"SKINS - LUBRIFICANTE \u00c0 BASE DE \u00c1GUA COM SABOR FRUTADO DE MORANGO 130 ML","og_url":"https:\/\/lovme.pt\/index.php\/produto\/skins-lubrificante-a-base-de-agua-com-sabor-frutado-de-morango-130-ml\/","og_site_name":"Lovme","article_modified_time":"2026-02-19T20:03:23+00:00","og_image":[{"width":900,"height":900,"url":"https:\/\/erki24nd3ub.exactdn.com\/wp-content\/uploads\/dream\/img\/img_217176_7aced893d9435c221ea0f1a2b0d765c6_1.jpg?strip=all","type":"image\/jpeg"}],"twitter_card":"summary_large_image","twitter_misc":{"Tempo estimado de leitura":"2 minutos"},"schema":{"@context":"https:\/\/schema.org","@graph":[{"@type":"WebPage","@id":"https:\/\/lovme.pt\/index.php\/produto\/skins-lubrificante-a-base-de-agua-com-sabor-frutado-de-morango-130-ml\/","url":"https:\/\/lovme.pt\/index.php\/produto\/skins-lubrificante-a-base-de-agua-com-sabor-frutado-de-morango-130-ml\/","name":"SKINS - LUBRIFICANTE \u00c0 BASE DE \u00c1GUA COM SABOR FRUTADO DE MORANGO 130 ML - Lovme","isPartOf":{"@id":"https:\/\/lovme.pt\/#website"},"primaryImageOfPage":{"@id":"https:\/\/lovme.pt\/index.php\/produto\/skins-lubrificante-a-base-de-agua-com-sabor-frutado-de-morango-130-ml\/#primaryimage"},"image":{"@id":"https:\/\/lovme.pt\/index.php\/produto\/skins-lubrificante-a-base-de-agua-com-sabor-frutado-de-morango-130-ml\/#primaryimage"},"thumbnailUrl":"https:\/\/erki24nd3ub.exactdn.com\/wp-content\/uploads\/dream\/img\/img_217176_7aced893d9435c221ea0f1a2b0d765c6_1.jpg?strip=all","datePublished":"2026-01-13T14:01:56+00:00","dateModified":"2026-02-19T20:03:23+00:00","breadcrumb":{"@id":"https:\/\/lovme.pt\/index.php\/produto\/skins-lubrificante-a-base-de-agua-com-sabor-frutado-de-morango-130-ml\/#breadcrumb"},"inLanguage":"pt-PT","potentialAction":[{"@type":"ReadAction","target":["https:\/\/lovme.pt\/index.php\/produto\/skins-lubrificante-a-base-de-agua-com-sabor-frutado-de-morango-130-ml\/"]}]},{"@type":"ImageObject","inLanguage":"pt-PT","@id":"https:\/\/lovme.pt\/index.php\/produto\/skins-lubrificante-a-base-de-agua-com-sabor-frutado-de-morango-130-ml\/#primaryimage","url":"https:\/\/erki24nd3ub.exactdn.com\/wp-content\/uploads\/dream\/img\/img_217176_7aced893d9435c221ea0f1a2b0d765c6_1.jpg?strip=all","contentUrl":"https:\/\/erki24nd3ub.exactdn.com\/wp-content\/uploads\/dream\/img\/img_217176_7aced893d9435c221ea0f1a2b0d765c6_1.jpg?strip=all","width":900,"height":900},{"@type":"BreadcrumbList","@id":"https:\/\/lovme.pt\/index.php\/produto\/skins-lubrificante-a-base-de-agua-com-sabor-frutado-de-morango-130-ml\/#breadcrumb","itemListElement":[{"@type":"ListItem","position":1,"name":"In\u00edcio","item":"https:\/\/lovme.pt\/"},{"@type":"ListItem","position":2,"name":"Loja","item":"https:\/\/lovme.pt\/index.php\/loja\/"},{"@type":"ListItem","position":3,"name":"SKINS &#8211; LUBRIFICANTE \u00c0 BASE DE \u00c1GUA COM SABOR FRUTADO DE MORANGO 130 ML"}]},{"@type":"WebSite","@id":"https:\/\/lovme.pt\/#website","url":"https:\/\/lovme.pt\/","name":"Lovme Loja Er\u00f3tica N\u00ba1 em Portugal","description":"A melhor loja er\u00f3tica de Portugal.","alternateName":"Loja Er\u00f3tica Lovme","potentialAction":[{"@type":"SearchAction","target":{"@type":"EntryPoint","urlTemplate":"https:\/\/lovme.pt\/?s={search_term_string}"},"query-input":{"@type":"PropertyValueSpecification","valueRequired":true,"valueName":"search_term_string"}}],"inLanguage":"pt-PT"}]}},"_links":{"self":[{"href":"https:\/\/lovme.pt\/index.php\/wp-json\/wp\/v2\/product\/105889","targetHints":{"allow":["GET"]}}],"collection":[{"href":"https:\/\/lovme.pt\/index.php\/wp-json\/wp\/v2\/product"}],"about":[{"href":"https:\/\/lovme.pt\/index.php\/wp-json\/wp\/v2\/types\/product"}],"wp:featuredmedia":[{"embeddable":true,"href":"https:\/\/lovme.pt\/index.php\/wp-json\/wp\/v2\/media\/105890"}],"wp:attachment":[{"href":"https:\/\/lovme.pt\/index.php\/wp-json\/wp\/v2\/media?parent=105889"}],"wp:term":[{"taxonomy":"product_brand","embeddable":true,"href":"https:\/\/lovme.pt\/index.php\/wp-json\/wp\/v2\/product_brand?post=105889"},{"taxonomy":"product_cat","embeddable":true,"href":"https:\/\/lovme.pt\/index.php\/wp-json\/wp\/v2\/product_cat?post=105889"},{"taxonomy":"product_tag","embeddable":true,"href":"https:\/\/lovme.pt\/index.php\/wp-json\/wp\/v2\/product_tag?post=105889"}],"curies":[{"name":"wp","href":"https:\/\/api.w.org\/{rel}","templated":true}]}}