{"id":105815,"date":"2026-01-10T06:01:25","date_gmt":"2026-01-10T06:01:25","guid":{"rendered":"https:\/\/lovme.pt\/?post_type=product&p=105815"},"modified":"2026-02-19T20:19:27","modified_gmt":"2026-02-19T20:19:27","slug":"satisfyer-vibrador-e-estimulador-de-pulso-de-ar-em-forma-de-ovelha-sonhadora","status":"publish","type":"product","link":"https:\/\/lovme.pt\/index.php\/produto\/satisfyer-vibrador-e-estimulador-de-pulso-de-ar-em-forma-de-ovelha-sonhadora\/","title":{"rendered":"SATISFYER &#8211; VIBRADOR E ESTIMULADOR DE PULSO DE AR EM FORMA DE OVELHA SONHADORA"},"content":{"rendered":"<p>Hora de contar carneirinhos? Com este aqui, n\u00e3o! O ador\u00e1vel Satisfyer Dreamy Sheep vai te manter acordada: ele combina pulsos de ar sensuais com vibra\u00e7\u00f5es poderosas para uma estimula\u00e7\u00e3o clitoriana profundamente satisfat\u00f3ria que n\u00e3o vai te deixar querendo mais.<\/p>\n<ul>\n<li>Estimula\u00e7\u00e3o clitoriana por meio de ondas de press\u00e3o e vibra\u00e7\u00e3o.<\/li>\n<li>Silicone n\u00e3o invasivo para o corpo<\/li>\n<li>\u00c0 prova d\u00e1gua (IPX7)<\/li>\n<li>11 intensidades de ondas de pulso de ar + 13 programas de vibra\u00e7\u00e3o<\/li>\n<li>2 motores control\u00e1veis individualmente<\/li>\n<li>Modo sussurro<\/li>\n<li>F\u00e1cil de limpar<\/li>\n<li>Recarreg\u00e1vel (USB-C)<\/li>\n<li>Bateria de \u00edon-l\u00edtio<\/li>\n<\/ul>\n<p><strong>Vibrador Sweet Air Pulse: Satisfyer Dreamy Sheep<\/strong><\/p>\n<p>Com a Ovelha dos Sonhos, voc\u00ea tem um brinquedo compacto e com um design encantador, que n\u00e3o s\u00f3 \u00e9 discreto e ador\u00e1vel, como tamb\u00e9m oferece tudo o que voc\u00ea precisa. Gra\u00e7as ao seu design aconchegante e \u00e0 combina\u00e7\u00e3o de pulso de ar e vibra\u00e7\u00e3o por contato, esta ovelhinha \u00e9 ideal para quem est\u00e1 come\u00e7ando a usar brinquedos er\u00f3ticos ou a explorar esse universo. A Ovelha dos Sonhos oferece 11 n\u00edveis de intensidade de pulso de ar que podem ser combinados com 13 programas de vibra\u00e7\u00e3o, permitindo que voc\u00ea personalize a estimula\u00e7\u00e3o de acordo com suas prefer\u00eancias, seja para come\u00e7ar suavemente ou para mergulhar em sensa\u00e7\u00f5es intensas.<\/p>\n<p><strong>Satisfyer Dreamy Sheep  Estimula\u00e7\u00e3o suave do clit\u00f3ris<\/strong><\/p>\n<p>A abertura do vibrador envolve delicadamente o clit\u00f3ris sem contato direto, proporcionando sensa\u00e7\u00f5es prazerosas atrav\u00e9s de suaves pulsos de ar, com ou sem vibra\u00e7\u00e3o adicional. Voc\u00ea pode recarregar facilmente seu novo brinquedo favorito atrav\u00e9s da porta USB-C. A l\u00e3 do Dreamy Sheep \u00e9 feita de silicone seguro para o corpo e \u00e9 f\u00e1cil de limpar. E esta ovelhinha tamb\u00e9m n\u00e3o tem medo de \u00e1gua: gra\u00e7as \u00e0 sua classifica\u00e7\u00e3o de impermeabilidade IPX7, ela est\u00e1 pronta para te acompanhar no chuveiro ou na banheira. Descubra o Satisfyer Dreamy Sheep, um vibrador de pulso de ar suave para quem quer ter sonhos doces com o toque de um bot\u00e3o.<\/p>\n","protected":false},"excerpt":{"rendered":"<p>SATISFYER &#8211; VIBRADOR E ESTIMULADOR DE PULSO DE AR EM FORMA DE OVELHA SONHADORA<\/p>\n","protected":false},"featured_media":105816,"template":"","meta":{"_acf_changed":false},"product_brand":[],"product_cat":[17,61,64],"product_tag":[],"class_list":{"0":"post-105815","1":"product","2":"type-product","3":"status-publish","4":"has-post-thumbnail","6":"product_cat-brinquedos-de-bem-estar-sexual","7":"product_cat-para-elas","8":"product_cat-sugadores","9":"yith_product_brand-satisfyer","10":"yith_product_brand-satisfyer-satisfyer-air-pulse","12":"first","13":"instock","14":"taxable","15":"shipping-taxable","16":"purchasable","17":"product-type-simple"},"acf":[],"yoast_head":"<!-- This site is optimized with the Yoast SEO plugin v27.4 - https:\/\/yoast.com\/product\/yoast-seo-wordpress\/ -->\n<title>SATISFYER - VIBRADOR E ESTIMULADOR DE PULSO DE AR EM FORMA DE OVELHA SONHADORA - Lovme<\/title>\n<meta name=\"robots\" content=\"index, follow, max-snippet:-1, max-image-preview:large, max-video-preview:-1\" \/>\n<link rel=\"canonical\" href=\"https:\/\/lovme.pt\/index.php\/produto\/satisfyer-vibrador-e-estimulador-de-pulso-de-ar-em-forma-de-ovelha-sonhadora\/\" \/>\n<meta property=\"og:locale\" content=\"pt_PT\" \/>\n<meta property=\"og:type\" content=\"article\" \/>\n<meta property=\"og:title\" content=\"SATISFYER - VIBRADOR E ESTIMULADOR DE PULSO DE AR EM FORMA DE OVELHA SONHADORA - Lovme\" \/>\n<meta property=\"og:description\" content=\"SATISFYER - VIBRADOR E ESTIMULADOR DE PULSO DE AR EM FORMA DE OVELHA SONHADORA\" \/>\n<meta property=\"og:url\" content=\"https:\/\/lovme.pt\/index.php\/produto\/satisfyer-vibrador-e-estimulador-de-pulso-de-ar-em-forma-de-ovelha-sonhadora\/\" \/>\n<meta property=\"og:site_name\" content=\"Lovme\" \/>\n<meta property=\"article:modified_time\" content=\"2026-02-19T20:19:27+00:00\" \/>\n<meta property=\"og:image\" content=\"https:\/\/erki24nd3ub.exactdn.com\/wp-content\/uploads\/dream\/img\/img_218953_b7223ab16789470f08e6b6d0bc84b382_1.jpg?strip=all\" \/>\n\t<meta property=\"og:image:width\" content=\"900\" \/>\n\t<meta property=\"og:image:height\" content=\"900\" \/>\n\t<meta property=\"og:image:type\" content=\"image\/jpeg\" \/>\n<meta name=\"twitter:card\" content=\"summary_large_image\" \/>\n<meta name=\"twitter:label1\" content=\"Tempo estimado de leitura\" \/>\n\t<meta name=\"twitter:data1\" content=\"2 minutos\" \/>\n<script type=\"application\/ld+json\" class=\"yoast-schema-graph\">{\"@context\":\"https:\\\/\\\/schema.org\",\"@graph\":[{\"@type\":\"WebPage\",\"@id\":\"https:\\\/\\\/lovme.pt\\\/index.php\\\/produto\\\/satisfyer-vibrador-e-estimulador-de-pulso-de-ar-em-forma-de-ovelha-sonhadora\\\/\",\"url\":\"https:\\\/\\\/lovme.pt\\\/index.php\\\/produto\\\/satisfyer-vibrador-e-estimulador-de-pulso-de-ar-em-forma-de-ovelha-sonhadora\\\/\",\"name\":\"SATISFYER - VIBRADOR E ESTIMULADOR DE PULSO DE AR EM FORMA DE OVELHA SONHADORA - Lovme\",\"isPartOf\":{\"@id\":\"https:\\\/\\\/lovme.pt\\\/#website\"},\"primaryImageOfPage\":{\"@id\":\"https:\\\/\\\/lovme.pt\\\/index.php\\\/produto\\\/satisfyer-vibrador-e-estimulador-de-pulso-de-ar-em-forma-de-ovelha-sonhadora\\\/#primaryimage\"},\"image\":{\"@id\":\"https:\\\/\\\/lovme.pt\\\/index.php\\\/produto\\\/satisfyer-vibrador-e-estimulador-de-pulso-de-ar-em-forma-de-ovelha-sonhadora\\\/#primaryimage\"},\"thumbnailUrl\":\"https:\\\/\\\/erki24nd3ub.exactdn.com\\\/wp-content\\\/uploads\\\/dream\\\/img\\\/img_218953_b7223ab16789470f08e6b6d0bc84b382_1.jpg?strip=all\",\"datePublished\":\"2026-01-10T06:01:25+00:00\",\"dateModified\":\"2026-02-19T20:19:27+00:00\",\"breadcrumb\":{\"@id\":\"https:\\\/\\\/lovme.pt\\\/index.php\\\/produto\\\/satisfyer-vibrador-e-estimulador-de-pulso-de-ar-em-forma-de-ovelha-sonhadora\\\/#breadcrumb\"},\"inLanguage\":\"pt-PT\",\"potentialAction\":[{\"@type\":\"ReadAction\",\"target\":[\"https:\\\/\\\/lovme.pt\\\/index.php\\\/produto\\\/satisfyer-vibrador-e-estimulador-de-pulso-de-ar-em-forma-de-ovelha-sonhadora\\\/\"]}]},{\"@type\":\"ImageObject\",\"inLanguage\":\"pt-PT\",\"@id\":\"https:\\\/\\\/lovme.pt\\\/index.php\\\/produto\\\/satisfyer-vibrador-e-estimulador-de-pulso-de-ar-em-forma-de-ovelha-sonhadora\\\/#primaryimage\",\"url\":\"https:\\\/\\\/erki24nd3ub.exactdn.com\\\/wp-content\\\/uploads\\\/dream\\\/img\\\/img_218953_b7223ab16789470f08e6b6d0bc84b382_1.jpg?strip=all\",\"contentUrl\":\"https:\\\/\\\/erki24nd3ub.exactdn.com\\\/wp-content\\\/uploads\\\/dream\\\/img\\\/img_218953_b7223ab16789470f08e6b6d0bc84b382_1.jpg?strip=all\",\"width\":900,\"height\":900},{\"@type\":\"BreadcrumbList\",\"@id\":\"https:\\\/\\\/lovme.pt\\\/index.php\\\/produto\\\/satisfyer-vibrador-e-estimulador-de-pulso-de-ar-em-forma-de-ovelha-sonhadora\\\/#breadcrumb\",\"itemListElement\":[{\"@type\":\"ListItem\",\"position\":1,\"name\":\"In\u00edcio\",\"item\":\"https:\\\/\\\/lovme.pt\\\/\"},{\"@type\":\"ListItem\",\"position\":2,\"name\":\"Loja\",\"item\":\"https:\\\/\\\/lovme.pt\\\/index.php\\\/loja\\\/\"},{\"@type\":\"ListItem\",\"position\":3,\"name\":\"SATISFYER &#8211; VIBRADOR E ESTIMULADOR DE PULSO DE AR EM FORMA DE OVELHA SONHADORA\"}]},{\"@type\":\"WebSite\",\"@id\":\"https:\\\/\\\/lovme.pt\\\/#website\",\"url\":\"https:\\\/\\\/lovme.pt\\\/\",\"name\":\"Lovme Loja Er\u00f3tica N\u00ba1 em Portugal\",\"description\":\"A melhor loja er\u00f3tica de Portugal.\",\"alternateName\":\"Loja Er\u00f3tica Lovme\",\"potentialAction\":[{\"@type\":\"SearchAction\",\"target\":{\"@type\":\"EntryPoint\",\"urlTemplate\":\"https:\\\/\\\/lovme.pt\\\/?s={search_term_string}\"},\"query-input\":{\"@type\":\"PropertyValueSpecification\",\"valueRequired\":true,\"valueName\":\"search_term_string\"}}],\"inLanguage\":\"pt-PT\"}]}<\/script>\n<!-- \/ Yoast SEO plugin. -->","yoast_head_json":{"title":"SATISFYER - VIBRADOR E ESTIMULADOR DE PULSO DE AR EM FORMA DE OVELHA SONHADORA - Lovme","robots":{"index":"index","follow":"follow","max-snippet":"max-snippet:-1","max-image-preview":"max-image-preview:large","max-video-preview":"max-video-preview:-1"},"canonical":"https:\/\/lovme.pt\/index.php\/produto\/satisfyer-vibrador-e-estimulador-de-pulso-de-ar-em-forma-de-ovelha-sonhadora\/","og_locale":"pt_PT","og_type":"article","og_title":"SATISFYER - VIBRADOR E ESTIMULADOR DE PULSO DE AR EM FORMA DE OVELHA SONHADORA - Lovme","og_description":"SATISFYER - VIBRADOR E ESTIMULADOR DE PULSO DE AR EM FORMA DE OVELHA SONHADORA","og_url":"https:\/\/lovme.pt\/index.php\/produto\/satisfyer-vibrador-e-estimulador-de-pulso-de-ar-em-forma-de-ovelha-sonhadora\/","og_site_name":"Lovme","article_modified_time":"2026-02-19T20:19:27+00:00","og_image":[{"width":900,"height":900,"url":"https:\/\/erki24nd3ub.exactdn.com\/wp-content\/uploads\/dream\/img\/img_218953_b7223ab16789470f08e6b6d0bc84b382_1.jpg?strip=all","type":"image\/jpeg"}],"twitter_card":"summary_large_image","twitter_misc":{"Tempo estimado de leitura":"2 minutos"},"schema":{"@context":"https:\/\/schema.org","@graph":[{"@type":"WebPage","@id":"https:\/\/lovme.pt\/index.php\/produto\/satisfyer-vibrador-e-estimulador-de-pulso-de-ar-em-forma-de-ovelha-sonhadora\/","url":"https:\/\/lovme.pt\/index.php\/produto\/satisfyer-vibrador-e-estimulador-de-pulso-de-ar-em-forma-de-ovelha-sonhadora\/","name":"SATISFYER - VIBRADOR E ESTIMULADOR DE PULSO DE AR EM FORMA DE OVELHA SONHADORA - Lovme","isPartOf":{"@id":"https:\/\/lovme.pt\/#website"},"primaryImageOfPage":{"@id":"https:\/\/lovme.pt\/index.php\/produto\/satisfyer-vibrador-e-estimulador-de-pulso-de-ar-em-forma-de-ovelha-sonhadora\/#primaryimage"},"image":{"@id":"https:\/\/lovme.pt\/index.php\/produto\/satisfyer-vibrador-e-estimulador-de-pulso-de-ar-em-forma-de-ovelha-sonhadora\/#primaryimage"},"thumbnailUrl":"https:\/\/erki24nd3ub.exactdn.com\/wp-content\/uploads\/dream\/img\/img_218953_b7223ab16789470f08e6b6d0bc84b382_1.jpg?strip=all","datePublished":"2026-01-10T06:01:25+00:00","dateModified":"2026-02-19T20:19:27+00:00","breadcrumb":{"@id":"https:\/\/lovme.pt\/index.php\/produto\/satisfyer-vibrador-e-estimulador-de-pulso-de-ar-em-forma-de-ovelha-sonhadora\/#breadcrumb"},"inLanguage":"pt-PT","potentialAction":[{"@type":"ReadAction","target":["https:\/\/lovme.pt\/index.php\/produto\/satisfyer-vibrador-e-estimulador-de-pulso-de-ar-em-forma-de-ovelha-sonhadora\/"]}]},{"@type":"ImageObject","inLanguage":"pt-PT","@id":"https:\/\/lovme.pt\/index.php\/produto\/satisfyer-vibrador-e-estimulador-de-pulso-de-ar-em-forma-de-ovelha-sonhadora\/#primaryimage","url":"https:\/\/erki24nd3ub.exactdn.com\/wp-content\/uploads\/dream\/img\/img_218953_b7223ab16789470f08e6b6d0bc84b382_1.jpg?strip=all","contentUrl":"https:\/\/erki24nd3ub.exactdn.com\/wp-content\/uploads\/dream\/img\/img_218953_b7223ab16789470f08e6b6d0bc84b382_1.jpg?strip=all","width":900,"height":900},{"@type":"BreadcrumbList","@id":"https:\/\/lovme.pt\/index.php\/produto\/satisfyer-vibrador-e-estimulador-de-pulso-de-ar-em-forma-de-ovelha-sonhadora\/#breadcrumb","itemListElement":[{"@type":"ListItem","position":1,"name":"In\u00edcio","item":"https:\/\/lovme.pt\/"},{"@type":"ListItem","position":2,"name":"Loja","item":"https:\/\/lovme.pt\/index.php\/loja\/"},{"@type":"ListItem","position":3,"name":"SATISFYER &#8211; VIBRADOR E ESTIMULADOR DE PULSO DE AR EM FORMA DE OVELHA SONHADORA"}]},{"@type":"WebSite","@id":"https:\/\/lovme.pt\/#website","url":"https:\/\/lovme.pt\/","name":"Lovme Loja Er\u00f3tica N\u00ba1 em Portugal","description":"A melhor loja er\u00f3tica de Portugal.","alternateName":"Loja Er\u00f3tica Lovme","potentialAction":[{"@type":"SearchAction","target":{"@type":"EntryPoint","urlTemplate":"https:\/\/lovme.pt\/?s={search_term_string}"},"query-input":{"@type":"PropertyValueSpecification","valueRequired":true,"valueName":"search_term_string"}}],"inLanguage":"pt-PT"}]}},"_links":{"self":[{"href":"https:\/\/lovme.pt\/index.php\/wp-json\/wp\/v2\/product\/105815","targetHints":{"allow":["GET"]}}],"collection":[{"href":"https:\/\/lovme.pt\/index.php\/wp-json\/wp\/v2\/product"}],"about":[{"href":"https:\/\/lovme.pt\/index.php\/wp-json\/wp\/v2\/types\/product"}],"wp:featuredmedia":[{"embeddable":true,"href":"https:\/\/lovme.pt\/index.php\/wp-json\/wp\/v2\/media\/105816"}],"wp:attachment":[{"href":"https:\/\/lovme.pt\/index.php\/wp-json\/wp\/v2\/media?parent=105815"}],"wp:term":[{"taxonomy":"product_brand","embeddable":true,"href":"https:\/\/lovme.pt\/index.php\/wp-json\/wp\/v2\/product_brand?post=105815"},{"taxonomy":"product_cat","embeddable":true,"href":"https:\/\/lovme.pt\/index.php\/wp-json\/wp\/v2\/product_cat?post=105815"},{"taxonomy":"product_tag","embeddable":true,"href":"https:\/\/lovme.pt\/index.php\/wp-json\/wp\/v2\/product_tag?post=105815"}],"curies":[{"name":"wp","href":"https:\/\/api.w.org\/{rel}","templated":true}]}}