{"id":105794,"date":"2026-01-09T14:04:06","date_gmt":"2026-01-09T14:04:06","guid":{"rendered":"https:\/\/lovme.pt\/?post_type=product&p=105794"},"modified":"2026-02-19T20:11:30","modified_gmt":"2026-02-19T20:11:30","slug":"cobeco-gotas-de-amor-espanhol-segredos-s-drop-30-ml-west","status":"publish","type":"product","link":"https:\/\/lovme.pt\/index.php\/produto\/cobeco-gotas-de-amor-espanhol-segredos-s-drop-30-ml-west\/","title":{"rendered":"COBECO &#8211; GOTAS DE AMOR ESPANHOL SEGREDOS S-DROP 30 ML &#8211; WEST"},"content":{"rendered":"<p>Spanish Love Drops Secrets s\u00e3o gotas energ\u00e9ticas que aumentam naturalmente a energia sexual para proporcionar um prazer mais intenso. As gotas cont\u00eam, entre outras coisas, L-arginina e, gra\u00e7as \u00e0 Vitamina C, melhoram o desempenho sexual ativando a energia natural do corpo, para que voc\u00ea sinta mais desejo. O poder sexual de Spanish Love Drops Secrets proporciona um prazer mais intenso e mais excita\u00e7\u00e3o.<\/p>\n<ul>\n<li>Mais pot\u00eancia sexual e mais excita\u00e7\u00e3o<\/li>\n<li>A vitamina C ativa a energia natural do corpo<\/li>\n<li>A vitamina C melhora a condi\u00e7\u00e3o f\u00edsica<\/li>\n<\/ul>\n<p><strong>Como funciona<\/strong><\/p>\n<p>Este revigorante melhora naturalmente o desempenho sexual. As gotas s\u00e3o f\u00e1cil e rapidamente absorvidas pelo corpo e melhoram o desejo sexual. A f\u00f3rmula balanceada utiliza as propriedades da Vitamina C. A Vitamina C favorece o bom funcionamento do sistema nervoso e regula o metabolismo energ\u00e9tico do corpo humano. Isso pode melhorar a resist\u00eancia e a energia sexual, permitindo rela\u00e7\u00f5es sexuais mais intensas.<\/p>\n<p><strong>Conte\u00fado<\/strong><\/p>\n<p>30ml<\/p>\n<p><strong>Informa\u00e7\u00f5es adicionais<\/strong><\/p>\n<p>\u00c9 um suplemento alimentar \u00e0 base de L-Arginina e vitamina C. Um suplemento alimentar n\u00e3o deve ser utilizado como substituto de um regime alimentar variado e equilibrado e de um estilo de vida saud\u00e1vel. Mantenha fora do alcance das crian\u00e7as. Armazenar em local fresco e seco.<\/p>\n<p><strong>Ingredientes<\/strong><\/p>\n<p>Ingredientes em 3 ml: \u00e1gua, 40,5 mg L-arginina**, 15 mg vitamina C (\u00e1cido L-asc\u00f3rbico) (18,75% IR*), conservantes: E211, E202. *RI = Ingest\u00e3o de Refer\u00eancia. **RI n\u00e3o estabelecido.<\/p>\n<p><strong>Usar<\/strong><\/p>\n<p>Colocar 3 ml (15 gotas) debaixo da l\u00edngua antes de engolir, aproximadamente 30 minutos antes do efeito desejado. N\u00e3o tome mais de 3 ml em 24 horas. N\u00e3o exceda a dose di\u00e1ria recomendada.<\/p>\n<p>* Este produto cont\u00e9m uma etiqueta com instru\u00e7\u00f5es fornecidas nos seguintes idiomas: \/en\/de\/fr\/es\/it\/pt\/nl\/<\/p>\n","protected":false},"excerpt":{"rendered":"<p>COBECO &#8211; GOTAS DE AMOR ESPANHOL SEGREDOS S-DROP 30 ML &#8211; WEST<\/p>\n","protected":false},"featured_media":105795,"template":"","meta":{"_acf_changed":false},"product_brand":[],"product_cat":[49,52,70],"product_tag":[],"class_list":{"0":"post-105794","1":"product","2":"type-product","3":"status-publish","4":"has-post-thumbnail","6":"product_cat-cosmeticos","7":"product_cat-estimulantes","8":"product_cat-saude","9":"yith_product_brand-cobeco-pharma","11":"first","12":"instock","13":"taxable","14":"shipping-taxable","15":"purchasable","16":"product-type-simple"},"acf":[],"yoast_head":"<!-- This site is optimized with the Yoast SEO plugin v27.4 - https:\/\/yoast.com\/product\/yoast-seo-wordpress\/ -->\n<title>COBECO - GOTAS DE AMOR ESPANHOL SEGREDOS S-DROP 30 ML - WEST - Lovme<\/title>\n<meta name=\"robots\" content=\"index, follow, max-snippet:-1, max-image-preview:large, max-video-preview:-1\" \/>\n<link rel=\"canonical\" href=\"https:\/\/lovme.pt\/index.php\/produto\/cobeco-gotas-de-amor-espanhol-segredos-s-drop-30-ml-west\/\" \/>\n<meta property=\"og:locale\" content=\"pt_PT\" \/>\n<meta property=\"og:type\" content=\"article\" \/>\n<meta property=\"og:title\" content=\"COBECO - GOTAS DE AMOR ESPANHOL SEGREDOS S-DROP 30 ML - WEST - Lovme\" \/>\n<meta property=\"og:description\" content=\"COBECO - GOTAS DE AMOR ESPANHOL SEGREDOS S-DROP 30 ML - WEST\" \/>\n<meta property=\"og:url\" content=\"https:\/\/lovme.pt\/index.php\/produto\/cobeco-gotas-de-amor-espanhol-segredos-s-drop-30-ml-west\/\" \/>\n<meta property=\"og:site_name\" content=\"Lovme\" \/>\n<meta property=\"article:modified_time\" content=\"2026-02-19T20:11:30+00:00\" \/>\n<meta property=\"og:image\" content=\"https:\/\/erki24nd3ub.exactdn.com\/wp-content\/uploads\/dream\/img\/img_218867_ba6c047f33b5c2722d9d9dd024ceefe3_1.jpg?strip=all\" \/>\n\t<meta property=\"og:image:width\" content=\"900\" \/>\n\t<meta property=\"og:image:height\" content=\"900\" \/>\n\t<meta property=\"og:image:type\" content=\"image\/jpeg\" \/>\n<meta name=\"twitter:card\" content=\"summary_large_image\" \/>\n<meta name=\"twitter:label1\" content=\"Tempo estimado de leitura\" \/>\n\t<meta name=\"twitter:data1\" content=\"1 minuto\" \/>\n<script type=\"application\/ld+json\" class=\"yoast-schema-graph\">{\"@context\":\"https:\\\/\\\/schema.org\",\"@graph\":[{\"@type\":\"WebPage\",\"@id\":\"https:\\\/\\\/lovme.pt\\\/index.php\\\/produto\\\/cobeco-gotas-de-amor-espanhol-segredos-s-drop-30-ml-west\\\/\",\"url\":\"https:\\\/\\\/lovme.pt\\\/index.php\\\/produto\\\/cobeco-gotas-de-amor-espanhol-segredos-s-drop-30-ml-west\\\/\",\"name\":\"COBECO - GOTAS DE AMOR ESPANHOL SEGREDOS S-DROP 30 ML - WEST - Lovme\",\"isPartOf\":{\"@id\":\"https:\\\/\\\/lovme.pt\\\/#website\"},\"primaryImageOfPage\":{\"@id\":\"https:\\\/\\\/lovme.pt\\\/index.php\\\/produto\\\/cobeco-gotas-de-amor-espanhol-segredos-s-drop-30-ml-west\\\/#primaryimage\"},\"image\":{\"@id\":\"https:\\\/\\\/lovme.pt\\\/index.php\\\/produto\\\/cobeco-gotas-de-amor-espanhol-segredos-s-drop-30-ml-west\\\/#primaryimage\"},\"thumbnailUrl\":\"https:\\\/\\\/erki24nd3ub.exactdn.com\\\/wp-content\\\/uploads\\\/dream\\\/img\\\/img_218867_ba6c047f33b5c2722d9d9dd024ceefe3_1.jpg?strip=all\",\"datePublished\":\"2026-01-09T14:04:06+00:00\",\"dateModified\":\"2026-02-19T20:11:30+00:00\",\"breadcrumb\":{\"@id\":\"https:\\\/\\\/lovme.pt\\\/index.php\\\/produto\\\/cobeco-gotas-de-amor-espanhol-segredos-s-drop-30-ml-west\\\/#breadcrumb\"},\"inLanguage\":\"pt-PT\",\"potentialAction\":[{\"@type\":\"ReadAction\",\"target\":[\"https:\\\/\\\/lovme.pt\\\/index.php\\\/produto\\\/cobeco-gotas-de-amor-espanhol-segredos-s-drop-30-ml-west\\\/\"]}]},{\"@type\":\"ImageObject\",\"inLanguage\":\"pt-PT\",\"@id\":\"https:\\\/\\\/lovme.pt\\\/index.php\\\/produto\\\/cobeco-gotas-de-amor-espanhol-segredos-s-drop-30-ml-west\\\/#primaryimage\",\"url\":\"https:\\\/\\\/erki24nd3ub.exactdn.com\\\/wp-content\\\/uploads\\\/dream\\\/img\\\/img_218867_ba6c047f33b5c2722d9d9dd024ceefe3_1.jpg?strip=all\",\"contentUrl\":\"https:\\\/\\\/erki24nd3ub.exactdn.com\\\/wp-content\\\/uploads\\\/dream\\\/img\\\/img_218867_ba6c047f33b5c2722d9d9dd024ceefe3_1.jpg?strip=all\",\"width\":900,\"height\":900},{\"@type\":\"BreadcrumbList\",\"@id\":\"https:\\\/\\\/lovme.pt\\\/index.php\\\/produto\\\/cobeco-gotas-de-amor-espanhol-segredos-s-drop-30-ml-west\\\/#breadcrumb\",\"itemListElement\":[{\"@type\":\"ListItem\",\"position\":1,\"name\":\"In\u00edcio\",\"item\":\"https:\\\/\\\/lovme.pt\\\/\"},{\"@type\":\"ListItem\",\"position\":2,\"name\":\"Loja\",\"item\":\"https:\\\/\\\/lovme.pt\\\/index.php\\\/loja\\\/\"},{\"@type\":\"ListItem\",\"position\":3,\"name\":\"COBECO &#8211; GOTAS DE AMOR ESPANHOL SEGREDOS S-DROP 30 ML &#8211; WEST\"}]},{\"@type\":\"WebSite\",\"@id\":\"https:\\\/\\\/lovme.pt\\\/#website\",\"url\":\"https:\\\/\\\/lovme.pt\\\/\",\"name\":\"Lovme Loja Er\u00f3tica N\u00ba1 em Portugal\",\"description\":\"A melhor loja er\u00f3tica de Portugal.\",\"alternateName\":\"Loja Er\u00f3tica Lovme\",\"potentialAction\":[{\"@type\":\"SearchAction\",\"target\":{\"@type\":\"EntryPoint\",\"urlTemplate\":\"https:\\\/\\\/lovme.pt\\\/?s={search_term_string}\"},\"query-input\":{\"@type\":\"PropertyValueSpecification\",\"valueRequired\":true,\"valueName\":\"search_term_string\"}}],\"inLanguage\":\"pt-PT\"}]}<\/script>\n<!-- \/ Yoast SEO plugin. -->","yoast_head_json":{"title":"COBECO - GOTAS DE AMOR ESPANHOL SEGREDOS S-DROP 30 ML - WEST - Lovme","robots":{"index":"index","follow":"follow","max-snippet":"max-snippet:-1","max-image-preview":"max-image-preview:large","max-video-preview":"max-video-preview:-1"},"canonical":"https:\/\/lovme.pt\/index.php\/produto\/cobeco-gotas-de-amor-espanhol-segredos-s-drop-30-ml-west\/","og_locale":"pt_PT","og_type":"article","og_title":"COBECO - GOTAS DE AMOR ESPANHOL SEGREDOS S-DROP 30 ML - WEST - Lovme","og_description":"COBECO - GOTAS DE AMOR ESPANHOL SEGREDOS S-DROP 30 ML - WEST","og_url":"https:\/\/lovme.pt\/index.php\/produto\/cobeco-gotas-de-amor-espanhol-segredos-s-drop-30-ml-west\/","og_site_name":"Lovme","article_modified_time":"2026-02-19T20:11:30+00:00","og_image":[{"width":900,"height":900,"url":"https:\/\/erki24nd3ub.exactdn.com\/wp-content\/uploads\/dream\/img\/img_218867_ba6c047f33b5c2722d9d9dd024ceefe3_1.jpg?strip=all","type":"image\/jpeg"}],"twitter_card":"summary_large_image","twitter_misc":{"Tempo estimado de leitura":"1 minuto"},"schema":{"@context":"https:\/\/schema.org","@graph":[{"@type":"WebPage","@id":"https:\/\/lovme.pt\/index.php\/produto\/cobeco-gotas-de-amor-espanhol-segredos-s-drop-30-ml-west\/","url":"https:\/\/lovme.pt\/index.php\/produto\/cobeco-gotas-de-amor-espanhol-segredos-s-drop-30-ml-west\/","name":"COBECO - GOTAS DE AMOR ESPANHOL SEGREDOS S-DROP 30 ML - WEST - Lovme","isPartOf":{"@id":"https:\/\/lovme.pt\/#website"},"primaryImageOfPage":{"@id":"https:\/\/lovme.pt\/index.php\/produto\/cobeco-gotas-de-amor-espanhol-segredos-s-drop-30-ml-west\/#primaryimage"},"image":{"@id":"https:\/\/lovme.pt\/index.php\/produto\/cobeco-gotas-de-amor-espanhol-segredos-s-drop-30-ml-west\/#primaryimage"},"thumbnailUrl":"https:\/\/erki24nd3ub.exactdn.com\/wp-content\/uploads\/dream\/img\/img_218867_ba6c047f33b5c2722d9d9dd024ceefe3_1.jpg?strip=all","datePublished":"2026-01-09T14:04:06+00:00","dateModified":"2026-02-19T20:11:30+00:00","breadcrumb":{"@id":"https:\/\/lovme.pt\/index.php\/produto\/cobeco-gotas-de-amor-espanhol-segredos-s-drop-30-ml-west\/#breadcrumb"},"inLanguage":"pt-PT","potentialAction":[{"@type":"ReadAction","target":["https:\/\/lovme.pt\/index.php\/produto\/cobeco-gotas-de-amor-espanhol-segredos-s-drop-30-ml-west\/"]}]},{"@type":"ImageObject","inLanguage":"pt-PT","@id":"https:\/\/lovme.pt\/index.php\/produto\/cobeco-gotas-de-amor-espanhol-segredos-s-drop-30-ml-west\/#primaryimage","url":"https:\/\/erki24nd3ub.exactdn.com\/wp-content\/uploads\/dream\/img\/img_218867_ba6c047f33b5c2722d9d9dd024ceefe3_1.jpg?strip=all","contentUrl":"https:\/\/erki24nd3ub.exactdn.com\/wp-content\/uploads\/dream\/img\/img_218867_ba6c047f33b5c2722d9d9dd024ceefe3_1.jpg?strip=all","width":900,"height":900},{"@type":"BreadcrumbList","@id":"https:\/\/lovme.pt\/index.php\/produto\/cobeco-gotas-de-amor-espanhol-segredos-s-drop-30-ml-west\/#breadcrumb","itemListElement":[{"@type":"ListItem","position":1,"name":"In\u00edcio","item":"https:\/\/lovme.pt\/"},{"@type":"ListItem","position":2,"name":"Loja","item":"https:\/\/lovme.pt\/index.php\/loja\/"},{"@type":"ListItem","position":3,"name":"COBECO &#8211; GOTAS DE AMOR ESPANHOL SEGREDOS S-DROP 30 ML &#8211; WEST"}]},{"@type":"WebSite","@id":"https:\/\/lovme.pt\/#website","url":"https:\/\/lovme.pt\/","name":"Lovme Loja Er\u00f3tica N\u00ba1 em Portugal","description":"A melhor loja er\u00f3tica de Portugal.","alternateName":"Loja Er\u00f3tica Lovme","potentialAction":[{"@type":"SearchAction","target":{"@type":"EntryPoint","urlTemplate":"https:\/\/lovme.pt\/?s={search_term_string}"},"query-input":{"@type":"PropertyValueSpecification","valueRequired":true,"valueName":"search_term_string"}}],"inLanguage":"pt-PT"}]}},"_links":{"self":[{"href":"https:\/\/lovme.pt\/index.php\/wp-json\/wp\/v2\/product\/105794","targetHints":{"allow":["GET"]}}],"collection":[{"href":"https:\/\/lovme.pt\/index.php\/wp-json\/wp\/v2\/product"}],"about":[{"href":"https:\/\/lovme.pt\/index.php\/wp-json\/wp\/v2\/types\/product"}],"wp:featuredmedia":[{"embeddable":true,"href":"https:\/\/lovme.pt\/index.php\/wp-json\/wp\/v2\/media\/105795"}],"wp:attachment":[{"href":"https:\/\/lovme.pt\/index.php\/wp-json\/wp\/v2\/media?parent=105794"}],"wp:term":[{"taxonomy":"product_brand","embeddable":true,"href":"https:\/\/lovme.pt\/index.php\/wp-json\/wp\/v2\/product_brand?post=105794"},{"taxonomy":"product_cat","embeddable":true,"href":"https:\/\/lovme.pt\/index.php\/wp-json\/wp\/v2\/product_cat?post=105794"},{"taxonomy":"product_tag","embeddable":true,"href":"https:\/\/lovme.pt\/index.php\/wp-json\/wp\/v2\/product_tag?post=105794"}],"curies":[{"name":"wp","href":"https:\/\/api.w.org\/{rel}","templated":true}]}}