{"id":105770,"date":"2026-01-09T14:03:16","date_gmt":"2026-01-09T14:03:16","guid":{"rendered":"https:\/\/lovme.pt\/?post_type=product&#038;p=105770"},"modified":"2026-02-19T20:23:18","modified_gmt":"2026-02-19T20:23:18","slug":"lelo-sona-3-cruise-massageador-clitorico-sonico-preto","status":"publish","type":"product","link":"https:\/\/lovme.pt\/index.php\/produto\/lelo-sona-3-cruise-massageador-clitorico-sonico-preto\/","title":{"rendered":"LELO &#8211;  MASAJEADOR S\u00d3NICO DE CL\u00cdTORIS"},"content":{"rendered":"<p><strong>O SONA\u2122 3 Cruise<\/strong> \u00e9 um estimulador clitoriano s\u00f4nico com a tecnologia Cruise Control\u2122, que garante intensidade constante durante todo o uso. Oferece dez modos de prazer e a possibilidade de ajustar a intensidade com o m\u00e1ximo conforto, gra\u00e7as \u00e0 nova tecnologia SmoothRise\u2122. Sua superf\u00edcie de silicone ultramacia proporciona conforto excepcional, tornando-o perfeito para um prazer intenso e ininterrupto.<\/p>\n<p> Para uma experi\u00eancia ainda melhor, ative o aplicativo LELO\u2122 para desbloquear dois modos exclusivos, bem como o recurso Love Bridge, desenvolvido para conex\u00f5es de longa dist\u00e2ncia.<\/p>\n<p> <strong>O cruzeiro SONA\u2122 3<\/strong> oferece a voc\u00ea:<\/p>\n<ul>\n<li> <strong>TECNOLOGIAS SENSONIC\u2122 E CRUISE CONTROL\u2122<\/strong> : A tecnologia SenSonic\u2122 utiliza ondas sonoras sutis para estimular o clit\u00f3ris intensamente sem contato direto. A tecnologia Cruise Control\u2122 aumenta automaticamente a intensidade quando o dispositivo \u00e9 pressionado firmemente contra o corpo, garantindo prazer controlado e constante em todos os momentos.<\/li>\n<li> <strong>TECNOLOGIA SMOOTHRISE\u2122<\/strong> : Uma transi\u00e7\u00e3o gradual entre diferentes modos de intensidade para m\u00e1ximo conforto.<\/li>\n<li> <strong>CONECTIVIDADE COM O APLICATIVO<\/strong> : Desbloqueie dois modos adicionais (\u201cFinish Me O\u201d e \u201cOut Of Control\u201d) ou use o recurso Love Bridge no aplicativo LELO\u2122 para se manter conectado com seu parceiro quando estiverem separados.<\/li>\n<li> <strong>SILICONE ULTRA MACIO<\/strong> : Renda-se a um silicone excepcionalmente delicado e ultramacio que se adapta \u00e0s curvas do seu corpo e imita a suavidade natural da pele.<\/li>\n<li> <strong>DOZE MODOS DE PRAZER PODEROSOS<\/strong> : O dispositivo inclui dez modos com diferentes n\u00edveis de intensidade, proporcionando o m\u00e1ximo controle sobre as sensa\u00e7\u00f5es. Conecte-se ao aplicativo LELO\u2122 para desbloquear dois modos adicionais.<\/li>\n<\/ul>\n<p> <u><strong>CARACTER\u00cdSTICAS<\/strong><\/u> :<\/p>\n<ul>\n<li> <strong>Materiais<\/strong> : silicone seguro para o corpo e pl\u00e1stico ABS<\/li>\n<li> <strong>Acabamento<\/strong> : toque suave<\/li>\n<li> <strong>Dimens\u00f5es<\/strong> : 112 x 51 x 55 mm<\/li>\n<li> <strong>Peso<\/strong> : 128 g<\/li>\n<li> <strong>Bateria<\/strong> : \u00edon-l\u00edtio 520 mAh 3,7 V<\/li>\n<li> <strong>Carregamento<\/strong> : at\u00e9 2 horas a 5,0 V 520 mA<\/li>\n<li> <strong>Pot\u00eancia nominal<\/strong> :\n<ul>\n<li> Entrada: 5 V 520 mA 2,6 W<\/li>\n<li> Sa\u00edda: 3,7 V 220 mA 0,8 W<\/li>\n<\/ul>\n<\/li>\n<li> <strong>Tempo de utiliza\u00e7\u00e3o<\/strong> : at\u00e9 2 horas<\/li>\n<li> <strong>Tempo em espera<\/strong> : 90 dias<\/li>\n<li> <strong>N\u00edvel m\u00e1ximo de ru\u00eddo<\/strong> : < 60 dB<\/li>\n<li> <strong>Interface<\/strong> : 3 bot\u00f5es<\/li>\n<\/ul>\n<p> <strong>A LELO<\/strong> se consolidou como a principal marca de luxo para o prazer no mercado, reconhecida por seu design, inova\u00e7\u00e3o, tecnologia e reputa\u00e7\u00e3o. Mas a LELO \u00e9 mais do que apenas uma marca de brinquedos er\u00f3ticos; \u00e9 um movimento de autocuidado para aqueles que sabem que a satisfa\u00e7\u00e3o transcende g\u00eanero, orienta\u00e7\u00e3o sexual, ra\u00e7a e idade. Oferecemos a experi\u00eancia do \u00eaxtase sem vergonha e a alegria de descobrir todas as maravilhas do pr\u00f3prio corpo, empoderando nossos clientes com a confian\u00e7a necess\u00e1ria para desfrutar de uma vida \u00edntima plena.<\/p>\n","protected":false},"excerpt":{"rendered":"<p>LELO &#8211; SONA 3 CRUISE MASSAGEADOR CLIT\u00d3RICO S\u00d4NICO PRETO<\/p>\n","protected":false},"featured_media":105780,"template":"","meta":{"_acf_changed":false},"product_brand":[],"product_cat":[17,88,61],"product_tag":[],"class_list":{"0":"post-105770","1":"product","2":"type-product","3":"status-publish","4":"has-post-thumbnail","6":"product_cat-brinquedos-de-bem-estar-sexual","7":"product_cat-novidades","8":"product_cat-para-elas","9":"yith_product_brand-lelo","11":"first","12":"instock","13":"taxable","14":"shipping-taxable","15":"purchasable","16":"product-type-variable","17":"has-default-attributes"},"acf":[],"yoast_head":"<!-- This site is optimized with the Yoast SEO plugin v27.4 - https:\/\/yoast.com\/product\/yoast-seo-wordpress\/ -->\n<title>LELO - MASAJEADOR S\u00d3NICO DE CL\u00cdTORIS - Lovme<\/title>\n<meta name=\"robots\" content=\"index, follow, max-snippet:-1, max-image-preview:large, max-video-preview:-1\" \/>\n<link rel=\"canonical\" href=\"https:\/\/lovme.pt\/index.php\/produto\/lelo-sona-3-cruise-massageador-clitorico-sonico-preto\/\" \/>\n<meta property=\"og:locale\" content=\"pt_PT\" \/>\n<meta property=\"og:type\" content=\"article\" \/>\n<meta property=\"og:title\" content=\"LELO - MASAJEADOR S\u00d3NICO DE CL\u00cdTORIS - Lovme\" \/>\n<meta property=\"og:description\" content=\"LELO - SONA 3 CRUISE MASSAGEADOR CLIT\u00d3RICO S\u00d4NICO PRETO\" \/>\n<meta property=\"og:url\" content=\"https:\/\/lovme.pt\/index.php\/produto\/lelo-sona-3-cruise-massageador-clitorico-sonico-preto\/\" \/>\n<meta property=\"og:site_name\" content=\"Lovme\" \/>\n<meta property=\"article:modified_time\" content=\"2026-02-19T20:23:18+00:00\" \/>\n<meta property=\"og:image\" content=\"https:\/\/erki24nd3ub.exactdn.com\/wp-content\/uploads\/dream\/img\/img_218629_8cb69cdb3f3c0d31f1abcb22f20526c1_1.jpg?strip=all\" \/>\n\t<meta property=\"og:image:width\" content=\"900\" \/>\n\t<meta property=\"og:image:height\" content=\"900\" \/>\n\t<meta property=\"og:image:type\" content=\"image\/jpeg\" \/>\n<meta name=\"twitter:card\" content=\"summary_large_image\" \/>\n<meta name=\"twitter:label1\" content=\"Tempo estimado de leitura\" \/>\n\t<meta name=\"twitter:data1\" content=\"2 minutos\" \/>\n<script type=\"application\/ld+json\" class=\"yoast-schema-graph\">{\"@context\":\"https:\\\/\\\/schema.org\",\"@graph\":[{\"@type\":\"WebPage\",\"@id\":\"https:\\\/\\\/lovme.pt\\\/index.php\\\/produto\\\/lelo-sona-3-cruise-massageador-clitorico-sonico-preto\\\/\",\"url\":\"https:\\\/\\\/lovme.pt\\\/index.php\\\/produto\\\/lelo-sona-3-cruise-massageador-clitorico-sonico-preto\\\/\",\"name\":\"LELO - MASAJEADOR S\u00d3NICO DE CL\u00cdTORIS - Lovme\",\"isPartOf\":{\"@id\":\"https:\\\/\\\/lovme.pt\\\/#website\"},\"primaryImageOfPage\":{\"@id\":\"https:\\\/\\\/lovme.pt\\\/index.php\\\/produto\\\/lelo-sona-3-cruise-massageador-clitorico-sonico-preto\\\/#primaryimage\"},\"image\":{\"@id\":\"https:\\\/\\\/lovme.pt\\\/index.php\\\/produto\\\/lelo-sona-3-cruise-massageador-clitorico-sonico-preto\\\/#primaryimage\"},\"thumbnailUrl\":\"https:\\\/\\\/erki24nd3ub.exactdn.com\\\/wp-content\\\/uploads\\\/dream\\\/img\\\/img_218629_8cb69cdb3f3c0d31f1abcb22f20526c1_1.jpg?strip=all\",\"datePublished\":\"2026-01-09T14:03:16+00:00\",\"dateModified\":\"2026-02-19T20:23:18+00:00\",\"breadcrumb\":{\"@id\":\"https:\\\/\\\/lovme.pt\\\/index.php\\\/produto\\\/lelo-sona-3-cruise-massageador-clitorico-sonico-preto\\\/#breadcrumb\"},\"inLanguage\":\"pt-PT\",\"potentialAction\":[{\"@type\":\"ReadAction\",\"target\":[\"https:\\\/\\\/lovme.pt\\\/index.php\\\/produto\\\/lelo-sona-3-cruise-massageador-clitorico-sonico-preto\\\/\"]}]},{\"@type\":\"ImageObject\",\"inLanguage\":\"pt-PT\",\"@id\":\"https:\\\/\\\/lovme.pt\\\/index.php\\\/produto\\\/lelo-sona-3-cruise-massageador-clitorico-sonico-preto\\\/#primaryimage\",\"url\":\"https:\\\/\\\/erki24nd3ub.exactdn.com\\\/wp-content\\\/uploads\\\/dream\\\/img\\\/img_218629_8cb69cdb3f3c0d31f1abcb22f20526c1_1.jpg?strip=all\",\"contentUrl\":\"https:\\\/\\\/erki24nd3ub.exactdn.com\\\/wp-content\\\/uploads\\\/dream\\\/img\\\/img_218629_8cb69cdb3f3c0d31f1abcb22f20526c1_1.jpg?strip=all\",\"width\":900,\"height\":900},{\"@type\":\"BreadcrumbList\",\"@id\":\"https:\\\/\\\/lovme.pt\\\/index.php\\\/produto\\\/lelo-sona-3-cruise-massageador-clitorico-sonico-preto\\\/#breadcrumb\",\"itemListElement\":[{\"@type\":\"ListItem\",\"position\":1,\"name\":\"In\u00edcio\",\"item\":\"https:\\\/\\\/lovme.pt\\\/\"},{\"@type\":\"ListItem\",\"position\":2,\"name\":\"Loja\",\"item\":\"https:\\\/\\\/lovme.pt\\\/index.php\\\/loja\\\/\"},{\"@type\":\"ListItem\",\"position\":3,\"name\":\"LELO &#8211; MASAJEADOR S\u00d3NICO DE CL\u00cdTORIS\"}]},{\"@type\":\"WebSite\",\"@id\":\"https:\\\/\\\/lovme.pt\\\/#website\",\"url\":\"https:\\\/\\\/lovme.pt\\\/\",\"name\":\"Lovme Loja Er\u00f3tica N\u00ba1 em Portugal\",\"description\":\"A melhor loja er\u00f3tica de Portugal.\",\"alternateName\":\"Loja Er\u00f3tica Lovme\",\"potentialAction\":[{\"@type\":\"SearchAction\",\"target\":{\"@type\":\"EntryPoint\",\"urlTemplate\":\"https:\\\/\\\/lovme.pt\\\/?s={search_term_string}\"},\"query-input\":{\"@type\":\"PropertyValueSpecification\",\"valueRequired\":true,\"valueName\":\"search_term_string\"}}],\"inLanguage\":\"pt-PT\"}]}<\/script>\n<!-- \/ Yoast SEO plugin. -->","yoast_head_json":{"title":"LELO - MASAJEADOR S\u00d3NICO DE CL\u00cdTORIS - Lovme","robots":{"index":"index","follow":"follow","max-snippet":"max-snippet:-1","max-image-preview":"max-image-preview:large","max-video-preview":"max-video-preview:-1"},"canonical":"https:\/\/lovme.pt\/index.php\/produto\/lelo-sona-3-cruise-massageador-clitorico-sonico-preto\/","og_locale":"pt_PT","og_type":"article","og_title":"LELO - MASAJEADOR S\u00d3NICO DE CL\u00cdTORIS - Lovme","og_description":"LELO - SONA 3 CRUISE MASSAGEADOR CLIT\u00d3RICO S\u00d4NICO PRETO","og_url":"https:\/\/lovme.pt\/index.php\/produto\/lelo-sona-3-cruise-massageador-clitorico-sonico-preto\/","og_site_name":"Lovme","article_modified_time":"2026-02-19T20:23:18+00:00","og_image":[{"width":900,"height":900,"url":"https:\/\/erki24nd3ub.exactdn.com\/wp-content\/uploads\/dream\/img\/img_218629_8cb69cdb3f3c0d31f1abcb22f20526c1_1.jpg?strip=all","type":"image\/jpeg"}],"twitter_card":"summary_large_image","twitter_misc":{"Tempo estimado de leitura":"2 minutos"},"schema":{"@context":"https:\/\/schema.org","@graph":[{"@type":"WebPage","@id":"https:\/\/lovme.pt\/index.php\/produto\/lelo-sona-3-cruise-massageador-clitorico-sonico-preto\/","url":"https:\/\/lovme.pt\/index.php\/produto\/lelo-sona-3-cruise-massageador-clitorico-sonico-preto\/","name":"LELO - MASAJEADOR S\u00d3NICO DE CL\u00cdTORIS - Lovme","isPartOf":{"@id":"https:\/\/lovme.pt\/#website"},"primaryImageOfPage":{"@id":"https:\/\/lovme.pt\/index.php\/produto\/lelo-sona-3-cruise-massageador-clitorico-sonico-preto\/#primaryimage"},"image":{"@id":"https:\/\/lovme.pt\/index.php\/produto\/lelo-sona-3-cruise-massageador-clitorico-sonico-preto\/#primaryimage"},"thumbnailUrl":"https:\/\/erki24nd3ub.exactdn.com\/wp-content\/uploads\/dream\/img\/img_218629_8cb69cdb3f3c0d31f1abcb22f20526c1_1.jpg?strip=all","datePublished":"2026-01-09T14:03:16+00:00","dateModified":"2026-02-19T20:23:18+00:00","breadcrumb":{"@id":"https:\/\/lovme.pt\/index.php\/produto\/lelo-sona-3-cruise-massageador-clitorico-sonico-preto\/#breadcrumb"},"inLanguage":"pt-PT","potentialAction":[{"@type":"ReadAction","target":["https:\/\/lovme.pt\/index.php\/produto\/lelo-sona-3-cruise-massageador-clitorico-sonico-preto\/"]}]},{"@type":"ImageObject","inLanguage":"pt-PT","@id":"https:\/\/lovme.pt\/index.php\/produto\/lelo-sona-3-cruise-massageador-clitorico-sonico-preto\/#primaryimage","url":"https:\/\/erki24nd3ub.exactdn.com\/wp-content\/uploads\/dream\/img\/img_218629_8cb69cdb3f3c0d31f1abcb22f20526c1_1.jpg?strip=all","contentUrl":"https:\/\/erki24nd3ub.exactdn.com\/wp-content\/uploads\/dream\/img\/img_218629_8cb69cdb3f3c0d31f1abcb22f20526c1_1.jpg?strip=all","width":900,"height":900},{"@type":"BreadcrumbList","@id":"https:\/\/lovme.pt\/index.php\/produto\/lelo-sona-3-cruise-massageador-clitorico-sonico-preto\/#breadcrumb","itemListElement":[{"@type":"ListItem","position":1,"name":"In\u00edcio","item":"https:\/\/lovme.pt\/"},{"@type":"ListItem","position":2,"name":"Loja","item":"https:\/\/lovme.pt\/index.php\/loja\/"},{"@type":"ListItem","position":3,"name":"LELO &#8211; MASAJEADOR S\u00d3NICO DE CL\u00cdTORIS"}]},{"@type":"WebSite","@id":"https:\/\/lovme.pt\/#website","url":"https:\/\/lovme.pt\/","name":"Lovme Loja Er\u00f3tica N\u00ba1 em Portugal","description":"A melhor loja er\u00f3tica de Portugal.","alternateName":"Loja Er\u00f3tica Lovme","potentialAction":[{"@type":"SearchAction","target":{"@type":"EntryPoint","urlTemplate":"https:\/\/lovme.pt\/?s={search_term_string}"},"query-input":{"@type":"PropertyValueSpecification","valueRequired":true,"valueName":"search_term_string"}}],"inLanguage":"pt-PT"}]}},"_links":{"self":[{"href":"https:\/\/lovme.pt\/index.php\/wp-json\/wp\/v2\/product\/105770","targetHints":{"allow":["GET"]}}],"collection":[{"href":"https:\/\/lovme.pt\/index.php\/wp-json\/wp\/v2\/product"}],"about":[{"href":"https:\/\/lovme.pt\/index.php\/wp-json\/wp\/v2\/types\/product"}],"wp:featuredmedia":[{"embeddable":true,"href":"https:\/\/lovme.pt\/index.php\/wp-json\/wp\/v2\/media\/105780"}],"wp:attachment":[{"href":"https:\/\/lovme.pt\/index.php\/wp-json\/wp\/v2\/media?parent=105770"}],"wp:term":[{"taxonomy":"product_brand","embeddable":true,"href":"https:\/\/lovme.pt\/index.php\/wp-json\/wp\/v2\/product_brand?post=105770"},{"taxonomy":"product_cat","embeddable":true,"href":"https:\/\/lovme.pt\/index.php\/wp-json\/wp\/v2\/product_cat?post=105770"},{"taxonomy":"product_tag","embeddable":true,"href":"https:\/\/lovme.pt\/index.php\/wp-json\/wp\/v2\/product_tag?post=105770"}],"curies":[{"name":"wp","href":"https:\/\/api.w.org\/{rel}","templated":true}]}}