{"id":105746,"date":"2026-01-08T18:11:11","date_gmt":"2026-01-08T18:11:11","guid":{"rendered":"https:\/\/lovme.pt\/?post_type=product&#038;p=105746"},"modified":"2026-02-19T20:19:19","modified_gmt":"2026-02-19T20:19:19","slug":"intense-sandra-estimulador-de-toque-e-vibracao-com-controle-remoto","status":"publish","type":"product","link":"https:\/\/lovme.pt\/index.php\/produto\/intense-sandra-estimulador-de-toque-e-vibracao-com-controle-remoto\/","title":{"rendered":"INTENSE &#8211; SANDRA ESTIMULADOR DE TOQUE E VIBRA\u00c7\u00c3O COM CONTROLE REMOTO"},"content":{"rendered":"<p>Descubra um novo n\u00edvel de prazer com <strong>Sandra<\/strong> , o vibrador e estimulador com fun\u00e7\u00e3o de vibra\u00e7\u00e3o r\u00edtmica da cole\u00e7\u00e3o Intense. Projetado para oferecer sensa\u00e7\u00f5es \u00fanicas, ele combina vibra\u00e7\u00e3o independente e vibra\u00e7\u00e3o r\u00edtmica para uma experi\u00eancia \u00edntima que desperta todos os seus sentidos.<\/p>\n<p>Equipada com dois motores independentes potentes, <strong>a Sandra<\/strong> permite que voc\u00ea desfrute de uma estimula\u00e7\u00e3o dupla totalmente personaliz\u00e1vel. Um motor oferece 10 modos de vibra\u00e7\u00e3o, enquanto o outro incorpora 10 modos de toque, simulando toques suaves que imitam o movimento dos dedos na pele.<\/p>\n<p>Este recurso inovador proporciona uma sensa\u00e7\u00e3o realista, profunda e excitante. Seu design altamente flex\u00edvel e ergon\u00f4mico se adapta facilmente ao corpo, alcan\u00e7ando as \u00e1reas mais sens\u00edveis com precis\u00e3o e conforto. A textura de silicone supermacia envolve o brinquedo com um toque aveludado, agrad\u00e1vel e quente, enquanto sua estrutura garante uma experi\u00eancia confort\u00e1vel tanto sozinha quanto a dois. O controle remoto sem fio permite explorar diferentes combina\u00e7\u00f5es de vibra\u00e7\u00e3o e toques sem interromper o momento, oferecendo total liberdade e um toque de intimidade perfeito para brincadeiras \u00e0 dist\u00e2ncia.<\/p>\n<p><u><strong>CARACTER\u00cdSTICAS<\/strong><\/u> :<\/p>\n<ul>\n<li>Dois motores independentes<\/li>\n<li>10 modos de vibra\u00e7\u00e3o independentes<\/li>\n<li>10 modos de toque<\/li>\n<li>Altamente flex\u00edvel e ergon\u00f4mico<\/li>\n<li>Silicone super macio e agrad\u00e1vel ao toque<\/li>\n<li>Material seguro para o corpo. Livre de ftalatos.<\/li>\n<li>Controle remoto sem fio, resistente \u00e0 \u00e1gua, carregamento magn\u00e9tico.<\/li>\n<\/ul>\n<p><strong>A INTENSE<\/strong> \u00e9 uma marca especializada em brinquedos er\u00f3ticos modernos, concebidos para oferecer prazer com estilo, inova\u00e7\u00e3o e seguran\u00e7a. Os seus produtos destacam-se pela utiliza\u00e7\u00e3o de materiais de alta qualidade, como silicone supermacio e livre de ftalatos, sempre com o cuidado do corpo em mente. Com designs ergon\u00f4micos, motores potentes e recarreg\u00e1veis e fun\u00e7\u00f5es vers\u00e1teis, combina tecnologia, conforto e sensualidade em cada cria\u00e7\u00e3o.<\/p>\n","protected":false},"excerpt":{"rendered":"<p>INTENSE &#8211; SANDRA &#8211; ESTIMULADOR DE TOQUE E VIBRA\u00c7\u00c3O COM CONTROLE REMOTO<\/p>\n","protected":false},"featured_media":105747,"template":"","meta":{"_acf_changed":false},"product_brand":[],"product_cat":[17,76],"product_tag":[],"class_list":{"0":"post-105746","1":"product","2":"type-product","3":"status-publish","4":"has-post-thumbnail","6":"product_cat-brinquedos-de-bem-estar-sexual","7":"product_cat-vibradores","8":"yith_product_brand-intense","9":"yith_product_brand-intenseintense-toysintense-couples-toys","10":"yith_product_brand-intenseintense-toys","12":"first","13":"instock","14":"taxable","15":"shipping-taxable","16":"purchasable","17":"product-type-simple"},"acf":[],"yoast_head":"<!-- This site is optimized with the Yoast SEO plugin v27.4 - https:\/\/yoast.com\/product\/yoast-seo-wordpress\/ -->\n<title>INTENSE - SANDRA ESTIMULADOR DE TOQUE E VIBRA\u00c7\u00c3O COM CONTROLE REMOTO - Lovme<\/title>\n<meta name=\"robots\" content=\"index, follow, max-snippet:-1, max-image-preview:large, max-video-preview:-1\" \/>\n<link rel=\"canonical\" href=\"https:\/\/lovme.pt\/index.php\/produto\/intense-sandra-estimulador-de-toque-e-vibracao-com-controle-remoto\/\" \/>\n<meta property=\"og:locale\" content=\"pt_PT\" \/>\n<meta property=\"og:type\" content=\"article\" \/>\n<meta property=\"og:title\" content=\"INTENSE - SANDRA ESTIMULADOR DE TOQUE E VIBRA\u00c7\u00c3O COM CONTROLE REMOTO - Lovme\" \/>\n<meta property=\"og:description\" content=\"INTENSE - SANDRA - ESTIMULADOR DE TOQUE E VIBRA\u00c7\u00c3O COM CONTROLE REMOTO\" \/>\n<meta property=\"og:url\" content=\"https:\/\/lovme.pt\/index.php\/produto\/intense-sandra-estimulador-de-toque-e-vibracao-com-controle-remoto\/\" \/>\n<meta property=\"og:site_name\" content=\"Lovme\" \/>\n<meta property=\"article:modified_time\" content=\"2026-02-19T20:19:19+00:00\" \/>\n<meta property=\"og:image\" content=\"https:\/\/erki24nd3ub.exactdn.com\/wp-content\/uploads\/dream\/img\/img_218825_dfacf573451f35fe39e8833416edacb5_1.png?strip=all\" \/>\n\t<meta property=\"og:image:width\" content=\"900\" \/>\n\t<meta property=\"og:image:height\" content=\"900\" \/>\n\t<meta property=\"og:image:type\" content=\"image\/png\" \/>\n<meta name=\"twitter:card\" content=\"summary_large_image\" \/>\n<meta name=\"twitter:label1\" content=\"Tempo estimado de leitura\" \/>\n\t<meta name=\"twitter:data1\" content=\"2 minutos\" \/>\n<script type=\"application\/ld+json\" class=\"yoast-schema-graph\">{\"@context\":\"https:\\\/\\\/schema.org\",\"@graph\":[{\"@type\":\"WebPage\",\"@id\":\"https:\\\/\\\/lovme.pt\\\/index.php\\\/produto\\\/intense-sandra-estimulador-de-toque-e-vibracao-com-controle-remoto\\\/\",\"url\":\"https:\\\/\\\/lovme.pt\\\/index.php\\\/produto\\\/intense-sandra-estimulador-de-toque-e-vibracao-com-controle-remoto\\\/\",\"name\":\"INTENSE - SANDRA ESTIMULADOR DE TOQUE E VIBRA\u00c7\u00c3O COM CONTROLE REMOTO - Lovme\",\"isPartOf\":{\"@id\":\"https:\\\/\\\/lovme.pt\\\/#website\"},\"primaryImageOfPage\":{\"@id\":\"https:\\\/\\\/lovme.pt\\\/index.php\\\/produto\\\/intense-sandra-estimulador-de-toque-e-vibracao-com-controle-remoto\\\/#primaryimage\"},\"image\":{\"@id\":\"https:\\\/\\\/lovme.pt\\\/index.php\\\/produto\\\/intense-sandra-estimulador-de-toque-e-vibracao-com-controle-remoto\\\/#primaryimage\"},\"thumbnailUrl\":\"https:\\\/\\\/erki24nd3ub.exactdn.com\\\/wp-content\\\/uploads\\\/dream\\\/img\\\/img_218825_dfacf573451f35fe39e8833416edacb5_1.png?strip=all\",\"datePublished\":\"2026-01-08T18:11:11+00:00\",\"dateModified\":\"2026-02-19T20:19:19+00:00\",\"breadcrumb\":{\"@id\":\"https:\\\/\\\/lovme.pt\\\/index.php\\\/produto\\\/intense-sandra-estimulador-de-toque-e-vibracao-com-controle-remoto\\\/#breadcrumb\"},\"inLanguage\":\"pt-PT\",\"potentialAction\":[{\"@type\":\"ReadAction\",\"target\":[\"https:\\\/\\\/lovme.pt\\\/index.php\\\/produto\\\/intense-sandra-estimulador-de-toque-e-vibracao-com-controle-remoto\\\/\"]}]},{\"@type\":\"ImageObject\",\"inLanguage\":\"pt-PT\",\"@id\":\"https:\\\/\\\/lovme.pt\\\/index.php\\\/produto\\\/intense-sandra-estimulador-de-toque-e-vibracao-com-controle-remoto\\\/#primaryimage\",\"url\":\"https:\\\/\\\/erki24nd3ub.exactdn.com\\\/wp-content\\\/uploads\\\/dream\\\/img\\\/img_218825_dfacf573451f35fe39e8833416edacb5_1.png?strip=all\",\"contentUrl\":\"https:\\\/\\\/erki24nd3ub.exactdn.com\\\/wp-content\\\/uploads\\\/dream\\\/img\\\/img_218825_dfacf573451f35fe39e8833416edacb5_1.png?strip=all\",\"width\":900,\"height\":900},{\"@type\":\"BreadcrumbList\",\"@id\":\"https:\\\/\\\/lovme.pt\\\/index.php\\\/produto\\\/intense-sandra-estimulador-de-toque-e-vibracao-com-controle-remoto\\\/#breadcrumb\",\"itemListElement\":[{\"@type\":\"ListItem\",\"position\":1,\"name\":\"In\u00edcio\",\"item\":\"https:\\\/\\\/lovme.pt\\\/\"},{\"@type\":\"ListItem\",\"position\":2,\"name\":\"Loja\",\"item\":\"https:\\\/\\\/lovme.pt\\\/index.php\\\/loja\\\/\"},{\"@type\":\"ListItem\",\"position\":3,\"name\":\"INTENSE &#8211; SANDRA ESTIMULADOR DE TOQUE E VIBRA\u00c7\u00c3O COM CONTROLE REMOTO\"}]},{\"@type\":\"WebSite\",\"@id\":\"https:\\\/\\\/lovme.pt\\\/#website\",\"url\":\"https:\\\/\\\/lovme.pt\\\/\",\"name\":\"Lovme Loja Er\u00f3tica N\u00ba1 em Portugal\",\"description\":\"A melhor loja er\u00f3tica de Portugal.\",\"alternateName\":\"Loja Er\u00f3tica Lovme\",\"potentialAction\":[{\"@type\":\"SearchAction\",\"target\":{\"@type\":\"EntryPoint\",\"urlTemplate\":\"https:\\\/\\\/lovme.pt\\\/?s={search_term_string}\"},\"query-input\":{\"@type\":\"PropertyValueSpecification\",\"valueRequired\":true,\"valueName\":\"search_term_string\"}}],\"inLanguage\":\"pt-PT\"}]}<\/script>\n<!-- \/ Yoast SEO plugin. -->","yoast_head_json":{"title":"INTENSE - SANDRA ESTIMULADOR DE TOQUE E VIBRA\u00c7\u00c3O COM CONTROLE REMOTO - Lovme","robots":{"index":"index","follow":"follow","max-snippet":"max-snippet:-1","max-image-preview":"max-image-preview:large","max-video-preview":"max-video-preview:-1"},"canonical":"https:\/\/lovme.pt\/index.php\/produto\/intense-sandra-estimulador-de-toque-e-vibracao-com-controle-remoto\/","og_locale":"pt_PT","og_type":"article","og_title":"INTENSE - SANDRA ESTIMULADOR DE TOQUE E VIBRA\u00c7\u00c3O COM CONTROLE REMOTO - Lovme","og_description":"INTENSE - SANDRA - ESTIMULADOR DE TOQUE E VIBRA\u00c7\u00c3O COM CONTROLE REMOTO","og_url":"https:\/\/lovme.pt\/index.php\/produto\/intense-sandra-estimulador-de-toque-e-vibracao-com-controle-remoto\/","og_site_name":"Lovme","article_modified_time":"2026-02-19T20:19:19+00:00","og_image":[{"width":900,"height":900,"url":"https:\/\/erki24nd3ub.exactdn.com\/wp-content\/uploads\/dream\/img\/img_218825_dfacf573451f35fe39e8833416edacb5_1.png?strip=all","type":"image\/png"}],"twitter_card":"summary_large_image","twitter_misc":{"Tempo estimado de leitura":"2 minutos"},"schema":{"@context":"https:\/\/schema.org","@graph":[{"@type":"WebPage","@id":"https:\/\/lovme.pt\/index.php\/produto\/intense-sandra-estimulador-de-toque-e-vibracao-com-controle-remoto\/","url":"https:\/\/lovme.pt\/index.php\/produto\/intense-sandra-estimulador-de-toque-e-vibracao-com-controle-remoto\/","name":"INTENSE - SANDRA ESTIMULADOR DE TOQUE E VIBRA\u00c7\u00c3O COM CONTROLE REMOTO - Lovme","isPartOf":{"@id":"https:\/\/lovme.pt\/#website"},"primaryImageOfPage":{"@id":"https:\/\/lovme.pt\/index.php\/produto\/intense-sandra-estimulador-de-toque-e-vibracao-com-controle-remoto\/#primaryimage"},"image":{"@id":"https:\/\/lovme.pt\/index.php\/produto\/intense-sandra-estimulador-de-toque-e-vibracao-com-controle-remoto\/#primaryimage"},"thumbnailUrl":"https:\/\/erki24nd3ub.exactdn.com\/wp-content\/uploads\/dream\/img\/img_218825_dfacf573451f35fe39e8833416edacb5_1.png?strip=all","datePublished":"2026-01-08T18:11:11+00:00","dateModified":"2026-02-19T20:19:19+00:00","breadcrumb":{"@id":"https:\/\/lovme.pt\/index.php\/produto\/intense-sandra-estimulador-de-toque-e-vibracao-com-controle-remoto\/#breadcrumb"},"inLanguage":"pt-PT","potentialAction":[{"@type":"ReadAction","target":["https:\/\/lovme.pt\/index.php\/produto\/intense-sandra-estimulador-de-toque-e-vibracao-com-controle-remoto\/"]}]},{"@type":"ImageObject","inLanguage":"pt-PT","@id":"https:\/\/lovme.pt\/index.php\/produto\/intense-sandra-estimulador-de-toque-e-vibracao-com-controle-remoto\/#primaryimage","url":"https:\/\/erki24nd3ub.exactdn.com\/wp-content\/uploads\/dream\/img\/img_218825_dfacf573451f35fe39e8833416edacb5_1.png?strip=all","contentUrl":"https:\/\/erki24nd3ub.exactdn.com\/wp-content\/uploads\/dream\/img\/img_218825_dfacf573451f35fe39e8833416edacb5_1.png?strip=all","width":900,"height":900},{"@type":"BreadcrumbList","@id":"https:\/\/lovme.pt\/index.php\/produto\/intense-sandra-estimulador-de-toque-e-vibracao-com-controle-remoto\/#breadcrumb","itemListElement":[{"@type":"ListItem","position":1,"name":"In\u00edcio","item":"https:\/\/lovme.pt\/"},{"@type":"ListItem","position":2,"name":"Loja","item":"https:\/\/lovme.pt\/index.php\/loja\/"},{"@type":"ListItem","position":3,"name":"INTENSE &#8211; SANDRA ESTIMULADOR DE TOQUE E VIBRA\u00c7\u00c3O COM CONTROLE REMOTO"}]},{"@type":"WebSite","@id":"https:\/\/lovme.pt\/#website","url":"https:\/\/lovme.pt\/","name":"Lovme Loja Er\u00f3tica N\u00ba1 em Portugal","description":"A melhor loja er\u00f3tica de Portugal.","alternateName":"Loja Er\u00f3tica Lovme","potentialAction":[{"@type":"SearchAction","target":{"@type":"EntryPoint","urlTemplate":"https:\/\/lovme.pt\/?s={search_term_string}"},"query-input":{"@type":"PropertyValueSpecification","valueRequired":true,"valueName":"search_term_string"}}],"inLanguage":"pt-PT"}]}},"_links":{"self":[{"href":"https:\/\/lovme.pt\/index.php\/wp-json\/wp\/v2\/product\/105746","targetHints":{"allow":["GET"]}}],"collection":[{"href":"https:\/\/lovme.pt\/index.php\/wp-json\/wp\/v2\/product"}],"about":[{"href":"https:\/\/lovme.pt\/index.php\/wp-json\/wp\/v2\/types\/product"}],"wp:featuredmedia":[{"embeddable":true,"href":"https:\/\/lovme.pt\/index.php\/wp-json\/wp\/v2\/media\/105747"}],"wp:attachment":[{"href":"https:\/\/lovme.pt\/index.php\/wp-json\/wp\/v2\/media?parent=105746"}],"wp:term":[{"taxonomy":"product_brand","embeddable":true,"href":"https:\/\/lovme.pt\/index.php\/wp-json\/wp\/v2\/product_brand?post=105746"},{"taxonomy":"product_cat","embeddable":true,"href":"https:\/\/lovme.pt\/index.php\/wp-json\/wp\/v2\/product_cat?post=105746"},{"taxonomy":"product_tag","embeddable":true,"href":"https:\/\/lovme.pt\/index.php\/wp-json\/wp\/v2\/product_tag?post=105746"}],"curies":[{"name":"wp","href":"https:\/\/api.w.org\/{rel}","templated":true}]}}