{"id":105705,"date":"2026-01-08T18:03:53","date_gmt":"2026-01-08T18:03:53","guid":{"rendered":"https:\/\/lovme.pt\/?post_type=product&p=105705"},"modified":"2026-02-19T20:07:15","modified_gmt":"2026-02-19T20:07:15","slug":"intense-first-time-vibrador-ariana-virgem-masturbador-com-sangramento","status":"publish","type":"product","link":"https:\/\/lovme.pt\/index.php\/produto\/intense-first-time-vibrador-ariana-virgem-masturbador-com-sangramento\/","title":{"rendered":"INTENSE FIRST TIME &#8211; VIBRADOR ARIANA VIRGEM MASTURBADOR COM SANGRAMENTO"},"content":{"rendered":"<p>Descubra uma experi\u00eancia intensa e realista com o <strong>masturbador vibrat\u00f3rio realista Ariana da Intense<\/strong> , um brinquedo projetado para oferecer uma sensa\u00e7\u00e3o natural, envolvente e totalmente prazerosa. Seu interior texturizado e detalhado reproduz cada sensa\u00e7\u00e3o com perfei\u00e7\u00e3o, proporcionando uma estimula\u00e7\u00e3o profunda e aut\u00eantica a cada uso.<\/p>\n<p>Fabricado em TPE de alta qualidade, este masturbador destaca-se pela sua textura extremamente realista e flexibilidade, adaptando-se perfeitamente ao corpo para uma experi\u00eancia confort\u00e1vel e satisfat\u00f3ria.<\/p>\n<p>Seu design ergon\u00f4mico permite uma pegada firme e segura, ideal para sess\u00f5es de prazer prolongadas e sem esfor\u00e7o. O canal interno apresenta uma textura cuidadosamente projetada, combinando sali\u00eancias e se\u00e7\u00f5es estreitas que aumentam o atrito natural e intensificam a estimula\u00e7\u00e3o a cada movimento. Al\u00e9m disso, \u00e9 \u00e0 prova d\u00e1gua, facilitando a limpeza e permitindo que voc\u00ea o utilize no chuveiro ou na banheira. Este brinquedo \u00e9 livre de ftalatos e seguro para o corpo, garantindo uma experi\u00eancia saud\u00e1vel e confi\u00e1vel, fiel ao compromisso da Intense com a qualidade.<\/p>\n<p><u><strong>CARACTER\u00cdSTICAS<\/strong><\/u> :<\/p>\n<ul>\n<li>Masturbador hiper-realista<\/li>\n<li>10 modos de vibra\u00e7\u00e3o<\/li>\n<li>Abertura anal<\/li>\n<li>Interior texturizado estimulante<\/li>\n<li>Material TPE de alta qualidade<\/li>\n<li>Material seguro para o corpo<\/li>\n<li>\u00c0 prova d\u00e1gua para facilitar a limpeza.<\/li>\n<li>Sensa\u00e7\u00e3o realista<\/li>\n<li>Carregamento magn\u00e9tico<\/li>\n<\/ul>\n<p><strong>A INTENSE<\/strong> \u00e9 uma marca especializada em brinquedos er\u00f3ticos modernos, concebidos para oferecer prazer com estilo, inova\u00e7\u00e3o e seguran\u00e7a. Os seus produtos destacam-se pela utiliza\u00e7\u00e3o de materiais de alta qualidade, como silicone supermacio e livre de ftalatos, sempre com o cuidado do corpo em mente. Com designs ergon\u00f4micos, motores potentes e recarreg\u00e1veis e fun\u00e7\u00f5es vers\u00e1teis, combinam tecnologia, conforto e sensualidade em cada cria\u00e7\u00e3o.<\/p>\n","protected":false},"excerpt":{"rendered":"<p>INTENSE FIRST TIME &#8211; VIBRADOR ARIANA VIRGEM MASTURBADOR COM SANGRAMENTO<\/p>\n","protected":false},"featured_media":105706,"template":"","meta":{"_acf_changed":false},"product_brand":[],"product_cat":[17,58,88,60],"product_tag":[],"class_list":{"0":"post-105705","1":"product","2":"type-product","3":"status-publish","4":"has-post-thumbnail","6":"product_cat-brinquedos-de-bem-estar-sexual","7":"product_cat-masturbadores-para-penis","8":"product_cat-novidades","9":"product_cat-para-eles","10":"yith_product_brand-intense","11":"yith_product_brand-intenseintense-toysintense-first-time","12":"yith_product_brand-intenseintense-toys","14":"first","15":"instock","16":"taxable","17":"shipping-taxable","18":"purchasable","19":"product-type-simple"},"acf":[],"yoast_head":"<!-- This site is optimized with the Yoast SEO plugin v27.4 - https:\/\/yoast.com\/product\/yoast-seo-wordpress\/ -->\n<title>INTENSE FIRST TIME - VIBRADOR ARIANA VIRGEM MASTURBADOR COM SANGRAMENTO - Lovme<\/title>\n<meta name=\"robots\" content=\"index, follow, max-snippet:-1, max-image-preview:large, max-video-preview:-1\" \/>\n<link rel=\"canonical\" href=\"https:\/\/lovme.pt\/index.php\/produto\/intense-first-time-vibrador-ariana-virgem-masturbador-com-sangramento\/\" \/>\n<meta property=\"og:locale\" content=\"pt_PT\" \/>\n<meta property=\"og:type\" content=\"article\" \/>\n<meta property=\"og:title\" content=\"INTENSE FIRST TIME - VIBRADOR ARIANA VIRGEM MASTURBADOR COM SANGRAMENTO - Lovme\" \/>\n<meta property=\"og:description\" content=\"INTENSE FIRST TIME - VIBRADOR ARIANA VIRGEM MASTURBADOR COM SANGRAMENTO\" \/>\n<meta property=\"og:url\" content=\"https:\/\/lovme.pt\/index.php\/produto\/intense-first-time-vibrador-ariana-virgem-masturbador-com-sangramento\/\" \/>\n<meta property=\"og:site_name\" content=\"Lovme\" \/>\n<meta property=\"article:modified_time\" content=\"2026-02-19T20:07:15+00:00\" \/>\n<meta property=\"og:image\" content=\"https:\/\/erki24nd3ub.exactdn.com\/wp-content\/uploads\/dream\/img\/img_218075_d7a7b24ee5fc1c9d9dc86c65cb3f8a08_1.png?strip=all\" \/>\n\t<meta property=\"og:image:width\" content=\"900\" \/>\n\t<meta property=\"og:image:height\" content=\"900\" \/>\n\t<meta property=\"og:image:type\" content=\"image\/png\" \/>\n<meta name=\"twitter:card\" content=\"summary_large_image\" \/>\n<meta name=\"twitter:label1\" content=\"Tempo estimado de leitura\" \/>\n\t<meta name=\"twitter:data1\" content=\"1 minuto\" \/>\n<script type=\"application\/ld+json\" class=\"yoast-schema-graph\">{\"@context\":\"https:\\\/\\\/schema.org\",\"@graph\":[{\"@type\":\"WebPage\",\"@id\":\"https:\\\/\\\/lovme.pt\\\/index.php\\\/produto\\\/intense-first-time-vibrador-ariana-virgem-masturbador-com-sangramento\\\/\",\"url\":\"https:\\\/\\\/lovme.pt\\\/index.php\\\/produto\\\/intense-first-time-vibrador-ariana-virgem-masturbador-com-sangramento\\\/\",\"name\":\"INTENSE FIRST TIME - VIBRADOR ARIANA VIRGEM MASTURBADOR COM SANGRAMENTO - Lovme\",\"isPartOf\":{\"@id\":\"https:\\\/\\\/lovme.pt\\\/#website\"},\"primaryImageOfPage\":{\"@id\":\"https:\\\/\\\/lovme.pt\\\/index.php\\\/produto\\\/intense-first-time-vibrador-ariana-virgem-masturbador-com-sangramento\\\/#primaryimage\"},\"image\":{\"@id\":\"https:\\\/\\\/lovme.pt\\\/index.php\\\/produto\\\/intense-first-time-vibrador-ariana-virgem-masturbador-com-sangramento\\\/#primaryimage\"},\"thumbnailUrl\":\"https:\\\/\\\/erki24nd3ub.exactdn.com\\\/wp-content\\\/uploads\\\/dream\\\/img\\\/img_218075_d7a7b24ee5fc1c9d9dc86c65cb3f8a08_1.png?strip=all\",\"datePublished\":\"2026-01-08T18:03:53+00:00\",\"dateModified\":\"2026-02-19T20:07:15+00:00\",\"breadcrumb\":{\"@id\":\"https:\\\/\\\/lovme.pt\\\/index.php\\\/produto\\\/intense-first-time-vibrador-ariana-virgem-masturbador-com-sangramento\\\/#breadcrumb\"},\"inLanguage\":\"pt-PT\",\"potentialAction\":[{\"@type\":\"ReadAction\",\"target\":[\"https:\\\/\\\/lovme.pt\\\/index.php\\\/produto\\\/intense-first-time-vibrador-ariana-virgem-masturbador-com-sangramento\\\/\"]}]},{\"@type\":\"ImageObject\",\"inLanguage\":\"pt-PT\",\"@id\":\"https:\\\/\\\/lovme.pt\\\/index.php\\\/produto\\\/intense-first-time-vibrador-ariana-virgem-masturbador-com-sangramento\\\/#primaryimage\",\"url\":\"https:\\\/\\\/erki24nd3ub.exactdn.com\\\/wp-content\\\/uploads\\\/dream\\\/img\\\/img_218075_d7a7b24ee5fc1c9d9dc86c65cb3f8a08_1.png?strip=all\",\"contentUrl\":\"https:\\\/\\\/erki24nd3ub.exactdn.com\\\/wp-content\\\/uploads\\\/dream\\\/img\\\/img_218075_d7a7b24ee5fc1c9d9dc86c65cb3f8a08_1.png?strip=all\",\"width\":900,\"height\":900},{\"@type\":\"BreadcrumbList\",\"@id\":\"https:\\\/\\\/lovme.pt\\\/index.php\\\/produto\\\/intense-first-time-vibrador-ariana-virgem-masturbador-com-sangramento\\\/#breadcrumb\",\"itemListElement\":[{\"@type\":\"ListItem\",\"position\":1,\"name\":\"In\u00edcio\",\"item\":\"https:\\\/\\\/lovme.pt\\\/\"},{\"@type\":\"ListItem\",\"position\":2,\"name\":\"Loja\",\"item\":\"https:\\\/\\\/lovme.pt\\\/index.php\\\/loja\\\/\"},{\"@type\":\"ListItem\",\"position\":3,\"name\":\"INTENSE FIRST TIME &#8211; VIBRADOR ARIANA VIRGEM MASTURBADOR COM SANGRAMENTO\"}]},{\"@type\":\"WebSite\",\"@id\":\"https:\\\/\\\/lovme.pt\\\/#website\",\"url\":\"https:\\\/\\\/lovme.pt\\\/\",\"name\":\"Lovme Loja Er\u00f3tica N\u00ba1 em Portugal\",\"description\":\"A melhor loja er\u00f3tica de Portugal.\",\"alternateName\":\"Loja Er\u00f3tica Lovme\",\"potentialAction\":[{\"@type\":\"SearchAction\",\"target\":{\"@type\":\"EntryPoint\",\"urlTemplate\":\"https:\\\/\\\/lovme.pt\\\/?s={search_term_string}\"},\"query-input\":{\"@type\":\"PropertyValueSpecification\",\"valueRequired\":true,\"valueName\":\"search_term_string\"}}],\"inLanguage\":\"pt-PT\"}]}<\/script>\n<!-- \/ Yoast SEO plugin. -->","yoast_head_json":{"title":"INTENSE FIRST TIME - VIBRADOR ARIANA VIRGEM MASTURBADOR COM SANGRAMENTO - Lovme","robots":{"index":"index","follow":"follow","max-snippet":"max-snippet:-1","max-image-preview":"max-image-preview:large","max-video-preview":"max-video-preview:-1"},"canonical":"https:\/\/lovme.pt\/index.php\/produto\/intense-first-time-vibrador-ariana-virgem-masturbador-com-sangramento\/","og_locale":"pt_PT","og_type":"article","og_title":"INTENSE FIRST TIME - VIBRADOR ARIANA VIRGEM MASTURBADOR COM SANGRAMENTO - Lovme","og_description":"INTENSE FIRST TIME - VIBRADOR ARIANA VIRGEM MASTURBADOR COM SANGRAMENTO","og_url":"https:\/\/lovme.pt\/index.php\/produto\/intense-first-time-vibrador-ariana-virgem-masturbador-com-sangramento\/","og_site_name":"Lovme","article_modified_time":"2026-02-19T20:07:15+00:00","og_image":[{"width":900,"height":900,"url":"https:\/\/erki24nd3ub.exactdn.com\/wp-content\/uploads\/dream\/img\/img_218075_d7a7b24ee5fc1c9d9dc86c65cb3f8a08_1.png?strip=all","type":"image\/png"}],"twitter_card":"summary_large_image","twitter_misc":{"Tempo estimado de leitura":"1 minuto"},"schema":{"@context":"https:\/\/schema.org","@graph":[{"@type":"WebPage","@id":"https:\/\/lovme.pt\/index.php\/produto\/intense-first-time-vibrador-ariana-virgem-masturbador-com-sangramento\/","url":"https:\/\/lovme.pt\/index.php\/produto\/intense-first-time-vibrador-ariana-virgem-masturbador-com-sangramento\/","name":"INTENSE FIRST TIME - VIBRADOR ARIANA VIRGEM MASTURBADOR COM SANGRAMENTO - Lovme","isPartOf":{"@id":"https:\/\/lovme.pt\/#website"},"primaryImageOfPage":{"@id":"https:\/\/lovme.pt\/index.php\/produto\/intense-first-time-vibrador-ariana-virgem-masturbador-com-sangramento\/#primaryimage"},"image":{"@id":"https:\/\/lovme.pt\/index.php\/produto\/intense-first-time-vibrador-ariana-virgem-masturbador-com-sangramento\/#primaryimage"},"thumbnailUrl":"https:\/\/erki24nd3ub.exactdn.com\/wp-content\/uploads\/dream\/img\/img_218075_d7a7b24ee5fc1c9d9dc86c65cb3f8a08_1.png?strip=all","datePublished":"2026-01-08T18:03:53+00:00","dateModified":"2026-02-19T20:07:15+00:00","breadcrumb":{"@id":"https:\/\/lovme.pt\/index.php\/produto\/intense-first-time-vibrador-ariana-virgem-masturbador-com-sangramento\/#breadcrumb"},"inLanguage":"pt-PT","potentialAction":[{"@type":"ReadAction","target":["https:\/\/lovme.pt\/index.php\/produto\/intense-first-time-vibrador-ariana-virgem-masturbador-com-sangramento\/"]}]},{"@type":"ImageObject","inLanguage":"pt-PT","@id":"https:\/\/lovme.pt\/index.php\/produto\/intense-first-time-vibrador-ariana-virgem-masturbador-com-sangramento\/#primaryimage","url":"https:\/\/erki24nd3ub.exactdn.com\/wp-content\/uploads\/dream\/img\/img_218075_d7a7b24ee5fc1c9d9dc86c65cb3f8a08_1.png?strip=all","contentUrl":"https:\/\/erki24nd3ub.exactdn.com\/wp-content\/uploads\/dream\/img\/img_218075_d7a7b24ee5fc1c9d9dc86c65cb3f8a08_1.png?strip=all","width":900,"height":900},{"@type":"BreadcrumbList","@id":"https:\/\/lovme.pt\/index.php\/produto\/intense-first-time-vibrador-ariana-virgem-masturbador-com-sangramento\/#breadcrumb","itemListElement":[{"@type":"ListItem","position":1,"name":"In\u00edcio","item":"https:\/\/lovme.pt\/"},{"@type":"ListItem","position":2,"name":"Loja","item":"https:\/\/lovme.pt\/index.php\/loja\/"},{"@type":"ListItem","position":3,"name":"INTENSE FIRST TIME &#8211; VIBRADOR ARIANA VIRGEM MASTURBADOR COM SANGRAMENTO"}]},{"@type":"WebSite","@id":"https:\/\/lovme.pt\/#website","url":"https:\/\/lovme.pt\/","name":"Lovme Loja Er\u00f3tica N\u00ba1 em Portugal","description":"A melhor loja er\u00f3tica de Portugal.","alternateName":"Loja Er\u00f3tica Lovme","potentialAction":[{"@type":"SearchAction","target":{"@type":"EntryPoint","urlTemplate":"https:\/\/lovme.pt\/?s={search_term_string}"},"query-input":{"@type":"PropertyValueSpecification","valueRequired":true,"valueName":"search_term_string"}}],"inLanguage":"pt-PT"}]}},"_links":{"self":[{"href":"https:\/\/lovme.pt\/index.php\/wp-json\/wp\/v2\/product\/105705","targetHints":{"allow":["GET"]}}],"collection":[{"href":"https:\/\/lovme.pt\/index.php\/wp-json\/wp\/v2\/product"}],"about":[{"href":"https:\/\/lovme.pt\/index.php\/wp-json\/wp\/v2\/types\/product"}],"wp:featuredmedia":[{"embeddable":true,"href":"https:\/\/lovme.pt\/index.php\/wp-json\/wp\/v2\/media\/105706"}],"wp:attachment":[{"href":"https:\/\/lovme.pt\/index.php\/wp-json\/wp\/v2\/media?parent=105705"}],"wp:term":[{"taxonomy":"product_brand","embeddable":true,"href":"https:\/\/lovme.pt\/index.php\/wp-json\/wp\/v2\/product_brand?post=105705"},{"taxonomy":"product_cat","embeddable":true,"href":"https:\/\/lovme.pt\/index.php\/wp-json\/wp\/v2\/product_cat?post=105705"},{"taxonomy":"product_tag","embeddable":true,"href":"https:\/\/lovme.pt\/index.php\/wp-json\/wp\/v2\/product_tag?post=105705"}],"curies":[{"name":"wp","href":"https:\/\/api.w.org\/{rel}","templated":true}]}}