{"id":105646,"date":"2026-01-08T12:01:02","date_gmt":"2026-01-08T12:01:02","guid":{"rendered":"https:\/\/lovme.pt\/?post_type=product&#038;p=105646"},"modified":"2026-02-19T20:07:22","modified_gmt":"2026-02-19T20:07:22","slug":"intense-estimulador-de-ponto-g-hubert-mao-flexivel-142-cm","status":"publish","type":"product","link":"https:\/\/lovme.pt\/index.php\/produto\/intense-estimulador-de-ponto-g-hubert-mao-flexivel-142-cm\/","title":{"rendered":"INTENSE &#8211; ESTIMULADOR DE PONTO G HUBERT M\u00c3O FLEX\u00cdVEL 14,2 CM"},"content":{"rendered":"<p>Mergulhe em uma experi\u00eancia de prazer intensa, realista e totalmente adapt\u00e1vel com o estimulador de Ponto G <strong>HUBERT<\/strong> da <strong>Intense<\/strong> , um dispositivo projetado para quem busca sensa\u00e7\u00f5es aut\u00eanticas e poderosas. Seu formato anat\u00f4mico e port\u00e1til e sua estrutura totalmente flex\u00edvel fazem deste estimulador uma ferramenta ideal para alcan\u00e7ar e massagear o Ponto G com precis\u00e3o, conforto e m\u00e1xima intensidade.<\/p>\n<p>Feito de silicone m\u00e9dico supermacio, <strong>o HUBERT<\/strong> oferece uma textura realista que reproduz fielmente a sensa\u00e7\u00e3o do contato humano, proporcionando uma experi\u00eancia natural e prazerosa. Sua grande flexibilidade permite que seja dobrado e ajustado em diferentes \u00e2ngulos, facilitando a explora\u00e7\u00e3o das \u00e1reas mais sens\u00edveis do corpo e garantindo uma inser\u00e7\u00e3o confort\u00e1vel e segura.<\/p>\n<p>Sua base com ventosa de alta ader\u00eancia permite que seja facilmente fixado em qualquer superf\u00edcie lisa, oferecendo total liberdade para divers\u00e3o sem as m\u00e3os. Ideal para brincadeiras individuais ou para aumentar a emo\u00e7\u00e3o a dois, este design oferece estabilidade e controle o tempo todo.<\/p>\n<p><u><strong>CARACTER\u00cdSTICAS<\/strong><\/u> :<\/p>\n<ul>\n<li>Estimulador de ponto G com design anat\u00f4mico em formato de m\u00e3o.<\/li>\n<li>Medidas: Comprimento total 225 mm \/ Comprimento inser\u00edvel 142 mm \/ Di\u00e2metro 35 mm \/ Base 68 mm.<\/li>\n<li>Peso: 544 g.<\/li>\n<li>Textura realista com um toque humano.<\/li>\n<li>Feito com silicone m\u00e9dico supermacio.<\/li>\n<li>Material seguro para o corpo e livre de ftalatos.<\/li>\n<li>M\u00e1xima flexibilidade para se adaptar ao corpo.<\/li>\n<li>Base com ventosa de alta ader\u00eancia para brincadeiras com as m\u00e3os livres.<\/li>\n<li>Imperme\u00e1vel.<\/li>\n<\/ul>\n<p>O Estimulador de Ponto G Intenso <strong>HUBERT<\/strong> foi desenvolvido para quem busca uma experi\u00eancia aut\u00eantica, intensa e adapt\u00e1vel. Seu design ergon\u00f4mico, textura realista e flexibilidade total o tornam o aliado perfeito para descobrir novas formas de prazer com total liberdade e confian\u00e7a.<\/p>\n<p><strong>A INTENSE<\/strong> \u00e9 uma marca especializada em brinquedos er\u00f3ticos modernos, projetados para oferecer prazer com estilo, inova\u00e7\u00e3o e seguran\u00e7a. Seus produtos se destacam pelo uso de materiais de alta qualidade, como silicone supermacio e sem ftalatos, sempre pensando no cuidado com o corpo. Com designs ergon\u00f4micos, motores potentes e recarreg\u00e1veis e fun\u00e7\u00f5es vers\u00e1teis, combinam tecnologia, conforto e sensualidade em cada cria\u00e7\u00e3o.<\/p>\n","protected":false},"excerpt":{"rendered":"<p>INTENSE &#8211; ESTIMULADOR DE PONTO G HUBERT M\u00c3O FLEX\u00cdVEL 14,2 CM<\/p>\n","protected":false},"featured_media":105647,"template":"","meta":{"_acf_changed":false},"product_brand":[],"product_cat":[17,56,88],"product_tag":[],"class_list":{"0":"post-105646","1":"product","2":"type-product","3":"status-publish","4":"has-post-thumbnail","6":"product_cat-brinquedos-de-bem-estar-sexual","7":"product_cat-dildos-e-arneses","8":"product_cat-novidades","9":"yith_product_brand-intense","10":"yith_product_brand-intenseintense-toysintense-fun","11":"yith_product_brand-intenseintense-toys","13":"first","14":"instock","15":"taxable","16":"shipping-taxable","17":"purchasable","18":"product-type-simple"},"acf":[],"yoast_head":"<!-- This site is optimized with the Yoast SEO plugin v27.4 - https:\/\/yoast.com\/product\/yoast-seo-wordpress\/ -->\n<title>INTENSE - ESTIMULADOR DE PONTO G HUBERT M\u00c3O FLEX\u00cdVEL 14,2 CM - Lovme<\/title>\n<meta name=\"robots\" content=\"index, follow, max-snippet:-1, max-image-preview:large, max-video-preview:-1\" \/>\n<link rel=\"canonical\" href=\"https:\/\/lovme.pt\/index.php\/produto\/intense-estimulador-de-ponto-g-hubert-mao-flexivel-142-cm\/\" \/>\n<meta property=\"og:locale\" content=\"pt_PT\" \/>\n<meta property=\"og:type\" content=\"article\" \/>\n<meta property=\"og:title\" content=\"INTENSE - ESTIMULADOR DE PONTO G HUBERT M\u00c3O FLEX\u00cdVEL 14,2 CM - Lovme\" \/>\n<meta property=\"og:description\" content=\"INTENSE - ESTIMULADOR DE PONTO G HUBERT M\u00c3O FLEX\u00cdVEL 14,2 CM\" \/>\n<meta property=\"og:url\" content=\"https:\/\/lovme.pt\/index.php\/produto\/intense-estimulador-de-ponto-g-hubert-mao-flexivel-142-cm\/\" \/>\n<meta property=\"og:site_name\" content=\"Lovme\" \/>\n<meta property=\"article:modified_time\" content=\"2026-02-19T20:07:22+00:00\" \/>\n<meta property=\"og:image\" content=\"https:\/\/erki24nd3ub.exactdn.com\/wp-content\/uploads\/dream\/img\/img_216369_bce1c534629c81a38f789866d65181d1_1.png?strip=all\" \/>\n\t<meta property=\"og:image:width\" content=\"900\" \/>\n\t<meta property=\"og:image:height\" content=\"900\" \/>\n\t<meta property=\"og:image:type\" content=\"image\/png\" \/>\n<meta name=\"twitter:card\" content=\"summary_large_image\" \/>\n<meta name=\"twitter:label1\" content=\"Tempo estimado de leitura\" \/>\n\t<meta name=\"twitter:data1\" content=\"2 minutos\" \/>\n<script type=\"application\/ld+json\" class=\"yoast-schema-graph\">{\"@context\":\"https:\\\/\\\/schema.org\",\"@graph\":[{\"@type\":\"WebPage\",\"@id\":\"https:\\\/\\\/lovme.pt\\\/index.php\\\/produto\\\/intense-estimulador-de-ponto-g-hubert-mao-flexivel-142-cm\\\/\",\"url\":\"https:\\\/\\\/lovme.pt\\\/index.php\\\/produto\\\/intense-estimulador-de-ponto-g-hubert-mao-flexivel-142-cm\\\/\",\"name\":\"INTENSE - ESTIMULADOR DE PONTO G HUBERT M\u00c3O FLEX\u00cdVEL 14,2 CM - Lovme\",\"isPartOf\":{\"@id\":\"https:\\\/\\\/lovme.pt\\\/#website\"},\"primaryImageOfPage\":{\"@id\":\"https:\\\/\\\/lovme.pt\\\/index.php\\\/produto\\\/intense-estimulador-de-ponto-g-hubert-mao-flexivel-142-cm\\\/#primaryimage\"},\"image\":{\"@id\":\"https:\\\/\\\/lovme.pt\\\/index.php\\\/produto\\\/intense-estimulador-de-ponto-g-hubert-mao-flexivel-142-cm\\\/#primaryimage\"},\"thumbnailUrl\":\"https:\\\/\\\/erki24nd3ub.exactdn.com\\\/wp-content\\\/uploads\\\/dream\\\/img\\\/img_216369_bce1c534629c81a38f789866d65181d1_1.png?strip=all\",\"datePublished\":\"2026-01-08T12:01:02+00:00\",\"dateModified\":\"2026-02-19T20:07:22+00:00\",\"breadcrumb\":{\"@id\":\"https:\\\/\\\/lovme.pt\\\/index.php\\\/produto\\\/intense-estimulador-de-ponto-g-hubert-mao-flexivel-142-cm\\\/#breadcrumb\"},\"inLanguage\":\"pt-PT\",\"potentialAction\":[{\"@type\":\"ReadAction\",\"target\":[\"https:\\\/\\\/lovme.pt\\\/index.php\\\/produto\\\/intense-estimulador-de-ponto-g-hubert-mao-flexivel-142-cm\\\/\"]}]},{\"@type\":\"ImageObject\",\"inLanguage\":\"pt-PT\",\"@id\":\"https:\\\/\\\/lovme.pt\\\/index.php\\\/produto\\\/intense-estimulador-de-ponto-g-hubert-mao-flexivel-142-cm\\\/#primaryimage\",\"url\":\"https:\\\/\\\/erki24nd3ub.exactdn.com\\\/wp-content\\\/uploads\\\/dream\\\/img\\\/img_216369_bce1c534629c81a38f789866d65181d1_1.png?strip=all\",\"contentUrl\":\"https:\\\/\\\/erki24nd3ub.exactdn.com\\\/wp-content\\\/uploads\\\/dream\\\/img\\\/img_216369_bce1c534629c81a38f789866d65181d1_1.png?strip=all\",\"width\":900,\"height\":900},{\"@type\":\"BreadcrumbList\",\"@id\":\"https:\\\/\\\/lovme.pt\\\/index.php\\\/produto\\\/intense-estimulador-de-ponto-g-hubert-mao-flexivel-142-cm\\\/#breadcrumb\",\"itemListElement\":[{\"@type\":\"ListItem\",\"position\":1,\"name\":\"In\u00edcio\",\"item\":\"https:\\\/\\\/lovme.pt\\\/\"},{\"@type\":\"ListItem\",\"position\":2,\"name\":\"Loja\",\"item\":\"https:\\\/\\\/lovme.pt\\\/index.php\\\/loja\\\/\"},{\"@type\":\"ListItem\",\"position\":3,\"name\":\"INTENSE &#8211; ESTIMULADOR DE PONTO G HUBERT M\u00c3O FLEX\u00cdVEL 14,2 CM\"}]},{\"@type\":\"WebSite\",\"@id\":\"https:\\\/\\\/lovme.pt\\\/#website\",\"url\":\"https:\\\/\\\/lovme.pt\\\/\",\"name\":\"Lovme Loja Er\u00f3tica N\u00ba1 em Portugal\",\"description\":\"A melhor loja er\u00f3tica de Portugal.\",\"alternateName\":\"Loja Er\u00f3tica Lovme\",\"potentialAction\":[{\"@type\":\"SearchAction\",\"target\":{\"@type\":\"EntryPoint\",\"urlTemplate\":\"https:\\\/\\\/lovme.pt\\\/?s={search_term_string}\"},\"query-input\":{\"@type\":\"PropertyValueSpecification\",\"valueRequired\":true,\"valueName\":\"search_term_string\"}}],\"inLanguage\":\"pt-PT\"}]}<\/script>\n<!-- \/ Yoast SEO plugin. -->","yoast_head_json":{"title":"INTENSE - ESTIMULADOR DE PONTO G HUBERT M\u00c3O FLEX\u00cdVEL 14,2 CM - Lovme","robots":{"index":"index","follow":"follow","max-snippet":"max-snippet:-1","max-image-preview":"max-image-preview:large","max-video-preview":"max-video-preview:-1"},"canonical":"https:\/\/lovme.pt\/index.php\/produto\/intense-estimulador-de-ponto-g-hubert-mao-flexivel-142-cm\/","og_locale":"pt_PT","og_type":"article","og_title":"INTENSE - ESTIMULADOR DE PONTO G HUBERT M\u00c3O FLEX\u00cdVEL 14,2 CM - Lovme","og_description":"INTENSE - ESTIMULADOR DE PONTO G HUBERT M\u00c3O FLEX\u00cdVEL 14,2 CM","og_url":"https:\/\/lovme.pt\/index.php\/produto\/intense-estimulador-de-ponto-g-hubert-mao-flexivel-142-cm\/","og_site_name":"Lovme","article_modified_time":"2026-02-19T20:07:22+00:00","og_image":[{"width":900,"height":900,"url":"https:\/\/erki24nd3ub.exactdn.com\/wp-content\/uploads\/dream\/img\/img_216369_bce1c534629c81a38f789866d65181d1_1.png?strip=all","type":"image\/png"}],"twitter_card":"summary_large_image","twitter_misc":{"Tempo estimado de leitura":"2 minutos"},"schema":{"@context":"https:\/\/schema.org","@graph":[{"@type":"WebPage","@id":"https:\/\/lovme.pt\/index.php\/produto\/intense-estimulador-de-ponto-g-hubert-mao-flexivel-142-cm\/","url":"https:\/\/lovme.pt\/index.php\/produto\/intense-estimulador-de-ponto-g-hubert-mao-flexivel-142-cm\/","name":"INTENSE - ESTIMULADOR DE PONTO G HUBERT M\u00c3O FLEX\u00cdVEL 14,2 CM - Lovme","isPartOf":{"@id":"https:\/\/lovme.pt\/#website"},"primaryImageOfPage":{"@id":"https:\/\/lovme.pt\/index.php\/produto\/intense-estimulador-de-ponto-g-hubert-mao-flexivel-142-cm\/#primaryimage"},"image":{"@id":"https:\/\/lovme.pt\/index.php\/produto\/intense-estimulador-de-ponto-g-hubert-mao-flexivel-142-cm\/#primaryimage"},"thumbnailUrl":"https:\/\/erki24nd3ub.exactdn.com\/wp-content\/uploads\/dream\/img\/img_216369_bce1c534629c81a38f789866d65181d1_1.png?strip=all","datePublished":"2026-01-08T12:01:02+00:00","dateModified":"2026-02-19T20:07:22+00:00","breadcrumb":{"@id":"https:\/\/lovme.pt\/index.php\/produto\/intense-estimulador-de-ponto-g-hubert-mao-flexivel-142-cm\/#breadcrumb"},"inLanguage":"pt-PT","potentialAction":[{"@type":"ReadAction","target":["https:\/\/lovme.pt\/index.php\/produto\/intense-estimulador-de-ponto-g-hubert-mao-flexivel-142-cm\/"]}]},{"@type":"ImageObject","inLanguage":"pt-PT","@id":"https:\/\/lovme.pt\/index.php\/produto\/intense-estimulador-de-ponto-g-hubert-mao-flexivel-142-cm\/#primaryimage","url":"https:\/\/erki24nd3ub.exactdn.com\/wp-content\/uploads\/dream\/img\/img_216369_bce1c534629c81a38f789866d65181d1_1.png?strip=all","contentUrl":"https:\/\/erki24nd3ub.exactdn.com\/wp-content\/uploads\/dream\/img\/img_216369_bce1c534629c81a38f789866d65181d1_1.png?strip=all","width":900,"height":900},{"@type":"BreadcrumbList","@id":"https:\/\/lovme.pt\/index.php\/produto\/intense-estimulador-de-ponto-g-hubert-mao-flexivel-142-cm\/#breadcrumb","itemListElement":[{"@type":"ListItem","position":1,"name":"In\u00edcio","item":"https:\/\/lovme.pt\/"},{"@type":"ListItem","position":2,"name":"Loja","item":"https:\/\/lovme.pt\/index.php\/loja\/"},{"@type":"ListItem","position":3,"name":"INTENSE &#8211; ESTIMULADOR DE PONTO G HUBERT M\u00c3O FLEX\u00cdVEL 14,2 CM"}]},{"@type":"WebSite","@id":"https:\/\/lovme.pt\/#website","url":"https:\/\/lovme.pt\/","name":"Lovme Loja Er\u00f3tica N\u00ba1 em Portugal","description":"A melhor loja er\u00f3tica de Portugal.","alternateName":"Loja Er\u00f3tica Lovme","potentialAction":[{"@type":"SearchAction","target":{"@type":"EntryPoint","urlTemplate":"https:\/\/lovme.pt\/?s={search_term_string}"},"query-input":{"@type":"PropertyValueSpecification","valueRequired":true,"valueName":"search_term_string"}}],"inLanguage":"pt-PT"}]}},"_links":{"self":[{"href":"https:\/\/lovme.pt\/index.php\/wp-json\/wp\/v2\/product\/105646","targetHints":{"allow":["GET"]}}],"collection":[{"href":"https:\/\/lovme.pt\/index.php\/wp-json\/wp\/v2\/product"}],"about":[{"href":"https:\/\/lovme.pt\/index.php\/wp-json\/wp\/v2\/types\/product"}],"wp:featuredmedia":[{"embeddable":true,"href":"https:\/\/lovme.pt\/index.php\/wp-json\/wp\/v2\/media\/105647"}],"wp:attachment":[{"href":"https:\/\/lovme.pt\/index.php\/wp-json\/wp\/v2\/media?parent=105646"}],"wp:term":[{"taxonomy":"product_brand","embeddable":true,"href":"https:\/\/lovme.pt\/index.php\/wp-json\/wp\/v2\/product_brand?post=105646"},{"taxonomy":"product_cat","embeddable":true,"href":"https:\/\/lovme.pt\/index.php\/wp-json\/wp\/v2\/product_cat?post=105646"},{"taxonomy":"product_tag","embeddable":true,"href":"https:\/\/lovme.pt\/index.php\/wp-json\/wp\/v2\/product_tag?post=105646"}],"curies":[{"name":"wp","href":"https:\/\/api.w.org\/{rel}","templated":true}]}}