{"id":105571,"date":"2026-01-07T18:01:19","date_gmt":"2026-01-07T18:01:19","guid":{"rendered":"https:\/\/lovme.pt\/?post_type=product&#038;p=105571"},"modified":"2026-02-19T20:01:19","modified_gmt":"2026-02-19T20:01:19","slug":"intense-vibrador-de-empurracao-cynthia-com-controle-remoto","status":"publish","type":"product","link":"https:\/\/lovme.pt\/index.php\/produto\/intense-vibrador-de-empurracao-cynthia-com-controle-remoto\/","title":{"rendered":"INTENSE &#8211; CYNTHIA VIBRADOR DE IMPULSO COM CONTROLE REMOTO E AQUECIMENTO"},"content":{"rendered":"<p>Mergulhe numa experi\u00eancia realista e intensa com <strong>Cynthia<\/strong> , o vibrador de penetra\u00e7\u00e3o com controle remoto da Intense, projetado para oferecer uma estimula\u00e7\u00e3o profunda e natural gra\u00e7as ao seu movimento de penetra\u00e7\u00e3o realista. Com sua combina\u00e7\u00e3o de vibra\u00e7\u00e3o, penetra\u00e7\u00e3o e uma sensa\u00e7\u00e3o de aquecimento, este brinquedo proporciona uma experi\u00eancia de prazer totalmente imersiva.<\/p>\n<p>Feito de silicone supermacio de grau m\u00e9dico e componentes de ABS de alta qualidade, <strong>o Cynthia<\/strong> garante uma sensa\u00e7\u00e3o aveludada e agrad\u00e1vel, al\u00e9m de uma estrutura robusta e segura. Todos os seus materiais s\u00e3o seguros para o corpo e livres de ftalatos, garantindo uma experi\u00eancia confort\u00e1vel, higi\u00eanica e confi\u00e1vel. Este vibrador potente possui 10 modos de impulso que simulam o movimento natural da penetra\u00e7\u00e3o, juntamente com 10 modos de vibra\u00e7\u00e3o que oferecem diferentes ritmos e intensidades. Voc\u00ea pode us\u00e1-los individualmente ou em combina\u00e7\u00e3o, explorando uma ampla variedade de sensa\u00e7\u00f5es e adaptando-as ao seu ritmo e desejos. Sua inovadora fun\u00e7\u00e3o de aquecimento adiciona um toque de realismo, atingindo uma temperatura agrad\u00e1vel, semelhante \u00e0 do corpo, intensificando a sensa\u00e7\u00e3o durante o uso. Al\u00e9m disso, sua base com ventosa permite fix\u00e1-lo em superf\u00edcies lisas para uso sem as m\u00e3os, facilitando uma brincadeira livre e confort\u00e1vel. O controle remoto sem fio oferece total liberdade para alterar os modos de impulso ou vibra\u00e7\u00e3o sem interromper o momento, ideal tanto para uso individual quanto para desfrutar com um parceiro.<\/p>\n<p><u><strong>CARACTER\u00cdSTICAS<\/strong><\/u> :<\/p>\n<ul>\n<li>Feito de silicone super macio e ABS.<\/li>\n<li>Material seguro para o corpo, livre de ftalatos.<\/li>\n<li>10 modos de propuls\u00e3o realistas<\/li>\n<li>10 modos de vibra\u00e7\u00e3o ajust\u00e1veis<\/li>\n<li>Sensa\u00e7\u00e3o de aquecimento para maior realismo.<\/li>\n<li>Base com ventosa de fixa\u00e7\u00e3o firme.<\/li>\n<li>Controle remoto sem fio<\/li>\n<li>Medidas: Comprimento total 310 mm \/ Comprimento inser\u00edvel 170 mm \/ Di\u00e2metro 41 mm<\/li>\n<\/ul>\n<p><strong>A INTENSE<\/strong> \u00e9 uma marca especializada em brinquedos er\u00f3ticos modernos, concebidos para oferecer prazer com estilo, inova\u00e7\u00e3o e seguran\u00e7a. Os seus produtos destacam-se pela utiliza\u00e7\u00e3o de materiais de alta qualidade, como silicone supermacio e livre de ftalatos, sempre com o cuidado do corpo em mente. Com designs ergon\u00f4micos, motores potentes e recarreg\u00e1veis e fun\u00e7\u00f5es vers\u00e1teis, combina tecnologia, conforto e sensualidade em cada cria\u00e7\u00e3o.<\/p>\n","protected":false},"excerpt":{"rendered":"<p>INTENSE &#8211; CYNTHIA VIBRADOR DE IMPULSO COM CONTROLE REMOTO E AQUECIMENTO<\/p>\n","protected":false},"featured_media":105572,"template":"","meta":{"_acf_changed":false},"product_brand":[],"product_cat":[17,88,76],"product_tag":[],"class_list":{"0":"post-105571","1":"product","2":"type-product","3":"status-publish","4":"has-post-thumbnail","6":"product_cat-brinquedos-de-bem-estar-sexual","7":"product_cat-novidades","8":"product_cat-vibradores","9":"yith_product_brand-intense","10":"yith_product_brand-intenseintense-toysintense-fun","11":"yith_product_brand-intenseintense-toys","13":"first","14":"instock","15":"taxable","16":"shipping-taxable","17":"purchasable","18":"product-type-simple"},"acf":[],"yoast_head":"<!-- This site is optimized with the Yoast SEO plugin v27.4 - https:\/\/yoast.com\/product\/yoast-seo-wordpress\/ -->\n<title>INTENSE - CYNTHIA VIBRADOR DE IMPULSO COM CONTROLE REMOTO E AQUECIMENTO - Lovme<\/title>\n<meta name=\"robots\" content=\"index, follow, max-snippet:-1, max-image-preview:large, max-video-preview:-1\" \/>\n<link rel=\"canonical\" href=\"https:\/\/lovme.pt\/index.php\/produto\/intense-vibrador-de-empurracao-cynthia-com-controle-remoto\/\" \/>\n<meta property=\"og:locale\" content=\"pt_PT\" \/>\n<meta property=\"og:type\" content=\"article\" \/>\n<meta property=\"og:title\" content=\"INTENSE - CYNTHIA VIBRADOR DE IMPULSO COM CONTROLE REMOTO E AQUECIMENTO - Lovme\" \/>\n<meta property=\"og:description\" content=\"INTENSE - CYNTHIA VIBRADOR DE IMPULSO COM CONTROLE REMOTO E AQUECIMENTO\" \/>\n<meta property=\"og:url\" content=\"https:\/\/lovme.pt\/index.php\/produto\/intense-vibrador-de-empurracao-cynthia-com-controle-remoto\/\" \/>\n<meta property=\"og:site_name\" content=\"Lovme\" \/>\n<meta property=\"article:modified_time\" content=\"2026-02-19T20:01:19+00:00\" \/>\n<meta property=\"og:image\" content=\"https:\/\/erki24nd3ub.exactdn.com\/wp-content\/uploads\/dream\/img\/img_218118_bc10076b63a3b832e7ffa3184d168c81_1.png?strip=all\" \/>\n\t<meta property=\"og:image:width\" content=\"900\" \/>\n\t<meta property=\"og:image:height\" content=\"900\" \/>\n\t<meta property=\"og:image:type\" content=\"image\/png\" \/>\n<meta name=\"twitter:card\" content=\"summary_large_image\" \/>\n<meta name=\"twitter:label1\" content=\"Tempo estimado de leitura\" \/>\n\t<meta name=\"twitter:data1\" content=\"2 minutos\" \/>\n<script type=\"application\/ld+json\" class=\"yoast-schema-graph\">{\"@context\":\"https:\\\/\\\/schema.org\",\"@graph\":[{\"@type\":\"WebPage\",\"@id\":\"https:\\\/\\\/lovme.pt\\\/index.php\\\/produto\\\/intense-vibrador-de-empurracao-cynthia-com-controle-remoto\\\/\",\"url\":\"https:\\\/\\\/lovme.pt\\\/index.php\\\/produto\\\/intense-vibrador-de-empurracao-cynthia-com-controle-remoto\\\/\",\"name\":\"INTENSE - CYNTHIA VIBRADOR DE IMPULSO COM CONTROLE REMOTO E AQUECIMENTO - Lovme\",\"isPartOf\":{\"@id\":\"https:\\\/\\\/lovme.pt\\\/#website\"},\"primaryImageOfPage\":{\"@id\":\"https:\\\/\\\/lovme.pt\\\/index.php\\\/produto\\\/intense-vibrador-de-empurracao-cynthia-com-controle-remoto\\\/#primaryimage\"},\"image\":{\"@id\":\"https:\\\/\\\/lovme.pt\\\/index.php\\\/produto\\\/intense-vibrador-de-empurracao-cynthia-com-controle-remoto\\\/#primaryimage\"},\"thumbnailUrl\":\"https:\\\/\\\/erki24nd3ub.exactdn.com\\\/wp-content\\\/uploads\\\/dream\\\/img\\\/img_218118_bc10076b63a3b832e7ffa3184d168c81_1.png?strip=all\",\"datePublished\":\"2026-01-07T18:01:19+00:00\",\"dateModified\":\"2026-02-19T20:01:19+00:00\",\"breadcrumb\":{\"@id\":\"https:\\\/\\\/lovme.pt\\\/index.php\\\/produto\\\/intense-vibrador-de-empurracao-cynthia-com-controle-remoto\\\/#breadcrumb\"},\"inLanguage\":\"pt-PT\",\"potentialAction\":[{\"@type\":\"ReadAction\",\"target\":[\"https:\\\/\\\/lovme.pt\\\/index.php\\\/produto\\\/intense-vibrador-de-empurracao-cynthia-com-controle-remoto\\\/\"]}]},{\"@type\":\"ImageObject\",\"inLanguage\":\"pt-PT\",\"@id\":\"https:\\\/\\\/lovme.pt\\\/index.php\\\/produto\\\/intense-vibrador-de-empurracao-cynthia-com-controle-remoto\\\/#primaryimage\",\"url\":\"https:\\\/\\\/erki24nd3ub.exactdn.com\\\/wp-content\\\/uploads\\\/dream\\\/img\\\/img_218118_bc10076b63a3b832e7ffa3184d168c81_1.png?strip=all\",\"contentUrl\":\"https:\\\/\\\/erki24nd3ub.exactdn.com\\\/wp-content\\\/uploads\\\/dream\\\/img\\\/img_218118_bc10076b63a3b832e7ffa3184d168c81_1.png?strip=all\",\"width\":900,\"height\":900},{\"@type\":\"BreadcrumbList\",\"@id\":\"https:\\\/\\\/lovme.pt\\\/index.php\\\/produto\\\/intense-vibrador-de-empurracao-cynthia-com-controle-remoto\\\/#breadcrumb\",\"itemListElement\":[{\"@type\":\"ListItem\",\"position\":1,\"name\":\"In\u00edcio\",\"item\":\"https:\\\/\\\/lovme.pt\\\/\"},{\"@type\":\"ListItem\",\"position\":2,\"name\":\"Loja\",\"item\":\"https:\\\/\\\/lovme.pt\\\/index.php\\\/loja\\\/\"},{\"@type\":\"ListItem\",\"position\":3,\"name\":\"INTENSE &#8211; CYNTHIA VIBRADOR DE IMPULSO COM CONTROLE REMOTO E AQUECIMENTO\"}]},{\"@type\":\"WebSite\",\"@id\":\"https:\\\/\\\/lovme.pt\\\/#website\",\"url\":\"https:\\\/\\\/lovme.pt\\\/\",\"name\":\"Lovme Loja Er\u00f3tica N\u00ba1 em Portugal\",\"description\":\"A melhor loja er\u00f3tica de Portugal.\",\"alternateName\":\"Loja Er\u00f3tica Lovme\",\"potentialAction\":[{\"@type\":\"SearchAction\",\"target\":{\"@type\":\"EntryPoint\",\"urlTemplate\":\"https:\\\/\\\/lovme.pt\\\/?s={search_term_string}\"},\"query-input\":{\"@type\":\"PropertyValueSpecification\",\"valueRequired\":true,\"valueName\":\"search_term_string\"}}],\"inLanguage\":\"pt-PT\"}]}<\/script>\n<!-- \/ Yoast SEO plugin. -->","yoast_head_json":{"title":"INTENSE - CYNTHIA VIBRADOR DE IMPULSO COM CONTROLE REMOTO E AQUECIMENTO - Lovme","robots":{"index":"index","follow":"follow","max-snippet":"max-snippet:-1","max-image-preview":"max-image-preview:large","max-video-preview":"max-video-preview:-1"},"canonical":"https:\/\/lovme.pt\/index.php\/produto\/intense-vibrador-de-empurracao-cynthia-com-controle-remoto\/","og_locale":"pt_PT","og_type":"article","og_title":"INTENSE - CYNTHIA VIBRADOR DE IMPULSO COM CONTROLE REMOTO E AQUECIMENTO - Lovme","og_description":"INTENSE - CYNTHIA VIBRADOR DE IMPULSO COM CONTROLE REMOTO E AQUECIMENTO","og_url":"https:\/\/lovme.pt\/index.php\/produto\/intense-vibrador-de-empurracao-cynthia-com-controle-remoto\/","og_site_name":"Lovme","article_modified_time":"2026-02-19T20:01:19+00:00","og_image":[{"width":900,"height":900,"url":"https:\/\/erki24nd3ub.exactdn.com\/wp-content\/uploads\/dream\/img\/img_218118_bc10076b63a3b832e7ffa3184d168c81_1.png?strip=all","type":"image\/png"}],"twitter_card":"summary_large_image","twitter_misc":{"Tempo estimado de leitura":"2 minutos"},"schema":{"@context":"https:\/\/schema.org","@graph":[{"@type":"WebPage","@id":"https:\/\/lovme.pt\/index.php\/produto\/intense-vibrador-de-empurracao-cynthia-com-controle-remoto\/","url":"https:\/\/lovme.pt\/index.php\/produto\/intense-vibrador-de-empurracao-cynthia-com-controle-remoto\/","name":"INTENSE - CYNTHIA VIBRADOR DE IMPULSO COM CONTROLE REMOTO E AQUECIMENTO - Lovme","isPartOf":{"@id":"https:\/\/lovme.pt\/#website"},"primaryImageOfPage":{"@id":"https:\/\/lovme.pt\/index.php\/produto\/intense-vibrador-de-empurracao-cynthia-com-controle-remoto\/#primaryimage"},"image":{"@id":"https:\/\/lovme.pt\/index.php\/produto\/intense-vibrador-de-empurracao-cynthia-com-controle-remoto\/#primaryimage"},"thumbnailUrl":"https:\/\/erki24nd3ub.exactdn.com\/wp-content\/uploads\/dream\/img\/img_218118_bc10076b63a3b832e7ffa3184d168c81_1.png?strip=all","datePublished":"2026-01-07T18:01:19+00:00","dateModified":"2026-02-19T20:01:19+00:00","breadcrumb":{"@id":"https:\/\/lovme.pt\/index.php\/produto\/intense-vibrador-de-empurracao-cynthia-com-controle-remoto\/#breadcrumb"},"inLanguage":"pt-PT","potentialAction":[{"@type":"ReadAction","target":["https:\/\/lovme.pt\/index.php\/produto\/intense-vibrador-de-empurracao-cynthia-com-controle-remoto\/"]}]},{"@type":"ImageObject","inLanguage":"pt-PT","@id":"https:\/\/lovme.pt\/index.php\/produto\/intense-vibrador-de-empurracao-cynthia-com-controle-remoto\/#primaryimage","url":"https:\/\/erki24nd3ub.exactdn.com\/wp-content\/uploads\/dream\/img\/img_218118_bc10076b63a3b832e7ffa3184d168c81_1.png?strip=all","contentUrl":"https:\/\/erki24nd3ub.exactdn.com\/wp-content\/uploads\/dream\/img\/img_218118_bc10076b63a3b832e7ffa3184d168c81_1.png?strip=all","width":900,"height":900},{"@type":"BreadcrumbList","@id":"https:\/\/lovme.pt\/index.php\/produto\/intense-vibrador-de-empurracao-cynthia-com-controle-remoto\/#breadcrumb","itemListElement":[{"@type":"ListItem","position":1,"name":"In\u00edcio","item":"https:\/\/lovme.pt\/"},{"@type":"ListItem","position":2,"name":"Loja","item":"https:\/\/lovme.pt\/index.php\/loja\/"},{"@type":"ListItem","position":3,"name":"INTENSE &#8211; CYNTHIA VIBRADOR DE IMPULSO COM CONTROLE REMOTO E AQUECIMENTO"}]},{"@type":"WebSite","@id":"https:\/\/lovme.pt\/#website","url":"https:\/\/lovme.pt\/","name":"Lovme Loja Er\u00f3tica N\u00ba1 em Portugal","description":"A melhor loja er\u00f3tica de Portugal.","alternateName":"Loja Er\u00f3tica Lovme","potentialAction":[{"@type":"SearchAction","target":{"@type":"EntryPoint","urlTemplate":"https:\/\/lovme.pt\/?s={search_term_string}"},"query-input":{"@type":"PropertyValueSpecification","valueRequired":true,"valueName":"search_term_string"}}],"inLanguage":"pt-PT"}]}},"_links":{"self":[{"href":"https:\/\/lovme.pt\/index.php\/wp-json\/wp\/v2\/product\/105571","targetHints":{"allow":["GET"]}}],"collection":[{"href":"https:\/\/lovme.pt\/index.php\/wp-json\/wp\/v2\/product"}],"about":[{"href":"https:\/\/lovme.pt\/index.php\/wp-json\/wp\/v2\/types\/product"}],"wp:featuredmedia":[{"embeddable":true,"href":"https:\/\/lovme.pt\/index.php\/wp-json\/wp\/v2\/media\/105572"}],"wp:attachment":[{"href":"https:\/\/lovme.pt\/index.php\/wp-json\/wp\/v2\/media?parent=105571"}],"wp:term":[{"taxonomy":"product_brand","embeddable":true,"href":"https:\/\/lovme.pt\/index.php\/wp-json\/wp\/v2\/product_brand?post=105571"},{"taxonomy":"product_cat","embeddable":true,"href":"https:\/\/lovme.pt\/index.php\/wp-json\/wp\/v2\/product_cat?post=105571"},{"taxonomy":"product_tag","embeddable":true,"href":"https:\/\/lovme.pt\/index.php\/wp-json\/wp\/v2\/product_tag?post=105571"}],"curies":[{"name":"wp","href":"https:\/\/api.w.org\/{rel}","templated":true}]}}