{"id":105471,"date":"2026-01-07T12:03:05","date_gmt":"2026-01-07T12:03:05","guid":{"rendered":"https:\/\/lovme.pt\/?post_type=product&#038;p=105471"},"modified":"2026-02-19T20:09:23","modified_gmt":"2026-02-19T20:09:23","slug":"mr-intense-morgan-penis-realista-com-controle-remoto-23-cm-o-35-cm","status":"publish","type":"product","link":"https:\/\/lovme.pt\/index.php\/produto\/mr-intense-morgan-penis-realista-com-controle-remoto-23-cm-o-35-cm\/","title":{"rendered":"MR INTENSE &#8211; MORGAN BONECA REALISTA MULTIFUNCIONAL COM VIBRA\u00c7\u00c3O E CONTROLE REMOTO PARA CIMA E PARA BAIXO 23 CM -O- 3,5 CM"},"content":{"rendered":"<p>Desfrute de uma experi\u00eancia intensa e realista com <strong><span style=\"font-size: 13px;\">MORGAN<\/span><\/strong> , o vibrador estrela da cole\u00e7\u00e3o MR INTENSE. Projetado para quem busca prazer intenso e profundo, este vibrador realista combina uma est\u00e9tica hiper-realista com mecanismos internos que simulam o movimento natural de vai e vem, proporcionando sensa\u00e7\u00f5es completamente imersivas. Com uma haste flex\u00edvel de 23 cm de comprimento total e 16 cm de comprimento inser\u00edvel, e um di\u00e2metro m\u00e9dio de 3,5 cm, <strong>MORGAN<\/strong> oferece uma presen\u00e7a s\u00f3lida e satisfat\u00f3ria sem abrir m\u00e3o do conforto. Seu corpo \u00e9 revestido com silicone supermacio de alta qualidade e seguro para o corpo, com um toque sedoso que imita a pele real.<\/p>\n<p> Gra\u00e7as ao seu potente motor interno, voc\u00ea n\u00e3o s\u00f3 sentir\u00e1 vibra\u00e7\u00f5es profundas, como tamb\u00e9m um efeito de penetra\u00e7\u00e3o din\u00e2mico que far\u00e1 voc\u00ea esquecer que est\u00e1 usando um brinquedo. Al\u00e9m disso, o controle remoto sem fio permite que voc\u00ea brinque com total liberdade \u2014 sozinha ou com um parceiro \u2014 e explore diferentes intensidades e modos sem interromper o momento. Mais vantagens? <strong>O MORGAN<\/strong> \u00e9 \u00e0 prova d\u00e1gua, ideal para brincar no chuveiro ou na banheira, e recarrega facilmente via cabo USB magn\u00e9tico, estando sempre pronto para uso. <strong>O MORGAN<\/strong> \u00e9 mais do que um vibrador: \u00e9 uma experi\u00eancia intensa e sofisticada, criada para um prazer genu\u00edno. Est\u00e1 pronta?<\/p>\n<\/p>\n<p> <u><strong>CARACTER\u00cdSTICAS<\/strong><\/u> :<\/p>\n<ul>\n<li> Movimento de penetra\u00e7\u00e3o vertical (extens\u00e3o e retra\u00e7\u00e3o: para cima e para baixo)<\/li>\n<li> Controle remoto inclu\u00eddo<\/li>\n<li> Estimula\u00e7\u00e3o clitoriana<\/li>\n<li> 23 cm de comprimento total (16 cm inser\u00edveis)<\/li>\n<li> 3,5 cm de di\u00e2metro m\u00e9dio<\/li>\n<li> Silicone de grau m\u00e9dico, supermacio e seguro para o corpo.<\/li>\n<li> Motor potente e silencioso<\/li>\n<li> Recarreg\u00e1vel via cabo USB magn\u00e9tico<\/li>\n<li> \u00c0 prova d\u00e1gua (para uso subaqu\u00e1tico)<\/li>\n<li> Textura realista em formato de p\u00eanis<\/li>\n<\/ul>\n<p> <strong>MR INTENSE<\/strong> \u00e9 a marca pr\u00f3pria da Dreamlove, criada para satisfazer as fantasias mais intensas com uma oferta elegante, masculina e poderosa. Cada produto da linha <strong>MR INTENSE<\/strong> combina designs marcantes, recursos avan\u00e7ados e materiais de alta qualidade, com foco em proporcionar uma experi\u00eancia de prazer incompar\u00e1vel. \u00c9 uma marca criada para quem busca sensa\u00e7\u00f5es profundas, intensas e realistas, com uma abordagem premium tanto para a est\u00e9tica quanto para o desempenho.<\/p>\n","protected":false},"excerpt":{"rendered":"<p>MR INTENSE &#8211; MORGAN P\u00caNIS REALISTA COM CONTROLE REMOTO 23 CM -O- 3,5 CM<\/p>\n","protected":false},"featured_media":105472,"template":"","meta":{"_acf_changed":false},"product_brand":[],"product_cat":[17,88,61,76],"product_tag":[],"class_list":{"0":"post-105471","1":"product","2":"type-product","3":"status-publish","4":"has-post-thumbnail","6":"product_cat-brinquedos-de-bem-estar-sexual","7":"product_cat-novidades","8":"product_cat-para-elas","9":"product_cat-vibradores","10":"yith_product_brand-intense","11":"yith_product_brand-intensemr-intense","13":"first","14":"instock","15":"taxable","16":"shipping-taxable","17":"purchasable","18":"product-type-simple"},"acf":[],"yoast_head":"<!-- This site is optimized with the Yoast SEO plugin v27.4 - https:\/\/yoast.com\/product\/yoast-seo-wordpress\/ -->\n<title>MR INTENSE - MORGAN BONECA REALISTA MULTIFUNCIONAL COM VIBRA\u00c7\u00c3O E CONTROLE REMOTO PARA CIMA E PARA BAIXO 23 CM -O- 3,5 CM - Lovme<\/title>\n<meta name=\"robots\" content=\"index, follow, max-snippet:-1, max-image-preview:large, max-video-preview:-1\" \/>\n<link rel=\"canonical\" href=\"https:\/\/lovme.pt\/index.php\/produto\/mr-intense-morgan-penis-realista-com-controle-remoto-23-cm-o-35-cm\/\" \/>\n<meta property=\"og:locale\" content=\"pt_PT\" \/>\n<meta property=\"og:type\" content=\"article\" \/>\n<meta property=\"og:title\" content=\"MR INTENSE - MORGAN BONECA REALISTA MULTIFUNCIONAL COM VIBRA\u00c7\u00c3O E CONTROLE REMOTO PARA CIMA E PARA BAIXO 23 CM -O- 3,5 CM - Lovme\" \/>\n<meta property=\"og:description\" content=\"MR INTENSE - MORGAN P\u00caNIS REALISTA COM CONTROLE REMOTO 23 CM -O- 3,5 CM\" \/>\n<meta property=\"og:url\" content=\"https:\/\/lovme.pt\/index.php\/produto\/mr-intense-morgan-penis-realista-com-controle-remoto-23-cm-o-35-cm\/\" \/>\n<meta property=\"og:site_name\" content=\"Lovme\" \/>\n<meta property=\"article:modified_time\" content=\"2026-02-19T20:09:23+00:00\" \/>\n<meta property=\"og:image\" content=\"https:\/\/erki24nd3ub.exactdn.com\/wp-content\/uploads\/dream\/img\/img_217588_ae615a6056556262c7bfa8ce692d1190_1.png?strip=all\" \/>\n\t<meta property=\"og:image:width\" content=\"900\" \/>\n\t<meta property=\"og:image:height\" content=\"900\" \/>\n\t<meta property=\"og:image:type\" content=\"image\/png\" \/>\n<meta name=\"twitter:card\" content=\"summary_large_image\" \/>\n<meta name=\"twitter:label1\" content=\"Tempo estimado de leitura\" \/>\n\t<meta name=\"twitter:data1\" content=\"2 minutos\" \/>\n<script type=\"application\/ld+json\" class=\"yoast-schema-graph\">{\"@context\":\"https:\\\/\\\/schema.org\",\"@graph\":[{\"@type\":\"WebPage\",\"@id\":\"https:\\\/\\\/lovme.pt\\\/index.php\\\/produto\\\/mr-intense-morgan-penis-realista-com-controle-remoto-23-cm-o-35-cm\\\/\",\"url\":\"https:\\\/\\\/lovme.pt\\\/index.php\\\/produto\\\/mr-intense-morgan-penis-realista-com-controle-remoto-23-cm-o-35-cm\\\/\",\"name\":\"MR INTENSE - MORGAN BONECA REALISTA MULTIFUNCIONAL COM VIBRA\u00c7\u00c3O E CONTROLE REMOTO PARA CIMA E PARA BAIXO 23 CM -O- 3,5 CM - Lovme\",\"isPartOf\":{\"@id\":\"https:\\\/\\\/lovme.pt\\\/#website\"},\"primaryImageOfPage\":{\"@id\":\"https:\\\/\\\/lovme.pt\\\/index.php\\\/produto\\\/mr-intense-morgan-penis-realista-com-controle-remoto-23-cm-o-35-cm\\\/#primaryimage\"},\"image\":{\"@id\":\"https:\\\/\\\/lovme.pt\\\/index.php\\\/produto\\\/mr-intense-morgan-penis-realista-com-controle-remoto-23-cm-o-35-cm\\\/#primaryimage\"},\"thumbnailUrl\":\"https:\\\/\\\/erki24nd3ub.exactdn.com\\\/wp-content\\\/uploads\\\/dream\\\/img\\\/img_217588_ae615a6056556262c7bfa8ce692d1190_1.png?strip=all\",\"datePublished\":\"2026-01-07T12:03:05+00:00\",\"dateModified\":\"2026-02-19T20:09:23+00:00\",\"breadcrumb\":{\"@id\":\"https:\\\/\\\/lovme.pt\\\/index.php\\\/produto\\\/mr-intense-morgan-penis-realista-com-controle-remoto-23-cm-o-35-cm\\\/#breadcrumb\"},\"inLanguage\":\"pt-PT\",\"potentialAction\":[{\"@type\":\"ReadAction\",\"target\":[\"https:\\\/\\\/lovme.pt\\\/index.php\\\/produto\\\/mr-intense-morgan-penis-realista-com-controle-remoto-23-cm-o-35-cm\\\/\"]}]},{\"@type\":\"ImageObject\",\"inLanguage\":\"pt-PT\",\"@id\":\"https:\\\/\\\/lovme.pt\\\/index.php\\\/produto\\\/mr-intense-morgan-penis-realista-com-controle-remoto-23-cm-o-35-cm\\\/#primaryimage\",\"url\":\"https:\\\/\\\/erki24nd3ub.exactdn.com\\\/wp-content\\\/uploads\\\/dream\\\/img\\\/img_217588_ae615a6056556262c7bfa8ce692d1190_1.png?strip=all\",\"contentUrl\":\"https:\\\/\\\/erki24nd3ub.exactdn.com\\\/wp-content\\\/uploads\\\/dream\\\/img\\\/img_217588_ae615a6056556262c7bfa8ce692d1190_1.png?strip=all\",\"width\":900,\"height\":900},{\"@type\":\"BreadcrumbList\",\"@id\":\"https:\\\/\\\/lovme.pt\\\/index.php\\\/produto\\\/mr-intense-morgan-penis-realista-com-controle-remoto-23-cm-o-35-cm\\\/#breadcrumb\",\"itemListElement\":[{\"@type\":\"ListItem\",\"position\":1,\"name\":\"In\u00edcio\",\"item\":\"https:\\\/\\\/lovme.pt\\\/\"},{\"@type\":\"ListItem\",\"position\":2,\"name\":\"Loja\",\"item\":\"https:\\\/\\\/lovme.pt\\\/index.php\\\/loja\\\/\"},{\"@type\":\"ListItem\",\"position\":3,\"name\":\"MR INTENSE &#8211; MORGAN BONECA REALISTA MULTIFUNCIONAL COM VIBRA\u00c7\u00c3O E CONTROLE REMOTO PARA CIMA E PARA BAIXO 23 CM -O- 3,5 CM\"}]},{\"@type\":\"WebSite\",\"@id\":\"https:\\\/\\\/lovme.pt\\\/#website\",\"url\":\"https:\\\/\\\/lovme.pt\\\/\",\"name\":\"Lovme Loja Er\u00f3tica N\u00ba1 em Portugal\",\"description\":\"A melhor loja er\u00f3tica de Portugal.\",\"alternateName\":\"Loja Er\u00f3tica Lovme\",\"potentialAction\":[{\"@type\":\"SearchAction\",\"target\":{\"@type\":\"EntryPoint\",\"urlTemplate\":\"https:\\\/\\\/lovme.pt\\\/?s={search_term_string}\"},\"query-input\":{\"@type\":\"PropertyValueSpecification\",\"valueRequired\":true,\"valueName\":\"search_term_string\"}}],\"inLanguage\":\"pt-PT\"}]}<\/script>\n<!-- \/ Yoast SEO plugin. -->","yoast_head_json":{"title":"MR INTENSE - MORGAN BONECA REALISTA MULTIFUNCIONAL COM VIBRA\u00c7\u00c3O E CONTROLE REMOTO PARA CIMA E PARA BAIXO 23 CM -O- 3,5 CM - Lovme","robots":{"index":"index","follow":"follow","max-snippet":"max-snippet:-1","max-image-preview":"max-image-preview:large","max-video-preview":"max-video-preview:-1"},"canonical":"https:\/\/lovme.pt\/index.php\/produto\/mr-intense-morgan-penis-realista-com-controle-remoto-23-cm-o-35-cm\/","og_locale":"pt_PT","og_type":"article","og_title":"MR INTENSE - MORGAN BONECA REALISTA MULTIFUNCIONAL COM VIBRA\u00c7\u00c3O E CONTROLE REMOTO PARA CIMA E PARA BAIXO 23 CM -O- 3,5 CM - Lovme","og_description":"MR INTENSE - MORGAN P\u00caNIS REALISTA COM CONTROLE REMOTO 23 CM -O- 3,5 CM","og_url":"https:\/\/lovme.pt\/index.php\/produto\/mr-intense-morgan-penis-realista-com-controle-remoto-23-cm-o-35-cm\/","og_site_name":"Lovme","article_modified_time":"2026-02-19T20:09:23+00:00","og_image":[{"width":900,"height":900,"url":"https:\/\/erki24nd3ub.exactdn.com\/wp-content\/uploads\/dream\/img\/img_217588_ae615a6056556262c7bfa8ce692d1190_1.png?strip=all","type":"image\/png"}],"twitter_card":"summary_large_image","twitter_misc":{"Tempo estimado de leitura":"2 minutos"},"schema":{"@context":"https:\/\/schema.org","@graph":[{"@type":"WebPage","@id":"https:\/\/lovme.pt\/index.php\/produto\/mr-intense-morgan-penis-realista-com-controle-remoto-23-cm-o-35-cm\/","url":"https:\/\/lovme.pt\/index.php\/produto\/mr-intense-morgan-penis-realista-com-controle-remoto-23-cm-o-35-cm\/","name":"MR INTENSE - MORGAN BONECA REALISTA MULTIFUNCIONAL COM VIBRA\u00c7\u00c3O E CONTROLE REMOTO PARA CIMA E PARA BAIXO 23 CM -O- 3,5 CM - Lovme","isPartOf":{"@id":"https:\/\/lovme.pt\/#website"},"primaryImageOfPage":{"@id":"https:\/\/lovme.pt\/index.php\/produto\/mr-intense-morgan-penis-realista-com-controle-remoto-23-cm-o-35-cm\/#primaryimage"},"image":{"@id":"https:\/\/lovme.pt\/index.php\/produto\/mr-intense-morgan-penis-realista-com-controle-remoto-23-cm-o-35-cm\/#primaryimage"},"thumbnailUrl":"https:\/\/erki24nd3ub.exactdn.com\/wp-content\/uploads\/dream\/img\/img_217588_ae615a6056556262c7bfa8ce692d1190_1.png?strip=all","datePublished":"2026-01-07T12:03:05+00:00","dateModified":"2026-02-19T20:09:23+00:00","breadcrumb":{"@id":"https:\/\/lovme.pt\/index.php\/produto\/mr-intense-morgan-penis-realista-com-controle-remoto-23-cm-o-35-cm\/#breadcrumb"},"inLanguage":"pt-PT","potentialAction":[{"@type":"ReadAction","target":["https:\/\/lovme.pt\/index.php\/produto\/mr-intense-morgan-penis-realista-com-controle-remoto-23-cm-o-35-cm\/"]}]},{"@type":"ImageObject","inLanguage":"pt-PT","@id":"https:\/\/lovme.pt\/index.php\/produto\/mr-intense-morgan-penis-realista-com-controle-remoto-23-cm-o-35-cm\/#primaryimage","url":"https:\/\/erki24nd3ub.exactdn.com\/wp-content\/uploads\/dream\/img\/img_217588_ae615a6056556262c7bfa8ce692d1190_1.png?strip=all","contentUrl":"https:\/\/erki24nd3ub.exactdn.com\/wp-content\/uploads\/dream\/img\/img_217588_ae615a6056556262c7bfa8ce692d1190_1.png?strip=all","width":900,"height":900},{"@type":"BreadcrumbList","@id":"https:\/\/lovme.pt\/index.php\/produto\/mr-intense-morgan-penis-realista-com-controle-remoto-23-cm-o-35-cm\/#breadcrumb","itemListElement":[{"@type":"ListItem","position":1,"name":"In\u00edcio","item":"https:\/\/lovme.pt\/"},{"@type":"ListItem","position":2,"name":"Loja","item":"https:\/\/lovme.pt\/index.php\/loja\/"},{"@type":"ListItem","position":3,"name":"MR INTENSE &#8211; MORGAN BONECA REALISTA MULTIFUNCIONAL COM VIBRA\u00c7\u00c3O E CONTROLE REMOTO PARA CIMA E PARA BAIXO 23 CM -O- 3,5 CM"}]},{"@type":"WebSite","@id":"https:\/\/lovme.pt\/#website","url":"https:\/\/lovme.pt\/","name":"Lovme Loja Er\u00f3tica N\u00ba1 em Portugal","description":"A melhor loja er\u00f3tica de Portugal.","alternateName":"Loja Er\u00f3tica Lovme","potentialAction":[{"@type":"SearchAction","target":{"@type":"EntryPoint","urlTemplate":"https:\/\/lovme.pt\/?s={search_term_string}"},"query-input":{"@type":"PropertyValueSpecification","valueRequired":true,"valueName":"search_term_string"}}],"inLanguage":"pt-PT"}]}},"_links":{"self":[{"href":"https:\/\/lovme.pt\/index.php\/wp-json\/wp\/v2\/product\/105471","targetHints":{"allow":["GET"]}}],"collection":[{"href":"https:\/\/lovme.pt\/index.php\/wp-json\/wp\/v2\/product"}],"about":[{"href":"https:\/\/lovme.pt\/index.php\/wp-json\/wp\/v2\/types\/product"}],"wp:featuredmedia":[{"embeddable":true,"href":"https:\/\/lovme.pt\/index.php\/wp-json\/wp\/v2\/media\/105472"}],"wp:attachment":[{"href":"https:\/\/lovme.pt\/index.php\/wp-json\/wp\/v2\/media?parent=105471"}],"wp:term":[{"taxonomy":"product_brand","embeddable":true,"href":"https:\/\/lovme.pt\/index.php\/wp-json\/wp\/v2\/product_brand?post=105471"},{"taxonomy":"product_cat","embeddable":true,"href":"https:\/\/lovme.pt\/index.php\/wp-json\/wp\/v2\/product_cat?post=105471"},{"taxonomy":"product_tag","embeddable":true,"href":"https:\/\/lovme.pt\/index.php\/wp-json\/wp\/v2\/product_tag?post=105471"}],"curies":[{"name":"wp","href":"https:\/\/api.w.org\/{rel}","templated":true}]}}