{"id":105459,"date":"2026-01-07T12:02:45","date_gmt":"2026-01-07T12:02:45","guid":{"rendered":"https:\/\/lovme.pt\/?post_type=product&p=105459"},"modified":"2026-02-19T20:07:15","modified_gmt":"2026-02-19T20:07:15","slug":"get-real-capa-vibratoria-de-silicone-para-pele-hidratada-caramelo-16-cm","status":"publish","type":"product","link":"https:\/\/lovme.pt\/index.php\/produto\/get-real-capa-vibratoria-de-silicone-para-pele-hidratada-caramelo-16-cm\/","title":{"rendered":"GET REAL &#8211; CAPA VIBRAT\u00d3RIA DE SILICONE PARA PELE HIDRATADA, CARAMELO, 16 CM"},"content":{"rendered":"<p>Experimente o futuro do realismo com a capa peniana vibrat\u00f3ria Hydrated Skin de 16 cm. Sua revolucion\u00e1ria <strong>constru\u00e7\u00e3o em silicone de dupla camada<\/strong> inclui lubrificante selado entre as camadas para uma sensa\u00e7\u00e3o incompar\u00e1vel de suavidade e maciez. O <strong>t\u00fanel interno texturizado<\/strong> intensifica cada penetra\u00e7\u00e3o, enquanto a base flex\u00edvel garante um encaixe perfeito. Com <strong>10 modos de vibra\u00e7\u00e3o<\/strong> , controlados por um discreto <strong>controle remoto port\u00e1til<\/strong> , esta capa proporciona prazer tanto com as m\u00e3os livres quanto compartilhado. Totalmente recarreg\u00e1vel, resistente \u00e0 \u00e1gua e com estojo para armazenamento, ela foi projetada para proporcionar prazer a qualquer hora e em qualquer lugar.<\/p>\n<p><u><strong>CARACTER\u00cdSTICAS<\/strong><\/u> :<\/p>\n<ul>\n<li>Dimens\u00f5es do produto: 16 x 4,5 cm<\/li>\n<li>Comprimento total: 16 cm<\/li>\n<li>Comprimento inser\u00edvel: 10 cm<\/li>\n<li>Di\u00e2metro inser\u00edvel: 4 cm<\/li>\n<li>Di\u00e2metro do anel: 4,5 cm<\/li>\n<li>Material: 100% silicone macio<\/li>\n<li>Recarreg\u00e1vel: Sim<\/li>\n<li>Dura\u00e7\u00e3o: 45 minutos<\/li>\n<li>Tempo de carregamento: 70 minutos<\/li>\n<li>Resist\u00eancia \u00e0 \u00e1gua: IPX6 resistente \u00e0 \u00e1gua<\/li>\n<li>Op\u00e7\u00f5es de controle: Controle remoto<\/li>\n<li>Modos de vibra\u00e7\u00e3o: 10<\/li>\n<li>N\u00edvel de ru\u00eddo: 45 dB<\/li>\n<li>Tipo de bateria: \u00edon de l\u00edtio<\/li>\n<\/ul>\n<p><strong>ToyJoy<\/strong> \u00e9 uma marca vibrante e inovadora no mundo dos produtos l\u00fadicos e \u00edntimos. Reconhecida pela sua gama diversificada e de alta qualidade, a ToyJoy oferece uma ampla variedade de artigos para todos os gostos e prefer\u00eancias. A marca concentra-se na cria\u00e7\u00e3o de produtos divertidos, seguros e f\u00e1ceis de usar, garantindo que sejam acess\u00edveis e agrad\u00e1veis para todos. Com grande aten\u00e7\u00e3o ao design, \u00e0 funcionalidade e \u00e0 utiliza\u00e7\u00e3o de materiais seguros para o corpo, a ToyJoy integra as mais recentes tecnologias nos seus produtos, tornando-se uma das favoritas entre os consumidores que procuram adicionar emo\u00e7\u00e3o e alegria \u00e0s suas vidas pessoais. A ToyJoy destaca-se pelo seu compromisso com a satisfa\u00e7\u00e3o do cliente, a excel\u00eancia dos produtos e a seguran\u00e7a.<\/p>\n","protected":false},"excerpt":{"rendered":"<p>GET REAL &#8211; CAPA VIBRAT\u00d3RIA DE SILICONE PARA PELE HIDRATADA, CARAMELO, 16 CM<\/p>\n","protected":false},"featured_media":105460,"template":"","meta":{"_acf_changed":false},"product_brand":[],"product_cat":[17,88,60],"product_tag":[],"class_list":{"0":"post-105459","1":"product","2":"type-product","3":"status-publish","4":"has-post-thumbnail","6":"product_cat-brinquedos-de-bem-estar-sexual","7":"product_cat-novidades","8":"product_cat-para-eles","9":"yith_product_brand-get-real","11":"first","12":"instock","13":"taxable","14":"shipping-taxable","15":"purchasable","16":"product-type-simple"},"acf":[],"yoast_head":"<!-- This site is optimized with the Yoast SEO plugin v27.3 - https:\/\/yoast.com\/product\/yoast-seo-wordpress\/ -->\n<title>GET REAL - CAPA VIBRAT\u00d3RIA DE SILICONE PARA PELE HIDRATADA, CARAMELO, 16 CM - Lovme<\/title>\n<meta name=\"robots\" content=\"index, follow, max-snippet:-1, max-image-preview:large, max-video-preview:-1\" \/>\n<link rel=\"canonical\" href=\"https:\/\/lovme.pt\/index.php\/produto\/get-real-capa-vibratoria-de-silicone-para-pele-hidratada-caramelo-16-cm\/\" \/>\n<meta property=\"og:locale\" content=\"pt_PT\" \/>\n<meta property=\"og:type\" content=\"article\" \/>\n<meta property=\"og:title\" content=\"GET REAL - CAPA VIBRAT\u00d3RIA DE SILICONE PARA PELE HIDRATADA, CARAMELO, 16 CM - Lovme\" \/>\n<meta property=\"og:description\" content=\"GET REAL - CAPA VIBRAT\u00d3RIA DE SILICONE PARA PELE HIDRATADA, CARAMELO, 16 CM\" \/>\n<meta property=\"og:url\" content=\"https:\/\/lovme.pt\/index.php\/produto\/get-real-capa-vibratoria-de-silicone-para-pele-hidratada-caramelo-16-cm\/\" \/>\n<meta property=\"og:site_name\" content=\"Lovme\" \/>\n<meta property=\"article:modified_time\" content=\"2026-02-19T20:07:15+00:00\" \/>\n<meta property=\"og:image\" content=\"https:\/\/erki24nd3ub.exactdn.com\/wp-content\/uploads\/dream\/img\/img_218320_f636d77d82cb26dcaaa368ea8146e0c9_1.jpg?strip=all\" \/>\n\t<meta property=\"og:image:width\" content=\"900\" \/>\n\t<meta property=\"og:image:height\" content=\"900\" \/>\n\t<meta property=\"og:image:type\" content=\"image\/jpeg\" \/>\n<meta name=\"twitter:card\" content=\"summary_large_image\" \/>\n<meta name=\"twitter:label1\" content=\"Tempo estimado de leitura\" \/>\n\t<meta name=\"twitter:data1\" content=\"1 minuto\" \/>\n<script type=\"application\/ld+json\" class=\"yoast-schema-graph\">{\"@context\":\"https:\\\/\\\/schema.org\",\"@graph\":[{\"@type\":\"WebPage\",\"@id\":\"https:\\\/\\\/lovme.pt\\\/index.php\\\/produto\\\/get-real-capa-vibratoria-de-silicone-para-pele-hidratada-caramelo-16-cm\\\/\",\"url\":\"https:\\\/\\\/lovme.pt\\\/index.php\\\/produto\\\/get-real-capa-vibratoria-de-silicone-para-pele-hidratada-caramelo-16-cm\\\/\",\"name\":\"GET REAL - CAPA VIBRAT\u00d3RIA DE SILICONE PARA PELE HIDRATADA, CARAMELO, 16 CM - Lovme\",\"isPartOf\":{\"@id\":\"https:\\\/\\\/lovme.pt\\\/#website\"},\"primaryImageOfPage\":{\"@id\":\"https:\\\/\\\/lovme.pt\\\/index.php\\\/produto\\\/get-real-capa-vibratoria-de-silicone-para-pele-hidratada-caramelo-16-cm\\\/#primaryimage\"},\"image\":{\"@id\":\"https:\\\/\\\/lovme.pt\\\/index.php\\\/produto\\\/get-real-capa-vibratoria-de-silicone-para-pele-hidratada-caramelo-16-cm\\\/#primaryimage\"},\"thumbnailUrl\":\"https:\\\/\\\/erki24nd3ub.exactdn.com\\\/wp-content\\\/uploads\\\/dream\\\/img\\\/img_218320_f636d77d82cb26dcaaa368ea8146e0c9_1.jpg?strip=all\",\"datePublished\":\"2026-01-07T12:02:45+00:00\",\"dateModified\":\"2026-02-19T20:07:15+00:00\",\"breadcrumb\":{\"@id\":\"https:\\\/\\\/lovme.pt\\\/index.php\\\/produto\\\/get-real-capa-vibratoria-de-silicone-para-pele-hidratada-caramelo-16-cm\\\/#breadcrumb\"},\"inLanguage\":\"pt-PT\",\"potentialAction\":[{\"@type\":\"ReadAction\",\"target\":[\"https:\\\/\\\/lovme.pt\\\/index.php\\\/produto\\\/get-real-capa-vibratoria-de-silicone-para-pele-hidratada-caramelo-16-cm\\\/\"]}]},{\"@type\":\"ImageObject\",\"inLanguage\":\"pt-PT\",\"@id\":\"https:\\\/\\\/lovme.pt\\\/index.php\\\/produto\\\/get-real-capa-vibratoria-de-silicone-para-pele-hidratada-caramelo-16-cm\\\/#primaryimage\",\"url\":\"https:\\\/\\\/erki24nd3ub.exactdn.com\\\/wp-content\\\/uploads\\\/dream\\\/img\\\/img_218320_f636d77d82cb26dcaaa368ea8146e0c9_1.jpg?strip=all\",\"contentUrl\":\"https:\\\/\\\/erki24nd3ub.exactdn.com\\\/wp-content\\\/uploads\\\/dream\\\/img\\\/img_218320_f636d77d82cb26dcaaa368ea8146e0c9_1.jpg?strip=all\",\"width\":900,\"height\":900},{\"@type\":\"BreadcrumbList\",\"@id\":\"https:\\\/\\\/lovme.pt\\\/index.php\\\/produto\\\/get-real-capa-vibratoria-de-silicone-para-pele-hidratada-caramelo-16-cm\\\/#breadcrumb\",\"itemListElement\":[{\"@type\":\"ListItem\",\"position\":1,\"name\":\"In\u00edcio\",\"item\":\"https:\\\/\\\/lovme.pt\\\/\"},{\"@type\":\"ListItem\",\"position\":2,\"name\":\"Loja\",\"item\":\"https:\\\/\\\/lovme.pt\\\/index.php\\\/loja\\\/\"},{\"@type\":\"ListItem\",\"position\":3,\"name\":\"GET REAL &#8211; CAPA VIBRAT\u00d3RIA DE SILICONE PARA PELE HIDRATADA, CARAMELO, 16 CM\"}]},{\"@type\":\"WebSite\",\"@id\":\"https:\\\/\\\/lovme.pt\\\/#website\",\"url\":\"https:\\\/\\\/lovme.pt\\\/\",\"name\":\"Lovme Loja Er\u00f3tica N\u00ba1 em Portugal\",\"description\":\"A melhor loja er\u00f3tica de Portugal.\",\"alternateName\":\"Loja Er\u00f3tica Lovme\",\"potentialAction\":[{\"@type\":\"SearchAction\",\"target\":{\"@type\":\"EntryPoint\",\"urlTemplate\":\"https:\\\/\\\/lovme.pt\\\/?s={search_term_string}\"},\"query-input\":{\"@type\":\"PropertyValueSpecification\",\"valueRequired\":true,\"valueName\":\"search_term_string\"}}],\"inLanguage\":\"pt-PT\"}]}<\/script>\n<!-- \/ Yoast SEO plugin. -->","yoast_head_json":{"title":"GET REAL - CAPA VIBRAT\u00d3RIA DE SILICONE PARA PELE HIDRATADA, CARAMELO, 16 CM - Lovme","robots":{"index":"index","follow":"follow","max-snippet":"max-snippet:-1","max-image-preview":"max-image-preview:large","max-video-preview":"max-video-preview:-1"},"canonical":"https:\/\/lovme.pt\/index.php\/produto\/get-real-capa-vibratoria-de-silicone-para-pele-hidratada-caramelo-16-cm\/","og_locale":"pt_PT","og_type":"article","og_title":"GET REAL - CAPA VIBRAT\u00d3RIA DE SILICONE PARA PELE HIDRATADA, CARAMELO, 16 CM - Lovme","og_description":"GET REAL - CAPA VIBRAT\u00d3RIA DE SILICONE PARA PELE HIDRATADA, CARAMELO, 16 CM","og_url":"https:\/\/lovme.pt\/index.php\/produto\/get-real-capa-vibratoria-de-silicone-para-pele-hidratada-caramelo-16-cm\/","og_site_name":"Lovme","article_modified_time":"2026-02-19T20:07:15+00:00","og_image":[{"width":900,"height":900,"url":"https:\/\/erki24nd3ub.exactdn.com\/wp-content\/uploads\/dream\/img\/img_218320_f636d77d82cb26dcaaa368ea8146e0c9_1.jpg?strip=all","type":"image\/jpeg"}],"twitter_card":"summary_large_image","twitter_misc":{"Tempo estimado de leitura":"1 minuto"},"schema":{"@context":"https:\/\/schema.org","@graph":[{"@type":"WebPage","@id":"https:\/\/lovme.pt\/index.php\/produto\/get-real-capa-vibratoria-de-silicone-para-pele-hidratada-caramelo-16-cm\/","url":"https:\/\/lovme.pt\/index.php\/produto\/get-real-capa-vibratoria-de-silicone-para-pele-hidratada-caramelo-16-cm\/","name":"GET REAL - CAPA VIBRAT\u00d3RIA DE SILICONE PARA PELE HIDRATADA, CARAMELO, 16 CM - Lovme","isPartOf":{"@id":"https:\/\/lovme.pt\/#website"},"primaryImageOfPage":{"@id":"https:\/\/lovme.pt\/index.php\/produto\/get-real-capa-vibratoria-de-silicone-para-pele-hidratada-caramelo-16-cm\/#primaryimage"},"image":{"@id":"https:\/\/lovme.pt\/index.php\/produto\/get-real-capa-vibratoria-de-silicone-para-pele-hidratada-caramelo-16-cm\/#primaryimage"},"thumbnailUrl":"https:\/\/erki24nd3ub.exactdn.com\/wp-content\/uploads\/dream\/img\/img_218320_f636d77d82cb26dcaaa368ea8146e0c9_1.jpg?strip=all","datePublished":"2026-01-07T12:02:45+00:00","dateModified":"2026-02-19T20:07:15+00:00","breadcrumb":{"@id":"https:\/\/lovme.pt\/index.php\/produto\/get-real-capa-vibratoria-de-silicone-para-pele-hidratada-caramelo-16-cm\/#breadcrumb"},"inLanguage":"pt-PT","potentialAction":[{"@type":"ReadAction","target":["https:\/\/lovme.pt\/index.php\/produto\/get-real-capa-vibratoria-de-silicone-para-pele-hidratada-caramelo-16-cm\/"]}]},{"@type":"ImageObject","inLanguage":"pt-PT","@id":"https:\/\/lovme.pt\/index.php\/produto\/get-real-capa-vibratoria-de-silicone-para-pele-hidratada-caramelo-16-cm\/#primaryimage","url":"https:\/\/erki24nd3ub.exactdn.com\/wp-content\/uploads\/dream\/img\/img_218320_f636d77d82cb26dcaaa368ea8146e0c9_1.jpg?strip=all","contentUrl":"https:\/\/erki24nd3ub.exactdn.com\/wp-content\/uploads\/dream\/img\/img_218320_f636d77d82cb26dcaaa368ea8146e0c9_1.jpg?strip=all","width":900,"height":900},{"@type":"BreadcrumbList","@id":"https:\/\/lovme.pt\/index.php\/produto\/get-real-capa-vibratoria-de-silicone-para-pele-hidratada-caramelo-16-cm\/#breadcrumb","itemListElement":[{"@type":"ListItem","position":1,"name":"In\u00edcio","item":"https:\/\/lovme.pt\/"},{"@type":"ListItem","position":2,"name":"Loja","item":"https:\/\/lovme.pt\/index.php\/loja\/"},{"@type":"ListItem","position":3,"name":"GET REAL &#8211; CAPA VIBRAT\u00d3RIA DE SILICONE PARA PELE HIDRATADA, CARAMELO, 16 CM"}]},{"@type":"WebSite","@id":"https:\/\/lovme.pt\/#website","url":"https:\/\/lovme.pt\/","name":"Lovme Loja Er\u00f3tica N\u00ba1 em Portugal","description":"A melhor loja er\u00f3tica de Portugal.","alternateName":"Loja Er\u00f3tica Lovme","potentialAction":[{"@type":"SearchAction","target":{"@type":"EntryPoint","urlTemplate":"https:\/\/lovme.pt\/?s={search_term_string}"},"query-input":{"@type":"PropertyValueSpecification","valueRequired":true,"valueName":"search_term_string"}}],"inLanguage":"pt-PT"}]}},"_links":{"self":[{"href":"https:\/\/lovme.pt\/index.php\/wp-json\/wp\/v2\/product\/105459","targetHints":{"allow":["GET"]}}],"collection":[{"href":"https:\/\/lovme.pt\/index.php\/wp-json\/wp\/v2\/product"}],"about":[{"href":"https:\/\/lovme.pt\/index.php\/wp-json\/wp\/v2\/types\/product"}],"wp:featuredmedia":[{"embeddable":true,"href":"https:\/\/lovme.pt\/index.php\/wp-json\/wp\/v2\/media\/105460"}],"wp:attachment":[{"href":"https:\/\/lovme.pt\/index.php\/wp-json\/wp\/v2\/media?parent=105459"}],"wp:term":[{"taxonomy":"product_brand","embeddable":true,"href":"https:\/\/lovme.pt\/index.php\/wp-json\/wp\/v2\/product_brand?post=105459"},{"taxonomy":"product_cat","embeddable":true,"href":"https:\/\/lovme.pt\/index.php\/wp-json\/wp\/v2\/product_cat?post=105459"},{"taxonomy":"product_tag","embeddable":true,"href":"https:\/\/lovme.pt\/index.php\/wp-json\/wp\/v2\/product_tag?post=105459"}],"curies":[{"name":"wp","href":"https:\/\/api.w.org\/{rel}","templated":true}]}}