{"id":105437,"date":"2026-01-07T12:02:21","date_gmt":"2026-01-07T12:02:21","guid":{"rendered":"https:\/\/lovme.pt\/?post_type=product&p=105437"},"modified":"2026-02-19T20:06:23","modified_gmt":"2026-02-19T20:06:23","slug":"get-real-dildo-vibratorio-de-silicone-realista-roxo-195-cm","status":"publish","type":"product","link":"https:\/\/lovme.pt\/index.php\/produto\/get-real-dildo-vibratorio-de-silicone-realista-roxo-195-cm\/","title":{"rendered":"GET REAL &#8211; DILDO VIBRAT\u00d3RIO DE SILICONE REALISTA ROXO 19,5 CM"},"content":{"rendered":"<p>Desfrute de prazer incompar\u00e1vel com o vibrador Get Real da TOYJOY. Este brinquedo er\u00f3tico premium oferece 7 padr\u00f5es de vibra\u00e7\u00e3o e 3 velocidades, garantindo uma experi\u00eancia totalmente personalizada a cada uso. Feito de silicone 100%, \u00e9 seguro para o corpo e recarreg\u00e1vel via USB para divers\u00e3o ilimitada. Com uma base de ventosa resistente e compatibilidade com arn\u00eas, oferece diversas op\u00e7\u00f5es de uso. \u00c0 prova d\u00e1gua at\u00e9 IPX7, convida \u00e0 explora\u00e7\u00e3o al\u00e9m do quarto. Com um comprimento total de 19,5 cm, este vibrador garante sensa\u00e7\u00f5es excitantes para todos. Eleve o seu prazer com este brinquedo vibrat\u00f3rio de alta qualidade.<\/p>\n<p><u><strong>CARACTER\u00cdSTICAS<\/strong><\/u> :<\/p>\n<ul>\n<li>Dimens\u00f5es do produto: 19,5 x 8 cm<\/li>\n<li>Comprimento total: 19,5 cm<\/li>\n<li>Di\u00e2metro inser\u00edvel: 3,6 cm<\/li>\n<li>Ventosa: Sim<\/li>\n<li>Material: Silicone<\/li>\n<li>Recarreg\u00e1vel: Sim<\/li>\n<li>Resist\u00eancia \u00e0 \u00e1gua: \u00e0 prova d\u00e1gua IPX7<\/li>\n<li>Modos de vibra\u00e7\u00e3o: 10<\/li>\n<li>Tipo de bateria: \u00edon de l\u00edtio<\/li>\n<\/ul>\n<p><strong>ToyJoy<\/strong> \u00e9 uma marca vibrante e inovadora no mundo dos produtos l\u00fadicos e \u00edntimos. Conhecida por sua linha diversificada e de alta qualidade, a ToyJoy oferece uma ampla sele\u00e7\u00e3o de itens projetados para atender a diferentes gostos e prefer\u00eancias. A marca se concentra em criar produtos divertidos, seguros e f\u00e1ceis de usar, garantindo acessibilidade e divers\u00e3o para todos. Com grande aten\u00e7\u00e3o ao design, \u00e0 funcionalidade e aos materiais seguros para o corpo, a ToyJoy integra as tecnologias mais recentes em seus produtos, tornando-se uma das favoritas entre os consumidores que buscam adicionar emo\u00e7\u00e3o e alegria \u00e0s suas vidas pessoais. A ToyJoy se destaca por seu compromisso com a satisfa\u00e7\u00e3o do cliente, a excel\u00eancia do produto e a seguran\u00e7a.<\/p>\n","protected":false},"excerpt":{"rendered":"<p>GET REAL &#8211; DILDO VIBRAT\u00d3RIO DE SILICONE REALISTA ROXO 19,5 CM<\/p>\n","protected":false},"featured_media":105438,"template":"","meta":{"_acf_changed":false},"product_brand":[],"product_cat":[17,88,76],"product_tag":[],"class_list":{"0":"post-105437","1":"product","2":"type-product","3":"status-publish","4":"has-post-thumbnail","6":"product_cat-brinquedos-de-bem-estar-sexual","7":"product_cat-novidades","8":"product_cat-vibradores","9":"yith_product_brand-get-real","11":"first","12":"instock","13":"taxable","14":"shipping-taxable","15":"purchasable","16":"product-type-simple"},"acf":[],"yoast_head":"<!-- This site is optimized with the Yoast SEO plugin v27.3 - https:\/\/yoast.com\/product\/yoast-seo-wordpress\/ -->\n<title>GET REAL - DILDO VIBRAT\u00d3RIO DE SILICONE REALISTA ROXO 19,5 CM - Lovme<\/title>\n<meta name=\"robots\" content=\"index, follow, max-snippet:-1, max-image-preview:large, max-video-preview:-1\" \/>\n<link rel=\"canonical\" href=\"https:\/\/lovme.pt\/index.php\/produto\/get-real-dildo-vibratorio-de-silicone-realista-roxo-195-cm\/\" \/>\n<meta property=\"og:locale\" content=\"pt_PT\" \/>\n<meta property=\"og:type\" content=\"article\" \/>\n<meta property=\"og:title\" content=\"GET REAL - DILDO VIBRAT\u00d3RIO DE SILICONE REALISTA ROXO 19,5 CM - Lovme\" \/>\n<meta property=\"og:description\" content=\"GET REAL - DILDO VIBRAT\u00d3RIO DE SILICONE REALISTA ROXO 19,5 CM\" \/>\n<meta property=\"og:url\" content=\"https:\/\/lovme.pt\/index.php\/produto\/get-real-dildo-vibratorio-de-silicone-realista-roxo-195-cm\/\" \/>\n<meta property=\"og:site_name\" content=\"Lovme\" \/>\n<meta property=\"article:modified_time\" content=\"2026-02-19T20:06:23+00:00\" \/>\n<meta property=\"og:image\" content=\"https:\/\/erki24nd3ub.exactdn.com\/wp-content\/uploads\/dream\/img\/img_218291_fc37a8053cc061f2e83ef80dbe8da159_1.jpg?strip=all\" \/>\n\t<meta property=\"og:image:width\" content=\"900\" \/>\n\t<meta property=\"og:image:height\" content=\"900\" \/>\n\t<meta property=\"og:image:type\" content=\"image\/jpeg\" \/>\n<meta name=\"twitter:card\" content=\"summary_large_image\" \/>\n<meta name=\"twitter:label1\" content=\"Tempo estimado de leitura\" \/>\n\t<meta name=\"twitter:data1\" content=\"1 minuto\" \/>\n<script type=\"application\/ld+json\" class=\"yoast-schema-graph\">{\"@context\":\"https:\\\/\\\/schema.org\",\"@graph\":[{\"@type\":\"WebPage\",\"@id\":\"https:\\\/\\\/lovme.pt\\\/index.php\\\/produto\\\/get-real-dildo-vibratorio-de-silicone-realista-roxo-195-cm\\\/\",\"url\":\"https:\\\/\\\/lovme.pt\\\/index.php\\\/produto\\\/get-real-dildo-vibratorio-de-silicone-realista-roxo-195-cm\\\/\",\"name\":\"GET REAL - DILDO VIBRAT\u00d3RIO DE SILICONE REALISTA ROXO 19,5 CM - Lovme\",\"isPartOf\":{\"@id\":\"https:\\\/\\\/lovme.pt\\\/#website\"},\"primaryImageOfPage\":{\"@id\":\"https:\\\/\\\/lovme.pt\\\/index.php\\\/produto\\\/get-real-dildo-vibratorio-de-silicone-realista-roxo-195-cm\\\/#primaryimage\"},\"image\":{\"@id\":\"https:\\\/\\\/lovme.pt\\\/index.php\\\/produto\\\/get-real-dildo-vibratorio-de-silicone-realista-roxo-195-cm\\\/#primaryimage\"},\"thumbnailUrl\":\"https:\\\/\\\/erki24nd3ub.exactdn.com\\\/wp-content\\\/uploads\\\/dream\\\/img\\\/img_218291_fc37a8053cc061f2e83ef80dbe8da159_1.jpg?strip=all\",\"datePublished\":\"2026-01-07T12:02:21+00:00\",\"dateModified\":\"2026-02-19T20:06:23+00:00\",\"breadcrumb\":{\"@id\":\"https:\\\/\\\/lovme.pt\\\/index.php\\\/produto\\\/get-real-dildo-vibratorio-de-silicone-realista-roxo-195-cm\\\/#breadcrumb\"},\"inLanguage\":\"pt-PT\",\"potentialAction\":[{\"@type\":\"ReadAction\",\"target\":[\"https:\\\/\\\/lovme.pt\\\/index.php\\\/produto\\\/get-real-dildo-vibratorio-de-silicone-realista-roxo-195-cm\\\/\"]}]},{\"@type\":\"ImageObject\",\"inLanguage\":\"pt-PT\",\"@id\":\"https:\\\/\\\/lovme.pt\\\/index.php\\\/produto\\\/get-real-dildo-vibratorio-de-silicone-realista-roxo-195-cm\\\/#primaryimage\",\"url\":\"https:\\\/\\\/erki24nd3ub.exactdn.com\\\/wp-content\\\/uploads\\\/dream\\\/img\\\/img_218291_fc37a8053cc061f2e83ef80dbe8da159_1.jpg?strip=all\",\"contentUrl\":\"https:\\\/\\\/erki24nd3ub.exactdn.com\\\/wp-content\\\/uploads\\\/dream\\\/img\\\/img_218291_fc37a8053cc061f2e83ef80dbe8da159_1.jpg?strip=all\",\"width\":900,\"height\":900},{\"@type\":\"BreadcrumbList\",\"@id\":\"https:\\\/\\\/lovme.pt\\\/index.php\\\/produto\\\/get-real-dildo-vibratorio-de-silicone-realista-roxo-195-cm\\\/#breadcrumb\",\"itemListElement\":[{\"@type\":\"ListItem\",\"position\":1,\"name\":\"In\u00edcio\",\"item\":\"https:\\\/\\\/lovme.pt\\\/\"},{\"@type\":\"ListItem\",\"position\":2,\"name\":\"Loja\",\"item\":\"https:\\\/\\\/lovme.pt\\\/index.php\\\/loja\\\/\"},{\"@type\":\"ListItem\",\"position\":3,\"name\":\"GET REAL &#8211; DILDO VIBRAT\u00d3RIO DE SILICONE REALISTA ROXO 19,5 CM\"}]},{\"@type\":\"WebSite\",\"@id\":\"https:\\\/\\\/lovme.pt\\\/#website\",\"url\":\"https:\\\/\\\/lovme.pt\\\/\",\"name\":\"Lovme Loja Er\u00f3tica N\u00ba1 em Portugal\",\"description\":\"A melhor loja er\u00f3tica de Portugal.\",\"alternateName\":\"Loja Er\u00f3tica Lovme\",\"potentialAction\":[{\"@type\":\"SearchAction\",\"target\":{\"@type\":\"EntryPoint\",\"urlTemplate\":\"https:\\\/\\\/lovme.pt\\\/?s={search_term_string}\"},\"query-input\":{\"@type\":\"PropertyValueSpecification\",\"valueRequired\":true,\"valueName\":\"search_term_string\"}}],\"inLanguage\":\"pt-PT\"}]}<\/script>\n<!-- \/ Yoast SEO plugin. -->","yoast_head_json":{"title":"GET REAL - DILDO VIBRAT\u00d3RIO DE SILICONE REALISTA ROXO 19,5 CM - Lovme","robots":{"index":"index","follow":"follow","max-snippet":"max-snippet:-1","max-image-preview":"max-image-preview:large","max-video-preview":"max-video-preview:-1"},"canonical":"https:\/\/lovme.pt\/index.php\/produto\/get-real-dildo-vibratorio-de-silicone-realista-roxo-195-cm\/","og_locale":"pt_PT","og_type":"article","og_title":"GET REAL - DILDO VIBRAT\u00d3RIO DE SILICONE REALISTA ROXO 19,5 CM - Lovme","og_description":"GET REAL - DILDO VIBRAT\u00d3RIO DE SILICONE REALISTA ROXO 19,5 CM","og_url":"https:\/\/lovme.pt\/index.php\/produto\/get-real-dildo-vibratorio-de-silicone-realista-roxo-195-cm\/","og_site_name":"Lovme","article_modified_time":"2026-02-19T20:06:23+00:00","og_image":[{"width":900,"height":900,"url":"https:\/\/erki24nd3ub.exactdn.com\/wp-content\/uploads\/dream\/img\/img_218291_fc37a8053cc061f2e83ef80dbe8da159_1.jpg?strip=all","type":"image\/jpeg"}],"twitter_card":"summary_large_image","twitter_misc":{"Tempo estimado de leitura":"1 minuto"},"schema":{"@context":"https:\/\/schema.org","@graph":[{"@type":"WebPage","@id":"https:\/\/lovme.pt\/index.php\/produto\/get-real-dildo-vibratorio-de-silicone-realista-roxo-195-cm\/","url":"https:\/\/lovme.pt\/index.php\/produto\/get-real-dildo-vibratorio-de-silicone-realista-roxo-195-cm\/","name":"GET REAL - DILDO VIBRAT\u00d3RIO DE SILICONE REALISTA ROXO 19,5 CM - Lovme","isPartOf":{"@id":"https:\/\/lovme.pt\/#website"},"primaryImageOfPage":{"@id":"https:\/\/lovme.pt\/index.php\/produto\/get-real-dildo-vibratorio-de-silicone-realista-roxo-195-cm\/#primaryimage"},"image":{"@id":"https:\/\/lovme.pt\/index.php\/produto\/get-real-dildo-vibratorio-de-silicone-realista-roxo-195-cm\/#primaryimage"},"thumbnailUrl":"https:\/\/erki24nd3ub.exactdn.com\/wp-content\/uploads\/dream\/img\/img_218291_fc37a8053cc061f2e83ef80dbe8da159_1.jpg?strip=all","datePublished":"2026-01-07T12:02:21+00:00","dateModified":"2026-02-19T20:06:23+00:00","breadcrumb":{"@id":"https:\/\/lovme.pt\/index.php\/produto\/get-real-dildo-vibratorio-de-silicone-realista-roxo-195-cm\/#breadcrumb"},"inLanguage":"pt-PT","potentialAction":[{"@type":"ReadAction","target":["https:\/\/lovme.pt\/index.php\/produto\/get-real-dildo-vibratorio-de-silicone-realista-roxo-195-cm\/"]}]},{"@type":"ImageObject","inLanguage":"pt-PT","@id":"https:\/\/lovme.pt\/index.php\/produto\/get-real-dildo-vibratorio-de-silicone-realista-roxo-195-cm\/#primaryimage","url":"https:\/\/erki24nd3ub.exactdn.com\/wp-content\/uploads\/dream\/img\/img_218291_fc37a8053cc061f2e83ef80dbe8da159_1.jpg?strip=all","contentUrl":"https:\/\/erki24nd3ub.exactdn.com\/wp-content\/uploads\/dream\/img\/img_218291_fc37a8053cc061f2e83ef80dbe8da159_1.jpg?strip=all","width":900,"height":900},{"@type":"BreadcrumbList","@id":"https:\/\/lovme.pt\/index.php\/produto\/get-real-dildo-vibratorio-de-silicone-realista-roxo-195-cm\/#breadcrumb","itemListElement":[{"@type":"ListItem","position":1,"name":"In\u00edcio","item":"https:\/\/lovme.pt\/"},{"@type":"ListItem","position":2,"name":"Loja","item":"https:\/\/lovme.pt\/index.php\/loja\/"},{"@type":"ListItem","position":3,"name":"GET REAL &#8211; DILDO VIBRAT\u00d3RIO DE SILICONE REALISTA ROXO 19,5 CM"}]},{"@type":"WebSite","@id":"https:\/\/lovme.pt\/#website","url":"https:\/\/lovme.pt\/","name":"Lovme Loja Er\u00f3tica N\u00ba1 em Portugal","description":"A melhor loja er\u00f3tica de Portugal.","alternateName":"Loja Er\u00f3tica Lovme","potentialAction":[{"@type":"SearchAction","target":{"@type":"EntryPoint","urlTemplate":"https:\/\/lovme.pt\/?s={search_term_string}"},"query-input":{"@type":"PropertyValueSpecification","valueRequired":true,"valueName":"search_term_string"}}],"inLanguage":"pt-PT"}]}},"_links":{"self":[{"href":"https:\/\/lovme.pt\/index.php\/wp-json\/wp\/v2\/product\/105437","targetHints":{"allow":["GET"]}}],"collection":[{"href":"https:\/\/lovme.pt\/index.php\/wp-json\/wp\/v2\/product"}],"about":[{"href":"https:\/\/lovme.pt\/index.php\/wp-json\/wp\/v2\/types\/product"}],"wp:featuredmedia":[{"embeddable":true,"href":"https:\/\/lovme.pt\/index.php\/wp-json\/wp\/v2\/media\/105438"}],"wp:attachment":[{"href":"https:\/\/lovme.pt\/index.php\/wp-json\/wp\/v2\/media?parent=105437"}],"wp:term":[{"taxonomy":"product_brand","embeddable":true,"href":"https:\/\/lovme.pt\/index.php\/wp-json\/wp\/v2\/product_brand?post=105437"},{"taxonomy":"product_cat","embeddable":true,"href":"https:\/\/lovme.pt\/index.php\/wp-json\/wp\/v2\/product_cat?post=105437"},{"taxonomy":"product_tag","embeddable":true,"href":"https:\/\/lovme.pt\/index.php\/wp-json\/wp\/v2\/product_tag?post=105437"}],"curies":[{"name":"wp","href":"https:\/\/api.w.org\/{rel}","templated":true}]}}