{"id":105429,"date":"2026-01-07T12:02:03","date_gmt":"2026-01-07T12:02:03","guid":{"rendered":"https:\/\/lovme.pt\/?post_type=product&p=105429"},"modified":"2026-02-19T20:02:45","modified_gmt":"2026-02-19T20:02:45","slug":"skins-superslide-lubrificante-a-base-de-silicone-dose-unica-de-5-ml","status":"publish","type":"product","link":"https:\/\/lovme.pt\/index.php\/produto\/skins-superslide-lubrificante-a-base-de-silicone-dose-unica-de-5-ml\/","title":{"rendered":"SKINS &#8211; SUPERSLIDE LUBRIFICANTE \u00c0 BASE DE SILICONE, DOSE \u00daNICA DE 5 ML"},"content":{"rendered":"<p>Desfrute de momentos \u00edntimos com mais conforto usando o lubrificante definitivo 3 em 1 \u00e0 base de silicone. Superslide \u00e9 feito com silicone da mais alta qualidade, o que o torna leve e suave, mas com toda a durabilidade que voc\u00ea precisa. Superslide lubrifica at\u00e9 mesmo debaixo d\u00e1gua, para que voc\u00ea possa us\u00e1-lo no chuveiro ou na banheira para ainda mais prazer. Com in\u00fameras possibilidades de uso dentro e fora do quarto, voc\u00ea certamente ter\u00e1 um excelente custo-benef\u00edcio gra\u00e7as \u00e0 sua f\u00f3rmula altamente concentrada, de longa dura\u00e7\u00e3o e luxuosa.<\/p>\n<p><u><strong>CARACTER\u00cdSTICAS<\/strong><\/u> :<\/p>\n<ul>\n<li>Lubrificante ultraduradouro, \u00e0 prova d\u00e1gua, leve e sedoso<\/li>\n<li>Lo\u00e7\u00e3o de massagem sensual sem fragr\u00e2ncia<\/li>\n<li>Hidratante supremo para a pele<\/li>\n<li>Superconcentrado: um pouco rende muito.<\/li>\n<li>Garantia de que nunca ficar\u00e1 pegajoso.<\/li>\n<li>Sem l\u00e1tex<\/li>\n<li>F\u00f3rmula transparente e inodora<\/li>\n<\/ul>\n<p>O Skins Superslide cont\u00e9m lubrificante 100% silicone puro, o que lhe confere uma durabilidade excepcional. O silicone n\u00e3o danifica o l\u00e1tex e \u00e9 completamente seguro para uso interno, pois suas mol\u00e9culas s\u00e3o grandes demais para penetrar na pele ou nas mucosas. Lembre-se de n\u00e3o usar silicone com brinquedos de silicone. Os lubrificantes \u00e0 base de silicone, considerados os melhores, mant\u00eam suas propriedades lubrificantes por mais tempo e melhor do que os lubrificantes \u00e0 base de \u00e1gua, al\u00e9m de serem altamente concentrados, ou seja, uma pequena quantidade rende bastante. S\u00e3o completamente \u00e0 prova d\u00e1gua, o que os torna ideais para uso no chuveiro e na banheira de hidromassagem.<\/p>\n","protected":false},"excerpt":{"rendered":"<p>SKINS &#8211; SUPERSLIDE LUBRIFICANTE \u00c0 BASE DE SILICONE DOSE \u00daNICA 5 ML<\/p>\n","protected":false},"featured_media":105430,"template":"","meta":{"_acf_changed":false},"product_brand":[],"product_cat":[49,53],"product_tag":[],"class_list":{"0":"post-105429","1":"product","2":"type-product","3":"status-publish","4":"has-post-thumbnail","6":"product_cat-cosmeticos","7":"product_cat-lubrificantes-intimos","8":"yith_product_brand-skins","10":"first","11":"instock","12":"taxable","13":"shipping-taxable","14":"purchasable","15":"product-type-simple"},"acf":[],"yoast_head":"<!-- This site is optimized with the Yoast SEO plugin v27.4 - https:\/\/yoast.com\/product\/yoast-seo-wordpress\/ -->\n<title>SKINS - SUPERSLIDE LUBRIFICANTE \u00c0 BASE DE SILICONE, DOSE \u00daNICA DE 5 ML - Lovme<\/title>\n<meta name=\"robots\" content=\"index, follow, max-snippet:-1, max-image-preview:large, max-video-preview:-1\" \/>\n<link rel=\"canonical\" href=\"https:\/\/lovme.pt\/index.php\/produto\/skins-superslide-lubrificante-a-base-de-silicone-dose-unica-de-5-ml\/\" \/>\n<meta property=\"og:locale\" content=\"pt_PT\" \/>\n<meta property=\"og:type\" content=\"article\" \/>\n<meta property=\"og:title\" content=\"SKINS - SUPERSLIDE LUBRIFICANTE \u00c0 BASE DE SILICONE, DOSE \u00daNICA DE 5 ML - Lovme\" \/>\n<meta property=\"og:description\" content=\"SKINS - SUPERSLIDE LUBRIFICANTE \u00c0 BASE DE SILICONE DOSE \u00daNICA 5 ML\" \/>\n<meta property=\"og:url\" content=\"https:\/\/lovme.pt\/index.php\/produto\/skins-superslide-lubrificante-a-base-de-silicone-dose-unica-de-5-ml\/\" \/>\n<meta property=\"og:site_name\" content=\"Lovme\" \/>\n<meta property=\"article:modified_time\" content=\"2026-02-19T20:02:45+00:00\" \/>\n<meta property=\"og:image\" content=\"https:\/\/erki24nd3ub.exactdn.com\/wp-content\/uploads\/dream\/img\/img_217170_73a914f81b5ce8dc584205a7a89d68a2_1.jpg?strip=all\" \/>\n\t<meta property=\"og:image:width\" content=\"900\" \/>\n\t<meta property=\"og:image:height\" content=\"900\" \/>\n\t<meta property=\"og:image:type\" content=\"image\/jpeg\" \/>\n<meta name=\"twitter:card\" content=\"summary_large_image\" \/>\n<meta name=\"twitter:label1\" content=\"Tempo estimado de leitura\" \/>\n\t<meta name=\"twitter:data1\" content=\"1 minuto\" \/>\n<script type=\"application\/ld+json\" class=\"yoast-schema-graph\">{\"@context\":\"https:\\\/\\\/schema.org\",\"@graph\":[{\"@type\":\"WebPage\",\"@id\":\"https:\\\/\\\/lovme.pt\\\/index.php\\\/produto\\\/skins-superslide-lubrificante-a-base-de-silicone-dose-unica-de-5-ml\\\/\",\"url\":\"https:\\\/\\\/lovme.pt\\\/index.php\\\/produto\\\/skins-superslide-lubrificante-a-base-de-silicone-dose-unica-de-5-ml\\\/\",\"name\":\"SKINS - SUPERSLIDE LUBRIFICANTE \u00c0 BASE DE SILICONE, DOSE \u00daNICA DE 5 ML - Lovme\",\"isPartOf\":{\"@id\":\"https:\\\/\\\/lovme.pt\\\/#website\"},\"primaryImageOfPage\":{\"@id\":\"https:\\\/\\\/lovme.pt\\\/index.php\\\/produto\\\/skins-superslide-lubrificante-a-base-de-silicone-dose-unica-de-5-ml\\\/#primaryimage\"},\"image\":{\"@id\":\"https:\\\/\\\/lovme.pt\\\/index.php\\\/produto\\\/skins-superslide-lubrificante-a-base-de-silicone-dose-unica-de-5-ml\\\/#primaryimage\"},\"thumbnailUrl\":\"https:\\\/\\\/erki24nd3ub.exactdn.com\\\/wp-content\\\/uploads\\\/dream\\\/img\\\/img_217170_73a914f81b5ce8dc584205a7a89d68a2_1.jpg?strip=all\",\"datePublished\":\"2026-01-07T12:02:03+00:00\",\"dateModified\":\"2026-02-19T20:02:45+00:00\",\"breadcrumb\":{\"@id\":\"https:\\\/\\\/lovme.pt\\\/index.php\\\/produto\\\/skins-superslide-lubrificante-a-base-de-silicone-dose-unica-de-5-ml\\\/#breadcrumb\"},\"inLanguage\":\"pt-PT\",\"potentialAction\":[{\"@type\":\"ReadAction\",\"target\":[\"https:\\\/\\\/lovme.pt\\\/index.php\\\/produto\\\/skins-superslide-lubrificante-a-base-de-silicone-dose-unica-de-5-ml\\\/\"]}]},{\"@type\":\"ImageObject\",\"inLanguage\":\"pt-PT\",\"@id\":\"https:\\\/\\\/lovme.pt\\\/index.php\\\/produto\\\/skins-superslide-lubrificante-a-base-de-silicone-dose-unica-de-5-ml\\\/#primaryimage\",\"url\":\"https:\\\/\\\/erki24nd3ub.exactdn.com\\\/wp-content\\\/uploads\\\/dream\\\/img\\\/img_217170_73a914f81b5ce8dc584205a7a89d68a2_1.jpg?strip=all\",\"contentUrl\":\"https:\\\/\\\/erki24nd3ub.exactdn.com\\\/wp-content\\\/uploads\\\/dream\\\/img\\\/img_217170_73a914f81b5ce8dc584205a7a89d68a2_1.jpg?strip=all\",\"width\":900,\"height\":900},{\"@type\":\"BreadcrumbList\",\"@id\":\"https:\\\/\\\/lovme.pt\\\/index.php\\\/produto\\\/skins-superslide-lubrificante-a-base-de-silicone-dose-unica-de-5-ml\\\/#breadcrumb\",\"itemListElement\":[{\"@type\":\"ListItem\",\"position\":1,\"name\":\"In\u00edcio\",\"item\":\"https:\\\/\\\/lovme.pt\\\/\"},{\"@type\":\"ListItem\",\"position\":2,\"name\":\"Loja\",\"item\":\"https:\\\/\\\/lovme.pt\\\/index.php\\\/loja\\\/\"},{\"@type\":\"ListItem\",\"position\":3,\"name\":\"SKINS &#8211; SUPERSLIDE LUBRIFICANTE \u00c0 BASE DE SILICONE, DOSE \u00daNICA DE 5 ML\"}]},{\"@type\":\"WebSite\",\"@id\":\"https:\\\/\\\/lovme.pt\\\/#website\",\"url\":\"https:\\\/\\\/lovme.pt\\\/\",\"name\":\"Lovme Loja Er\u00f3tica N\u00ba1 em Portugal\",\"description\":\"A melhor loja er\u00f3tica de Portugal.\",\"alternateName\":\"Loja Er\u00f3tica Lovme\",\"potentialAction\":[{\"@type\":\"SearchAction\",\"target\":{\"@type\":\"EntryPoint\",\"urlTemplate\":\"https:\\\/\\\/lovme.pt\\\/?s={search_term_string}\"},\"query-input\":{\"@type\":\"PropertyValueSpecification\",\"valueRequired\":true,\"valueName\":\"search_term_string\"}}],\"inLanguage\":\"pt-PT\"}]}<\/script>\n<!-- \/ Yoast SEO plugin. -->","yoast_head_json":{"title":"SKINS - SUPERSLIDE LUBRIFICANTE \u00c0 BASE DE SILICONE, DOSE \u00daNICA DE 5 ML - Lovme","robots":{"index":"index","follow":"follow","max-snippet":"max-snippet:-1","max-image-preview":"max-image-preview:large","max-video-preview":"max-video-preview:-1"},"canonical":"https:\/\/lovme.pt\/index.php\/produto\/skins-superslide-lubrificante-a-base-de-silicone-dose-unica-de-5-ml\/","og_locale":"pt_PT","og_type":"article","og_title":"SKINS - SUPERSLIDE LUBRIFICANTE \u00c0 BASE DE SILICONE, DOSE \u00daNICA DE 5 ML - Lovme","og_description":"SKINS - SUPERSLIDE LUBRIFICANTE \u00c0 BASE DE SILICONE DOSE \u00daNICA 5 ML","og_url":"https:\/\/lovme.pt\/index.php\/produto\/skins-superslide-lubrificante-a-base-de-silicone-dose-unica-de-5-ml\/","og_site_name":"Lovme","article_modified_time":"2026-02-19T20:02:45+00:00","og_image":[{"width":900,"height":900,"url":"https:\/\/erki24nd3ub.exactdn.com\/wp-content\/uploads\/dream\/img\/img_217170_73a914f81b5ce8dc584205a7a89d68a2_1.jpg?strip=all","type":"image\/jpeg"}],"twitter_card":"summary_large_image","twitter_misc":{"Tempo estimado de leitura":"1 minuto"},"schema":{"@context":"https:\/\/schema.org","@graph":[{"@type":"WebPage","@id":"https:\/\/lovme.pt\/index.php\/produto\/skins-superslide-lubrificante-a-base-de-silicone-dose-unica-de-5-ml\/","url":"https:\/\/lovme.pt\/index.php\/produto\/skins-superslide-lubrificante-a-base-de-silicone-dose-unica-de-5-ml\/","name":"SKINS - SUPERSLIDE LUBRIFICANTE \u00c0 BASE DE SILICONE, DOSE \u00daNICA DE 5 ML - Lovme","isPartOf":{"@id":"https:\/\/lovme.pt\/#website"},"primaryImageOfPage":{"@id":"https:\/\/lovme.pt\/index.php\/produto\/skins-superslide-lubrificante-a-base-de-silicone-dose-unica-de-5-ml\/#primaryimage"},"image":{"@id":"https:\/\/lovme.pt\/index.php\/produto\/skins-superslide-lubrificante-a-base-de-silicone-dose-unica-de-5-ml\/#primaryimage"},"thumbnailUrl":"https:\/\/erki24nd3ub.exactdn.com\/wp-content\/uploads\/dream\/img\/img_217170_73a914f81b5ce8dc584205a7a89d68a2_1.jpg?strip=all","datePublished":"2026-01-07T12:02:03+00:00","dateModified":"2026-02-19T20:02:45+00:00","breadcrumb":{"@id":"https:\/\/lovme.pt\/index.php\/produto\/skins-superslide-lubrificante-a-base-de-silicone-dose-unica-de-5-ml\/#breadcrumb"},"inLanguage":"pt-PT","potentialAction":[{"@type":"ReadAction","target":["https:\/\/lovme.pt\/index.php\/produto\/skins-superslide-lubrificante-a-base-de-silicone-dose-unica-de-5-ml\/"]}]},{"@type":"ImageObject","inLanguage":"pt-PT","@id":"https:\/\/lovme.pt\/index.php\/produto\/skins-superslide-lubrificante-a-base-de-silicone-dose-unica-de-5-ml\/#primaryimage","url":"https:\/\/erki24nd3ub.exactdn.com\/wp-content\/uploads\/dream\/img\/img_217170_73a914f81b5ce8dc584205a7a89d68a2_1.jpg?strip=all","contentUrl":"https:\/\/erki24nd3ub.exactdn.com\/wp-content\/uploads\/dream\/img\/img_217170_73a914f81b5ce8dc584205a7a89d68a2_1.jpg?strip=all","width":900,"height":900},{"@type":"BreadcrumbList","@id":"https:\/\/lovme.pt\/index.php\/produto\/skins-superslide-lubrificante-a-base-de-silicone-dose-unica-de-5-ml\/#breadcrumb","itemListElement":[{"@type":"ListItem","position":1,"name":"In\u00edcio","item":"https:\/\/lovme.pt\/"},{"@type":"ListItem","position":2,"name":"Loja","item":"https:\/\/lovme.pt\/index.php\/loja\/"},{"@type":"ListItem","position":3,"name":"SKINS &#8211; SUPERSLIDE LUBRIFICANTE \u00c0 BASE DE SILICONE, DOSE \u00daNICA DE 5 ML"}]},{"@type":"WebSite","@id":"https:\/\/lovme.pt\/#website","url":"https:\/\/lovme.pt\/","name":"Lovme Loja Er\u00f3tica N\u00ba1 em Portugal","description":"A melhor loja er\u00f3tica de Portugal.","alternateName":"Loja Er\u00f3tica Lovme","potentialAction":[{"@type":"SearchAction","target":{"@type":"EntryPoint","urlTemplate":"https:\/\/lovme.pt\/?s={search_term_string}"},"query-input":{"@type":"PropertyValueSpecification","valueRequired":true,"valueName":"search_term_string"}}],"inLanguage":"pt-PT"}]}},"_links":{"self":[{"href":"https:\/\/lovme.pt\/index.php\/wp-json\/wp\/v2\/product\/105429","targetHints":{"allow":["GET"]}}],"collection":[{"href":"https:\/\/lovme.pt\/index.php\/wp-json\/wp\/v2\/product"}],"about":[{"href":"https:\/\/lovme.pt\/index.php\/wp-json\/wp\/v2\/types\/product"}],"wp:featuredmedia":[{"embeddable":true,"href":"https:\/\/lovme.pt\/index.php\/wp-json\/wp\/v2\/media\/105430"}],"wp:attachment":[{"href":"https:\/\/lovme.pt\/index.php\/wp-json\/wp\/v2\/media?parent=105429"}],"wp:term":[{"taxonomy":"product_brand","embeddable":true,"href":"https:\/\/lovme.pt\/index.php\/wp-json\/wp\/v2\/product_brand?post=105429"},{"taxonomy":"product_cat","embeddable":true,"href":"https:\/\/lovme.pt\/index.php\/wp-json\/wp\/v2\/product_cat?post=105429"},{"taxonomy":"product_tag","embeddable":true,"href":"https:\/\/lovme.pt\/index.php\/wp-json\/wp\/v2\/product_tag?post=105429"}],"curies":[{"name":"wp","href":"https:\/\/api.w.org\/{rel}","templated":true}]}}