{"id":105426,"date":"2026-01-07T12:02:00","date_gmt":"2026-01-07T12:02:00","guid":{"rendered":"https:\/\/lovme.pt\/?post_type=product&p=105426"},"modified":"2026-02-19T20:01:43","modified_gmt":"2026-02-19T20:01:43","slug":"skins-aqua-lubrificante-a-base-de-agua-dose-unica-5-ml","status":"publish","type":"product","link":"https:\/\/lovme.pt\/index.php\/produto\/skins-aqua-lubrificante-a-base-de-agua-dose-unica-5-ml\/","title":{"rendered":"SKINS &#8211; AQUA LUBRIFICANTE \u00c0 BASE DE \u00c1GUA DOSE \u00daNICA 5 ML"},"content":{"rendered":"<p>Lubrificantes que voc\u00ea vai adorar usar para fazer amor! A Skins Sexual Health tem o orgulho de apresentar um sexteto de lubrificantes sensuais premium, desenvolvidos com carinho para o seu prazer e satisfa\u00e7\u00e3o. Deslize com algu\u00e9m com mais conforto\u2026 Lubrificante \u00e0 base de \u00e1gua com toque natural e longa dura\u00e7\u00e3o para uma intimidade natural. Desenvolvido especificamente para aumentar o prazer e o conforto durante a intimidade. O Skins Aqua \u00e9 o lubrificante \u00e0 base de \u00e1gua com a sensa\u00e7\u00e3o mais natural que voc\u00ea encontrar\u00e1. Sua f\u00f3rmula de alta qualidade foi aprovada como dispositivo m\u00e9dico pela FDA 510(k), dando a voc\u00ea a tranquilidade de usar o melhor. A sensa\u00e7\u00e3o mais pr\u00f3xima do natural&#8230;<\/p>\n<p><u><strong>CARACTER\u00cdSTICAS<\/strong><\/u> :<\/p>\n<ul>\n<li>Transparente, inodoro e \u00e0 base de \u00e1gua.<\/li>\n<li>Suave, n\u00e3o mancha e sem fragr\u00e2ncia.<\/li>\n<li>Macio como seda e de longa dura\u00e7\u00e3o.<\/li>\n<li>Adequado para l\u00e1tex e brinquedos.<\/li>\n<li>Hipoalerg\u00eanico<\/li>\n<li><strong>Ingredientes<\/strong> : \u00c1gua, glicerina, benzoato de s\u00f3dio, propilenoglicol, polietilenoglicol, sorbato de pot\u00e1ssio, EDTA tetrass\u00f3dico, metilparabeno, tetrahidroxipropiletilenodiamina, carb\u00f4mero<\/li>\n<\/ul>\n<p>Os lubrificantes \u00e0 base de \u00e1gua n\u00e3o mancham, s\u00e3o seguros para uso com l\u00e1tex e todos os m\u00e9todos contraceptivos de barreira e raramente causam irrita\u00e7\u00e3o. Embora possam secar durante a atividade sexual prolongada, podem ser facilmente reidratados com um pouco de \u00e1gua ou saliva. Devido \u00e0 sua versatilidade e efic\u00e1cia, s\u00e3o a op\u00e7\u00e3o mais recomendada por casais experientes. Nova tecnologia ReAquav8: todos os lubrificantes \u00e0 base de \u00e1gua da Skins t\u00eam a capacidade de reativar com apenas algumas gotas de \u00e1gua. Dessa forma, voc\u00ea pode desfrutar de uma sensa\u00e7\u00e3o natural e de uma rela\u00e7\u00e3o sexual suave e prazerosa por mais tempo.<\/p>\n","protected":false},"excerpt":{"rendered":"<p>SKINS &#8211; AQUA LUBRIFICANTE \u00c0 BASE DE \u00c1GUA DOSE \u00daNICA 5 ML<\/p>\n","protected":false},"featured_media":105427,"template":"","meta":{"_acf_changed":false},"product_brand":[],"product_cat":[49,53],"product_tag":[],"class_list":{"0":"post-105426","1":"product","2":"type-product","3":"status-publish","4":"has-post-thumbnail","6":"product_cat-cosmeticos","7":"product_cat-lubrificantes-intimos","8":"yith_product_brand-skins","10":"first","11":"instock","12":"taxable","13":"shipping-taxable","14":"purchasable","15":"product-type-simple"},"acf":[],"yoast_head":"<!-- This site is optimized with the Yoast SEO plugin v27.4 - https:\/\/yoast.com\/product\/yoast-seo-wordpress\/ -->\n<title>SKINS - AQUA LUBRIFICANTE \u00c0 BASE DE \u00c1GUA DOSE \u00daNICA 5 ML - Lovme<\/title>\n<meta name=\"robots\" content=\"index, follow, max-snippet:-1, max-image-preview:large, max-video-preview:-1\" \/>\n<link rel=\"canonical\" href=\"https:\/\/lovme.pt\/index.php\/produto\/skins-aqua-lubrificante-a-base-de-agua-dose-unica-5-ml\/\" \/>\n<meta property=\"og:locale\" content=\"pt_PT\" \/>\n<meta property=\"og:type\" content=\"article\" \/>\n<meta property=\"og:title\" content=\"SKINS - AQUA LUBRIFICANTE \u00c0 BASE DE \u00c1GUA DOSE \u00daNICA 5 ML - Lovme\" \/>\n<meta property=\"og:description\" content=\"SKINS - AQUA LUBRIFICANTE \u00c0 BASE DE \u00c1GUA DOSE \u00daNICA 5 ML\" \/>\n<meta property=\"og:url\" content=\"https:\/\/lovme.pt\/index.php\/produto\/skins-aqua-lubrificante-a-base-de-agua-dose-unica-5-ml\/\" \/>\n<meta property=\"og:site_name\" content=\"Lovme\" \/>\n<meta property=\"article:modified_time\" content=\"2026-02-19T20:01:43+00:00\" \/>\n<meta property=\"og:image\" content=\"https:\/\/erki24nd3ub.exactdn.com\/wp-content\/uploads\/dream\/img\/img_217161_45758633ba3a505edd725c087603534d_1.jpg?strip=all\" \/>\n\t<meta property=\"og:image:width\" content=\"900\" \/>\n\t<meta property=\"og:image:height\" content=\"900\" \/>\n\t<meta property=\"og:image:type\" content=\"image\/jpeg\" \/>\n<meta name=\"twitter:card\" content=\"summary_large_image\" \/>\n<meta name=\"twitter:label1\" content=\"Tempo estimado de leitura\" \/>\n\t<meta name=\"twitter:data1\" content=\"1 minuto\" \/>\n<script type=\"application\/ld+json\" class=\"yoast-schema-graph\">{\"@context\":\"https:\\\/\\\/schema.org\",\"@graph\":[{\"@type\":\"WebPage\",\"@id\":\"https:\\\/\\\/lovme.pt\\\/index.php\\\/produto\\\/skins-aqua-lubrificante-a-base-de-agua-dose-unica-5-ml\\\/\",\"url\":\"https:\\\/\\\/lovme.pt\\\/index.php\\\/produto\\\/skins-aqua-lubrificante-a-base-de-agua-dose-unica-5-ml\\\/\",\"name\":\"SKINS - AQUA LUBRIFICANTE \u00c0 BASE DE \u00c1GUA DOSE \u00daNICA 5 ML - Lovme\",\"isPartOf\":{\"@id\":\"https:\\\/\\\/lovme.pt\\\/#website\"},\"primaryImageOfPage\":{\"@id\":\"https:\\\/\\\/lovme.pt\\\/index.php\\\/produto\\\/skins-aqua-lubrificante-a-base-de-agua-dose-unica-5-ml\\\/#primaryimage\"},\"image\":{\"@id\":\"https:\\\/\\\/lovme.pt\\\/index.php\\\/produto\\\/skins-aqua-lubrificante-a-base-de-agua-dose-unica-5-ml\\\/#primaryimage\"},\"thumbnailUrl\":\"https:\\\/\\\/erki24nd3ub.exactdn.com\\\/wp-content\\\/uploads\\\/dream\\\/img\\\/img_217161_45758633ba3a505edd725c087603534d_1.jpg?strip=all\",\"datePublished\":\"2026-01-07T12:02:00+00:00\",\"dateModified\":\"2026-02-19T20:01:43+00:00\",\"breadcrumb\":{\"@id\":\"https:\\\/\\\/lovme.pt\\\/index.php\\\/produto\\\/skins-aqua-lubrificante-a-base-de-agua-dose-unica-5-ml\\\/#breadcrumb\"},\"inLanguage\":\"pt-PT\",\"potentialAction\":[{\"@type\":\"ReadAction\",\"target\":[\"https:\\\/\\\/lovme.pt\\\/index.php\\\/produto\\\/skins-aqua-lubrificante-a-base-de-agua-dose-unica-5-ml\\\/\"]}]},{\"@type\":\"ImageObject\",\"inLanguage\":\"pt-PT\",\"@id\":\"https:\\\/\\\/lovme.pt\\\/index.php\\\/produto\\\/skins-aqua-lubrificante-a-base-de-agua-dose-unica-5-ml\\\/#primaryimage\",\"url\":\"https:\\\/\\\/erki24nd3ub.exactdn.com\\\/wp-content\\\/uploads\\\/dream\\\/img\\\/img_217161_45758633ba3a505edd725c087603534d_1.jpg?strip=all\",\"contentUrl\":\"https:\\\/\\\/erki24nd3ub.exactdn.com\\\/wp-content\\\/uploads\\\/dream\\\/img\\\/img_217161_45758633ba3a505edd725c087603534d_1.jpg?strip=all\",\"width\":900,\"height\":900},{\"@type\":\"BreadcrumbList\",\"@id\":\"https:\\\/\\\/lovme.pt\\\/index.php\\\/produto\\\/skins-aqua-lubrificante-a-base-de-agua-dose-unica-5-ml\\\/#breadcrumb\",\"itemListElement\":[{\"@type\":\"ListItem\",\"position\":1,\"name\":\"In\u00edcio\",\"item\":\"https:\\\/\\\/lovme.pt\\\/\"},{\"@type\":\"ListItem\",\"position\":2,\"name\":\"Loja\",\"item\":\"https:\\\/\\\/lovme.pt\\\/index.php\\\/loja\\\/\"},{\"@type\":\"ListItem\",\"position\":3,\"name\":\"SKINS &#8211; AQUA LUBRIFICANTE \u00c0 BASE DE \u00c1GUA DOSE \u00daNICA 5 ML\"}]},{\"@type\":\"WebSite\",\"@id\":\"https:\\\/\\\/lovme.pt\\\/#website\",\"url\":\"https:\\\/\\\/lovme.pt\\\/\",\"name\":\"Lovme Loja Er\u00f3tica N\u00ba1 em Portugal\",\"description\":\"A melhor loja er\u00f3tica de Portugal.\",\"alternateName\":\"Loja Er\u00f3tica Lovme\",\"potentialAction\":[{\"@type\":\"SearchAction\",\"target\":{\"@type\":\"EntryPoint\",\"urlTemplate\":\"https:\\\/\\\/lovme.pt\\\/?s={search_term_string}\"},\"query-input\":{\"@type\":\"PropertyValueSpecification\",\"valueRequired\":true,\"valueName\":\"search_term_string\"}}],\"inLanguage\":\"pt-PT\"}]}<\/script>\n<!-- \/ Yoast SEO plugin. -->","yoast_head_json":{"title":"SKINS - AQUA LUBRIFICANTE \u00c0 BASE DE \u00c1GUA DOSE \u00daNICA 5 ML - Lovme","robots":{"index":"index","follow":"follow","max-snippet":"max-snippet:-1","max-image-preview":"max-image-preview:large","max-video-preview":"max-video-preview:-1"},"canonical":"https:\/\/lovme.pt\/index.php\/produto\/skins-aqua-lubrificante-a-base-de-agua-dose-unica-5-ml\/","og_locale":"pt_PT","og_type":"article","og_title":"SKINS - AQUA LUBRIFICANTE \u00c0 BASE DE \u00c1GUA DOSE \u00daNICA 5 ML - Lovme","og_description":"SKINS - AQUA LUBRIFICANTE \u00c0 BASE DE \u00c1GUA DOSE \u00daNICA 5 ML","og_url":"https:\/\/lovme.pt\/index.php\/produto\/skins-aqua-lubrificante-a-base-de-agua-dose-unica-5-ml\/","og_site_name":"Lovme","article_modified_time":"2026-02-19T20:01:43+00:00","og_image":[{"width":900,"height":900,"url":"https:\/\/erki24nd3ub.exactdn.com\/wp-content\/uploads\/dream\/img\/img_217161_45758633ba3a505edd725c087603534d_1.jpg?strip=all","type":"image\/jpeg"}],"twitter_card":"summary_large_image","twitter_misc":{"Tempo estimado de leitura":"1 minuto"},"schema":{"@context":"https:\/\/schema.org","@graph":[{"@type":"WebPage","@id":"https:\/\/lovme.pt\/index.php\/produto\/skins-aqua-lubrificante-a-base-de-agua-dose-unica-5-ml\/","url":"https:\/\/lovme.pt\/index.php\/produto\/skins-aqua-lubrificante-a-base-de-agua-dose-unica-5-ml\/","name":"SKINS - AQUA LUBRIFICANTE \u00c0 BASE DE \u00c1GUA DOSE \u00daNICA 5 ML - Lovme","isPartOf":{"@id":"https:\/\/lovme.pt\/#website"},"primaryImageOfPage":{"@id":"https:\/\/lovme.pt\/index.php\/produto\/skins-aqua-lubrificante-a-base-de-agua-dose-unica-5-ml\/#primaryimage"},"image":{"@id":"https:\/\/lovme.pt\/index.php\/produto\/skins-aqua-lubrificante-a-base-de-agua-dose-unica-5-ml\/#primaryimage"},"thumbnailUrl":"https:\/\/erki24nd3ub.exactdn.com\/wp-content\/uploads\/dream\/img\/img_217161_45758633ba3a505edd725c087603534d_1.jpg?strip=all","datePublished":"2026-01-07T12:02:00+00:00","dateModified":"2026-02-19T20:01:43+00:00","breadcrumb":{"@id":"https:\/\/lovme.pt\/index.php\/produto\/skins-aqua-lubrificante-a-base-de-agua-dose-unica-5-ml\/#breadcrumb"},"inLanguage":"pt-PT","potentialAction":[{"@type":"ReadAction","target":["https:\/\/lovme.pt\/index.php\/produto\/skins-aqua-lubrificante-a-base-de-agua-dose-unica-5-ml\/"]}]},{"@type":"ImageObject","inLanguage":"pt-PT","@id":"https:\/\/lovme.pt\/index.php\/produto\/skins-aqua-lubrificante-a-base-de-agua-dose-unica-5-ml\/#primaryimage","url":"https:\/\/erki24nd3ub.exactdn.com\/wp-content\/uploads\/dream\/img\/img_217161_45758633ba3a505edd725c087603534d_1.jpg?strip=all","contentUrl":"https:\/\/erki24nd3ub.exactdn.com\/wp-content\/uploads\/dream\/img\/img_217161_45758633ba3a505edd725c087603534d_1.jpg?strip=all","width":900,"height":900},{"@type":"BreadcrumbList","@id":"https:\/\/lovme.pt\/index.php\/produto\/skins-aqua-lubrificante-a-base-de-agua-dose-unica-5-ml\/#breadcrumb","itemListElement":[{"@type":"ListItem","position":1,"name":"In\u00edcio","item":"https:\/\/lovme.pt\/"},{"@type":"ListItem","position":2,"name":"Loja","item":"https:\/\/lovme.pt\/index.php\/loja\/"},{"@type":"ListItem","position":3,"name":"SKINS &#8211; AQUA LUBRIFICANTE \u00c0 BASE DE \u00c1GUA DOSE \u00daNICA 5 ML"}]},{"@type":"WebSite","@id":"https:\/\/lovme.pt\/#website","url":"https:\/\/lovme.pt\/","name":"Lovme Loja Er\u00f3tica N\u00ba1 em Portugal","description":"A melhor loja er\u00f3tica de Portugal.","alternateName":"Loja Er\u00f3tica Lovme","potentialAction":[{"@type":"SearchAction","target":{"@type":"EntryPoint","urlTemplate":"https:\/\/lovme.pt\/?s={search_term_string}"},"query-input":{"@type":"PropertyValueSpecification","valueRequired":true,"valueName":"search_term_string"}}],"inLanguage":"pt-PT"}]}},"_links":{"self":[{"href":"https:\/\/lovme.pt\/index.php\/wp-json\/wp\/v2\/product\/105426","targetHints":{"allow":["GET"]}}],"collection":[{"href":"https:\/\/lovme.pt\/index.php\/wp-json\/wp\/v2\/product"}],"about":[{"href":"https:\/\/lovme.pt\/index.php\/wp-json\/wp\/v2\/types\/product"}],"wp:featuredmedia":[{"embeddable":true,"href":"https:\/\/lovme.pt\/index.php\/wp-json\/wp\/v2\/media\/105427"}],"wp:attachment":[{"href":"https:\/\/lovme.pt\/index.php\/wp-json\/wp\/v2\/media?parent=105426"}],"wp:term":[{"taxonomy":"product_brand","embeddable":true,"href":"https:\/\/lovme.pt\/index.php\/wp-json\/wp\/v2\/product_brand?post=105426"},{"taxonomy":"product_cat","embeddable":true,"href":"https:\/\/lovme.pt\/index.php\/wp-json\/wp\/v2\/product_cat?post=105426"},{"taxonomy":"product_tag","embeddable":true,"href":"https:\/\/lovme.pt\/index.php\/wp-json\/wp\/v2\/product_tag?post=105426"}],"curies":[{"name":"wp","href":"https:\/\/api.w.org\/{rel}","templated":true}]}}