{"id":105416,"date":"2026-01-07T12:01:48","date_gmt":"2026-01-07T12:01:48","guid":{"rendered":"https:\/\/lovme.pt\/?post_type=product&p=105416"},"modified":"2026-02-19T20:01:12","modified_gmt":"2026-02-19T20:01:12","slug":"get-real-dildo-de-silicone-de-duas-pontas-caramelo-40-cm","status":"publish","type":"product","link":"https:\/\/lovme.pt\/index.php\/produto\/get-real-dildo-de-silicone-de-duas-pontas-caramelo-40-cm\/","title":{"rendered":"GET REAL &#8211; DILDO DE SILICONE DE DUAS PONTAS CARAMELO 40 CM"},"content":{"rendered":"<p>Experimente um realismo incompar\u00e1vel com a cole\u00e7\u00e3o Get Real Skin da ToyJoy. Este vibrador duplo de silicone com prep\u00facio m\u00f3vel proporciona uma sensa\u00e7\u00e3o excepcionalmente realista. Gra\u00e7as \u00e0 sua inovadora tecnologia de dupla densidade, a pele externa macia desliza suavemente sobre um n\u00facleo interno mais firme, oferecendo uma sensa\u00e7\u00e3o natural. Feito de silicone l\u00edquido premium, este vibrador duplo de 40 cm oferece elasticidade realista e um prep\u00facio m\u00f3vel, tornando-o uma excelente alternativa a um p\u00eanis real. Seguro para o corpo e projetado para prazer vers\u00e1til, \u00e9 perfeito para uso individual ou para experi\u00eancias compartilhadas. Inclui uma pr\u00e1tica bolsa de lona para armazenamento discreto. Prepare-se para a realidade com este vibrador duplo de silicone de 40 cm com prep\u00facio!<\/p>\n<p> <u><strong>CARACTER\u00cdSTICAS<\/strong><\/u> :<\/p>\n<ul>\n<li> Material: Silicone<\/li>\n<li> Comprimento total: 40 cm<\/li>\n<\/ul>\n<p> <strong>ToyJoy<\/strong> \u00e9 uma marca vibrante e inovadora no mundo dos produtos l\u00fadicos e \u00edntimos. Reconhecida pela sua gama diversificada e de alta qualidade, a ToyJoy oferece uma ampla variedade de itens concebidos para se adequarem a diferentes gostos e prefer\u00eancias. A marca concentra-se na cria\u00e7\u00e3o de produtos divertidos, seguros e f\u00e1ceis de usar, garantindo acessibilidade e divers\u00e3o para todos. Com grande aten\u00e7\u00e3o ao design, funcionalidade e materiais seguros para o corpo, a ToyJoy integra as mais recentes tecnologias nos seus produtos, tornando-se uma das favoritas entre os consumidores que procuram adicionar emo\u00e7\u00e3o e alegria \u00e0s suas vidas pessoais. A ToyJoy destaca-se pelo seu compromisso com a satisfa\u00e7\u00e3o do cliente, a excel\u00eancia dos produtos e a seguran\u00e7a.<\/p>\n","protected":false},"excerpt":{"rendered":"<p>GET REAL &#8211; DILDO DE SILICONE DE DUAS PONTAS CARAMELO 40 CM<\/p>\n","protected":false},"featured_media":105417,"template":"","meta":{"_acf_changed":false},"product_brand":[],"product_cat":[17,56,88],"product_tag":[],"class_list":{"0":"post-105416","1":"product","2":"type-product","3":"status-publish","4":"has-post-thumbnail","6":"product_cat-brinquedos-de-bem-estar-sexual","7":"product_cat-dildos-e-arneses","8":"product_cat-novidades","9":"yith_product_brand-get-real","11":"first","12":"instock","13":"taxable","14":"shipping-taxable","15":"purchasable","16":"product-type-simple"},"acf":[],"yoast_head":"<!-- This site is optimized with the Yoast SEO plugin v27.3 - https:\/\/yoast.com\/product\/yoast-seo-wordpress\/ -->\n<title>GET REAL - DILDO DE SILICONE DE DUAS PONTAS CARAMELO 40 CM - Lovme<\/title>\n<meta name=\"robots\" content=\"index, follow, max-snippet:-1, max-image-preview:large, max-video-preview:-1\" \/>\n<link rel=\"canonical\" href=\"https:\/\/lovme.pt\/index.php\/produto\/get-real-dildo-de-silicone-de-duas-pontas-caramelo-40-cm\/\" \/>\n<meta property=\"og:locale\" content=\"pt_PT\" \/>\n<meta property=\"og:type\" content=\"article\" \/>\n<meta property=\"og:title\" content=\"GET REAL - DILDO DE SILICONE DE DUAS PONTAS CARAMELO 40 CM - Lovme\" \/>\n<meta property=\"og:description\" content=\"GET REAL - DILDO DE SILICONE DE DUAS PONTAS CARAMELO 40 CM\" \/>\n<meta property=\"og:url\" content=\"https:\/\/lovme.pt\/index.php\/produto\/get-real-dildo-de-silicone-de-duas-pontas-caramelo-40-cm\/\" \/>\n<meta property=\"og:site_name\" content=\"Lovme\" \/>\n<meta property=\"article:modified_time\" content=\"2026-02-19T20:01:12+00:00\" \/>\n<meta property=\"og:image\" content=\"https:\/\/erki24nd3ub.exactdn.com\/wp-content\/uploads\/dream\/img\/img_218302_e88c76f83a9af9ca08e7e85993491f80_1.jpg?strip=all\" \/>\n\t<meta property=\"og:image:width\" content=\"900\" \/>\n\t<meta property=\"og:image:height\" content=\"900\" \/>\n\t<meta property=\"og:image:type\" content=\"image\/jpeg\" \/>\n<meta name=\"twitter:card\" content=\"summary_large_image\" \/>\n<meta name=\"twitter:label1\" content=\"Tempo estimado de leitura\" \/>\n\t<meta name=\"twitter:data1\" content=\"1 minuto\" \/>\n<script type=\"application\/ld+json\" class=\"yoast-schema-graph\">{\"@context\":\"https:\\\/\\\/schema.org\",\"@graph\":[{\"@type\":\"WebPage\",\"@id\":\"https:\\\/\\\/lovme.pt\\\/index.php\\\/produto\\\/get-real-dildo-de-silicone-de-duas-pontas-caramelo-40-cm\\\/\",\"url\":\"https:\\\/\\\/lovme.pt\\\/index.php\\\/produto\\\/get-real-dildo-de-silicone-de-duas-pontas-caramelo-40-cm\\\/\",\"name\":\"GET REAL - DILDO DE SILICONE DE DUAS PONTAS CARAMELO 40 CM - Lovme\",\"isPartOf\":{\"@id\":\"https:\\\/\\\/lovme.pt\\\/#website\"},\"primaryImageOfPage\":{\"@id\":\"https:\\\/\\\/lovme.pt\\\/index.php\\\/produto\\\/get-real-dildo-de-silicone-de-duas-pontas-caramelo-40-cm\\\/#primaryimage\"},\"image\":{\"@id\":\"https:\\\/\\\/lovme.pt\\\/index.php\\\/produto\\\/get-real-dildo-de-silicone-de-duas-pontas-caramelo-40-cm\\\/#primaryimage\"},\"thumbnailUrl\":\"https:\\\/\\\/erki24nd3ub.exactdn.com\\\/wp-content\\\/uploads\\\/dream\\\/img\\\/img_218302_e88c76f83a9af9ca08e7e85993491f80_1.jpg?strip=all\",\"datePublished\":\"2026-01-07T12:01:48+00:00\",\"dateModified\":\"2026-02-19T20:01:12+00:00\",\"breadcrumb\":{\"@id\":\"https:\\\/\\\/lovme.pt\\\/index.php\\\/produto\\\/get-real-dildo-de-silicone-de-duas-pontas-caramelo-40-cm\\\/#breadcrumb\"},\"inLanguage\":\"pt-PT\",\"potentialAction\":[{\"@type\":\"ReadAction\",\"target\":[\"https:\\\/\\\/lovme.pt\\\/index.php\\\/produto\\\/get-real-dildo-de-silicone-de-duas-pontas-caramelo-40-cm\\\/\"]}]},{\"@type\":\"ImageObject\",\"inLanguage\":\"pt-PT\",\"@id\":\"https:\\\/\\\/lovme.pt\\\/index.php\\\/produto\\\/get-real-dildo-de-silicone-de-duas-pontas-caramelo-40-cm\\\/#primaryimage\",\"url\":\"https:\\\/\\\/erki24nd3ub.exactdn.com\\\/wp-content\\\/uploads\\\/dream\\\/img\\\/img_218302_e88c76f83a9af9ca08e7e85993491f80_1.jpg?strip=all\",\"contentUrl\":\"https:\\\/\\\/erki24nd3ub.exactdn.com\\\/wp-content\\\/uploads\\\/dream\\\/img\\\/img_218302_e88c76f83a9af9ca08e7e85993491f80_1.jpg?strip=all\",\"width\":900,\"height\":900},{\"@type\":\"BreadcrumbList\",\"@id\":\"https:\\\/\\\/lovme.pt\\\/index.php\\\/produto\\\/get-real-dildo-de-silicone-de-duas-pontas-caramelo-40-cm\\\/#breadcrumb\",\"itemListElement\":[{\"@type\":\"ListItem\",\"position\":1,\"name\":\"In\u00edcio\",\"item\":\"https:\\\/\\\/lovme.pt\\\/\"},{\"@type\":\"ListItem\",\"position\":2,\"name\":\"Loja\",\"item\":\"https:\\\/\\\/lovme.pt\\\/index.php\\\/loja\\\/\"},{\"@type\":\"ListItem\",\"position\":3,\"name\":\"GET REAL &#8211; DILDO DE SILICONE DE DUAS PONTAS CARAMELO 40 CM\"}]},{\"@type\":\"WebSite\",\"@id\":\"https:\\\/\\\/lovme.pt\\\/#website\",\"url\":\"https:\\\/\\\/lovme.pt\\\/\",\"name\":\"Lovme Loja Er\u00f3tica N\u00ba1 em Portugal\",\"description\":\"A melhor loja er\u00f3tica de Portugal.\",\"alternateName\":\"Loja Er\u00f3tica Lovme\",\"potentialAction\":[{\"@type\":\"SearchAction\",\"target\":{\"@type\":\"EntryPoint\",\"urlTemplate\":\"https:\\\/\\\/lovme.pt\\\/?s={search_term_string}\"},\"query-input\":{\"@type\":\"PropertyValueSpecification\",\"valueRequired\":true,\"valueName\":\"search_term_string\"}}],\"inLanguage\":\"pt-PT\"}]}<\/script>\n<!-- \/ Yoast SEO plugin. -->","yoast_head_json":{"title":"GET REAL - DILDO DE SILICONE DE DUAS PONTAS CARAMELO 40 CM - Lovme","robots":{"index":"index","follow":"follow","max-snippet":"max-snippet:-1","max-image-preview":"max-image-preview:large","max-video-preview":"max-video-preview:-1"},"canonical":"https:\/\/lovme.pt\/index.php\/produto\/get-real-dildo-de-silicone-de-duas-pontas-caramelo-40-cm\/","og_locale":"pt_PT","og_type":"article","og_title":"GET REAL - DILDO DE SILICONE DE DUAS PONTAS CARAMELO 40 CM - Lovme","og_description":"GET REAL - DILDO DE SILICONE DE DUAS PONTAS CARAMELO 40 CM","og_url":"https:\/\/lovme.pt\/index.php\/produto\/get-real-dildo-de-silicone-de-duas-pontas-caramelo-40-cm\/","og_site_name":"Lovme","article_modified_time":"2026-02-19T20:01:12+00:00","og_image":[{"width":900,"height":900,"url":"https:\/\/erki24nd3ub.exactdn.com\/wp-content\/uploads\/dream\/img\/img_218302_e88c76f83a9af9ca08e7e85993491f80_1.jpg?strip=all","type":"image\/jpeg"}],"twitter_card":"summary_large_image","twitter_misc":{"Tempo estimado de leitura":"1 minuto"},"schema":{"@context":"https:\/\/schema.org","@graph":[{"@type":"WebPage","@id":"https:\/\/lovme.pt\/index.php\/produto\/get-real-dildo-de-silicone-de-duas-pontas-caramelo-40-cm\/","url":"https:\/\/lovme.pt\/index.php\/produto\/get-real-dildo-de-silicone-de-duas-pontas-caramelo-40-cm\/","name":"GET REAL - DILDO DE SILICONE DE DUAS PONTAS CARAMELO 40 CM - Lovme","isPartOf":{"@id":"https:\/\/lovme.pt\/#website"},"primaryImageOfPage":{"@id":"https:\/\/lovme.pt\/index.php\/produto\/get-real-dildo-de-silicone-de-duas-pontas-caramelo-40-cm\/#primaryimage"},"image":{"@id":"https:\/\/lovme.pt\/index.php\/produto\/get-real-dildo-de-silicone-de-duas-pontas-caramelo-40-cm\/#primaryimage"},"thumbnailUrl":"https:\/\/erki24nd3ub.exactdn.com\/wp-content\/uploads\/dream\/img\/img_218302_e88c76f83a9af9ca08e7e85993491f80_1.jpg?strip=all","datePublished":"2026-01-07T12:01:48+00:00","dateModified":"2026-02-19T20:01:12+00:00","breadcrumb":{"@id":"https:\/\/lovme.pt\/index.php\/produto\/get-real-dildo-de-silicone-de-duas-pontas-caramelo-40-cm\/#breadcrumb"},"inLanguage":"pt-PT","potentialAction":[{"@type":"ReadAction","target":["https:\/\/lovme.pt\/index.php\/produto\/get-real-dildo-de-silicone-de-duas-pontas-caramelo-40-cm\/"]}]},{"@type":"ImageObject","inLanguage":"pt-PT","@id":"https:\/\/lovme.pt\/index.php\/produto\/get-real-dildo-de-silicone-de-duas-pontas-caramelo-40-cm\/#primaryimage","url":"https:\/\/erki24nd3ub.exactdn.com\/wp-content\/uploads\/dream\/img\/img_218302_e88c76f83a9af9ca08e7e85993491f80_1.jpg?strip=all","contentUrl":"https:\/\/erki24nd3ub.exactdn.com\/wp-content\/uploads\/dream\/img\/img_218302_e88c76f83a9af9ca08e7e85993491f80_1.jpg?strip=all","width":900,"height":900},{"@type":"BreadcrumbList","@id":"https:\/\/lovme.pt\/index.php\/produto\/get-real-dildo-de-silicone-de-duas-pontas-caramelo-40-cm\/#breadcrumb","itemListElement":[{"@type":"ListItem","position":1,"name":"In\u00edcio","item":"https:\/\/lovme.pt\/"},{"@type":"ListItem","position":2,"name":"Loja","item":"https:\/\/lovme.pt\/index.php\/loja\/"},{"@type":"ListItem","position":3,"name":"GET REAL &#8211; DILDO DE SILICONE DE DUAS PONTAS CARAMELO 40 CM"}]},{"@type":"WebSite","@id":"https:\/\/lovme.pt\/#website","url":"https:\/\/lovme.pt\/","name":"Lovme Loja Er\u00f3tica N\u00ba1 em Portugal","description":"A melhor loja er\u00f3tica de Portugal.","alternateName":"Loja Er\u00f3tica Lovme","potentialAction":[{"@type":"SearchAction","target":{"@type":"EntryPoint","urlTemplate":"https:\/\/lovme.pt\/?s={search_term_string}"},"query-input":{"@type":"PropertyValueSpecification","valueRequired":true,"valueName":"search_term_string"}}],"inLanguage":"pt-PT"}]}},"_links":{"self":[{"href":"https:\/\/lovme.pt\/index.php\/wp-json\/wp\/v2\/product\/105416","targetHints":{"allow":["GET"]}}],"collection":[{"href":"https:\/\/lovme.pt\/index.php\/wp-json\/wp\/v2\/product"}],"about":[{"href":"https:\/\/lovme.pt\/index.php\/wp-json\/wp\/v2\/types\/product"}],"wp:featuredmedia":[{"embeddable":true,"href":"https:\/\/lovme.pt\/index.php\/wp-json\/wp\/v2\/media\/105417"}],"wp:attachment":[{"href":"https:\/\/lovme.pt\/index.php\/wp-json\/wp\/v2\/media?parent=105416"}],"wp:term":[{"taxonomy":"product_brand","embeddable":true,"href":"https:\/\/lovme.pt\/index.php\/wp-json\/wp\/v2\/product_brand?post=105416"},{"taxonomy":"product_cat","embeddable":true,"href":"https:\/\/lovme.pt\/index.php\/wp-json\/wp\/v2\/product_cat?post=105416"},{"taxonomy":"product_tag","embeddable":true,"href":"https:\/\/lovme.pt\/index.php\/wp-json\/wp\/v2\/product_tag?post=105416"}],"curies":[{"name":"wp","href":"https:\/\/api.w.org\/{rel}","templated":true}]}}