{"id":105341,"date":"2025-12-28T04:01:05","date_gmt":"2025-12-28T04:01:05","guid":{"rendered":"https:\/\/lovme.pt\/?post_type=product&p=105341"},"modified":"2026-02-19T20:22:30","modified_gmt":"2026-02-19T20:22:30","slug":"xpower-tratamento-expresso-hard-pulse-erecao-e-resistencia-por-10-dias-20-capsulas","status":"publish","type":"product","link":"https:\/\/lovme.pt\/index.php\/produto\/xpower-tratamento-expresso-hard-pulse-erecao-e-resistencia-por-10-dias-20-capsulas\/","title":{"rendered":"XPOWER &#8211; TRATAMENTO EXPRESSO HARD PULSE: ERE\u00c7\u00c3O E RESIST\u00caNCIA POR 10 DIAS &#8211; 20 C\u00c1PSULAS"},"content":{"rendered":"<p><strong>Apresentamos o Hard Pulse da linha Labophyto.<\/strong><\/p>\n<p><strong>Hard Pulse<\/strong> \u00e9 uma <strong>solu\u00e7\u00e3o natural de alto desempenho,<\/strong> desenvolvida para homens que desejam recuperar <strong>maior vitalidade<\/strong> e <strong>resist\u00eancia<\/strong> sexual. Sua f\u00f3rmula concentrada, rica em extratos de plantas afrodis\u00edacas, vitaminas e nutrientes, age rapidamente, apresentando resultados em apenas <strong>10 dias de uso<\/strong> .<\/p>\n<p>Ideal para uma melhora r\u00e1pida no desempenho, este produto se encaixa perfeitamente em um estilo de vida ativo ou pode ser usado sempre que for necess\u00e1rio um aumento r\u00e1pido na confian\u00e7a sexual.<\/p>\n<p><strong>Para quem \u00e9 o Hard Pulse?<\/strong><\/p>\n<p>Hard Pulse foi especialmente desenvolvido para homens que:<\/p>\n<ul>\n<li>Experimente uma <strong>diminui\u00e7\u00e3o do desejo sexual ou da libido<\/strong> ,<\/li>\n<li>Desejam fortalecer sua vitalidade de forma natural?<\/li>\n<li>Precisa de resultados r\u00e1pidos, vis\u00edveis desde os primeiros dias?<\/li>\n<li>Voc\u00ea est\u00e1 buscando uma alternativa natural aos medicamentos?<\/li>\n<\/ul>\n<p>Sua f\u00f3rmula \u00e0 base de plantas tamb\u00e9m \u00e9 ideal para homens que se preocupam com a sa\u00fade e desejam evitar os efeitos colaterais de tratamentos m\u00e9dicos. Este suplemento \u00e9 perfeito para uso ocasional antes de um evento, um fim de semana rom\u00e2ntico ou para restaurar a virilidade ap\u00f3s um per\u00edodo de estresse ou fadiga.<\/p>\n<p><strong>Os benef\u00edcios do Hard Pulse<\/strong><\/p>\n<p>Hard Pulse \u00e9 essencial para homens que buscam uma <strong>solu\u00e7\u00e3o natural, r\u00e1pida e eficaz<\/strong> para melhorar sua vida sexual. Gra\u00e7as \u00e0 sua f\u00f3rmula bot\u00e2nica concentrada, este suplemento proporciona resultados reais desde os primeiros dias de uso. Os principais benef\u00edcios incluem:<\/p>\n<ul>\n<li>Estimula naturalmente <strong>a libido<\/strong> e <strong>o desejo sexual<\/strong> .<\/li>\n<li>Ajuda a melhorar <strong>a circula\u00e7\u00e3o sangu\u00ednea<\/strong> .<\/li>\n<li>Retarda a ejacula\u00e7\u00e3o para um melhor controle e <strong>uma intimidade mais duradoura<\/strong> .<\/li>\n<li>Aumenta <strong>a resist\u00eancia f\u00edsica e mental<\/strong> , sendo especialmente \u00fatil em situa\u00e7\u00f5es de estresse ou fadiga.<\/li>\n<\/ul>\n<p>Seu tratamento expresso de 10 dias garante a\u00e7\u00e3o r\u00e1pida, sendo ideal para uso ocasional ou antes de um evento especial.<\/p>\n<p>Com sua f\u00f3rmula sem efeitos colaterais, composi\u00e7\u00e3o \u00e0 base de plantas e <strong>origem 100% francesa<\/strong> , Hard Pulse \u00e9 uma solu\u00e7\u00e3o segura e eficaz para melhorar o desempenho sem concess\u00f5es.<\/p>\n<p><strong>Instru\u00e7\u00f5es de uso<\/strong><\/p>\n<ul>\n<li>Para obter os melhores resultados, recomenda-se:\n<ul>\n<li>Tome 2 c\u00e1psulas por dia, pela manh\u00e3, com um copo grande de \u00e1gua.<\/li>\n<li>Siga o curso completo de 10 dias sem interrup\u00e7\u00e3o.<\/li>\n<li>N\u00e3o exceda a dose di\u00e1ria recomendada.<\/li>\n<\/ul>\n<\/li>\n<li><strong>Avisos<\/strong> : Os suplementos alimentares n\u00e3o s\u00e3o medicamentos e n\u00e3o devem ser utilizados como substitutos de uma alimenta\u00e7\u00e3o variada e equilibrada. Utilize-os como parte de um estilo de vida saud\u00e1vel. N\u00e3o exceda a dose di\u00e1ria recomendada. Mantenha fora do alcance de crian\u00e7as. N\u00e3o se destina a mulheres gr\u00e1vidas ou a amamentar, nem a pessoas em tratamento m\u00e9dico.<\/li>\n<\/ul>\n<p><strong>Conte\u00fado e peso l\u00edquido<\/strong><\/p>\n<ul>\n<li>20 c\u00e1psulas.<\/li>\n<li>Peso l\u00edquido: 10,8 g.<\/li>\n<\/ul>\n<p><strong>Composi\u00e7\u00e3o<\/strong><\/p>\n<ul>\n<li><strong>Ingredientes<\/strong> : Extrato de maca (Lepidium meyenii), extrato de Asparagus racemosus, extrato de ginseng (Panax ginseng CA Meyer), \u00e1cido L-asc\u00f3rbico (vitamina C), extrato de lev\u00edstico (Levisticum officinale), antiaglomerantes: estearato de magn\u00e9sio, nicotinamida (vitamina B3), cloridrato de tiamina (vitamina B1). C\u00e1psula vegetal: hidroxipropilmetilcelulose. Corantes naturais: espirulina e concentrado de ma\u00e7\u00e3.<\/li>\n<li><strong>Informa\u00e7\u00e3o nutricional por 2 c\u00e1psulas:<\/strong>\n<ul>\n<li>Extrato de maca: 380 mg<\/li>\n<li>Extrato de Asparagus racemosus: 200 mg<\/li>\n<li>Extrato de ginseng: 100 mg<\/li>\n<li>Extrato de lev\u00edstico: 80 mg<\/li>\n<li>Vitamina C (VD 100%): 80 mg<\/li>\n<li>Vitamina B3 (VD 100%): 16 mg<\/li>\n<li>Vitamina B1 (VD 100%): 1,1 mg<\/li>\n<\/ul>\n<\/li>\n<li><strong>Benef\u00edcios dos ingredientes<\/strong>\n<ul>\n<li>Maca: estimula o desejo sexual.<\/li>\n<li>Asparagus racemosus: ajuda a retardar a ejacula\u00e7\u00e3o precoce.<\/li>\n<li>Lev\u00edstico: melhora a pot\u00eancia sexual gra\u00e7as \u00e0s suas propriedades revitalizantes.<\/li>\n<li>Ginseng: aumenta a resist\u00eancia para atividades sexuais frequentes.<\/li>\n<\/ul>\n<\/li>\n<\/ul>\n","protected":false},"excerpt":{"rendered":"<p>EMBALAGEM DISPON\u00cdVEL EM: \/fr\/es\/de\/en\/it\/<\/p>\n","protected":false},"featured_media":105342,"template":"","meta":{"_acf_changed":false},"product_brand":[],"product_cat":[49,52,88,70],"product_tag":[],"class_list":{"0":"post-105341","1":"product","2":"type-product","3":"status-publish","4":"has-post-thumbnail","6":"product_cat-cosmeticos","7":"product_cat-estimulantes","8":"product_cat-novidades","9":"product_cat-saude","10":"yith_product_brand-labophyto","11":"yith_product_brand-labophytoxpower","13":"first","14":"instock","15":"taxable","16":"shipping-taxable","17":"purchasable","18":"product-type-simple"},"acf":[],"yoast_head":"<!-- This site is optimized with the Yoast SEO plugin v27.4 - https:\/\/yoast.com\/product\/yoast-seo-wordpress\/ -->\n<title>XPOWER - TRATAMENTO EXPRESSO HARD PULSE: ERE\u00c7\u00c3O E RESIST\u00caNCIA POR 10 DIAS - 20 C\u00c1PSULAS - Lovme<\/title>\n<meta name=\"robots\" content=\"index, follow, max-snippet:-1, max-image-preview:large, max-video-preview:-1\" \/>\n<link rel=\"canonical\" href=\"https:\/\/lovme.pt\/index.php\/produto\/xpower-tratamento-expresso-hard-pulse-erecao-e-resistencia-por-10-dias-20-capsulas\/\" \/>\n<meta property=\"og:locale\" content=\"pt_PT\" \/>\n<meta property=\"og:type\" content=\"article\" \/>\n<meta property=\"og:title\" content=\"XPOWER - TRATAMENTO EXPRESSO HARD PULSE: ERE\u00c7\u00c3O E RESIST\u00caNCIA POR 10 DIAS - 20 C\u00c1PSULAS - Lovme\" \/>\n<meta property=\"og:description\" content=\"EMBALAGEM DISPON\u00cdVEL EM: \/fr\/es\/de\/en\/it\/\" \/>\n<meta property=\"og:url\" content=\"https:\/\/lovme.pt\/index.php\/produto\/xpower-tratamento-expresso-hard-pulse-erecao-e-resistencia-por-10-dias-20-capsulas\/\" \/>\n<meta property=\"og:site_name\" content=\"Lovme\" \/>\n<meta property=\"article:modified_time\" content=\"2026-02-19T20:22:30+00:00\" \/>\n<meta property=\"og:image\" content=\"https:\/\/erki24nd3ub.exactdn.com\/wp-content\/uploads\/dream\/img\/img_218351_a106c8032d1f38d910ce78beefef79fb_1.jpg?strip=all\" \/>\n\t<meta property=\"og:image:width\" content=\"900\" \/>\n\t<meta property=\"og:image:height\" content=\"900\" \/>\n\t<meta property=\"og:image:type\" content=\"image\/jpeg\" \/>\n<meta name=\"twitter:card\" content=\"summary_large_image\" \/>\n<meta name=\"twitter:label1\" content=\"Tempo estimado de leitura\" \/>\n\t<meta name=\"twitter:data1\" content=\"3 minutos\" \/>\n<script type=\"application\/ld+json\" class=\"yoast-schema-graph\">{\"@context\":\"https:\\\/\\\/schema.org\",\"@graph\":[{\"@type\":\"WebPage\",\"@id\":\"https:\\\/\\\/lovme.pt\\\/index.php\\\/produto\\\/xpower-tratamento-expresso-hard-pulse-erecao-e-resistencia-por-10-dias-20-capsulas\\\/\",\"url\":\"https:\\\/\\\/lovme.pt\\\/index.php\\\/produto\\\/xpower-tratamento-expresso-hard-pulse-erecao-e-resistencia-por-10-dias-20-capsulas\\\/\",\"name\":\"XPOWER - TRATAMENTO EXPRESSO HARD PULSE: ERE\u00c7\u00c3O E RESIST\u00caNCIA POR 10 DIAS - 20 C\u00c1PSULAS - Lovme\",\"isPartOf\":{\"@id\":\"https:\\\/\\\/lovme.pt\\\/#website\"},\"primaryImageOfPage\":{\"@id\":\"https:\\\/\\\/lovme.pt\\\/index.php\\\/produto\\\/xpower-tratamento-expresso-hard-pulse-erecao-e-resistencia-por-10-dias-20-capsulas\\\/#primaryimage\"},\"image\":{\"@id\":\"https:\\\/\\\/lovme.pt\\\/index.php\\\/produto\\\/xpower-tratamento-expresso-hard-pulse-erecao-e-resistencia-por-10-dias-20-capsulas\\\/#primaryimage\"},\"thumbnailUrl\":\"https:\\\/\\\/erki24nd3ub.exactdn.com\\\/wp-content\\\/uploads\\\/dream\\\/img\\\/img_218351_a106c8032d1f38d910ce78beefef79fb_1.jpg?strip=all\",\"datePublished\":\"2025-12-28T04:01:05+00:00\",\"dateModified\":\"2026-02-19T20:22:30+00:00\",\"breadcrumb\":{\"@id\":\"https:\\\/\\\/lovme.pt\\\/index.php\\\/produto\\\/xpower-tratamento-expresso-hard-pulse-erecao-e-resistencia-por-10-dias-20-capsulas\\\/#breadcrumb\"},\"inLanguage\":\"pt-PT\",\"potentialAction\":[{\"@type\":\"ReadAction\",\"target\":[\"https:\\\/\\\/lovme.pt\\\/index.php\\\/produto\\\/xpower-tratamento-expresso-hard-pulse-erecao-e-resistencia-por-10-dias-20-capsulas\\\/\"]}]},{\"@type\":\"ImageObject\",\"inLanguage\":\"pt-PT\",\"@id\":\"https:\\\/\\\/lovme.pt\\\/index.php\\\/produto\\\/xpower-tratamento-expresso-hard-pulse-erecao-e-resistencia-por-10-dias-20-capsulas\\\/#primaryimage\",\"url\":\"https:\\\/\\\/erki24nd3ub.exactdn.com\\\/wp-content\\\/uploads\\\/dream\\\/img\\\/img_218351_a106c8032d1f38d910ce78beefef79fb_1.jpg?strip=all\",\"contentUrl\":\"https:\\\/\\\/erki24nd3ub.exactdn.com\\\/wp-content\\\/uploads\\\/dream\\\/img\\\/img_218351_a106c8032d1f38d910ce78beefef79fb_1.jpg?strip=all\",\"width\":900,\"height\":900},{\"@type\":\"BreadcrumbList\",\"@id\":\"https:\\\/\\\/lovme.pt\\\/index.php\\\/produto\\\/xpower-tratamento-expresso-hard-pulse-erecao-e-resistencia-por-10-dias-20-capsulas\\\/#breadcrumb\",\"itemListElement\":[{\"@type\":\"ListItem\",\"position\":1,\"name\":\"In\u00edcio\",\"item\":\"https:\\\/\\\/lovme.pt\\\/\"},{\"@type\":\"ListItem\",\"position\":2,\"name\":\"Loja\",\"item\":\"https:\\\/\\\/lovme.pt\\\/index.php\\\/loja\\\/\"},{\"@type\":\"ListItem\",\"position\":3,\"name\":\"XPOWER &#8211; TRATAMENTO EXPRESSO HARD PULSE: ERE\u00c7\u00c3O E RESIST\u00caNCIA POR 10 DIAS &#8211; 20 C\u00c1PSULAS\"}]},{\"@type\":\"WebSite\",\"@id\":\"https:\\\/\\\/lovme.pt\\\/#website\",\"url\":\"https:\\\/\\\/lovme.pt\\\/\",\"name\":\"Lovme Loja Er\u00f3tica N\u00ba1 em Portugal\",\"description\":\"A melhor loja er\u00f3tica de Portugal.\",\"alternateName\":\"Loja Er\u00f3tica Lovme\",\"potentialAction\":[{\"@type\":\"SearchAction\",\"target\":{\"@type\":\"EntryPoint\",\"urlTemplate\":\"https:\\\/\\\/lovme.pt\\\/?s={search_term_string}\"},\"query-input\":{\"@type\":\"PropertyValueSpecification\",\"valueRequired\":true,\"valueName\":\"search_term_string\"}}],\"inLanguage\":\"pt-PT\"}]}<\/script>\n<!-- \/ Yoast SEO plugin. -->","yoast_head_json":{"title":"XPOWER - TRATAMENTO EXPRESSO HARD PULSE: ERE\u00c7\u00c3O E RESIST\u00caNCIA POR 10 DIAS - 20 C\u00c1PSULAS - Lovme","robots":{"index":"index","follow":"follow","max-snippet":"max-snippet:-1","max-image-preview":"max-image-preview:large","max-video-preview":"max-video-preview:-1"},"canonical":"https:\/\/lovme.pt\/index.php\/produto\/xpower-tratamento-expresso-hard-pulse-erecao-e-resistencia-por-10-dias-20-capsulas\/","og_locale":"pt_PT","og_type":"article","og_title":"XPOWER - TRATAMENTO EXPRESSO HARD PULSE: ERE\u00c7\u00c3O E RESIST\u00caNCIA POR 10 DIAS - 20 C\u00c1PSULAS - Lovme","og_description":"EMBALAGEM DISPON\u00cdVEL EM: \/fr\/es\/de\/en\/it\/","og_url":"https:\/\/lovme.pt\/index.php\/produto\/xpower-tratamento-expresso-hard-pulse-erecao-e-resistencia-por-10-dias-20-capsulas\/","og_site_name":"Lovme","article_modified_time":"2026-02-19T20:22:30+00:00","og_image":[{"width":900,"height":900,"url":"https:\/\/erki24nd3ub.exactdn.com\/wp-content\/uploads\/dream\/img\/img_218351_a106c8032d1f38d910ce78beefef79fb_1.jpg?strip=all","type":"image\/jpeg"}],"twitter_card":"summary_large_image","twitter_misc":{"Tempo estimado de leitura":"3 minutos"},"schema":{"@context":"https:\/\/schema.org","@graph":[{"@type":"WebPage","@id":"https:\/\/lovme.pt\/index.php\/produto\/xpower-tratamento-expresso-hard-pulse-erecao-e-resistencia-por-10-dias-20-capsulas\/","url":"https:\/\/lovme.pt\/index.php\/produto\/xpower-tratamento-expresso-hard-pulse-erecao-e-resistencia-por-10-dias-20-capsulas\/","name":"XPOWER - TRATAMENTO EXPRESSO HARD PULSE: ERE\u00c7\u00c3O E RESIST\u00caNCIA POR 10 DIAS - 20 C\u00c1PSULAS - Lovme","isPartOf":{"@id":"https:\/\/lovme.pt\/#website"},"primaryImageOfPage":{"@id":"https:\/\/lovme.pt\/index.php\/produto\/xpower-tratamento-expresso-hard-pulse-erecao-e-resistencia-por-10-dias-20-capsulas\/#primaryimage"},"image":{"@id":"https:\/\/lovme.pt\/index.php\/produto\/xpower-tratamento-expresso-hard-pulse-erecao-e-resistencia-por-10-dias-20-capsulas\/#primaryimage"},"thumbnailUrl":"https:\/\/erki24nd3ub.exactdn.com\/wp-content\/uploads\/dream\/img\/img_218351_a106c8032d1f38d910ce78beefef79fb_1.jpg?strip=all","datePublished":"2025-12-28T04:01:05+00:00","dateModified":"2026-02-19T20:22:30+00:00","breadcrumb":{"@id":"https:\/\/lovme.pt\/index.php\/produto\/xpower-tratamento-expresso-hard-pulse-erecao-e-resistencia-por-10-dias-20-capsulas\/#breadcrumb"},"inLanguage":"pt-PT","potentialAction":[{"@type":"ReadAction","target":["https:\/\/lovme.pt\/index.php\/produto\/xpower-tratamento-expresso-hard-pulse-erecao-e-resistencia-por-10-dias-20-capsulas\/"]}]},{"@type":"ImageObject","inLanguage":"pt-PT","@id":"https:\/\/lovme.pt\/index.php\/produto\/xpower-tratamento-expresso-hard-pulse-erecao-e-resistencia-por-10-dias-20-capsulas\/#primaryimage","url":"https:\/\/erki24nd3ub.exactdn.com\/wp-content\/uploads\/dream\/img\/img_218351_a106c8032d1f38d910ce78beefef79fb_1.jpg?strip=all","contentUrl":"https:\/\/erki24nd3ub.exactdn.com\/wp-content\/uploads\/dream\/img\/img_218351_a106c8032d1f38d910ce78beefef79fb_1.jpg?strip=all","width":900,"height":900},{"@type":"BreadcrumbList","@id":"https:\/\/lovme.pt\/index.php\/produto\/xpower-tratamento-expresso-hard-pulse-erecao-e-resistencia-por-10-dias-20-capsulas\/#breadcrumb","itemListElement":[{"@type":"ListItem","position":1,"name":"In\u00edcio","item":"https:\/\/lovme.pt\/"},{"@type":"ListItem","position":2,"name":"Loja","item":"https:\/\/lovme.pt\/index.php\/loja\/"},{"@type":"ListItem","position":3,"name":"XPOWER &#8211; TRATAMENTO EXPRESSO HARD PULSE: ERE\u00c7\u00c3O E RESIST\u00caNCIA POR 10 DIAS &#8211; 20 C\u00c1PSULAS"}]},{"@type":"WebSite","@id":"https:\/\/lovme.pt\/#website","url":"https:\/\/lovme.pt\/","name":"Lovme Loja Er\u00f3tica N\u00ba1 em Portugal","description":"A melhor loja er\u00f3tica de Portugal.","alternateName":"Loja Er\u00f3tica Lovme","potentialAction":[{"@type":"SearchAction","target":{"@type":"EntryPoint","urlTemplate":"https:\/\/lovme.pt\/?s={search_term_string}"},"query-input":{"@type":"PropertyValueSpecification","valueRequired":true,"valueName":"search_term_string"}}],"inLanguage":"pt-PT"}]}},"_links":{"self":[{"href":"https:\/\/lovme.pt\/index.php\/wp-json\/wp\/v2\/product\/105341","targetHints":{"allow":["GET"]}}],"collection":[{"href":"https:\/\/lovme.pt\/index.php\/wp-json\/wp\/v2\/product"}],"about":[{"href":"https:\/\/lovme.pt\/index.php\/wp-json\/wp\/v2\/types\/product"}],"wp:featuredmedia":[{"embeddable":true,"href":"https:\/\/lovme.pt\/index.php\/wp-json\/wp\/v2\/media\/105342"}],"wp:attachment":[{"href":"https:\/\/lovme.pt\/index.php\/wp-json\/wp\/v2\/media?parent=105341"}],"wp:term":[{"taxonomy":"product_brand","embeddable":true,"href":"https:\/\/lovme.pt\/index.php\/wp-json\/wp\/v2\/product_brand?post=105341"},{"taxonomy":"product_cat","embeddable":true,"href":"https:\/\/lovme.pt\/index.php\/wp-json\/wp\/v2\/product_cat?post=105341"},{"taxonomy":"product_tag","embeddable":true,"href":"https:\/\/lovme.pt\/index.php\/wp-json\/wp\/v2\/product_tag?post=105341"}],"curies":[{"name":"wp","href":"https:\/\/api.w.org\/{rel}","templated":true}]}}