{"id":105328,"date":"2025-12-26T14:02:13","date_gmt":"2025-12-26T14:02:13","guid":{"rendered":"https:\/\/lovme.pt\/?post_type=product&p=105328"},"modified":"2026-02-19T20:12:32","modified_gmt":"2026-02-19T20:12:32","slug":"diablo-picante-caixa-erotica-misteriosa-para-ela-15-x-15","status":"publish","type":"product","link":"https:\/\/lovme.pt\/index.php\/produto\/diablo-picante-caixa-erotica-misteriosa-para-ela-15-x-15\/","title":{"rendered":"DIABLO PICANTE &#8211; CAIXA ER\u00d3TICA MISTERIOSA PARA ELA 15 X 15"},"content":{"rendered":"<p>A Caixa Misteriosa para Ela \u00e9 uma caixa surpresa divertida, irreverente e totalmente inesperada, criada para presentear com momentos de riso, brincadeiras e cumplicidade. \u00c9 o detalhe perfeito para surpreender tanto a pessoa que a recebe quanto a si mesma, j\u00e1 que o conte\u00fado permanece um mist\u00e9rio at\u00e9 a abertura da caixa.<\/p>\n<p> Esta caixa combina humor, erotismo leve e itens divertidos e inusitados, tornando-se um presente original para anivers\u00e1rios, despedidas de solteira, anivers\u00e1rios de casamento, Dia dos Namorados ou simplesmente para quebrar a rotina. Cada caixa \u00e9 cuidadosamente preparada para oferecer uma experi\u00eancia divertida e descontra\u00edda. Dentro dela, voc\u00ea sempre encontrar\u00e1 uma sele\u00e7\u00e3o variada de itens er\u00f3ticos divertidos, criados para brincar, rir e se divertir com um parceiro ou amigos. O conte\u00fado pode variar, tornando cada caixa \u00fanica.<\/p>\n<p> <u><strong>CARACTER\u00cdSTICAS<\/strong><\/u> :<\/p>\n<ul>\n<li> Caixa surpresa criada especialmente para mulheres.<\/li>\n<li> Foco: Humor, erotismo leve e divers\u00e3o<\/li>\n<li> Dimens\u00f5es: 15 x 15 cm<\/li>\n<li> Conte\u00fado: Aleat\u00f3rio (n\u00e3o vis\u00edvel antes de abrir)  Sempre inclui um cart\u00e3o de pegadinha, um adesivo er\u00f3tico e um desafio picante, juntamente com v\u00e1rios itens er\u00f3ticos divertidos, como uma tanga er\u00f3tica, um brinquedo de morda\u00e7a, dois dados de posi\u00e7\u00f5es, um vibrador, um jogo de bondage, etc.<\/li>\n<li> Ideal para: Presentes originais, pegadinhas, jogos de casal, despedidas de solteira, comemora\u00e7\u00f5es.<\/li>\n<\/ul>\n<p> Um cl\u00e1ssico da <strong>DIVERTY SEX<\/strong>  Com mais de 20 anos de experi\u00eancia no mercado de produtos er\u00f3ticos, <strong>a DIVERTY SEX<\/strong> se consolidou como uma marca l\u00edder em presentes sensuais e originais com um toque de humor. Sua filosofia \u00e9 simples: fazer as pessoas rirem, surpreend\u00ea-las e ajud\u00e1-las a relaxar. Seja para animar uma festa, presentear um amigo de surpresa ou quebrar o gelo com humor, este produto \u00e9 indispens\u00e1vel em qualquer cole\u00e7\u00e3o de presentes festivos.<\/p>\n","protected":false},"excerpt":{"rendered":"<p>DIABLO PICANTE &#8211; CAIXA ER\u00d3TICA MISTERIOSA PARA ELA 15 X 17<\/p>\n","protected":false},"featured_media":105329,"template":"","meta":{"_acf_changed":false},"product_brand":[],"product_cat":[69,15],"product_tag":[],"class_list":{"0":"post-105328","1":"product","2":"type-product","3":"status-publish","4":"has-post-thumbnail","6":"product_cat-jogos-eroticos","7":"product_cat-loja","8":"yith_product_brand-diverty-sexdiablo-picante","9":"yith_product_brand-diverty-sex","11":"first","12":"instock","13":"taxable","14":"shipping-taxable","15":"purchasable","16":"product-type-simple"},"acf":[],"yoast_head":"<!-- This site is optimized with the Yoast SEO plugin v27.4 - https:\/\/yoast.com\/product\/yoast-seo-wordpress\/ -->\n<title>DIABLO PICANTE - CAIXA ER\u00d3TICA MISTERIOSA PARA ELA 15 X 15 - Lovme<\/title>\n<meta name=\"robots\" content=\"index, follow, max-snippet:-1, max-image-preview:large, max-video-preview:-1\" \/>\n<link rel=\"canonical\" href=\"https:\/\/lovme.pt\/index.php\/produto\/diablo-picante-caixa-erotica-misteriosa-para-ela-15-x-15\/\" \/>\n<meta property=\"og:locale\" content=\"pt_PT\" \/>\n<meta property=\"og:type\" content=\"article\" \/>\n<meta property=\"og:title\" content=\"DIABLO PICANTE - CAIXA ER\u00d3TICA MISTERIOSA PARA ELA 15 X 15 - Lovme\" \/>\n<meta property=\"og:description\" content=\"DIABLO PICANTE - CAIXA ER\u00d3TICA MISTERIOSA PARA ELA 15 X 17\" \/>\n<meta property=\"og:url\" content=\"https:\/\/lovme.pt\/index.php\/produto\/diablo-picante-caixa-erotica-misteriosa-para-ela-15-x-15\/\" \/>\n<meta property=\"og:site_name\" content=\"Lovme\" \/>\n<meta property=\"article:modified_time\" content=\"2026-02-19T20:12:32+00:00\" \/>\n<meta property=\"og:image\" content=\"https:\/\/erki24nd3ub.exactdn.com\/wp-content\/uploads\/dream\/img\/img_217979_3feb8a02f57b527cbef7d62ee5144a4f_1.jpg?strip=all\" \/>\n\t<meta property=\"og:image:width\" content=\"900\" \/>\n\t<meta property=\"og:image:height\" content=\"900\" \/>\n\t<meta property=\"og:image:type\" content=\"image\/jpeg\" \/>\n<meta name=\"twitter:card\" content=\"summary_large_image\" \/>\n<meta name=\"twitter:label1\" content=\"Tempo estimado de leitura\" \/>\n\t<meta name=\"twitter:data1\" content=\"2 minutos\" \/>\n<script type=\"application\/ld+json\" class=\"yoast-schema-graph\">{\"@context\":\"https:\\\/\\\/schema.org\",\"@graph\":[{\"@type\":\"WebPage\",\"@id\":\"https:\\\/\\\/lovme.pt\\\/index.php\\\/produto\\\/diablo-picante-caixa-erotica-misteriosa-para-ela-15-x-15\\\/\",\"url\":\"https:\\\/\\\/lovme.pt\\\/index.php\\\/produto\\\/diablo-picante-caixa-erotica-misteriosa-para-ela-15-x-15\\\/\",\"name\":\"DIABLO PICANTE - CAIXA ER\u00d3TICA MISTERIOSA PARA ELA 15 X 15 - Lovme\",\"isPartOf\":{\"@id\":\"https:\\\/\\\/lovme.pt\\\/#website\"},\"primaryImageOfPage\":{\"@id\":\"https:\\\/\\\/lovme.pt\\\/index.php\\\/produto\\\/diablo-picante-caixa-erotica-misteriosa-para-ela-15-x-15\\\/#primaryimage\"},\"image\":{\"@id\":\"https:\\\/\\\/lovme.pt\\\/index.php\\\/produto\\\/diablo-picante-caixa-erotica-misteriosa-para-ela-15-x-15\\\/#primaryimage\"},\"thumbnailUrl\":\"https:\\\/\\\/erki24nd3ub.exactdn.com\\\/wp-content\\\/uploads\\\/dream\\\/img\\\/img_217979_3feb8a02f57b527cbef7d62ee5144a4f_1.jpg?strip=all\",\"datePublished\":\"2025-12-26T14:02:13+00:00\",\"dateModified\":\"2026-02-19T20:12:32+00:00\",\"breadcrumb\":{\"@id\":\"https:\\\/\\\/lovme.pt\\\/index.php\\\/produto\\\/diablo-picante-caixa-erotica-misteriosa-para-ela-15-x-15\\\/#breadcrumb\"},\"inLanguage\":\"pt-PT\",\"potentialAction\":[{\"@type\":\"ReadAction\",\"target\":[\"https:\\\/\\\/lovme.pt\\\/index.php\\\/produto\\\/diablo-picante-caixa-erotica-misteriosa-para-ela-15-x-15\\\/\"]}]},{\"@type\":\"ImageObject\",\"inLanguage\":\"pt-PT\",\"@id\":\"https:\\\/\\\/lovme.pt\\\/index.php\\\/produto\\\/diablo-picante-caixa-erotica-misteriosa-para-ela-15-x-15\\\/#primaryimage\",\"url\":\"https:\\\/\\\/erki24nd3ub.exactdn.com\\\/wp-content\\\/uploads\\\/dream\\\/img\\\/img_217979_3feb8a02f57b527cbef7d62ee5144a4f_1.jpg?strip=all\",\"contentUrl\":\"https:\\\/\\\/erki24nd3ub.exactdn.com\\\/wp-content\\\/uploads\\\/dream\\\/img\\\/img_217979_3feb8a02f57b527cbef7d62ee5144a4f_1.jpg?strip=all\",\"width\":900,\"height\":900},{\"@type\":\"BreadcrumbList\",\"@id\":\"https:\\\/\\\/lovme.pt\\\/index.php\\\/produto\\\/diablo-picante-caixa-erotica-misteriosa-para-ela-15-x-15\\\/#breadcrumb\",\"itemListElement\":[{\"@type\":\"ListItem\",\"position\":1,\"name\":\"In\u00edcio\",\"item\":\"https:\\\/\\\/lovme.pt\\\/\"},{\"@type\":\"ListItem\",\"position\":2,\"name\":\"Loja\",\"item\":\"https:\\\/\\\/lovme.pt\\\/index.php\\\/loja\\\/\"},{\"@type\":\"ListItem\",\"position\":3,\"name\":\"DIABLO PICANTE &#8211; CAIXA ER\u00d3TICA MISTERIOSA PARA ELA 15 X 15\"}]},{\"@type\":\"WebSite\",\"@id\":\"https:\\\/\\\/lovme.pt\\\/#website\",\"url\":\"https:\\\/\\\/lovme.pt\\\/\",\"name\":\"Lovme Loja Er\u00f3tica N\u00ba1 em Portugal\",\"description\":\"A melhor loja er\u00f3tica de Portugal.\",\"alternateName\":\"Loja Er\u00f3tica Lovme\",\"potentialAction\":[{\"@type\":\"SearchAction\",\"target\":{\"@type\":\"EntryPoint\",\"urlTemplate\":\"https:\\\/\\\/lovme.pt\\\/?s={search_term_string}\"},\"query-input\":{\"@type\":\"PropertyValueSpecification\",\"valueRequired\":true,\"valueName\":\"search_term_string\"}}],\"inLanguage\":\"pt-PT\"}]}<\/script>\n<!-- \/ Yoast SEO plugin. -->","yoast_head_json":{"title":"DIABLO PICANTE - CAIXA ER\u00d3TICA MISTERIOSA PARA ELA 15 X 15 - Lovme","robots":{"index":"index","follow":"follow","max-snippet":"max-snippet:-1","max-image-preview":"max-image-preview:large","max-video-preview":"max-video-preview:-1"},"canonical":"https:\/\/lovme.pt\/index.php\/produto\/diablo-picante-caixa-erotica-misteriosa-para-ela-15-x-15\/","og_locale":"pt_PT","og_type":"article","og_title":"DIABLO PICANTE - CAIXA ER\u00d3TICA MISTERIOSA PARA ELA 15 X 15 - Lovme","og_description":"DIABLO PICANTE - CAIXA ER\u00d3TICA MISTERIOSA PARA ELA 15 X 17","og_url":"https:\/\/lovme.pt\/index.php\/produto\/diablo-picante-caixa-erotica-misteriosa-para-ela-15-x-15\/","og_site_name":"Lovme","article_modified_time":"2026-02-19T20:12:32+00:00","og_image":[{"width":900,"height":900,"url":"https:\/\/erki24nd3ub.exactdn.com\/wp-content\/uploads\/dream\/img\/img_217979_3feb8a02f57b527cbef7d62ee5144a4f_1.jpg?strip=all","type":"image\/jpeg"}],"twitter_card":"summary_large_image","twitter_misc":{"Tempo estimado de leitura":"2 minutos"},"schema":{"@context":"https:\/\/schema.org","@graph":[{"@type":"WebPage","@id":"https:\/\/lovme.pt\/index.php\/produto\/diablo-picante-caixa-erotica-misteriosa-para-ela-15-x-15\/","url":"https:\/\/lovme.pt\/index.php\/produto\/diablo-picante-caixa-erotica-misteriosa-para-ela-15-x-15\/","name":"DIABLO PICANTE - CAIXA ER\u00d3TICA MISTERIOSA PARA ELA 15 X 15 - Lovme","isPartOf":{"@id":"https:\/\/lovme.pt\/#website"},"primaryImageOfPage":{"@id":"https:\/\/lovme.pt\/index.php\/produto\/diablo-picante-caixa-erotica-misteriosa-para-ela-15-x-15\/#primaryimage"},"image":{"@id":"https:\/\/lovme.pt\/index.php\/produto\/diablo-picante-caixa-erotica-misteriosa-para-ela-15-x-15\/#primaryimage"},"thumbnailUrl":"https:\/\/erki24nd3ub.exactdn.com\/wp-content\/uploads\/dream\/img\/img_217979_3feb8a02f57b527cbef7d62ee5144a4f_1.jpg?strip=all","datePublished":"2025-12-26T14:02:13+00:00","dateModified":"2026-02-19T20:12:32+00:00","breadcrumb":{"@id":"https:\/\/lovme.pt\/index.php\/produto\/diablo-picante-caixa-erotica-misteriosa-para-ela-15-x-15\/#breadcrumb"},"inLanguage":"pt-PT","potentialAction":[{"@type":"ReadAction","target":["https:\/\/lovme.pt\/index.php\/produto\/diablo-picante-caixa-erotica-misteriosa-para-ela-15-x-15\/"]}]},{"@type":"ImageObject","inLanguage":"pt-PT","@id":"https:\/\/lovme.pt\/index.php\/produto\/diablo-picante-caixa-erotica-misteriosa-para-ela-15-x-15\/#primaryimage","url":"https:\/\/erki24nd3ub.exactdn.com\/wp-content\/uploads\/dream\/img\/img_217979_3feb8a02f57b527cbef7d62ee5144a4f_1.jpg?strip=all","contentUrl":"https:\/\/erki24nd3ub.exactdn.com\/wp-content\/uploads\/dream\/img\/img_217979_3feb8a02f57b527cbef7d62ee5144a4f_1.jpg?strip=all","width":900,"height":900},{"@type":"BreadcrumbList","@id":"https:\/\/lovme.pt\/index.php\/produto\/diablo-picante-caixa-erotica-misteriosa-para-ela-15-x-15\/#breadcrumb","itemListElement":[{"@type":"ListItem","position":1,"name":"In\u00edcio","item":"https:\/\/lovme.pt\/"},{"@type":"ListItem","position":2,"name":"Loja","item":"https:\/\/lovme.pt\/index.php\/loja\/"},{"@type":"ListItem","position":3,"name":"DIABLO PICANTE &#8211; CAIXA ER\u00d3TICA MISTERIOSA PARA ELA 15 X 15"}]},{"@type":"WebSite","@id":"https:\/\/lovme.pt\/#website","url":"https:\/\/lovme.pt\/","name":"Lovme Loja Er\u00f3tica N\u00ba1 em Portugal","description":"A melhor loja er\u00f3tica de Portugal.","alternateName":"Loja Er\u00f3tica Lovme","potentialAction":[{"@type":"SearchAction","target":{"@type":"EntryPoint","urlTemplate":"https:\/\/lovme.pt\/?s={search_term_string}"},"query-input":{"@type":"PropertyValueSpecification","valueRequired":true,"valueName":"search_term_string"}}],"inLanguage":"pt-PT"}]}},"_links":{"self":[{"href":"https:\/\/lovme.pt\/index.php\/wp-json\/wp\/v2\/product\/105328","targetHints":{"allow":["GET"]}}],"collection":[{"href":"https:\/\/lovme.pt\/index.php\/wp-json\/wp\/v2\/product"}],"about":[{"href":"https:\/\/lovme.pt\/index.php\/wp-json\/wp\/v2\/types\/product"}],"wp:featuredmedia":[{"embeddable":true,"href":"https:\/\/lovme.pt\/index.php\/wp-json\/wp\/v2\/media\/105329"}],"wp:attachment":[{"href":"https:\/\/lovme.pt\/index.php\/wp-json\/wp\/v2\/media?parent=105328"}],"wp:term":[{"taxonomy":"product_brand","embeddable":true,"href":"https:\/\/lovme.pt\/index.php\/wp-json\/wp\/v2\/product_brand?post=105328"},{"taxonomy":"product_cat","embeddable":true,"href":"https:\/\/lovme.pt\/index.php\/wp-json\/wp\/v2\/product_cat?post=105328"},{"taxonomy":"product_tag","embeddable":true,"href":"https:\/\/lovme.pt\/index.php\/wp-json\/wp\/v2\/product_tag?post=105328"}],"curies":[{"name":"wp","href":"https:\/\/api.w.org\/{rel}","templated":true}]}}