{"id":105314,"date":"2025-12-23T16:03:52","date_gmt":"2025-12-23T16:03:52","guid":{"rendered":"https:\/\/lovme.pt\/?post_type=product&p=105314"},"modified":"2026-02-19T20:20:32","modified_gmt":"2026-02-19T20:20:32","slug":"pherostrong-flare-perfume-com-feromonios-para-mulheres-50-ml","status":"publish","type":"product","link":"https:\/\/lovme.pt\/index.php\/produto\/pherostrong-flare-perfume-com-feromonios-para-mulheres-50-ml\/","title":{"rendered":"PHEROSTRONG &#8211; FLARE PERFUME COM FEROM\u00d4NIOS PARA MULHERES 50 ML"},"content":{"rendered":"<p>Flare for Women, da PheroStrong\u00ae, \u00e9 uma fragr\u00e2ncia apaixonante e sofisticada, criada para a mulher que lidera com intensidade e eleg\u00e2ncia. Abre com uma explos\u00e3o de pimenta rosa e bergamota \u2014 brilhante, cintilante e cheia de confian\u00e7a. No cora\u00e7\u00e3o, uma rica mistura floral de rosa b\u00falgara, rosa turca e jasmim eg\u00edpcio: exuberante, rom\u00e2ntica e profundamente expressiva. A base de baunilha cremosa de Madagascar e \u00e2mbar quente proporciona um acabamento aveludado que permanece delicadamente na pele. Flare for Women n\u00e3o \u00e9 apenas um perfume: \u00e9 uma aura, uma presen\u00e7a, uma assinatura sensual para mulheres ousadas e aut\u00eanticas.<\/p>\n<p><strong>Todos n\u00f3s queremos:<\/strong><\/p>\n<ul>\n<li>Causar uma primeira impress\u00e3o positiva e inesquec\u00edvel, estar no centro das aten\u00e7\u00f5es.<\/li>\n<li>Inspirar confian\u00e7a, abertura e gentileza nas pessoas que encontramos.<\/li>\n<li>Para alcan\u00e7ar o sucesso profissional, aumentar nossa efic\u00e1cia e conquistar promo\u00e7\u00f5es.<\/li>\n<li>Desfrutar do respeito e reconhecimento daqueles que nos rodeiam \u2014 ser uma mulher ou um homem feliz, amado e realizado. Ser uma PESSOA DE SUCESSO!<\/li>\n<li>Para despertar o desejo no sexo oposto, atrair olhares e seduzir com sensualidade natural.<\/li>\n<li>Ser um amante apaixonado que eletriza os sentidos e satisfaz desejos sem inibi\u00e7\u00f5es.<\/li>\n<\/ul>\n<p><u><strong>CARACTER\u00cdSTICAS:<\/strong><\/u><\/p>\n<ul>\n<li><strong>Notas de topo:<\/strong> Pimenta rosa, bergamota<\/li>\n<li><strong>Notas de cora\u00e7\u00e3o:<\/strong> rosa b\u00falgara, rosa turca, jasmim eg\u00edpcio.<\/li>\n<li><strong>Notas de fundo:<\/strong> Baunilha de Madagascar, \u00e2mbar<\/li>\n<li><strong>Aplica\u00e7\u00e3o do produto:<\/strong> Aumenta a autoexpress\u00e3o e a energia feminina.<\/li>\n<li><strong>INCI:<\/strong> \u00c1lcool desnaturado, perfume\/fragr\u00e2ncia, \u00e1gua, tetrametil acetiloctahidronaftalenos, limoneno, acetato de linalila, linalol, pineno, acetato de geranila, vanilina, citronelol, geraniol, cetonas de rosa, citral, \u00f3leo\/extrato de flor de rosa, beta-cariofileno, terpinoleno, terpineol, alfa-terpineno<\/li>\n<li><strong>Instru\u00e7\u00f5es:<\/strong> Aplique uma pequena quantidade nos pulsos, pesco\u00e7o ou atr\u00e1s das orelhas. Evite o contato com os olhos. Somente para uso externo.<\/li>\n<li><strong>Nota de seguran\u00e7a:<\/strong> Armazene em local fresco e seco, longe da luz solar direta e do fogo. Mantenha fora do alcance de crian\u00e7as.<\/li>\n<\/ul>\n<p>Os ferom\u00f4nios PheroStrong\u00ae podem influenciar a forma como percebemos os outros e como eles nos percebem, promovendo comunica\u00e7\u00e3o, confian\u00e7a e sensa\u00e7\u00e3o de seguran\u00e7a. Gra\u00e7as ao seu efeito na atividade das ondas cerebrais alfa e nos neurotransmissores, s\u00e3o utilizados tanto em ambientes profissionais quanto no dia a dia ou em relacionamentos \u00edntimos. PheroStrong\u00ae serve como uma ferramenta para aprimorar a comunica\u00e7\u00e3o, a presen\u00e7a pessoal e a qualidade dos relacionamentos, moldando de forma sutil e natural a atmosfera ao seu redor.<\/p>\n","protected":false},"excerpt":{"rendered":"<p>PHEROSTRONG &#8211; FLARE PERFUME COM FEROM\u00d4NIOS PARA MULHERES 50 ML<\/p>\n","protected":false},"featured_media":105315,"template":"","meta":{"_acf_changed":false},"product_brand":[],"product_cat":[49,88],"product_tag":[],"class_list":{"0":"post-105314","1":"product","2":"type-product","3":"status-publish","4":"has-post-thumbnail","6":"product_cat-cosmeticos","7":"product_cat-novidades","8":"yith_product_brand-pherostrong","10":"first","11":"instock","12":"taxable","13":"shipping-taxable","14":"purchasable","15":"product-type-simple"},"acf":[],"yoast_head":"<!-- This site is optimized with the Yoast SEO plugin v27.4 - https:\/\/yoast.com\/product\/yoast-seo-wordpress\/ -->\n<title>PHEROSTRONG - FLARE PERFUME COM FEROM\u00d4NIOS PARA MULHERES 50 ML - Lovme<\/title>\n<meta name=\"robots\" content=\"index, follow, max-snippet:-1, max-image-preview:large, max-video-preview:-1\" \/>\n<link rel=\"canonical\" href=\"https:\/\/lovme.pt\/index.php\/produto\/pherostrong-flare-perfume-com-feromonios-para-mulheres-50-ml\/\" \/>\n<meta property=\"og:locale\" content=\"pt_PT\" \/>\n<meta property=\"og:type\" content=\"article\" \/>\n<meta property=\"og:title\" content=\"PHEROSTRONG - FLARE PERFUME COM FEROM\u00d4NIOS PARA MULHERES 50 ML - Lovme\" \/>\n<meta property=\"og:description\" content=\"PHEROSTRONG - FLARE PERFUME COM FEROM\u00d4NIOS PARA MULHERES 50 ML\" \/>\n<meta property=\"og:url\" content=\"https:\/\/lovme.pt\/index.php\/produto\/pherostrong-flare-perfume-com-feromonios-para-mulheres-50-ml\/\" \/>\n<meta property=\"og:site_name\" content=\"Lovme\" \/>\n<meta property=\"article:modified_time\" content=\"2026-02-19T20:20:32+00:00\" \/>\n<meta property=\"og:image\" content=\"https:\/\/erki24nd3ub.exactdn.com\/wp-content\/uploads\/dream\/img\/img_217806_bc96283e6ee58f50081164c9127b44e0_1.jpg?strip=all\" \/>\n\t<meta property=\"og:image:width\" content=\"900\" \/>\n\t<meta property=\"og:image:height\" content=\"900\" \/>\n\t<meta property=\"og:image:type\" content=\"image\/jpeg\" \/>\n<meta name=\"twitter:card\" content=\"summary_large_image\" \/>\n<meta name=\"twitter:label1\" content=\"Tempo estimado de leitura\" \/>\n\t<meta name=\"twitter:data1\" content=\"2 minutos\" \/>\n<script type=\"application\/ld+json\" class=\"yoast-schema-graph\">{\"@context\":\"https:\\\/\\\/schema.org\",\"@graph\":[{\"@type\":\"WebPage\",\"@id\":\"https:\\\/\\\/lovme.pt\\\/index.php\\\/produto\\\/pherostrong-flare-perfume-com-feromonios-para-mulheres-50-ml\\\/\",\"url\":\"https:\\\/\\\/lovme.pt\\\/index.php\\\/produto\\\/pherostrong-flare-perfume-com-feromonios-para-mulheres-50-ml\\\/\",\"name\":\"PHEROSTRONG - FLARE PERFUME COM FEROM\u00d4NIOS PARA MULHERES 50 ML - Lovme\",\"isPartOf\":{\"@id\":\"https:\\\/\\\/lovme.pt\\\/#website\"},\"primaryImageOfPage\":{\"@id\":\"https:\\\/\\\/lovme.pt\\\/index.php\\\/produto\\\/pherostrong-flare-perfume-com-feromonios-para-mulheres-50-ml\\\/#primaryimage\"},\"image\":{\"@id\":\"https:\\\/\\\/lovme.pt\\\/index.php\\\/produto\\\/pherostrong-flare-perfume-com-feromonios-para-mulheres-50-ml\\\/#primaryimage\"},\"thumbnailUrl\":\"https:\\\/\\\/erki24nd3ub.exactdn.com\\\/wp-content\\\/uploads\\\/dream\\\/img\\\/img_217806_bc96283e6ee58f50081164c9127b44e0_1.jpg?strip=all\",\"datePublished\":\"2025-12-23T16:03:52+00:00\",\"dateModified\":\"2026-02-19T20:20:32+00:00\",\"breadcrumb\":{\"@id\":\"https:\\\/\\\/lovme.pt\\\/index.php\\\/produto\\\/pherostrong-flare-perfume-com-feromonios-para-mulheres-50-ml\\\/#breadcrumb\"},\"inLanguage\":\"pt-PT\",\"potentialAction\":[{\"@type\":\"ReadAction\",\"target\":[\"https:\\\/\\\/lovme.pt\\\/index.php\\\/produto\\\/pherostrong-flare-perfume-com-feromonios-para-mulheres-50-ml\\\/\"]}]},{\"@type\":\"ImageObject\",\"inLanguage\":\"pt-PT\",\"@id\":\"https:\\\/\\\/lovme.pt\\\/index.php\\\/produto\\\/pherostrong-flare-perfume-com-feromonios-para-mulheres-50-ml\\\/#primaryimage\",\"url\":\"https:\\\/\\\/erki24nd3ub.exactdn.com\\\/wp-content\\\/uploads\\\/dream\\\/img\\\/img_217806_bc96283e6ee58f50081164c9127b44e0_1.jpg?strip=all\",\"contentUrl\":\"https:\\\/\\\/erki24nd3ub.exactdn.com\\\/wp-content\\\/uploads\\\/dream\\\/img\\\/img_217806_bc96283e6ee58f50081164c9127b44e0_1.jpg?strip=all\",\"width\":900,\"height\":900},{\"@type\":\"BreadcrumbList\",\"@id\":\"https:\\\/\\\/lovme.pt\\\/index.php\\\/produto\\\/pherostrong-flare-perfume-com-feromonios-para-mulheres-50-ml\\\/#breadcrumb\",\"itemListElement\":[{\"@type\":\"ListItem\",\"position\":1,\"name\":\"In\u00edcio\",\"item\":\"https:\\\/\\\/lovme.pt\\\/\"},{\"@type\":\"ListItem\",\"position\":2,\"name\":\"Loja\",\"item\":\"https:\\\/\\\/lovme.pt\\\/index.php\\\/loja\\\/\"},{\"@type\":\"ListItem\",\"position\":3,\"name\":\"PHEROSTRONG &#8211; FLARE PERFUME COM FEROM\u00d4NIOS PARA MULHERES 50 ML\"}]},{\"@type\":\"WebSite\",\"@id\":\"https:\\\/\\\/lovme.pt\\\/#website\",\"url\":\"https:\\\/\\\/lovme.pt\\\/\",\"name\":\"Lovme Loja Er\u00f3tica N\u00ba1 em Portugal\",\"description\":\"A melhor loja er\u00f3tica de Portugal.\",\"alternateName\":\"Loja Er\u00f3tica Lovme\",\"potentialAction\":[{\"@type\":\"SearchAction\",\"target\":{\"@type\":\"EntryPoint\",\"urlTemplate\":\"https:\\\/\\\/lovme.pt\\\/?s={search_term_string}\"},\"query-input\":{\"@type\":\"PropertyValueSpecification\",\"valueRequired\":true,\"valueName\":\"search_term_string\"}}],\"inLanguage\":\"pt-PT\"}]}<\/script>\n<!-- \/ Yoast SEO plugin. -->","yoast_head_json":{"title":"PHEROSTRONG - FLARE PERFUME COM FEROM\u00d4NIOS PARA MULHERES 50 ML - Lovme","robots":{"index":"index","follow":"follow","max-snippet":"max-snippet:-1","max-image-preview":"max-image-preview:large","max-video-preview":"max-video-preview:-1"},"canonical":"https:\/\/lovme.pt\/index.php\/produto\/pherostrong-flare-perfume-com-feromonios-para-mulheres-50-ml\/","og_locale":"pt_PT","og_type":"article","og_title":"PHEROSTRONG - FLARE PERFUME COM FEROM\u00d4NIOS PARA MULHERES 50 ML - Lovme","og_description":"PHEROSTRONG - FLARE PERFUME COM FEROM\u00d4NIOS PARA MULHERES 50 ML","og_url":"https:\/\/lovme.pt\/index.php\/produto\/pherostrong-flare-perfume-com-feromonios-para-mulheres-50-ml\/","og_site_name":"Lovme","article_modified_time":"2026-02-19T20:20:32+00:00","og_image":[{"width":900,"height":900,"url":"https:\/\/erki24nd3ub.exactdn.com\/wp-content\/uploads\/dream\/img\/img_217806_bc96283e6ee58f50081164c9127b44e0_1.jpg?strip=all","type":"image\/jpeg"}],"twitter_card":"summary_large_image","twitter_misc":{"Tempo estimado de leitura":"2 minutos"},"schema":{"@context":"https:\/\/schema.org","@graph":[{"@type":"WebPage","@id":"https:\/\/lovme.pt\/index.php\/produto\/pherostrong-flare-perfume-com-feromonios-para-mulheres-50-ml\/","url":"https:\/\/lovme.pt\/index.php\/produto\/pherostrong-flare-perfume-com-feromonios-para-mulheres-50-ml\/","name":"PHEROSTRONG - FLARE PERFUME COM FEROM\u00d4NIOS PARA MULHERES 50 ML - Lovme","isPartOf":{"@id":"https:\/\/lovme.pt\/#website"},"primaryImageOfPage":{"@id":"https:\/\/lovme.pt\/index.php\/produto\/pherostrong-flare-perfume-com-feromonios-para-mulheres-50-ml\/#primaryimage"},"image":{"@id":"https:\/\/lovme.pt\/index.php\/produto\/pherostrong-flare-perfume-com-feromonios-para-mulheres-50-ml\/#primaryimage"},"thumbnailUrl":"https:\/\/erki24nd3ub.exactdn.com\/wp-content\/uploads\/dream\/img\/img_217806_bc96283e6ee58f50081164c9127b44e0_1.jpg?strip=all","datePublished":"2025-12-23T16:03:52+00:00","dateModified":"2026-02-19T20:20:32+00:00","breadcrumb":{"@id":"https:\/\/lovme.pt\/index.php\/produto\/pherostrong-flare-perfume-com-feromonios-para-mulheres-50-ml\/#breadcrumb"},"inLanguage":"pt-PT","potentialAction":[{"@type":"ReadAction","target":["https:\/\/lovme.pt\/index.php\/produto\/pherostrong-flare-perfume-com-feromonios-para-mulheres-50-ml\/"]}]},{"@type":"ImageObject","inLanguage":"pt-PT","@id":"https:\/\/lovme.pt\/index.php\/produto\/pherostrong-flare-perfume-com-feromonios-para-mulheres-50-ml\/#primaryimage","url":"https:\/\/erki24nd3ub.exactdn.com\/wp-content\/uploads\/dream\/img\/img_217806_bc96283e6ee58f50081164c9127b44e0_1.jpg?strip=all","contentUrl":"https:\/\/erki24nd3ub.exactdn.com\/wp-content\/uploads\/dream\/img\/img_217806_bc96283e6ee58f50081164c9127b44e0_1.jpg?strip=all","width":900,"height":900},{"@type":"BreadcrumbList","@id":"https:\/\/lovme.pt\/index.php\/produto\/pherostrong-flare-perfume-com-feromonios-para-mulheres-50-ml\/#breadcrumb","itemListElement":[{"@type":"ListItem","position":1,"name":"In\u00edcio","item":"https:\/\/lovme.pt\/"},{"@type":"ListItem","position":2,"name":"Loja","item":"https:\/\/lovme.pt\/index.php\/loja\/"},{"@type":"ListItem","position":3,"name":"PHEROSTRONG &#8211; FLARE PERFUME COM FEROM\u00d4NIOS PARA MULHERES 50 ML"}]},{"@type":"WebSite","@id":"https:\/\/lovme.pt\/#website","url":"https:\/\/lovme.pt\/","name":"Lovme Loja Er\u00f3tica N\u00ba1 em Portugal","description":"A melhor loja er\u00f3tica de Portugal.","alternateName":"Loja Er\u00f3tica Lovme","potentialAction":[{"@type":"SearchAction","target":{"@type":"EntryPoint","urlTemplate":"https:\/\/lovme.pt\/?s={search_term_string}"},"query-input":{"@type":"PropertyValueSpecification","valueRequired":true,"valueName":"search_term_string"}}],"inLanguage":"pt-PT"}]}},"_links":{"self":[{"href":"https:\/\/lovme.pt\/index.php\/wp-json\/wp\/v2\/product\/105314","targetHints":{"allow":["GET"]}}],"collection":[{"href":"https:\/\/lovme.pt\/index.php\/wp-json\/wp\/v2\/product"}],"about":[{"href":"https:\/\/lovme.pt\/index.php\/wp-json\/wp\/v2\/types\/product"}],"wp:featuredmedia":[{"embeddable":true,"href":"https:\/\/lovme.pt\/index.php\/wp-json\/wp\/v2\/media\/105315"}],"wp:attachment":[{"href":"https:\/\/lovme.pt\/index.php\/wp-json\/wp\/v2\/media?parent=105314"}],"wp:term":[{"taxonomy":"product_brand","embeddable":true,"href":"https:\/\/lovme.pt\/index.php\/wp-json\/wp\/v2\/product_brand?post=105314"},{"taxonomy":"product_cat","embeddable":true,"href":"https:\/\/lovme.pt\/index.php\/wp-json\/wp\/v2\/product_cat?post=105314"},{"taxonomy":"product_tag","embeddable":true,"href":"https:\/\/lovme.pt\/index.php\/wp-json\/wp\/v2\/product_tag?post=105314"}],"curies":[{"name":"wp","href":"https:\/\/api.w.org\/{rel}","templated":true}]}}