{"id":105306,"date":"2025-12-23T16:03:40","date_gmt":"2025-12-23T16:03:40","guid":{"rendered":"https:\/\/lovme.pt\/?post_type=product&p=105306"},"modified":"2026-02-19T20:19:39","modified_gmt":"2026-02-19T20:19:39","slug":"pherostrong-perfume-de-feromonios-glow-up-para-homens-1-ml","status":"publish","type":"product","link":"https:\/\/lovme.pt\/index.php\/produto\/pherostrong-perfume-de-feromonios-glow-up-para-homens-1-ml\/","title":{"rendered":"PHEROSTRONG &#8211; PERFUME DE FEROM\u00d4NIOS GLOW UP PARA HOMENS 1 ML"},"content":{"rendered":"<p>Glow Up for Men, da PheroStrong\u00ae, \u00e9 uma fragr\u00e2ncia criada para o homem moderno: confiante, en\u00e9rgico e elegantemente natural. Abre com uma mistura vibrante de bergamota, pera suculenta, tangerina cintilante e gengibre fresco, proporcionando uma primeira impress\u00e3o refrescante e revigorante. No cora\u00e7\u00e3o da fragr\u00e2ncia, uma harmonia inesperada de flor de laranjeira e madeira de georgiano adiciona tanto brilho floral quanto uma profundidade amadeirada refinada. A base se desdobra em notas sensuais de alm\u00edscar, ambrofix, madeira de akigala e cedro: ricas, suaves e inconfundivelmente masculinas. Glow Up for Men \u00e9 feito para aqueles que naturalmente atraem a aten\u00e7\u00e3o e deixam uma impress\u00e3o duradoura \u2014 ousados, magn\u00e9ticos e inegavelmente refinados.<\/p>\n<p><strong>Todos n\u00f3s queremos:<\/strong><\/p>\n<ul>\n<li>Cause uma primeira impress\u00e3o positiva e inesquec\u00edvel e seja o centro das aten\u00e7\u00f5es.<\/li>\n<li>Inspirar confian\u00e7a, abertura e cordialidade em todos que encontrarmos.<\/li>\n<li>Alcance o sucesso profissional, aumente a efic\u00e1cia no trabalho e conquiste promo\u00e7\u00f5es.<\/li>\n<li>Desfrute do respeito e reconhecimento daqueles que o rodeiam; seja uma autoridade em casa e entre amigos. Seja um homem ou uma mulher feliz, amado(a) e realizado(a). Seja uma PESSOA DE SUCESSO!<\/li>\n<li>Desperte o desejo no sexo oposto, atraia olhares e seduza com um charme sexual natural.<\/li>\n<li>Seja um amante apaixonado \u2014 eletrize os sentidos e satisfa\u00e7a desejos e lux\u00faria sem inibi\u00e7\u00f5es.<\/li>\n<\/ul>\n<p><u><strong>CARACTER\u00cdSTICAS:<\/strong><\/u><\/p>\n<ul>\n<li><strong>Notas de topo<\/strong> : Pera, bergamota, tangerina, gengibre<\/li>\n<li><strong>Notas de cora\u00e7\u00e3o<\/strong> : Flor de laranjeira, georgywood<\/li>\n<li><strong>Notas de fundo<\/strong> : Alm\u00edscar, ambrofix, akigalawood, cedro<\/li>\n<li><strong>Finalidade do produto<\/strong> : Aumenta a confian\u00e7a e o magnetismo pessoal.<\/li>\n<li><strong>INCI<\/strong> : \u00c1lcool desnaturado, perfume\/fragr\u00e2ncia, \u00e1gua, alfa-terpineno, \u00e1lcool benz\u00edlico, benzoato de benzila, salicilato de benzila, beta-cariofileno, citral, citronelol, \u00f3leo da casca de Citrus aurantium, \u00f3leo da casca de Citrus aurantium bergamia, \u00f3leo da casca de Citrus limon, eugenol, acetato de eugenila, \u00f3leo de Eugenia caryophyllus, geraniol, acetato de geranila, hexametilindanopirano, hidroxicitronelal, isoeugenol, limoneno, linalol, acetato de linalila, pineno, cetonas de rosa, terpinoleno, tetrametil acetiloctahidronaftaleno, vanilina<\/li>\n<li><strong>Instru\u00e7\u00f5es:<\/strong> Aplique uma pequena quantidade nos pulsos, pesco\u00e7o ou atr\u00e1s das orelhas. Evite o contato com os olhos. Somente para uso externo.<\/li>\n<li><strong>Nota de seguran\u00e7a:<\/strong> Armazene em local fresco e seco, longe da luz solar direta e do fogo. Mantenha fora do alcance de crian\u00e7as.<\/li>\n<\/ul>\n<p>Os ferom\u00f4nios PheroStrong\u00ae podem influenciar a forma como percebemos os outros \u2014 e como eles nos percebem \u2014 ao promover a comunica\u00e7\u00e3o, a confian\u00e7a e a sensa\u00e7\u00e3o de seguran\u00e7a. Gra\u00e7as ao seu efeito na atividade das ondas cerebrais alfa e nos neurotransmissores, s\u00e3o utilizados em ambientes profissionais, no dia a dia e em relacionamentos \u00edntimos. O PheroStrong\u00ae \u00e9 apresentado como uma ferramenta para aprimorar a comunica\u00e7\u00e3o, a presen\u00e7a pessoal e a qualidade dos relacionamentos, influenciando de forma sutil e natural o ambiente ao redor.<\/p>\n","protected":false},"excerpt":{"rendered":"<p>PHEROSTRONG &#8211; PERFUME DE FEROM\u00d4NIOS GLOW UP PARA HOMENS 1 ML<\/p>\n","protected":false},"featured_media":105307,"template":"","meta":{"_acf_changed":false},"product_brand":[],"product_cat":[49,88],"product_tag":[],"class_list":{"0":"post-105306","1":"product","2":"type-product","3":"status-publish","4":"has-post-thumbnail","6":"product_cat-cosmeticos","7":"product_cat-novidades","8":"yith_product_brand-pherostrong","10":"first","11":"instock","12":"taxable","13":"shipping-taxable","14":"purchasable","15":"product-type-simple"},"acf":[],"yoast_head":"<!-- This site is optimized with the Yoast SEO plugin v27.4 - https:\/\/yoast.com\/product\/yoast-seo-wordpress\/ -->\n<title>PHEROSTRONG - PERFUME DE FEROM\u00d4NIOS GLOW UP PARA HOMENS 1 ML - Lovme<\/title>\n<meta name=\"robots\" content=\"index, follow, max-snippet:-1, max-image-preview:large, max-video-preview:-1\" \/>\n<link rel=\"canonical\" href=\"https:\/\/lovme.pt\/index.php\/produto\/pherostrong-perfume-de-feromonios-glow-up-para-homens-1-ml\/\" \/>\n<meta property=\"og:locale\" content=\"pt_PT\" \/>\n<meta property=\"og:type\" content=\"article\" \/>\n<meta property=\"og:title\" content=\"PHEROSTRONG - PERFUME DE FEROM\u00d4NIOS GLOW UP PARA HOMENS 1 ML - Lovme\" \/>\n<meta property=\"og:description\" content=\"PHEROSTRONG - PERFUME DE FEROM\u00d4NIOS GLOW UP PARA HOMENS 1 ML\" \/>\n<meta property=\"og:url\" content=\"https:\/\/lovme.pt\/index.php\/produto\/pherostrong-perfume-de-feromonios-glow-up-para-homens-1-ml\/\" \/>\n<meta property=\"og:site_name\" content=\"Lovme\" \/>\n<meta property=\"article:modified_time\" content=\"2026-02-19T20:19:39+00:00\" \/>\n<meta property=\"og:image\" content=\"https:\/\/erki24nd3ub.exactdn.com\/wp-content\/uploads\/dream\/img\/img_217809_12ae548f9e48a6b7d2821ab8fbe57605_1.jpg?strip=all\" \/>\n\t<meta property=\"og:image:width\" content=\"900\" \/>\n\t<meta property=\"og:image:height\" content=\"900\" \/>\n\t<meta property=\"og:image:type\" content=\"image\/jpeg\" \/>\n<meta name=\"twitter:card\" content=\"summary_large_image\" \/>\n<meta name=\"twitter:label1\" content=\"Tempo estimado de leitura\" \/>\n\t<meta name=\"twitter:data1\" content=\"2 minutos\" \/>\n<script type=\"application\/ld+json\" class=\"yoast-schema-graph\">{\"@context\":\"https:\\\/\\\/schema.org\",\"@graph\":[{\"@type\":\"WebPage\",\"@id\":\"https:\\\/\\\/lovme.pt\\\/index.php\\\/produto\\\/pherostrong-perfume-de-feromonios-glow-up-para-homens-1-ml\\\/\",\"url\":\"https:\\\/\\\/lovme.pt\\\/index.php\\\/produto\\\/pherostrong-perfume-de-feromonios-glow-up-para-homens-1-ml\\\/\",\"name\":\"PHEROSTRONG - PERFUME DE FEROM\u00d4NIOS GLOW UP PARA HOMENS 1 ML - Lovme\",\"isPartOf\":{\"@id\":\"https:\\\/\\\/lovme.pt\\\/#website\"},\"primaryImageOfPage\":{\"@id\":\"https:\\\/\\\/lovme.pt\\\/index.php\\\/produto\\\/pherostrong-perfume-de-feromonios-glow-up-para-homens-1-ml\\\/#primaryimage\"},\"image\":{\"@id\":\"https:\\\/\\\/lovme.pt\\\/index.php\\\/produto\\\/pherostrong-perfume-de-feromonios-glow-up-para-homens-1-ml\\\/#primaryimage\"},\"thumbnailUrl\":\"https:\\\/\\\/erki24nd3ub.exactdn.com\\\/wp-content\\\/uploads\\\/dream\\\/img\\\/img_217809_12ae548f9e48a6b7d2821ab8fbe57605_1.jpg?strip=all\",\"datePublished\":\"2025-12-23T16:03:40+00:00\",\"dateModified\":\"2026-02-19T20:19:39+00:00\",\"breadcrumb\":{\"@id\":\"https:\\\/\\\/lovme.pt\\\/index.php\\\/produto\\\/pherostrong-perfume-de-feromonios-glow-up-para-homens-1-ml\\\/#breadcrumb\"},\"inLanguage\":\"pt-PT\",\"potentialAction\":[{\"@type\":\"ReadAction\",\"target\":[\"https:\\\/\\\/lovme.pt\\\/index.php\\\/produto\\\/pherostrong-perfume-de-feromonios-glow-up-para-homens-1-ml\\\/\"]}]},{\"@type\":\"ImageObject\",\"inLanguage\":\"pt-PT\",\"@id\":\"https:\\\/\\\/lovme.pt\\\/index.php\\\/produto\\\/pherostrong-perfume-de-feromonios-glow-up-para-homens-1-ml\\\/#primaryimage\",\"url\":\"https:\\\/\\\/erki24nd3ub.exactdn.com\\\/wp-content\\\/uploads\\\/dream\\\/img\\\/img_217809_12ae548f9e48a6b7d2821ab8fbe57605_1.jpg?strip=all\",\"contentUrl\":\"https:\\\/\\\/erki24nd3ub.exactdn.com\\\/wp-content\\\/uploads\\\/dream\\\/img\\\/img_217809_12ae548f9e48a6b7d2821ab8fbe57605_1.jpg?strip=all\",\"width\":900,\"height\":900},{\"@type\":\"BreadcrumbList\",\"@id\":\"https:\\\/\\\/lovme.pt\\\/index.php\\\/produto\\\/pherostrong-perfume-de-feromonios-glow-up-para-homens-1-ml\\\/#breadcrumb\",\"itemListElement\":[{\"@type\":\"ListItem\",\"position\":1,\"name\":\"In\u00edcio\",\"item\":\"https:\\\/\\\/lovme.pt\\\/\"},{\"@type\":\"ListItem\",\"position\":2,\"name\":\"Loja\",\"item\":\"https:\\\/\\\/lovme.pt\\\/index.php\\\/loja\\\/\"},{\"@type\":\"ListItem\",\"position\":3,\"name\":\"PHEROSTRONG &#8211; PERFUME DE FEROM\u00d4NIOS GLOW UP PARA HOMENS 1 ML\"}]},{\"@type\":\"WebSite\",\"@id\":\"https:\\\/\\\/lovme.pt\\\/#website\",\"url\":\"https:\\\/\\\/lovme.pt\\\/\",\"name\":\"Lovme Loja Er\u00f3tica N\u00ba1 em Portugal\",\"description\":\"A melhor loja er\u00f3tica de Portugal.\",\"alternateName\":\"Loja Er\u00f3tica Lovme\",\"potentialAction\":[{\"@type\":\"SearchAction\",\"target\":{\"@type\":\"EntryPoint\",\"urlTemplate\":\"https:\\\/\\\/lovme.pt\\\/?s={search_term_string}\"},\"query-input\":{\"@type\":\"PropertyValueSpecification\",\"valueRequired\":true,\"valueName\":\"search_term_string\"}}],\"inLanguage\":\"pt-PT\"}]}<\/script>\n<!-- \/ Yoast SEO plugin. -->","yoast_head_json":{"title":"PHEROSTRONG - PERFUME DE FEROM\u00d4NIOS GLOW UP PARA HOMENS 1 ML - Lovme","robots":{"index":"index","follow":"follow","max-snippet":"max-snippet:-1","max-image-preview":"max-image-preview:large","max-video-preview":"max-video-preview:-1"},"canonical":"https:\/\/lovme.pt\/index.php\/produto\/pherostrong-perfume-de-feromonios-glow-up-para-homens-1-ml\/","og_locale":"pt_PT","og_type":"article","og_title":"PHEROSTRONG - PERFUME DE FEROM\u00d4NIOS GLOW UP PARA HOMENS 1 ML - Lovme","og_description":"PHEROSTRONG - PERFUME DE FEROM\u00d4NIOS GLOW UP PARA HOMENS 1 ML","og_url":"https:\/\/lovme.pt\/index.php\/produto\/pherostrong-perfume-de-feromonios-glow-up-para-homens-1-ml\/","og_site_name":"Lovme","article_modified_time":"2026-02-19T20:19:39+00:00","og_image":[{"width":900,"height":900,"url":"https:\/\/erki24nd3ub.exactdn.com\/wp-content\/uploads\/dream\/img\/img_217809_12ae548f9e48a6b7d2821ab8fbe57605_1.jpg?strip=all","type":"image\/jpeg"}],"twitter_card":"summary_large_image","twitter_misc":{"Tempo estimado de leitura":"2 minutos"},"schema":{"@context":"https:\/\/schema.org","@graph":[{"@type":"WebPage","@id":"https:\/\/lovme.pt\/index.php\/produto\/pherostrong-perfume-de-feromonios-glow-up-para-homens-1-ml\/","url":"https:\/\/lovme.pt\/index.php\/produto\/pherostrong-perfume-de-feromonios-glow-up-para-homens-1-ml\/","name":"PHEROSTRONG - PERFUME DE FEROM\u00d4NIOS GLOW UP PARA HOMENS 1 ML - Lovme","isPartOf":{"@id":"https:\/\/lovme.pt\/#website"},"primaryImageOfPage":{"@id":"https:\/\/lovme.pt\/index.php\/produto\/pherostrong-perfume-de-feromonios-glow-up-para-homens-1-ml\/#primaryimage"},"image":{"@id":"https:\/\/lovme.pt\/index.php\/produto\/pherostrong-perfume-de-feromonios-glow-up-para-homens-1-ml\/#primaryimage"},"thumbnailUrl":"https:\/\/erki24nd3ub.exactdn.com\/wp-content\/uploads\/dream\/img\/img_217809_12ae548f9e48a6b7d2821ab8fbe57605_1.jpg?strip=all","datePublished":"2025-12-23T16:03:40+00:00","dateModified":"2026-02-19T20:19:39+00:00","breadcrumb":{"@id":"https:\/\/lovme.pt\/index.php\/produto\/pherostrong-perfume-de-feromonios-glow-up-para-homens-1-ml\/#breadcrumb"},"inLanguage":"pt-PT","potentialAction":[{"@type":"ReadAction","target":["https:\/\/lovme.pt\/index.php\/produto\/pherostrong-perfume-de-feromonios-glow-up-para-homens-1-ml\/"]}]},{"@type":"ImageObject","inLanguage":"pt-PT","@id":"https:\/\/lovme.pt\/index.php\/produto\/pherostrong-perfume-de-feromonios-glow-up-para-homens-1-ml\/#primaryimage","url":"https:\/\/erki24nd3ub.exactdn.com\/wp-content\/uploads\/dream\/img\/img_217809_12ae548f9e48a6b7d2821ab8fbe57605_1.jpg?strip=all","contentUrl":"https:\/\/erki24nd3ub.exactdn.com\/wp-content\/uploads\/dream\/img\/img_217809_12ae548f9e48a6b7d2821ab8fbe57605_1.jpg?strip=all","width":900,"height":900},{"@type":"BreadcrumbList","@id":"https:\/\/lovme.pt\/index.php\/produto\/pherostrong-perfume-de-feromonios-glow-up-para-homens-1-ml\/#breadcrumb","itemListElement":[{"@type":"ListItem","position":1,"name":"In\u00edcio","item":"https:\/\/lovme.pt\/"},{"@type":"ListItem","position":2,"name":"Loja","item":"https:\/\/lovme.pt\/index.php\/loja\/"},{"@type":"ListItem","position":3,"name":"PHEROSTRONG &#8211; PERFUME DE FEROM\u00d4NIOS GLOW UP PARA HOMENS 1 ML"}]},{"@type":"WebSite","@id":"https:\/\/lovme.pt\/#website","url":"https:\/\/lovme.pt\/","name":"Lovme Loja Er\u00f3tica N\u00ba1 em Portugal","description":"A melhor loja er\u00f3tica de Portugal.","alternateName":"Loja Er\u00f3tica Lovme","potentialAction":[{"@type":"SearchAction","target":{"@type":"EntryPoint","urlTemplate":"https:\/\/lovme.pt\/?s={search_term_string}"},"query-input":{"@type":"PropertyValueSpecification","valueRequired":true,"valueName":"search_term_string"}}],"inLanguage":"pt-PT"}]}},"_links":{"self":[{"href":"https:\/\/lovme.pt\/index.php\/wp-json\/wp\/v2\/product\/105306","targetHints":{"allow":["GET"]}}],"collection":[{"href":"https:\/\/lovme.pt\/index.php\/wp-json\/wp\/v2\/product"}],"about":[{"href":"https:\/\/lovme.pt\/index.php\/wp-json\/wp\/v2\/types\/product"}],"wp:featuredmedia":[{"embeddable":true,"href":"https:\/\/lovme.pt\/index.php\/wp-json\/wp\/v2\/media\/105307"}],"wp:attachment":[{"href":"https:\/\/lovme.pt\/index.php\/wp-json\/wp\/v2\/media?parent=105306"}],"wp:term":[{"taxonomy":"product_brand","embeddable":true,"href":"https:\/\/lovme.pt\/index.php\/wp-json\/wp\/v2\/product_brand?post=105306"},{"taxonomy":"product_cat","embeddable":true,"href":"https:\/\/lovme.pt\/index.php\/wp-json\/wp\/v2\/product_cat?post=105306"},{"taxonomy":"product_tag","embeddable":true,"href":"https:\/\/lovme.pt\/index.php\/wp-json\/wp\/v2\/product_tag?post=105306"}],"curies":[{"name":"wp","href":"https:\/\/api.w.org\/{rel}","templated":true}]}}