{"id":105294,"date":"2025-12-23T10:01:01","date_gmt":"2025-12-23T10:01:01","guid":{"rendered":"https:\/\/lovme.pt\/?post_type=product&p=105294"},"modified":"2026-02-19T20:11:30","modified_gmt":"2026-02-19T20:11:30","slug":"cobeco-spanish-drops-romance-de-framboesa-15-ml-2","status":"publish","type":"product","link":"https:\/\/lovme.pt\/index.php\/produto\/cobeco-spanish-drops-romance-de-framboesa-15-ml-2\/","title":{"rendered":"COBECO &#8211; SPANISH DROPS ROMANCE DE FRAMBOESA 15 ML"},"content":{"rendered":"<p>Este suplemento alimentar enriquecido com vitaminas e amino\u00e1cidos \u00e9 uma po\u00e7\u00e3o do amor lend\u00e1ria que vem conquistando fama e renome h\u00e1 s\u00e9culos como um intensificador da lux\u00faria. Este produto imensamente popular agora est\u00e1 dispon\u00edvel em 10 variedades de sabores diferentes. Os sabores estimulantes evocam mais desejo e sensa\u00e7\u00f5es de lux\u00faria, elevando voc\u00ea e seu parceiro ao para\u00edso.<\/p>\n<p>USO RECOMENDADO:<\/p>\n<ul>\n<li>Coloque 3 ml (15 gotas) sob a l\u00edngua antes de engolir, aproximadamente 30 minutos antes da atividade.<\/li>\n<\/ul>\n<p>PRECAU\u00c7\u00d5ES:<\/p>\n<ul>\n<li>N\u00e3o tome mais de 3 ml em 24 horas.<\/li>\n<li>N\u00e3o exceda a dose di\u00e1ria recomendada.<\/li>\n<li>Este \u00e9 um suplemento alimentar com L-Arginina e Vitamina C.<\/li>\n<li>Um suplemento alimentar n\u00e3o substitui uma dieta variada e equilibrada nem um estilo de vida saud\u00e1vel.<\/li>\n<li>Mantenha fora do alcance de crian\u00e7as.<\/li>\n<li>Conservar em local fresco e seco.<\/li>\n<\/ul>\n<p>QUANTIDADE:<\/p>\n<ul>\n<li>15ml.<\/li>\n<\/ul>\n<p>* Este produto cont\u00e9m um r\u00f3tulo com instru\u00e7\u00f5es fornecidas nos seguintes idiomas: \/en\/de\/fr\/es\/it\/nl\/<\/p>\n","protected":false},"excerpt":{"rendered":"<p>EMBALAGEM DISPON\u00cdVEL EM: \/en\/de\/fr\/es\/it\/nl\/pl\/<\/p>\n","protected":false},"featured_media":105295,"template":"","meta":{"_acf_changed":false},"product_brand":[],"product_cat":[49,52,70],"product_tag":[],"class_list":{"0":"post-105294","1":"product","2":"type-product","3":"status-publish","4":"has-post-thumbnail","6":"product_cat-cosmeticos","7":"product_cat-estimulantes","8":"product_cat-saude","9":"yith_product_brand-cobeco-pharma","11":"first","12":"instock","13":"taxable","14":"shipping-taxable","15":"purchasable","16":"product-type-simple"},"acf":[],"yoast_head":"<!-- This site is optimized with the Yoast SEO plugin v27.4 - https:\/\/yoast.com\/product\/yoast-seo-wordpress\/ -->\n<title>COBECO - SPANISH DROPS ROMANCE DE FRAMBOESA 15 ML - Lovme<\/title>\n<meta name=\"robots\" content=\"index, follow, max-snippet:-1, max-image-preview:large, max-video-preview:-1\" \/>\n<link rel=\"canonical\" href=\"https:\/\/lovme.pt\/index.php\/produto\/cobeco-spanish-drops-romance-de-framboesa-15-ml-2\/\" \/>\n<meta property=\"og:locale\" content=\"pt_PT\" \/>\n<meta property=\"og:type\" content=\"article\" \/>\n<meta property=\"og:title\" content=\"COBECO - SPANISH DROPS ROMANCE DE FRAMBOESA 15 ML - Lovme\" \/>\n<meta property=\"og:description\" content=\"EMBALAGEM DISPON\u00cdVEL EM: \/en\/de\/fr\/es\/it\/nl\/pl\/\" \/>\n<meta property=\"og:url\" content=\"https:\/\/lovme.pt\/index.php\/produto\/cobeco-spanish-drops-romance-de-framboesa-15-ml-2\/\" \/>\n<meta property=\"og:site_name\" content=\"Lovme\" \/>\n<meta property=\"article:modified_time\" content=\"2026-02-19T20:11:30+00:00\" \/>\n<meta property=\"og:image\" content=\"https:\/\/erki24nd3ub.exactdn.com\/wp-content\/uploads\/dream\/img\/img_218240_76c0cdf2c93dc7f255feb852ea59cae7_1.jpg?strip=all\" \/>\n\t<meta property=\"og:image:width\" content=\"900\" \/>\n\t<meta property=\"og:image:height\" content=\"900\" \/>\n\t<meta property=\"og:image:type\" content=\"image\/jpeg\" \/>\n<meta name=\"twitter:card\" content=\"summary_large_image\" \/>\n<meta name=\"twitter:label1\" content=\"Tempo estimado de leitura\" \/>\n\t<meta name=\"twitter:data1\" content=\"1 minuto\" \/>\n<script type=\"application\/ld+json\" class=\"yoast-schema-graph\">{\"@context\":\"https:\\\/\\\/schema.org\",\"@graph\":[{\"@type\":\"WebPage\",\"@id\":\"https:\\\/\\\/lovme.pt\\\/index.php\\\/produto\\\/cobeco-spanish-drops-romance-de-framboesa-15-ml-2\\\/\",\"url\":\"https:\\\/\\\/lovme.pt\\\/index.php\\\/produto\\\/cobeco-spanish-drops-romance-de-framboesa-15-ml-2\\\/\",\"name\":\"COBECO - SPANISH DROPS ROMANCE DE FRAMBOESA 15 ML - Lovme\",\"isPartOf\":{\"@id\":\"https:\\\/\\\/lovme.pt\\\/#website\"},\"primaryImageOfPage\":{\"@id\":\"https:\\\/\\\/lovme.pt\\\/index.php\\\/produto\\\/cobeco-spanish-drops-romance-de-framboesa-15-ml-2\\\/#primaryimage\"},\"image\":{\"@id\":\"https:\\\/\\\/lovme.pt\\\/index.php\\\/produto\\\/cobeco-spanish-drops-romance-de-framboesa-15-ml-2\\\/#primaryimage\"},\"thumbnailUrl\":\"https:\\\/\\\/erki24nd3ub.exactdn.com\\\/wp-content\\\/uploads\\\/dream\\\/img\\\/img_218240_76c0cdf2c93dc7f255feb852ea59cae7_1.jpg?strip=all\",\"datePublished\":\"2025-12-23T10:01:01+00:00\",\"dateModified\":\"2026-02-19T20:11:30+00:00\",\"breadcrumb\":{\"@id\":\"https:\\\/\\\/lovme.pt\\\/index.php\\\/produto\\\/cobeco-spanish-drops-romance-de-framboesa-15-ml-2\\\/#breadcrumb\"},\"inLanguage\":\"pt-PT\",\"potentialAction\":[{\"@type\":\"ReadAction\",\"target\":[\"https:\\\/\\\/lovme.pt\\\/index.php\\\/produto\\\/cobeco-spanish-drops-romance-de-framboesa-15-ml-2\\\/\"]}]},{\"@type\":\"ImageObject\",\"inLanguage\":\"pt-PT\",\"@id\":\"https:\\\/\\\/lovme.pt\\\/index.php\\\/produto\\\/cobeco-spanish-drops-romance-de-framboesa-15-ml-2\\\/#primaryimage\",\"url\":\"https:\\\/\\\/erki24nd3ub.exactdn.com\\\/wp-content\\\/uploads\\\/dream\\\/img\\\/img_218240_76c0cdf2c93dc7f255feb852ea59cae7_1.jpg?strip=all\",\"contentUrl\":\"https:\\\/\\\/erki24nd3ub.exactdn.com\\\/wp-content\\\/uploads\\\/dream\\\/img\\\/img_218240_76c0cdf2c93dc7f255feb852ea59cae7_1.jpg?strip=all\",\"width\":900,\"height\":900},{\"@type\":\"BreadcrumbList\",\"@id\":\"https:\\\/\\\/lovme.pt\\\/index.php\\\/produto\\\/cobeco-spanish-drops-romance-de-framboesa-15-ml-2\\\/#breadcrumb\",\"itemListElement\":[{\"@type\":\"ListItem\",\"position\":1,\"name\":\"In\u00edcio\",\"item\":\"https:\\\/\\\/lovme.pt\\\/\"},{\"@type\":\"ListItem\",\"position\":2,\"name\":\"Loja\",\"item\":\"https:\\\/\\\/lovme.pt\\\/index.php\\\/loja\\\/\"},{\"@type\":\"ListItem\",\"position\":3,\"name\":\"COBECO &#8211; SPANISH DROPS ROMANCE DE FRAMBOESA 15 ML\"}]},{\"@type\":\"WebSite\",\"@id\":\"https:\\\/\\\/lovme.pt\\\/#website\",\"url\":\"https:\\\/\\\/lovme.pt\\\/\",\"name\":\"Lovme Loja Er\u00f3tica N\u00ba1 em Portugal\",\"description\":\"A melhor loja er\u00f3tica de Portugal.\",\"alternateName\":\"Loja Er\u00f3tica Lovme\",\"potentialAction\":[{\"@type\":\"SearchAction\",\"target\":{\"@type\":\"EntryPoint\",\"urlTemplate\":\"https:\\\/\\\/lovme.pt\\\/?s={search_term_string}\"},\"query-input\":{\"@type\":\"PropertyValueSpecification\",\"valueRequired\":true,\"valueName\":\"search_term_string\"}}],\"inLanguage\":\"pt-PT\"}]}<\/script>\n<!-- \/ Yoast SEO plugin. -->","yoast_head_json":{"title":"COBECO - SPANISH DROPS ROMANCE DE FRAMBOESA 15 ML - Lovme","robots":{"index":"index","follow":"follow","max-snippet":"max-snippet:-1","max-image-preview":"max-image-preview:large","max-video-preview":"max-video-preview:-1"},"canonical":"https:\/\/lovme.pt\/index.php\/produto\/cobeco-spanish-drops-romance-de-framboesa-15-ml-2\/","og_locale":"pt_PT","og_type":"article","og_title":"COBECO - SPANISH DROPS ROMANCE DE FRAMBOESA 15 ML - Lovme","og_description":"EMBALAGEM DISPON\u00cdVEL EM: \/en\/de\/fr\/es\/it\/nl\/pl\/","og_url":"https:\/\/lovme.pt\/index.php\/produto\/cobeco-spanish-drops-romance-de-framboesa-15-ml-2\/","og_site_name":"Lovme","article_modified_time":"2026-02-19T20:11:30+00:00","og_image":[{"width":900,"height":900,"url":"https:\/\/erki24nd3ub.exactdn.com\/wp-content\/uploads\/dream\/img\/img_218240_76c0cdf2c93dc7f255feb852ea59cae7_1.jpg?strip=all","type":"image\/jpeg"}],"twitter_card":"summary_large_image","twitter_misc":{"Tempo estimado de leitura":"1 minuto"},"schema":{"@context":"https:\/\/schema.org","@graph":[{"@type":"WebPage","@id":"https:\/\/lovme.pt\/index.php\/produto\/cobeco-spanish-drops-romance-de-framboesa-15-ml-2\/","url":"https:\/\/lovme.pt\/index.php\/produto\/cobeco-spanish-drops-romance-de-framboesa-15-ml-2\/","name":"COBECO - SPANISH DROPS ROMANCE DE FRAMBOESA 15 ML - Lovme","isPartOf":{"@id":"https:\/\/lovme.pt\/#website"},"primaryImageOfPage":{"@id":"https:\/\/lovme.pt\/index.php\/produto\/cobeco-spanish-drops-romance-de-framboesa-15-ml-2\/#primaryimage"},"image":{"@id":"https:\/\/lovme.pt\/index.php\/produto\/cobeco-spanish-drops-romance-de-framboesa-15-ml-2\/#primaryimage"},"thumbnailUrl":"https:\/\/erki24nd3ub.exactdn.com\/wp-content\/uploads\/dream\/img\/img_218240_76c0cdf2c93dc7f255feb852ea59cae7_1.jpg?strip=all","datePublished":"2025-12-23T10:01:01+00:00","dateModified":"2026-02-19T20:11:30+00:00","breadcrumb":{"@id":"https:\/\/lovme.pt\/index.php\/produto\/cobeco-spanish-drops-romance-de-framboesa-15-ml-2\/#breadcrumb"},"inLanguage":"pt-PT","potentialAction":[{"@type":"ReadAction","target":["https:\/\/lovme.pt\/index.php\/produto\/cobeco-spanish-drops-romance-de-framboesa-15-ml-2\/"]}]},{"@type":"ImageObject","inLanguage":"pt-PT","@id":"https:\/\/lovme.pt\/index.php\/produto\/cobeco-spanish-drops-romance-de-framboesa-15-ml-2\/#primaryimage","url":"https:\/\/erki24nd3ub.exactdn.com\/wp-content\/uploads\/dream\/img\/img_218240_76c0cdf2c93dc7f255feb852ea59cae7_1.jpg?strip=all","contentUrl":"https:\/\/erki24nd3ub.exactdn.com\/wp-content\/uploads\/dream\/img\/img_218240_76c0cdf2c93dc7f255feb852ea59cae7_1.jpg?strip=all","width":900,"height":900},{"@type":"BreadcrumbList","@id":"https:\/\/lovme.pt\/index.php\/produto\/cobeco-spanish-drops-romance-de-framboesa-15-ml-2\/#breadcrumb","itemListElement":[{"@type":"ListItem","position":1,"name":"In\u00edcio","item":"https:\/\/lovme.pt\/"},{"@type":"ListItem","position":2,"name":"Loja","item":"https:\/\/lovme.pt\/index.php\/loja\/"},{"@type":"ListItem","position":3,"name":"COBECO &#8211; SPANISH DROPS ROMANCE DE FRAMBOESA 15 ML"}]},{"@type":"WebSite","@id":"https:\/\/lovme.pt\/#website","url":"https:\/\/lovme.pt\/","name":"Lovme Loja Er\u00f3tica N\u00ba1 em Portugal","description":"A melhor loja er\u00f3tica de Portugal.","alternateName":"Loja Er\u00f3tica Lovme","potentialAction":[{"@type":"SearchAction","target":{"@type":"EntryPoint","urlTemplate":"https:\/\/lovme.pt\/?s={search_term_string}"},"query-input":{"@type":"PropertyValueSpecification","valueRequired":true,"valueName":"search_term_string"}}],"inLanguage":"pt-PT"}]}},"_links":{"self":[{"href":"https:\/\/lovme.pt\/index.php\/wp-json\/wp\/v2\/product\/105294","targetHints":{"allow":["GET"]}}],"collection":[{"href":"https:\/\/lovme.pt\/index.php\/wp-json\/wp\/v2\/product"}],"about":[{"href":"https:\/\/lovme.pt\/index.php\/wp-json\/wp\/v2\/types\/product"}],"wp:featuredmedia":[{"embeddable":true,"href":"https:\/\/lovme.pt\/index.php\/wp-json\/wp\/v2\/media\/105295"}],"wp:attachment":[{"href":"https:\/\/lovme.pt\/index.php\/wp-json\/wp\/v2\/media?parent=105294"}],"wp:term":[{"taxonomy":"product_brand","embeddable":true,"href":"https:\/\/lovme.pt\/index.php\/wp-json\/wp\/v2\/product_brand?post=105294"},{"taxonomy":"product_cat","embeddable":true,"href":"https:\/\/lovme.pt\/index.php\/wp-json\/wp\/v2\/product_cat?post=105294"},{"taxonomy":"product_tag","embeddable":true,"href":"https:\/\/lovme.pt\/index.php\/wp-json\/wp\/v2\/product_tag?post=105294"}],"curies":[{"name":"wp","href":"https:\/\/api.w.org\/{rel}","templated":true}]}}