{"id":105254,"date":"2025-12-19T10:02:16","date_gmt":"2025-12-19T10:02:16","guid":{"rendered":"https:\/\/lovme.pt\/?post_type=product&p=105254"},"modified":"2026-02-19T20:12:25","modified_gmt":"2026-02-19T20:12:25","slug":"diablo-goloso-1-pirulito-em-formato-de-penis-com-gin-tonica-sabor-morango-10-de-alcool","status":"publish","type":"product","link":"https:\/\/lovme.pt\/index.php\/produto\/diablo-goloso-1-pirulito-em-formato-de-penis-com-gin-tonica-sabor-morango-10-de-alcool\/","title":{"rendered":"DIABLO GOLOSO &#8211; 1 PIRULITO EM FORMATO DE P\u00caNIS COM GIN T\u00d4NICA SABOR MORANGO 10% DE \u00c1LCOOL"},"content":{"rendered":"<p>Atreva-se a saborear a divers\u00e3o com o pirulito em formato de p\u00eanis DIVERTY SEX Gin  Tonic Strawberry com 10% de \u00e1lcool! Uma guloseima \u00fanica, ousada e divertida, perfeita para quem aprecia sabores intensos e risadas com os amigos.<\/p>\n<p> Esses pirulitos de caramelo t\u00eam um formato irresist\u00edvel e divertido, e s\u00e3o feitos com um delicioso sabor de gin t\u00f4nica com morango e 10% de teor alco\u00f3lico, ideais para animar qualquer celebra\u00e7\u00e3o. Sua cor rosa claro e tamanho de 5 cm (mais o palito) os tornam t\u00e3o atraentes quanto deliciosos, pesando aproximadamente 13 gramas cada.<\/p>\n<p> Esses pirulitos conquistam n\u00e3o s\u00f3 o seu paladar, mas tamb\u00e9m os seus olhos.<\/p>\n<p> S\u00e3o perfeitos para despedidas de solteiro(a), anivers\u00e1rios, festas tem\u00e1ticas ou presentes originais, onde o bom humor e a descontra\u00e7\u00e3o s\u00e3o os protagonistas. Experimente&#8230; voc\u00ea n\u00e3o vai se arrepender, porque um toque de do\u00e7ura e eleg\u00e2ncia nunca \u00e9 demais. Deixe sua imagina\u00e7\u00e3o fluir com os Pirulitos de Gin T\u00f4nica.<\/p>\n<p> <u><strong>CARACTER\u00cdSTICAS<\/strong><\/u> :<\/p>\n<ul>\n<li> 1 pirulito em formato de p\u00eanis.<\/li>\n<li> Sabor Gin T\u00f4nica com Morango, 10% de \u00e1lcool.<\/li>\n<li> Rosa claro, aproximadamente 5 cm + palito, 13 g cada.<\/li>\n<li> Perfeito para despedidas de solteiro(a), comemora\u00e7\u00f5es e eventos divertidos.<\/li>\n<li> Doces ousados e deliciosos que garantem risadas e um \u00f3timo ambiente.<\/li>\n<\/ul>\n<p> Um cl\u00e1ssico da <strong>DIVERTY SEX<\/strong> &#8211; Com mais de 20 anos de experi\u00eancia no mercado de brinquedos sexuais, <strong>a DIVERTY SEX<\/strong> se consolidou como l\u00edder em presentes sensuais e originais com uma abordagem bem-humorada. Sua filosofia: fazer as pessoas rirem, surpreend\u00ea-las e aliviar o estresse. Seja para animar uma festa, presentear um amigo de surpresa ou quebrar o gelo com humor, este produto \u00e9 indispens\u00e1vel na sua cole\u00e7\u00e3o de itens festivos.<\/p>\n","protected":false},"excerpt":{"rendered":"<p>DIABLO GOLOSO &#8211; 1 PIRULITO EM FORMATO DE P\u00caNIS COM GIN T\u00d4NICA SABOR MORANGO 10% DE \u00c1LCOOL<\/p>\n","protected":false},"featured_media":105255,"template":"","meta":{"_acf_changed":false},"product_brand":[],"product_cat":[15],"product_tag":[],"class_list":{"0":"post-105254","1":"product","2":"type-product","3":"status-publish","4":"has-post-thumbnail","6":"product_cat-loja","7":"yith_product_brand-diverty-sexdiablo-goloso","8":"yith_product_brand-diverty-sex","10":"first","11":"instock","12":"taxable","13":"shipping-taxable","14":"purchasable","15":"product-type-simple"},"acf":[],"yoast_head":"<!-- This site is optimized with the Yoast SEO plugin v27.4 - https:\/\/yoast.com\/product\/yoast-seo-wordpress\/ -->\n<title>DIABLO GOLOSO - 1 PIRULITO EM FORMATO DE P\u00caNIS COM GIN T\u00d4NICA SABOR MORANGO 10% DE \u00c1LCOOL - Lovme<\/title>\n<meta name=\"robots\" content=\"index, follow, max-snippet:-1, max-image-preview:large, max-video-preview:-1\" \/>\n<link rel=\"canonical\" href=\"https:\/\/lovme.pt\/index.php\/produto\/diablo-goloso-1-pirulito-em-formato-de-penis-com-gin-tonica-sabor-morango-10-de-alcool\/\" \/>\n<meta property=\"og:locale\" content=\"pt_PT\" \/>\n<meta property=\"og:type\" content=\"article\" \/>\n<meta property=\"og:title\" content=\"DIABLO GOLOSO - 1 PIRULITO EM FORMATO DE P\u00caNIS COM GIN T\u00d4NICA SABOR MORANGO 10% DE \u00c1LCOOL - Lovme\" \/>\n<meta property=\"og:description\" content=\"DIABLO GOLOSO - 1 PIRULITO EM FORMATO DE P\u00caNIS COM GIN T\u00d4NICA SABOR MORANGO 10% DE \u00c1LCOOL\" \/>\n<meta property=\"og:url\" content=\"https:\/\/lovme.pt\/index.php\/produto\/diablo-goloso-1-pirulito-em-formato-de-penis-com-gin-tonica-sabor-morango-10-de-alcool\/\" \/>\n<meta property=\"og:site_name\" content=\"Lovme\" \/>\n<meta property=\"article:modified_time\" content=\"2026-02-19T20:12:25+00:00\" \/>\n<meta property=\"og:image\" content=\"https:\/\/erki24nd3ub.exactdn.com\/wp-content\/uploads\/dream\/img\/img_217023_3d2c6f00cbb2197864f3fe188b9ed8e2_1.jpg?strip=all\" \/>\n\t<meta property=\"og:image:width\" content=\"900\" \/>\n\t<meta property=\"og:image:height\" content=\"900\" \/>\n\t<meta property=\"og:image:type\" content=\"image\/jpeg\" \/>\n<meta name=\"twitter:card\" content=\"summary_large_image\" \/>\n<meta name=\"twitter:label1\" content=\"Tempo estimado de leitura\" \/>\n\t<meta name=\"twitter:data1\" content=\"1 minuto\" \/>\n<script type=\"application\/ld+json\" class=\"yoast-schema-graph\">{\"@context\":\"https:\\\/\\\/schema.org\",\"@graph\":[{\"@type\":\"WebPage\",\"@id\":\"https:\\\/\\\/lovme.pt\\\/index.php\\\/produto\\\/diablo-goloso-1-pirulito-em-formato-de-penis-com-gin-tonica-sabor-morango-10-de-alcool\\\/\",\"url\":\"https:\\\/\\\/lovme.pt\\\/index.php\\\/produto\\\/diablo-goloso-1-pirulito-em-formato-de-penis-com-gin-tonica-sabor-morango-10-de-alcool\\\/\",\"name\":\"DIABLO GOLOSO - 1 PIRULITO EM FORMATO DE P\u00caNIS COM GIN T\u00d4NICA SABOR MORANGO 10% DE \u00c1LCOOL - Lovme\",\"isPartOf\":{\"@id\":\"https:\\\/\\\/lovme.pt\\\/#website\"},\"primaryImageOfPage\":{\"@id\":\"https:\\\/\\\/lovme.pt\\\/index.php\\\/produto\\\/diablo-goloso-1-pirulito-em-formato-de-penis-com-gin-tonica-sabor-morango-10-de-alcool\\\/#primaryimage\"},\"image\":{\"@id\":\"https:\\\/\\\/lovme.pt\\\/index.php\\\/produto\\\/diablo-goloso-1-pirulito-em-formato-de-penis-com-gin-tonica-sabor-morango-10-de-alcool\\\/#primaryimage\"},\"thumbnailUrl\":\"https:\\\/\\\/erki24nd3ub.exactdn.com\\\/wp-content\\\/uploads\\\/dream\\\/img\\\/img_217023_3d2c6f00cbb2197864f3fe188b9ed8e2_1.jpg?strip=all\",\"datePublished\":\"2025-12-19T10:02:16+00:00\",\"dateModified\":\"2026-02-19T20:12:25+00:00\",\"breadcrumb\":{\"@id\":\"https:\\\/\\\/lovme.pt\\\/index.php\\\/produto\\\/diablo-goloso-1-pirulito-em-formato-de-penis-com-gin-tonica-sabor-morango-10-de-alcool\\\/#breadcrumb\"},\"inLanguage\":\"pt-PT\",\"potentialAction\":[{\"@type\":\"ReadAction\",\"target\":[\"https:\\\/\\\/lovme.pt\\\/index.php\\\/produto\\\/diablo-goloso-1-pirulito-em-formato-de-penis-com-gin-tonica-sabor-morango-10-de-alcool\\\/\"]}]},{\"@type\":\"ImageObject\",\"inLanguage\":\"pt-PT\",\"@id\":\"https:\\\/\\\/lovme.pt\\\/index.php\\\/produto\\\/diablo-goloso-1-pirulito-em-formato-de-penis-com-gin-tonica-sabor-morango-10-de-alcool\\\/#primaryimage\",\"url\":\"https:\\\/\\\/erki24nd3ub.exactdn.com\\\/wp-content\\\/uploads\\\/dream\\\/img\\\/img_217023_3d2c6f00cbb2197864f3fe188b9ed8e2_1.jpg?strip=all\",\"contentUrl\":\"https:\\\/\\\/erki24nd3ub.exactdn.com\\\/wp-content\\\/uploads\\\/dream\\\/img\\\/img_217023_3d2c6f00cbb2197864f3fe188b9ed8e2_1.jpg?strip=all\",\"width\":900,\"height\":900},{\"@type\":\"BreadcrumbList\",\"@id\":\"https:\\\/\\\/lovme.pt\\\/index.php\\\/produto\\\/diablo-goloso-1-pirulito-em-formato-de-penis-com-gin-tonica-sabor-morango-10-de-alcool\\\/#breadcrumb\",\"itemListElement\":[{\"@type\":\"ListItem\",\"position\":1,\"name\":\"In\u00edcio\",\"item\":\"https:\\\/\\\/lovme.pt\\\/\"},{\"@type\":\"ListItem\",\"position\":2,\"name\":\"Loja\",\"item\":\"https:\\\/\\\/lovme.pt\\\/index.php\\\/loja\\\/\"},{\"@type\":\"ListItem\",\"position\":3,\"name\":\"DIABLO GOLOSO &#8211; 1 PIRULITO EM FORMATO DE P\u00caNIS COM GIN T\u00d4NICA SABOR MORANGO 10% DE \u00c1LCOOL\"}]},{\"@type\":\"WebSite\",\"@id\":\"https:\\\/\\\/lovme.pt\\\/#website\",\"url\":\"https:\\\/\\\/lovme.pt\\\/\",\"name\":\"Lovme Loja Er\u00f3tica N\u00ba1 em Portugal\",\"description\":\"A melhor loja er\u00f3tica de Portugal.\",\"alternateName\":\"Loja Er\u00f3tica Lovme\",\"potentialAction\":[{\"@type\":\"SearchAction\",\"target\":{\"@type\":\"EntryPoint\",\"urlTemplate\":\"https:\\\/\\\/lovme.pt\\\/?s={search_term_string}\"},\"query-input\":{\"@type\":\"PropertyValueSpecification\",\"valueRequired\":true,\"valueName\":\"search_term_string\"}}],\"inLanguage\":\"pt-PT\"}]}<\/script>\n<!-- \/ Yoast SEO plugin. -->","yoast_head_json":{"title":"DIABLO GOLOSO - 1 PIRULITO EM FORMATO DE P\u00caNIS COM GIN T\u00d4NICA SABOR MORANGO 10% DE \u00c1LCOOL - Lovme","robots":{"index":"index","follow":"follow","max-snippet":"max-snippet:-1","max-image-preview":"max-image-preview:large","max-video-preview":"max-video-preview:-1"},"canonical":"https:\/\/lovme.pt\/index.php\/produto\/diablo-goloso-1-pirulito-em-formato-de-penis-com-gin-tonica-sabor-morango-10-de-alcool\/","og_locale":"pt_PT","og_type":"article","og_title":"DIABLO GOLOSO - 1 PIRULITO EM FORMATO DE P\u00caNIS COM GIN T\u00d4NICA SABOR MORANGO 10% DE \u00c1LCOOL - Lovme","og_description":"DIABLO GOLOSO - 1 PIRULITO EM FORMATO DE P\u00caNIS COM GIN T\u00d4NICA SABOR MORANGO 10% DE \u00c1LCOOL","og_url":"https:\/\/lovme.pt\/index.php\/produto\/diablo-goloso-1-pirulito-em-formato-de-penis-com-gin-tonica-sabor-morango-10-de-alcool\/","og_site_name":"Lovme","article_modified_time":"2026-02-19T20:12:25+00:00","og_image":[{"width":900,"height":900,"url":"https:\/\/erki24nd3ub.exactdn.com\/wp-content\/uploads\/dream\/img\/img_217023_3d2c6f00cbb2197864f3fe188b9ed8e2_1.jpg?strip=all","type":"image\/jpeg"}],"twitter_card":"summary_large_image","twitter_misc":{"Tempo estimado de leitura":"1 minuto"},"schema":{"@context":"https:\/\/schema.org","@graph":[{"@type":"WebPage","@id":"https:\/\/lovme.pt\/index.php\/produto\/diablo-goloso-1-pirulito-em-formato-de-penis-com-gin-tonica-sabor-morango-10-de-alcool\/","url":"https:\/\/lovme.pt\/index.php\/produto\/diablo-goloso-1-pirulito-em-formato-de-penis-com-gin-tonica-sabor-morango-10-de-alcool\/","name":"DIABLO GOLOSO - 1 PIRULITO EM FORMATO DE P\u00caNIS COM GIN T\u00d4NICA SABOR MORANGO 10% DE \u00c1LCOOL - Lovme","isPartOf":{"@id":"https:\/\/lovme.pt\/#website"},"primaryImageOfPage":{"@id":"https:\/\/lovme.pt\/index.php\/produto\/diablo-goloso-1-pirulito-em-formato-de-penis-com-gin-tonica-sabor-morango-10-de-alcool\/#primaryimage"},"image":{"@id":"https:\/\/lovme.pt\/index.php\/produto\/diablo-goloso-1-pirulito-em-formato-de-penis-com-gin-tonica-sabor-morango-10-de-alcool\/#primaryimage"},"thumbnailUrl":"https:\/\/erki24nd3ub.exactdn.com\/wp-content\/uploads\/dream\/img\/img_217023_3d2c6f00cbb2197864f3fe188b9ed8e2_1.jpg?strip=all","datePublished":"2025-12-19T10:02:16+00:00","dateModified":"2026-02-19T20:12:25+00:00","breadcrumb":{"@id":"https:\/\/lovme.pt\/index.php\/produto\/diablo-goloso-1-pirulito-em-formato-de-penis-com-gin-tonica-sabor-morango-10-de-alcool\/#breadcrumb"},"inLanguage":"pt-PT","potentialAction":[{"@type":"ReadAction","target":["https:\/\/lovme.pt\/index.php\/produto\/diablo-goloso-1-pirulito-em-formato-de-penis-com-gin-tonica-sabor-morango-10-de-alcool\/"]}]},{"@type":"ImageObject","inLanguage":"pt-PT","@id":"https:\/\/lovme.pt\/index.php\/produto\/diablo-goloso-1-pirulito-em-formato-de-penis-com-gin-tonica-sabor-morango-10-de-alcool\/#primaryimage","url":"https:\/\/erki24nd3ub.exactdn.com\/wp-content\/uploads\/dream\/img\/img_217023_3d2c6f00cbb2197864f3fe188b9ed8e2_1.jpg?strip=all","contentUrl":"https:\/\/erki24nd3ub.exactdn.com\/wp-content\/uploads\/dream\/img\/img_217023_3d2c6f00cbb2197864f3fe188b9ed8e2_1.jpg?strip=all","width":900,"height":900},{"@type":"BreadcrumbList","@id":"https:\/\/lovme.pt\/index.php\/produto\/diablo-goloso-1-pirulito-em-formato-de-penis-com-gin-tonica-sabor-morango-10-de-alcool\/#breadcrumb","itemListElement":[{"@type":"ListItem","position":1,"name":"In\u00edcio","item":"https:\/\/lovme.pt\/"},{"@type":"ListItem","position":2,"name":"Loja","item":"https:\/\/lovme.pt\/index.php\/loja\/"},{"@type":"ListItem","position":3,"name":"DIABLO GOLOSO &#8211; 1 PIRULITO EM FORMATO DE P\u00caNIS COM GIN T\u00d4NICA SABOR MORANGO 10% DE \u00c1LCOOL"}]},{"@type":"WebSite","@id":"https:\/\/lovme.pt\/#website","url":"https:\/\/lovme.pt\/","name":"Lovme Loja Er\u00f3tica N\u00ba1 em Portugal","description":"A melhor loja er\u00f3tica de Portugal.","alternateName":"Loja Er\u00f3tica Lovme","potentialAction":[{"@type":"SearchAction","target":{"@type":"EntryPoint","urlTemplate":"https:\/\/lovme.pt\/?s={search_term_string}"},"query-input":{"@type":"PropertyValueSpecification","valueRequired":true,"valueName":"search_term_string"}}],"inLanguage":"pt-PT"}]}},"_links":{"self":[{"href":"https:\/\/lovme.pt\/index.php\/wp-json\/wp\/v2\/product\/105254","targetHints":{"allow":["GET"]}}],"collection":[{"href":"https:\/\/lovme.pt\/index.php\/wp-json\/wp\/v2\/product"}],"about":[{"href":"https:\/\/lovme.pt\/index.php\/wp-json\/wp\/v2\/types\/product"}],"wp:featuredmedia":[{"embeddable":true,"href":"https:\/\/lovme.pt\/index.php\/wp-json\/wp\/v2\/media\/105255"}],"wp:attachment":[{"href":"https:\/\/lovme.pt\/index.php\/wp-json\/wp\/v2\/media?parent=105254"}],"wp:term":[{"taxonomy":"product_brand","embeddable":true,"href":"https:\/\/lovme.pt\/index.php\/wp-json\/wp\/v2\/product_brand?post=105254"},{"taxonomy":"product_cat","embeddable":true,"href":"https:\/\/lovme.pt\/index.php\/wp-json\/wp\/v2\/product_cat?post=105254"},{"taxonomy":"product_tag","embeddable":true,"href":"https:\/\/lovme.pt\/index.php\/wp-json\/wp\/v2\/product_tag?post=105254"}],"curies":[{"name":"wp","href":"https:\/\/api.w.org\/{rel}","templated":true}]}}