{"id":105215,"date":"2025-12-17T20:07:16","date_gmt":"2025-12-17T20:07:16","guid":{"rendered":"https:\/\/lovme.pt\/?post_type=product&#038;p=105215"},"modified":"2026-02-19T20:11:27","modified_gmt":"2026-02-19T20:11:27","slug":"xpower-pro-virilidade-caps-60-cpsulas-2","status":"publish","type":"product","link":"https:\/\/lovme.pt\/index.php\/produto\/xpower-pro-virilidade-caps-60-cpsulas-2\/","title":{"rendered":"XPOWER &#8211; CAPACITORES DE VIRILIDADE PROFISSIONAL &#8211; 60 UNIDADES"},"content":{"rendered":"<p>Melhore a vitalidade e a virilidade com Pro Virility Caps, nosso suplemento alimentar que faz parte da linha de produtos XPOWER. O Tribulus ajuda a aumentar os n\u00edveis de testosterona e melhora as ere\u00e7\u00f5es.<\/p>\n<p> A vitamina B6 ajuda a reduzir a fadiga e a aumentar a vitalidade e o desempenho sexual, enquanto a vitamina B5 contribui para a manuten\u00e7\u00e3o de um metabolismo est\u00e1vel dos horm\u00f4nios esteroides. \u00c9 essa combina\u00e7\u00e3o \u00fanica de ingredientes que faz do Pro Virility Caps um verdadeiro impulsionador para maior virilidade e uma vida sexual melhor.<\/p>\n<ul>\n<li> Aumenta a virilidade<\/li>\n<li> 60 c\u00e1psulas vegetais<\/li>\n<\/ul>\n<p> <strong>Resumo:<\/strong><\/p>\n<ol>\n<li> Pro Virility Caps ajuda os homens a melhorar a virilidade e a aumentar naturalmente os n\u00edveis de testosterona.<\/li>\n<li> O Tribulus pode ajudar a aumentar os n\u00edveis de testosterona no corpo e melhorar a fun\u00e7\u00e3o er\u00e9til.<\/li>\n<li> O guggul ajuda a manter o bom funcionamento da pr\u00f3stata.<\/li>\n<li> A vitamina B6 ajuda a reduzir a fadiga.<\/li>\n<\/ol>\n<p> <strong>Modo de usar:<\/strong><\/p>\n<ul>\n<li> Para obter melhores resultados, tome 2 c\u00e1psulas por dia durante um per\u00edodo de 3 meses.<\/li>\n<li> Conte\u00fado: 60 c\u00e1psulas vegetais<\/li>\n<\/ul>\n<p> Suplemento alimentar. N\u00e3o deve ser utilizado como substituto de uma alimenta\u00e7\u00e3o variada e equilibrada. Deve ser tomado como parte de um estilo de vida saud\u00e1vel. Manter fora do alcance das crian\u00e7as. N\u00e3o exceder a dose di\u00e1ria recomendada. N\u00e3o recomendado para crian\u00e7as, mulheres gr\u00e1vidas ou a amamentar, pessoas al\u00e9rgicas a derivados de salicilato ou que estejam a fazer tratamento com anti-hipertensivos, antidiab\u00e9ticos ou anticoagulantes. Consulte o seu m\u00e9dico e\/ou farmac\u00eautico antes de usar. Conservar em local seco e escuro.<\/p>\n<p> <strong>Ingredientes:<\/strong> Extrato do fruto de Tribulus, c\u00e1psula: hidroxipropilmetilcelulose, L-arginina, maltodextrina, antiaglomerante: sais de magn\u00e9sio de \u00e1cidos graxos, nicotinamida (niacina), levedura enriquecida com sel\u00eanio.<br \/> \u00f3xido de zinco, D-pantotenato de c\u00e1lcio (\u00e1cido pantot\u00eanico), cloridrato de tiamina, cloridrato de piridoxina (vitamina B6).<\/p>\n<p> <strong>Informa\u00e7\u00e3o nutricional (por 2 c\u00e1psulas)<\/strong><\/p>\n<ul>\n<li> Tribulus (Tribulus terrestris): 750 mg<\/li>\n<li> L-arginina: 100 mg<\/li>\n<li> Niacina (Vitamina B3): 16 mg (100% VRN*)<\/li>\n<li> Sel\u00eanio: 16,52 \u00b5g (30% VRN*)<\/li>\n<li> Zinco: 6 mg (60% VRN*)<\/li>\n<li> \u00c1cido pantot\u00eanico (Vitamina B5): 6 mg (100% VRN*)<\/li>\n<li> Tiamina (Vitamina B1): 1,1 mg (100% VRN*)<\/li>\n<li> Vitamina B6: 0,9 mg (64% VRN*)<\/li>\n<\/ul>\n<p> *VRN: Valores de Refer\u00eancia de Nutrientes.<\/p>\n","protected":false},"excerpt":{"rendered":"<p>EMBALAGEM DISPON\u00cdVEL EM: \/fr\/es\/de\/en\/it\/<\/p>\n","protected":false},"featured_media":105216,"template":"","meta":{"_acf_changed":false},"product_brand":[],"product_cat":[49,52,70],"product_tag":[],"class_list":{"0":"post-105215","1":"product","2":"type-product","3":"status-publish","4":"has-post-thumbnail","6":"product_cat-cosmeticos","7":"product_cat-estimulantes","8":"product_cat-saude","9":"yith_product_brand-labophyto","10":"yith_product_brand-labophytoxpower","12":"first","13":"instock","14":"taxable","15":"shipping-taxable","16":"purchasable","17":"product-type-simple"},"acf":[],"yoast_head":"<!-- This site is optimized with the Yoast SEO plugin v27.4 - https:\/\/yoast.com\/product\/yoast-seo-wordpress\/ -->\n<title>XPOWER - CAPACITORES DE VIRILIDADE PROFISSIONAL - 60 UNIDADES - Lovme<\/title>\n<meta name=\"robots\" content=\"index, follow, max-snippet:-1, max-image-preview:large, max-video-preview:-1\" \/>\n<link rel=\"canonical\" href=\"https:\/\/lovme.pt\/index.php\/produto\/xpower-pro-virilidade-caps-60-cpsulas-2\/\" \/>\n<meta property=\"og:locale\" content=\"pt_PT\" \/>\n<meta property=\"og:type\" content=\"article\" \/>\n<meta property=\"og:title\" content=\"XPOWER - CAPACITORES DE VIRILIDADE PROFISSIONAL - 60 UNIDADES - Lovme\" \/>\n<meta property=\"og:description\" content=\"EMBALAGEM DISPON\u00cdVEL EM: \/fr\/es\/de\/en\/it\/\" \/>\n<meta property=\"og:url\" content=\"https:\/\/lovme.pt\/index.php\/produto\/xpower-pro-virilidade-caps-60-cpsulas-2\/\" \/>\n<meta property=\"og:site_name\" content=\"Lovme\" \/>\n<meta property=\"article:modified_time\" content=\"2026-02-19T20:11:27+00:00\" \/>\n<meta property=\"og:image\" content=\"https:\/\/erki24nd3ub.exactdn.com\/wp-content\/uploads\/dream\/img\/img_217996_786661586a2f138aea76d08836a3d1bc_1.jpg?strip=all\" \/>\n\t<meta property=\"og:image:width\" content=\"900\" \/>\n\t<meta property=\"og:image:height\" content=\"900\" \/>\n\t<meta property=\"og:image:type\" content=\"image\/jpeg\" \/>\n<meta name=\"twitter:card\" content=\"summary_large_image\" \/>\n<meta name=\"twitter:label1\" content=\"Tempo estimado de leitura\" \/>\n\t<meta name=\"twitter:data1\" content=\"2 minutos\" \/>\n<script type=\"application\/ld+json\" class=\"yoast-schema-graph\">{\"@context\":\"https:\\\/\\\/schema.org\",\"@graph\":[{\"@type\":\"WebPage\",\"@id\":\"https:\\\/\\\/lovme.pt\\\/index.php\\\/produto\\\/xpower-pro-virilidade-caps-60-cpsulas-2\\\/\",\"url\":\"https:\\\/\\\/lovme.pt\\\/index.php\\\/produto\\\/xpower-pro-virilidade-caps-60-cpsulas-2\\\/\",\"name\":\"XPOWER - CAPACITORES DE VIRILIDADE PROFISSIONAL - 60 UNIDADES - Lovme\",\"isPartOf\":{\"@id\":\"https:\\\/\\\/lovme.pt\\\/#website\"},\"primaryImageOfPage\":{\"@id\":\"https:\\\/\\\/lovme.pt\\\/index.php\\\/produto\\\/xpower-pro-virilidade-caps-60-cpsulas-2\\\/#primaryimage\"},\"image\":{\"@id\":\"https:\\\/\\\/lovme.pt\\\/index.php\\\/produto\\\/xpower-pro-virilidade-caps-60-cpsulas-2\\\/#primaryimage\"},\"thumbnailUrl\":\"https:\\\/\\\/erki24nd3ub.exactdn.com\\\/wp-content\\\/uploads\\\/dream\\\/img\\\/img_217996_786661586a2f138aea76d08836a3d1bc_1.jpg?strip=all\",\"datePublished\":\"2025-12-17T20:07:16+00:00\",\"dateModified\":\"2026-02-19T20:11:27+00:00\",\"breadcrumb\":{\"@id\":\"https:\\\/\\\/lovme.pt\\\/index.php\\\/produto\\\/xpower-pro-virilidade-caps-60-cpsulas-2\\\/#breadcrumb\"},\"inLanguage\":\"pt-PT\",\"potentialAction\":[{\"@type\":\"ReadAction\",\"target\":[\"https:\\\/\\\/lovme.pt\\\/index.php\\\/produto\\\/xpower-pro-virilidade-caps-60-cpsulas-2\\\/\"]}]},{\"@type\":\"ImageObject\",\"inLanguage\":\"pt-PT\",\"@id\":\"https:\\\/\\\/lovme.pt\\\/index.php\\\/produto\\\/xpower-pro-virilidade-caps-60-cpsulas-2\\\/#primaryimage\",\"url\":\"https:\\\/\\\/erki24nd3ub.exactdn.com\\\/wp-content\\\/uploads\\\/dream\\\/img\\\/img_217996_786661586a2f138aea76d08836a3d1bc_1.jpg?strip=all\",\"contentUrl\":\"https:\\\/\\\/erki24nd3ub.exactdn.com\\\/wp-content\\\/uploads\\\/dream\\\/img\\\/img_217996_786661586a2f138aea76d08836a3d1bc_1.jpg?strip=all\",\"width\":900,\"height\":900},{\"@type\":\"BreadcrumbList\",\"@id\":\"https:\\\/\\\/lovme.pt\\\/index.php\\\/produto\\\/xpower-pro-virilidade-caps-60-cpsulas-2\\\/#breadcrumb\",\"itemListElement\":[{\"@type\":\"ListItem\",\"position\":1,\"name\":\"In\u00edcio\",\"item\":\"https:\\\/\\\/lovme.pt\\\/\"},{\"@type\":\"ListItem\",\"position\":2,\"name\":\"Loja\",\"item\":\"https:\\\/\\\/lovme.pt\\\/index.php\\\/loja\\\/\"},{\"@type\":\"ListItem\",\"position\":3,\"name\":\"XPOWER &#8211; CAPACITORES DE VIRILIDADE PROFISSIONAL &#8211; 60 UNIDADES\"}]},{\"@type\":\"WebSite\",\"@id\":\"https:\\\/\\\/lovme.pt\\\/#website\",\"url\":\"https:\\\/\\\/lovme.pt\\\/\",\"name\":\"Lovme Loja Er\u00f3tica N\u00ba1 em Portugal\",\"description\":\"A melhor loja er\u00f3tica de Portugal.\",\"alternateName\":\"Loja Er\u00f3tica Lovme\",\"potentialAction\":[{\"@type\":\"SearchAction\",\"target\":{\"@type\":\"EntryPoint\",\"urlTemplate\":\"https:\\\/\\\/lovme.pt\\\/?s={search_term_string}\"},\"query-input\":{\"@type\":\"PropertyValueSpecification\",\"valueRequired\":true,\"valueName\":\"search_term_string\"}}],\"inLanguage\":\"pt-PT\"}]}<\/script>\n<!-- \/ Yoast SEO plugin. -->","yoast_head_json":{"title":"XPOWER - CAPACITORES DE VIRILIDADE PROFISSIONAL - 60 UNIDADES - Lovme","robots":{"index":"index","follow":"follow","max-snippet":"max-snippet:-1","max-image-preview":"max-image-preview:large","max-video-preview":"max-video-preview:-1"},"canonical":"https:\/\/lovme.pt\/index.php\/produto\/xpower-pro-virilidade-caps-60-cpsulas-2\/","og_locale":"pt_PT","og_type":"article","og_title":"XPOWER - CAPACITORES DE VIRILIDADE PROFISSIONAL - 60 UNIDADES - Lovme","og_description":"EMBALAGEM DISPON\u00cdVEL EM: \/fr\/es\/de\/en\/it\/","og_url":"https:\/\/lovme.pt\/index.php\/produto\/xpower-pro-virilidade-caps-60-cpsulas-2\/","og_site_name":"Lovme","article_modified_time":"2026-02-19T20:11:27+00:00","og_image":[{"width":900,"height":900,"url":"https:\/\/erki24nd3ub.exactdn.com\/wp-content\/uploads\/dream\/img\/img_217996_786661586a2f138aea76d08836a3d1bc_1.jpg?strip=all","type":"image\/jpeg"}],"twitter_card":"summary_large_image","twitter_misc":{"Tempo estimado de leitura":"2 minutos"},"schema":{"@context":"https:\/\/schema.org","@graph":[{"@type":"WebPage","@id":"https:\/\/lovme.pt\/index.php\/produto\/xpower-pro-virilidade-caps-60-cpsulas-2\/","url":"https:\/\/lovme.pt\/index.php\/produto\/xpower-pro-virilidade-caps-60-cpsulas-2\/","name":"XPOWER - CAPACITORES DE VIRILIDADE PROFISSIONAL - 60 UNIDADES - Lovme","isPartOf":{"@id":"https:\/\/lovme.pt\/#website"},"primaryImageOfPage":{"@id":"https:\/\/lovme.pt\/index.php\/produto\/xpower-pro-virilidade-caps-60-cpsulas-2\/#primaryimage"},"image":{"@id":"https:\/\/lovme.pt\/index.php\/produto\/xpower-pro-virilidade-caps-60-cpsulas-2\/#primaryimage"},"thumbnailUrl":"https:\/\/erki24nd3ub.exactdn.com\/wp-content\/uploads\/dream\/img\/img_217996_786661586a2f138aea76d08836a3d1bc_1.jpg?strip=all","datePublished":"2025-12-17T20:07:16+00:00","dateModified":"2026-02-19T20:11:27+00:00","breadcrumb":{"@id":"https:\/\/lovme.pt\/index.php\/produto\/xpower-pro-virilidade-caps-60-cpsulas-2\/#breadcrumb"},"inLanguage":"pt-PT","potentialAction":[{"@type":"ReadAction","target":["https:\/\/lovme.pt\/index.php\/produto\/xpower-pro-virilidade-caps-60-cpsulas-2\/"]}]},{"@type":"ImageObject","inLanguage":"pt-PT","@id":"https:\/\/lovme.pt\/index.php\/produto\/xpower-pro-virilidade-caps-60-cpsulas-2\/#primaryimage","url":"https:\/\/erki24nd3ub.exactdn.com\/wp-content\/uploads\/dream\/img\/img_217996_786661586a2f138aea76d08836a3d1bc_1.jpg?strip=all","contentUrl":"https:\/\/erki24nd3ub.exactdn.com\/wp-content\/uploads\/dream\/img\/img_217996_786661586a2f138aea76d08836a3d1bc_1.jpg?strip=all","width":900,"height":900},{"@type":"BreadcrumbList","@id":"https:\/\/lovme.pt\/index.php\/produto\/xpower-pro-virilidade-caps-60-cpsulas-2\/#breadcrumb","itemListElement":[{"@type":"ListItem","position":1,"name":"In\u00edcio","item":"https:\/\/lovme.pt\/"},{"@type":"ListItem","position":2,"name":"Loja","item":"https:\/\/lovme.pt\/index.php\/loja\/"},{"@type":"ListItem","position":3,"name":"XPOWER &#8211; CAPACITORES DE VIRILIDADE PROFISSIONAL &#8211; 60 UNIDADES"}]},{"@type":"WebSite","@id":"https:\/\/lovme.pt\/#website","url":"https:\/\/lovme.pt\/","name":"Lovme Loja Er\u00f3tica N\u00ba1 em Portugal","description":"A melhor loja er\u00f3tica de Portugal.","alternateName":"Loja Er\u00f3tica Lovme","potentialAction":[{"@type":"SearchAction","target":{"@type":"EntryPoint","urlTemplate":"https:\/\/lovme.pt\/?s={search_term_string}"},"query-input":{"@type":"PropertyValueSpecification","valueRequired":true,"valueName":"search_term_string"}}],"inLanguage":"pt-PT"}]}},"_links":{"self":[{"href":"https:\/\/lovme.pt\/index.php\/wp-json\/wp\/v2\/product\/105215","targetHints":{"allow":["GET"]}}],"collection":[{"href":"https:\/\/lovme.pt\/index.php\/wp-json\/wp\/v2\/product"}],"about":[{"href":"https:\/\/lovme.pt\/index.php\/wp-json\/wp\/v2\/types\/product"}],"wp:featuredmedia":[{"embeddable":true,"href":"https:\/\/lovme.pt\/index.php\/wp-json\/wp\/v2\/media\/105216"}],"wp:attachment":[{"href":"https:\/\/lovme.pt\/index.php\/wp-json\/wp\/v2\/media?parent=105215"}],"wp:term":[{"taxonomy":"product_brand","embeddable":true,"href":"https:\/\/lovme.pt\/index.php\/wp-json\/wp\/v2\/product_brand?post=105215"},{"taxonomy":"product_cat","embeddable":true,"href":"https:\/\/lovme.pt\/index.php\/wp-json\/wp\/v2\/product_cat?post=105215"},{"taxonomy":"product_tag","embeddable":true,"href":"https:\/\/lovme.pt\/index.php\/wp-json\/wp\/v2\/product_tag?post=105215"}],"curies":[{"name":"wp","href":"https:\/\/api.w.org\/{rel}","templated":true}]}}