{"id":105031,"date":"2025-12-12T23:31:46","date_gmt":"2025-12-12T23:31:46","guid":{"rendered":"https:\/\/lovme.pt\/?post_type=product&#038;p=105031"},"modified":"2026-02-19T20:23:28","modified_gmt":"2026-02-19T20:23:28","slug":"chilirose-cr-4879-body-sem-vidro-preto-tamanho-s","status":"publish","type":"product","link":"https:\/\/lovme.pt\/index.php\/produto\/chilirose-cr-4879-body-sem-vidro-preto-tamanho-s\/","title":{"rendered":"CHILIROSE &#8211; BODY CROTCHLESS"},"content":{"rendered":"<p><strong>CR 4879<\/strong> Este body ousado e sensualmente provocante \u00e9 a escolha perfeita para libertar a paix\u00e3o e o desejo nos seus momentos \u00edntimos. A sensualidade ganha um novo significado com este body excepcional.<\/p>\n<p>Pain\u00e9is de tule transparente revelam apenas o suficiente, enquanto al\u00e7as delicadas contornam cada curva, esculpindo a cintura e os quadris com precis\u00e3o sedutora. Um colar sutil com corrente met\u00e1lica atrai o olhar para baixo, um convite irresist\u00edvel \u00e0 explora\u00e7\u00e3o. As costas revelam um corte ousado que emoldura perfeitamente as n\u00e1degas e as costas, transmitindo uma impress\u00e3o de confian\u00e7a e feminilidade indom\u00e1vel.<\/p>\n<p>Este body n\u00e3o apenas seduz, ele empodera.<\/p>\n<p>Criado para mulheres que adoram brincar com a tenta\u00e7\u00e3o e sabem que a sedu\u00e7\u00e3o \u00e9 uma arte. Com este body, seu parceiro n\u00e3o conseguir\u00e1 conter a excita\u00e7\u00e3o e o prazer ao v\u00ea-la t\u00e3o deslumbrante e sensual. Prepare-se para uma experi\u00eancia ardente e apaixonada que o deixar\u00e1 sem f\u00f4lego. Ambos desejando mais.<\/p>\n<p><u><strong>CARACTER\u00cdSTICAS:<\/strong><\/u><\/p>\n<ul>\n<li>Body confeccionado em malha el\u00e1stica macia ao toque e tule delicado.<\/li>\n<li>Os bojos com aro e enchimento real\u00e7am e modelam o busto de forma elegante.<\/li>\n<li>Al\u00e7as ajust\u00e1veis nos ombros e costas garantem um ajuste perfeito ao corpo.<\/li>\n<li>Esta sedutora coleira ajust\u00e1vel com corrente met\u00e1lica remov\u00edvel adiciona um toque ousado.<\/li>\n<li>Recortes sensuais e tiras decorativas criam um efeito geom\u00e9trico intrigante.<\/li>\n<li>Seu corte alto alonga visualmente as pernas e real\u00e7a os quadris.<\/li>\n<li>Meias combinando inclu\u00eddas.<\/li>\n<li>Dispon\u00edvel nos tamanhos: P, M, G e GG<\/li>\n<li>Cores: Preto e vermelho.<\/li>\n<\/ul>\n<p>\u00a0<\/p>\n<p>A marca <strong>CHILIROSE<\/strong> foi criada em 2008 com a miss\u00e3o de oferecer lingerie sensual e excitante a pre\u00e7os competitivos. Em 2022, ap\u00f3s 14 anos, somos uma das principais empresas de lingerie ex\u00f3tica, com uma vasta cole\u00e7\u00e3o de pijamas, vestidos, robes, corsets, roupas para balada e muito mais. Nosso rigoroso controle de qualidade garante a plena satisfa\u00e7\u00e3o dos nossos clientes e torna a experi\u00eancia de compra um prazer. Dedicamos especial aten\u00e7\u00e3o \u00e0 sele\u00e7\u00e3o dos materiais e \u00e0 confec\u00e7\u00e3o. Oferecemos regularmente novos estilos fant\u00e1sticos e esperamos surpreend\u00ea-lo(a) positivamente a cada visita.<\/p>\n<table border=\"1\" cellpadding=\"0\" cellspacing=\"0\" width=\"832\">\n<tbody>\n<tr height=\"23\" style=\"border: 1px solid black;\">\n<td class=\"xl72\" colspan=\"8\" height=\"23\" style=\"text-align: center; border: 1px solid black;\" width=\"832\"><b>GUIA DE TAMANHOS<\/b><\/td>\n<\/tr>\n<tr height=\"23\" style=\"border: 1px solid black;\">\n<td class=\"xl73\" colspan=\"2\" height=\"23\" style=\"text-align: center; border: 1px solid black;\"><strong>TAMANHO<\/strong><\/td>\n<td class=\"xl71\" style=\"text-align: center; border: 1px solid black;\" width=\"104\"><strong>S<\/strong><\/td>\n<td class=\"xl71\" style=\"text-align: center; border: 1px solid black;\" width=\"104\"><strong>M<\/strong><\/td>\n<td class=\"xl71\" style=\"text-align: center; border: 1px solid black;\" width=\"104\"><strong>L<\/strong><\/td>\n<td class=\"xl71\" style=\"text-align: center; border: 1px solid black;\" width=\"104\"><strong>XL<\/strong><\/td>\n<td class=\"xl71\" style=\"text-align: center; border: 1px solid black;\" width=\"104\"><strong>XXL<\/strong><\/td>\n<td class=\"xl71\" style=\"text-align: center; border: 1px solid black;\" width=\"104\"><strong>P\/M  G\/GG<\/strong><\/td>\n<\/tr>\n<tr>\n<td class=\"xl74\" colspan=\"2\" height=\"23\" style=\"text-align: center; border: 1px solid black;\" width=\"208\"><strong>Busto (cm)<\/strong><\/td>\n<td class=\"xl72\" style=\"text-align: center; border: 1px solid black;\" width=\"104\">85-89<\/td>\n<td class=\"xl72\" style=\"text-align: center; border: 1px solid black;\" width=\"104\">90-94<\/td>\n<td class=\"xl71\" style=\"text-align: center; border: 1px solid black;\" width=\"104\">95-99<\/td>\n<td class=\"xl71\" style=\"text-align: center; border: 1px solid black;\" width=\"104\">100-104<\/td>\n<td class=\"xl71\" style=\"text-align: center; border: 1px solid black;\" width=\"104\">105-109<\/td>\n<td class=\"xl71\" style=\"text-align: center; border: 1px solid black;\" width=\"104\">85-94  95-104<\/td>\n<\/tr>\n<tr>\n<td class=\"xl74\" colspan=\"2\" height=\"23\" style=\"text-align: center; border: 1px solid black;\" width=\"208\"><strong>Abaixo do busto (cm)<\/strong><\/td>\n<td class=\"xl72\" style=\"text-align: center; border: 1px solid black;\" width=\"104\"><span style=\"color: rgb(51, 51, 51); font-family: sans-serif, Arial, Verdana, \">69-72<\/span><\/td>\n<td class=\"xl72\" style=\"text-align: center; border: 1px solid black;\" width=\"104\"><span style=\"color: rgb(51, 51, 51); font-family: sans-serif, Arial, Verdana, \">73-77<\/span><\/td>\n<td class=\"xl71\" style=\"text-align: center; border: 1px solid black;\" width=\"104\"><span style=\"color: rgb(51, 51, 51); font-family: sans-serif, Arial, Verdana, \">78-81<\/span><\/td>\n<td class=\"xl71\" style=\"text-align: center; border: 1px solid black;\" width=\"104\"><span style=\"color: rgb(51, 51, 51); font-family: sans-serif, Arial, Verdana, \">82-86<\/span><\/td>\n<td class=\"xl71\" style=\"text-align: center; border: 1px solid black;\" width=\"104\"><span style=\"color: rgb(51, 51, 51); font-family: sans-serif, Arial, Verdana, \">87-90<\/span><\/td>\n<td class=\"xl71\" style=\"text-align: center; border: 1px solid black;\" width=\"104\"><span style=\"color: rgb(51, 51, 51); font-family: sans-serif, Arial, Verdana, \">69-77  78-86<\/span><\/td>\n<\/tr>\n<tr height=\"23\" style=\"border: 1px solid black;\">\n<td class=\"xl74\" colspan=\"2\" height=\"23\" style=\"text-align: center; border: 1px solid black;\" width=\"208\"><strong>Cintura (cm)<\/strong><\/td>\n<td class=\"xl72\" style=\"text-align: center; border: 1px solid black;\" width=\"104\">68-72<\/td>\n<td class=\"xl72\" style=\"text-align: center; border: 1px solid black;\" width=\"104\">73-77<\/td>\n<td class=\"xl71\" style=\"text-align: center; border: 1px solid black;\" width=\"104\">78-82<\/td>\n<td class=\"xl71\" style=\"text-align: center; border: 1px solid black;\" width=\"104\">83-87<\/td>\n<td class=\"xl71\" style=\"text-align: center; border: 1px solid black;\" width=\"104\">88-93<\/td>\n<td class=\"xl71\" style=\"text-align: center; border: 1px solid black;\" width=\"104\">68-77  78-87<\/td>\n<\/tr>\n<tr height=\"23\" style=\"border: 1px solid black;\">\n<td class=\"xl74\" colspan=\"2\" height=\"23\" style=\"text-align: center; border: 1px solid black;\" width=\"208\"><strong>Quadris (cm)<\/strong><\/td>\n<td class=\"xl72\" style=\"text-align: center; border: 1px solid black;\" width=\"104\">90-94<\/td>\n<td class=\"xl72\" style=\"text-align: center; border: 1px solid black;\" width=\"104\">95-100<\/td>\n<td class=\"xl71\" style=\"text-align: center; border: 1px solid black;\" width=\"104\">101-105<\/td>\n<td class=\"xl71\" style=\"text-align: center; border: 1px solid black;\" width=\"104\">106-111<\/td>\n<td class=\"xl71\" style=\"text-align: center; border: 1px solid black;\" width=\"104\">112-116<\/td>\n<td class=\"xl71\" style=\"text-align: center; border: 1px solid black;\" width=\"104\">90-100  101-111<\/td>\n<\/tr>\n<\/tbody>\n<\/table>\n","protected":false},"excerpt":{"rendered":"<p>CHILIROSE &#8211; CR 4879 BODY SEM VIDRO PRETO TAMANHO S<\/p>\n","protected":false},"featured_media":105034,"template":"","meta":{"_acf_changed":false},"product_brand":[],"product_cat":[47,66],"product_tag":[],"class_list":{"0":"post-105031","1":"product","2":"type-product","3":"status-publish","4":"has-post-thumbnail","6":"product_cat-lingerie","7":"product_cat-lingerie-feminina","8":"yith_product_brand-chilirose","9":"yith_product_brand-chilirosechilirose-bodies","11":"first","12":"instock","13":"taxable","14":"shipping-taxable","15":"purchasable","16":"product-type-variable","17":"has-default-attributes"},"acf":[],"yoast_head":"<!-- This site is optimized with the Yoast SEO plugin v27.4 - https:\/\/yoast.com\/product\/yoast-seo-wordpress\/ -->\n<title>CHILIROSE - BODY CROTCHLESS - Lovme<\/title>\n<meta name=\"robots\" content=\"index, follow, max-snippet:-1, max-image-preview:large, max-video-preview:-1\" \/>\n<link rel=\"canonical\" href=\"https:\/\/lovme.pt\/index.php\/produto\/chilirose-cr-4879-body-sem-vidro-preto-tamanho-s\/\" \/>\n<meta property=\"og:locale\" content=\"pt_PT\" \/>\n<meta property=\"og:type\" content=\"article\" \/>\n<meta property=\"og:title\" content=\"CHILIROSE - BODY CROTCHLESS - Lovme\" \/>\n<meta property=\"og:description\" content=\"CHILIROSE - CR 4879 BODY SEM VIDRO PRETO TAMANHO S\" \/>\n<meta property=\"og:url\" content=\"https:\/\/lovme.pt\/index.php\/produto\/chilirose-cr-4879-body-sem-vidro-preto-tamanho-s\/\" \/>\n<meta property=\"og:site_name\" content=\"Lovme\" \/>\n<meta property=\"article:modified_time\" content=\"2026-02-19T20:23:28+00:00\" \/>\n<meta property=\"og:image\" content=\"https:\/\/erki24nd3ub.exactdn.com\/wp-content\/uploads\/dream\/img\/img_216836_7ef2b569e5038ad4b683cb886e612007_1.jpg?strip=all\" \/>\n\t<meta property=\"og:image:width\" content=\"900\" \/>\n\t<meta property=\"og:image:height\" content=\"900\" \/>\n\t<meta property=\"og:image:type\" content=\"image\/jpeg\" \/>\n<meta name=\"twitter:card\" content=\"summary_large_image\" \/>\n<meta name=\"twitter:label1\" content=\"Tempo estimado de leitura\" \/>\n\t<meta name=\"twitter:data1\" content=\"2 minutos\" \/>\n<script type=\"application\/ld+json\" class=\"yoast-schema-graph\">{\"@context\":\"https:\\\/\\\/schema.org\",\"@graph\":[{\"@type\":\"WebPage\",\"@id\":\"https:\\\/\\\/lovme.pt\\\/index.php\\\/produto\\\/chilirose-cr-4879-body-sem-vidro-preto-tamanho-s\\\/\",\"url\":\"https:\\\/\\\/lovme.pt\\\/index.php\\\/produto\\\/chilirose-cr-4879-body-sem-vidro-preto-tamanho-s\\\/\",\"name\":\"CHILIROSE - BODY CROTCHLESS - Lovme\",\"isPartOf\":{\"@id\":\"https:\\\/\\\/lovme.pt\\\/#website\"},\"primaryImageOfPage\":{\"@id\":\"https:\\\/\\\/lovme.pt\\\/index.php\\\/produto\\\/chilirose-cr-4879-body-sem-vidro-preto-tamanho-s\\\/#primaryimage\"},\"image\":{\"@id\":\"https:\\\/\\\/lovme.pt\\\/index.php\\\/produto\\\/chilirose-cr-4879-body-sem-vidro-preto-tamanho-s\\\/#primaryimage\"},\"thumbnailUrl\":\"https:\\\/\\\/erki24nd3ub.exactdn.com\\\/wp-content\\\/uploads\\\/dream\\\/img\\\/img_216836_7ef2b569e5038ad4b683cb886e612007_1.jpg?strip=all\",\"datePublished\":\"2025-12-12T23:31:46+00:00\",\"dateModified\":\"2026-02-19T20:23:28+00:00\",\"breadcrumb\":{\"@id\":\"https:\\\/\\\/lovme.pt\\\/index.php\\\/produto\\\/chilirose-cr-4879-body-sem-vidro-preto-tamanho-s\\\/#breadcrumb\"},\"inLanguage\":\"pt-PT\",\"potentialAction\":[{\"@type\":\"ReadAction\",\"target\":[\"https:\\\/\\\/lovme.pt\\\/index.php\\\/produto\\\/chilirose-cr-4879-body-sem-vidro-preto-tamanho-s\\\/\"]}]},{\"@type\":\"ImageObject\",\"inLanguage\":\"pt-PT\",\"@id\":\"https:\\\/\\\/lovme.pt\\\/index.php\\\/produto\\\/chilirose-cr-4879-body-sem-vidro-preto-tamanho-s\\\/#primaryimage\",\"url\":\"https:\\\/\\\/erki24nd3ub.exactdn.com\\\/wp-content\\\/uploads\\\/dream\\\/img\\\/img_216836_7ef2b569e5038ad4b683cb886e612007_1.jpg?strip=all\",\"contentUrl\":\"https:\\\/\\\/erki24nd3ub.exactdn.com\\\/wp-content\\\/uploads\\\/dream\\\/img\\\/img_216836_7ef2b569e5038ad4b683cb886e612007_1.jpg?strip=all\",\"width\":900,\"height\":900},{\"@type\":\"BreadcrumbList\",\"@id\":\"https:\\\/\\\/lovme.pt\\\/index.php\\\/produto\\\/chilirose-cr-4879-body-sem-vidro-preto-tamanho-s\\\/#breadcrumb\",\"itemListElement\":[{\"@type\":\"ListItem\",\"position\":1,\"name\":\"In\u00edcio\",\"item\":\"https:\\\/\\\/lovme.pt\\\/\"},{\"@type\":\"ListItem\",\"position\":2,\"name\":\"Loja\",\"item\":\"https:\\\/\\\/lovme.pt\\\/index.php\\\/loja\\\/\"},{\"@type\":\"ListItem\",\"position\":3,\"name\":\"CHILIROSE &#8211; BODY CROTCHLESS\"}]},{\"@type\":\"WebSite\",\"@id\":\"https:\\\/\\\/lovme.pt\\\/#website\",\"url\":\"https:\\\/\\\/lovme.pt\\\/\",\"name\":\"Lovme Loja Er\u00f3tica N\u00ba1 em Portugal\",\"description\":\"A melhor loja er\u00f3tica de Portugal.\",\"alternateName\":\"Loja Er\u00f3tica Lovme\",\"potentialAction\":[{\"@type\":\"SearchAction\",\"target\":{\"@type\":\"EntryPoint\",\"urlTemplate\":\"https:\\\/\\\/lovme.pt\\\/?s={search_term_string}\"},\"query-input\":{\"@type\":\"PropertyValueSpecification\",\"valueRequired\":true,\"valueName\":\"search_term_string\"}}],\"inLanguage\":\"pt-PT\"}]}<\/script>\n<!-- \/ Yoast SEO plugin. -->","yoast_head_json":{"title":"CHILIROSE - BODY CROTCHLESS - Lovme","robots":{"index":"index","follow":"follow","max-snippet":"max-snippet:-1","max-image-preview":"max-image-preview:large","max-video-preview":"max-video-preview:-1"},"canonical":"https:\/\/lovme.pt\/index.php\/produto\/chilirose-cr-4879-body-sem-vidro-preto-tamanho-s\/","og_locale":"pt_PT","og_type":"article","og_title":"CHILIROSE - BODY CROTCHLESS - Lovme","og_description":"CHILIROSE - CR 4879 BODY SEM VIDRO PRETO TAMANHO S","og_url":"https:\/\/lovme.pt\/index.php\/produto\/chilirose-cr-4879-body-sem-vidro-preto-tamanho-s\/","og_site_name":"Lovme","article_modified_time":"2026-02-19T20:23:28+00:00","og_image":[{"width":900,"height":900,"url":"https:\/\/erki24nd3ub.exactdn.com\/wp-content\/uploads\/dream\/img\/img_216836_7ef2b569e5038ad4b683cb886e612007_1.jpg?strip=all","type":"image\/jpeg"}],"twitter_card":"summary_large_image","twitter_misc":{"Tempo estimado de leitura":"2 minutos"},"schema":{"@context":"https:\/\/schema.org","@graph":[{"@type":"WebPage","@id":"https:\/\/lovme.pt\/index.php\/produto\/chilirose-cr-4879-body-sem-vidro-preto-tamanho-s\/","url":"https:\/\/lovme.pt\/index.php\/produto\/chilirose-cr-4879-body-sem-vidro-preto-tamanho-s\/","name":"CHILIROSE - BODY CROTCHLESS - Lovme","isPartOf":{"@id":"https:\/\/lovme.pt\/#website"},"primaryImageOfPage":{"@id":"https:\/\/lovme.pt\/index.php\/produto\/chilirose-cr-4879-body-sem-vidro-preto-tamanho-s\/#primaryimage"},"image":{"@id":"https:\/\/lovme.pt\/index.php\/produto\/chilirose-cr-4879-body-sem-vidro-preto-tamanho-s\/#primaryimage"},"thumbnailUrl":"https:\/\/erki24nd3ub.exactdn.com\/wp-content\/uploads\/dream\/img\/img_216836_7ef2b569e5038ad4b683cb886e612007_1.jpg?strip=all","datePublished":"2025-12-12T23:31:46+00:00","dateModified":"2026-02-19T20:23:28+00:00","breadcrumb":{"@id":"https:\/\/lovme.pt\/index.php\/produto\/chilirose-cr-4879-body-sem-vidro-preto-tamanho-s\/#breadcrumb"},"inLanguage":"pt-PT","potentialAction":[{"@type":"ReadAction","target":["https:\/\/lovme.pt\/index.php\/produto\/chilirose-cr-4879-body-sem-vidro-preto-tamanho-s\/"]}]},{"@type":"ImageObject","inLanguage":"pt-PT","@id":"https:\/\/lovme.pt\/index.php\/produto\/chilirose-cr-4879-body-sem-vidro-preto-tamanho-s\/#primaryimage","url":"https:\/\/erki24nd3ub.exactdn.com\/wp-content\/uploads\/dream\/img\/img_216836_7ef2b569e5038ad4b683cb886e612007_1.jpg?strip=all","contentUrl":"https:\/\/erki24nd3ub.exactdn.com\/wp-content\/uploads\/dream\/img\/img_216836_7ef2b569e5038ad4b683cb886e612007_1.jpg?strip=all","width":900,"height":900},{"@type":"BreadcrumbList","@id":"https:\/\/lovme.pt\/index.php\/produto\/chilirose-cr-4879-body-sem-vidro-preto-tamanho-s\/#breadcrumb","itemListElement":[{"@type":"ListItem","position":1,"name":"In\u00edcio","item":"https:\/\/lovme.pt\/"},{"@type":"ListItem","position":2,"name":"Loja","item":"https:\/\/lovme.pt\/index.php\/loja\/"},{"@type":"ListItem","position":3,"name":"CHILIROSE &#8211; BODY CROTCHLESS"}]},{"@type":"WebSite","@id":"https:\/\/lovme.pt\/#website","url":"https:\/\/lovme.pt\/","name":"Lovme Loja Er\u00f3tica N\u00ba1 em Portugal","description":"A melhor loja er\u00f3tica de Portugal.","alternateName":"Loja Er\u00f3tica Lovme","potentialAction":[{"@type":"SearchAction","target":{"@type":"EntryPoint","urlTemplate":"https:\/\/lovme.pt\/?s={search_term_string}"},"query-input":{"@type":"PropertyValueSpecification","valueRequired":true,"valueName":"search_term_string"}}],"inLanguage":"pt-PT"}]}},"_links":{"self":[{"href":"https:\/\/lovme.pt\/index.php\/wp-json\/wp\/v2\/product\/105031","targetHints":{"allow":["GET"]}}],"collection":[{"href":"https:\/\/lovme.pt\/index.php\/wp-json\/wp\/v2\/product"}],"about":[{"href":"https:\/\/lovme.pt\/index.php\/wp-json\/wp\/v2\/types\/product"}],"wp:featuredmedia":[{"embeddable":true,"href":"https:\/\/lovme.pt\/index.php\/wp-json\/wp\/v2\/media\/105034"}],"wp:attachment":[{"href":"https:\/\/lovme.pt\/index.php\/wp-json\/wp\/v2\/media?parent=105031"}],"wp:term":[{"taxonomy":"product_brand","embeddable":true,"href":"https:\/\/lovme.pt\/index.php\/wp-json\/wp\/v2\/product_brand?post=105031"},{"taxonomy":"product_cat","embeddable":true,"href":"https:\/\/lovme.pt\/index.php\/wp-json\/wp\/v2\/product_cat?post=105031"},{"taxonomy":"product_tag","embeddable":true,"href":"https:\/\/lovme.pt\/index.php\/wp-json\/wp\/v2\/product_tag?post=105031"}],"curies":[{"name":"wp","href":"https:\/\/api.w.org\/{rel}","templated":true}]}}