{"id":104937,"date":"2025-12-05T18:04:56","date_gmt":"2025-12-05T18:04:56","guid":{"rendered":"https:\/\/lovme.pt\/?post_type=product&p=104937"},"modified":"2026-02-19T20:16:08","modified_gmt":"2026-02-19T20:16:08","slug":"leg-avenue-protetores-de-mamilo-adesivos-isla","status":"publish","type":"product","link":"https:\/\/lovme.pt\/index.php\/produto\/leg-avenue-protetores-de-mamilo-adesivos-isla\/","title":{"rendered":"LEG AVENUE &#8211; PROTETORES DE MAMILO ADESIVOS ISLA"},"content":{"rendered":"<p>Descubra o equil\u00edbrio perfeito entre glamour, sensualidade e divers\u00e3o com os adesivos de mamilo Isla da Leg Avenue, um acess\u00f3rio criado para transformar qualquer conjunto de lingerie em uma experi\u00eancia visualmente irresist\u00edvel. Feitos de 100% acr\u00edlico e formulados para serem suaves na pele, esses adesivos se destacam pelo acabamento brilhante e pela decora\u00e7\u00e3o intrincada com glitter e strass, capturando a luz a cada movimento e adicionando um toque sofisticado e divertido ao seu look \u00edntimo.<\/p>\n<p> O design autoadesivo garante uma aplica\u00e7\u00e3o r\u00e1pida, confort\u00e1vel e segura, permitindo que se adaptem sem esfor\u00e7o ao formato do seu corpo. Gra\u00e7as \u00e0 sua versatilidade, estas pequenas joias corporais podem ser usadas n\u00e3o s\u00f3 como protetores de mamilo tradicionais, mas tamb\u00e9m como adornos criativos em outras partes do corpo, abrindo um leque infinito de possibilidades para brincar, criar estilo e seduzir.<\/p>\n<p> Perfeita para real\u00e7ar conjuntos de lingerie ousados, surpreender algu\u00e9m numa noite especial ou dar o toque final a uma sess\u00e3o fotogr\u00e1fica sensual, Isla \u00e9 muito mais do que um acess\u00f3rio: \u00e9 um convite para explorar o seu lado mais arrojado com eleg\u00e2ncia e brilho. Fa\u00e7a dela a sua aliada ideal para elevar qualquer momento \u00edntimo e adicionar um toque de magia \u00e0 sua cole\u00e7\u00e3o de lingerie.<\/p>\n<p> <u><strong>Materiais e cuidados<\/strong><\/u><\/p>\n<ul>\n<li> 100% acr\u00edlico<\/li>\n<li> N\u00e3o lave<\/li>\n<li> N\u00e3o engomar<\/li>\n<li> Sem alvejante \u00e0 base de cloro<\/li>\n<li> N\u00e3o lavar a seco<\/li>\n<\/ul>\n<p> <u><strong>Avenida das Pernas<\/strong><\/u><\/p>\n<p> Pioneiros em lingerie sexy, meias e fantasias incr\u00edveis. Tudo pensado para voc\u00ea! Sabemos que cada corpo \u00e9 \u00fanico e acreditamos que todas as mulheres devem se sentir e parecer fant\u00e1sticas, independentemente do tamanho ou formato do corpo. Por isso, nossos designs s\u00e3o sempre focados em real\u00e7ar seus melhores atributos. E, falando s\u00e9rio, estamos falando de tecidos ultramacios e elasticidade incompar\u00e1vel. Conforto e estilo? Com certeza!<\/p>\n<p> A Leg Avenue transborda paix\u00e3o, divers\u00e3o e autoexpress\u00e3o. Queremos que voc\u00ea seja completamente voc\u00ea mesma, com um toque de descontra\u00e7\u00e3o e muita confian\u00e7a. Descubra como nossas lingeries, meias e fantasias elevam seu visual a um novo patamar. Juntas, buscamos o extraordin\u00e1rio e provamos que estilo n\u00e3o tem tamanho.<\/p>\n","protected":false},"excerpt":{"rendered":"<p>LEG AVENUE &#8211; PROTETORES DE MAMILO ADESIVOS ISLA<\/p>\n","protected":false},"featured_media":104938,"template":"","meta":{"_acf_changed":false},"product_brand":[],"product_cat":[50,47,66,88],"product_tag":[],"class_list":{"0":"post-104937","1":"product","2":"type-product","3":"status-publish","4":"has-post-thumbnail","6":"product_cat-complementos-e-acessorios","7":"product_cat-lingerie","8":"product_cat-lingerie-feminina","9":"product_cat-novidades","10":"yith_product_brand-leg-avenue","11":"yith_product_brand-leg-avenueleg-avenue-accessories","13":"first","14":"instock","15":"taxable","16":"shipping-taxable","17":"purchasable","18":"product-type-simple"},"acf":[],"yoast_head":"<!-- This site is optimized with the Yoast SEO plugin v27.4 - https:\/\/yoast.com\/product\/yoast-seo-wordpress\/ -->\n<title>LEG AVENUE - PROTETORES DE MAMILO ADESIVOS ISLA - Lovme<\/title>\n<meta name=\"robots\" content=\"index, follow, max-snippet:-1, max-image-preview:large, max-video-preview:-1\" \/>\n<link rel=\"canonical\" href=\"https:\/\/lovme.pt\/index.php\/produto\/leg-avenue-protetores-de-mamilo-adesivos-isla\/\" \/>\n<meta property=\"og:locale\" content=\"pt_PT\" \/>\n<meta property=\"og:type\" content=\"article\" \/>\n<meta property=\"og:title\" content=\"LEG AVENUE - PROTETORES DE MAMILO ADESIVOS ISLA - Lovme\" \/>\n<meta property=\"og:description\" content=\"LEG AVENUE - PROTETORES DE MAMILO ADESIVOS ISLA\" \/>\n<meta property=\"og:url\" content=\"https:\/\/lovme.pt\/index.php\/produto\/leg-avenue-protetores-de-mamilo-adesivos-isla\/\" \/>\n<meta property=\"og:site_name\" content=\"Lovme\" \/>\n<meta property=\"article:modified_time\" content=\"2026-02-19T20:16:08+00:00\" \/>\n<meta property=\"og:image\" content=\"https:\/\/erki24nd3ub.exactdn.com\/wp-content\/uploads\/dream\/img\/img_217391_05df05ce1f9a2776c174824b8fd94810_1.jpg?strip=all\" \/>\n\t<meta property=\"og:image:width\" content=\"900\" \/>\n\t<meta property=\"og:image:height\" content=\"900\" \/>\n\t<meta property=\"og:image:type\" content=\"image\/jpeg\" \/>\n<meta name=\"twitter:card\" content=\"summary_large_image\" \/>\n<meta name=\"twitter:label1\" content=\"Tempo estimado de leitura\" \/>\n\t<meta name=\"twitter:data1\" content=\"2 minutos\" \/>\n<script type=\"application\/ld+json\" class=\"yoast-schema-graph\">{\"@context\":\"https:\\\/\\\/schema.org\",\"@graph\":[{\"@type\":\"WebPage\",\"@id\":\"https:\\\/\\\/lovme.pt\\\/index.php\\\/produto\\\/leg-avenue-protetores-de-mamilo-adesivos-isla\\\/\",\"url\":\"https:\\\/\\\/lovme.pt\\\/index.php\\\/produto\\\/leg-avenue-protetores-de-mamilo-adesivos-isla\\\/\",\"name\":\"LEG AVENUE - PROTETORES DE MAMILO ADESIVOS ISLA - Lovme\",\"isPartOf\":{\"@id\":\"https:\\\/\\\/lovme.pt\\\/#website\"},\"primaryImageOfPage\":{\"@id\":\"https:\\\/\\\/lovme.pt\\\/index.php\\\/produto\\\/leg-avenue-protetores-de-mamilo-adesivos-isla\\\/#primaryimage\"},\"image\":{\"@id\":\"https:\\\/\\\/lovme.pt\\\/index.php\\\/produto\\\/leg-avenue-protetores-de-mamilo-adesivos-isla\\\/#primaryimage\"},\"thumbnailUrl\":\"https:\\\/\\\/erki24nd3ub.exactdn.com\\\/wp-content\\\/uploads\\\/dream\\\/img\\\/img_217391_05df05ce1f9a2776c174824b8fd94810_1.jpg?strip=all\",\"datePublished\":\"2025-12-05T18:04:56+00:00\",\"dateModified\":\"2026-02-19T20:16:08+00:00\",\"breadcrumb\":{\"@id\":\"https:\\\/\\\/lovme.pt\\\/index.php\\\/produto\\\/leg-avenue-protetores-de-mamilo-adesivos-isla\\\/#breadcrumb\"},\"inLanguage\":\"pt-PT\",\"potentialAction\":[{\"@type\":\"ReadAction\",\"target\":[\"https:\\\/\\\/lovme.pt\\\/index.php\\\/produto\\\/leg-avenue-protetores-de-mamilo-adesivos-isla\\\/\"]}]},{\"@type\":\"ImageObject\",\"inLanguage\":\"pt-PT\",\"@id\":\"https:\\\/\\\/lovme.pt\\\/index.php\\\/produto\\\/leg-avenue-protetores-de-mamilo-adesivos-isla\\\/#primaryimage\",\"url\":\"https:\\\/\\\/erki24nd3ub.exactdn.com\\\/wp-content\\\/uploads\\\/dream\\\/img\\\/img_217391_05df05ce1f9a2776c174824b8fd94810_1.jpg?strip=all\",\"contentUrl\":\"https:\\\/\\\/erki24nd3ub.exactdn.com\\\/wp-content\\\/uploads\\\/dream\\\/img\\\/img_217391_05df05ce1f9a2776c174824b8fd94810_1.jpg?strip=all\",\"width\":900,\"height\":900},{\"@type\":\"BreadcrumbList\",\"@id\":\"https:\\\/\\\/lovme.pt\\\/index.php\\\/produto\\\/leg-avenue-protetores-de-mamilo-adesivos-isla\\\/#breadcrumb\",\"itemListElement\":[{\"@type\":\"ListItem\",\"position\":1,\"name\":\"In\u00edcio\",\"item\":\"https:\\\/\\\/lovme.pt\\\/\"},{\"@type\":\"ListItem\",\"position\":2,\"name\":\"Loja\",\"item\":\"https:\\\/\\\/lovme.pt\\\/index.php\\\/loja\\\/\"},{\"@type\":\"ListItem\",\"position\":3,\"name\":\"LEG AVENUE &#8211; PROTETORES DE MAMILO ADESIVOS ISLA\"}]},{\"@type\":\"WebSite\",\"@id\":\"https:\\\/\\\/lovme.pt\\\/#website\",\"url\":\"https:\\\/\\\/lovme.pt\\\/\",\"name\":\"Lovme Loja Er\u00f3tica N\u00ba1 em Portugal\",\"description\":\"A melhor loja er\u00f3tica de Portugal.\",\"alternateName\":\"Loja Er\u00f3tica Lovme\",\"potentialAction\":[{\"@type\":\"SearchAction\",\"target\":{\"@type\":\"EntryPoint\",\"urlTemplate\":\"https:\\\/\\\/lovme.pt\\\/?s={search_term_string}\"},\"query-input\":{\"@type\":\"PropertyValueSpecification\",\"valueRequired\":true,\"valueName\":\"search_term_string\"}}],\"inLanguage\":\"pt-PT\"}]}<\/script>\n<!-- \/ Yoast SEO plugin. -->","yoast_head_json":{"title":"LEG AVENUE - PROTETORES DE MAMILO ADESIVOS ISLA - Lovme","robots":{"index":"index","follow":"follow","max-snippet":"max-snippet:-1","max-image-preview":"max-image-preview:large","max-video-preview":"max-video-preview:-1"},"canonical":"https:\/\/lovme.pt\/index.php\/produto\/leg-avenue-protetores-de-mamilo-adesivos-isla\/","og_locale":"pt_PT","og_type":"article","og_title":"LEG AVENUE - PROTETORES DE MAMILO ADESIVOS ISLA - Lovme","og_description":"LEG AVENUE - PROTETORES DE MAMILO ADESIVOS ISLA","og_url":"https:\/\/lovme.pt\/index.php\/produto\/leg-avenue-protetores-de-mamilo-adesivos-isla\/","og_site_name":"Lovme","article_modified_time":"2026-02-19T20:16:08+00:00","og_image":[{"width":900,"height":900,"url":"https:\/\/erki24nd3ub.exactdn.com\/wp-content\/uploads\/dream\/img\/img_217391_05df05ce1f9a2776c174824b8fd94810_1.jpg?strip=all","type":"image\/jpeg"}],"twitter_card":"summary_large_image","twitter_misc":{"Tempo estimado de leitura":"2 minutos"},"schema":{"@context":"https:\/\/schema.org","@graph":[{"@type":"WebPage","@id":"https:\/\/lovme.pt\/index.php\/produto\/leg-avenue-protetores-de-mamilo-adesivos-isla\/","url":"https:\/\/lovme.pt\/index.php\/produto\/leg-avenue-protetores-de-mamilo-adesivos-isla\/","name":"LEG AVENUE - PROTETORES DE MAMILO ADESIVOS ISLA - Lovme","isPartOf":{"@id":"https:\/\/lovme.pt\/#website"},"primaryImageOfPage":{"@id":"https:\/\/lovme.pt\/index.php\/produto\/leg-avenue-protetores-de-mamilo-adesivos-isla\/#primaryimage"},"image":{"@id":"https:\/\/lovme.pt\/index.php\/produto\/leg-avenue-protetores-de-mamilo-adesivos-isla\/#primaryimage"},"thumbnailUrl":"https:\/\/erki24nd3ub.exactdn.com\/wp-content\/uploads\/dream\/img\/img_217391_05df05ce1f9a2776c174824b8fd94810_1.jpg?strip=all","datePublished":"2025-12-05T18:04:56+00:00","dateModified":"2026-02-19T20:16:08+00:00","breadcrumb":{"@id":"https:\/\/lovme.pt\/index.php\/produto\/leg-avenue-protetores-de-mamilo-adesivos-isla\/#breadcrumb"},"inLanguage":"pt-PT","potentialAction":[{"@type":"ReadAction","target":["https:\/\/lovme.pt\/index.php\/produto\/leg-avenue-protetores-de-mamilo-adesivos-isla\/"]}]},{"@type":"ImageObject","inLanguage":"pt-PT","@id":"https:\/\/lovme.pt\/index.php\/produto\/leg-avenue-protetores-de-mamilo-adesivos-isla\/#primaryimage","url":"https:\/\/erki24nd3ub.exactdn.com\/wp-content\/uploads\/dream\/img\/img_217391_05df05ce1f9a2776c174824b8fd94810_1.jpg?strip=all","contentUrl":"https:\/\/erki24nd3ub.exactdn.com\/wp-content\/uploads\/dream\/img\/img_217391_05df05ce1f9a2776c174824b8fd94810_1.jpg?strip=all","width":900,"height":900},{"@type":"BreadcrumbList","@id":"https:\/\/lovme.pt\/index.php\/produto\/leg-avenue-protetores-de-mamilo-adesivos-isla\/#breadcrumb","itemListElement":[{"@type":"ListItem","position":1,"name":"In\u00edcio","item":"https:\/\/lovme.pt\/"},{"@type":"ListItem","position":2,"name":"Loja","item":"https:\/\/lovme.pt\/index.php\/loja\/"},{"@type":"ListItem","position":3,"name":"LEG AVENUE &#8211; PROTETORES DE MAMILO ADESIVOS ISLA"}]},{"@type":"WebSite","@id":"https:\/\/lovme.pt\/#website","url":"https:\/\/lovme.pt\/","name":"Lovme Loja Er\u00f3tica N\u00ba1 em Portugal","description":"A melhor loja er\u00f3tica de Portugal.","alternateName":"Loja Er\u00f3tica Lovme","potentialAction":[{"@type":"SearchAction","target":{"@type":"EntryPoint","urlTemplate":"https:\/\/lovme.pt\/?s={search_term_string}"},"query-input":{"@type":"PropertyValueSpecification","valueRequired":true,"valueName":"search_term_string"}}],"inLanguage":"pt-PT"}]}},"_links":{"self":[{"href":"https:\/\/lovme.pt\/index.php\/wp-json\/wp\/v2\/product\/104937","targetHints":{"allow":["GET"]}}],"collection":[{"href":"https:\/\/lovme.pt\/index.php\/wp-json\/wp\/v2\/product"}],"about":[{"href":"https:\/\/lovme.pt\/index.php\/wp-json\/wp\/v2\/types\/product"}],"wp:featuredmedia":[{"embeddable":true,"href":"https:\/\/lovme.pt\/index.php\/wp-json\/wp\/v2\/media\/104938"}],"wp:attachment":[{"href":"https:\/\/lovme.pt\/index.php\/wp-json\/wp\/v2\/media?parent=104937"}],"wp:term":[{"taxonomy":"product_brand","embeddable":true,"href":"https:\/\/lovme.pt\/index.php\/wp-json\/wp\/v2\/product_brand?post=104937"},{"taxonomy":"product_cat","embeddable":true,"href":"https:\/\/lovme.pt\/index.php\/wp-json\/wp\/v2\/product_cat?post=104937"},{"taxonomy":"product_tag","embeddable":true,"href":"https:\/\/lovme.pt\/index.php\/wp-json\/wp\/v2\/product_tag?post=104937"}],"curies":[{"name":"wp","href":"https:\/\/api.w.org\/{rel}","templated":true}]}}