{"id":104925,"date":"2025-12-05T18:04:50","date_gmt":"2025-12-05T18:04:50","guid":{"rendered":"https:\/\/lovme.pt\/?post_type=product&#038;p=104925"},"modified":"2026-02-19T20:23:24","modified_gmt":"2026-02-19T20:23:24","slug":"leg-avenue-81623-conjunto-sutia-calcinha-fio-dental-vinho-tamanho-s","status":"publish","type":"product","link":"https:\/\/lovme.pt\/index.php\/produto\/leg-avenue-81623-conjunto-sutia-calcinha-fio-dental-vinho-tamanho-s\/","title":{"rendered":"LEG AVENUE &#8211; SET SUJETADOR + TANGA BURDEOS"},"content":{"rendered":"<p>Descubra a sensualidade e o charme do conjunto de lingerie Leg Avenue 81623, um conjunto cuidadosamente desenhado para real\u00e7ar a sua feminilidade com eleg\u00e2ncia e sofistica\u00e7\u00e3o. Este conjunto de duas pe\u00e7as combina um suti\u00e3 lindamente trabalhado com uma tanga a condizer, ambos em delicada renda com acabamento ondulado que conferem um toque rom\u00e2ntico e sedutor. O seu tom borgonha profundo e glamoroso torna este conjunto a pe\u00e7a ideal para ocasi\u00f5es especiais ou simplesmente para se mimar com um look irresist\u00edvel.<\/p>\n<p>O suti\u00e3 apresenta um design moderno e provocante com tiras finas e decorativas que emolduram o busto e criam um efeito visual cativante. Inclui tamb\u00e9m aplica\u00e7\u00f5es de strass que adicionam um brilho sutil e elegante, real\u00e7ando cada detalhe da renda. Suas al\u00e7as ajust\u00e1veis garantem um caimento personalizado, enquanto o fecho de colchetes nas costas proporciona um uso seguro e confort\u00e1vel.<\/p>\n<p>A tanga a condizer, tamb\u00e9m com detalhes de tiras, complementa na perfei\u00e7\u00e3o o soutien, criando um equil\u00edbrio entre delicadeza e ousadia. O seu corte real\u00e7a naturalmente as curvas, enquanto a renda macia oferece conforto e um acabamento impec\u00e1vel. Este conjunto \u00e9 perfeito para quem procura lingerie marcante e refinada com um toque extra de brilho.<\/p>\n<p><u><strong>Materiais e cuidados<\/strong><\/u><\/p>\n<ul>\n<li>88% poliamida, n\u00e1ilon, 12% elastano<\/li>\n<li>Lavar com cuidado a uma temperatura m\u00e1xima de 30 \u00b0C.<\/li>\n<li>N\u00e3o engomar<\/li>\n<li>Sem alvejante \u00e0 base de cloro<\/li>\n<li>N\u00e3o lavar a seco<\/li>\n<\/ul>\n<p>\u00a0<\/p>\n<p><u><strong>Avenida das Pernas<\/strong><\/u><\/p>\n<p>Pioneiros em lingerie sexy, meias e fantasias incr\u00edveis. Tudo pensado para voc\u00ea! Sabemos que cada corpo \u00e9 \u00fanico e acreditamos que todas as mulheres devem se sentir e se ver maravilhosas, independentemente do tamanho ou formato do corpo. Por isso, nossos designs sempre priorizam real\u00e7ar seus melhores atributos. E quando falamos de tecidos ultramacios e elasticidade incompar\u00e1vel, \u00e9 s\u00e9rio. Conforto e estilo? Com certeza!<\/p>\n<p>A Leg Avenue transborda paix\u00e3o, divers\u00e3o e autoexpress\u00e3o. Queremos que voc\u00ea seja completamente voc\u00ea mesma, com um toque de descontra\u00e7\u00e3o e muita confian\u00e7a. Descubra como nossas lingeries, meias e fantasias elevam seu visual a um novo patamar. Juntas, buscamos o extraordin\u00e1rio e provamos que estilo n\u00e3o tem tamanho.<\/p>\n","protected":false},"excerpt":{"rendered":"<p>LEG AVENUE &#8211; 81623 CONJUNTO SUTI\u00c3 + CALCINHA FIO DENTAL VINHO TAMANHO S<\/p>\n","protected":false},"featured_media":104928,"template":"","meta":{"_acf_changed":false},"product_brand":[],"product_cat":[47,66,88],"product_tag":[],"class_list":{"0":"post-104925","1":"product","2":"type-product","3":"status-publish","4":"has-post-thumbnail","6":"product_cat-lingerie","7":"product_cat-lingerie-feminina","8":"product_cat-novidades","9":"yith_product_brand-leg-avenue","10":"yith_product_brand-leg-avenueleg-avenue-sets","12":"first","13":"instock","14":"taxable","15":"shipping-taxable","16":"purchasable","17":"product-type-variable","18":"has-default-attributes"},"acf":[],"yoast_head":"<!-- This site is optimized with the Yoast SEO plugin v27.4 - https:\/\/yoast.com\/product\/yoast-seo-wordpress\/ -->\n<title>LEG AVENUE - SET SUJETADOR + TANGA BURDEOS - Lovme<\/title>\n<meta name=\"robots\" content=\"index, follow, max-snippet:-1, max-image-preview:large, max-video-preview:-1\" \/>\n<link rel=\"canonical\" href=\"https:\/\/lovme.pt\/index.php\/produto\/leg-avenue-81623-conjunto-sutia-calcinha-fio-dental-vinho-tamanho-s\/\" \/>\n<meta property=\"og:locale\" content=\"pt_PT\" \/>\n<meta property=\"og:type\" content=\"article\" \/>\n<meta property=\"og:title\" content=\"LEG AVENUE - SET SUJETADOR + TANGA BURDEOS - Lovme\" \/>\n<meta property=\"og:description\" content=\"LEG AVENUE - 81623 CONJUNTO SUTI\u00c3 + CALCINHA FIO DENTAL VINHO TAMANHO S\" \/>\n<meta property=\"og:url\" content=\"https:\/\/lovme.pt\/index.php\/produto\/leg-avenue-81623-conjunto-sutia-calcinha-fio-dental-vinho-tamanho-s\/\" \/>\n<meta property=\"og:site_name\" content=\"Lovme\" \/>\n<meta property=\"article:modified_time\" content=\"2026-02-19T20:23:24+00:00\" \/>\n<meta property=\"og:image\" content=\"https:\/\/erki24nd3ub.exactdn.com\/wp-content\/uploads\/dream\/img\/img_217359_d9086d6702e43c207dd7f2a16d9e1b78_1.jpg?strip=all\" \/>\n\t<meta property=\"og:image:width\" content=\"900\" \/>\n\t<meta property=\"og:image:height\" content=\"900\" \/>\n\t<meta property=\"og:image:type\" content=\"image\/jpeg\" \/>\n<meta name=\"twitter:card\" content=\"summary_large_image\" \/>\n<meta name=\"twitter:label1\" content=\"Tempo estimado de leitura\" \/>\n\t<meta name=\"twitter:data1\" content=\"2 minutos\" \/>\n<script type=\"application\/ld+json\" class=\"yoast-schema-graph\">{\"@context\":\"https:\\\/\\\/schema.org\",\"@graph\":[{\"@type\":\"WebPage\",\"@id\":\"https:\\\/\\\/lovme.pt\\\/index.php\\\/produto\\\/leg-avenue-81623-conjunto-sutia-calcinha-fio-dental-vinho-tamanho-s\\\/\",\"url\":\"https:\\\/\\\/lovme.pt\\\/index.php\\\/produto\\\/leg-avenue-81623-conjunto-sutia-calcinha-fio-dental-vinho-tamanho-s\\\/\",\"name\":\"LEG AVENUE - SET SUJETADOR + TANGA BURDEOS - Lovme\",\"isPartOf\":{\"@id\":\"https:\\\/\\\/lovme.pt\\\/#website\"},\"primaryImageOfPage\":{\"@id\":\"https:\\\/\\\/lovme.pt\\\/index.php\\\/produto\\\/leg-avenue-81623-conjunto-sutia-calcinha-fio-dental-vinho-tamanho-s\\\/#primaryimage\"},\"image\":{\"@id\":\"https:\\\/\\\/lovme.pt\\\/index.php\\\/produto\\\/leg-avenue-81623-conjunto-sutia-calcinha-fio-dental-vinho-tamanho-s\\\/#primaryimage\"},\"thumbnailUrl\":\"https:\\\/\\\/erki24nd3ub.exactdn.com\\\/wp-content\\\/uploads\\\/dream\\\/img\\\/img_217359_d9086d6702e43c207dd7f2a16d9e1b78_1.jpg?strip=all\",\"datePublished\":\"2025-12-05T18:04:50+00:00\",\"dateModified\":\"2026-02-19T20:23:24+00:00\",\"breadcrumb\":{\"@id\":\"https:\\\/\\\/lovme.pt\\\/index.php\\\/produto\\\/leg-avenue-81623-conjunto-sutia-calcinha-fio-dental-vinho-tamanho-s\\\/#breadcrumb\"},\"inLanguage\":\"pt-PT\",\"potentialAction\":[{\"@type\":\"ReadAction\",\"target\":[\"https:\\\/\\\/lovme.pt\\\/index.php\\\/produto\\\/leg-avenue-81623-conjunto-sutia-calcinha-fio-dental-vinho-tamanho-s\\\/\"]}]},{\"@type\":\"ImageObject\",\"inLanguage\":\"pt-PT\",\"@id\":\"https:\\\/\\\/lovme.pt\\\/index.php\\\/produto\\\/leg-avenue-81623-conjunto-sutia-calcinha-fio-dental-vinho-tamanho-s\\\/#primaryimage\",\"url\":\"https:\\\/\\\/erki24nd3ub.exactdn.com\\\/wp-content\\\/uploads\\\/dream\\\/img\\\/img_217359_d9086d6702e43c207dd7f2a16d9e1b78_1.jpg?strip=all\",\"contentUrl\":\"https:\\\/\\\/erki24nd3ub.exactdn.com\\\/wp-content\\\/uploads\\\/dream\\\/img\\\/img_217359_d9086d6702e43c207dd7f2a16d9e1b78_1.jpg?strip=all\",\"width\":900,\"height\":900},{\"@type\":\"BreadcrumbList\",\"@id\":\"https:\\\/\\\/lovme.pt\\\/index.php\\\/produto\\\/leg-avenue-81623-conjunto-sutia-calcinha-fio-dental-vinho-tamanho-s\\\/#breadcrumb\",\"itemListElement\":[{\"@type\":\"ListItem\",\"position\":1,\"name\":\"In\u00edcio\",\"item\":\"https:\\\/\\\/lovme.pt\\\/\"},{\"@type\":\"ListItem\",\"position\":2,\"name\":\"Loja\",\"item\":\"https:\\\/\\\/lovme.pt\\\/index.php\\\/loja\\\/\"},{\"@type\":\"ListItem\",\"position\":3,\"name\":\"LEG AVENUE &#8211; SET SUJETADOR + TANGA BURDEOS\"}]},{\"@type\":\"WebSite\",\"@id\":\"https:\\\/\\\/lovme.pt\\\/#website\",\"url\":\"https:\\\/\\\/lovme.pt\\\/\",\"name\":\"Lovme Loja Er\u00f3tica N\u00ba1 em Portugal\",\"description\":\"A melhor loja er\u00f3tica de Portugal.\",\"alternateName\":\"Loja Er\u00f3tica Lovme\",\"potentialAction\":[{\"@type\":\"SearchAction\",\"target\":{\"@type\":\"EntryPoint\",\"urlTemplate\":\"https:\\\/\\\/lovme.pt\\\/?s={search_term_string}\"},\"query-input\":{\"@type\":\"PropertyValueSpecification\",\"valueRequired\":true,\"valueName\":\"search_term_string\"}}],\"inLanguage\":\"pt-PT\"}]}<\/script>\n<!-- \/ Yoast SEO plugin. -->","yoast_head_json":{"title":"LEG AVENUE - SET SUJETADOR + TANGA BURDEOS - Lovme","robots":{"index":"index","follow":"follow","max-snippet":"max-snippet:-1","max-image-preview":"max-image-preview:large","max-video-preview":"max-video-preview:-1"},"canonical":"https:\/\/lovme.pt\/index.php\/produto\/leg-avenue-81623-conjunto-sutia-calcinha-fio-dental-vinho-tamanho-s\/","og_locale":"pt_PT","og_type":"article","og_title":"LEG AVENUE - SET SUJETADOR + TANGA BURDEOS - Lovme","og_description":"LEG AVENUE - 81623 CONJUNTO SUTI\u00c3 + CALCINHA FIO DENTAL VINHO TAMANHO S","og_url":"https:\/\/lovme.pt\/index.php\/produto\/leg-avenue-81623-conjunto-sutia-calcinha-fio-dental-vinho-tamanho-s\/","og_site_name":"Lovme","article_modified_time":"2026-02-19T20:23:24+00:00","og_image":[{"width":900,"height":900,"url":"https:\/\/erki24nd3ub.exactdn.com\/wp-content\/uploads\/dream\/img\/img_217359_d9086d6702e43c207dd7f2a16d9e1b78_1.jpg?strip=all","type":"image\/jpeg"}],"twitter_card":"summary_large_image","twitter_misc":{"Tempo estimado de leitura":"2 minutos"},"schema":{"@context":"https:\/\/schema.org","@graph":[{"@type":"WebPage","@id":"https:\/\/lovme.pt\/index.php\/produto\/leg-avenue-81623-conjunto-sutia-calcinha-fio-dental-vinho-tamanho-s\/","url":"https:\/\/lovme.pt\/index.php\/produto\/leg-avenue-81623-conjunto-sutia-calcinha-fio-dental-vinho-tamanho-s\/","name":"LEG AVENUE - SET SUJETADOR + TANGA BURDEOS - Lovme","isPartOf":{"@id":"https:\/\/lovme.pt\/#website"},"primaryImageOfPage":{"@id":"https:\/\/lovme.pt\/index.php\/produto\/leg-avenue-81623-conjunto-sutia-calcinha-fio-dental-vinho-tamanho-s\/#primaryimage"},"image":{"@id":"https:\/\/lovme.pt\/index.php\/produto\/leg-avenue-81623-conjunto-sutia-calcinha-fio-dental-vinho-tamanho-s\/#primaryimage"},"thumbnailUrl":"https:\/\/erki24nd3ub.exactdn.com\/wp-content\/uploads\/dream\/img\/img_217359_d9086d6702e43c207dd7f2a16d9e1b78_1.jpg?strip=all","datePublished":"2025-12-05T18:04:50+00:00","dateModified":"2026-02-19T20:23:24+00:00","breadcrumb":{"@id":"https:\/\/lovme.pt\/index.php\/produto\/leg-avenue-81623-conjunto-sutia-calcinha-fio-dental-vinho-tamanho-s\/#breadcrumb"},"inLanguage":"pt-PT","potentialAction":[{"@type":"ReadAction","target":["https:\/\/lovme.pt\/index.php\/produto\/leg-avenue-81623-conjunto-sutia-calcinha-fio-dental-vinho-tamanho-s\/"]}]},{"@type":"ImageObject","inLanguage":"pt-PT","@id":"https:\/\/lovme.pt\/index.php\/produto\/leg-avenue-81623-conjunto-sutia-calcinha-fio-dental-vinho-tamanho-s\/#primaryimage","url":"https:\/\/erki24nd3ub.exactdn.com\/wp-content\/uploads\/dream\/img\/img_217359_d9086d6702e43c207dd7f2a16d9e1b78_1.jpg?strip=all","contentUrl":"https:\/\/erki24nd3ub.exactdn.com\/wp-content\/uploads\/dream\/img\/img_217359_d9086d6702e43c207dd7f2a16d9e1b78_1.jpg?strip=all","width":900,"height":900},{"@type":"BreadcrumbList","@id":"https:\/\/lovme.pt\/index.php\/produto\/leg-avenue-81623-conjunto-sutia-calcinha-fio-dental-vinho-tamanho-s\/#breadcrumb","itemListElement":[{"@type":"ListItem","position":1,"name":"In\u00edcio","item":"https:\/\/lovme.pt\/"},{"@type":"ListItem","position":2,"name":"Loja","item":"https:\/\/lovme.pt\/index.php\/loja\/"},{"@type":"ListItem","position":3,"name":"LEG AVENUE &#8211; SET SUJETADOR + TANGA BURDEOS"}]},{"@type":"WebSite","@id":"https:\/\/lovme.pt\/#website","url":"https:\/\/lovme.pt\/","name":"Lovme Loja Er\u00f3tica N\u00ba1 em Portugal","description":"A melhor loja er\u00f3tica de Portugal.","alternateName":"Loja Er\u00f3tica Lovme","potentialAction":[{"@type":"SearchAction","target":{"@type":"EntryPoint","urlTemplate":"https:\/\/lovme.pt\/?s={search_term_string}"},"query-input":{"@type":"PropertyValueSpecification","valueRequired":true,"valueName":"search_term_string"}}],"inLanguage":"pt-PT"}]}},"_links":{"self":[{"href":"https:\/\/lovme.pt\/index.php\/wp-json\/wp\/v2\/product\/104925","targetHints":{"allow":["GET"]}}],"collection":[{"href":"https:\/\/lovme.pt\/index.php\/wp-json\/wp\/v2\/product"}],"about":[{"href":"https:\/\/lovme.pt\/index.php\/wp-json\/wp\/v2\/types\/product"}],"wp:featuredmedia":[{"embeddable":true,"href":"https:\/\/lovme.pt\/index.php\/wp-json\/wp\/v2\/media\/104928"}],"wp:attachment":[{"href":"https:\/\/lovme.pt\/index.php\/wp-json\/wp\/v2\/media?parent=104925"}],"wp:term":[{"taxonomy":"product_brand","embeddable":true,"href":"https:\/\/lovme.pt\/index.php\/wp-json\/wp\/v2\/product_brand?post=104925"},{"taxonomy":"product_cat","embeddable":true,"href":"https:\/\/lovme.pt\/index.php\/wp-json\/wp\/v2\/product_cat?post=104925"},{"taxonomy":"product_tag","embeddable":true,"href":"https:\/\/lovme.pt\/index.php\/wp-json\/wp\/v2\/product_tag?post=104925"}],"curies":[{"name":"wp","href":"https:\/\/api.w.org\/{rel}","templated":true}]}}