{"id":104913,"date":"2025-12-03T14:48:07","date_gmt":"2025-12-03T14:48:07","guid":{"rendered":"https:\/\/lovme.pt\/?post_type=product&p=104913"},"modified":"2026-02-19T20:13:25","modified_gmt":"2026-02-19T20:13:25","slug":"electrastim-acessorio-eletromatico-moldavel-por-recuo","status":"publish","type":"product","link":"https:\/\/lovme.pt\/index.php\/produto\/electrastim-acessorio-eletromatico-moldavel-por-recuo\/","title":{"rendered":"ELECTRASTIM &#8211; ACESS\u00d3RIO ELETROM\u00c1TICO MOLD\u00c1VEL POR RECUO"},"content":{"rendered":"<p><strong>Recoil<\/strong> \u00e9 a mais recente adi\u00e7\u00e3o \u00e0 linha Shape  Play da ElectraStim: um eletrodo unipolar exclusivo que se dobra, torce e mant\u00e9m sua forma at\u00e9 que voc\u00ea a altere. Projetado para estimula\u00e7\u00e3o externa e interna, o Recoil oferece controle criativo para que voc\u00ea desfrute de sensa\u00e7\u00f5es el\u00e9tricas personalizadas durante o uso individual ou a dois.<\/p>\n<p>Dobre o Recoil no formato desejado ou enrole-o em torno de uma parte do corpo para obter um contato suave e condutivo.<\/p>\n<ul>\n<li><strong>Uso externo<\/strong> : Enrole-o ao redor da haste, dos test\u00edculos ou da base para uma estimula\u00e7\u00e3o personalizada. Aplique gel condutor (vendido separadamente) para um contato ideal.<\/li>\n<li><strong>Uso interno<\/strong> : Tor\u00e7a-o at\u00e9 obter um formato inser\u00edvel e use bastante lubrificante \u00e0 base de \u00e1gua para um uso seguro e confort\u00e1vel. Certifique-se sempre de que a base esteja alargada ou enrolada antes do uso anal.<\/li>\n<\/ul>\n<p><u>Nota<\/u> : O Recoil \u00e9 um eletrodo unipolar e deve ser emparelhado com outro acess\u00f3rio unipolar (por exemplo, uma almofada ou um anel peniano) para completar o circuito.<\/p>\n<p>Limpe o Recoil com \u00e1gua morna e sab\u00e3o ou com um produto de limpeza espec\u00edfico para brinquedos sexuais e seque-o com um pano de microfibra. Evite submergir a porta de conex\u00e3o em \u00e1gua. Guarde-o na bolsa de microfibra inclu\u00edda para mant\u00ea-lo limpo e pronto para uso.<\/p>\n<p><strong><u>CARACTER\u00cdSTICAS:<\/u><\/strong><\/p>\n<ul>\n<li>Comprimento: 40 cm (totalmente estendido)<\/li>\n<li>Largura: 0,65 cm \/ 0,25 polegadas<\/li>\n<li>Conector: Conex\u00e3o de pino de 2 mm (adaptadores dispon\u00edveis)<\/li>\n<li>Materiais: N\u00facleo de fio de cobre, silicone condutor, tampa de PVC, livre de ftalatos<\/li>\n<li>Cor: Preto<\/li>\n<li>Observa\u00e7\u00e3o: \u00c9 necess\u00e1rio um aparelho de eletroestimula\u00e7\u00e3o (vendido separadamente).<\/li>\n<li>Inclui:\n<ul>\n<li>1 eletrodo unipolar Recoil Shape  Play<\/li>\n<li>1 x Bolsa de armazenamento em microfibra<\/li>\n<li>1 x Cart\u00e3o de instru\u00e7\u00f5es<\/li>\n<\/ul>\n<\/li>\n<\/ul>\n","protected":false},"excerpt":{"rendered":"<p>ELECTRASTIM &#8211; ACESS\u00d3RIO ELETROM\u00c1TICO MOLD\u00c1VEL POR RECUO<\/p>\n","protected":false},"featured_media":104914,"template":"","meta":{"_acf_changed":false},"product_brand":[],"product_cat":[48,88],"product_tag":[],"class_list":{"0":"post-104913","1":"product","2":"type-product","3":"status-publish","4":"has-post-thumbnail","6":"product_cat-bdsm","7":"product_cat-novidades","8":"yith_product_brand-electrastim","10":"first","11":"instock","12":"taxable","13":"shipping-taxable","14":"purchasable","15":"product-type-simple"},"acf":[],"yoast_head":"<!-- This site is optimized with the Yoast SEO plugin v27.4 - https:\/\/yoast.com\/product\/yoast-seo-wordpress\/ -->\n<title>ELECTRASTIM - ACESS\u00d3RIO ELETROM\u00c1TICO MOLD\u00c1VEL POR RECUO - Lovme<\/title>\n<meta name=\"robots\" content=\"index, follow, max-snippet:-1, max-image-preview:large, max-video-preview:-1\" \/>\n<link rel=\"canonical\" href=\"https:\/\/lovme.pt\/index.php\/produto\/electrastim-acessorio-eletromatico-moldavel-por-recuo\/\" \/>\n<meta property=\"og:locale\" content=\"pt_PT\" \/>\n<meta property=\"og:type\" content=\"article\" \/>\n<meta property=\"og:title\" content=\"ELECTRASTIM - ACESS\u00d3RIO ELETROM\u00c1TICO MOLD\u00c1VEL POR RECUO - Lovme\" \/>\n<meta property=\"og:description\" content=\"ELECTRASTIM - ACESS\u00d3RIO ELETROM\u00c1TICO MOLD\u00c1VEL POR RECUO\" \/>\n<meta property=\"og:url\" content=\"https:\/\/lovme.pt\/index.php\/produto\/electrastim-acessorio-eletromatico-moldavel-por-recuo\/\" \/>\n<meta property=\"og:site_name\" content=\"Lovme\" \/>\n<meta property=\"article:modified_time\" content=\"2026-02-19T20:13:25+00:00\" \/>\n<meta property=\"og:image\" content=\"https:\/\/erki24nd3ub.exactdn.com\/wp-content\/uploads\/dream\/img\/img_217713_556895a16b6f0fd1f2f623cf1addf4ce_1.jpg?strip=all\" \/>\n\t<meta property=\"og:image:width\" content=\"900\" \/>\n\t<meta property=\"og:image:height\" content=\"900\" \/>\n\t<meta property=\"og:image:type\" content=\"image\/jpeg\" \/>\n<meta name=\"twitter:card\" content=\"summary_large_image\" \/>\n<meta name=\"twitter:label1\" content=\"Tempo estimado de leitura\" \/>\n\t<meta name=\"twitter:data1\" content=\"1 minuto\" \/>\n<script type=\"application\/ld+json\" class=\"yoast-schema-graph\">{\"@context\":\"https:\\\/\\\/schema.org\",\"@graph\":[{\"@type\":\"WebPage\",\"@id\":\"https:\\\/\\\/lovme.pt\\\/index.php\\\/produto\\\/electrastim-acessorio-eletromatico-moldavel-por-recuo\\\/\",\"url\":\"https:\\\/\\\/lovme.pt\\\/index.php\\\/produto\\\/electrastim-acessorio-eletromatico-moldavel-por-recuo\\\/\",\"name\":\"ELECTRASTIM - ACESS\u00d3RIO ELETROM\u00c1TICO MOLD\u00c1VEL POR RECUO - Lovme\",\"isPartOf\":{\"@id\":\"https:\\\/\\\/lovme.pt\\\/#website\"},\"primaryImageOfPage\":{\"@id\":\"https:\\\/\\\/lovme.pt\\\/index.php\\\/produto\\\/electrastim-acessorio-eletromatico-moldavel-por-recuo\\\/#primaryimage\"},\"image\":{\"@id\":\"https:\\\/\\\/lovme.pt\\\/index.php\\\/produto\\\/electrastim-acessorio-eletromatico-moldavel-por-recuo\\\/#primaryimage\"},\"thumbnailUrl\":\"https:\\\/\\\/erki24nd3ub.exactdn.com\\\/wp-content\\\/uploads\\\/dream\\\/img\\\/img_217713_556895a16b6f0fd1f2f623cf1addf4ce_1.jpg?strip=all\",\"datePublished\":\"2025-12-03T14:48:07+00:00\",\"dateModified\":\"2026-02-19T20:13:25+00:00\",\"breadcrumb\":{\"@id\":\"https:\\\/\\\/lovme.pt\\\/index.php\\\/produto\\\/electrastim-acessorio-eletromatico-moldavel-por-recuo\\\/#breadcrumb\"},\"inLanguage\":\"pt-PT\",\"potentialAction\":[{\"@type\":\"ReadAction\",\"target\":[\"https:\\\/\\\/lovme.pt\\\/index.php\\\/produto\\\/electrastim-acessorio-eletromatico-moldavel-por-recuo\\\/\"]}]},{\"@type\":\"ImageObject\",\"inLanguage\":\"pt-PT\",\"@id\":\"https:\\\/\\\/lovme.pt\\\/index.php\\\/produto\\\/electrastim-acessorio-eletromatico-moldavel-por-recuo\\\/#primaryimage\",\"url\":\"https:\\\/\\\/erki24nd3ub.exactdn.com\\\/wp-content\\\/uploads\\\/dream\\\/img\\\/img_217713_556895a16b6f0fd1f2f623cf1addf4ce_1.jpg?strip=all\",\"contentUrl\":\"https:\\\/\\\/erki24nd3ub.exactdn.com\\\/wp-content\\\/uploads\\\/dream\\\/img\\\/img_217713_556895a16b6f0fd1f2f623cf1addf4ce_1.jpg?strip=all\",\"width\":900,\"height\":900},{\"@type\":\"BreadcrumbList\",\"@id\":\"https:\\\/\\\/lovme.pt\\\/index.php\\\/produto\\\/electrastim-acessorio-eletromatico-moldavel-por-recuo\\\/#breadcrumb\",\"itemListElement\":[{\"@type\":\"ListItem\",\"position\":1,\"name\":\"In\u00edcio\",\"item\":\"https:\\\/\\\/lovme.pt\\\/\"},{\"@type\":\"ListItem\",\"position\":2,\"name\":\"Loja\",\"item\":\"https:\\\/\\\/lovme.pt\\\/index.php\\\/loja\\\/\"},{\"@type\":\"ListItem\",\"position\":3,\"name\":\"ELECTRASTIM &#8211; ACESS\u00d3RIO ELETROM\u00c1TICO MOLD\u00c1VEL POR RECUO\"}]},{\"@type\":\"WebSite\",\"@id\":\"https:\\\/\\\/lovme.pt\\\/#website\",\"url\":\"https:\\\/\\\/lovme.pt\\\/\",\"name\":\"Lovme Loja Er\u00f3tica N\u00ba1 em Portugal\",\"description\":\"A melhor loja er\u00f3tica de Portugal.\",\"alternateName\":\"Loja Er\u00f3tica Lovme\",\"potentialAction\":[{\"@type\":\"SearchAction\",\"target\":{\"@type\":\"EntryPoint\",\"urlTemplate\":\"https:\\\/\\\/lovme.pt\\\/?s={search_term_string}\"},\"query-input\":{\"@type\":\"PropertyValueSpecification\",\"valueRequired\":true,\"valueName\":\"search_term_string\"}}],\"inLanguage\":\"pt-PT\"}]}<\/script>\n<!-- \/ Yoast SEO plugin. -->","yoast_head_json":{"title":"ELECTRASTIM - ACESS\u00d3RIO ELETROM\u00c1TICO MOLD\u00c1VEL POR RECUO - Lovme","robots":{"index":"index","follow":"follow","max-snippet":"max-snippet:-1","max-image-preview":"max-image-preview:large","max-video-preview":"max-video-preview:-1"},"canonical":"https:\/\/lovme.pt\/index.php\/produto\/electrastim-acessorio-eletromatico-moldavel-por-recuo\/","og_locale":"pt_PT","og_type":"article","og_title":"ELECTRASTIM - ACESS\u00d3RIO ELETROM\u00c1TICO MOLD\u00c1VEL POR RECUO - Lovme","og_description":"ELECTRASTIM - ACESS\u00d3RIO ELETROM\u00c1TICO MOLD\u00c1VEL POR RECUO","og_url":"https:\/\/lovme.pt\/index.php\/produto\/electrastim-acessorio-eletromatico-moldavel-por-recuo\/","og_site_name":"Lovme","article_modified_time":"2026-02-19T20:13:25+00:00","og_image":[{"width":900,"height":900,"url":"https:\/\/erki24nd3ub.exactdn.com\/wp-content\/uploads\/dream\/img\/img_217713_556895a16b6f0fd1f2f623cf1addf4ce_1.jpg?strip=all","type":"image\/jpeg"}],"twitter_card":"summary_large_image","twitter_misc":{"Tempo estimado de leitura":"1 minuto"},"schema":{"@context":"https:\/\/schema.org","@graph":[{"@type":"WebPage","@id":"https:\/\/lovme.pt\/index.php\/produto\/electrastim-acessorio-eletromatico-moldavel-por-recuo\/","url":"https:\/\/lovme.pt\/index.php\/produto\/electrastim-acessorio-eletromatico-moldavel-por-recuo\/","name":"ELECTRASTIM - ACESS\u00d3RIO ELETROM\u00c1TICO MOLD\u00c1VEL POR RECUO - Lovme","isPartOf":{"@id":"https:\/\/lovme.pt\/#website"},"primaryImageOfPage":{"@id":"https:\/\/lovme.pt\/index.php\/produto\/electrastim-acessorio-eletromatico-moldavel-por-recuo\/#primaryimage"},"image":{"@id":"https:\/\/lovme.pt\/index.php\/produto\/electrastim-acessorio-eletromatico-moldavel-por-recuo\/#primaryimage"},"thumbnailUrl":"https:\/\/erki24nd3ub.exactdn.com\/wp-content\/uploads\/dream\/img\/img_217713_556895a16b6f0fd1f2f623cf1addf4ce_1.jpg?strip=all","datePublished":"2025-12-03T14:48:07+00:00","dateModified":"2026-02-19T20:13:25+00:00","breadcrumb":{"@id":"https:\/\/lovme.pt\/index.php\/produto\/electrastim-acessorio-eletromatico-moldavel-por-recuo\/#breadcrumb"},"inLanguage":"pt-PT","potentialAction":[{"@type":"ReadAction","target":["https:\/\/lovme.pt\/index.php\/produto\/electrastim-acessorio-eletromatico-moldavel-por-recuo\/"]}]},{"@type":"ImageObject","inLanguage":"pt-PT","@id":"https:\/\/lovme.pt\/index.php\/produto\/electrastim-acessorio-eletromatico-moldavel-por-recuo\/#primaryimage","url":"https:\/\/erki24nd3ub.exactdn.com\/wp-content\/uploads\/dream\/img\/img_217713_556895a16b6f0fd1f2f623cf1addf4ce_1.jpg?strip=all","contentUrl":"https:\/\/erki24nd3ub.exactdn.com\/wp-content\/uploads\/dream\/img\/img_217713_556895a16b6f0fd1f2f623cf1addf4ce_1.jpg?strip=all","width":900,"height":900},{"@type":"BreadcrumbList","@id":"https:\/\/lovme.pt\/index.php\/produto\/electrastim-acessorio-eletromatico-moldavel-por-recuo\/#breadcrumb","itemListElement":[{"@type":"ListItem","position":1,"name":"In\u00edcio","item":"https:\/\/lovme.pt\/"},{"@type":"ListItem","position":2,"name":"Loja","item":"https:\/\/lovme.pt\/index.php\/loja\/"},{"@type":"ListItem","position":3,"name":"ELECTRASTIM &#8211; ACESS\u00d3RIO ELETROM\u00c1TICO MOLD\u00c1VEL POR RECUO"}]},{"@type":"WebSite","@id":"https:\/\/lovme.pt\/#website","url":"https:\/\/lovme.pt\/","name":"Lovme Loja Er\u00f3tica N\u00ba1 em Portugal","description":"A melhor loja er\u00f3tica de Portugal.","alternateName":"Loja Er\u00f3tica Lovme","potentialAction":[{"@type":"SearchAction","target":{"@type":"EntryPoint","urlTemplate":"https:\/\/lovme.pt\/?s={search_term_string}"},"query-input":{"@type":"PropertyValueSpecification","valueRequired":true,"valueName":"search_term_string"}}],"inLanguage":"pt-PT"}]}},"_links":{"self":[{"href":"https:\/\/lovme.pt\/index.php\/wp-json\/wp\/v2\/product\/104913","targetHints":{"allow":["GET"]}}],"collection":[{"href":"https:\/\/lovme.pt\/index.php\/wp-json\/wp\/v2\/product"}],"about":[{"href":"https:\/\/lovme.pt\/index.php\/wp-json\/wp\/v2\/types\/product"}],"wp:featuredmedia":[{"embeddable":true,"href":"https:\/\/lovme.pt\/index.php\/wp-json\/wp\/v2\/media\/104914"}],"wp:attachment":[{"href":"https:\/\/lovme.pt\/index.php\/wp-json\/wp\/v2\/media?parent=104913"}],"wp:term":[{"taxonomy":"product_brand","embeddable":true,"href":"https:\/\/lovme.pt\/index.php\/wp-json\/wp\/v2\/product_brand?post=104913"},{"taxonomy":"product_cat","embeddable":true,"href":"https:\/\/lovme.pt\/index.php\/wp-json\/wp\/v2\/product_cat?post=104913"},{"taxonomy":"product_tag","embeddable":true,"href":"https:\/\/lovme.pt\/index.php\/wp-json\/wp\/v2\/product_tag?post=104913"}],"curies":[{"name":"wp","href":"https:\/\/api.w.org\/{rel}","templated":true}]}}