{"id":104895,"date":"2025-12-03T14:24:28","date_gmt":"2025-12-03T14:24:28","guid":{"rendered":"https:\/\/lovme.pt\/?post_type=product&p=104895"},"modified":"2026-02-19T20:07:22","modified_gmt":"2026-02-19T20:07:22","slug":"satisfyer-star-force-4-dildo-de-aco-inoxidavel-com-duas-extremidades","status":"publish","type":"product","link":"https:\/\/lovme.pt\/index.php\/produto\/satisfyer-star-force-4-dildo-de-aco-inoxidavel-com-duas-extremidades\/","title":{"rendered":"SATISFYER &#8211; STAR FORCE 4 DILDO DE A\u00c7O INOXID\u00c1VEL COM DUAS EXTREMIDADES"},"content":{"rendered":"<p>Descubra as infinitas possibilidades de prazer com o Star Force 4. Seu corpo esf\u00e9rico, feito de a\u00e7o inoxid\u00e1vel de alta qualidade, oferece estimula\u00e7\u00e3o precisa do ponto G e promete um deleite sensual que te levar\u00e1 \u00e0s estrelas.<\/p>\n<ul>\n<li> Fabricado em a\u00e7o inoxid\u00e1vel robusto e de alta qualidade.<\/li>\n<li> Material resistente \u00e0 temperatura \u2014 perfeito para experimentar sensa\u00e7\u00f5es de quente e frio.<\/li>\n<li> Projetado por especialistas para alcan\u00e7ar o ponto G e proporcionar uma estimula\u00e7\u00e3o intensa.<\/li>\n<li> Pode ser usado em ambas as extremidades.<\/li>\n<li> F\u00e1cil de limpar<\/li>\n<li> A\u00e7o inoxid\u00e1vel maci\u00e7o<\/li>\n<li> Prazer intenso gra\u00e7as ao seu peso consider\u00e1vel.<\/li>\n<\/ul>\n<p> <strong>Descubra a gal\u00e1xia do prazer<\/strong><\/p>\n<p> O corpo esf\u00e9rico do Star Force 4, feito de a\u00e7o inoxid\u00e1vel, foi projetado para estimular com precis\u00e3o suas zonas er\u00f3genas e lev\u00e1-la a orgasmos inesquec\u00edveis. Com seu tamanho XXL impressionante e superf\u00edcie lisa, promete uma experi\u00eancia sensual que a transportar\u00e1 diretamente para o s\u00e9timo c\u00e9u.<\/p>\n<p> Deixe a gravidade assumir o controle \u2014 seu peso consider\u00e1vel amplifica cada movimento e te derrete de prazer. Aque\u00e7a-o em \u00e1gua quente para uma massagem relaxante ou resfrie-o na geladeira para uma sensa\u00e7\u00e3o estimulante: o Star Force 4 foi feito para brincar com a temperatura.<\/p>\n<p> <strong>Desfrute de prazeres ilimitados com Star Force 4!<\/strong><\/p>\n<p> Experimente a satisfa\u00e7\u00e3o suprema com o Star Force 4. Seu formato esf\u00e9rico amplo oferece estimula\u00e7\u00e3o precisa do ponto G, transformando suas fantasias mais ousadas em realidade. Feito de a\u00e7o inoxid\u00e1vel premium e com superf\u00edcie lisa para uma penetra\u00e7\u00e3o sem esfor\u00e7o, este vibrador est\u00e1 pronto para lev\u00e1-la a uma jornada sensual sem limites. Presenteie-se com o prazer que voc\u00ea merece e mergulhe nas profundezas infinitas da felicidade com o Star Force 4!<\/p>\n","protected":false},"excerpt":{"rendered":"<p>SATISFYER &#8211; STAR FORCE 4 DILDO DE A\u00c7O INOXID\u00c1VEL COM DUAS EXTREMIDADES<\/p>\n","protected":false},"featured_media":104896,"template":"","meta":{"_acf_changed":false},"product_brand":[],"product_cat":[17,56],"product_tag":[],"class_list":{"0":"post-104895","1":"product","2":"type-product","3":"status-publish","4":"has-post-thumbnail","6":"product_cat-brinquedos-de-bem-estar-sexual","7":"product_cat-dildos-e-arneses","8":"yith_product_brand-satisfyer","9":"yith_product_brand-satisfyer-satisfyer-dildo","11":"first","12":"instock","13":"taxable","14":"shipping-taxable","15":"purchasable","16":"product-type-simple"},"acf":[],"yoast_head":"<!-- This site is optimized with the Yoast SEO plugin v27.4 - https:\/\/yoast.com\/product\/yoast-seo-wordpress\/ -->\n<title>SATISFYER - STAR FORCE 4 DILDO DE A\u00c7O INOXID\u00c1VEL COM DUAS EXTREMIDADES - Lovme<\/title>\n<meta name=\"robots\" content=\"index, follow, max-snippet:-1, max-image-preview:large, max-video-preview:-1\" \/>\n<link rel=\"canonical\" href=\"https:\/\/lovme.pt\/index.php\/produto\/satisfyer-star-force-4-dildo-de-aco-inoxidavel-com-duas-extremidades\/\" \/>\n<meta property=\"og:locale\" content=\"pt_PT\" \/>\n<meta property=\"og:type\" content=\"article\" \/>\n<meta property=\"og:title\" content=\"SATISFYER - STAR FORCE 4 DILDO DE A\u00c7O INOXID\u00c1VEL COM DUAS EXTREMIDADES - Lovme\" \/>\n<meta property=\"og:description\" content=\"SATISFYER - STAR FORCE 4 DILDO DE A\u00c7O INOXID\u00c1VEL COM DUAS EXTREMIDADES\" \/>\n<meta property=\"og:url\" content=\"https:\/\/lovme.pt\/index.php\/produto\/satisfyer-star-force-4-dildo-de-aco-inoxidavel-com-duas-extremidades\/\" \/>\n<meta property=\"og:site_name\" content=\"Lovme\" \/>\n<meta property=\"article:modified_time\" content=\"2026-02-19T20:07:22+00:00\" \/>\n<meta property=\"og:image\" content=\"https:\/\/erki24nd3ub.exactdn.com\/wp-content\/uploads\/dream\/img\/img_217777_1af5c5811b15f483d73972b72be77682_1.jpg?strip=all\" \/>\n\t<meta property=\"og:image:width\" content=\"900\" \/>\n\t<meta property=\"og:image:height\" content=\"900\" \/>\n\t<meta property=\"og:image:type\" content=\"image\/jpeg\" \/>\n<meta name=\"twitter:card\" content=\"summary_large_image\" \/>\n<meta name=\"twitter:label1\" content=\"Tempo estimado de leitura\" \/>\n\t<meta name=\"twitter:data1\" content=\"1 minuto\" \/>\n<script type=\"application\/ld+json\" class=\"yoast-schema-graph\">{\"@context\":\"https:\\\/\\\/schema.org\",\"@graph\":[{\"@type\":\"WebPage\",\"@id\":\"https:\\\/\\\/lovme.pt\\\/index.php\\\/produto\\\/satisfyer-star-force-4-dildo-de-aco-inoxidavel-com-duas-extremidades\\\/\",\"url\":\"https:\\\/\\\/lovme.pt\\\/index.php\\\/produto\\\/satisfyer-star-force-4-dildo-de-aco-inoxidavel-com-duas-extremidades\\\/\",\"name\":\"SATISFYER - STAR FORCE 4 DILDO DE A\u00c7O INOXID\u00c1VEL COM DUAS EXTREMIDADES - Lovme\",\"isPartOf\":{\"@id\":\"https:\\\/\\\/lovme.pt\\\/#website\"},\"primaryImageOfPage\":{\"@id\":\"https:\\\/\\\/lovme.pt\\\/index.php\\\/produto\\\/satisfyer-star-force-4-dildo-de-aco-inoxidavel-com-duas-extremidades\\\/#primaryimage\"},\"image\":{\"@id\":\"https:\\\/\\\/lovme.pt\\\/index.php\\\/produto\\\/satisfyer-star-force-4-dildo-de-aco-inoxidavel-com-duas-extremidades\\\/#primaryimage\"},\"thumbnailUrl\":\"https:\\\/\\\/erki24nd3ub.exactdn.com\\\/wp-content\\\/uploads\\\/dream\\\/img\\\/img_217777_1af5c5811b15f483d73972b72be77682_1.jpg?strip=all\",\"datePublished\":\"2025-12-03T14:24:28+00:00\",\"dateModified\":\"2026-02-19T20:07:22+00:00\",\"breadcrumb\":{\"@id\":\"https:\\\/\\\/lovme.pt\\\/index.php\\\/produto\\\/satisfyer-star-force-4-dildo-de-aco-inoxidavel-com-duas-extremidades\\\/#breadcrumb\"},\"inLanguage\":\"pt-PT\",\"potentialAction\":[{\"@type\":\"ReadAction\",\"target\":[\"https:\\\/\\\/lovme.pt\\\/index.php\\\/produto\\\/satisfyer-star-force-4-dildo-de-aco-inoxidavel-com-duas-extremidades\\\/\"]}]},{\"@type\":\"ImageObject\",\"inLanguage\":\"pt-PT\",\"@id\":\"https:\\\/\\\/lovme.pt\\\/index.php\\\/produto\\\/satisfyer-star-force-4-dildo-de-aco-inoxidavel-com-duas-extremidades\\\/#primaryimage\",\"url\":\"https:\\\/\\\/erki24nd3ub.exactdn.com\\\/wp-content\\\/uploads\\\/dream\\\/img\\\/img_217777_1af5c5811b15f483d73972b72be77682_1.jpg?strip=all\",\"contentUrl\":\"https:\\\/\\\/erki24nd3ub.exactdn.com\\\/wp-content\\\/uploads\\\/dream\\\/img\\\/img_217777_1af5c5811b15f483d73972b72be77682_1.jpg?strip=all\",\"width\":900,\"height\":900},{\"@type\":\"BreadcrumbList\",\"@id\":\"https:\\\/\\\/lovme.pt\\\/index.php\\\/produto\\\/satisfyer-star-force-4-dildo-de-aco-inoxidavel-com-duas-extremidades\\\/#breadcrumb\",\"itemListElement\":[{\"@type\":\"ListItem\",\"position\":1,\"name\":\"In\u00edcio\",\"item\":\"https:\\\/\\\/lovme.pt\\\/\"},{\"@type\":\"ListItem\",\"position\":2,\"name\":\"Loja\",\"item\":\"https:\\\/\\\/lovme.pt\\\/index.php\\\/loja\\\/\"},{\"@type\":\"ListItem\",\"position\":3,\"name\":\"SATISFYER &#8211; STAR FORCE 4 DILDO DE A\u00c7O INOXID\u00c1VEL COM DUAS EXTREMIDADES\"}]},{\"@type\":\"WebSite\",\"@id\":\"https:\\\/\\\/lovme.pt\\\/#website\",\"url\":\"https:\\\/\\\/lovme.pt\\\/\",\"name\":\"Lovme Loja Er\u00f3tica N\u00ba1 em Portugal\",\"description\":\"A melhor loja er\u00f3tica de Portugal.\",\"alternateName\":\"Loja Er\u00f3tica Lovme\",\"potentialAction\":[{\"@type\":\"SearchAction\",\"target\":{\"@type\":\"EntryPoint\",\"urlTemplate\":\"https:\\\/\\\/lovme.pt\\\/?s={search_term_string}\"},\"query-input\":{\"@type\":\"PropertyValueSpecification\",\"valueRequired\":true,\"valueName\":\"search_term_string\"}}],\"inLanguage\":\"pt-PT\"}]}<\/script>\n<!-- \/ Yoast SEO plugin. -->","yoast_head_json":{"title":"SATISFYER - STAR FORCE 4 DILDO DE A\u00c7O INOXID\u00c1VEL COM DUAS EXTREMIDADES - Lovme","robots":{"index":"index","follow":"follow","max-snippet":"max-snippet:-1","max-image-preview":"max-image-preview:large","max-video-preview":"max-video-preview:-1"},"canonical":"https:\/\/lovme.pt\/index.php\/produto\/satisfyer-star-force-4-dildo-de-aco-inoxidavel-com-duas-extremidades\/","og_locale":"pt_PT","og_type":"article","og_title":"SATISFYER - STAR FORCE 4 DILDO DE A\u00c7O INOXID\u00c1VEL COM DUAS EXTREMIDADES - Lovme","og_description":"SATISFYER - STAR FORCE 4 DILDO DE A\u00c7O INOXID\u00c1VEL COM DUAS EXTREMIDADES","og_url":"https:\/\/lovme.pt\/index.php\/produto\/satisfyer-star-force-4-dildo-de-aco-inoxidavel-com-duas-extremidades\/","og_site_name":"Lovme","article_modified_time":"2026-02-19T20:07:22+00:00","og_image":[{"width":900,"height":900,"url":"https:\/\/erki24nd3ub.exactdn.com\/wp-content\/uploads\/dream\/img\/img_217777_1af5c5811b15f483d73972b72be77682_1.jpg?strip=all","type":"image\/jpeg"}],"twitter_card":"summary_large_image","twitter_misc":{"Tempo estimado de leitura":"1 minuto"},"schema":{"@context":"https:\/\/schema.org","@graph":[{"@type":"WebPage","@id":"https:\/\/lovme.pt\/index.php\/produto\/satisfyer-star-force-4-dildo-de-aco-inoxidavel-com-duas-extremidades\/","url":"https:\/\/lovme.pt\/index.php\/produto\/satisfyer-star-force-4-dildo-de-aco-inoxidavel-com-duas-extremidades\/","name":"SATISFYER - STAR FORCE 4 DILDO DE A\u00c7O INOXID\u00c1VEL COM DUAS EXTREMIDADES - Lovme","isPartOf":{"@id":"https:\/\/lovme.pt\/#website"},"primaryImageOfPage":{"@id":"https:\/\/lovme.pt\/index.php\/produto\/satisfyer-star-force-4-dildo-de-aco-inoxidavel-com-duas-extremidades\/#primaryimage"},"image":{"@id":"https:\/\/lovme.pt\/index.php\/produto\/satisfyer-star-force-4-dildo-de-aco-inoxidavel-com-duas-extremidades\/#primaryimage"},"thumbnailUrl":"https:\/\/erki24nd3ub.exactdn.com\/wp-content\/uploads\/dream\/img\/img_217777_1af5c5811b15f483d73972b72be77682_1.jpg?strip=all","datePublished":"2025-12-03T14:24:28+00:00","dateModified":"2026-02-19T20:07:22+00:00","breadcrumb":{"@id":"https:\/\/lovme.pt\/index.php\/produto\/satisfyer-star-force-4-dildo-de-aco-inoxidavel-com-duas-extremidades\/#breadcrumb"},"inLanguage":"pt-PT","potentialAction":[{"@type":"ReadAction","target":["https:\/\/lovme.pt\/index.php\/produto\/satisfyer-star-force-4-dildo-de-aco-inoxidavel-com-duas-extremidades\/"]}]},{"@type":"ImageObject","inLanguage":"pt-PT","@id":"https:\/\/lovme.pt\/index.php\/produto\/satisfyer-star-force-4-dildo-de-aco-inoxidavel-com-duas-extremidades\/#primaryimage","url":"https:\/\/erki24nd3ub.exactdn.com\/wp-content\/uploads\/dream\/img\/img_217777_1af5c5811b15f483d73972b72be77682_1.jpg?strip=all","contentUrl":"https:\/\/erki24nd3ub.exactdn.com\/wp-content\/uploads\/dream\/img\/img_217777_1af5c5811b15f483d73972b72be77682_1.jpg?strip=all","width":900,"height":900},{"@type":"BreadcrumbList","@id":"https:\/\/lovme.pt\/index.php\/produto\/satisfyer-star-force-4-dildo-de-aco-inoxidavel-com-duas-extremidades\/#breadcrumb","itemListElement":[{"@type":"ListItem","position":1,"name":"In\u00edcio","item":"https:\/\/lovme.pt\/"},{"@type":"ListItem","position":2,"name":"Loja","item":"https:\/\/lovme.pt\/index.php\/loja\/"},{"@type":"ListItem","position":3,"name":"SATISFYER &#8211; STAR FORCE 4 DILDO DE A\u00c7O INOXID\u00c1VEL COM DUAS EXTREMIDADES"}]},{"@type":"WebSite","@id":"https:\/\/lovme.pt\/#website","url":"https:\/\/lovme.pt\/","name":"Lovme Loja Er\u00f3tica N\u00ba1 em Portugal","description":"A melhor loja er\u00f3tica de Portugal.","alternateName":"Loja Er\u00f3tica Lovme","potentialAction":[{"@type":"SearchAction","target":{"@type":"EntryPoint","urlTemplate":"https:\/\/lovme.pt\/?s={search_term_string}"},"query-input":{"@type":"PropertyValueSpecification","valueRequired":true,"valueName":"search_term_string"}}],"inLanguage":"pt-PT"}]}},"_links":{"self":[{"href":"https:\/\/lovme.pt\/index.php\/wp-json\/wp\/v2\/product\/104895","targetHints":{"allow":["GET"]}}],"collection":[{"href":"https:\/\/lovme.pt\/index.php\/wp-json\/wp\/v2\/product"}],"about":[{"href":"https:\/\/lovme.pt\/index.php\/wp-json\/wp\/v2\/types\/product"}],"wp:featuredmedia":[{"embeddable":true,"href":"https:\/\/lovme.pt\/index.php\/wp-json\/wp\/v2\/media\/104896"}],"wp:attachment":[{"href":"https:\/\/lovme.pt\/index.php\/wp-json\/wp\/v2\/media?parent=104895"}],"wp:term":[{"taxonomy":"product_brand","embeddable":true,"href":"https:\/\/lovme.pt\/index.php\/wp-json\/wp\/v2\/product_brand?post=104895"},{"taxonomy":"product_cat","embeddable":true,"href":"https:\/\/lovme.pt\/index.php\/wp-json\/wp\/v2\/product_cat?post=104895"},{"taxonomy":"product_tag","embeddable":true,"href":"https:\/\/lovme.pt\/index.php\/wp-json\/wp\/v2\/product_tag?post=104895"}],"curies":[{"name":"wp","href":"https:\/\/api.w.org\/{rel}","templated":true}]}}