{"id":104865,"date":"2025-12-03T14:24:10","date_gmt":"2025-12-03T14:24:10","guid":{"rendered":"https:\/\/lovme.pt\/?post_type=product&p=104865"},"modified":"2026-02-19T20:07:22","modified_gmt":"2026-02-19T20:07:22","slug":"satisfyer-pure-gravity-2-dildo-de-aco-inoxidavel-com-duas-extremidades","status":"publish","type":"product","link":"https:\/\/lovme.pt\/index.php\/produto\/satisfyer-pure-gravity-2-dildo-de-aco-inoxidavel-com-duas-extremidades\/","title":{"rendered":"SATISFYER &#8211; PURE GRAVITY 2 DILDO DE A\u00c7O INOXID\u00c1VEL COM DUAS EXTREMIDADES"},"content":{"rendered":"<p>Deixe-se levar pelo vasto universo do prazer com Pure Gravity 2. O corpo largo e a estrutura ondulada deste vibrador de a\u00e7o inoxid\u00e1vel permitem que voc\u00ea descubra novas gal\u00e1xias de sensualidade.<\/p>\n<ul>\n<li> Fabricado em a\u00e7o inoxid\u00e1vel robusto e de alta qualidade.<\/li>\n<li> Material resistente \u00e0 temperatura \u2014 perfeito para experimentar sensa\u00e7\u00f5es de frio e calor.<\/li>\n<li> Com formato ideal para alcan\u00e7ar o ponto G e proporcionar uma estimula\u00e7\u00e3o intensa.<\/li>\n<li> Utiliz\u00e1vel em ambas as extremidades<\/li>\n<li> F\u00e1cil de limpar<\/li>\n<li> A\u00e7o inoxid\u00e1vel maci\u00e7o<\/li>\n<li> Prazer intenso gra\u00e7as ao seu peso consider\u00e1vel.<\/li>\n<\/ul>\n<p> <strong>Um cosmos de est\u00edmulos<\/strong><\/p>\n<p> Descubra um universo inexplorado de prazer com o Pure Gravity 2. Este luxuoso vibrador de a\u00e7o inoxid\u00e1vel com ranhuras oferece uma sensa\u00e7\u00e3o nova e intensa que vai te surpreender. A textura ondulada estimula o seu ponto G, enquanto o di\u00e2metro maior proporciona uma deliciosa sensa\u00e7\u00e3o de preenchimento \u2014 perfeito para explorar zonas de prazer internas e externas.<\/p>\n<p> A caracter\u00edstica mais singular do Pure Gravity 2 \u00e9 o seu peso consider\u00e1vel, que proporciona uma estimula\u00e7\u00e3o sem esfor\u00e7o, auxiliada pela gravidade. O vibrador de a\u00e7o inoxid\u00e1vel oferece prazer com o m\u00ednimo esfor\u00e7o: cada movimento \u00e9 intensificado pelo peso, garantindo uma experi\u00eancia mais profunda e intensa. O Pure Gravity 2 adapta-se aos seus desejos, quer procure car\u00edcias suaves ou uma estimula\u00e7\u00e3o forte e r\u00edtmica.<\/p>\n<p> Sua superf\u00edcie lisa e n\u00e3o porosa \u00e9 agrad\u00e1vel \u00e0 pele e ultra-higi\u00eanica, tornando-a ideal para brincadeiras com temperatura. Resfrie-a na geladeira para uma sensa\u00e7\u00e3o estimulante ou aque\u00e7a-a em \u00e1gua quente para um prazer relaxante.<\/p>\n<p> <strong>orgasmos estelares<\/strong><\/p>\n<p> Descubra o universo do prazer em todo o seu esplendor com o Pure Gravity 2. Seu formato estimula tanto o ponto G quanto o clit\u00f3ris enquanto voc\u00ea mergulha em um cosmos de deleite e explora as infinitas possibilidades deste vibrador de a\u00e7o inoxid\u00e1vel. Desfrute de uma ampla gama de sensa\u00e7\u00f5es \u2014 e a melhor parte: \u00e9 incrivelmente f\u00e1cil de limpar. A chave para entrar em um universo de prazer!<\/p>\n","protected":false},"excerpt":{"rendered":"<p>SATISFYER &#8211; PURE GRAVITY 2 DILDO DE A\u00c7O INOXID\u00c1VEL COM DUAS EXTREMIDADES<\/p>\n","protected":false},"featured_media":104866,"template":"","meta":{"_acf_changed":false},"product_brand":[],"product_cat":[17,56],"product_tag":[],"class_list":{"0":"post-104865","1":"product","2":"type-product","3":"status-publish","4":"has-post-thumbnail","6":"product_cat-brinquedos-de-bem-estar-sexual","7":"product_cat-dildos-e-arneses","8":"yith_product_brand-satisfyer","9":"yith_product_brand-satisfyer-satisfyer-dildo","11":"first","12":"instock","13":"taxable","14":"shipping-taxable","15":"purchasable","16":"product-type-simple"},"acf":[],"yoast_head":"<!-- This site is optimized with the Yoast SEO plugin v27.4 - https:\/\/yoast.com\/product\/yoast-seo-wordpress\/ -->\n<title>SATISFYER - PURE GRAVITY 2 DILDO DE A\u00c7O INOXID\u00c1VEL COM DUAS EXTREMIDADES - Lovme<\/title>\n<meta name=\"robots\" content=\"index, follow, max-snippet:-1, max-image-preview:large, max-video-preview:-1\" \/>\n<link rel=\"canonical\" href=\"https:\/\/lovme.pt\/index.php\/produto\/satisfyer-pure-gravity-2-dildo-de-aco-inoxidavel-com-duas-extremidades\/\" \/>\n<meta property=\"og:locale\" content=\"pt_PT\" \/>\n<meta property=\"og:type\" content=\"article\" \/>\n<meta property=\"og:title\" content=\"SATISFYER - PURE GRAVITY 2 DILDO DE A\u00c7O INOXID\u00c1VEL COM DUAS EXTREMIDADES - Lovme\" \/>\n<meta property=\"og:description\" content=\"SATISFYER - PURE GRAVITY 2 DILDO DE A\u00c7O INOXID\u00c1VEL COM DUAS EXTREMIDADES\" \/>\n<meta property=\"og:url\" content=\"https:\/\/lovme.pt\/index.php\/produto\/satisfyer-pure-gravity-2-dildo-de-aco-inoxidavel-com-duas-extremidades\/\" \/>\n<meta property=\"og:site_name\" content=\"Lovme\" \/>\n<meta property=\"article:modified_time\" content=\"2026-02-19T20:07:22+00:00\" \/>\n<meta property=\"og:image\" content=\"https:\/\/erki24nd3ub.exactdn.com\/wp-content\/uploads\/dream\/img\/img_217754_4f065afc685591748ceeb91e2cb917b8_1.jpg?strip=all\" \/>\n\t<meta property=\"og:image:width\" content=\"900\" \/>\n\t<meta property=\"og:image:height\" content=\"900\" \/>\n\t<meta property=\"og:image:type\" content=\"image\/jpeg\" \/>\n<meta name=\"twitter:card\" content=\"summary_large_image\" \/>\n<meta name=\"twitter:label1\" content=\"Tempo estimado de leitura\" \/>\n\t<meta name=\"twitter:data1\" content=\"2 minutos\" \/>\n<script type=\"application\/ld+json\" class=\"yoast-schema-graph\">{\"@context\":\"https:\\\/\\\/schema.org\",\"@graph\":[{\"@type\":\"WebPage\",\"@id\":\"https:\\\/\\\/lovme.pt\\\/index.php\\\/produto\\\/satisfyer-pure-gravity-2-dildo-de-aco-inoxidavel-com-duas-extremidades\\\/\",\"url\":\"https:\\\/\\\/lovme.pt\\\/index.php\\\/produto\\\/satisfyer-pure-gravity-2-dildo-de-aco-inoxidavel-com-duas-extremidades\\\/\",\"name\":\"SATISFYER - PURE GRAVITY 2 DILDO DE A\u00c7O INOXID\u00c1VEL COM DUAS EXTREMIDADES - Lovme\",\"isPartOf\":{\"@id\":\"https:\\\/\\\/lovme.pt\\\/#website\"},\"primaryImageOfPage\":{\"@id\":\"https:\\\/\\\/lovme.pt\\\/index.php\\\/produto\\\/satisfyer-pure-gravity-2-dildo-de-aco-inoxidavel-com-duas-extremidades\\\/#primaryimage\"},\"image\":{\"@id\":\"https:\\\/\\\/lovme.pt\\\/index.php\\\/produto\\\/satisfyer-pure-gravity-2-dildo-de-aco-inoxidavel-com-duas-extremidades\\\/#primaryimage\"},\"thumbnailUrl\":\"https:\\\/\\\/erki24nd3ub.exactdn.com\\\/wp-content\\\/uploads\\\/dream\\\/img\\\/img_217754_4f065afc685591748ceeb91e2cb917b8_1.jpg?strip=all\",\"datePublished\":\"2025-12-03T14:24:10+00:00\",\"dateModified\":\"2026-02-19T20:07:22+00:00\",\"breadcrumb\":{\"@id\":\"https:\\\/\\\/lovme.pt\\\/index.php\\\/produto\\\/satisfyer-pure-gravity-2-dildo-de-aco-inoxidavel-com-duas-extremidades\\\/#breadcrumb\"},\"inLanguage\":\"pt-PT\",\"potentialAction\":[{\"@type\":\"ReadAction\",\"target\":[\"https:\\\/\\\/lovme.pt\\\/index.php\\\/produto\\\/satisfyer-pure-gravity-2-dildo-de-aco-inoxidavel-com-duas-extremidades\\\/\"]}]},{\"@type\":\"ImageObject\",\"inLanguage\":\"pt-PT\",\"@id\":\"https:\\\/\\\/lovme.pt\\\/index.php\\\/produto\\\/satisfyer-pure-gravity-2-dildo-de-aco-inoxidavel-com-duas-extremidades\\\/#primaryimage\",\"url\":\"https:\\\/\\\/erki24nd3ub.exactdn.com\\\/wp-content\\\/uploads\\\/dream\\\/img\\\/img_217754_4f065afc685591748ceeb91e2cb917b8_1.jpg?strip=all\",\"contentUrl\":\"https:\\\/\\\/erki24nd3ub.exactdn.com\\\/wp-content\\\/uploads\\\/dream\\\/img\\\/img_217754_4f065afc685591748ceeb91e2cb917b8_1.jpg?strip=all\",\"width\":900,\"height\":900},{\"@type\":\"BreadcrumbList\",\"@id\":\"https:\\\/\\\/lovme.pt\\\/index.php\\\/produto\\\/satisfyer-pure-gravity-2-dildo-de-aco-inoxidavel-com-duas-extremidades\\\/#breadcrumb\",\"itemListElement\":[{\"@type\":\"ListItem\",\"position\":1,\"name\":\"In\u00edcio\",\"item\":\"https:\\\/\\\/lovme.pt\\\/\"},{\"@type\":\"ListItem\",\"position\":2,\"name\":\"Loja\",\"item\":\"https:\\\/\\\/lovme.pt\\\/index.php\\\/loja\\\/\"},{\"@type\":\"ListItem\",\"position\":3,\"name\":\"SATISFYER &#8211; PURE GRAVITY 2 DILDO DE A\u00c7O INOXID\u00c1VEL COM DUAS EXTREMIDADES\"}]},{\"@type\":\"WebSite\",\"@id\":\"https:\\\/\\\/lovme.pt\\\/#website\",\"url\":\"https:\\\/\\\/lovme.pt\\\/\",\"name\":\"Lovme Loja Er\u00f3tica N\u00ba1 em Portugal\",\"description\":\"A melhor loja er\u00f3tica de Portugal.\",\"alternateName\":\"Loja Er\u00f3tica Lovme\",\"potentialAction\":[{\"@type\":\"SearchAction\",\"target\":{\"@type\":\"EntryPoint\",\"urlTemplate\":\"https:\\\/\\\/lovme.pt\\\/?s={search_term_string}\"},\"query-input\":{\"@type\":\"PropertyValueSpecification\",\"valueRequired\":true,\"valueName\":\"search_term_string\"}}],\"inLanguage\":\"pt-PT\"}]}<\/script>\n<!-- \/ Yoast SEO plugin. -->","yoast_head_json":{"title":"SATISFYER - PURE GRAVITY 2 DILDO DE A\u00c7O INOXID\u00c1VEL COM DUAS EXTREMIDADES - Lovme","robots":{"index":"index","follow":"follow","max-snippet":"max-snippet:-1","max-image-preview":"max-image-preview:large","max-video-preview":"max-video-preview:-1"},"canonical":"https:\/\/lovme.pt\/index.php\/produto\/satisfyer-pure-gravity-2-dildo-de-aco-inoxidavel-com-duas-extremidades\/","og_locale":"pt_PT","og_type":"article","og_title":"SATISFYER - PURE GRAVITY 2 DILDO DE A\u00c7O INOXID\u00c1VEL COM DUAS EXTREMIDADES - Lovme","og_description":"SATISFYER - PURE GRAVITY 2 DILDO DE A\u00c7O INOXID\u00c1VEL COM DUAS EXTREMIDADES","og_url":"https:\/\/lovme.pt\/index.php\/produto\/satisfyer-pure-gravity-2-dildo-de-aco-inoxidavel-com-duas-extremidades\/","og_site_name":"Lovme","article_modified_time":"2026-02-19T20:07:22+00:00","og_image":[{"width":900,"height":900,"url":"https:\/\/erki24nd3ub.exactdn.com\/wp-content\/uploads\/dream\/img\/img_217754_4f065afc685591748ceeb91e2cb917b8_1.jpg?strip=all","type":"image\/jpeg"}],"twitter_card":"summary_large_image","twitter_misc":{"Tempo estimado de leitura":"2 minutos"},"schema":{"@context":"https:\/\/schema.org","@graph":[{"@type":"WebPage","@id":"https:\/\/lovme.pt\/index.php\/produto\/satisfyer-pure-gravity-2-dildo-de-aco-inoxidavel-com-duas-extremidades\/","url":"https:\/\/lovme.pt\/index.php\/produto\/satisfyer-pure-gravity-2-dildo-de-aco-inoxidavel-com-duas-extremidades\/","name":"SATISFYER - PURE GRAVITY 2 DILDO DE A\u00c7O INOXID\u00c1VEL COM DUAS EXTREMIDADES - Lovme","isPartOf":{"@id":"https:\/\/lovme.pt\/#website"},"primaryImageOfPage":{"@id":"https:\/\/lovme.pt\/index.php\/produto\/satisfyer-pure-gravity-2-dildo-de-aco-inoxidavel-com-duas-extremidades\/#primaryimage"},"image":{"@id":"https:\/\/lovme.pt\/index.php\/produto\/satisfyer-pure-gravity-2-dildo-de-aco-inoxidavel-com-duas-extremidades\/#primaryimage"},"thumbnailUrl":"https:\/\/erki24nd3ub.exactdn.com\/wp-content\/uploads\/dream\/img\/img_217754_4f065afc685591748ceeb91e2cb917b8_1.jpg?strip=all","datePublished":"2025-12-03T14:24:10+00:00","dateModified":"2026-02-19T20:07:22+00:00","breadcrumb":{"@id":"https:\/\/lovme.pt\/index.php\/produto\/satisfyer-pure-gravity-2-dildo-de-aco-inoxidavel-com-duas-extremidades\/#breadcrumb"},"inLanguage":"pt-PT","potentialAction":[{"@type":"ReadAction","target":["https:\/\/lovme.pt\/index.php\/produto\/satisfyer-pure-gravity-2-dildo-de-aco-inoxidavel-com-duas-extremidades\/"]}]},{"@type":"ImageObject","inLanguage":"pt-PT","@id":"https:\/\/lovme.pt\/index.php\/produto\/satisfyer-pure-gravity-2-dildo-de-aco-inoxidavel-com-duas-extremidades\/#primaryimage","url":"https:\/\/erki24nd3ub.exactdn.com\/wp-content\/uploads\/dream\/img\/img_217754_4f065afc685591748ceeb91e2cb917b8_1.jpg?strip=all","contentUrl":"https:\/\/erki24nd3ub.exactdn.com\/wp-content\/uploads\/dream\/img\/img_217754_4f065afc685591748ceeb91e2cb917b8_1.jpg?strip=all","width":900,"height":900},{"@type":"BreadcrumbList","@id":"https:\/\/lovme.pt\/index.php\/produto\/satisfyer-pure-gravity-2-dildo-de-aco-inoxidavel-com-duas-extremidades\/#breadcrumb","itemListElement":[{"@type":"ListItem","position":1,"name":"In\u00edcio","item":"https:\/\/lovme.pt\/"},{"@type":"ListItem","position":2,"name":"Loja","item":"https:\/\/lovme.pt\/index.php\/loja\/"},{"@type":"ListItem","position":3,"name":"SATISFYER &#8211; PURE GRAVITY 2 DILDO DE A\u00c7O INOXID\u00c1VEL COM DUAS EXTREMIDADES"}]},{"@type":"WebSite","@id":"https:\/\/lovme.pt\/#website","url":"https:\/\/lovme.pt\/","name":"Lovme Loja Er\u00f3tica N\u00ba1 em Portugal","description":"A melhor loja er\u00f3tica de Portugal.","alternateName":"Loja Er\u00f3tica Lovme","potentialAction":[{"@type":"SearchAction","target":{"@type":"EntryPoint","urlTemplate":"https:\/\/lovme.pt\/?s={search_term_string}"},"query-input":{"@type":"PropertyValueSpecification","valueRequired":true,"valueName":"search_term_string"}}],"inLanguage":"pt-PT"}]}},"_links":{"self":[{"href":"https:\/\/lovme.pt\/index.php\/wp-json\/wp\/v2\/product\/104865","targetHints":{"allow":["GET"]}}],"collection":[{"href":"https:\/\/lovme.pt\/index.php\/wp-json\/wp\/v2\/product"}],"about":[{"href":"https:\/\/lovme.pt\/index.php\/wp-json\/wp\/v2\/types\/product"}],"wp:featuredmedia":[{"embeddable":true,"href":"https:\/\/lovme.pt\/index.php\/wp-json\/wp\/v2\/media\/104866"}],"wp:attachment":[{"href":"https:\/\/lovme.pt\/index.php\/wp-json\/wp\/v2\/media?parent=104865"}],"wp:term":[{"taxonomy":"product_brand","embeddable":true,"href":"https:\/\/lovme.pt\/index.php\/wp-json\/wp\/v2\/product_brand?post=104865"},{"taxonomy":"product_cat","embeddable":true,"href":"https:\/\/lovme.pt\/index.php\/wp-json\/wp\/v2\/product_cat?post=104865"},{"taxonomy":"product_tag","embeddable":true,"href":"https:\/\/lovme.pt\/index.php\/wp-json\/wp\/v2\/product_tag?post=104865"}],"curies":[{"name":"wp","href":"https:\/\/api.w.org\/{rel}","templated":true}]}}